{"id":1457,"date":"2025-07-21T08:29:07","date_gmt":"2025-07-21T08:29:07","guid":{"rendered":"https:\/\/customacrylicproduct.com\/?post_type=product&#038;p=1457"},"modified":"2025-07-21T08:29:07","modified_gmt":"2025-07-21T08:29:07","slug":"custom-acrylic-display-stand-acrylic-u-shape-display-stand","status":"publish","type":"product","link":"https:\/\/customacrylicproduct.com\/fr\/custom-acrylic-display-stand-acrylic-u-shape-display-stand\/","title":{"rendered":"Pr\u00e9sentoir en acrylique personnalis\u00e9 Pr\u00e9sentoir en acrylique en forme de U"},"content":{"rendered":"<h3 id=\"-raise-your-show-the-ultimate-customized-u-shaped-polymer-riser-stand-\"><strong>\u00c9levez votre spectacle : Le stand sur\u00e9lev\u00e9 en polym\u00e8re en forme de U personnalis\u00e9 ultime<\/strong><\/h3>\n<p>Dans un monde rempli d'objets, la mani\u00e8re dont vous pr\u00e9sentez vos objets est tout aussi importante que les objets eux-m\u00eames. Une \u00e9tag\u00e8re en d\u00e9sordre, un comptoir de cuisine en d\u00e9sordre ou un \u00e9cran d'affichage terne peuvent faire passer \u00e0 la trappe vos objets les plus pr\u00e9cieux ou les plus populaires. Il est temps de passer d'une discussion banale \u00e0 une discussion spectaculaire. Voici le pr\u00e9sentoir personnalis\u00e9 en polym\u00e8re en forme de U - un outil flexible, sophistiqu\u00e9 et puissant con\u00e7u pour faire ressortir vos objets, attirer l'attention et raconter leur propre histoire.<\/p>\n<p>Il ne s'agit pas seulement d'un support, mais d'une phase. Fabriqu\u00e9s en acrylique cristallin de premi\u00e8re qualit\u00e9, ces supports offrent un r\u00e9sultat innovant de \u201cd\u00e9rive\u201d, d\u00e9veloppant une esth\u00e9tique propre et moderne qui met en valeur plut\u00f4t que de distraire. Que vous soyez un collectionneur critique, un visionnaire de la vente au d\u00e9tail ou simplement une personne qui attache de l'importance \u00e0 une pi\u00e8ce arrang\u00e9e et attrayante, cette collection de supports d'\u00e9cran est la solution flexible que vous recherchiez.<\/p>\n<p><img fetchpriority=\"high\" decoding=\"async\" class=\"size-full wp-image-1458\" src=\"https:\/\/customacrylicproduct.com\/wp-content\/uploads\/2025\/07\/Custom-Acrylic-Display-1-1.jpg\" alt=\"Pr\u00e9sentoir en acrylique personnalis\u00e9 (1)\" width=\"750\" height=\"750\" srcset=\"https:\/\/customacrylicproduct.com\/wp-content\/uploads\/2025\/07\/Custom-Acrylic-Display-1-1.jpg 750w, https:\/\/customacrylicproduct.com\/wp-content\/uploads\/2025\/07\/Custom-Acrylic-Display-1-1-300x300.jpg 300w, https:\/\/customacrylicproduct.com\/wp-content\/uploads\/2025\/07\/Custom-Acrylic-Display-1-1-150x150.jpg 150w, https:\/\/customacrylicproduct.com\/wp-content\/uploads\/2025\/07\/Custom-Acrylic-Display-1-1-600x600.jpg 600w, https:\/\/customacrylicproduct.com\/wp-content\/uploads\/2025\/07\/Custom-Acrylic-Display-1-1-100x100.jpg 100w\" sizes=\"(max-width: 750px) 100vw, 750px\" \/><\/p>\n<h4 id=\"-unparalleled-clearness-and-superior-top-quality-\"><strong>Une clart\u00e9 in\u00e9gal\u00e9e et une qualit\u00e9 sup\u00e9rieure<\/strong><\/h4>\n<p>Nos pr\u00e9sentoirs en forme de U sont fabriqu\u00e9s en acrylique haute densit\u00e9 de qualit\u00e9 A, un mat\u00e9riau r\u00e9put\u00e9 pour ses constructions ph\u00e9nom\u00e9nales. Contrairement au verre, l'acrylique est l\u00e9ger et r\u00e9sistant aux chocs, ce qui en fait un choix plus s\u00fbr et beaucoup plus fonctionnel pour les environnements industriels et domestiques. Sa caract\u00e9ristique la plus int\u00e9ressante, cependant, est sa clart\u00e9 optique. Avec un taux de transmission de la lumi\u00e8re sup\u00e9rieur \u00e0 celui du verre, nos supports en acrylique garantissent que vos objets sont observ\u00e9s sans aucune teinte ni distorsion. L'accent reste enti\u00e8rement mis sur votre article, mis en valeur dans ses nuances les plus vraies et ses informations les plus fines.<\/p>\n<p>Chaque stand est m\u00e9ticuleusement fabriqu\u00e9 \u00e0 partir d'une seule feuille d'acrylique. Gr\u00e2ce \u00e0 une innovation avanc\u00e9e en mati\u00e8re de cintrage \u00e0 chaud, nous cr\u00e9ons une courbe en \u201ccascade\u201d sans faille, ce qui donne la fameuse forme en \"U\". Cette construction en une seule pi\u00e8ce \u00e9limine le besoin de colle ind\u00e9sirable ou de joints fragiles, ce qui garantit une robustesse et une r\u00e9silience de premier ordre. Les c\u00f4t\u00e9s sont d\u00e9coup\u00e9s au laser et polis au diamant pour obtenir une finition lisse et lumineuse, refl\u00e9tant magnifiquement la lumi\u00e8re et apportant une touche de luxe \u00e0 l'ensemble de la pr\u00e9sentation.<\/p>\n<p><img decoding=\"async\" class=\"size-full wp-image-1459\" src=\"https:\/\/customacrylicproduct.com\/wp-content\/uploads\/2025\/07\/Custom-Acrylic-Display-2-1.jpg\" alt=\"Pr\u00e9sentoir en acrylique personnalis\u00e9 (2)\" width=\"750\" height=\"750\" srcset=\"https:\/\/customacrylicproduct.com\/wp-content\/uploads\/2025\/07\/Custom-Acrylic-Display-2-1.jpg 750w, https:\/\/customacrylicproduct.com\/wp-content\/uploads\/2025\/07\/Custom-Acrylic-Display-2-1-300x300.jpg 300w, https:\/\/customacrylicproduct.com\/wp-content\/uploads\/2025\/07\/Custom-Acrylic-Display-2-1-150x150.jpg 150w, https:\/\/customacrylicproduct.com\/wp-content\/uploads\/2025\/07\/Custom-Acrylic-Display-2-1-600x600.jpg 600w, https:\/\/customacrylicproduct.com\/wp-content\/uploads\/2025\/07\/Custom-Acrylic-Display-2-1-100x100.jpg 100w\" sizes=\"(max-width: 750px) 100vw, 750px\" \/><\/p>\n<h4 id=\"-a-world-of-versatility-from-retail-to-collectibles-\"><strong>Un monde de polyvalence : De la vente au d\u00e9tail aux objets de collection<\/strong><\/h4>\n<p>Le g\u00e9nie de ces colonnes montantes en acrylique r\u00e9side dans leur incroyable polyvalence. Souvent disponibles sous forme de trine embo\u00eet\u00e9e ou de dimensions plus vari\u00e9es (petite, moyenne et grande), ils peuvent \u00eatre mis en place pour d\u00e9velopper une hi\u00e9rarchie dynamique et esth\u00e9tique \u00e0 plusieurs niveaux. Cet effet d'\u00e9tagement attire le regard sur l'ensemble du pr\u00e9sentoir, garantissant \u00e0 chaque article son moment de pr\u00e9dilection.<\/p>\n<p><strong>Pour l'environnement de la vente au d\u00e9tail :\u00a0<\/strong>.<\/p>\n<ul>\n<li><strong>Boutiques et magasins de chaussures :\u00a0<\/strong>Comme le montrent nos images, ces supports conviennent parfaitement aux chaussures haut de gamme. Pr\u00e9sentez une paire d'escarpins nus de grande classe avec leurs talons \u00e0 fond rouge frappant ou une paire classique de chaussures de ville en cuir naturel noir. Les diff\u00e9rentes hauteurs vous permettent d'inclure une pi\u00e8ce ma\u00eetresse ou d'organiser une collection avec un rythme esth\u00e9tique sophistiqu\u00e9.<\/li>\n<li><strong>Compteurs de bijoux pr\u00e9cieux et d'accessoires :\u00a0<\/strong>Imaginez des colliers fragiles suspendus \u00e0 la surface raffin\u00e9e, des vues qui captent la lumi\u00e8re ou des sacs \u00e0 main de d\u00e9veloppeur pr\u00e9sent\u00e9s comme des chefs-d'\u0153uvre. La clart\u00e9 du support fait scintiller les tr\u00e9sors et briller les m\u00e9taux.<\/li>\n<li><strong>Cosm\u00e9tique et \u00e9l\u00e9gance :\u00a0<\/strong>Organisez les parfums, les contenants de soins de la peau et les palettes de maquillage en un \u00e9cran impeccable et accueillant, synonyme de qualit\u00e9 et d'hygi\u00e8ne.<\/li>\n<li><strong>Boulangeries et caf\u00e9s :\u00a0<\/strong>Cr\u00e9ez un pr\u00e9sentoir app\u00e9tissant pour les cupcakes, les macarons et les p\u00e2tisseries artisanales. Le produit en acrylique alimentaire est hygi\u00e9nique et facile \u00e0 nettoyer.<\/li>\n<li><strong>Exposition et salons :\u00a0<\/strong>Dans un environnement concurrentiel, d\u00e9marquez-vous de la foule. Ces stands l\u00e9gers et mobiles sont faciles \u00e0 livrer et \u00e0 installer, et donnent rapidement \u00e0 votre stand une allure \u00e9l\u00e9gante et experte.<\/li>\n<\/ul>\n<p><img decoding=\"async\" class=\"size-full wp-image-1460\" src=\"https:\/\/customacrylicproduct.com\/wp-content\/uploads\/2025\/07\/Custom-Acrylic-Display-3-1.jpg\" alt=\"Pr\u00e9sentoir en acrylique personnalis\u00e9 (3)\" width=\"750\" height=\"750\" srcset=\"https:\/\/customacrylicproduct.com\/wp-content\/uploads\/2025\/07\/Custom-Acrylic-Display-3-1.jpg 750w, https:\/\/customacrylicproduct.com\/wp-content\/uploads\/2025\/07\/Custom-Acrylic-Display-3-1-300x300.jpg 300w, https:\/\/customacrylicproduct.com\/wp-content\/uploads\/2025\/07\/Custom-Acrylic-Display-3-1-150x150.jpg 150w, https:\/\/customacrylicproduct.com\/wp-content\/uploads\/2025\/07\/Custom-Acrylic-Display-3-1-600x600.jpg 600w, https:\/\/customacrylicproduct.com\/wp-content\/uploads\/2025\/07\/Custom-Acrylic-Display-3-1-100x100.jpg 100w\" sizes=\"(max-width: 750px) 100vw, 750px\" \/><\/p>\n<p><strong>Pour le collectionneur enthousiaste et l'organisateur de la maison :<\/strong><\/p>\n<ul>\n<li><strong>Le d\u00e9sir d'un passionn\u00e9 Phase :\u00a0<\/strong>Ces supports sont absolument indispensables pour les agences de collection. Cr\u00e9ez une sc\u00e8ne impressionnante avec vos figurines pr\u00e9f\u00e9r\u00e9es, comme celles des personnages du monde merveilleux tels que Spider-Man, Iron Male, le Hunk et Thor. Pr\u00e9sentez votre ch\u00e8re collection de Funko Pops, comme les charmants num\u00e9ros de Groot, ou des personnages d'anime bien-aim\u00e9s comme Doraemon. Les niveaux vous permettent de donner \u00e0 chaque num\u00e9ro, de la premi\u00e8re \u00e0 la derni\u00e8re rang\u00e9e, une pr\u00e9sence claire, transformant une simple \u00e9tag\u00e8re en un diorama de qualit\u00e9 mus\u00e9ale.<\/li>\n<li><strong>Style de maison \u00e9l\u00e9gant :\u00a0<\/strong>Utilisez-les pour ranger des antiquit\u00e9s. Placez-les sur une \u00e9tag\u00e8re pour sur\u00e9lever de petites sculptures ou des plantes succulentes en pot. Am\u00e9nagez votre coiffeuse en cr\u00e9ant des niveaux pour les parfums et les cr\u00e8mes. Dans la cuisine, ils peuvent servir de porte-\u00e9pices \u00e9l\u00e9gant.<\/li>\n<\/ul>\n<h4 id=\"-the-power-of-personalization-created-you-\"><strong>Le pouvoir de la personnalisation : Vous avez cr\u00e9\u00e9<\/strong><\/h4>\n<p>Bien que nos collections typiques soient cr\u00e9\u00e9es pour une allure g\u00e9n\u00e9rale, nous comprenons qu'une dimension individuelle ne convient pas \u00e0 tout le monde. C'est pourquoi nous sommes heureux de proposer\u00a0<strong>Pr\u00e9sentoirs en acrylique personnalis\u00e9s\u00a0<\/strong>. C'est l\u00e0 que votre vision sp\u00e9cifique prend vie.<\/p>\n<ul>\n<li><strong>Dimensions personnalis\u00e9es :\u00a0<\/strong>Vous avez une figurine anormalement haute ou un objet de grande taille ? Nous pouvons fabriquer des supports en fonction de vos exigences pr\u00e9cises en mati\u00e8re de hauteur, de largeur et de profondeur, afin de garantir un ajustement optimal \u00e0 chaque fois.<\/li>\n<li><strong>Couleur et finition :\u00a0<\/strong>Bien que le cristal soit une norme intemporelle, votre marque ou votre style peut exiger quelque chose de diff\u00e9rent. Comme le montre l'une de nos photos de style de vie, ces supports sont magnifiques dans une version solide.\u00a0<strong>acrylique noir\u00a0<\/strong>, Nous pouvons \u00e9galement les produire en blanc, en congel\u00e9 ou dans toute une s\u00e9rie d'autres couleurs pour qu'ils correspondent parfaitement \u00e0 votre image de marque. Nous pouvons \u00e9galement les produire en blanc, en gel ou dans toute une s\u00e9rie d'autres couleurs pour qu'ils correspondent parfaitement \u00e0 votre image de marque.<\/li>\n<li><strong>Marque et personnalisation :\u00a0<\/strong>Pour les entreprises, cela change la donne. Nous pouvons graver ou publier le logo de votre entreprise, votre nom de marque ou un message unique directement sur le stand. Cela transforme un simple \u00e9cran d'affichage en une propri\u00e9t\u00e9 de marque efficace.<\/li>\n<\/ul>\n<h4 id=\"-the-perfect-thoughtful-present-\"><strong>Le cadeau parfait et r\u00e9fl\u00e9chi<\/strong><\/h4>\n<p>Vous cherchez un cadeau sp\u00e9cial et pratique ? Le pr\u00e9sentoir en acrylique personnalis\u00e9 est un choix incroyablement attentionn\u00e9 pour une s\u00e9lection de personnes dans votre vie :.<\/p>\n<ul>\n<li><strong>Pour l'agence de recouvrement :\u00a0<\/strong>Offrez-leur un magnifique \u00e9cran pour l'activit\u00e9 de loisir qu'ils aiment. C'est un cadeau qui montre que vous tenez compte de leurs centres d'int\u00e9r\u00eat.<\/li>\n<li><strong>Pour le propri\u00e9taire d'une entreprise locale :\u00a0<\/strong>Aidez un proche \u00e0 dynamiser sa petite entreprise ou sa boutique Etsy gr\u00e2ce \u00e0 une option de pr\u00e9sentation experte.<\/li>\n<li><strong>Pour les amateurs de mode :\u00a0<\/strong>Un moyen \u00e9l\u00e9gant et tendance pour eux d'organiser et d'exposer leurs chaussures pr\u00e9f\u00e9r\u00e9es, leurs sacs \u00e0 main ou leurs bijoux pr\u00e9cieux.<\/li>\n<li><strong>Pour les couples ou les nouveaux propri\u00e9taires :\u00a0<\/strong>Un cadeau contemporain et utile qui les aide \u00e0 organiser et \u00e0 embellir leur nouvel espace avec style.<\/li>\n<\/ul>\n<p>Achetez une pr\u00e9sentation qui justifie vos articles et vos enthousiasmes. D\u00e9passez le niveau et la n\u00e9gligence. Avec le pr\u00e9sentoir en polym\u00e8re en forme de U personnalis\u00e9, vous pouvez d\u00e9velopper la profondeur, inclure l'\u00e9l\u00e9gance et transformer n'importe quelle surface en une exposition soign\u00e9e. Commandez le v\u00f4tre d\u00e8s aujourd'hui et d\u00e9couvrez l'art de l'\u00e9cran d'affichage.<\/p>","protected":false},"excerpt":{"rendered":"<p class=\"ng-star-inserted\"><span class=\"ng-star-inserted\">Sur\u00e9levez vos articles avec nos pr\u00e9sentoirs acryliques en forme de U. Cet ensemble d'\u00e9l\u00e9vateurs transparents est parfait pour cr\u00e9er de superbes pr\u00e9sentations \u00e0 plusieurs niveaux pour les chaussures, les objets de collection ou les produits de vente au d\u00e9tail. Durables, \u00e9l\u00e9gants et polyvalents, ils r\u00e9pondent \u00e0 tous les besoins de pr\u00e9sentation.<\/span><\/p>","protected":false},"featured_media":1458,"template":"","meta":{"_kad_post_transparent":"default","_kad_post_title":"","_kad_post_layout":"default","_kad_post_sidebar_id":"","_kad_post_content_style":"default","_kad_post_vertical_padding":"default","_kad_post_feature":"","_kad_post_feature_position":"","_kad_post_header":false,"_kad_post_footer":false,"_kad_post_classname":""},"product_brand":[],"product_cat":[15],"product_tag":[33],"class_list":{"0":"post-1457","1":"product","2":"type-product","3":"status-publish","4":"has-post-thumbnail","6":"product_cat-custom-acrylic-displays","7":"product_tag-custom-acrylic-display","9":"first","10":"instock","11":"shipping-taxable","12":"product-type-simple","13":"entry","14":"content-bg","15":"loop-entry"},"_links":{"self":[{"href":"https:\/\/customacrylicproduct.com\/fr\/wp-json\/wp\/v2\/product\/1457","targetHints":{"allow":["GET"]}}],"collection":[{"href":"https:\/\/customacrylicproduct.com\/fr\/wp-json\/wp\/v2\/product"}],"about":[{"href":"https:\/\/customacrylicproduct.com\/fr\/wp-json\/wp\/v2\/types\/product"}],"wp:featuredmedia":[{"embeddable":true,"href":"https:\/\/customacrylicproduct.com\/fr\/wp-json\/wp\/v2\/media\/1458"}],"wp:attachment":[{"href":"https:\/\/customacrylicproduct.com\/fr\/wp-json\/wp\/v2\/media?parent=1457"}],"wp:term":[{"taxonomy":"product_brand","embeddable":true,"href":"https:\/\/customacrylicproduct.com\/fr\/wp-json\/wp\/v2\/product_brand?post=1457"},{"taxonomy":"product_cat","embeddable":true,"href":"https:\/\/customacrylicproduct.com\/fr\/wp-json\/wp\/v2\/product_cat?post=1457"},{"taxonomy":"product_tag","embeddable":true,"href":"https:\/\/customacrylicproduct.com\/fr\/wp-json\/wp\/v2\/product_tag?post=1457"}],"curies":[{"name":"wp","href":"https:\/\/api.w.org\/{rel}","templated":true}]}}