{"id":1462,"date":"2025-07-21T08:41:38","date_gmt":"2025-07-21T08:41:38","guid":{"rendered":"https:\/\/customacrylicproduct.com\/?post_type=product&#038;p=1462"},"modified":"2025-07-21T08:41:38","modified_gmt":"2025-07-21T08:41:38","slug":"wholesale-custom-custom-acrylic-fashion-label-for-brand-logo","status":"publish","type":"product","link":"https:\/\/customacrylicproduct.com\/fr\/wholesale-custom-custom-acrylic-fashion-label-for-brand-logo\/","title":{"rendered":"\u00c9tiquette de mode en acrylique pour logo de marque en gros et sur mesure"},"content":{"rendered":"<h3 id=\"-elevate-your-brand-an-intro-to-costs-personalized-style-labels-\"><strong>Am\u00e9liorez votre marque : Une introduction aux \u00e9tiquettes de style personnalis\u00e9es Costs<\/strong><\/h3>\n<p>Dans un monde rempli de marques, la mission de diff\u00e9renciation est essentielle. Chaque d\u00e9tail est important, chaque point de contact est une opportunit\u00e9, et chaque \u00e9l\u00e9ment de votre produit doit faire le lien avec votre histoire de qualit\u00e9 sup\u00e9rieure, de traitement et d'identit\u00e9. La derni\u00e8re signature tactile de votre d\u00e9veloppement est souvent l'une des plus durables. Nous vous pr\u00e9sentons notre gamme d'\u00e9tiquettes de mode personnalis\u00e9es en gros en polym\u00e8re et en acier - la touche finale qui transforme vos produits de simples articles en pi\u00e8ces pr\u00e9cieuses de l'h\u00e9ritage de votre marque.<\/p>\n<p>Il ne s'agit pas de simples \u00e9tiquettes, mais de petits embl\u00e8mes de qualit\u00e9, fabriqu\u00e9s avec soin pour supporter le poids et la stature de votre logo. Con\u00e7ues pour les designers critiques, les artisans designers, les gestionnaires de cadeaux d'affaires et les marques d\u00e9velopp\u00e9es, nos \u00e9tiquettes sur mesure sont le pont entre votre vision et la perception d'une qualit\u00e9 in\u00e9gal\u00e9e par votre consommateur.<\/p>\n<p><img fetchpriority=\"high\" decoding=\"async\" class=\"size-full wp-image-1466\" src=\"https:\/\/customacrylicproduct.com\/wp-content\/uploads\/2025\/07\/Acrylic-Fashion-Label-4.jpg\" alt=\"\u00c9tiquette de mode en acrylique (4)\" width=\"800\" height=\"800\" srcset=\"https:\/\/customacrylicproduct.com\/wp-content\/uploads\/2025\/07\/Acrylic-Fashion-Label-4.jpg 800w, https:\/\/customacrylicproduct.com\/wp-content\/uploads\/2025\/07\/Acrylic-Fashion-Label-4-300x300.jpg 300w, https:\/\/customacrylicproduct.com\/wp-content\/uploads\/2025\/07\/Acrylic-Fashion-Label-4-150x150.jpg 150w, https:\/\/customacrylicproduct.com\/wp-content\/uploads\/2025\/07\/Acrylic-Fashion-Label-4-768x768.jpg 768w, https:\/\/customacrylicproduct.com\/wp-content\/uploads\/2025\/07\/Acrylic-Fashion-Label-4-600x600.jpg 600w, https:\/\/customacrylicproduct.com\/wp-content\/uploads\/2025\/07\/Acrylic-Fashion-Label-4-100x100.jpg 100w\" sizes=\"(max-width: 800px) 100vw, 800px\" \/><\/p>\n<h4 id=\"-the-unspoken-power-of-a-premium-tag-\"><strong>Le pouvoir tacite d'une \u00e9tiquette de prime<\/strong><\/h4>\n<p>Avant qu'un client ne d\u00e9couvre la qualit\u00e9 sup\u00e9rieure de votre v\u00eatement, de votre sac ou de votre accessoire, il voit et sent l'\u00e9tiquette. Cette premi\u00e8re interaction donne le ton \u00e0 toute l'exp\u00e9rience de la marque. Une \u00e9tiquette l\u00e9g\u00e8re et publi\u00e9e peut inconsciemment d\u00e9valoriser l'article, alors qu'une \u00e9tiquette solide, \u00e9l\u00e9gamment inscrite en m\u00e9tal ou en acrylique brillant associe rapidement le luxe, la robustesse et l'attention pr\u00e9cise port\u00e9e \u00e0 l'information.<\/p>\n<p>Nos \u00e9tiquettes constituent un lien substantiel avec votre marque. Le toucher impressionnant et doux du m\u00e9tal lisse, le poids subtil qui parle de substance, l'inscription nette et pr\u00e9cise de votre logo - ces informations sensorielles produisent une impression efficace et \u00e0 long terme. Elles racontent l'histoire d'une marque qui s'ach\u00e8te elle-m\u00eame, et par extension, dans l'\u00e9panouissement et le plaisir de ses clients. Cet \u00e9l\u00e9ment minuscule mais substantiel \u00e9l\u00e8ve la valeur de tout ce qu'il d\u00e9core, justifiant un facteur de co\u00fbt et encourageant l'engagement ind\u00e9fectible envers la marque.<\/p>\n<p><img decoding=\"async\" class=\"size-full wp-image-1465\" src=\"https:\/\/customacrylicproduct.com\/wp-content\/uploads\/2025\/07\/Acrylic-Fashion-Label-3.jpg\" alt=\"\u00c9tiquette de mode en acrylique (3)\" width=\"800\" height=\"800\" srcset=\"https:\/\/customacrylicproduct.com\/wp-content\/uploads\/2025\/07\/Acrylic-Fashion-Label-3.jpg 800w, https:\/\/customacrylicproduct.com\/wp-content\/uploads\/2025\/07\/Acrylic-Fashion-Label-3-300x300.jpg 300w, https:\/\/customacrylicproduct.com\/wp-content\/uploads\/2025\/07\/Acrylic-Fashion-Label-3-150x150.jpg 150w, https:\/\/customacrylicproduct.com\/wp-content\/uploads\/2025\/07\/Acrylic-Fashion-Label-3-768x768.jpg 768w, https:\/\/customacrylicproduct.com\/wp-content\/uploads\/2025\/07\/Acrylic-Fashion-Label-3-600x600.jpg 600w, https:\/\/customacrylicproduct.com\/wp-content\/uploads\/2025\/07\/Acrylic-Fashion-Label-3-100x100.jpg 100w\" sizes=\"(max-width: 800px) 100vw, 800px\" \/><\/p>\n<h4 id=\"-letting-loose-imagination-unmatched-customization-at-your-fingertips-\"><strong>Laisser libre cours \u00e0 l'imagination : Une personnalisation in\u00e9gal\u00e9e au bout des doigts<\/strong><\/h4>\n<p>Votre marque est unique, votre \u00e9tiquette doit l'\u00eatre aussi. Nous avons construit notre solution autour d'une base de personnalisation totale, garantissant que le produit final est une repr\u00e9sentation parfaite et tangible de l'identification de votre marque. Nous vous accompagnons \u00e0 chaque \u00e9tape, de la conception \u00e0 la r\u00e9alisation, pour donner vie \u00e0 votre vision.<\/p>\n<p><strong>1. Un choix de mat\u00e9riaux prestigieux :<\/strong><\/p>\n<p>Si les photos pr\u00e9sentent une vari\u00e9t\u00e9 spectaculaire de surfaces m\u00e9talliques, nos comp\u00e9tences englobent \u00e0 la fois les aciers intemporels et les acryliques modernes, ce qui vous offre un large \u00e9ventail de possibilit\u00e9s esth\u00e9tiques.<\/p>\n<ul>\n<li><strong>M\u00e9tal (alliage de zinc, laiton, acier inoxydable) :\u00a0<\/strong>L'option par excellence pour les marques de luxe et de patrimoine. Nos \u00e9tiquettes m\u00e9talliques sont propos\u00e9es dans une gamme de surfaces comprenant :.<\/li>\n<li><strong>Sleek Gold :\u00a0<\/strong>Brillant, classique et sans aucun doute opulent. Parfait pour le style haut de gamme, les tenues de mariage et les articles en cuir naturel de luxe.<\/li>\n<li><strong>Argent\/nickel peign\u00e9 :\u00a0<\/strong>Un rev\u00eatement innovant et moderne qui \u00e9voque le style actuel et la pr\u00e9cision technologique.<\/li>\n<li><strong>Or rose :\u00a0<\/strong>Une option \u00e0 la fois \u00e9l\u00e9gante et classique qui apporte de la chaleur et une touche de romantisme.<\/li>\n<li><strong>Laiton antique\/Bronze :\u00a0<\/strong>Pr\u00e9sente un aspect vintage et artisanal, adapt\u00e9 aux articles artisanaux, au denim et aux collections d'inspiration patrimoniale.<\/li>\n<li><strong>Noir mat :\u00a0<\/strong>\u00c9l\u00e9gant, minimaliste et solide. Une option puissante pour les v\u00eatements de ville, les accessoires technologiques et les styles progressifs.<\/li>\n<li><strong>Gunmetal :\u00a0<\/strong>Une surface sombre, lunatique et industrielle, qui respire le raffinement et l'audace.<\/li>\n<li><strong>Polym\u00e8re :\u00a0<\/strong>Pour les marques qui recherchent une d\u00e9claration moderne, l\u00e9g\u00e8re ou vive. L'acrylique offre plusieurs types de commodit\u00e9s :.<\/li>\n<li><strong>Des nuances vibrantes :\u00a0<\/strong>Disponible dans un nombre pratiquement illimit\u00e9 de teintes opaques, transparentes ou fluorescentes pour s'adapter parfaitement \u00e0 la palette de couleurs de votre marque.<\/li>\n<li><strong>Rev\u00eatements miroirs :\u00a0<\/strong>Obtenez l'aspect r\u00e9fl\u00e9chissant de l'acier avec les logements l\u00e9gers de l'acrylique en or, argent et autres couleurs.<\/li>\n<li><strong>Clair comme du cristal et d\u00e9poli :\u00a0<\/strong>Cr\u00e9ez un effet de marque subtil, \u201cfant\u00f4me\u201d, \u00e0 la fois minimaliste et high-tech.<\/li>\n<\/ul>\n<p><strong>2. Pr\u00e9cision dans chaque information :<\/strong><\/p>\n<p>Votre logo est le c\u0153ur de votre marque. Nous utilisons des technologies modernes de pointe pour garantir un rendu d'une pr\u00e9cision irr\u00e9prochable.<\/p>\n<ul>\n<li><strong>Inscription au laser :\u00a0<\/strong>Permet d'obtenir des lignes remarquablement nettes et pr\u00e9cises et des informations \u00e9labor\u00e9es, id\u00e9al pour les logos complexes et les messages importants.<\/li>\n<li><strong>Moulage \u00e0 l'emporte-pi\u00e8ce et gaufrage\/d\u00e9bossage :\u00a0<\/strong>Produit un effet tridimensionnel, offrant \u00e0 votre logo une texture en relief ou en creux qui invite au toucher et donne de la profondeur.<\/li>\n<li><strong>D\u00e9coupes sur mesure :\u00a0<\/strong>Comme le montrent certains de nos exemples, nous pouvons r\u00e9duire le nom de votre marque ou le dessin de votre logo directement \u00e0 partir du mat\u00e9riau, en d\u00e9veloppant une mise en page unique et inoubliable.<\/li>\n<\/ul>\n<p><strong>3. Formage, dimension et ajout :<\/strong><\/p>\n<p>Nous renon\u00e7ons \u00e0 la forme rectangulaire typique. Votre \u00e9tiquette peut avoir la forme que vous souhaitez - ovale, ronde, une forme personnalis\u00e9e de votre symbole ou une forme g\u00e9om\u00e9trique sp\u00e9ciale. Nous proposons \u00e9galement diff\u00e9rents types d'attaches pour r\u00e9pondre \u00e0 vos besoins sp\u00e9cifiques :.<\/p>\n<ul>\n<li><strong>Trous \u00e0 coudre :\u00a0<\/strong>Classique, prot\u00e9g\u00e9 et polyvalent pour les textiles. Disponible avec deux, quatre ou plusieurs trous.<\/li>\n<li><strong>Pinces\/Rivets :\u00a0<\/strong>Parfait pour les mat\u00e9riaux plus \u00e9pais comme le cuir naturel, le denim et la toile, il donne un aspect robuste et industriel chic.<\/li>\n<li><strong>Support adh\u00e9sif :\u00a0<\/strong>Un adh\u00e9sif 3M puissant pour l'application sur des surfaces difficiles comme les bo\u00eetes cadeaux, les appareils \u00e9lectroniques ou les carnets de notes.<\/li>\n<\/ul>\n<p><img decoding=\"async\" class=\"size-full wp-image-1463\" src=\"https:\/\/customacrylicproduct.com\/wp-content\/uploads\/2025\/07\/Acrylic-Fashion-Label-1.jpg\" alt=\"\u00c9tiquette de mode en acrylique (1)\" width=\"800\" height=\"800\" srcset=\"https:\/\/customacrylicproduct.com\/wp-content\/uploads\/2025\/07\/Acrylic-Fashion-Label-1.jpg 800w, https:\/\/customacrylicproduct.com\/wp-content\/uploads\/2025\/07\/Acrylic-Fashion-Label-1-300x300.jpg 300w, https:\/\/customacrylicproduct.com\/wp-content\/uploads\/2025\/07\/Acrylic-Fashion-Label-1-150x150.jpg 150w, https:\/\/customacrylicproduct.com\/wp-content\/uploads\/2025\/07\/Acrylic-Fashion-Label-1-768x768.jpg 768w, https:\/\/customacrylicproduct.com\/wp-content\/uploads\/2025\/07\/Acrylic-Fashion-Label-1-600x600.jpg 600w, https:\/\/customacrylicproduct.com\/wp-content\/uploads\/2025\/07\/Acrylic-Fashion-Label-1-100x100.jpg 100w\" sizes=\"(max-width: 800px) 100vw, 800px\" \/><\/p>\n<h4 id=\"-versatile-applications-past-the-garment-\"><strong>Applications polyvalentes : Au-del\u00e0 du v\u00eatement<\/strong><\/h4>\n<p>Bien qu'elles conviennent parfaitement \u00e0 l'industrie de la mode, l'application de nos \u00e9tiquettes personnalis\u00e9es n'est limit\u00e9e que par votre cr\u00e9ativit\u00e9. Elles constituent un outil de marquage puissant dans une multitude de secteurs :.<\/p>\n<ul>\n<li><strong>Style Apparel :\u00a0<\/strong>L'ach\u00e8vement des travaux porte sur les manteaux, les vestes de sport, les robes et la couture.<\/li>\n<li><strong>Sacs \u00e0 main et accessoires :\u00a0<\/strong>Marquage de sacs \u00e0 main, de portefeuilles, de sacs \u00e0 dos, de ceintures et de bagages.<\/li>\n<li><strong>Jeans et v\u00eatements d'ext\u00e9rieur :\u00a0<\/strong>\u00c9tiquettes en acier durable pour les taches de jean et l'ext\u00e9rieur des manteaux.<\/li>\n<li><strong>Chaussures :\u00a0<\/strong>Marquage raffin\u00e9 sur les chaussures de tennis, les bottes et les chaussures de ville.<\/li>\n<li><strong>Tricots et chapeaux :\u00a0<\/strong>Des \u00e9tiquettes \u00e9l\u00e9gantes pour les bonnets, les foulards et les pulls.<\/li>\n<li><strong>Articles de maison et ameublement :\u00a0<\/strong>Marque de qualit\u00e9 sur les oreillers, les jet\u00e9s, les serviettes et m\u00eame les meubles haut de gamme.<\/li>\n<li><strong>Cadeaux d'entreprise :\u00a0<\/strong>Renforcez les articles promotionnels, les accessoires technologiques et les coffrets cadeaux de qualit\u00e9 gr\u00e2ce \u00e0 une marque permanente et de grande valeur.<\/li>\n<li><strong>Artisanat :\u00a0<\/strong>Ajoutez une marque de sp\u00e9cialiste \u00e0 des produits faits \u00e0 la main, qu'il s'agisse d'appareils pour chiens de compagnie ou de journaux reli\u00e9s sur mesure.<\/li>\n<\/ul>\n<h4 id=\"-your-wholesale-companion-in-quality-\"><strong>Votre compagnon de qualit\u00e9 pour le commerce de gros<\/strong><\/h4>\n<p>Nous comprenons les besoins de la production et la valeur d'une cha\u00eene d'approvisionnement fiable. Notre programme de vente en gros est con\u00e7u pour \u00eatre une exp\u00e9rience transparente et encourageante pour votre entreprise. Nous proposons des prix comp\u00e9titifs pour les commandes en gros, des quantit\u00e9s minimales de commande r\u00e9duites pour soutenir les nouveaux cr\u00e9ateurs, et la capacit\u00e9 de produire des s\u00e9ries \u00e0 grande \u00e9chelle pour les marques \u00e9tablies. Notre processus rigoureux d'assurance qualit\u00e9 garantit que chaque \u00e9tiquette de votre commande, de la premi\u00e8re \u00e0 la dix milli\u00e8me, conserve exactement le m\u00eame crit\u00e8re d'excellence en mati\u00e8re de finition, de couleur et d'information.<\/p>\n<p>Notre processus collectif commence par un rendez-vous pour reconna\u00eetre votre t\u00e2che. Nous soumettons ensuite des \u00e9preuves \u00e9lectroniques \u00e0 votre approbation avant de proc\u00e9der \u00e0 la r\u00e9alisation d'un exemple physique, ce qui garantit votre enti\u00e8re satisfaction avant le d\u00e9but de la production.<\/p>\n<h4 id=\"-invest-in-your-brand-s-legacy-\"><strong>Investir dans l'h\u00e9ritage de votre marque<\/strong><\/h4>\n<p>\u00c0 long terme, une marque est une assurance. C'est un gage de haute qualit\u00e9, une assurance de design et une assurance d'exp\u00e9rience. Nos \u00e9tiquettes de mode personnalis\u00e9es en acrylique et en m\u00e9tal sont plus qu'un simple \u00e9l\u00e9ment ; elles sont un sympt\u00f4me physique de cet engagement. Elles sont un ambassadeur discret et coh\u00e9rent de votre marque, communiquant votre attachement \u00e0 la qualit\u00e9 longtemps apr\u00e8s la premi\u00e8re vente.<\/p>\n<p>Appelez-nous d\u00e8s aujourd'hui pour demander un devis ou pour parler \u00e0 nos experts en conception. Laissez-nous vous aider \u00e0 d\u00e9velopper une \u00e9tiquette qui non seulement identifie votre produit, mais le d\u00e9finit. Faites de votre marque une marque de distinction.<\/p>","protected":false},"excerpt":{"rendered":"<p class=\"ng-star-inserted\"><span class=\"ng-star-inserted\">Rehaussez votre marque avec des \u00e9tiquettes personnalis\u00e9es en m\u00e9tal de premi\u00e8re qualit\u00e9. Parfaites pour la mode, les v\u00eatements et les sacs \u00e0 main, ces \u00e9tiquettes peuvent \u00eatre personnalis\u00e9es avec votre logo dans une vari\u00e9t\u00e9 de finitions \u00e9tonnantes comme l'or, l'argent et le noir. Ajoutez une touche de luxe et de professionnalisme \u00e0 vos produits. Disponible en gros.<\/span><\/p>","protected":false},"featured_media":1466,"template":"","meta":{"_kad_post_transparent":"default","_kad_post_title":"","_kad_post_layout":"default","_kad_post_sidebar_id":"","_kad_post_content_style":"default","_kad_post_vertical_padding":"default","_kad_post_feature":"","_kad_post_feature_position":"","_kad_post_header":false,"_kad_post_footer":false,"_kad_post_classname":""},"product_brand":[],"product_cat":[18],"product_tag":[84],"class_list":{"0":"post-1462","1":"product","2":"type-product","3":"status-publish","4":"has-post-thumbnail","6":"product_cat-custom-acrylic-signs","7":"product_tag-clear-acrylic-signs","9":"first","10":"instock","11":"shipping-taxable","12":"product-type-simple","13":"entry","14":"content-bg","15":"loop-entry"},"_links":{"self":[{"href":"https:\/\/customacrylicproduct.com\/fr\/wp-json\/wp\/v2\/product\/1462","targetHints":{"allow":["GET"]}}],"collection":[{"href":"https:\/\/customacrylicproduct.com\/fr\/wp-json\/wp\/v2\/product"}],"about":[{"href":"https:\/\/customacrylicproduct.com\/fr\/wp-json\/wp\/v2\/types\/product"}],"wp:featuredmedia":[{"embeddable":true,"href":"https:\/\/customacrylicproduct.com\/fr\/wp-json\/wp\/v2\/media\/1466"}],"wp:attachment":[{"href":"https:\/\/customacrylicproduct.com\/fr\/wp-json\/wp\/v2\/media?parent=1462"}],"wp:term":[{"taxonomy":"product_brand","embeddable":true,"href":"https:\/\/customacrylicproduct.com\/fr\/wp-json\/wp\/v2\/product_brand?post=1462"},{"taxonomy":"product_cat","embeddable":true,"href":"https:\/\/customacrylicproduct.com\/fr\/wp-json\/wp\/v2\/product_cat?post=1462"},{"taxonomy":"product_tag","embeddable":true,"href":"https:\/\/customacrylicproduct.com\/fr\/wp-json\/wp\/v2\/product_tag?post=1462"}],"curies":[{"name":"wp","href":"https:\/\/api.w.org\/{rel}","templated":true}]}}