{"id":1472,"date":"2025-07-21T09:05:53","date_gmt":"2025-07-21T09:05:53","guid":{"rendered":"https:\/\/customacrylicproduct.com\/?post_type=product&#038;p=1472"},"modified":"2025-07-21T09:26:07","modified_gmt":"2025-07-21T09:26:07","slug":"custom-acrylic-trophy-custom-personalized-marble-trophy","status":"publish","type":"product","link":"https:\/\/customacrylicproduct.com\/fr\/custom-acrylic-trophy-custom-personalized-marble-trophy\/","title":{"rendered":"Troph\u00e9e en acrylique personnalis\u00e9 Troph\u00e9e en marbre personnalis\u00e9"},"content":{"rendered":"<h3 id=\"-elevate-recognition-with-customized-polymer-trophies-a-modern-symphony-of-shade-craft-and-customization-\"><strong>Am\u00e9liorez la reconnaissance avec des troph\u00e9es personnalis\u00e9s en polym\u00e8re : Une symphonie moderne de nuances, d'artisanat et de personnalisation<\/strong><\/h3>\n<p>Dans le monde de l'accomplissement et de la reconnaissance, le signe du succ\u00e8s doit \u00eatre aussi ph\u00e9nom\u00e9nal que l'accomplissement lui-m\u00eame. D\u00e9passez la banalit\u00e9 et acceptez une toute nouvelle p\u00e9riode d'honneurs gr\u00e2ce \u00e0 notre magnifique collection de troph\u00e9es en polym\u00e8re personnalis\u00e9s. M\u00e9ticuleusement cr\u00e9\u00e9s et parfaitement ex\u00e9cut\u00e9s, ces troph\u00e9es ne sont pas de simples objets ; ce sont des \u0153uvres d'art personnalis\u00e9es, des repr\u00e9sentations substantielles du d\u00e9vouement, de l'innovation et de l'excellence. Bien qu'ils poss\u00e8dent la sensation consid\u00e9rable et l'\u00e9minence d\u00e8s qu'ils sont li\u00e9s \u00e0 des produits standards comme le marbre et le cristal, leur construction contemporaine en acrylique ouvre un univers de teintes vives, de formes dynamiques et de personnalisation in\u00e9gal\u00e9e qui laissera un impact durable sur chaque destinataire.<\/p>\n<p><img fetchpriority=\"high\" decoding=\"async\" class=\"size-full wp-image-1473\" src=\"https:\/\/customacrylicproduct.com\/wp-content\/uploads\/2025\/07\/Custom-Acrylic-Trophy-1-2.jpg\" alt=\"Troph\u00e9e en acrylique personnalis\u00e9 (1)\" width=\"800\" height=\"800\" srcset=\"https:\/\/customacrylicproduct.com\/wp-content\/uploads\/2025\/07\/Custom-Acrylic-Trophy-1-2.jpg 800w, https:\/\/customacrylicproduct.com\/wp-content\/uploads\/2025\/07\/Custom-Acrylic-Trophy-1-2-300x300.jpg 300w, https:\/\/customacrylicproduct.com\/wp-content\/uploads\/2025\/07\/Custom-Acrylic-Trophy-1-2-150x150.jpg 150w, https:\/\/customacrylicproduct.com\/wp-content\/uploads\/2025\/07\/Custom-Acrylic-Trophy-1-2-768x768.jpg 768w, https:\/\/customacrylicproduct.com\/wp-content\/uploads\/2025\/07\/Custom-Acrylic-Trophy-1-2-600x600.jpg 600w, https:\/\/customacrylicproduct.com\/wp-content\/uploads\/2025\/07\/Custom-Acrylic-Trophy-1-2-100x100.jpg 100w\" sizes=\"(max-width: 800px) 100vw, 800px\" \/><\/p>\n<h4 id=\"-a-brand-new-measurement-in-honor-layout-\"><strong>Une toute nouvelle mesure dans la mise en page d'honneur<\/strong><\/h4>\n<p>Ce qui distingue rapidement ces prix, c'est leur disposition fascinante \u00e0 plusieurs niveaux. Chaque article est un chef-d'\u0153uvre de narration visuelle, combinant une plaque lisse et raffin\u00e9e avec un \u00e9l\u00e9ment de base vibrant et tridimensionnel qui apporte de la profondeur, de la personnalit\u00e9 et de l'importance.<\/p>\n<ul>\n<li><strong>La fondation dynamique :\u00a0<\/strong>Regardez de pr\u00e8s la base de ces r\u00e9compenses. Au lieu d'un simple bloc, vous y trouverez des paysages urbains complexes, des piliers de plus en plus grands ou des c\u00e9l\u00e9brit\u00e9s en train de tirer. Ces \u00e9l\u00e9ments en 3D ne sont pas simplement d\u00e9coratifs, ils sont symboliques. Le concept d'horizon repr\u00e9sente la passion, la croissance et la construction d'un succ\u00e8s \u00e0 partir de la base - id\u00e9al pour les r\u00e9alisations d'entreprise ou les distinctions de d\u00e9partement. Les piliers surmont\u00e9s d'\u00e9toiles \u00e9voquent le sentiment d'attraper les \u00e9toiles et de comm\u00e9morer les grands artistes. Cette \u0153uvre d'art fondamentale est facilement disponible dans une gamme de styles et peut \u00eatre fournie dans des tons abondants et coordonn\u00e9s (comme le bleu saphir profond ou le rouge rubis) ou dans une finition sophistiqu\u00e9e et transparente qui contraste merveilleusement avec la plaque principale.<\/li>\n<li><strong>Une toile de couleurs luminescentes :\u00a0<\/strong>Le texte du prix fonctionne comme une toile dynamique. Nous utilisons un processus de m\u00e9lange de teintes ultramoderne sur de l'acrylique de premi\u00e8re qualit\u00e9, ce qui permet d'obtenir une teinte profonde et claire qui capte et r\u00e9fracte la lumi\u00e8re avec une sophistication impressionnante. Comme le montrent les photos, les options de teintes sont \u00e0 la fois audacieuses et sophistiqu\u00e9es. S\u00e9lectionnez une teinte \u00e9nergisante\u00a0<strong>Bleu saphir\u00a0<\/strong>que les mentions comptent et la s\u00e9curit\u00e9, un\u00a0<strong>Rouge rubis\u00a0<\/strong>repr\u00e9sentant l'endurance et la gestion, un syst\u00e8me souple et moderne de contr\u00f4le de la qualit\u00e9.\u00a0<strong>Noir onyx\u00a0<\/strong>pour une touche de stature classique, ou peut-\u00eatre un magnifique\u00a0<strong>Sundown Orange Slope\u00a0<\/strong>qui incarne l'imagination et le dynamisme. Cette couleur d'usage vous permet de redresser les honneurs avec l'image de marque de votre entreprise, le th\u00e8me de l'\u00e9v\u00e9nement ou le sentiment de d\u00e9tail que vous souhaitez transmettre.<\/li>\n<li><strong>Des formes sophistiqu\u00e9es pour chaque message :\u00a0<\/strong>La forme d'une question d'honneur. Notre collection propose une s\u00e9lection de formes qui s'adaptent au ton de votre \u00e9v\u00e9nement de reconnaissance. Les formes douces\u00a0<strong>sommet courb\u00e9\u00a0<\/strong>offre un sens du style et de la fluidit\u00e9. Le pointu,\u00a0<strong>asym\u00e9trique inclin\u00e9\u00a0<\/strong>communique un sentiment de dynamisme avant-gardiste et d'efficacit\u00e9 \u00e0 la pointe de la technologie. L'intemporel\u00a0<strong>plaque en forme de rectangle\u00a0<\/strong>offre une base intemporelle et magnifique \u00e0 votre message. Chaque forme est d\u00e9coup\u00e9e avec pr\u00e9cision et polie au diamant pour garantir des bords parfaitement lisses et un rev\u00eatement semblable \u00e0 du verre.<\/li>\n<\/ul>\n<p><img decoding=\"async\" class=\"size-full wp-image-1476\" src=\"https:\/\/customacrylicproduct.com\/wp-content\/uploads\/2025\/07\/Custom-Acrylic-Trophy-4-1.jpg\" alt=\"Troph\u00e9e en acrylique personnalis\u00e9 (4)\" width=\"800\" height=\"800\" srcset=\"https:\/\/customacrylicproduct.com\/wp-content\/uploads\/2025\/07\/Custom-Acrylic-Trophy-4-1.jpg 800w, https:\/\/customacrylicproduct.com\/wp-content\/uploads\/2025\/07\/Custom-Acrylic-Trophy-4-1-300x300.jpg 300w, https:\/\/customacrylicproduct.com\/wp-content\/uploads\/2025\/07\/Custom-Acrylic-Trophy-4-1-150x150.jpg 150w, https:\/\/customacrylicproduct.com\/wp-content\/uploads\/2025\/07\/Custom-Acrylic-Trophy-4-1-768x768.jpg 768w, https:\/\/customacrylicproduct.com\/wp-content\/uploads\/2025\/07\/Custom-Acrylic-Trophy-4-1-600x600.jpg 600w, https:\/\/customacrylicproduct.com\/wp-content\/uploads\/2025\/07\/Custom-Acrylic-Trophy-4-1-100x100.jpg 100w\" sizes=\"(max-width: 800px) 100vw, 800px\" \/><\/p>\n<h4 id=\"-the-heart-of-the-matter-unrivaled-personalization-\"><strong>Le c\u0153ur du probl\u00e8me : Une personnalisation in\u00e9gal\u00e9e<\/strong><\/h4>\n<p>Un honneur est aussi utile que le message qu'il v\u00e9hicule. C'est l\u00e0 que nos prix personnalis\u00e9s rayonnent vraiment. Nous proposons une gamme compl\u00e8te d'options de personnalisation pour faire de chaque troph\u00e9e un t\u00e9moignage sp\u00e9cial et personnel de l'accomplissement.<\/p>\n<ul>\n<li><strong>Texte et typographie sur mesure :\u00a0<\/strong>Du nom du laur\u00e9at au titre de la r\u00e9compense (\u201d Meilleur service \u201d, \u201c Prix d'excellence du d\u00e9partement \u201d, \u201c \u5e74\u5ea6\u6700\u4f18\u79c0\u5458\u5de5 \u201d - Employ\u00e9 le plus performant de l'ann\u00e9e), chaque mot est fourni avec une pr\u00e9cision irr\u00e9prochable. Vous avez un contr\u00f4le total sur le message, les polices de caract\u00e8res et la conception pour vous assurer que le message est clair, percutant et stylistiquement id\u00e9al.<\/li>\n<li><strong>Combinaison de logos et de graphiques en haute r\u00e9solution :\u00a0<\/strong>Votre marque est votre identification. Nous pouvons parfaitement int\u00e9grer le logo de votre entreprise, l'insigne d'une occasion ou des graphiques personnalis\u00e9s directement dans la conception. Comme le montrent les exemples \u201cECOWATER\u201d et \u201cDr. AHN\u201d, les logos ne sont pas simplement plac\u00e9s en surface ; ils sont incorpor\u00e9s directement dans le visuel g\u00e9n\u00e9ral et finissent par faire partie int\u00e9grante de la composition cr\u00e9ative de l'honneur.<\/li>\n<li><strong>Comm\u00e9morer les \u00e9tapes importantes :\u00a0<\/strong>Marquez l'\u00e9v\u00e9nement d'un jour pr\u00e9cis, comme \u201c2024 Honor\u201d ou \u201c2023-2024\u201d, afin que le souvenir de la r\u00e9ussite soit \u00e0 jamais grav\u00e9 dans les m\u00e9moires. Qu'il s'agisse d'un gala annuel, d'un t\u00e9moignage trimestriel ou de la conclusion d'un travail ponctuel, le jour qui pr\u00e9c\u00e8de la remise du prix est un moment de victoire.<\/li>\n<\/ul>\n<p>Notre proc\u00e9dure de conception est conjointe. Il vous suffit de nous communiquer votre message, vos logos et vos id\u00e9es de conception, et notre groupe collaborera avec vous pour cr\u00e9er une preuve \u00e9lectronique, ce qui vous permettra d'examiner et d'accepter chaque d\u00e9tail avant le d\u00e9but de la production. Le r\u00e9sultat est un prix v\u00e9ritablement sur mesure, con\u00e7u uniquement pour vous.<\/p>\n<p><img decoding=\"async\" class=\"size-full wp-image-1475\" src=\"https:\/\/customacrylicproduct.com\/wp-content\/uploads\/2025\/07\/Custom-Acrylic-Trophy-3-2.jpg\" alt=\"Troph\u00e9e en acrylique personnalis\u00e9 (3)\" width=\"800\" height=\"800\" srcset=\"https:\/\/customacrylicproduct.com\/wp-content\/uploads\/2025\/07\/Custom-Acrylic-Trophy-3-2.jpg 800w, https:\/\/customacrylicproduct.com\/wp-content\/uploads\/2025\/07\/Custom-Acrylic-Trophy-3-2-300x300.jpg 300w, https:\/\/customacrylicproduct.com\/wp-content\/uploads\/2025\/07\/Custom-Acrylic-Trophy-3-2-150x150.jpg 150w, https:\/\/customacrylicproduct.com\/wp-content\/uploads\/2025\/07\/Custom-Acrylic-Trophy-3-2-768x768.jpg 768w, https:\/\/customacrylicproduct.com\/wp-content\/uploads\/2025\/07\/Custom-Acrylic-Trophy-3-2-600x600.jpg 600w, https:\/\/customacrylicproduct.com\/wp-content\/uploads\/2025\/07\/Custom-Acrylic-Trophy-3-2-100x100.jpg 100w\" sizes=\"(max-width: 800px) 100vw, 800px\" \/><\/p>\n<h4 id=\"-crafted-from-costs-materials-for-long-lasting-stature-\"><strong>Fabriqu\u00e9 \u00e0 partir de mat\u00e9riaux co\u00fbteux pour une stature durable<\/strong><\/h4>\n<p>Bien que ces prix puissent \u00eatre confondus avec du cristal d\u00e9licat, ils sont con\u00e7us pour une \u00e9l\u00e9gance durable \u00e0 partir d'acrylique de haute densit\u00e9 et de qualit\u00e9 sup\u00e9rieure. Cette option de produit fournit le plus efficace de tous les globes :.<\/p>\n<ul>\n<li><strong>Clart\u00e9 optique :\u00a0<\/strong>Notre acrylique pr\u00e9sente une transparence cristalline \u00e9quivalente \u00e0 celle du verre le plus fin, ce qui permet une transmission \u00e9blouissante de la lumi\u00e8re et une expression vibrante des nuances.<\/li>\n<li><strong>Poids consid\u00e9rable :\u00a0<\/strong>Ces troph\u00e9es ont un poids agr\u00e9able et une sensation solide et exceptionnelle dans la main, ce qui communique de la valeur et de l'importance au destinataire.<\/li>\n<li><strong>Robustesse et s\u00e9curit\u00e9 :\u00a0<\/strong>Contrairement au verre ou au cristal, le polym\u00e8re est incassable, ce qui en fait une alternative beaucoup plus s\u00fbre et beaucoup plus durable pour les \u00e9crans dans un environnement professionnel ou domestique agit\u00e9.<\/li>\n<li><strong>Pr\u00e9cision Ex\u00e9cution :\u00a0<\/strong>Chaque troph\u00e9e est d'abord un bloc d'acrylique solide, qui est ensuite d\u00e9coup\u00e9 avec pr\u00e9cision, coll\u00e9 avec un traitement expert et poli pour obtenir un \u00e9clat semblable \u00e0 celui d'un miroir. L'impression est r\u00e9alis\u00e9e gr\u00e2ce \u00e0 une innovation UV avanc\u00e9e, qui traite l'encre directement sur le mat\u00e9riau pour obtenir une surface nette, vibrante et r\u00e9sistante aux rayures, qui ne s'\u00e9caillera certainement pas et ne se d\u00e9colorera pas au fil du temps.<\/li>\n<\/ul>\n<h4 id=\"-the-perfect-award-for-every-single-celebration-\"><strong>Le prix id\u00e9al pour chaque c\u00e9l\u00e9bration<\/strong><\/h4>\n<p>La grande commodit\u00e9 de cette pr\u00e9sentation en fait l'option id\u00e9ale pour une grande vari\u00e9t\u00e9 d'occasions de reconnaissance :.<\/p>\n<ul>\n<li><strong>Qualit\u00e9 de l'entreprise :\u00a0<\/strong>Mettez \u00e0 l'honneur vos meilleurs vendeurs, les services les plus performants et les employ\u00e9s de l'ann\u00e9e.<\/li>\n<li><strong>Reconnaissance des solutions et des partenaires :\u00a0<\/strong>Reconna\u00eetre les fournisseurs du \u201cmeilleur service\u201d, les \u201csuper distributeurs\u201d et les partenaires importants de l'entreprise.<\/li>\n<li><strong>Leadership et innovation :\u00a0<\/strong>Comm\u00e9morez les leaders et les groupes visionnaires qui repoussent les limites de votre secteur d'activit\u00e9.<\/li>\n<li><strong>R\u00e9alisations acad\u00e9miques et \u00e9ducatives :\u00a0<\/strong>Reconna\u00eetre les principaux stagiaires et dipl\u00f4m\u00e9s des centres professionnels et des \u00e9tablissements d'enseignement.<\/li>\n<li><strong>\u00c9v\u00e9nements et manifestations uniques :\u00a0<\/strong>Cr\u00e9ez une r\u00e9compense inoubliable et contemporaine pour les concurrents et les comp\u00e9titions.<\/li>\n<\/ul>\n<p>Ne vous contentez pas d'offrir un honneur, offrez un objet de d\u00e9claration. Offrez un symbole d'accomplissement qui est aussi sp\u00e9cial, vivant et vibrant que la personne qui le re\u00e7oit. Nos troph\u00e9es en polym\u00e8re faits sur mesure sont plus qu'une r\u00e9compense - ils sont un hommage durable au travail acharn\u00e9, une incitation \u00e0 la r\u00e9ussite future et une \u0153uvre d'art \u00e9tonnante qui sera expos\u00e9e avec satisfaction pendant de nombreuses ann\u00e9es.<\/p>\n<p>Appelez-nous d\u00e8s aujourd'hui pour commencer \u00e0 cr\u00e9er un troph\u00e9e qui refl\u00e8te vraiment la qualit\u00e9 que vous souhaitez comm\u00e9morer.<\/p>","protected":false},"excerpt":{"rendered":"<p class=\"ng-star-inserted\"><span class=\"ng-star-inserted\">Reconnaissez l'excellence avec nos r\u00e9compenses acryliques personnalis\u00e9es de premi\u00e8re qualit\u00e9. Enti\u00e8rement personnalis\u00e9s avec votre texte et votre logo, ces troph\u00e9es pr\u00e9sentent des couleurs vibrantes et des dessins dynamiques en 3D. Un choix \u00e9l\u00e9gant et moderne pour la reconnaissance des employ\u00e9s, les \u00e9v\u00e9nements d'entreprise et la c\u00e9l\u00e9bration du succ\u00e8s.<\/span><\/p>","protected":false},"featured_media":1473,"template":"","meta":{"_kad_post_transparent":"default","_kad_post_title":"","_kad_post_layout":"default","_kad_post_sidebar_id":"","_kad_post_content_style":"default","_kad_post_vertical_padding":"default","_kad_post_feature":"","_kad_post_feature_position":"","_kad_post_header":false,"_kad_post_footer":false,"_kad_post_classname":""},"product_brand":[],"product_cat":[19],"product_tag":[136],"class_list":{"0":"post-1472","1":"product","2":"type-product","3":"status-publish","4":"has-post-thumbnail","6":"product_cat-custom-acrylic-trophies-awards","7":"product_tag-custom-acrylic-trophy","9":"first","10":"instock","11":"shipping-taxable","12":"product-type-simple","13":"entry","14":"content-bg","15":"loop-entry"},"_links":{"self":[{"href":"https:\/\/customacrylicproduct.com\/fr\/wp-json\/wp\/v2\/product\/1472","targetHints":{"allow":["GET"]}}],"collection":[{"href":"https:\/\/customacrylicproduct.com\/fr\/wp-json\/wp\/v2\/product"}],"about":[{"href":"https:\/\/customacrylicproduct.com\/fr\/wp-json\/wp\/v2\/types\/product"}],"wp:featuredmedia":[{"embeddable":true,"href":"https:\/\/customacrylicproduct.com\/fr\/wp-json\/wp\/v2\/media\/1473"}],"wp:attachment":[{"href":"https:\/\/customacrylicproduct.com\/fr\/wp-json\/wp\/v2\/media?parent=1472"}],"wp:term":[{"taxonomy":"product_brand","embeddable":true,"href":"https:\/\/customacrylicproduct.com\/fr\/wp-json\/wp\/v2\/product_brand?post=1472"},{"taxonomy":"product_cat","embeddable":true,"href":"https:\/\/customacrylicproduct.com\/fr\/wp-json\/wp\/v2\/product_cat?post=1472"},{"taxonomy":"product_tag","embeddable":true,"href":"https:\/\/customacrylicproduct.com\/fr\/wp-json\/wp\/v2\/product_tag?post=1472"}],"curies":[{"name":"wp","href":"https:\/\/api.w.org\/{rel}","templated":true}]}}