{"id":1484,"date":"2025-07-21T09:50:46","date_gmt":"2025-07-21T09:50:46","guid":{"rendered":"https:\/\/customacrylicproduct.com\/?post_type=product&#038;p=1484"},"modified":"2025-07-21T09:50:46","modified_gmt":"2025-07-21T09:50:46","slug":"custom-acrylic-clear-acrylic-plastic-sheets-transparent","status":"publish","type":"product","link":"https:\/\/customacrylicproduct.com\/fr\/custom-acrylic-clear-acrylic-plastic-sheets-transparent\/","title":{"rendered":"Acrylique sur mesure Acrylique clair Plaques plastiques transparentes"},"content":{"rendered":"<h3 id=\"unleash-your-vision-premium-customized-transparent-acrylic-sheets-for-unmatched-quality-and-convenience\">Lib\u00e9rez votre vision : Feuilles acryliques transparentes personnalis\u00e9es de premi\u00e8re qualit\u00e9 pour une qualit\u00e9 et une commodit\u00e9 in\u00e9gal\u00e9es<\/h3>\n<p>Imaginez un produit dot\u00e9 de la qualit\u00e9 irr\u00e9prochable du verre le plus fin, mais aussi de l'endurance et de la durabilit\u00e9 n\u00e9cessaires pour r\u00e9sister \u00e0 l'\u00e9preuve du temps. Un mat\u00e9riau si polyvalent qu'il peut \u00eatre transform\u00e9 en \u0153uvres d'art \u00e9labor\u00e9es, en \u00e9crans d'affichage fonctionnels pour les entreprises ou en \u00e9l\u00e9ments r\u00e9sistants pour la maison. Bienvenue dans le monde de nos feuilles de plastique acrylique transparent fabriqu\u00e9es sur mesure, la meilleure option pour les fabricants, les entreprises et les cr\u00e9ateurs de tendances qui exigent l'excellence. Qu'il s'agisse de fabriquer un \u00e9cran de vente rationalis\u00e9, de confectionner des cadeaux personnalis\u00e9s ou de r\u00e9aliser une construction \u00e0 grande \u00e9chelle, nos feuilles acryliques transparentes constituent la base id\u00e9ale pour donner vie \u00e0 votre vision avec une qualit\u00e9 et une pr\u00e9cision exceptionnelles.<\/p>\n<p><img fetchpriority=\"high\" decoding=\"async\" class=\"size-full wp-image-1485\" src=\"https:\/\/customacrylicproduct.com\/wp-content\/uploads\/2025\/07\/Acrylic-Plastic-Sheets-1.jpg\" alt=\"Feuilles en plastique acrylique (1)\" width=\"850\" height=\"850\" srcset=\"https:\/\/customacrylicproduct.com\/wp-content\/uploads\/2025\/07\/Acrylic-Plastic-Sheets-1.jpg 850w, https:\/\/customacrylicproduct.com\/wp-content\/uploads\/2025\/07\/Acrylic-Plastic-Sheets-1-300x300.jpg 300w, https:\/\/customacrylicproduct.com\/wp-content\/uploads\/2025\/07\/Acrylic-Plastic-Sheets-1-150x150.jpg 150w, https:\/\/customacrylicproduct.com\/wp-content\/uploads\/2025\/07\/Acrylic-Plastic-Sheets-1-768x768.jpg 768w, https:\/\/customacrylicproduct.com\/wp-content\/uploads\/2025\/07\/Acrylic-Plastic-Sheets-1-600x600.jpg 600w, https:\/\/customacrylicproduct.com\/wp-content\/uploads\/2025\/07\/Acrylic-Plastic-Sheets-1-100x100.jpg 100w\" sizes=\"(max-width: 850px) 100vw, 850px\" \/><\/p>\n<h4 id=\"deep-dive-the-core-elements-of-our-polymer\">Plong\u00e9e en profondeur : Les \u00e9l\u00e9ments essentiels de notre polym\u00e8re<\/h4>\n<p><strong>1. Clart\u00e9 optique in\u00e9gal\u00e9e\u00a0<\/strong>. Le c\u0153ur de notre produit est son extraordinaire transparence. Nos feuilles d'acrylique transparent, g\u00e9n\u00e9ralement d\u00e9sign\u00e9es par des noms commerciaux tels que Plexiglas ou Lucite, pr\u00e9sentent un taux de transmission de la lumi\u00e8re d'environ 92%, sup\u00e9rieur \u00e0 celui du verre standard. Contrairement au verre, qui peut avoir une couleur \u00e9cologique raffin\u00e9e, en particulier dans les vitres plus \u00e9paisses, notre polym\u00e8re est parfaitement clair, ce qui garantit que les ombres et les objets v\u00e9rifi\u00e9s \u00e0 travers lui restent vivants. Cette qualit\u00e9 cristalline est magnifiquement d\u00e9montr\u00e9e dans des applications telles que le tableau moderne sans cadre re\u00e7u par le propri\u00e9taire de l'image, o\u00f9 la plante succulente qui se trouve derri\u00e8re est affich\u00e9e avec des informations nettes et non d\u00e9form\u00e9es. C'est donc l'option id\u00e9ale pour les encadrements de qualit\u00e9 mus\u00e9ale et toutes les applications o\u00f9 il est essentiel de translucider le produit sans d\u00e9faut.<\/p>\n<p><strong>2. R\u00e9sistance sup\u00e9rieure et l\u00e9g\u00e8ret\u00e9\u00a0<\/strong>. Si son aspect est d\u00e9licat et semblable \u00e0 celui du verre, son efficacit\u00e9 est tout autre. Le polym\u00e8re est un thermoplastique remarquablement durable, dont la r\u00e9sistance \u00e0 l'effet est 10 \u00e0 20 fois sup\u00e9rieure \u00e0 celle du verre classique. Cette r\u00e9sistance aux chocs en fait une option nettement plus s\u00fbre, en particulier dans les salles publiques, les maisons avec des enfants ou les applications portables. La chute d'une feuille d'acrylique est beaucoup moins susceptible de provoquer des \u00e9clats dangereux. En outre, l'acrylique est deux fois moins haut qu'un panneau de verre \u00e9quivalent, ce qui rend sa livraison, sa manipulation et sa mise en place plus faciles et plus \u00e9conomiques. Ce m\u00e9lange d'endurance et de l\u00e9g\u00e8ret\u00e9 ouvre une multitude de possibilit\u00e9s pour les grandes installations comme pour les d\u00e9veloppements d\u00e9licats et l\u00e9gers.<\/p>\n<p><strong>3. Personnalisation et construction sans effort\u00a0<\/strong>. La v\u00e9ritable magie de nos feuilles acryliques r\u00e9side dans leur capacit\u00e9 \u00e0 \u00eatre personnalis\u00e9es \u00e0 l'infini. Ce mat\u00e9riau est un r\u00eave pour les fabricants et les amateurs de bricolage. Il peut \u00eatre d\u00e9coup\u00e9 avec pr\u00e9cision au laser, \u00e0 la scie ou \u00e0 la d\u00e9fonceuse pour obtenir toutes les formes possibles, depuis les simples cercles aux bords nets que l'on voit avec leur support de papier protecteur, pr\u00eats pour le projet suivant, jusqu'aux \u00e9l\u00e9ments faciles \u00e0 assembler et \u00e0 entrelacer. L'assortiment vibrant d'\u00e9tiquettes personnalis\u00e9es sur la photo, toutes issues du m\u00eame produit de base, illustre la possibilit\u00e9 de cr\u00e9er des lots d'objets sp\u00e9ciaux tels que des porte-cl\u00e9s, des \u00e9tiquettes d'articles ou des breloques attrayantes. Notre acrylique peut \u00e9galement \u00eatre perc\u00e9 sans se fissurer, courb\u00e9 \u00e0 la chaleur pour cr\u00e9er des supports et des porte-objets, et coll\u00e9 sans couture avec des ciments sp\u00e9ciaux pour obtenir des joints solides et invisibles. Nous fournissons nos feuilles avec un film de s\u00e9curit\u00e9 des deux c\u00f4t\u00e9s pour \u00e9viter les \u00e9raflures pendant l'exp\u00e9dition et la manutention, ce qui garantit qu'elles arrivent en excellent \u00e9tat, pr\u00eates \u00e0 ce que vous fassiez votre magie.<\/p>\n<p><img decoding=\"async\" class=\"size-full wp-image-1486\" src=\"https:\/\/customacrylicproduct.com\/wp-content\/uploads\/2025\/07\/Acrylic-Plastic-Sheets-2.jpg\" alt=\"Feuilles de plastique acrylique (2)\" width=\"800\" height=\"800\" srcset=\"https:\/\/customacrylicproduct.com\/wp-content\/uploads\/2025\/07\/Acrylic-Plastic-Sheets-2.jpg 800w, https:\/\/customacrylicproduct.com\/wp-content\/uploads\/2025\/07\/Acrylic-Plastic-Sheets-2-300x300.jpg 300w, https:\/\/customacrylicproduct.com\/wp-content\/uploads\/2025\/07\/Acrylic-Plastic-Sheets-2-150x150.jpg 150w, https:\/\/customacrylicproduct.com\/wp-content\/uploads\/2025\/07\/Acrylic-Plastic-Sheets-2-768x768.jpg 768w, https:\/\/customacrylicproduct.com\/wp-content\/uploads\/2025\/07\/Acrylic-Plastic-Sheets-2-600x600.jpg 600w, https:\/\/customacrylicproduct.com\/wp-content\/uploads\/2025\/07\/Acrylic-Plastic-Sheets-2-100x100.jpg 100w\" sizes=\"(max-width: 800px) 100vw, 800px\" \/><\/p>\n<h4 id=\"limitless-applications-a-canvas-for-every-imagination-\">Des applications illimit\u00e9es : Une toile pour chaque imagination<\/h4>\n<p>L'adaptabilit\u00e9 de nos feuilles acryliques transparentes sur mesure indique que leurs applications ne sont limit\u00e9es que par votre cr\u00e9ativit\u00e9. Nous r\u00e9pondons \u00e0 une grande vari\u00e9t\u00e9 de demandes, qu'il s'agisse de grosses commandes commerciales ou de feuilles individuelles pour un travail personnel.<\/p>\n<p><strong>Pour les experts et les entreprises :\u00a0<\/strong>.<\/p>\n<ul>\n<li><strong>Signes \u00e0 fort impact :\u00a0<\/strong>Produisez de magnifiques indications int\u00e9rieures et ext\u00e9rieures qui r\u00e9sistent aux intemp\u00e9ries et ne jaunissent pas au soleil. Superposez des lettres d\u00e9coup\u00e9es sur un historique clair pour un impact avanc\u00e9 et flottant.<\/li>\n<li><strong>Pr\u00e9sentoirs \u00e9l\u00e9gants pour le commerce de d\u00e9tail :\u00a0<\/strong>Qu'il s'agisse d'\u00e9l\u00e9vateurs de base qui sur\u00e9l\u00e8vent vos produits ou de vitrines importantes et s\u00fbres, l'acrylique offre un aspect haut de gamme et discret qui met directement l'accent sur votre produit. Le porte-indication incurv\u00e9 de la photo est un excellent exemple d'un pr\u00e9sentoir de point de vente facile et fiable.<\/li>\n<li><strong>Solutions de s\u00e9curit\u00e9 :\u00a0<\/strong>Dans le monde d'aujourd'hui, la s\u00e9curit\u00e9 est essentielle. Nos feuilles sont id\u00e9ales pour fabriquer des obstacles sanitaires, des protections contre les \u00e9ternuements et des s\u00e9parations de lieux de travail qui utilisent la d\u00e9fense sans sacrifier la visibilit\u00e9 ou la lumi\u00e8re.<\/li>\n<li><strong>\u00c9l\u00e9ments architecturaux :\u00a0<\/strong>Utilisez nos feuilles plus \u00e9paisses comme une alternative s\u00fbre et l\u00e9g\u00e8re au verre pour les balustrades, les puits de lumi\u00e8re et les panneaux muraux attrayants.<\/li>\n<\/ul>\n<p><strong>Pour les artisans et les amateurs de bricolage :\u00a0<\/strong>.<\/p>\n<ul>\n<li><strong>Cadeaux et artisanat personnalis\u00e9s :\u00a0<\/strong>La surface lisse et transparente est une excellente toile pour l'inscription, la peinture ou l'utilisation de plastique. Cr\u00e9ez des indications de mariage personnalis\u00e9es, des num\u00e9ros de table, des sous-verres (comme les disques transparents visualis\u00e9s) ou des porte-cl\u00e9s personnalis\u00e9s. Les possibilit\u00e9s de cr\u00e9er des objets sp\u00e9ciaux et faits \u00e0 la main sont vraiment innombrables.<\/li>\n<li><strong>D\u00e9coration fonctionnelle de la maison :\u00a0<\/strong>Am\u00e9nagez vos propres \u00e9tag\u00e8res flottantes, changez le verre d'un cadre photo cass\u00e9 ou cr\u00e9ez un prot\u00e8ge-table personnalis\u00e9 pour votre table \u00e0 manger ou votre table basse. Sa qualit\u00e9 permet de faire briller l'\u00e9l\u00e9gance de vos meubles tout en les prot\u00e9geant des \u00e9claboussures et des rayures.<\/li>\n<li><strong>Projets de bricolage :\u00a0<\/strong>Construisez des bo\u00eetiers personnalis\u00e9s pour l'\u00e9lectronique, des couvercles transparents pour les aquariums et les terrariums, ou des coffrets pour vos versions pr\u00e9cieuses et vos antiquit\u00e9s. La facilit\u00e9 d'utilisation du produit rend les projets compliqu\u00e9s r\u00e9alisables par les amateurs convaincus.<\/li>\n<\/ul>\n<p><img decoding=\"async\" class=\"size-full wp-image-1487\" src=\"https:\/\/customacrylicproduct.com\/wp-content\/uploads\/2025\/07\/Acrylic-Plastic-Sheets-3.jpg\" alt=\"Feuilles en plastique acrylique (3)\" width=\"850\" height=\"850\" srcset=\"https:\/\/customacrylicproduct.com\/wp-content\/uploads\/2025\/07\/Acrylic-Plastic-Sheets-3.jpg 850w, https:\/\/customacrylicproduct.com\/wp-content\/uploads\/2025\/07\/Acrylic-Plastic-Sheets-3-300x300.jpg 300w, https:\/\/customacrylicproduct.com\/wp-content\/uploads\/2025\/07\/Acrylic-Plastic-Sheets-3-150x150.jpg 150w, https:\/\/customacrylicproduct.com\/wp-content\/uploads\/2025\/07\/Acrylic-Plastic-Sheets-3-768x768.jpg 768w, https:\/\/customacrylicproduct.com\/wp-content\/uploads\/2025\/07\/Acrylic-Plastic-Sheets-3-600x600.jpg 600w, https:\/\/customacrylicproduct.com\/wp-content\/uploads\/2025\/07\/Acrylic-Plastic-Sheets-3-100x100.jpg 100w\" sizes=\"(max-width: 850px) 100vw, 850px\" \/><\/p>\n<p><strong>Pour les musiciens et les designers :<\/strong><\/p>\n<ul>\n<li><strong>Une toile moderne :\u00a0<\/strong>De nombreux musiciens contemporains utilisent des feuilles d'acrylique transparent comme surface de peinture directe, cr\u00e9ant ainsi des collaborations d'une profondeur et d'une luminosit\u00e9 incroyables. C'est \u00e9galement un excellent substrat pour l'impression num\u00e9rique \u00e0 haute r\u00e9solution.<\/li>\n<li><strong>Montage des photos :\u00a0<\/strong>Pour obtenir le design \u201cface-mount\u201d tr\u00e8s demand\u00e9, il suffit de coller une impression photo au dos d'une feuille d'acrylique raffin\u00e9e. Cette approche permet de rehausser les couleurs, d'inclure la profondeur et d'offrir une pr\u00e9sentation lisse et sans cadre.<\/li>\n<li><strong>Outil de sculpture :\u00a0<\/strong>La capacit\u00e9 de r\u00e9duire, de superposer et de lier l'acrylique permet de d\u00e9velopper des sculptures tridimensionnelles d\u00e9taill\u00e9es et des installations artistiques qui s'amusent avec la lumi\u00e8re, l'obscurit\u00e9 et l'ouverture.<\/li>\n<\/ul>\n<h4 id=\"why-select-our-custom-made-acrylic-sheets-\">Pourquoi choisir nos plaques acryliques sur mesure ?<\/h4>\n<p>Lorsque vous nous choisissez, vous n'achetez pas simplement un article en plastique, vous achetez une possibilit\u00e9. Nous nous engageons \u00e0 fournir les meilleures feuilles acryliques coul\u00e9es, optiquement claires, personnalis\u00e9es avec pr\u00e9cision selon vos sp\u00e9cifications. Notre technologie de pointe en mati\u00e8re de d\u00e9coupe garantit des c\u00f4t\u00e9s lisses et nets, ainsi qu'une pr\u00e9cision dimensionnelle \u00e0 chaque fois. Chaque feuille est m\u00e9ticuleusement examin\u00e9e et livr\u00e9e avec son film protecteur intact afin de s'assurer qu'elle arrive \u00e0 destination dans les meilleures conditions. Que vous ayez besoin d'une petite pi\u00e8ce unique ou d'une commande massive de formes compliqu\u00e9es, notre \u00e9quipe s'engage \u00e0 vous offrir une exp\u00e9rience agr\u00e9able et un produit remarquable qui sera le point de d\u00e9part id\u00e9al de votre imagination ou de votre entreprise.<\/p>\n<h4 id=\"bring-your-vision-to-life-\">Donner vie \u00e0 votre vision<\/h4>\n<p>Qu'il s'agisse d'applications industrielles ou d'int\u00e9r\u00eats individuels, nos feuilles de plastique acrylique transparent fabriqu\u00e9es sur mesure offrent la clart\u00e9, la solidit\u00e9 et la polyvalence dont vous avez besoin. Cessez de faire des compromis et commencez \u00e0 produire. Explorez les possibilit\u00e9s illimit\u00e9es et achetez d\u00e8s aujourd'hui vos feuilles d\u00e9coup\u00e9es sur mesure pour transformer vos concepts fantastiques en r\u00e9alit\u00e9 tangible.<\/p>","protected":false},"excerpt":{"rendered":"<p class=\"ng-star-inserted\"><span class=\"ng-star-inserted\">Feuilles de plastique acrylique transparent de haute qualit\u00e9, d\u00e9coup\u00e9es sur mesure pour votre projet. Nous proposons une d\u00e9coupe laser de pr\u00e9cision pour toutes les formes. Disponibles en transparent cristallin et dans une vari\u00e9t\u00e9 de couleurs unies vibrantes. Parfaites pour les pr\u00e9sentoirs, les enseignes, les cadres et les projets cr\u00e9atifs de bricolage. Mat\u00e9riau PMMA durable et polyvalent.<\/span><\/p>","protected":false},"featured_media":1485,"template":"","meta":{"_kad_post_transparent":"default","_kad_post_title":"","_kad_post_layout":"default","_kad_post_sidebar_id":"","_kad_post_content_style":"default","_kad_post_vertical_padding":"default","_kad_post_feature":"","_kad_post_feature_position":"","_kad_post_header":false,"_kad_post_footer":false,"_kad_post_classname":""},"product_brand":[],"product_cat":[24],"product_tag":[153],"class_list":{"0":"post-1484","1":"product","2":"type-product","3":"status-publish","4":"has-post-thumbnail","6":"product_cat-custom-acrylic-sheets","7":"product_tag-acrylic-plastic-sheets","9":"first","10":"instock","11":"shipping-taxable","12":"product-type-simple","13":"entry","14":"content-bg","15":"loop-entry"},"_links":{"self":[{"href":"https:\/\/customacrylicproduct.com\/fr\/wp-json\/wp\/v2\/product\/1484","targetHints":{"allow":["GET"]}}],"collection":[{"href":"https:\/\/customacrylicproduct.com\/fr\/wp-json\/wp\/v2\/product"}],"about":[{"href":"https:\/\/customacrylicproduct.com\/fr\/wp-json\/wp\/v2\/types\/product"}],"wp:featuredmedia":[{"embeddable":true,"href":"https:\/\/customacrylicproduct.com\/fr\/wp-json\/wp\/v2\/media\/1485"}],"wp:attachment":[{"href":"https:\/\/customacrylicproduct.com\/fr\/wp-json\/wp\/v2\/media?parent=1484"}],"wp:term":[{"taxonomy":"product_brand","embeddable":true,"href":"https:\/\/customacrylicproduct.com\/fr\/wp-json\/wp\/v2\/product_brand?post=1484"},{"taxonomy":"product_cat","embeddable":true,"href":"https:\/\/customacrylicproduct.com\/fr\/wp-json\/wp\/v2\/product_cat?post=1484"},{"taxonomy":"product_tag","embeddable":true,"href":"https:\/\/customacrylicproduct.com\/fr\/wp-json\/wp\/v2\/product_tag?post=1484"}],"curies":[{"name":"wp","href":"https:\/\/api.w.org\/{rel}","templated":true}]}}