{"id":1493,"date":"2025-07-21T11:05:43","date_gmt":"2025-07-21T11:05:43","guid":{"rendered":"https:\/\/customacrylicproduct.com\/?post_type=product&#038;p=1493"},"modified":"2025-07-21T11:05:43","modified_gmt":"2025-07-21T11:05:43","slug":"acrylic-desk-ornaments-ornament-quicksand-design-desk-decor","status":"publish","type":"product","link":"https:\/\/customacrylicproduct.com\/fr\/acrylic-desk-ornaments-ornament-quicksand-design-desk-decor\/","title":{"rendered":"Ornements de bureau en acrylique Ornement Quicksand Design D\u00e9coration de bureau"},"content":{"rendered":"<h3 id=\"transform-your-workspace-presenting-the-polymer-quicksand-desk-accessory\">Transformez votre espace de travail : Pr\u00e9sentation de l'accessoire de bureau Polymer Quicksand<\/h3>\n<p>Dans l'agitation de notre vie quotidienne, le bureau de travail devient souvent un paysage de stress et d'anxi\u00e9t\u00e9 - un t\u00e9moignage des dates butoirs, de l'ordre des travaux et du flux incessant d'informations. C'est un espace de performance, mais il peut facilement se transformer en espace de pression. Et si vous pouviez introduire une petite poche de tranquillit\u00e9, un mini-monde de tranquillit\u00e9 qui se trouve juste au bout de vos doigts ? Voici le captivant ornement de bureau Acrylic Quicksand, une pi\u00e8ce de design passionnante con\u00e7ue pour \u00eatre plus qu'un simple presse-papier. Il s'agit d'une retraite esth\u00e9tique, d'un outil de pleine conscience et d'un stimulant pour votre imagination cr\u00e9ative, le tout encadr\u00e9 dans un bloc attrayant et cristallin.<\/p>\n<p><img fetchpriority=\"high\" decoding=\"async\" class=\"size-full wp-image-1495\" src=\"https:\/\/customacrylicproduct.com\/wp-content\/uploads\/2025\/07\/Acrylic-Desk-Ornaments-2.jpg\" alt=\"Ornements de bureau en acrylique (2)\" width=\"800\" height=\"800\" srcset=\"https:\/\/customacrylicproduct.com\/wp-content\/uploads\/2025\/07\/Acrylic-Desk-Ornaments-2.jpg 800w, https:\/\/customacrylicproduct.com\/wp-content\/uploads\/2025\/07\/Acrylic-Desk-Ornaments-2-300x300.jpg 300w, https:\/\/customacrylicproduct.com\/wp-content\/uploads\/2025\/07\/Acrylic-Desk-Ornaments-2-150x150.jpg 150w, https:\/\/customacrylicproduct.com\/wp-content\/uploads\/2025\/07\/Acrylic-Desk-Ornaments-2-768x768.jpg 768w, https:\/\/customacrylicproduct.com\/wp-content\/uploads\/2025\/07\/Acrylic-Desk-Ornaments-2-600x600.jpg 600w, https:\/\/customacrylicproduct.com\/wp-content\/uploads\/2025\/07\/Acrylic-Desk-Ornaments-2-100x100.jpg 100w\" sizes=\"(max-width: 800px) 100vw, 800px\" \/><\/p>\n<p><strong>Un globe fascinant en petit<\/strong><\/p>\n<p>Cet accessoire est une merveille de physique \u00e9l\u00e9mentaire et de virtuosit\u00e9 fascinante. Fabriqu\u00e9 \u00e0 partir d'un polym\u00e8re de premi\u00e8re qualit\u00e9 et de longue dur\u00e9e, le mod\u00e8le transparent en forme de rectangle semble significatif et lisse dans vos mains, comme un bloc d'eau fort et captur\u00e9. La clart\u00e9 de l'acrylique est excellente, offrant une vue imprenable sur la sc\u00e8ne magique qu'il renferme. C'est \u00e0 l'int\u00e9rieur de ce monde autosuffisant que se produit la v\u00e9ritable magie.<\/p>\n<p>L'ornement contient deux fluides diff\u00e9rents et non miscibles. L'un est un fluide parfaitement clair et \u00e9pais qui permet un mouvement lent et gracieux, tandis que l'autre est un fluide color\u00e9 ou nacr\u00e9 qui joue le r\u00f4le de la \u201cfange\u201d ou de la \u201cvague de mer\u201d. Lorsque vous tournez, transformez ou secouez doucement le bloc, ces deux liquides dansent l'un avec l'autre dans un spectacle fascinant et changeant. Les liquides teint\u00e9s se d\u00e9sint\u00e8grent en bulles et en vagues, d\u00e9rivant et cascadant progressivement avant de se stabiliser, cr\u00e9ant \u00e0 chaque fois un paysage nouveau et particulier. C'est une efficacit\u00e9 lente, silencieuse et profond\u00e9ment agr\u00e9able.<\/p>\n<p>Mais le ph\u00e9nom\u00e8ne ne s'arr\u00eate pas au fluide. De charmantes figurines en porcelaine et des \u00e9l\u00e9ments attrayants, qui conf\u00e8rent \u00e0 chaque ornement son caract\u00e8re et son motif particuliers, flottent sereinement dans ce d\u00e9cor vibrant.<\/p>\n<ul>\n<li><strong>L'ours vivant :\u00a0<\/strong>Comme le montre une variante fascinante, un joyeux ours jaune \u00e0 l'expression agr\u00e9able, avec un minuscule n\u0153ud rouge, est assis patiemment sur un oc\u00e9an d'un bleu \u00e9clatant. \u00c0 c\u00f4t\u00e9 de lui, un flotteur color\u00e9 \u00e0 plusieurs couches flotte d\u00e9licatement. En inclinant cet ornement, l'ours et son flotteur se lancent dans un voyage fantaisiste sur les vagues bleues ondulantes, stimulant un sentiment d'insouciance estivale et de bonheur simple.<\/li>\n<li><strong>L'oc\u00e9an serein :\u00a0<\/strong>Un autre mod\u00e8le capture l'\u00e9l\u00e9gance tranquille des profondeurs de la mer. Plut\u00f4t qu'une teinte unie, la couche inf\u00e9rieure est un turquoise marbr\u00e9 spectaculaire qui imite les courants tourbillonnants de la mer. Lorsqu'il est agit\u00e9, ce liquide produit des vagues et des tourbillons impressionnants qui r\u00e9v\u00e8lent les surprises qu'il renferme. Des coquillages iris\u00e9s, des perles scintillantes, des petits poissons dor\u00e9s, des fleurs et des flocons de neige d\u00e9licats, semblables \u00e0 des confettis, sont suspendus dans le liquide transparent qui se trouve au-dessus. C'est comme si l'on tenait un morceau d'un littoral de r\u00eave, un d\u00e9p\u00f4t d\u00e9couvert sur une plage oubli\u00e9e.<\/li>\n<li><strong>Le lapin malpropre :\u00a0<\/strong>Pour ceux qui adorent une touche de douce fantaisie, une figurine de lapin blanc aux joues lumineuses repose paisiblement au sommet d'une vague tourbillonnante d'un blanc laiteux rehauss\u00e9e de pointes de bleu et d'\u00e9colo. Cette variante est charg\u00e9e d'un \u00e9clat scintillant et d'attraits opalescents qui capturent la lumi\u00e8re comme une terre enchanteresse. Le lapin semble \u00eatre le gardien tranquille de son monde nacr\u00e9, offrant une minute de fantaisie paisible au milieu d'une journ\u00e9e tr\u00e9pidante.<\/li>\n<\/ul>\n<p><img decoding=\"async\" class=\"size-full wp-image-1494\" src=\"https:\/\/customacrylicproduct.com\/wp-content\/uploads\/2025\/07\/Acrylic-Desk-Ornaments-1.jpg\" alt=\"Ornements de bureau en acrylique (1)\" width=\"800\" height=\"800\" srcset=\"https:\/\/customacrylicproduct.com\/wp-content\/uploads\/2025\/07\/Acrylic-Desk-Ornaments-1.jpg 800w, https:\/\/customacrylicproduct.com\/wp-content\/uploads\/2025\/07\/Acrylic-Desk-Ornaments-1-300x300.jpg 300w, https:\/\/customacrylicproduct.com\/wp-content\/uploads\/2025\/07\/Acrylic-Desk-Ornaments-1-150x150.jpg 150w, https:\/\/customacrylicproduct.com\/wp-content\/uploads\/2025\/07\/Acrylic-Desk-Ornaments-1-768x768.jpg 768w, https:\/\/customacrylicproduct.com\/wp-content\/uploads\/2025\/07\/Acrylic-Desk-Ornaments-1-600x600.jpg 600w, https:\/\/customacrylicproduct.com\/wp-content\/uploads\/2025\/07\/Acrylic-Desk-Ornaments-1-100x100.jpg 100w\" sizes=\"(max-width: 800px) 100vw, 800px\" \/><\/p>\n<p><strong>Plus qu'un simple ornement : Un outil pour le bien-\u00eatre<\/strong><\/p>\n<p>Dans un monde qui exige constamment notre attention, l'ornement Acrylic Quicksand Workdesk vous invite \u00e0 faire le contraire : \u00e0 vous arr\u00eater, \u00e0 respirer et \u00e0 simplement regarder. Il ne s'agit pas d'un simple objet d\u00e9coratif, mais d'un dispositif efficace pour soulager l'anxi\u00e9t\u00e9 et favoriser la pleine conscience.<\/p>\n<p>Le mouvement lent, pr\u00e9visible, mais toujours changeant du liquide et de son contenu est tr\u00e8s relaxant. Il a une qualit\u00e9 m\u00e9ditative, comparable \u00e0 l'observation d'un aquarium, d'une lumi\u00e8re de lave ou d'une bougie vacillante. Lorsque vous vous sentez accabl\u00e9 ou bloqu\u00e9 sur une question, le fait de prendre un moment pour retourner l'accessoire et voir la sc\u00e8ne se r\u00e9initialiser peut vous aider \u00e0 vous lib\u00e9rer l'esprit. Il agit comme un l\u00e9ger ancrage dans le moment pr\u00e9sent, d\u00e9tournant votre attention des pens\u00e9es nerveuses et vous ancrant dans une exp\u00e9rience sensorielle directe et magnifique. Cette \u201cmicro-pause\u201d peut r\u00e9duire votre rythme cardiaque, att\u00e9nuer le stress et vous permettre de reprendre votre travail avec un point de vue rafra\u00eechi.<\/p>\n<p>En outre, il peut s'agir d'un moteur remarquable pour la pens\u00e9e cr\u00e9ative. Face \u00e0 un blocage mental, une minute de perturbation calme et anim\u00e9e peut \u00eatre pr\u00e9cis\u00e9ment ce dont votre cerveau a besoin pour \u00e9tablir de nouvelles connexions. En voyant les petites figurines d\u00e9river et le rayonnement tourbillonner, vous permettez \u00e0 votre esprit de vagabonder et de r\u00eavasser. C'est souvent dans cet \u00e9tat d'int\u00e9r\u00eat spontan\u00e9 que naissent les concepts les plus novateurs. C'est un interrupteur de r\u00e9initialisation cr\u00e9ative, un objet minuscule qui peut aider \u00e0 d\u00e9bloquer de grandes id\u00e9es.<\/p>\n<p><img decoding=\"async\" class=\"size-full wp-image-1497\" src=\"https:\/\/customacrylicproduct.com\/wp-content\/uploads\/2025\/07\/Acrylic-Desk-Ornaments-4.jpg\" alt=\"Ornements de bureau en acrylique (4)\" width=\"800\" height=\"800\" srcset=\"https:\/\/customacrylicproduct.com\/wp-content\/uploads\/2025\/07\/Acrylic-Desk-Ornaments-4.jpg 800w, https:\/\/customacrylicproduct.com\/wp-content\/uploads\/2025\/07\/Acrylic-Desk-Ornaments-4-300x300.jpg 300w, https:\/\/customacrylicproduct.com\/wp-content\/uploads\/2025\/07\/Acrylic-Desk-Ornaments-4-150x150.jpg 150w, https:\/\/customacrylicproduct.com\/wp-content\/uploads\/2025\/07\/Acrylic-Desk-Ornaments-4-768x768.jpg 768w, https:\/\/customacrylicproduct.com\/wp-content\/uploads\/2025\/07\/Acrylic-Desk-Ornaments-4-600x600.jpg 600w, https:\/\/customacrylicproduct.com\/wp-content\/uploads\/2025\/07\/Acrylic-Desk-Ornaments-4-100x100.jpg 100w\" sizes=\"(max-width: 800px) 100vw, 800px\" \/><\/p>\n<p><strong>L'accent parfait pour toutes les pi\u00e8ces<\/strong><\/p>\n<p>Avec ses lignes \u00e9pur\u00e9es et son int\u00e9rieur captivant, cet ornement de bureau est une pi\u00e8ce polyvalente qui s'adapte \u00e0 tous les styles de d\u00e9coration. Dans un bureau minimal, il ajoute une touche de couleur solitaire et contenue et une passion vibrante sans cr\u00e9er de d\u00e9sordre. Dans un espace beaucoup plus \u00e9clectique ou innovant, il contribue \u00e0 la collection de tr\u00e9sors personnels qui font qu'un bureau se sent comme le v\u00f4tre.<\/p>\n<p>Placez-le sur le bureau de votre lieu de travail, sur la table de recherche de votre maison ou m\u00eame sur votre table de chevet pour vous d\u00e9tendre pendant la journ\u00e9e. C'est une merveilleuse am\u00e9lioration pour une classe, fonctionnant comme un outil silencieux de \u201cretour au calme\u201d pour les stagiaires qui ont besoin d'une minute pour se ressaisir. Il peut \u00e9galement \u00eatre plac\u00e9 sur un bureau d'accueil ou dans une salle d'attente, offrant aux visiteurs un d\u00e9fi agr\u00e9able et fascinant \u00e0 relever.<\/p>\n<p><strong>Un cadeau unique et r\u00e9fl\u00e9chi<\/strong><\/p>\n<p>Vous avez du mal \u00e0 trouver le cadeau id\u00e9al pour un collaborateur, un \u00e9tudiant, un \u00e9ducateur ou un ami proche ? L'ornement Mire en acrylique est un choix largement attrayant et r\u00e9fl\u00e9chi. Il ne n\u00e9cessite ni piles, ni configuration, ni entretien - sa beaut\u00e9 est imm\u00e9diate et durable. C'est un cadeau qui ne s'oublie pas et qui procure de nombreux moments de tranquillit\u00e9 et de plaisir. Il est id\u00e9al pour un nouvel \u00e9v\u00e9nement professionnel, un anniversaire, un cadeau de f\u00eate ou simplement pour montrer \u00e0 une personne que vous vous souciez de son bien-\u00eatre. Chaque style offre une personnalit\u00e9 diff\u00e9rente, ce qui vous permet d'en choisir un qui correspond parfaitement au destinataire.<\/p>\n<p>En conclusion, l'ornement Acrylic Quicksand Workdesk est bien plus que ce qu'il semble \u00eatre. C'est une \u0153uvre d'art, un outil anti-stress, une aide \u00e0 la concentration et une source de fascination illimit\u00e9e. Il nous rappelle qu'il faut trouver de l'attrait dans les petites choses et prendre une minute pour soi. Apportez ce petit globe de merveilles sur votre bureau et observez comment il transforme votre espace et votre \u00e9tat d'esprit, une douce vague \u00e0 la fois.<\/p>","protected":false},"excerpt":{"rendered":"<p class=\"ng-star-inserted\"><span class=\"ng-star-inserted\">Ajoutez une touche de fun \u00e0 votre bureau avec ce charmant ornement en sables mouvants en acrylique. Regardez d'adorables figurines flotter et d\u00e9river dans le liquide apaisant. Cette d\u00e9coration de bureau captivante offre une \u00e9vasion visuelle relaxante, parfaite pour soulager le stress et \u00e9gayer votre journ\u00e9e. Un cadeau d\u00e9licieux pour toutes les occasions<\/span><\/p>","protected":false},"featured_media":1494,"template":"","meta":{"_kad_post_transparent":"default","_kad_post_title":"","_kad_post_layout":"default","_kad_post_sidebar_id":"","_kad_post_content_style":"default","_kad_post_vertical_padding":"default","_kad_post_feature":"","_kad_post_feature_position":"","_kad_post_header":false,"_kad_post_footer":false,"_kad_post_classname":""},"product_brand":[],"product_cat":[20],"product_tag":[129],"class_list":{"0":"post-1493","1":"product","2":"type-product","3":"status-publish","4":"has-post-thumbnail","6":"product_cat-custom-acrylic-crafts","7":"product_tag-acrylic-crafts","9":"first","10":"instock","11":"shipping-taxable","12":"product-type-simple","13":"entry","14":"content-bg","15":"loop-entry"},"_links":{"self":[{"href":"https:\/\/customacrylicproduct.com\/fr\/wp-json\/wp\/v2\/product\/1493","targetHints":{"allow":["GET"]}}],"collection":[{"href":"https:\/\/customacrylicproduct.com\/fr\/wp-json\/wp\/v2\/product"}],"about":[{"href":"https:\/\/customacrylicproduct.com\/fr\/wp-json\/wp\/v2\/types\/product"}],"wp:featuredmedia":[{"embeddable":true,"href":"https:\/\/customacrylicproduct.com\/fr\/wp-json\/wp\/v2\/media\/1494"}],"wp:attachment":[{"href":"https:\/\/customacrylicproduct.com\/fr\/wp-json\/wp\/v2\/media?parent=1493"}],"wp:term":[{"taxonomy":"product_brand","embeddable":true,"href":"https:\/\/customacrylicproduct.com\/fr\/wp-json\/wp\/v2\/product_brand?post=1493"},{"taxonomy":"product_cat","embeddable":true,"href":"https:\/\/customacrylicproduct.com\/fr\/wp-json\/wp\/v2\/product_cat?post=1493"},{"taxonomy":"product_tag","embeddable":true,"href":"https:\/\/customacrylicproduct.com\/fr\/wp-json\/wp\/v2\/product_tag?post=1493"}],"curies":[{"name":"wp","href":"https:\/\/api.w.org\/{rel}","templated":true}]}}