{"id":1498,"date":"2025-07-22T01:14:31","date_gmt":"2025-07-22T01:14:31","guid":{"rendered":"https:\/\/customacrylicproduct.com\/?post_type=product&#038;p=1498"},"modified":"2025-07-22T01:14:31","modified_gmt":"2025-07-22T01:14:31","slug":"clear-custom-acrylic-key-holder-acrylic-key-holder","status":"publish","type":"product","link":"https:\/\/customacrylicproduct.com\/fr\/clear-custom-acrylic-key-holder-acrylic-key-holder\/","title":{"rendered":"Porte-cl\u00e9s en acrylique transparent personnalis\u00e9 Porte-cl\u00e9s en acrylique"},"content":{"rendered":"<h3 id=\"-release-your-imagination-the-ultimate-guide-to-personalized-polymer-trick-holders-\"><strong>Laissez libre cours \u00e0 votre imagination : Le guide ultime des porte-bonheurs personnalis\u00e9s en polym\u00e8re<\/strong><\/h3>\n<p>Dans un monde d'articles produits en masse, le pouvoir de la personnalisation se distingue. C'est la capacit\u00e9 de prendre un concept \u00e9ph\u00e9m\u00e8re, un personnage cher ou l'identit\u00e9 d'une marque et de le transformer en un objet substantiel et de qualit\u00e9 sup\u00e9rieure que vous pouvez tenir, utiliser et partager. Nous vous pr\u00e9sentons nos porte-bonheur en acrylique transparent et personnalis\u00e9 - une excellente toile pour votre imagination. Plus qu'un simple dispositif, ces objets essentiels sont de petites \u0153uvres d'art, de solides outils publicitaires et de v\u00e9ritables symboles d'affection, tous fabriqu\u00e9s selon vos sp\u00e9cifications pr\u00e9cises.<\/p>\n<p>Comme le montrent les divers exemples - de l'adorable\u00a0<em>Chiikawa\u00a0<\/em>\u00e0 l'embl\u00e9matique\u00a0<em>Doraemon\u00a0<\/em>et\u00a0<em>Bonjour Cat\u00a0<\/em>les beaut\u00e9s, le dynamisme\u00a0<em>Haikyuu ! !\u00a0<\/em>et les produits d'animation, et l'\u00e9l\u00e9gant\u00a0<em>Conan d'investigation\u00a0<\/em>les possibilit\u00e9s sont pratiquement illimit\u00e9es. Voyons comment vous pouvez donner vie \u00e0 votre vision gr\u00e2ce \u00e0 nos porte-bouteilles acryliques sur mesure.<\/p>\n<p><img fetchpriority=\"high\" decoding=\"async\" class=\"size-full wp-image-1501\" src=\"https:\/\/customacrylicproduct.com\/wp-content\/uploads\/2025\/07\/Custom-Acrylic-Key-Holder-3.jpg\" alt=\"Porte-cl\u00e9s en acrylique personnalis\u00e9 (3)\" width=\"1000\" height=\"1000\" srcset=\"https:\/\/customacrylicproduct.com\/wp-content\/uploads\/2025\/07\/Custom-Acrylic-Key-Holder-3.jpg 1000w, https:\/\/customacrylicproduct.com\/wp-content\/uploads\/2025\/07\/Custom-Acrylic-Key-Holder-3-300x300.jpg 300w, https:\/\/customacrylicproduct.com\/wp-content\/uploads\/2025\/07\/Custom-Acrylic-Key-Holder-3-150x150.jpg 150w, https:\/\/customacrylicproduct.com\/wp-content\/uploads\/2025\/07\/Custom-Acrylic-Key-Holder-3-768x768.jpg 768w, https:\/\/customacrylicproduct.com\/wp-content\/uploads\/2025\/07\/Custom-Acrylic-Key-Holder-3-600x600.jpg 600w, https:\/\/customacrylicproduct.com\/wp-content\/uploads\/2025\/07\/Custom-Acrylic-Key-Holder-3-100x100.jpg 100w\" sizes=\"(max-width: 1000px) 100vw, 1000px\" \/><\/p>\n<h4 id=\"-the-core-of-quality-crystal-clear-sturdy-polymer-\"><strong>Le c\u0153ur de la qualit\u00e9 : Polym\u00e8re cristallin et robuste<\/strong><\/h4>\n<p>La base de tout excellent porte-cl\u00e9s est le produit lui-m\u00eame. Nous utilisons de l'acrylique transparent de premi\u00e8re qualit\u00e9 qui offre un \u00e9quilibre parfait entre la robustesse et l'attrait visuel.<\/p>\n<ul>\n<li><strong>Clart\u00e9 et vivacit\u00e9 :\u00a0<\/strong>Notre acrylique est transparent comme du cristal, ce qui permet aux couleurs r\u00e9elles de votre \u0153uvre d'art de rayonner avec un \u00e9clat ph\u00e9nom\u00e9nal. Contrairement aux plastiques plus abordables, il ne jaunit pas progressivement, ce qui garantit que votre dessin reste aussi \u00e9blouissant que le jour o\u00f9 il a \u00e9t\u00e9 imprim\u00e9.<\/li>\n<li><strong>L\u00e9ger et solide :\u00a0<\/strong>Malgr\u00e9 sa nature durable et r\u00e9sistante aux rayures, l'acrylique est remarquablement l\u00e9ger. Il convient donc aux porte-cl\u00e9s qui ne p\u00e8seront pas sur vos affaires, votre sac \u00e0 dos ou votre sac \u00e0 main, mais qui r\u00e9sisteront aux chocs et aux \u00e9raflures de la vie quotidienne.<\/li>\n<li><strong>D\u00e9coupe de pr\u00e9cision :\u00a0<\/strong>Votre pr\u00e9sentation n'est pas limit\u00e9e \u00e0 un carr\u00e9 ou \u00e0 un cercle de base. Gr\u00e2ce \u00e0 une technologie avanc\u00e9e de d\u00e9coupe au laser, nous pouvons r\u00e9duire l'acrylique pour qu'il corresponde exactement \u00e0 votre \u0153uvre d'art. Qu'il s'agisse de la forme \u00e9labor\u00e9e d'un personnage comme\u00a0<em>Doraemon\u00a0<\/em>ou une forme personnalis\u00e9e correspondant au logo de votre marque, le r\u00e9sultat est un rev\u00eatement soign\u00e9 et sp\u00e9cialis\u00e9 qui fait ressortir votre style.<\/li>\n<\/ul>\n<p><img decoding=\"async\" class=\"size-full wp-image-1502\" src=\"https:\/\/customacrylicproduct.com\/wp-content\/uploads\/2025\/07\/Custom-Acrylic-Key-Holder-4.jpg\" alt=\"Porte-cl\u00e9s en acrylique personnalis\u00e9 (4)\" width=\"800\" height=\"800\" srcset=\"https:\/\/customacrylicproduct.com\/wp-content\/uploads\/2025\/07\/Custom-Acrylic-Key-Holder-4.jpg 800w, https:\/\/customacrylicproduct.com\/wp-content\/uploads\/2025\/07\/Custom-Acrylic-Key-Holder-4-300x300.jpg 300w, https:\/\/customacrylicproduct.com\/wp-content\/uploads\/2025\/07\/Custom-Acrylic-Key-Holder-4-150x150.jpg 150w, https:\/\/customacrylicproduct.com\/wp-content\/uploads\/2025\/07\/Custom-Acrylic-Key-Holder-4-768x768.jpg 768w, https:\/\/customacrylicproduct.com\/wp-content\/uploads\/2025\/07\/Custom-Acrylic-Key-Holder-4-600x600.jpg 600w, https:\/\/customacrylicproduct.com\/wp-content\/uploads\/2025\/07\/Custom-Acrylic-Key-Holder-4-100x100.jpg 100w\" sizes=\"(max-width: 800px) 100vw, 800px\" \/><\/p>\n<h4 id=\"-your-layout-your-tale-unmatched-modification-\"><strong>Votre mod\u00e8le, votre histoire : des modifications in\u00e9gal\u00e9es<\/strong><\/h4>\n<p>C'est ici que votre imagination prend le dessus. Notre proc\u00e9dure d'impression UV de pointe lie de mani\u00e8re permanente l'encre \u00e0 l'acrylique, ce qui donne un style imperm\u00e9able, r\u00e9sistant \u00e0 la d\u00e9coloration et incroyablement d\u00e9crit.<\/p>\n<ul>\n<li><strong>Impression simple ou double face :\u00a0<\/strong>Choisissez de publier votre style sur une seule face pour un aspect classique, ou optez pour l'impression recto-verso. Vous pouvez pr\u00e9senter la m\u00eame mise en page des deux c\u00f4t\u00e9s ou cr\u00e9er une exp\u00e9rience recto-verso unique avec des images, des expressions ou des messages diff\u00e9rents.<\/li>\n<li><strong>Protection \u00e0 double paroi :\u00a0<\/strong>Pour une r\u00e9sistance maximale, nous sugg\u00e9rons notre construction \u00e0 double panneau (ou \u201csandwich\u201d). Votre \u0153uvre est imprim\u00e9e au dos de la premi\u00e8re pi\u00e8ce d'acrylique, puis fix\u00e9e \u00e0 l'aide d'une deuxi\u00e8me pi\u00e8ce d'acrylique. La mise en page est ainsi encapsul\u00e9e et il est pratiquement impossible de la rayer ou de l'user, que ce soit au recto ou au verso.<\/li>\n<li><strong>Rev\u00eatements sp\u00e9ciaux pour un aspect \u201cWow\u201d :\u00a0<\/strong>Notre gamme de surfaces sp\u00e9ciales vous permet d'\u00e9lever votre style au-del\u00e0 de la norme.<\/li>\n<li><strong>Polym\u00e8re brillant :\u00a0<\/strong>Comme le montre la magnifique rose\u00a0<em>Enqu\u00eateur Conan\u00a0<\/em>beaut\u00e9, l'incorporation de paillettes dans l'acrylique ajoute une lueur enchanteresse et attrayante qui change avec la lumi\u00e8re.<\/li>\n<li><strong>R\u00e9sultat holographique :\u00a0<\/strong>Cr\u00e9ez un arc-en-ciel brillant qui bouge et scintille au fur et \u00e0 mesure que le porte-cl\u00e9s avance. Ce porte-cl\u00e9s est id\u00e9al pour le r\u00eave, la science-fiction ou tout autre style n\u00e9cessitant une touche de magie suppl\u00e9mentaire.<\/li>\n<li><strong>D\u00f4me en \u00e9poxy :\u00a0<\/strong>Ajoutez une couche de r\u00e9sine \u00e9poxy lisse, arrondie et brillante sur votre dessin. Cela permet non seulement de rehausser les nuances et de donner une sensation tactile agr\u00e9able, mais aussi d'ajouter une couche de protection suppl\u00e9mentaire.<\/li>\n<li><strong>Couleurs d\u00e9grad\u00e9es et translucides :\u00a0<\/strong>Comme le montre la\u00a0<em>Haikyuu !!\u00a0<\/em>nous pouvons d\u00e9velopper de magnifiques effets de d\u00e9grad\u00e9s ou utiliser des couleurs transparentes pour donner \u00e0 votre style une profondeur et une esth\u00e9tique unique et moderne.<\/li>\n<\/ul>\n<p><img decoding=\"async\" class=\"size-full wp-image-1499\" src=\"https:\/\/customacrylicproduct.com\/wp-content\/uploads\/2025\/07\/Custom-Acrylic-Key-Holder-1.jpg\" alt=\"Porte-cl\u00e9s en acrylique personnalis\u00e9 (1)\" width=\"800\" height=\"800\" srcset=\"https:\/\/customacrylicproduct.com\/wp-content\/uploads\/2025\/07\/Custom-Acrylic-Key-Holder-1.jpg 800w, https:\/\/customacrylicproduct.com\/wp-content\/uploads\/2025\/07\/Custom-Acrylic-Key-Holder-1-300x300.jpg 300w, https:\/\/customacrylicproduct.com\/wp-content\/uploads\/2025\/07\/Custom-Acrylic-Key-Holder-1-150x150.jpg 150w, https:\/\/customacrylicproduct.com\/wp-content\/uploads\/2025\/07\/Custom-Acrylic-Key-Holder-1-768x768.jpg 768w, https:\/\/customacrylicproduct.com\/wp-content\/uploads\/2025\/07\/Custom-Acrylic-Key-Holder-1-600x600.jpg 600w, https:\/\/customacrylicproduct.com\/wp-content\/uploads\/2025\/07\/Custom-Acrylic-Key-Holder-1-100x100.jpg 100w\" sizes=\"(max-width: 800px) 100vw, 800px\" \/><\/p>\n<h4 id=\"-the-perfect-attachment-a-world-of-hardware-options-\"><strong>La fixation parfaite : Un monde d'options mat\u00e9rielles<\/strong><\/h4>\n<p>Un porte-cl\u00e9s n'est pas suffisant sans son \u00e9quipement. Nous vous proposons un vaste choix d'accessoires adapt\u00e9s au style, \u00e0 la fonction et \u00e0 la qualit\u00e9 de votre agencement.<\/p>\n<ul>\n<li><strong>Porte-cl\u00e9s classiques :\u00a0<\/strong>L'ind\u00e9modable anneau fendu en argent ou en plaqu\u00e9 or est un choix solide et fiable pour toute collection de secrets.<\/li>\n<li><strong>Boucles d'oreilles tendance :\u00a0<\/strong>Optez pour des attaches plus attrayantes et plus utiles, telles que les fermoirs en forme de homard, d'\u00e9toile ou de c\u0153ur. Ils permettent de relier tr\u00e8s facilement votre beaut\u00e9 aux fermetures \u00e0 glissi\u00e8re, aux trous des sacs et aux planificateurs. Les fermoirs en plastique vif de la\u00a0<em>Chiikawa\u00a0<\/em>sont un exemple parfait d'adaptation du mat\u00e9riel \u00e0 l'esth\u00e9tique de la pr\u00e9sentation.<\/li>\n<li><strong>Mat\u00e9riel sur mesure et utile :\u00a0<\/strong>Faites passer votre style au niveau sup\u00e9rieur avec des ferrures personnalis\u00e9es. Les\u00a0<em>Haikyuu ! !\u00a0<\/em>comprend un mousqueton de forme personnalis\u00e9e et bien connu, transformant ainsi un simple accessoire en un objet de valeur, \u00e0 la fois utile et hautement collectionnable.<\/li>\n<li><strong>Assemblages multi-bras :\u00a0<\/strong>Pourquoi se contenter d'une seule breloque quand on peut en avoir toute une s\u00e9rie ? Nous pouvons assembler plusieurs breloques de petite taille sur un seul article de quincaillerie, cr\u00e9ant ainsi un dispositif vibrant et tintinnabulant tel que le\u00a0<em>Chiikawa\u00a0<\/em>et\u00a0<em>D\u00e9tective Conan\u00a0<\/em>Les exemples sont nombreux. Incluez une petite cloche pour un attrait particulier ou une pi\u00e8ce secondaire en acrylique avec un nom ou un logo.<\/li>\n<\/ul>\n<h4 id=\"-applications-from-enthusiasm-projects-to-expert-promotions-\"><strong>Applications : Des projets d'enthousiasme aux promotions d'experts<\/strong><\/h4>\n<p>Nos supports cruciaux personnalis\u00e9s en acrylique sont extr\u00eamement flexibles et offrent une vaste s\u00e9lection d'objectifs.<\/p>\n<ul>\n<li><strong>Pour les artistes et les cr\u00e9ateurs :\u00a0<\/strong>Transformez vos images \u00e9lectroniques en produits rentables. Ils sont indispensables \u00e0 toute table de musicien de rue lors de conventions et sont excellents pour \u00eatre propos\u00e9s sur Etsy, Shopify ou votre boutique en ligne personnelle.<\/li>\n<li><strong>Pour les entreprises et les marques :\u00a0<\/strong>Cr\u00e9ez des produits publicitaires remarquables que les gens utiliseront vraiment. Offrez-les lors de salons professionnels, offrez-les en cadeau lors d'une acquisition ou proposez-les dans le cadre de la gamme de produits de votre marque.<\/li>\n<li><strong>Pour les quartiers et les clubs de supporters :\u00a0<\/strong>Concevez des porte-cl\u00e9s pour votre club d'anime, votre \u00e9quipe sportive ou votre quartier en ligne. C'est un moyen fantastique d'afficher un enthousiasme partag\u00e9 et de cr\u00e9er un sentiment d'appartenance.<\/li>\n<li><strong>Pour les pr\u00e9sentations individuelles et les \u00e9v\u00e9nements :\u00a0<\/strong>Comm\u00e9morez une f\u00eate unique comme un mariage, une remise de dipl\u00f4me ou un anniversaire avec un porte-cl\u00e9s personnalis\u00e9. Ils permettent de cr\u00e9er des cadeaux distincts, individuels et durables.<\/li>\n<\/ul>\n<h4 id=\"-retail-ready-packaging-\"><strong>Emballage pr\u00eat pour la vente au d\u00e9tail<\/strong><\/h4>\n<p>Probl\u00e8mes de pr\u00e9sentation. Pour fournir \u00e0 vos d\u00e9tenteurs vitaux une surface professionnelle, pr\u00eate pour la vente au d\u00e9tail, nous proposons des solutions d'emballage de produits personnalis\u00e9es. Comme le montre l'exemple du\u00a0<em>Chiikawa\u00a0<\/em>Ce porte-cl\u00e9s se compose d'une carte de support en carton imprim\u00e9e sur mesure qui peut comporter votre marque, votre personnalit\u00e9 et vos r\u00e9seaux sociaux, le tout soigneusement emball\u00e9 dans un sac en poly\u00e9thyl\u00e8ne transparent.<\/p>\n<p>Qu'il s'agisse d'une beaut\u00e9 solitaire et \u00e9l\u00e9gante ou d'un assemblage complexe d'\u00e9l\u00e9ments brillants \u00e0 multiples facettes, nos porte-b\u00e9b\u00e9s en acrylique fabriqu\u00e9s sur mesure offrent le syst\u00e8me d'expression supr\u00eame. Nous utilisons des mat\u00e9riaux de haute qualit\u00e9, une fabrication pr\u00e9cise et une multitude de choix de personnalisation afin de garantir que votre vision soit parfaitement reconnue.\u00a0<strong>Commencez \u00e0 cr\u00e9er d\u00e8s aujourd'hui et transformez vos concepts en appareils que les gens aimeront certainement emporter partout avec eux.\u00a0<\/strong>.<\/p>","protected":false},"excerpt":{"rendered":"<p class=\"ng-star-inserted\"><span class=\"ng-star-inserted\">Cr\u00e9ez vos propres porte-cl\u00e9s en acrylique personnalis\u00e9s ! Fabriqu\u00e9s en acrylique transparent et durable, ils sont dot\u00e9s d'une impression vibrante de haute qualit\u00e9. Parfaits pour personnaliser des cl\u00e9s, des sacs ou cr\u00e9er des articles uniques. Diff\u00e9rentes formes, tailles et options de fixation sont disponibles pour donner vie \u00e0 vos cr\u00e9ations.<\/span><\/p>","protected":false},"featured_media":1502,"template":"","meta":{"_kad_post_transparent":"default","_kad_post_title":"","_kad_post_layout":"default","_kad_post_sidebar_id":"","_kad_post_content_style":"default","_kad_post_vertical_padding":"default","_kad_post_feature":"","_kad_post_feature_position":"","_kad_post_header":false,"_kad_post_footer":false,"_kad_post_classname":""},"product_brand":[],"product_cat":[20],"product_tag":[65],"class_list":{"0":"post-1498","1":"product","2":"type-product","3":"status-publish","4":"has-post-thumbnail","6":"product_cat-custom-acrylic-crafts","7":"product_tag-custom-acrylic-crafts","9":"first","10":"instock","11":"shipping-taxable","12":"product-type-simple","13":"entry","14":"content-bg","15":"loop-entry"},"_links":{"self":[{"href":"https:\/\/customacrylicproduct.com\/fr\/wp-json\/wp\/v2\/product\/1498","targetHints":{"allow":["GET"]}}],"collection":[{"href":"https:\/\/customacrylicproduct.com\/fr\/wp-json\/wp\/v2\/product"}],"about":[{"href":"https:\/\/customacrylicproduct.com\/fr\/wp-json\/wp\/v2\/types\/product"}],"wp:featuredmedia":[{"embeddable":true,"href":"https:\/\/customacrylicproduct.com\/fr\/wp-json\/wp\/v2\/media\/1502"}],"wp:attachment":[{"href":"https:\/\/customacrylicproduct.com\/fr\/wp-json\/wp\/v2\/media?parent=1498"}],"wp:term":[{"taxonomy":"product_brand","embeddable":true,"href":"https:\/\/customacrylicproduct.com\/fr\/wp-json\/wp\/v2\/product_brand?post=1498"},{"taxonomy":"product_cat","embeddable":true,"href":"https:\/\/customacrylicproduct.com\/fr\/wp-json\/wp\/v2\/product_cat?post=1498"},{"taxonomy":"product_tag","embeddable":true,"href":"https:\/\/customacrylicproduct.com\/fr\/wp-json\/wp\/v2\/product_tag?post=1498"}],"curies":[{"name":"wp","href":"https:\/\/api.w.org\/{rel}","templated":true}]}}