{"id":1524,"date":"2025-07-22T02:24:38","date_gmt":"2025-07-22T02:24:38","guid":{"rendered":"https:\/\/customacrylicproduct.com\/?post_type=product&#038;p=1524"},"modified":"2025-07-22T02:24:38","modified_gmt":"2025-07-22T02:24:38","slug":"customized-acrylic-logo-signs-handy-gadget-for-work","status":"publish","type":"product","link":"https:\/\/customacrylicproduct.com\/fr\/customized-acrylic-logo-signs-handy-gadget-for-work\/","title":{"rendered":"Enseignes personnalis\u00e9es en acrylique avec logo Gadget pratique pour le travail"},"content":{"rendered":"<h3 id=\"-elevate-your-workspace-with-our-premium-custom-made-polymer-indications-the-ultimate-fusion-of-clarity-longevity-and-professionalism-and-trust-\"><strong>Am\u00e9liorez votre espace de travail gr\u00e2ce \u00e0 nos indications en polym\u00e8re de premi\u00e8re qualit\u00e9 fabriqu\u00e9es sur mesure : La fusion ultime de la clart\u00e9, de la long\u00e9vit\u00e9, du professionnalisme et de la confiance<\/strong><\/h3>\n<p>Dans tout environnement sp\u00e9cialis\u00e9, qu'il s'agisse d'un atelier de production sophistiqu\u00e9, d'un lieu de travail dynamique ou d'un laboratoire de pointe, une communication claire n'est pas seulement une commodit\u00e9 ; c'est le fondement de la s\u00e9curit\u00e9, de l'efficacit\u00e9 et de l'identit\u00e9 de la marque. Les indicateurs en papier l\u00e9ger se d\u00e9colorent et se d\u00e9chirent, les \u00e9tiquettes de fortune se d\u00e9collent et laissent perplexe, et l'absence de directives claires peut entra\u00eener des erreurs co\u00fbteuses ou, pire encore, des risques pour la s\u00e9curit\u00e9. Il est temps de remplacer le momentan\u00e9 par le long terme, l'incertain par l'absolu.<\/p>\n<p>Pr\u00e9sentation de notre\u00a0<strong>Enseignes personnalis\u00e9es en acrylique avec logo\u00a0<\/strong>, Les panneaux de signalisation sont des outils pratiques indispensables \u00e0 tout bureau moderne. Fabriqu\u00e9s avec soin en acrylique de pointe, ces panneaux sont con\u00e7us pour fournir des d\u00e9tails importants avec une clart\u00e9 in\u00e9gal\u00e9e et un design durable. Plus que de simples \u00e9tiquettes, ils constituent une d\u00e9claration de votre engagement en faveur de la qualit\u00e9 sup\u00e9rieure, de la s\u00fbret\u00e9 et de la s\u00e9curit\u00e9, et de la qualit\u00e9 op\u00e9rationnelle.<\/p>\n<p><img fetchpriority=\"high\" decoding=\"async\" class=\"size-full wp-image-1525\" src=\"https:\/\/customacrylicproduct.com\/wp-content\/uploads\/2025\/07\/Customized-Acrylic-Logo-Signs-1.jpg\" alt=\"Enseignes personnalis\u00e9es en acrylique avec logo (1)\" width=\"800\" height=\"800\" srcset=\"https:\/\/customacrylicproduct.com\/wp-content\/uploads\/2025\/07\/Customized-Acrylic-Logo-Signs-1.jpg 800w, https:\/\/customacrylicproduct.com\/wp-content\/uploads\/2025\/07\/Customized-Acrylic-Logo-Signs-1-300x300.jpg 300w, https:\/\/customacrylicproduct.com\/wp-content\/uploads\/2025\/07\/Customized-Acrylic-Logo-Signs-1-150x150.jpg 150w, https:\/\/customacrylicproduct.com\/wp-content\/uploads\/2025\/07\/Customized-Acrylic-Logo-Signs-1-768x768.jpg 768w, https:\/\/customacrylicproduct.com\/wp-content\/uploads\/2025\/07\/Customized-Acrylic-Logo-Signs-1-600x600.jpg 600w, https:\/\/customacrylicproduct.com\/wp-content\/uploads\/2025\/07\/Customized-Acrylic-Logo-Signs-1-100x100.jpg 100w\" sizes=\"(max-width: 800px) 100vw, 800px\" \/><\/p>\n<h4 id=\"-unparalleled-high-quality-and-durability-built-to-last-\"><strong>Haute qualit\u00e9 et durabilit\u00e9 in\u00e9gal\u00e9es : Construit pour durer<\/strong><\/h4>\n<p>Le mat\u00e9riau acrylique co\u00fbteux est au c\u0153ur de nos indications. Contrairement au verre, le polym\u00e8re est incassable et l\u00e9ger, ce qui en fait une option beaucoup plus s\u00fbre et utile pour les zones tr\u00e8s fr\u00e9quent\u00e9es. Contrairement au plastique bon march\u00e9, il r\u00e9siste au jaunissement avec le temps, ce qui garantit que vos panneaux resteront clairs et nets pendant de nombreuses ann\u00e9es.<\/p>\n<p>Notre proc\u00e9dure de fabrication fait appel \u00e0 une m\u00e9thode sophistiqu\u00e9e d'impression invers\u00e9e. Le message et les graphiques sont publi\u00e9s au dos du panneau acrylique transparent, sous la surface. Cette technique innovante offre une double couche de s\u00e9curit\u00e9 :.<\/p>\n<ol>\n<li><strong>Glossy, Expert End Up :\u00a0<\/strong>La surface avant reste enti\u00e8rement lisse et brillante, ce qui donne \u00e0 l'indicateur un aspect lisse et haut de gamme qui rehausse rapidement son environnement.<\/li>\n<li><strong>S\u00e9curit\u00e9 ultime :\u00a0<\/strong>Les d\u00e9tails imprim\u00e9s sont prot\u00e9g\u00e9s des rayures, des \u00e9raflures, des produits chimiques et des produits de nettoyage. Vos avertissements et vos \u00e9tiquettes ne se d\u00e9coloreront pas, ne s'\u00e9cailleront pas et ne se d\u00e9t\u00e9rioreront pas, m\u00eame dans l'un des environnements commerciaux les plus exigeants.<\/li>\n<\/ol>\n<p>Comme le montrent les images, ces indicateurs sont con\u00e7us pour r\u00e9sister \u00e0 la rudesse du bureau, ce qui en fait un investissement financier intelligent \u00e0 long terme.<\/p>\n<p><img decoding=\"async\" class=\"size-full wp-image-1527\" src=\"https:\/\/customacrylicproduct.com\/wp-content\/uploads\/2025\/07\/Customized-Acrylic-Logo-Signs-3.jpg\" alt=\"Enseignes personnalis\u00e9es en acrylique (3)\" width=\"800\" height=\"800\" srcset=\"https:\/\/customacrylicproduct.com\/wp-content\/uploads\/2025\/07\/Customized-Acrylic-Logo-Signs-3.jpg 800w, https:\/\/customacrylicproduct.com\/wp-content\/uploads\/2025\/07\/Customized-Acrylic-Logo-Signs-3-300x300.jpg 300w, https:\/\/customacrylicproduct.com\/wp-content\/uploads\/2025\/07\/Customized-Acrylic-Logo-Signs-3-150x150.jpg 150w, https:\/\/customacrylicproduct.com\/wp-content\/uploads\/2025\/07\/Customized-Acrylic-Logo-Signs-3-768x768.jpg 768w, https:\/\/customacrylicproduct.com\/wp-content\/uploads\/2025\/07\/Customized-Acrylic-Logo-Signs-3-600x600.jpg 600w, https:\/\/customacrylicproduct.com\/wp-content\/uploads\/2025\/07\/Customized-Acrylic-Logo-Signs-3-100x100.jpg 100w\" sizes=\"(max-width: 800px) 100vw, 800px\" \/><\/p>\n<h4 id=\"-crystal-clear-interaction-information-at-a-glance-\"><strong>Une interaction claire comme de l'eau de roche : L'information en un coup d'\u0153il<\/strong><\/h4>\n<p>La principale caract\u00e9ristique de tout type d'indication est de communiquer, et les n\u00f4tres y parviennent. Nous utilisons un texte fort et contrast\u00e9 - g\u00e9n\u00e9ralement un rouge vif ou un noir profond sur un fond blanc propre - pour garantir une lisibilit\u00e9 optimale. Ce concept de style est essentiel pour :.<\/p>\n<ul>\n<li><strong>Pr\u00e9cautions de s\u00e9curit\u00e9 :\u00a0<\/strong>L'indicateur \u201c\u7981\u6b62\u5408\u95f8 \u6709\u4eba\u5de5\u4f5c\u201d (J\u00ecnzh\u01d0 H\u00e9zh\u00e1, Y\u01d2ur\u00e9n G\u014dngzu\u00f2), qui se convertit en\u00a0<strong>\u201d Ne pas fermer l'interrupteur, une personne fonctionne\u201d.\u201d\u00a0<\/strong>en est un excellent exemple. Dans une situation d'entretien \u00e9lectrique, les lettres d'un rouge intense constituent un signal d'arr\u00eat incontournable, qui prot\u00e8ge contre les accidents tragiques. Sa clart\u00e9 peut litt\u00e9ralement sauver des vies.<\/li>\n<li><strong>Identification du danger :\u00a0<\/strong>Le signe \u201c\u6b62\u6b65 \u9ad8\u6b65\u5371\u9669\u201d (Zh\u01d0b\u00f9, G\u0101ob\u00f9 W\u00e9ixi\u01cen), c'est-\u00e0-dire\u00a0<strong>\u201d Quitter, risque d'action \u00e9lev\u00e9\u201d\u00a0<\/strong>ou\u00a0<strong>\u201d Risque, zone \u00e9lev\u00e9e, ne pas poursuivre,\u201d\u00a0<\/strong>fournit un avertissement instantan\u00e9 et distinct sur un danger physique, prot\u00e9geant le personnel et les visiteurs du site contre les trajets et les chutes.<\/li>\n<li><strong>\u00c9tiquetage de l'\u00e9quipement :\u00a0<\/strong>L'indicateur \u201c\u51b7\u5242\u538b\u7f29\u673a\u542f\u52a8\u67dc 921\u201d (L\u011bngj\u00ec Y\u0101su\u014d J\u012b Q\u01d0d\u00f2ng Gu\u00ec 921), ou\u00a0<strong>\u201d Compresseur frigorifique Closet 921 pour d\u00e9butants,\u201d\u00a0<\/strong>d\u00e9montre une \u00e9nergie id\u00e9ale. Il permet une identification rapide et pr\u00e9cise des \u00e9quipements critiques, ce qui permet de gagner du temps lors des proc\u00e9dures, des examens et de la maintenance en situation d'urgence.<\/li>\n<\/ul>\n<p>Avec nos panneaux, il n'y a pas de place pour les fausses impressions. Le message est d\u00e9livr\u00e9 imm\u00e9diatement et avec succ\u00e8s.<\/p>\n<p><img decoding=\"async\" class=\"size-full wp-image-1526\" src=\"https:\/\/customacrylicproduct.com\/wp-content\/uploads\/2025\/07\/Customized-Acrylic-Logo-Signs-2.jpg\" alt=\"Enseignes personnalis\u00e9es en acrylique avec logo (2)\" width=\"800\" height=\"800\" srcset=\"https:\/\/customacrylicproduct.com\/wp-content\/uploads\/2025\/07\/Customized-Acrylic-Logo-Signs-2.jpg 800w, https:\/\/customacrylicproduct.com\/wp-content\/uploads\/2025\/07\/Customized-Acrylic-Logo-Signs-2-300x300.jpg 300w, https:\/\/customacrylicproduct.com\/wp-content\/uploads\/2025\/07\/Customized-Acrylic-Logo-Signs-2-150x150.jpg 150w, https:\/\/customacrylicproduct.com\/wp-content\/uploads\/2025\/07\/Customized-Acrylic-Logo-Signs-2-768x768.jpg 768w, https:\/\/customacrylicproduct.com\/wp-content\/uploads\/2025\/07\/Customized-Acrylic-Logo-Signs-2-600x600.jpg 600w, https:\/\/customacrylicproduct.com\/wp-content\/uploads\/2025\/07\/Customized-Acrylic-Logo-Signs-2-100x100.jpg 100w\" sizes=\"(max-width: 800px) 100vw, 800px\" \/><\/p>\n<h4 id=\"-totally-customizable-to-your-specific-specifications-\"><strong>Totalement personnalisable en fonction de vos sp\u00e9cifications<\/strong><\/h4>\n<p>Votre service est unique en son genre, et vos enseignes doivent le refl\u00e9ter. Nous vous proposons une exp\u00e9rience enti\u00e8rement modulable, vous permettant de cr\u00e9er le panneau parfait pour n'importe quel objectif. Vous g\u00e9rez tous les aspects de la conception :.<\/p>\n<ul>\n<li><strong>Texte et mat\u00e9riel :\u00a0<\/strong>Qu'il s'agisse de consignes de s\u00e9curit\u00e9, d'\u00e9tiquettes d'appareils, de d\u00e9tails d'orientation ou de noms d'employ\u00e9s, nous pouvons publier tous les types de messages que vous souhaitez, dans toutes les langues.<\/li>\n<li><strong>Marques et graphiques :\u00a0<\/strong>Renforcez l'identit\u00e9 de votre marque en int\u00e9grant le logo de votre entreprise, des ic\u00f4nes personnalis\u00e9es ou des symboles de march\u00e9 particuliers.<\/li>\n<li><strong>Couleurs et polices :\u00a0<\/strong>Bien que nous ayons besoin d'un rouge ou d'un noir tr\u00e8s contrast\u00e9, nous pouvons nous adapter \u00e0 la palette de couleurs de votre marque. Choisissez parmi un large \u00e9ventail de polices de caract\u00e8res sp\u00e9cialis\u00e9es afin d'harmoniser le design de votre entreprise.<\/li>\n<li><strong>Formes et dimensions :\u00a0<\/strong>Nous pouvons cr\u00e9er des panneaux de diff\u00e9rentes formes et tailles, depuis les petites \u00e9tiquettes d'outils jusqu'aux panneaux directionnels de grand format. Les formats rectangulaires et carr\u00e9s des images re\u00e7ues se distinguent par leur aspect propre et moderne.<\/li>\n<li><strong>Num\u00e9rotation et codification :\u00a0<\/strong>Int\u00e9grez votre centre avec la num\u00e9rotation cons\u00e9cutive, les codes QR ou les codes-barres pour le suivi et la surveillance des propri\u00e9t\u00e9s.<\/li>\n<\/ul>\n<h4 id=\"-versatile-and-effortless-installment-\"><strong>Une installation polyvalente et sans effort<\/strong><\/h4>\n<p>Nous comprenons que des surfaces et des applications diff\u00e9rentes n\u00e9cessitent des solutions de montage diff\u00e9rentes. C'est pourquoi nous proposons deux choix pratiques :.<\/p>\n<ol>\n<li><strong>Trous pr\u00e9-perc\u00e9s pour un montage s\u00fbr :\u00a0<\/strong>Pour une installation durable et robuste, en particulier sur les \u00e9quipements, les surfaces murales ou les installations ext\u00e9rieures, nos indications peuvent comporter des ouvertures perc\u00e9es avec pr\u00e9cision dans chaque coin. Cela permet un montage tr\u00e8s facile \u00e0 l'aide de vis, de boulons ou de rivets, en s'assurant que l'indication reste bien en place.<\/li>\n<li><strong>Support adh\u00e9sif 3M haute r\u00e9sistance :\u00a0<\/strong>Pour un aspect propre et lisse sans per\u00e7age, choisissez notre support de colle 3M \u00e0 couverture totale. Comme le montre la photo d\u00e9taill\u00e9e, il ne s'agit pas seulement de quelques bandes de ruban adh\u00e9sif, mais d'une feuille de colle efficace de qualit\u00e9 industrielle qui couvre tout l'arri\u00e8re de l'indicateur. Il suffit de le d\u00e9coller et de le coller pour obtenir une liaison solide et durable sur les surfaces lisses telles que les portes, le verre, le bois et les armoires m\u00e9talliques. Il s'agit d'un excellent service pour les lieux de travail, les laboratoires et tout autre endroit o\u00f9 vous souhaitez \u00e9viter d'endommager la surface du mur.<\/li>\n<\/ol>\n<h4 id=\"-applications-across-every-sector-\"><strong>Applications dans tous les secteurs<\/strong><\/h4>\n<p>La flexibilit\u00e9 de nos indicateurs polym\u00e8res sur mesure en fait un outil essentiel pour pratiquement tous les types de march\u00e9s.<\/p>\n<ul>\n<li><strong>Fabrication et industrie :\u00a0<\/strong>\u00c9tiqueter les panneaux de commande, d\u00e9terminer les machines, afficher les mises en garde relatives \u00e0 la d\u00e9connexion et \u00e0 l'\u00e9tiquetage (LOTO) et marquer les emplacements des lieux de stockage des mati\u00e8res dangereuses.<\/li>\n<li><strong>Bureaux d'affaires :\u00a0<\/strong>Produisez des plaques de porte professionnelles, \u00e9tiquetez les salles de r\u00e9union, fournissez des panneaux pour les toilettes et pr\u00e9sentez le logo de votre entreprise sur le lieu de la manifestation.<\/li>\n<li><strong>Entrep\u00f4ts et logistique :\u00a0<\/strong>Marquez les all\u00e9es et les zones, donnez des directives aux points d'ancrage des chargements et \u00e9tiquetez les syst\u00e8mes d'\u00e9tag\u00e8res pour une gestion efficace de l'approvisionnement.<\/li>\n<li><strong>Soins m\u00e9dicaux et laboratoires :\u00a0<\/strong>Articlez les m\u00e9thodes d'hygi\u00e8ne, \u00e9tiquetez les outils d\u00e9licats, d\u00e9terminez les emplacements restreints et affichez les avertissements relatifs aux risques biologiques avec clart\u00e9, professionnalisme et fiabilit\u00e9.<\/li>\n<li><strong>Commerce de d\u00e9tail et convivialit\u00e9 :\u00a0<\/strong>Pr\u00e9sentez les clients \u00e0 l'aide d'indications directionnelles, d\u00e9signez les endroits r\u00e9serv\u00e9s au personnel et pr\u00e9sentez les d\u00e9tails d'une mani\u00e8re ordonn\u00e9e et conforme \u00e0 la marque.<\/li>\n<li><strong>\u00c9tablissements d'enseignement :\u00a0<\/strong>\u00c9tiqueter les salles de classe, les lieux de travail et les laboratoires, et fournir des directives claires en mati\u00e8re de s\u00fbret\u00e9 et de s\u00e9curit\u00e9 dans les ateliers et les centres de recherche scientifique.<\/li>\n<\/ul>\n<p><strong>Acheter la clart\u00e9. Achetez la s\u00e9curit\u00e9. Achetez votre marque.<\/strong><\/p>\n<p>Notre logo personnalis\u00e9 en polym\u00e8re Les indications sont plus qu'un simple article en plastique ; elles sont un \u00e9l\u00e9ment fondamental d'un espace de travail efficace, sans risque et d'aspect professionnel. Ils sont le \u201cgadget pratique\u201d qui travaille discr\u00e8tement en arri\u00e8re-plan, \u00e9vitant la confusion, am\u00e9liorant la s\u00e9curit\u00e9 et renfor\u00e7ant les normes de votre organisation chaque jour.<\/p>\n<p>N'optez plus pour des solutions \u00e9ph\u00e9m\u00e8res. Passez \u00e0 un syst\u00e8me de communication aussi r\u00e9sistant et professionnel que votre entreprise. Appelez-nous d\u00e8s aujourd'hui pour discuter de vos besoins en mati\u00e8re de signalisation sur mesure et recevoir un devis. Laissez-nous vous aider \u00e0 d\u00e9velopper les panneaux id\u00e9aux pour informer, prot\u00e9ger et enthousiasmer.<\/p>","protected":false},"excerpt":{"rendered":"<p class=\"ng-star-inserted\"><span class=\"ng-star-inserted\">Cr\u00e9ez des panneaux acryliques professionnels personnalis\u00e9s pour votre lieu de travail. Ils sont parfaits pour les avertissements de s\u00e9curit\u00e9, l'identification des \u00e9quipements et les logos. Ces panneaux durables r\u00e9sistent aux intemp\u00e9ries et sont faciles \u00e0 installer \u00e0 l'aide d'un adh\u00e9sif puissant ou de trous dans les coins. Assurez-vous de la clart\u00e9 et de la s\u00e9curit\u00e9 gr\u00e2ce \u00e0 une impression personnalis\u00e9e de haute qualit\u00e9.<\/span><\/p>","protected":false},"featured_media":1525,"template":"","meta":{"_kad_post_transparent":"default","_kad_post_title":"","_kad_post_layout":"default","_kad_post_sidebar_id":"","_kad_post_content_style":"default","_kad_post_vertical_padding":"default","_kad_post_feature":"","_kad_post_feature_position":"","_kad_post_header":false,"_kad_post_footer":false,"_kad_post_classname":""},"product_brand":[],"product_cat":[18],"product_tag":[51],"class_list":{"0":"post-1524","1":"product","2":"type-product","3":"status-publish","4":"has-post-thumbnail","6":"product_cat-custom-acrylic-signs","7":"product_tag-custom-acrylic-signs","9":"first","10":"instock","11":"shipping-taxable","12":"product-type-simple","13":"entry","14":"content-bg","15":"loop-entry"},"_links":{"self":[{"href":"https:\/\/customacrylicproduct.com\/fr\/wp-json\/wp\/v2\/product\/1524","targetHints":{"allow":["GET"]}}],"collection":[{"href":"https:\/\/customacrylicproduct.com\/fr\/wp-json\/wp\/v2\/product"}],"about":[{"href":"https:\/\/customacrylicproduct.com\/fr\/wp-json\/wp\/v2\/types\/product"}],"wp:featuredmedia":[{"embeddable":true,"href":"https:\/\/customacrylicproduct.com\/fr\/wp-json\/wp\/v2\/media\/1525"}],"wp:attachment":[{"href":"https:\/\/customacrylicproduct.com\/fr\/wp-json\/wp\/v2\/media?parent=1524"}],"wp:term":[{"taxonomy":"product_brand","embeddable":true,"href":"https:\/\/customacrylicproduct.com\/fr\/wp-json\/wp\/v2\/product_brand?post=1524"},{"taxonomy":"product_cat","embeddable":true,"href":"https:\/\/customacrylicproduct.com\/fr\/wp-json\/wp\/v2\/product_cat?post=1524"},{"taxonomy":"product_tag","embeddable":true,"href":"https:\/\/customacrylicproduct.com\/fr\/wp-json\/wp\/v2\/product_tag?post=1524"}],"curies":[{"name":"wp","href":"https:\/\/api.w.org\/{rel}","templated":true}]}}