{"id":1530,"date":"2025-07-22T02:34:28","date_gmt":"2025-07-22T02:34:28","guid":{"rendered":"https:\/\/customacrylicproduct.com\/?post_type=product&#038;p=1530"},"modified":"2025-07-22T02:34:28","modified_gmt":"2025-07-22T02:34:28","slug":"led-note-board-with-colors-light-up-acrylic-message-board","status":"publish","type":"product","link":"https:\/\/customacrylicproduct.com\/fr\/led-note-board-with-colors-light-up-acrylic-message-board\/","title":{"rendered":"Tableau d'affichage LED avec couleurs Tableau d'affichage acrylique lumineux"},"content":{"rendered":"<h3 id=\"illuminate-your-creative-imagination-presenting-the-led-keep-in-mind-board-with-color-changing-light\">Illuminez votre imagination cr\u00e9ative : Pr\u00e9sentation du tableau LED Keep In Mind avec lumi\u00e8re changeante<\/h3>\n<p>Dans un monde rempli d'alertes \u00e9lectroniques de courte dur\u00e9e et de notes autocollantes jetables, un message \u00e0 la fois personnel et visuellement captivant rev\u00eat une magie particuli\u00e8re. Imaginez une toile o\u00f9 vos id\u00e9es, vos rappels et vos impulsions novatrices ne se contentent pas de reposer, mais rayonnent de vie. Pr\u00e9senter le\u00a0<strong>Tableau d'affichage LED avec couleurs Tableau d'affichage acrylique lumineux\u00a0<\/strong>- un m\u00e9lange r\u00e9volutionnaire de praticit\u00e9, de pens\u00e9e cr\u00e9ative et d'agencement ambiant qui transforme n'importe quel type de pi\u00e8ce en un carrefour d'id\u00e9es.<\/p>\n<p>Il ne s'agit pas simplement d'un tableau m\u00e9mo suppl\u00e9mentaire. Il s'agit d'une pi\u00e8ce ma\u00eetresse vibrante, d'une veilleuse douce, d'un exutoire cr\u00e9atif et d'un messager individuel, le tout r\u00e9uni dans un ensemble \u00e9l\u00e9gant. Dites adieu aux bureaux en d\u00e9sordre et aux t\u00e2ches oubli\u00e9es. Il est temps de laisser vos id\u00e9es rayonner, vos listes s'impr\u00e9gner d'une douce luminescence et vos messages d'amour rayonner d'une lueur confortable et vibrante.<\/p>\n<p><img fetchpriority=\"high\" decoding=\"async\" class=\"size-full wp-image-1531\" src=\"https:\/\/customacrylicproduct.com\/wp-content\/uploads\/2025\/07\/Acrylic-Message-Board-1.jpg\" alt=\"Tableau d&#039;affichage en acrylique (1)\" width=\"800\" height=\"800\" srcset=\"https:\/\/customacrylicproduct.com\/wp-content\/uploads\/2025\/07\/Acrylic-Message-Board-1.jpg 800w, https:\/\/customacrylicproduct.com\/wp-content\/uploads\/2025\/07\/Acrylic-Message-Board-1-300x300.jpg 300w, https:\/\/customacrylicproduct.com\/wp-content\/uploads\/2025\/07\/Acrylic-Message-Board-1-150x150.jpg 150w, https:\/\/customacrylicproduct.com\/wp-content\/uploads\/2025\/07\/Acrylic-Message-Board-1-768x768.jpg 768w, https:\/\/customacrylicproduct.com\/wp-content\/uploads\/2025\/07\/Acrylic-Message-Board-1-600x600.jpg 600w, https:\/\/customacrylicproduct.com\/wp-content\/uploads\/2025\/07\/Acrylic-Message-Board-1-100x100.jpg 100w\" sizes=\"(max-width: 800px) 100vw, 800px\" \/><\/p>\n<h4 id=\"a-crystal-clear-canvas-for-your-creativity\">Une toile cristalline pour votre cr\u00e9ativit\u00e9<\/h4>\n<p>Au c\u0153ur de notre tableau d'affichage LED se trouve un panneau acrylique co\u00fbteux et tr\u00e8s transparent. Lorsqu'il est sombre, il affiche une pr\u00e9sence minimale, presque invisible, comme en t\u00e9moigne son style \u00e9pur\u00e9 et moderne. Il s'int\u00e8gre parfaitement \u00e0 tout type d'am\u00e9nagement, qu'il s'agisse d'un lieu de travail anim\u00e9 ou d'une chambre \u00e0 coucher calme. Pourtant, cette belle surface n'attend que votre contact.<\/p>\n<p>Gr\u00e2ce aux stylos effa\u00e7ables sp\u00e9cialement con\u00e7us, vous pouvez laisser libre cours \u00e0 votre cr\u00e9ativit\u00e9. Lorsque votre stylo glisse sur l'acrylique lisse, vos mots et vos illustrations apparaissent clairs et nets. Mais le plaisir v\u00e9ritable commence lorsque vous activez la lumi\u00e8re. Instantan\u00e9ment, la base LED illumine l'ensemble du panneau, d\u00e9clenchant l'apparition d'une lueur spectaculaire et c\u00e9leste sur votre \u00e9criture. Chaque ligne, chaque gribouillage, chaque lettre est \u00e9clair\u00e9e de l'int\u00e9rieur, transformant une simple note en une \u0153uvre d'art.<\/p>\n<p>Que vous r\u00e9fl\u00e9chissiez \u00e0 un nouveau travail, que vous dessiniez une bande dessin\u00e9e rapide ou que vous vous exerciez \u00e0 la calligraphie, le tableau offre une surface id\u00e9ale et recyclable. Les encres dynamiques des marqueurs, d'un orange vibrant et inspirant \u00e0 un blanc doux et merveilleux, en passant par un rose passionn\u00e9, se d\u00e9tachent brillamment de la lumi\u00e8re. Comme le montre notre gros plan, l'effet est saisissant. Votre \u201cordre du jour\u201d devient un symbole d'efficacit\u00e9, et un simple \u201cje t'aime\u201d se transforme en une d\u00e9claration rayonnante.<\/p>\n<p><img decoding=\"async\" class=\"size-full wp-image-1534\" src=\"https:\/\/customacrylicproduct.com\/wp-content\/uploads\/2025\/07\/Acrylic-Message-Board-4.jpg\" alt=\"Tableau d&#039;affichage en acrylique (4)\" width=\"800\" height=\"800\" srcset=\"https:\/\/customacrylicproduct.com\/wp-content\/uploads\/2025\/07\/Acrylic-Message-Board-4.jpg 800w, https:\/\/customacrylicproduct.com\/wp-content\/uploads\/2025\/07\/Acrylic-Message-Board-4-300x300.jpg 300w, https:\/\/customacrylicproduct.com\/wp-content\/uploads\/2025\/07\/Acrylic-Message-Board-4-150x150.jpg 150w, https:\/\/customacrylicproduct.com\/wp-content\/uploads\/2025\/07\/Acrylic-Message-Board-4-768x768.jpg 768w, https:\/\/customacrylicproduct.com\/wp-content\/uploads\/2025\/07\/Acrylic-Message-Board-4-600x600.jpg 600w, https:\/\/customacrylicproduct.com\/wp-content\/uploads\/2025\/07\/Acrylic-Message-Board-4-100x100.jpg 100w\" sizes=\"(max-width: 800px) 100vw, 800px\" \/><\/p>\n<h4 id=\"dynamic-lights-and-intelligent-layout\">\u00c9clairage dynamique et disposition intelligente<\/h4>\n<p>Le tableau LED Keep in mind est con\u00e7u non seulement pour montrer, mais aussi pour am\u00e9liorer. La base blanche r\u00e9sistante abrite une bande LED puissante et \u00e9conome en \u00e9nergie. Il ne s'agit pas d'une lumi\u00e8re extr\u00eame et \u00e9blouissante, mais d'une exp\u00e9rience ambiante totalement personnalisable. D'une simple pression sur un bouton, vous pouvez faire d\u00e9filer un spectre de nuances magnifiques en fonction de votre \u00e9tat d'esprit, du design ou du message lui-m\u00eame. Choisissez un jaune doux et agr\u00e9able pour une ambiance nocturne confortable et relaxante, parfait pour une table de chevet car il illumine d\u00e9licatement la pi\u00e8ce sans perturber le sommeil. Passez \u00e0 un bleu dynamique ou \u00e0 un rose vif pour faire ressortir un message de f\u00e9licitations, ou laissez-le passer par toutes les nuances pour un \u00e9cran vibrant et distinctif.<\/p>\n<p>Le support lui-m\u00eame est une merveille de conception r\u00e9fl\u00e9chie. Comme le montre l'image pr\u00e9liminaire, il est totalement r\u00e9glable gr\u00e2ce \u00e0 plusieurs facteurs d'articulation. Cela vous permet d'orienter le tableau selon l'angle id\u00e9al pour \u00e9crire ou v\u00e9rifier, tout en garantissant la commodit\u00e9 et l'exposition optimale, quel que soit l'endroit o\u00f9 vous le placez. Le tableau s'ins\u00e8re en toute s\u00e9curit\u00e9 dans le support, maintenu fermement en place par un \u00e9l\u00e9gant clip vertical. Aliment\u00e9 par un cordon USB pratique, vous pouvez le brancher directement sur un ordinateur portable, une banque d'alimentation ou un adaptateur mural classique, ce qui vous donne la libert\u00e9 de le positionner o\u00f9 vous le souhaitez.<\/p>\n<p>Nous sommes attach\u00e9s \u00e0 la haute qualit\u00e9. Avant sa premi\u00e8re utilisation, vous d\u00e9couvrirez que le panneau acrylique est prot\u00e9g\u00e9 par un film mince, garantissant qu'il arrive \u00e0 votre porte d'entr\u00e9e dans un \u00e9tat remarquable et sans rayures. Le d\u00e9coller, comme le montre l'image en m\u00e9daillon, est un premier pas agr\u00e9able vers l'exploitation de son potentiel illimit\u00e9.<\/p>\n<p><img decoding=\"async\" class=\"size-full wp-image-1532\" src=\"https:\/\/customacrylicproduct.com\/wp-content\/uploads\/2025\/07\/Acrylic-Message-Board-2.jpg\" alt=\"Tableau d&#039;affichage en acrylique (2)\" width=\"800\" height=\"800\" srcset=\"https:\/\/customacrylicproduct.com\/wp-content\/uploads\/2025\/07\/Acrylic-Message-Board-2.jpg 800w, https:\/\/customacrylicproduct.com\/wp-content\/uploads\/2025\/07\/Acrylic-Message-Board-2-300x300.jpg 300w, https:\/\/customacrylicproduct.com\/wp-content\/uploads\/2025\/07\/Acrylic-Message-Board-2-150x150.jpg 150w, https:\/\/customacrylicproduct.com\/wp-content\/uploads\/2025\/07\/Acrylic-Message-Board-2-768x768.jpg 768w, https:\/\/customacrylicproduct.com\/wp-content\/uploads\/2025\/07\/Acrylic-Message-Board-2-600x600.jpg 600w, https:\/\/customacrylicproduct.com\/wp-content\/uploads\/2025\/07\/Acrylic-Message-Board-2-100x100.jpg 100w\" sizes=\"(max-width: 800px) 100vw, 800px\" \/><\/p>\n<h4 id=\"a-versatile-companion-for-every-element-of-your-life\">Un compagnon polyvalent pour chaque \u00e9l\u00e9ment de votre vie<\/h4>\n<p>Le charme v\u00e9ritable du tableau LED Keep in mind r\u00e9side dans son extraordinaire flexibilit\u00e9. Il s'adapte \u00e0 vos besoins et devient un \u00e9l\u00e9ment essentiel de votre routine quotidienne.<\/p>\n<ul>\n<li><strong>Pour l'expert motiv\u00e9 :\u00a0<\/strong>Modifiez votre espace de travail. Utilisez-le pour d\u00e9crire votre liste de choses \u00e0 faire au quotidien, capturer des moments fantastiques ou garder une citation inspirante \u00e0 port\u00e9e de vue. Il r\u00e9duit le g\u00e2chis de papier et constitue un \u00e9l\u00e9ment tendance et pratique de la conception d'un bureau qui ne manquera pas d'alimenter les conversations lors des appels vid\u00e9o.<\/li>\n<li><strong>Pour le r\u00eaveur et le planificateur :\u00a0<\/strong>Placez-la sur votre table de chevet. Comme le montre l'image de notre mode de vie, il fait office de veilleuse remarquable et non intrusive. Avant de vous endormir, vous pouvez noter des suggestions pour le lendemain - \u201d Ramassage \u00e0 l'a\u00e9roport\u201d, \u201cCourses\u201d, \u201cR\u00e9unions de famille\u201d, ce qui vous permet de vous lever avec une strat\u00e9gie claire. Vous pouvez \u00e9galement laisser un message agr\u00e9able et lumineux \u00e0 votre compagnon pour qu'il le voie au petit matin. C'est un compagnon calme et aimant qui prot\u00e8ge vos id\u00e9es et vos d\u00e9sirs.<\/li>\n<li><strong>Pour la famille cr\u00e9ative :\u00a0<\/strong>Faites-en le principal centre de messages de votre maison. Placez-le dans la cuisine pour afficher le menu de la semaine, dans le salon pour un message \u201cBienvenue \u00e0 la maison\u201d, ou dans l'espace r\u00e9serv\u00e9 aux enfants pour qu'ils s'exercent \u00e0 \u00e9crire et \u00e0 dessiner. C'est un appareil interactif qui incite \u00e0 l'interaction et \u00e0 la cr\u00e9ativit\u00e9 pour tous les \u00e2ges. Le retrait et la r\u00e9vision se font sans effort, ce qui en fait une surface respectueuse de l'environnement et divertissante \u00e0 l'infini.<\/li>\n<li><strong>Pour les occasions sp\u00e9ciales et les entreprises :\u00a0<\/strong>Utilisez-le comme une indication personnalis\u00e9e et tendance pour les f\u00eates, les \u00e9v\u00e9nements ou votre petite entreprise. Pr\u00e9sentez les offres sp\u00e9ciales dans un caf\u00e9, affichez vos v\u0153ux lors d'une f\u00eate de mariage ou \u00e9crivez simplement \u201cJoyeuse f\u00eate d'anniversaire\u201d pour une f\u00eate personnalis\u00e9e. Le texte magnifique et color\u00e9 ne manquera pas de capter l'attention de tous.<\/li>\n<\/ul>\n<h4 id=\"the-perfect-present-that-keeps-on-giving\">Le cadeau parfait qui ne cesse d'\u00eatre offert<\/h4>\n<p>Vous avez du mal \u00e0 trouver un cadeau unique et attentionn\u00e9 ? Ne cherchez plus. Le tableau LED Keep In Mind est le meilleur cadeau pour les \u00e9tudiants qui s'appr\u00eatent \u00e0 entrer \u00e0 l'universit\u00e9, les artistes \u00e0 la recherche d'un nouvel outil, les sp\u00e9cialistes press\u00e9s ou toute personne qui appr\u00e9cie un m\u00e9lange de design et de fonctionnalit\u00e9. Plus qu'un objet, c'est une exp\u00e9rience. C'est un cadeau qui encourage la compagnie, stimule la pens\u00e9e cr\u00e9ative et ajoute une touche de chaleur et d'individualit\u00e9 \u00e0 n'importe quel type d'atmosph\u00e8re.<\/p>\n<p><strong>Dans la bo\u00eete, vous trouverez tout ce dont vous avez besoin pour commencer :\u00a0<\/strong>le tableau acrylique de qualit\u00e9 sup\u00e9rieure, la base lumineuse LED multicolore avec son support flexible, un c\u00e2ble d'alimentation USB et une collection de stylos effa\u00e7ables et vibrants.<\/p>\n<p>Ne laissez pas vos id\u00e9es id\u00e9ales s'\u00e9vanouir sur un bout de papier. Donnez-leur la lumi\u00e8re qu'elles m\u00e9ritent. Commandez d\u00e8s aujourd'hui votre tableau LED Keep in mind et commencez \u00e0 illuminer votre monde, un beau message \u00e0 la fois.<\/p>","protected":false},"excerpt":{"rendered":"<p class=\"ng-star-inserted\"><span class=\"ng-star-inserted\">Illuminez votre vie avec notre tableau \u00e0 messages LED en acrylique ! \u00c9crivez des notes, des listes de choses \u00e0 faire et des gribouillis qui s'illuminent d'une lumi\u00e8re chaude et confortable. Parfait comme veilleuse cr\u00e9ative ou tableau m\u00e9mo de bureau. Il suffit d'\u00e9crire, d'\u00e9clairer et d'effacer pour r\u00e9utiliser le tableau. Un cadeau unique et amusant pour tout le monde<\/span><\/p>","protected":false},"featured_media":1531,"template":"","meta":{"_kad_post_transparent":"default","_kad_post_title":"","_kad_post_layout":"default","_kad_post_sidebar_id":"","_kad_post_content_style":"default","_kad_post_vertical_padding":"default","_kad_post_feature":"","_kad_post_feature_position":"","_kad_post_header":false,"_kad_post_footer":false,"_kad_post_classname":""},"product_brand":[],"product_cat":[20],"product_tag":[129],"class_list":{"0":"post-1530","1":"product","2":"type-product","3":"status-publish","4":"has-post-thumbnail","6":"product_cat-custom-acrylic-crafts","7":"product_tag-acrylic-crafts","9":"first","10":"instock","11":"shipping-taxable","12":"product-type-simple","13":"entry","14":"content-bg","15":"loop-entry"},"_links":{"self":[{"href":"https:\/\/customacrylicproduct.com\/fr\/wp-json\/wp\/v2\/product\/1530","targetHints":{"allow":["GET"]}}],"collection":[{"href":"https:\/\/customacrylicproduct.com\/fr\/wp-json\/wp\/v2\/product"}],"about":[{"href":"https:\/\/customacrylicproduct.com\/fr\/wp-json\/wp\/v2\/types\/product"}],"wp:featuredmedia":[{"embeddable":true,"href":"https:\/\/customacrylicproduct.com\/fr\/wp-json\/wp\/v2\/media\/1531"}],"wp:attachment":[{"href":"https:\/\/customacrylicproduct.com\/fr\/wp-json\/wp\/v2\/media?parent=1530"}],"wp:term":[{"taxonomy":"product_brand","embeddable":true,"href":"https:\/\/customacrylicproduct.com\/fr\/wp-json\/wp\/v2\/product_brand?post=1530"},{"taxonomy":"product_cat","embeddable":true,"href":"https:\/\/customacrylicproduct.com\/fr\/wp-json\/wp\/v2\/product_cat?post=1530"},{"taxonomy":"product_tag","embeddable":true,"href":"https:\/\/customacrylicproduct.com\/fr\/wp-json\/wp\/v2\/product_tag?post=1530"}],"curies":[{"name":"wp","href":"https:\/\/api.w.org\/{rel}","templated":true}]}}