{"id":1535,"date":"2025-07-22T03:16:48","date_gmt":"2025-07-22T03:16:48","guid":{"rendered":"https:\/\/customacrylicproduct.com\/?post_type=product&#038;p=1535"},"modified":"2025-07-22T03:16:48","modified_gmt":"2025-07-22T03:16:48","slug":"clear-acrylic-round-rod-perspex-solid-bar-plastic-circular","status":"publish","type":"product","link":"https:\/\/customacrylicproduct.com\/fr\/clear-acrylic-round-rod-perspex-solid-bar-plastic-circular\/","title":{"rendered":"Acrylique clair Tige ronde Perspex Barre solide Plastique Circulaire"},"content":{"rendered":"<h3 id=\"-release-your-vision-premium-solid-polymer-round-rods-for-unmatched-clarity-color-and-creativity-\"><strong>Lib\u00e9rez votre vision : Tiges rondes en polym\u00e8re solide de premi\u00e8re qualit\u00e9 pour une clart\u00e9, une couleur et une cr\u00e9ativit\u00e9 in\u00e9gal\u00e9es<\/strong><\/h3>\n<p>Entrez dans un monde au potentiel de style infini avec notre \u00e9l\u00e9gante collection de barres rondes en acrylique massif. Plus qu'un simple morceau de plastique, ces barres sont les \u00e9l\u00e9ments fondamentaux qui permettent aux musiciens, aux concepteurs, aux designers et aux amateurs de bricolage de transformer des id\u00e9es enthousiastes en v\u00e9rit\u00e9s concr\u00e8tes et stup\u00e9fiantes. Int\u00e9grant la clart\u00e9 immacul\u00e9e du verre avec une r\u00e9sistance de premier ordre, une manipulation l\u00e9g\u00e8re et un spectre \u00e9tonnant de possibilit\u00e9s visuelles, nos barres acryliques, \u00e9galement connues sous le nom de marque Perspex, sont le mat\u00e9riau ultime pour les t\u00e2ches qui exigent \u00e0 la fois \u00e9l\u00e9gance et robustesse.<\/p>\n<p><img fetchpriority=\"high\" decoding=\"async\" class=\"size-full wp-image-1536\" src=\"https:\/\/customacrylicproduct.com\/wp-content\/uploads\/2025\/07\/Acrylic-Round-Rod-1.jpg\" alt=\"Tige ronde en acrylique (1)\" width=\"800\" height=\"800\" srcset=\"https:\/\/customacrylicproduct.com\/wp-content\/uploads\/2025\/07\/Acrylic-Round-Rod-1.jpg 800w, https:\/\/customacrylicproduct.com\/wp-content\/uploads\/2025\/07\/Acrylic-Round-Rod-1-300x300.jpg 300w, https:\/\/customacrylicproduct.com\/wp-content\/uploads\/2025\/07\/Acrylic-Round-Rod-1-150x150.jpg 150w, https:\/\/customacrylicproduct.com\/wp-content\/uploads\/2025\/07\/Acrylic-Round-Rod-1-768x768.jpg 768w, https:\/\/customacrylicproduct.com\/wp-content\/uploads\/2025\/07\/Acrylic-Round-Rod-1-600x600.jpg 600w, https:\/\/customacrylicproduct.com\/wp-content\/uploads\/2025\/07\/Acrylic-Round-Rod-1-100x100.jpg 100w\" sizes=\"(max-width: 800px) 100vw, 800px\" \/><\/p>\n<h4 id=\"-the-essence-of-pureness-crystal-clear-polymer-rods-\"><strong>L'essence de la puret\u00e9 : B\u00e2tonnets de polym\u00e8re cristallins<\/strong><\/h4>\n<p>Au c\u0153ur de notre collection se trouve l'intemporelle tige en polym\u00e8re Crystal Clear. Comme le montrent les images, cette tige offre une qualit\u00e9 optique in\u00e9gal\u00e9e, avec une transmission de la lumi\u00e8re atteignant 92%. Il est si pur qu'il dispara\u00eet pratiquement, permettant \u00e0 la lumi\u00e8re de le traverser sans obstruction, ce qui en fait un choix remarquable pour les applications o\u00f9 l'ouverture est essentielle. Contrairement au verre, qui peut avoir une teinte verte, notre produit en polym\u00e9thacrylate de m\u00e9thyle (PMMA) de premi\u00e8re qualit\u00e9 garantit un rev\u00eatement an\u00e9mique et impeccable d'un bout \u00e0 l'autre.<\/p>\n<p>Cette clart\u00e9 impressionnante en fait un conduit de lumi\u00e8re id\u00e9al, conduisant l'\u00e9clairage d'une source \u00e0 un facteur sp\u00e9cifique avec tr\u00e8s peu de perte. C'est le mat\u00e9riau de pr\u00e9dilection pour les \u00e9crans d'affichage des magasins haut de gamme, les lieux de qualit\u00e9 mus\u00e9ale, les mod\u00e8les de construction et les appareils scientifiques. Sa surface lisse et polie laisse appara\u00eetre la lumi\u00e8re avec un \u00e9clat fantastique, ajoutant une touche de raffinement et de style moderne \u00e0 n'importe quel type d'application.<\/p>\n<p><img decoding=\"async\" class=\"size-full wp-image-1538\" src=\"https:\/\/customacrylicproduct.com\/wp-content\/uploads\/2025\/07\/Acrylic-Round-Rod-3.jpg\" alt=\"Tige ronde en acrylique (3)\" width=\"800\" height=\"800\" srcset=\"https:\/\/customacrylicproduct.com\/wp-content\/uploads\/2025\/07\/Acrylic-Round-Rod-3.jpg 800w, https:\/\/customacrylicproduct.com\/wp-content\/uploads\/2025\/07\/Acrylic-Round-Rod-3-300x300.jpg 300w, https:\/\/customacrylicproduct.com\/wp-content\/uploads\/2025\/07\/Acrylic-Round-Rod-3-150x150.jpg 150w, https:\/\/customacrylicproduct.com\/wp-content\/uploads\/2025\/07\/Acrylic-Round-Rod-3-768x768.jpg 768w, https:\/\/customacrylicproduct.com\/wp-content\/uploads\/2025\/07\/Acrylic-Round-Rod-3-600x600.jpg 600w, https:\/\/customacrylicproduct.com\/wp-content\/uploads\/2025\/07\/Acrylic-Round-Rod-3-100x100.jpg 100w\" sizes=\"(max-width: 800px) 100vw, 800px\" \/><\/p>\n<h4 id=\"-a-harmony-of-color-and-structure-\"><strong>Une harmonie de couleurs et de structures<\/strong><\/h4>\n<p>Si la qualit\u00e9 est une base, la pens\u00e9e cr\u00e9ative fait souvent appel \u00e0 la couleur et \u00e0 la structure. Notre collection va bien au-del\u00e0 de la clart\u00e9, offrant une palette vivante et des surfaces uniques qui conviennent \u00e0 tout type de visuel :.<\/p>\n<ul>\n<li><strong>Translucides vibrants :\u00a0<\/strong>Envisagez un rayonnement doux et spirituel. Nos b\u00e2tonnets de couleur translucide, comme les roses fragiles et les violets riches que l'on voit sur les photos, sont impr\u00e9gn\u00e9s d'ombre tout en pr\u00e9servant leur capacit\u00e9 \u00e0 laisser passer la lumi\u00e8re. Lorsqu'elles sont \u00e9clair\u00e9es, elles ne se contentent pas de transf\u00e9rer la lumi\u00e8re - elles deviennent la source d'une ambiance teint\u00e9e. Ils sont id\u00e9aux pour produire des \u00e9l\u00e9ments d'\u00e9clairage personnalis\u00e9s, des balustrades d\u00e9coratives, des sculptures cr\u00e9atives et des pr\u00e9sentoirs de point de vente distinctifs qui requi\u00e8rent de l'attention. La couleur est homog\u00e8ne sur l'ensemble du poteau, ce qui garantit un ton id\u00e9al m\u00eame apr\u00e8s la d\u00e9coupe ou le formage.<\/li>\n<li><strong>Opaques \u00e9l\u00e9gants et solides :\u00a0<\/strong>Pour une d\u00e9claration de minimalisme moderne ou un contraste dramatique, nos baguettes opaques, telles que le noir profond et brillant, offrent une surface solide et non transparente. Ces baguettes absorbent la lumi\u00e8re, d\u00e9veloppant une esth\u00e9tique sobre et puissante qui convient aux \u00e9l\u00e9ments d'ameublement modernes, aux soins \u00e9l\u00e9gants, aux \u00e9l\u00e9ments de vente au d\u00e9tail \u00e0 th\u00e8me sombre et aux accents architecturaux o\u00f9 l'interpr\u00e9tation et la forme sont cruciales.<\/li>\n<li><strong>Tiges sp\u00e9cialis\u00e9es dynamiques :\u00a0<\/strong>.<\/li>\n<li><strong>Barres \u00e0 bulles :\u00a0<\/strong>Enregistrez une minute d'effervescence fig\u00e9e dans le temps. Nos tiges \u00e0 bulles contiennent de nombreuses petites bulles d'air qui dansent dans l'acrylique transparent ou color\u00e9. Cet attribut sp\u00e9cial produit une structure esth\u00e9tique palpitante qui joue avec la lumi\u00e8re de mani\u00e8re int\u00e9ressante, parfaite pour les accents de fonction aquatique, les s\u00e9parateurs attrayants, les luminaires et tout type d'article destin\u00e9 \u00e0 susciter la discussion.<\/li>\n<li><strong>Tiges torsad\u00e9es :\u00a0<\/strong>Pour une mesure suppl\u00e9mentaire de sophistication architecturale, nos baguettes torsad\u00e9es ou cannel\u00e9es pr\u00e9sentent un style h\u00e9lico\u00efdal qui r\u00e9fracte et refl\u00e8te la lumi\u00e8re de mani\u00e8re dynamique. Lorsque l'angle de v\u00e9rification change, la lumi\u00e8re scintille le long de la surface profil\u00e9e, cr\u00e9ant une sensation de mouvement et de sophistication. Ces baguettes conviennent parfaitement pour les rampes de grands escaliers, les pieds de meubles haut de gamme et les colonnes attrayantes.<\/li>\n<li><strong>Givr\u00e9\/Matte Tiges :\u00a0<\/strong>D'une structure douce et cr\u00e9meuse, nos poteaux d\u00e9polis diffusent magnifiquement la lumi\u00e8re, apportant une lueur douce au lieu d'un \u00e9clat vif. Cette finition est exceptionnelle pour r\u00e9duire l'\u00e9blouissement, dissimuler les empreintes digitales et cr\u00e9er une esth\u00e9tique raffin\u00e9e et haut de gamme dans les pr\u00e9sentoirs, les diffuseurs d'\u00e9clairage et les \u00e9l\u00e9ments d'exposition.<\/li>\n<\/ul>\n<p><img decoding=\"async\" class=\"size-full wp-image-1539\" src=\"https:\/\/customacrylicproduct.com\/wp-content\/uploads\/2025\/07\/Acrylic-Round-Rod-4.jpg\" alt=\"Tige ronde en acrylique (4)\" width=\"800\" height=\"800\" srcset=\"https:\/\/customacrylicproduct.com\/wp-content\/uploads\/2025\/07\/Acrylic-Round-Rod-4.jpg 800w, https:\/\/customacrylicproduct.com\/wp-content\/uploads\/2025\/07\/Acrylic-Round-Rod-4-300x300.jpg 300w, https:\/\/customacrylicproduct.com\/wp-content\/uploads\/2025\/07\/Acrylic-Round-Rod-4-150x150.jpg 150w, https:\/\/customacrylicproduct.com\/wp-content\/uploads\/2025\/07\/Acrylic-Round-Rod-4-768x768.jpg 768w, https:\/\/customacrylicproduct.com\/wp-content\/uploads\/2025\/07\/Acrylic-Round-Rod-4-600x600.jpg 600w, https:\/\/customacrylicproduct.com\/wp-content\/uploads\/2025\/07\/Acrylic-Round-Rod-4-100x100.jpg 100w\" sizes=\"(max-width: 800px) 100vw, 800px\" \/><\/p>\n<h4 id=\"-superior-functions-concrete-advantages-\"><strong>Des fonctions sup\u00e9rieures, des avantages concrets<\/strong><\/h4>\n<p>Nos tiges en acrylique sont con\u00e7ues non seulement pour leur aspect, mais aussi pour leur efficacit\u00e9.<\/p>\n<ul>\n<li><strong>Une solidit\u00e9 remarquable :\u00a0<\/strong>Avec une r\u00e9sistance aux chocs jusqu'\u00e0 17 fois sup\u00e9rieure \u00e0 celle du verre classique, ces barres solides sont incroyablement dures et r\u00e9sistantes aux chocs, ce qui en fait un choix beaucoup plus s\u00fbr et fiable pour les salles publiques, les maisons avec des enfants et les zones tr\u00e8s fr\u00e9quent\u00e9es.<\/li>\n<li><strong>Champion des poids l\u00e9gers :\u00a0<\/strong>Moins de la moiti\u00e9 de la hauteur du verre, les poteaux en acrylique sont beaucoup plus faciles \u00e0 manipuler, \u00e0 transporter et \u00e0 installer, ce qui r\u00e9duit les besoins en charge architecturale et simplifie la proc\u00e9dure de fabrication.<\/li>\n<li><strong>Fabrication facile :\u00a0<\/strong>Votre cr\u00e9ativit\u00e9 ne doit pas \u00eatre limit\u00e9e par votre produit. L'acrylique peut \u00eatre travaill\u00e9 de mani\u00e8re pratique et sp\u00e9cifique. Il peut \u00eatre sci\u00e9, perc\u00e9, d\u00e9tour\u00e9, d\u00e9coup\u00e9 au laser, pli\u00e9 \u00e0 chaud, coll\u00e9 sans d\u00e9faut avec des b\u00e9tons \u00e0 base de solvants. Les extr\u00e9mit\u00e9s peuvent \u00eatre polies \u00e0 la flamme ou lustr\u00e9es pour retrouver leur surface initiale cristalline et brillante.<\/li>\n<li><strong>R\u00e9sistance aux UV et aux intemp\u00e9ries :\u00a0<\/strong>Con\u00e7us pour une longue dur\u00e9e de vie, nos poteaux en acrylique r\u00e9sistent au jaunissement et \u00e0 la destruction dus \u00e0 une exposition prolong\u00e9e au soleil, ce qui les rend adapt\u00e9s aux applications int\u00e9rieures et ext\u00e9rieures sans perdre leur stabilit\u00e9 structurelle ou leur attrait esth\u00e9tique.<\/li>\n<li><strong>Isolant thermique exceptionnel :\u00a0<\/strong>L'acrylique est un bien meilleur isolant thermique que le verre, ce qui r\u00e9duit le transfert de chaleur et la condensation dans les applications concern\u00e9es.<\/li>\n<\/ul>\n<h4 id=\"-limitless-applications-throughout-industries-\"><strong>Des applications illimit\u00e9es dans toutes les industries<\/strong><\/h4>\n<p>La commodit\u00e9 de nos tiges en acrylique en fait un produit essentiel pour une vaste s\u00e9rie de projets :.<\/p>\n<ul>\n<li><strong>Style et d\u00e9coration int\u00e9rieure :\u00a0<\/strong>Cr\u00e9ez des balustrades spectaculaires, des rampes d'escalier, des tringles \u00e0 rideaux, des panneaux de s\u00e9paration d'espace, des pieds de meubles sur mesure et des luminaires personnalis\u00e9s.<\/li>\n<li><strong>Commerce de d\u00e9tail :\u00a0<\/strong>Cr\u00e9ez des supports d'articles \u00e9l\u00e9gants, des porte-bijoux pr\u00e9cieux, des pr\u00e9sentoirs de points de vente (POP), des enseignes et des syst\u00e8mes d'\u00e9tag\u00e8res avanc\u00e9s qui mettent l'accent sur l'article.<\/li>\n<li><strong>Art et sculpture :\u00a0<\/strong>Un excellent support pour les installations bas\u00e9es sur la lumi\u00e8re, les sculptures cin\u00e9tiques et les conceptions complexes o\u00f9 la nature et la lumi\u00e8re interagissent.<\/li>\n<li><strong>Projets de bricolage et de passionn\u00e9s :\u00a0<\/strong>Qu'il s'agisse de fabriquer des poign\u00e9es de tiroir personnalis\u00e9es, des pi\u00e8ces pour la robotique ou des instances de PC personnalis\u00e9es, les possibilit\u00e9s sont illimit\u00e9es pour le cr\u00e9ateur \u00e0 domicile.<\/li>\n<li><strong>Industriel et scientifique :\u00a0<\/strong>Utilis\u00e9 comme lunettes de vue, pour des aper\u00e7us lumineux d'appareils \u00e9lectroniques, des chevilles non conductrices, des appareils de laboratoire et des prototypes durables.<\/li>\n<\/ul>\n<h4 id=\"-your-vision-our-material-\"><strong>Votre vision, notre mat\u00e9riel<\/strong><\/h4>\n<p>Que vous soyez un designer concevant une \u0153uvre d'art moderne, un vendeur cr\u00e9ant une exp\u00e9rience inoubliable pour le consommateur ou un amateur donnant vie \u00e0 un projet personnel, nos tiges rondes en acrylique massif offrent la qualit\u00e9, la s\u00e9lection et l'efficacit\u00e9 dont vous avez besoin. Chaque tige est fabriqu\u00e9e selon des exigences rigoureuses et soigneusement emball\u00e9e pour arriver dans un \u00e9tat impeccable, pr\u00eate \u00e0 \u00eatre fabriqu\u00e9e.<\/p>\n<p>Choisissez parmi une large s\u00e9lection de diam\u00e8tres et de tailles pour r\u00e9pondre parfaitement \u00e0 vos sp\u00e9cifications. D\u00e9couvrez notre gamme d'options transparentes, teint\u00e9es et textur\u00e9es pour trouver le produit parfait qui ne se contentera pas de satisfaire ses caract\u00e9ristiques, mais qui rehaussera l'ensemble de votre travail. Commandez d\u00e8s aujourd'hui et trouvez la fusion id\u00e9ale entre le type, les caract\u00e9ristiques et la brillance.<\/p>","protected":false},"excerpt":{"rendered":"<p class=\"ng-star-inserted\"><span class=\"ng-star-inserted\">Barres rondes en acrylique solide de haute qualit\u00e9. Nos barres en Perspex sont disponibles dans des couleurs cristallines et vibrantes, ainsi que dans des styles d\u00e9coratifs uniques, notamment torsad\u00e9s et remplis de bulles d'air. Parfaites pour les projets de bricolage, l'artisanat, le mod\u00e9lisme et les pr\u00e9sentoirs. Durables et faciles \u00e0 usiner pour toute application personnalis\u00e9e.<\/span><\/p>","protected":false},"featured_media":1536,"template":"","meta":{"_kad_post_transparent":"default","_kad_post_title":"","_kad_post_layout":"default","_kad_post_sidebar_id":"","_kad_post_content_style":"default","_kad_post_vertical_padding":"default","_kad_post_feature":"","_kad_post_feature_position":"","_kad_post_header":false,"_kad_post_footer":false,"_kad_post_classname":""},"product_brand":[],"product_cat":[23],"product_tag":[63],"class_list":{"0":"post-1535","1":"product","2":"type-product","3":"status-publish","4":"has-post-thumbnail","6":"product_cat-custom-acrylic-rods-tubes","7":"product_tag-acrylic-rods","9":"first","10":"instock","11":"shipping-taxable","12":"product-type-simple","13":"entry","14":"content-bg","15":"loop-entry"},"_links":{"self":[{"href":"https:\/\/customacrylicproduct.com\/fr\/wp-json\/wp\/v2\/product\/1535","targetHints":{"allow":["GET"]}}],"collection":[{"href":"https:\/\/customacrylicproduct.com\/fr\/wp-json\/wp\/v2\/product"}],"about":[{"href":"https:\/\/customacrylicproduct.com\/fr\/wp-json\/wp\/v2\/types\/product"}],"wp:featuredmedia":[{"embeddable":true,"href":"https:\/\/customacrylicproduct.com\/fr\/wp-json\/wp\/v2\/media\/1536"}],"wp:attachment":[{"href":"https:\/\/customacrylicproduct.com\/fr\/wp-json\/wp\/v2\/media?parent=1535"}],"wp:term":[{"taxonomy":"product_brand","embeddable":true,"href":"https:\/\/customacrylicproduct.com\/fr\/wp-json\/wp\/v2\/product_brand?post=1535"},{"taxonomy":"product_cat","embeddable":true,"href":"https:\/\/customacrylicproduct.com\/fr\/wp-json\/wp\/v2\/product_cat?post=1535"},{"taxonomy":"product_tag","embeddable":true,"href":"https:\/\/customacrylicproduct.com\/fr\/wp-json\/wp\/v2\/product_tag?post=1535"}],"curies":[{"name":"wp","href":"https:\/\/api.w.org\/{rel}","templated":true}]}}