{"id":1540,"date":"2025-07-22T03:26:19","date_gmt":"2025-07-22T03:26:19","guid":{"rendered":"https:\/\/customacrylicproduct.com\/?post_type=product&#038;p=1540"},"modified":"2025-07-22T03:26:19","modified_gmt":"2025-07-22T03:26:19","slug":"custom-colored-cast-acrylic-sheets-translucent-panels","status":"publish","type":"product","link":"https:\/\/customacrylicproduct.com\/fr\/custom-colored-cast-acrylic-sheets-translucent-panels\/","title":{"rendered":"Panneaux acryliques coul\u00e9s color\u00e9s sur mesure Panneaux translucides"},"content":{"rendered":"<h3 id=\"-unleash-your-creative-vision-presenting-customized-colored-textured-cast-polymer-panels-\"><strong>Lib\u00e9rez votre vision cr\u00e9ative : Pr\u00e9sentation de panneaux en polym\u00e8re coul\u00e9 color\u00e9s et textur\u00e9s personnalis\u00e9s<\/strong><\/h3>\n<p>Dans le monde entier, qu'il s'agisse de l'agencement, de la conception ou de la construction, le choix des mat\u00e9riaux est \u00e0 la base de tout concept formidable. C'est la toile sur laquelle la lumi\u00e8re, la couleur et la nature convergent pour cr\u00e9er une exp\u00e9rience. Nous sommes fiers de pr\u00e9senter un mat\u00e9riau qui non seulement r\u00e9pond aux besoins du design moderne, mais qui en \u00e9largit \u00e9galement les possibilit\u00e9s : notre gamme haut de gamme de plaques de polym\u00e8re coul\u00e9 color\u00e9es et textur\u00e9es sur mesure. Plus qu'un simple panneau, il s'agit d'un support fonctionnel, vibrant et r\u00e9sistant, con\u00e7u pour donner vie \u00e0 vos principes les plus ambitieux.<\/p>\n<p><img fetchpriority=\"high\" decoding=\"async\" class=\"size-full wp-image-1541\" src=\"https:\/\/customacrylicproduct.com\/wp-content\/uploads\/2025\/07\/Acrylic-Sheets-1.jpg\" alt=\"Feuilles acryliques (1)\" width=\"800\" height=\"800\" srcset=\"https:\/\/customacrylicproduct.com\/wp-content\/uploads\/2025\/07\/Acrylic-Sheets-1.jpg 800w, https:\/\/customacrylicproduct.com\/wp-content\/uploads\/2025\/07\/Acrylic-Sheets-1-300x300.jpg 300w, https:\/\/customacrylicproduct.com\/wp-content\/uploads\/2025\/07\/Acrylic-Sheets-1-150x150.jpg 150w, https:\/\/customacrylicproduct.com\/wp-content\/uploads\/2025\/07\/Acrylic-Sheets-1-768x768.jpg 768w, https:\/\/customacrylicproduct.com\/wp-content\/uploads\/2025\/07\/Acrylic-Sheets-1-600x600.jpg 600w, https:\/\/customacrylicproduct.com\/wp-content\/uploads\/2025\/07\/Acrylic-Sheets-1-100x100.jpg 100w\" sizes=\"(max-width: 800px) 100vw, 800px\" \/><\/p>\n<h4 id=\"-the-prevalence-of-cast-polymer-a-foundation-of-high-quality-\"><strong>La pr\u00e9valence du polym\u00e8re coul\u00e9 : Une base de haute qualit\u00e9<\/strong><\/h4>\n<p>Tous les acryliques ne se valent pas. Nos panneaux sont cr\u00e9\u00e9s \u00e0 l'aide de la technique de l'acrylique coul\u00e9, une proc\u00e9dure qui garantit une qualit\u00e9 et des performances in\u00e9gal\u00e9es. Contrairement \u00e0 son \u00e9quivalent extrud\u00e9, l'acrylique coul\u00e9 est d\u00e9velopp\u00e9 en versant un monom\u00e8re liquide dans un moule fait de deux feuilles de verre. Ce processus minutieux permet d'obtenir un produit d'une clart\u00e9 optique sup\u00e9rieure, d'une plus grande stabilit\u00e9 thermique et d'une surface plus r\u00e9sistante aux rayures et aux solvants.<\/p>\n<p>La structure mol\u00e9culaire de l'acrylique moul\u00e9 le rend exceptionnellement bien adapt\u00e9 \u00e0 la fabrication. Il peut \u00eatre d\u00e9coup\u00e9 au laser avec des bords polis \u00e0 la flamme, d\u00e9coup\u00e9 \u00e0 la CNC avec une grande pr\u00e9cision, perc\u00e9, courb\u00e9 \u00e0 la chaleur et coll\u00e9 pour d\u00e9velopper des liens solides et lisses. Cette facilit\u00e9 de mise en \u0153uvre int\u00e9grale offre aux concepteurs, aux artistes et aux entrepreneurs en b\u00e2timent la flexibilit\u00e9 n\u00e9cessaire pour innover sans \u00eatre limit\u00e9s par leurs mat\u00e9riaux. Qu'il s'agisse de cr\u00e9er des enseignes complexes ou des fonctions de construction durables, nos plaques acryliques pour acteurs constituent un facteur de d\u00e9part fiable et performant.<\/p>\n<p><img decoding=\"async\" class=\"size-full wp-image-1542\" src=\"https:\/\/customacrylicproduct.com\/wp-content\/uploads\/2025\/07\/Acrylic-Sheets-2.jpg\" alt=\"Feuilles d&#039;acrylique (2)\" width=\"720\" height=\"960\" srcset=\"https:\/\/customacrylicproduct.com\/wp-content\/uploads\/2025\/07\/Acrylic-Sheets-2.jpg 720w, https:\/\/customacrylicproduct.com\/wp-content\/uploads\/2025\/07\/Acrylic-Sheets-2-225x300.jpg 225w, https:\/\/customacrylicproduct.com\/wp-content\/uploads\/2025\/07\/Acrylic-Sheets-2-600x800.jpg 600w\" sizes=\"(max-width: 720px) 100vw, 720px\" \/><\/p>\n<h4 id=\"-a-world-of-shade-from-refined-tints-to-strong-statements-\"><strong>Un monde de nuances : Des teintes raffin\u00e9es aux affirmations fortes<\/strong><\/h4>\n<p>Comme le montrent les exemples suivants, notre collection est un t\u00e9moignage du pouvoir de la couleur. Nous proposons une large palette qui va des clairs les plus purs aux opaques profonds et mystiques, en passant par tout un spectre de nuances translucides.<\/p>\n<ul>\n<li><strong>Panneaux translucides :\u00a0<\/strong>Notre sp\u00e9cialit\u00e9 r\u00e9side dans notre magnifique s\u00e9rie de panneaux transparents. Ces feuilles sont con\u00e7ues pour enregistrer et diffuser la lumi\u00e8re, d\u00e9veloppant ainsi un rayonnement doux et \u00e9th\u00e9r\u00e9 qui apporte cadre et sophistication \u00e0 n'importe quel type d'espace. Imaginez des cloisons qui assurent l'intimit\u00e9 sans bloquer la lumi\u00e8re, des murs d'attributs r\u00e9tro\u00e9clair\u00e9s qui \u00e9mettent de la chaleur, ou des luminaires qui projettent une ombre douce et vibrante. Nos options claires vont des bleus tranquilles et des couleurs \u00e9cologiques aux rouges, oranges et jaunes \u00e9nergiques.<\/li>\n<li><strong>Options opaques et transparentes :\u00a0<\/strong>Pour les travaux n\u00e9cessitant des blocs de couleurs unies ou une clart\u00e9 comparable \u00e0 celle du verre, nous proposons une gamme compl\u00e8te de feuilles non transparentes et enti\u00e8rement transparentes. Notre noir non transparent est tr\u00e8s profond, ce qui est id\u00e9al pour les applications \u00e0 fort contraste, tandis que nos feuilles transparentes affichent une transmission de la lumi\u00e8re de plus de 92%, ce qui les rend plus claires que le verre et en fait un produit de remplacement id\u00e9al et l\u00e9ger.<\/li>\n<li><strong>Personnalis\u00e9 Correspondance des couleurs :\u00a0<\/strong>Votre marque et votre vision sont particuli\u00e8res. C'est pourquoi nous proposons une solution personnalis\u00e9e et d\u00e9taill\u00e9e d'assortiment de teintes. Fournissez-nous une r\u00e9f\u00e9rence Pantone, un code RAL ou m\u00eame un \u00e9chantillon physique, et nos techniciens sp\u00e9cialis\u00e9s produiront certainement une teinte acrylique sur mesure, adapt\u00e9e sp\u00e9cifiquement aux exigences de votre t\u00e2che. Ce degr\u00e9 de personnalisation garantit une excellente coh\u00e9rence de la marque \u00e0 travers les d\u00e9ploiements de vente au d\u00e9tail, les environnements d'entreprise et les installations personnalis\u00e9es.<\/li>\n<\/ul>\n<p><img decoding=\"async\" class=\"size-full wp-image-1543\" src=\"https:\/\/customacrylicproduct.com\/wp-content\/uploads\/2025\/07\/Acrylic-Sheets-3.jpg\" alt=\"Feuilles acryliques (3)\" width=\"720\" height=\"960\" srcset=\"https:\/\/customacrylicproduct.com\/wp-content\/uploads\/2025\/07\/Acrylic-Sheets-3.jpg 720w, https:\/\/customacrylicproduct.com\/wp-content\/uploads\/2025\/07\/Acrylic-Sheets-3-225x300.jpg 225w, https:\/\/customacrylicproduct.com\/wp-content\/uploads\/2025\/07\/Acrylic-Sheets-3-600x800.jpg 600w\" sizes=\"(max-width: 720px) 100vw, 720px\" \/><\/p>\n<h4 id=\"-beyond-smooth-a-harmony-of-textures-\"><strong>Au-del\u00e0 du lisse : Une harmonie de textures<\/strong><\/h4>\n<p>Alors que la couleur d\u00e9finit l'\u00e9tat d'esprit, la structure ajoute une nouvelle dimension \u00e0 l'engagement sensoriel. Notre collection ing\u00e9nieuse, pr\u00e9sent\u00e9e dans l'\u00e9tonnant exemple de panneau multi-textur\u00e9, d\u00e9passe la simple surface plane pour offrir une exp\u00e9rience esth\u00e9tique et r\u00e9active riche. Ces structures ne sont pas simplement des impacts au niveau de la surface ; elles sont int\u00e9gr\u00e9es dans le panneau lui-m\u00eame au cours de la proc\u00e9dure d'\u00e9talement, ce qui garantit la r\u00e9silience et l'uniformit\u00e9.<\/p>\n<p>Nos offres textur\u00e9es consistent en :.<\/p>\n<ul>\n<li><strong>Cannel\u00e9 \/ nervur\u00e9 :\u00a0<\/strong>Des rainures droites et nettes qui jouent avec l'ombre et la lumi\u00e8re, cr\u00e9ant une sensation de hauteur, d'ordre et de modernit\u00e9. Parfait pour les portes d'armoires, les pr\u00e9sentoirs de vente au d\u00e9tail et les \u00e9crans d\u00e9coratifs.<\/li>\n<li><strong>Pointill\u00e9\/Hammered :\u00a0<\/strong>Un motif naturel, semblable \u00e0 de l'eau, qui obscurcit brillamment les vues tout en laissant passer la lumi\u00e8re. Cette texture convient aux \u00e9crans d'intimit\u00e9, aux panneaux de salle de bains et aux applications d'\u00e9clairage uniques, imitant l'impact du verre artisanal.<\/li>\n<li><strong>Frott\u00e9\/avis\u00e9 :\u00a0<\/strong>Une structure vibrante et irr\u00e9guli\u00e8re qui ajoute du mouvement et un style imaginatif. Chaque feuille devient une pi\u00e8ce distincte, id\u00e9ale pour les installations artistiques uniques, les meubles et les murs d'apparat qui demandent de l'int\u00e9r\u00eat.<\/li>\n<\/ul>\n<p>Ces textures modifient la fa\u00e7on dont l'acrylique interagit avec son atmosph\u00e8re. Elles peuvent briser la lumi\u00e8re, ajouter une profondeur esth\u00e9tique, donner diff\u00e9rents niveaux d'intimit\u00e9 et transformer un panneau simple en un \u00e9l\u00e9ment de style passionnant.<\/p>\n<h4 id=\"-applications-the-limit-is-your-creative-imagination-\"><strong>Applications : La limite est votre imagination cr\u00e9ative<\/strong><\/h4>\n<p>La combinaison d'un acrylique coul\u00e9 de premi\u00e8re qualit\u00e9, d'une teinte illimit\u00e9e et de textures uniques fait de nos panneaux l'un des mat\u00e9riaux les plus flexibles du march\u00e9. Leurs applications s'\u00e9tendent \u00e0 de nombreux secteurs :.<\/p>\n<ul>\n<li><strong>Design et d\u00e9coration d'int\u00e9rieur :\u00a0<\/strong>Cr\u00e9ez des cloisons spectaculaires, des s\u00e9parations de lieux de travail, des balustrades, des puits de lumi\u00e8re et des luminaires personnalis\u00e9s. Utilisez nos panneaux distinctifs pour cr\u00e9er des \u00e9crans d'intimit\u00e9 aussi jolis que pratiques.<\/li>\n<li><strong>Commerce de d\u00e9tail et points de vente :\u00a0<\/strong>Cr\u00e9ez des pr\u00e9sentoirs distinctifs, des rayonnages haut de gamme, des enseignes de qualit\u00e9 sup\u00e9rieure et des ambiances de magasin compl\u00e8tes qui plongent les clients dans l'esth\u00e9tique de votre marque. Sa robustesse et sa facilit\u00e9 de nettoyage en font le mat\u00e9riau id\u00e9al pour les lieux tr\u00e8s fr\u00e9quent\u00e9s.<\/li>\n<li><strong>Signalisation et balisage :\u00a0<\/strong>Qu'il s'agisse de lettres de r\u00e9seau r\u00e9tro\u00e9clair\u00e9es, de plaques sophistiqu\u00e9es ou de sites d'annuaire, la haute qualit\u00e9 optique et la r\u00e9sistance aux intemp\u00e9ries de nos acteurs acryliques garantissent la clart\u00e9 et la vivacit\u00e9 de votre message.<\/li>\n<li><strong>Mobilier et agencement des produits :\u00a0<\/strong>Concevoir des plateaux de table modernes, des faces d'armoire \u00e9l\u00e9gantes, des surfaces de s\u00e9curit\u00e9 et des \u00e9l\u00e9ments d\u00e9coratifs distincts pour les meubles sur mesure.<\/li>\n<li><strong>Art et expositions :\u00a0<\/strong>L'outil id\u00e9al pour les sculpteurs et les artistes. Sa clart\u00e9, sa profondeur de teinte et sa maniabilit\u00e9 permettent de r\u00e9aliser des installations \u00e9tonnantes, des caissons lumineux et des coffrets de protection de qualit\u00e9 mus\u00e9ale.<\/li>\n<\/ul>\n<h4 id=\"-our-dedication-quality-range-and-partnership-\"><strong>Notre engagement : Qualit\u00e9, gamme et partenariat<\/strong><\/h4>\n<p>Comme le montrent nos vastes entrep\u00f4ts, nous sommes plus qu'un simple fournisseur ; nous sommes un partenaire de production \u00e0 grande \u00e9chelle pr\u00eat \u00e0 soutenir des t\u00e2ches de toute taille. Qu'il s'agisse d'une simple feuille pour un travail \u00e0 faire soi-m\u00eame ou d'innombrables panneaux pour une distribution mondiale, notre ligne de production de pointe et notre contr\u00f4le de qualit\u00e9 approfondi garantissent la coh\u00e9rence et la qualit\u00e9 de chaque commande.<\/p>\n<p>Chaque feuille est exp\u00e9di\u00e9e avec un film de s\u00e9curit\u00e9 (papier ou PE) sur les deux faces, garantissant son excellente surface pendant le transport et la construction. Nous proposons une vari\u00e9t\u00e9 d'\u00e9paisseurs et de tailles de feuilles standard, ainsi que des services professionnels de d\u00e9coupe \u00e0 la taille afin de r\u00e9duire les d\u00e9chets et d'am\u00e9liorer votre processus.<\/p>\n<p><strong>Commencez votre voyage par les \u00c9tats-Unis<\/strong><\/p>\n<p>Votre vision m\u00e9rite un mat\u00e9riau qui soit aussi solide, grand et illimit\u00e9 que votre imagination. Nos panneaux acryliques coul\u00e9s color\u00e9s et textur\u00e9s personnalis\u00e9s sont ce produit. Explorez notre gamme de couleurs, ressentez la profondeur de nos textures et d\u00e9couvrez la qualit\u00e9 in\u00e9gal\u00e9e de l'acrylique v\u00e9ritable.<\/p>\n<p>Appelez d\u00e8s aujourd'hui notre groupe de professionnels des mat\u00e9riaux pour discuter de votre projet, demander une s\u00e9rie d'exemples et nous permettre de vous aider \u00e0 transformer votre vision en une v\u00e9rit\u00e9 sensationnelle.<\/p>","protected":false},"excerpt":{"rendered":"<p class=\"ng-star-inserted\"><span class=\"ng-star-inserted\">Donnez vie \u00e0 vos cr\u00e9ations gr\u00e2ce \u00e0 nos feuilles acryliques coul\u00e9es de couleur personnalis\u00e9e ! Choisissez parmi une palette brillante de finitions translucides, opaques et textur\u00e9es uniques. Durables et polyvalentes, elles sont parfaites pour la d\u00e9coupe laser, la signalisation et les pr\u00e9sentoirs. Disponibles sur mesure et en vrac.<\/span><\/p>","protected":false},"featured_media":1541,"template":"","meta":{"_kad_post_transparent":"default","_kad_post_title":"","_kad_post_layout":"default","_kad_post_sidebar_id":"","_kad_post_content_style":"default","_kad_post_vertical_padding":"default","_kad_post_feature":"","_kad_post_feature_position":"","_kad_post_header":false,"_kad_post_footer":false,"_kad_post_classname":""},"product_brand":[],"product_cat":[24],"product_tag":[82],"class_list":{"0":"post-1540","1":"product","2":"type-product","3":"status-publish","4":"has-post-thumbnail","6":"product_cat-custom-acrylic-sheets","7":"product_tag-colored-acrylic-sheets","9":"first","10":"instock","11":"shipping-taxable","12":"product-type-simple","13":"entry","14":"content-bg","15":"loop-entry"},"_links":{"self":[{"href":"https:\/\/customacrylicproduct.com\/fr\/wp-json\/wp\/v2\/product\/1540","targetHints":{"allow":["GET"]}}],"collection":[{"href":"https:\/\/customacrylicproduct.com\/fr\/wp-json\/wp\/v2\/product"}],"about":[{"href":"https:\/\/customacrylicproduct.com\/fr\/wp-json\/wp\/v2\/types\/product"}],"wp:featuredmedia":[{"embeddable":true,"href":"https:\/\/customacrylicproduct.com\/fr\/wp-json\/wp\/v2\/media\/1541"}],"wp:attachment":[{"href":"https:\/\/customacrylicproduct.com\/fr\/wp-json\/wp\/v2\/media?parent=1540"}],"wp:term":[{"taxonomy":"product_brand","embeddable":true,"href":"https:\/\/customacrylicproduct.com\/fr\/wp-json\/wp\/v2\/product_brand?post=1540"},{"taxonomy":"product_cat","embeddable":true,"href":"https:\/\/customacrylicproduct.com\/fr\/wp-json\/wp\/v2\/product_cat?post=1540"},{"taxonomy":"product_tag","embeddable":true,"href":"https:\/\/customacrylicproduct.com\/fr\/wp-json\/wp\/v2\/product_tag?post=1540"}],"curies":[{"name":"wp","href":"https:\/\/api.w.org\/{rel}","templated":true}]}}