{"id":1544,"date":"2025-07-22T03:35:11","date_gmt":"2025-07-22T03:35:11","guid":{"rendered":"https:\/\/customacrylicproduct.com\/?post_type=product&#038;p=1544"},"modified":"2025-07-22T03:35:11","modified_gmt":"2025-07-22T03:35:11","slug":"acrylic-senior-special-new-design-trophy-award-custom","status":"publish","type":"product","link":"https:\/\/customacrylicproduct.com\/fr\/acrylic-senior-special-new-design-trophy-award-custom\/","title":{"rendered":"Acrylique Senior Sp\u00e9cial Nouveau Design Troph\u00e9e Prix Personnalis\u00e9"},"content":{"rendered":"<h3 id=\"redefining-recognition-presenting-the-apex-collection-custom-3d-polymer-trophies\">Red\u00e9finir la reconnaissance : Pr\u00e9sentation de la collection Apex de troph\u00e9es personnalis\u00e9s en polym\u00e8re 3D<\/h3>\n<p>Dans un monde de louanges num\u00e9riques \u00e9ph\u00e9m\u00e8res, l'acte de remettre un prix physique reste un geste efficace et intemporel. C'est une minute glac\u00e9e dans le temps, un symbole concret de d\u00e9vouement, de qualit\u00e9 et de r\u00e9ussite significative. Mais pendant longtemps, les distinctions elles-m\u00eames ont \u00e9t\u00e9 communes, pr\u00e9visibles et d\u00e9pourvues de l'\u00e2me r\u00e9elle de l'accomplissement qu'elles sont cens\u00e9es comm\u00e9morer.<\/p>\n<p>Notre soci\u00e9t\u00e9 estime que la v\u00e9ritable reconnaissance a droit \u00e0 un monolithe, et non \u00e0 un simple stylo. C'est avec cette id\u00e9ologie que nous pr\u00e9sentons fi\u00e8rement notre ligne de produits de pointe.\u00a0<strong>Troph\u00e9es personnalis\u00e9s en polym\u00e8re 3D\u00a0<\/strong>- une collection o\u00f9 l'habilet\u00e9 artistique, l'innovation et l'importance se conjuguent pour produire une distinction aussi exceptionnelle que le r\u00e9cipiendaire.<\/p>\n<p><img fetchpriority=\"high\" decoding=\"async\" class=\"size-full wp-image-1545\" src=\"https:\/\/customacrylicproduct.com\/wp-content\/uploads\/2025\/07\/New-Design-Trophy-1.jpg\" alt=\"Troph\u00e9e du nouveau design (1)\" width=\"900\" height=\"900\" srcset=\"https:\/\/customacrylicproduct.com\/wp-content\/uploads\/2025\/07\/New-Design-Trophy-1.jpg 900w, https:\/\/customacrylicproduct.com\/wp-content\/uploads\/2025\/07\/New-Design-Trophy-1-300x300.jpg 300w, https:\/\/customacrylicproduct.com\/wp-content\/uploads\/2025\/07\/New-Design-Trophy-1-150x150.jpg 150w, https:\/\/customacrylicproduct.com\/wp-content\/uploads\/2025\/07\/New-Design-Trophy-1-768x768.jpg 768w, https:\/\/customacrylicproduct.com\/wp-content\/uploads\/2025\/07\/New-Design-Trophy-1-600x600.jpg 600w, https:\/\/customacrylicproduct.com\/wp-content\/uploads\/2025\/07\/New-Design-Trophy-1-100x100.jpg 100w\" sizes=\"(max-width: 900px) 100vw, 900px\" \/><\/p>\n<p><strong>Une nouvelle dimension dans le design d'honneur : Le motif de la colline<\/strong><\/p>\n<p>Au c\u0153ur de notre nouvelle collection se trouve un motif efficace et \u00e9vocateur : une cha\u00eene de montagnes d'une profondeur stup\u00e9fiante, semblant d\u00e9river dans la clart\u00e9 immacul\u00e9e de l'acrylique. Il ne s'agit pas d'un simple \u00e9l\u00e9ment ornemental, mais d'un r\u00e9cit enregistr\u00e9 sous une forme solide.<\/p>\n<p>La colline repr\u00e9sente l'apog\u00e9e de la r\u00e9ussite. Elle signifie le voyage difficile, les obstacles \u00e0 surmonter, la volont\u00e9 in\u00e9branlable n\u00e9cessaire pour y parvenir. Elle \u00e9voque l'endurance, la s\u00e9curit\u00e9 et l'ambition croissante qui pousse les personnes et les entreprises \u00e0 aller de l'avant. Qu'il s'agisse d'honorer un \u201cCompagnon de l'ann\u00e9e\u201d, un \u201cMeilleur service\u201d ou un athl\u00e8te de classe mondiale, le th\u00e8me de la colline \u00e9voque une histoire globale de r\u00e9ussite qui transcende les langues et les cultures.<\/p>\n<p>Comme le montrent les diff\u00e9rents exemples, ce principe de base est merveilleusement polyvalent. Pour un troph\u00e9e de partenaire d'entreprise, la montagne est pr\u00e9sent\u00e9e dans un noir et gris sophistiqu\u00e9, sur fond d'un texte \u00e9l\u00e9gant en or, qui \u00e9voque la gravit\u00e9 et une collaboration estim\u00e9e. Pour un troph\u00e9e de la \u201cCoupe du monde de natation\u201d, la m\u00eame cha\u00eene de montagnes flotte merveilleusement au-dessus d'un aspect bleu azur vif qui imite les profondeurs d'un excellent lac ou la masse effective d'un iceberg - un excellent lien th\u00e9matique qui est \u00e0 la fois esth\u00e9tiquement saisissant et profond\u00e9ment significatif.<\/p>\n<p><img decoding=\"async\" class=\"size-full wp-image-1547\" src=\"https:\/\/customacrylicproduct.com\/wp-content\/uploads\/2025\/07\/New-Design-Trophy-3.jpg\" alt=\"Troph\u00e9e du nouveau design (3)\" width=\"900\" height=\"900\" srcset=\"https:\/\/customacrylicproduct.com\/wp-content\/uploads\/2025\/07\/New-Design-Trophy-3.jpg 900w, https:\/\/customacrylicproduct.com\/wp-content\/uploads\/2025\/07\/New-Design-Trophy-3-300x300.jpg 300w, https:\/\/customacrylicproduct.com\/wp-content\/uploads\/2025\/07\/New-Design-Trophy-3-150x150.jpg 150w, https:\/\/customacrylicproduct.com\/wp-content\/uploads\/2025\/07\/New-Design-Trophy-3-768x768.jpg 768w, https:\/\/customacrylicproduct.com\/wp-content\/uploads\/2025\/07\/New-Design-Trophy-3-600x600.jpg 600w, https:\/\/customacrylicproduct.com\/wp-content\/uploads\/2025\/07\/New-Design-Trophy-3-100x100.jpg 100w\" sizes=\"(max-width: 900px) 100vw, 900px\" \/><\/p>\n<p><strong>Un savoir-faire in\u00e9gal\u00e9 et des produits d'une grande puret\u00e9<\/strong><\/p>\n<p>Un style \u00e9tonnant exige un support remarquable. Nos troph\u00e9es sont fabriqu\u00e9s en acrylique optique de la plus haute qualit\u00e9 ou, sur demande, en cristal K9. Ce produit est choisi pour sa qualit\u00e9 parfaite, son poids important et ses foyers ph\u00e9nom\u00e9naux de r\u00e9fraction de la lumi\u00e8re. Contrairement \u00e0 l'acrylique ordinaire, il est d\u00e9pourvu des imperfections et du jaunissement qui peuvent r\u00e9duire la stature d'un honneur au fil du temps. Le r\u00e9sultat est une pi\u00e8ce qui a l'\u00e9clat stup\u00e9fiant du verre tout en \u00e9tant d'une long\u00e9vit\u00e9 exceptionnelle.<\/p>\n<p>Chaque prix t\u00e9moigne d'un processus de pr\u00e9cision en plusieurs \u00e9tapes :...<\/p>\n<ol>\n<li><strong>Inscription laser interne en 3D :\u00a0<\/strong>La magie de la montagne \u201cflottante\u201d est obtenue gr\u00e2ce \u00e0 une strat\u00e9gie sophistiqu\u00e9e de gravure au laser sous la surface. Notre \u00e9quipement sophistiqu\u00e9 concentre des faisceaux de lumi\u00e8re laser \u00e0 haute intensit\u00e9 pour d\u00e9velopper des centaines de micro-fractures complexes dans le bloc solide d'acrylique. L'ensemble de ces points cr\u00e9e un paysage montagneux tridimensionnel complet, avec des hauteurs abruptes et des vall\u00e9es ombrag\u00e9es, le tout suspendu de mani\u00e8re impossible au c\u0153ur du troph\u00e9e.<\/li>\n<li><strong>Impression UV Shade en haute r\u00e9solution :\u00a0<\/strong>Les teintes vives, les logos nets et les messages pr\u00e9cis sont appliqu\u00e9s \u00e0 l'aide d'une innovation avanc\u00e9e en mati\u00e8re d'impression UV. Ce proc\u00e9d\u00e9 traite rapidement l'encre \u00e0 l'aide de la lumi\u00e8re ultraviolette, ce qui permet d'obtenir une impression durable et r\u00e9sistante aux rayures, avec une int\u00e9grit\u00e9 des teintes \u00e9tonnante. Cela permet d'obtenir les riches bleus de l'eau, l'or \u00e9blouissant des titres et la reproduction id\u00e9ale de l'image de marque de l'entreprise.<\/li>\n<li><strong>Finition artisanale :\u00a0<\/strong>La technologie n'est qu'une partie de l'histoire. Chaque prix est soumis \u00e0 une proc\u00e9dure de finition minutieuse par des artisans exp\u00e9riment\u00e9s. Les c\u00f4t\u00e9s sont polis au diamant pour obtenir un \u00e9clat semblable \u00e0 celui d'un miroir, ce qui permet de s'assurer qu'il n'y a pas d'ar\u00eates vives et que l'objet capte et refl\u00e8te la lumi\u00e8re sous tous les angles. Les structures, telles que le socle de montagne scintillant et infus\u00e9 de paillettes ou la gravure givr\u00e9e d'une carte du monde, sont utilis\u00e9es avec pr\u00e9cision pour ajouter une couche suppl\u00e9mentaire de richesse sensorielle.<\/li>\n<\/ol>\n<p><img decoding=\"async\" class=\"size-full wp-image-1548\" src=\"https:\/\/customacrylicproduct.com\/wp-content\/uploads\/2025\/07\/New-Design-Trophy-4.jpg\" alt=\"Troph\u00e9e du nouveau design (4)\" width=\"900\" height=\"900\" srcset=\"https:\/\/customacrylicproduct.com\/wp-content\/uploads\/2025\/07\/New-Design-Trophy-4.jpg 900w, https:\/\/customacrylicproduct.com\/wp-content\/uploads\/2025\/07\/New-Design-Trophy-4-300x300.jpg 300w, https:\/\/customacrylicproduct.com\/wp-content\/uploads\/2025\/07\/New-Design-Trophy-4-150x150.jpg 150w, https:\/\/customacrylicproduct.com\/wp-content\/uploads\/2025\/07\/New-Design-Trophy-4-768x768.jpg 768w, https:\/\/customacrylicproduct.com\/wp-content\/uploads\/2025\/07\/New-Design-Trophy-4-600x600.jpg 600w, https:\/\/customacrylicproduct.com\/wp-content\/uploads\/2025\/07\/New-Design-Trophy-4-100x100.jpg 100w\" sizes=\"(max-width: 900px) 100vw, 900px\" \/><\/p>\n<p><strong>Le pouvoir de modification \u00e0 l'infini<\/strong><\/p>\n<p>Votre r\u00e9ussite est unique. Votre r\u00e9compense doit l'\u00eatre aussi. Notre plateforme est construite autour du concept de personnalisation profonde et cibl\u00e9e, vous permettant de cr\u00e9er un troph\u00e9e qui est un v\u00e9ritable chef-d'\u0153uvre unique.<\/p>\n<ul>\n<li><strong>Forming et Kind :\u00a0<\/strong>Alors que le bloc rectangulaire intemporel offre un aspect classique et substantiel, et que le \u201cpalet\u201d rond constitue un choix moderne et \u00e9l\u00e9gant, nous ne sommes pas limit\u00e9s par les conventions. Notre \u00e9quipe de stylistes peut travailler avec vous pour d\u00e9velopper une forme personnalis\u00e9e qui illustre l'identit\u00e9 de votre marque ou le th\u00e8me de votre \u00e9v\u00e9nement.<\/li>\n<li><strong>Images et vid\u00e9os sur mesure :\u00a0<\/strong>Les possibilit\u00e9s de conception sont illimit\u00e9es. Comme le montre une variante sensationnelle, nous pouvons incorporer une carte du monde subtilement grav\u00e9e dans l'histoire, avec une \u00e9toile d\u00e9terminant un lieu important. Nous pouvons graver des marques individuelles pour une touche vraiment sp\u00e9ciale, ou incorporer des motifs et des ic\u00f4nes \u00e9labor\u00e9s, comme les d\u00e9licates \u00e9toiles qui ornent le c\u00f4t\u00e9 du prix de service.<\/li>\n<li><strong>Texte et marque personnalis\u00e9s :\u00a0<\/strong>Chaque mot compte. Nous pouvons r\u00e9aliser n'importe quel message - du nom et du titre du destinataire \u00e0 la date de l'\u00e9v\u00e9nement et \u00e0 un message sinc\u00e8re - dans une s\u00e9lection de polices de caract\u00e8res et de rev\u00eatements, comprenant une feuille d'aluminium dor\u00e9e de grande classe, un noir classique ou un blanc impeccable. Les logos d'entreprise, tels que ceux de \u201cEco-Green Group\u201d ou de \u201cBoehringer Ingelheim\u201d, sont recr\u00e9\u00e9s avec une pr\u00e9cision id\u00e9ale pour pr\u00e9server l'int\u00e9grit\u00e9 de la marque.<\/li>\n<li><strong>Palettes de couleurs th\u00e9matiques :\u00a0<\/strong>Le bleu vif n'est qu'un d\u00e9but. Nous pouvons personnaliser la palette de couleurs pour qu'elle corresponde \u00e0 l'image de marque de votre entreprise, aux nuances de votre \u00e9v\u00e9nement ou \u00e0 votre \u00e9tat d'esprit pr\u00e9f\u00e9r\u00e9. Imaginez un rouge intense pour un prix de vente, un bleu profond pour un prix \u00e9cologique, ou un argent m\u00e9tallique \u00e9l\u00e9gant pour un prix de technologie moderne.<\/li>\n<\/ul>\n<p><strong>La derni\u00e8re touche : Une pr\u00e9sentation inoubliable<\/strong><\/p>\n<p>L'exp\u00e9rience d'une r\u00e9compense commence au moment o\u00f9 elle est remise. C'est pourquoi chacun de nos troph\u00e9es personnalis\u00e9s est pr\u00e9sent\u00e9 dans une bo\u00eete glamour de haute qualit\u00e9. La bo\u00eete en bronze-or, solide et textur\u00e9e, que l'on voit sur l'image, a \u00e9t\u00e9 con\u00e7ue pour prot\u00e9ger la r\u00e9compense tout en rehaussant l'ensemble de la discussion. L'ouverture de la bo\u00eete pour r\u00e9v\u00e9ler le prix \u00e9tincelant et substantiel qu'elle contient est une exp\u00e9rience en soi, qui associe la valeur, l'estime et la reconnaissance profonde avant m\u00eame que le troph\u00e9e ne soit remis.<\/p>\n<p><strong>Un honneur pour chaque occasion :<\/strong><\/p>\n<p>Ce style polyvalent est le choix id\u00e9al pour un large \u00e9ventail d'occasions de reconnaissance :.<\/p>\n<ul>\n<li><strong>Reconnaissance de l'entreprise :\u00a0<\/strong>Travailleur du mois, meilleur rendement, service id\u00e9al, distinctions de la direction.<\/li>\n<li><strong>Partenariat et admiration des clients :\u00a0<\/strong>Partenaire de l'ann\u00e9e, prix des fournisseurs, anniversaires des clients.<\/li>\n<li><strong>Occasions sportives :\u00a0<\/strong>Troph\u00e9es de champions, prix MVP, plaques de c\u00e9l\u00e9bration.<\/li>\n<li><strong>Jalons et anniversaires :\u00a0<\/strong>Anniversaires de mariage, journ\u00e9es de la structure de l'entreprise, cadeaux de vie pour les retrait\u00e9s.<\/li>\n<li><strong>Universitaire et \u00e0 but non lucratif :\u00a0<\/strong>Reconnaissance des donateurs, bourses d'accomplissement, b\u00e9n\u00e9vole de l'ann\u00e9e.<\/li>\n<\/ul>\n<p>Changez de lieu de r\u00e9sidence pour aller au-del\u00e0 de l'ordinaire. Choisissez un prix qui raconte, qui suscite l'\u00e9merveillement et qui sera gard\u00e9 pr\u00e9cieusement toute une vie. Choisissez le prix en acrylique 3D de la s\u00e9rie Pinnacle, fait sur mesure, o\u00f9 votre reconnaissance atteint son apog\u00e9e.<\/p>\n<p><strong>Prenez contact avec nous d\u00e8s aujourd'hui pour entamer une consultation avec notre \u00e9quipe de mise en page et cr\u00e9er un h\u00e9ritage substantiel de succ\u00e8s.<\/strong><\/p>","protected":false},"excerpt":{"rendered":"<p>Reconnaissez l'excellence avec nos nouveaux troph\u00e9es en acrylique personnalis\u00e9s. Dot\u00e9s d'un superbe paysage de montagne en 3D captur\u00e9 dans un acrylique cristallin, ces troph\u00e9es sont enti\u00e8rement personnalisables. Ils sont parfaits pour les r\u00e9compenses d'entreprise, les \u00e9v\u00e9nements sportifs et la c\u00e9l\u00e9bration des meilleurs \u00e9l\u00e9ments avec une r\u00e9compense unique et prestigieuse.<\/p>","protected":false},"featured_media":1545,"template":"","meta":{"_kad_post_transparent":"default","_kad_post_title":"","_kad_post_layout":"default","_kad_post_sidebar_id":"","_kad_post_content_style":"default","_kad_post_vertical_padding":"default","_kad_post_feature":"","_kad_post_feature_position":"","_kad_post_header":false,"_kad_post_footer":false,"_kad_post_classname":""},"product_brand":[],"product_cat":[19],"product_tag":[145],"class_list":{"0":"post-1544","1":"product","2":"type-product","3":"status-publish","4":"has-post-thumbnail","6":"product_cat-custom-acrylic-trophies-awards","7":"product_tag-acrylic-custom-trophy","9":"first","10":"instock","11":"shipping-taxable","12":"product-type-simple","13":"entry","14":"content-bg","15":"loop-entry"},"_links":{"self":[{"href":"https:\/\/customacrylicproduct.com\/fr\/wp-json\/wp\/v2\/product\/1544","targetHints":{"allow":["GET"]}}],"collection":[{"href":"https:\/\/customacrylicproduct.com\/fr\/wp-json\/wp\/v2\/product"}],"about":[{"href":"https:\/\/customacrylicproduct.com\/fr\/wp-json\/wp\/v2\/types\/product"}],"wp:featuredmedia":[{"embeddable":true,"href":"https:\/\/customacrylicproduct.com\/fr\/wp-json\/wp\/v2\/media\/1545"}],"wp:attachment":[{"href":"https:\/\/customacrylicproduct.com\/fr\/wp-json\/wp\/v2\/media?parent=1544"}],"wp:term":[{"taxonomy":"product_brand","embeddable":true,"href":"https:\/\/customacrylicproduct.com\/fr\/wp-json\/wp\/v2\/product_brand?post=1544"},{"taxonomy":"product_cat","embeddable":true,"href":"https:\/\/customacrylicproduct.com\/fr\/wp-json\/wp\/v2\/product_cat?post=1544"},{"taxonomy":"product_tag","embeddable":true,"href":"https:\/\/customacrylicproduct.com\/fr\/wp-json\/wp\/v2\/product_tag?post=1544"}],"curies":[{"name":"wp","href":"https:\/\/api.w.org\/{rel}","templated":true}]}}