{"id":1554,"date":"2025-07-22T06:19:11","date_gmt":"2025-07-22T06:19:11","guid":{"rendered":"https:\/\/customacrylicproduct.com\/?post_type=product&#038;p=1554"},"modified":"2025-07-22T06:19:11","modified_gmt":"2025-07-22T06:19:11","slug":"custom-clear-acrylic-bubble-rod-cast-solid-acrylic-rods","status":"publish","type":"product","link":"https:\/\/customacrylicproduct.com\/fr\/custom-clear-acrylic-bubble-rod-cast-solid-acrylic-rods\/","title":{"rendered":"Tige \u00e0 bulles en acrylique transparent sur mesure Tiges en acrylique solide coul\u00e9"},"content":{"rendered":"<h3 id=\"presenting-the-exquisite-custom-made-clear-polymer-radiance-rod-a-world-of-sparkle-for-your-layouts\">Nous vous pr\u00e9sentons l'exquise tige Radiance en polym\u00e8re transparent fabriqu\u00e9e sur mesure : Un monde d'\u00e9clat pour vos mises en page<\/h3>\n<p>Dans le monde entier, les produits sont le langage que nous utilisons pour raconter des histoires. Vous \u00eates \u00e0 la recherche d'un produit qui transcende la normalit\u00e9, d'un produit qui parle d'\u00e9l\u00e9gance moderne, de luxe fougueux et d'imagination sans limites ? Nous vous invitons \u00e0 d\u00e9couvrir nos\u00a0<strong>Tiges de paillettes en polym\u00e8re transparent fabriqu\u00e9es sur mesure\u00a0<\/strong>- une fusion spectaculaire d'une excellente clart\u00e9 et d'un \u00e9clat captivant, con\u00e7ue pour faire passer vos t\u00e2ches de remarquables \u00e0 remarquables.<\/p>\n<p>Souvent class\u00e9es dans la cat\u00e9gorie des \u201cpoteaux \u00e0 bulles\u201d pour leur aspect ornemental, ces tiges en acrylique coul\u00e9 massif remplacent les bulles d'air traditionnelles par une galaxie d'\u00e9clats arc-en-ciel, cr\u00e9ant ainsi un r\u00e9sultat visuel encore plus vibrant et avanc\u00e9. Chaque poteau est un univers de lumi\u00e8re autoportant, t\u00e9moin d'une production de pr\u00e9cision et d'un agencement imaginatif.<\/p>\n<p><img fetchpriority=\"high\" decoding=\"async\" class=\"size-full wp-image-1555\" src=\"https:\/\/customacrylicproduct.com\/wp-content\/uploads\/2025\/07\/Acrylic-Bubble-Rod-1.jpg\" alt=\"Barre \u00e0 bulles en acrylique (1)\" width=\"800\" height=\"800\" srcset=\"https:\/\/customacrylicproduct.com\/wp-content\/uploads\/2025\/07\/Acrylic-Bubble-Rod-1.jpg 800w, https:\/\/customacrylicproduct.com\/wp-content\/uploads\/2025\/07\/Acrylic-Bubble-Rod-1-300x300.jpg 300w, https:\/\/customacrylicproduct.com\/wp-content\/uploads\/2025\/07\/Acrylic-Bubble-Rod-1-150x150.jpg 150w, https:\/\/customacrylicproduct.com\/wp-content\/uploads\/2025\/07\/Acrylic-Bubble-Rod-1-768x768.jpg 768w, https:\/\/customacrylicproduct.com\/wp-content\/uploads\/2025\/07\/Acrylic-Bubble-Rod-1-600x600.jpg 600w, https:\/\/customacrylicproduct.com\/wp-content\/uploads\/2025\/07\/Acrylic-Bubble-Rod-1-100x100.jpg 100w\" sizes=\"(max-width: 800px) 100vw, 800px\" \/><\/p>\n<h4 id=\"the-significance-of-sparkle-product-and-looks\">L'importance de l'\u00e9clat : Produit et apparence<\/h4>\n<p>Le meilleur acrylique coul\u00e9, \u00e9galement connu sous le nom de polym\u00e9thacrylate de m\u00e9thyle (PMMA), est au c\u0153ur de nos produits. Contrairement \u00e0 son homologue extrud\u00e9, l'acrylique coul\u00e9 offre une qualit\u00e9 optique remarquable, qui rivalise avec celle du verre, voire la d\u00e9passe. Il est d'une transparence sans faille, permettant \u00e0 la lumi\u00e8re de circuler sans entrave, ce qui est essentiel pour mettre en valeur les ajouts \u00e9blouissants qu'il contient. Ce produit n'est pas seulement beau, il est aussi remarquablement robuste, affichant une superbe r\u00e9sistance aux intemp\u00e9ries, une protection contre les UV et un rapport r\u00e9sistance\/poids \u00e9lev\u00e9. Il est consid\u00e9rablement plus r\u00e9sistant aux chocs et plus l\u00e9ger que le verre, ce qui en fait un choix beaucoup plus s\u00fbr et beaucoup plus flexible pour une vaste s\u00e9rie d'applications.<\/p>\n<p>La magie de la v\u00e9rit\u00e9 existe n\u00e9anmoins en suspension dans ce milieu cristallin. Des centaines de particules d'\u00e9clat, s\u00e9lectionn\u00e9es avec soin, sont parfaitement dispers\u00e9es dans la perche tout au long du processus de moulage. Il ne s'agit pas d'une th\u00e9rapie de surface ; l'\u00e9clat fait partie int\u00e9grante de la tige elle-m\u00eame. Lorsque la lumi\u00e8re p\u00e9n\u00e8tre dans la tige, elle est r\u00e9fract\u00e9e par les aspects hexagonaux polis et frappe ensuite ces nombreux petits miroirs, se dispersant en un \u00e9cran d'affichage dynamique et multicolore. Le r\u00e9sultat est vibrant et changeant, r\u00e9agissant \u00e0 la lumi\u00e8re ambiante et \u00e0 l'angle du public. Sous une lumi\u00e8re tamis\u00e9e, il offre un chatoiement raffin\u00e9 et novateur. Sous les projecteurs, il explose en un spectacle brillant et effervescent.<\/p>\n<p>Le profil hexagonal du poteau est un choix de style intentionnel. Alors que les poteaux ronds traditionnels sont attrayants, les six faces plates de nos tiges hexagonales produisent des lignes g\u00e9om\u00e9triques nettes qui donnent une impression de construction contemporaine. Ces facettes fonctionnent comme des fen\u00eatres et des prismes individuels, am\u00e9liorant le jeu de lumi\u00e8re et offrant une exp\u00e9rience tactile particuli\u00e8re. En outre, les faces planes offrent des avantages appr\u00e9ciables, tels que la protection contre le roulement et une surface stable pour l'installation ou l'int\u00e9gration dans des assemblages plus importants.<\/p>\n<p><img decoding=\"async\" class=\"size-full wp-image-1559\" src=\"https:\/\/customacrylicproduct.com\/wp-content\/uploads\/2025\/07\/Acrylic-Bubble-Rod-5.jpg\" alt=\"Barre \u00e0 bulles en acrylique (5)\" width=\"800\" height=\"800\" srcset=\"https:\/\/customacrylicproduct.com\/wp-content\/uploads\/2025\/07\/Acrylic-Bubble-Rod-5.jpg 800w, https:\/\/customacrylicproduct.com\/wp-content\/uploads\/2025\/07\/Acrylic-Bubble-Rod-5-300x300.jpg 300w, https:\/\/customacrylicproduct.com\/wp-content\/uploads\/2025\/07\/Acrylic-Bubble-Rod-5-150x150.jpg 150w, https:\/\/customacrylicproduct.com\/wp-content\/uploads\/2025\/07\/Acrylic-Bubble-Rod-5-768x768.jpg 768w, https:\/\/customacrylicproduct.com\/wp-content\/uploads\/2025\/07\/Acrylic-Bubble-Rod-5-600x600.jpg 600w, https:\/\/customacrylicproduct.com\/wp-content\/uploads\/2025\/07\/Acrylic-Bubble-Rod-5-100x100.jpg 100w\" sizes=\"(max-width: 800px) 100vw, 800px\" \/><\/p>\n<h4 id=\"a-canvas-for-imagination-unparalleled-applications\">Une toile pour l'imagination : Des applications in\u00e9gal\u00e9es<\/h4>\n<p>L'adaptabilit\u00e9 de nos tiges de brillance en acrylique transparent fabriqu\u00e9es sur mesure n'est limit\u00e9e que par votre imagination. Leurs propri\u00e9t\u00e9s visuelles particuli\u00e8res et leurs propri\u00e9t\u00e9s physiques robustes en font un choix optimal pour une grande vari\u00e9t\u00e9 de march\u00e9s et d'entreprises innovantes :<\/p>\n<ul>\n<li><strong>Architecture et design d'int\u00e9rieur :\u00a0<\/strong>Transformez des \u00e9l\u00e9ments pratiques en attributs magnifiques. Pensez \u00e0 ces poteaux comme \u00e0 des balustrades \u00e9l\u00e9gantes pour un escalier, \u00e0 des poign\u00e9es de porte \u00e9l\u00e9gantes ou \u00e0 des s\u00e9parations de pi\u00e8ces attrayantes. Ils peuvent \u00eatre utilis\u00e9s pour cr\u00e9er des surfaces murales qui s'amusent avec la lumi\u00e8re et ajoutent un sentiment de profondeur et de beaut\u00e9 \u00e0 n'importe quel type d'espace, qu'il s'agisse d'habitations haut de gamme, de centres de vill\u00e9giature ou de halls d'entr\u00e9e d'entreprises.<\/li>\n<li><strong>Fabrication de meubles :\u00a0<\/strong>Donnez une touche personnelle \u00e0 votre mobilier. Utilisez ces poteaux comme pieds de table pour un r\u00e9sultat a\u00e9rien et paradisiaque, ou comme d'\u00e9l\u00e9gantes poign\u00e9es de tiroirs et d'armoires qui agissent comme des bijoux pr\u00e9cieux pour vos meubles. Le r\u00e9sultat est un meuble qui n'est pas seulement pratique, mais une v\u00e9ritable \u0153uvre d'art.<\/li>\n<li><strong>Pr\u00e9sentations pour le commerce de d\u00e9tail et les points de vente (POS) :\u00a0<\/strong>Dans un environnement de vente au d\u00e9tail concurrentiel, il est essentiel de susciter l'int\u00e9r\u00eat des clients. Nos baguettes d'\u00e9clat sont id\u00e9ales pour d\u00e9velopper des \u00e9crans de pr\u00e9sentation d'articles haut de gamme, des \u00e9l\u00e9vateurs et des accents de signalisation qui attirent l'\u0153il. L'\u00e9clat fondamental comprend une hypoth\u00e8se de valeur et de luxe, ce qui les rend id\u00e9ales pour mettre en valeur les cosm\u00e9tiques, les bijoux de mode, l'\u00e9lectronique et d'autres produits co\u00fbteux.<\/li>\n<li><strong>Conception des lumi\u00e8res :\u00a0<\/strong>Ces poteaux sont le r\u00eave de tout concepteur d'\u00e9clairage. Int\u00e9grez-les dans des lustres personnalis\u00e9s, des lampes suspendues ou des appliques murales. La tige elle-m\u00eame devient un composant de l'\u00e9clairage, captant la lumi\u00e8re de la source et la r\u00e9fractant dans un motif \u00e9tonnant, d\u00e9veloppant des effets ambiants qu'aucun produit ordinaire ne peut reproduire.<\/li>\n<li><strong>Art et sculpture :\u00a0<\/strong>Pour les musiciens et les sculpteurs, ces perches sont un outil sp\u00e9cial et inspirant. Leurs foyers optiques et leur chatoiement interne peuvent \u00eatre utilis\u00e9s pour d\u00e9couvrir des motifs de lumi\u00e8re, d'espace et de compr\u00e9hension, donnant lieu \u00e0 des sculptures visuellement stup\u00e9fiantes et riches sur le plan conceptuel.<\/li>\n<li><strong>Projets artisanaux et personnalis\u00e9s :\u00a0<\/strong>Qu'il s'agisse de la fabrication de lames ou de stylos personnalis\u00e9s, de b\u00e2tons d\u00e9coratifs ou de mod\u00e9lisme, les possibilit\u00e9s pour les passionn\u00e9s et les artisans sont illimit\u00e9es. Le mat\u00e9riau est tr\u00e8s facile \u00e0 usiner, \u00e0 couper, \u00e0 percer et \u00e0 polir, ce qui permet une personnalisation complexe.<\/li>\n<\/ul>\n<p><img decoding=\"async\" class=\"size-full wp-image-1558\" src=\"https:\/\/customacrylicproduct.com\/wp-content\/uploads\/2025\/07\/Acrylic-Bubble-Rod-4.jpg\" alt=\"Barre \u00e0 bulles en acrylique (4)\" width=\"800\" height=\"800\" srcset=\"https:\/\/customacrylicproduct.com\/wp-content\/uploads\/2025\/07\/Acrylic-Bubble-Rod-4.jpg 800w, https:\/\/customacrylicproduct.com\/wp-content\/uploads\/2025\/07\/Acrylic-Bubble-Rod-4-300x300.jpg 300w, https:\/\/customacrylicproduct.com\/wp-content\/uploads\/2025\/07\/Acrylic-Bubble-Rod-4-150x150.jpg 150w, https:\/\/customacrylicproduct.com\/wp-content\/uploads\/2025\/07\/Acrylic-Bubble-Rod-4-768x768.jpg 768w, https:\/\/customacrylicproduct.com\/wp-content\/uploads\/2025\/07\/Acrylic-Bubble-Rod-4-600x600.jpg 600w, https:\/\/customacrylicproduct.com\/wp-content\/uploads\/2025\/07\/Acrylic-Bubble-Rod-4-100x100.jpg 100w\" sizes=\"(max-width: 800px) 100vw, 800px\" \/><\/p>\n<h4 id=\"the-power-of-customization-tailored-to-your-vision\">Le pouvoir de la personnalisation : Une vision sur mesure<\/h4>\n<p>Nous comprenons que chaque t\u00e2che a des exigences distinctes. C'est pourquoi nous proposons des options de modification consid\u00e9rables afin que nos tiges acryliques s'adaptent parfaitement \u00e0 votre vision innovante.<\/p>\n<ul>\n<li><strong>Dimensions :\u00a0<\/strong>Nous pouvons produire des tiges dans une grande vari\u00e9t\u00e9 de tailles et des tailles personnalis\u00e9es pour r\u00e9pondre \u00e0 vos sp\u00e9cifications pr\u00e9cises, minimisant ainsi les d\u00e9chets et le temps de construction.<\/li>\n<li><strong>Options de brillance :\u00a0<\/strong>Votre vision, votre nuance. Bien que la brillance argent\u00e9e\/iris\u00e9e traditionnelle soit un choix pr\u00e9dominant, nous pouvons travailler avec vous pour incorporer diff\u00e9rentes couleurs, dimensions et \u00e9paisseurs de paillettes afin d'obtenir une certaine apparence - d'un effet \u00e9toil\u00e9 raffin\u00e9 et sporadique \u00e0 une brillance dense et super-satur\u00e9e.<\/li>\n<li><strong>Profils :\u00a0<\/strong>Bien que la tige hexagonale soit notre marque de fabrique, nous pouvons \u00e9galement d\u00e9couvrir d'autres profils, comme le carr\u00e9, le rond ou le torsad\u00e9, en fonction des besoins de la t\u00e2che.<\/li>\n<li><strong>Finition :\u00a0<\/strong>Notre service ne s'arr\u00eate pas \u00e0 la production. Nous pouvons fournir des poteaux r\u00e9duits \u00e0 des longueurs exactes, avec des extr\u00e9mit\u00e9s \u00e9claircies pour obtenir une surface semblable \u00e0 celle du verre, ou perc\u00e9es et touch\u00e9es pour faciliter l'installation.<\/li>\n<\/ul>\n<h4 id=\"your-partner-in-technology\">Votre partenaire technologique<\/h4>\n<p>Nos b\u00e2tonnets de paillettes en polym\u00e8re transparent personnalis\u00e9s sont plus qu'un simple article, ils sont un \u00e9l\u00e9ment de motivation. Elles offrent une occasion unique d'apporter de la lumi\u00e8re, du luxe et une personnalit\u00e9 distinctive aux t\u00e2ches \u00e0 accomplir. En choisissant nos tiges acryliques, vous achetez une qualit\u00e9 sup\u00e9rieure, une allure visuelle in\u00e9gal\u00e9e et la flexibilit\u00e9 d'une modification compl\u00e8te.<\/p>\n<p>Laissez-nous vous aider \u00e0 donner vie \u00e0 vos concepts les plus enthousiastes. Que vous soyez un architecte concevant la structure d'un site, un fabricant de meubles produisant une toute nouvelle collection ou un musicien repoussant les limites de son art, ces poteaux offrent une structure \u00e9tincelante.<\/p>\n<p>Appelez-nous d\u00e8s aujourd'hui pour discuter des exigences de votre projet, demander un \u00e9chantillon et d\u00e9couvrir comment nos tiges de paillettes en acrylique transparent personnalis\u00e9es peuvent \u00e9gayer votre prochain d\u00e9veloppement. Votre vision est le plan, nous offrons le scintillement.<\/p>","protected":false},"excerpt":{"rendered":"<p class=\"ng-star-inserted\"><span class=\"ng-star-inserted\">Mettez en valeur vos cr\u00e9ations avec nos tiges \u00e0 bulles en acrylique transparent personnalis\u00e9es. Ces tiges hexagonales solides et coul\u00e9es sont remplies de paillettes \u00e9tincelantes pour une finition \u00e9blouissante et haut de gamme. Elles sont parfaites pour les accents d\u00e9coratifs, les pr\u00e9sentoirs et les projets cr\u00e9atifs.<\/span><\/p>","protected":false},"featured_media":1555,"template":"","meta":{"_kad_post_transparent":"default","_kad_post_title":"","_kad_post_layout":"default","_kad_post_sidebar_id":"","_kad_post_content_style":"default","_kad_post_vertical_padding":"default","_kad_post_feature":"","_kad_post_feature_position":"","_kad_post_header":false,"_kad_post_footer":false,"_kad_post_classname":""},"product_brand":[],"product_cat":[23],"product_tag":[61],"class_list":{"0":"post-1554","1":"product","2":"type-product","3":"status-publish","4":"has-post-thumbnail","6":"product_cat-custom-acrylic-rods-tubes","7":"product_tag-custom-acrylic-rods","9":"first","10":"instock","11":"shipping-taxable","12":"product-type-simple","13":"entry","14":"content-bg","15":"loop-entry"},"_links":{"self":[{"href":"https:\/\/customacrylicproduct.com\/fr\/wp-json\/wp\/v2\/product\/1554","targetHints":{"allow":["GET"]}}],"collection":[{"href":"https:\/\/customacrylicproduct.com\/fr\/wp-json\/wp\/v2\/product"}],"about":[{"href":"https:\/\/customacrylicproduct.com\/fr\/wp-json\/wp\/v2\/types\/product"}],"wp:featuredmedia":[{"embeddable":true,"href":"https:\/\/customacrylicproduct.com\/fr\/wp-json\/wp\/v2\/media\/1555"}],"wp:attachment":[{"href":"https:\/\/customacrylicproduct.com\/fr\/wp-json\/wp\/v2\/media?parent=1554"}],"wp:term":[{"taxonomy":"product_brand","embeddable":true,"href":"https:\/\/customacrylicproduct.com\/fr\/wp-json\/wp\/v2\/product_brand?post=1554"},{"taxonomy":"product_cat","embeddable":true,"href":"https:\/\/customacrylicproduct.com\/fr\/wp-json\/wp\/v2\/product_cat?post=1554"},{"taxonomy":"product_tag","embeddable":true,"href":"https:\/\/customacrylicproduct.com\/fr\/wp-json\/wp\/v2\/product_tag?post=1554"}],"curies":[{"name":"wp","href":"https:\/\/api.w.org\/{rel}","templated":true}]}}