{"id":1560,"date":"2025-07-22T06:28:04","date_gmt":"2025-07-22T06:28:04","guid":{"rendered":"https:\/\/customacrylicproduct.com\/?post_type=product&#038;p=1560"},"modified":"2025-07-22T06:28:04","modified_gmt":"2025-07-22T06:28:04","slug":"acrylic-mirrored-black-sheet-making-for-your-diy-project-use","status":"publish","type":"product","link":"https:\/\/customacrylicproduct.com\/fr\/acrylic-mirrored-black-sheet-making-for-your-diy-project-use\/","title":{"rendered":"Feuille noire miroirs en acrylique pour vos projets de bricolage"},"content":{"rendered":"<h3 id=\"-unlock-a-new-dimension-of-creativity-the-ultimate-mirrored-black-acrylic-sheet-for-your-diy-projects-\"><strong>Ouvrez une nouvelle dimension de cr\u00e9ativit\u00e9 : L'ultime feuille acrylique noire r\u00e9fl\u00e9chissante pour vos projets de bricolage<\/strong><\/h3>\n<p>Sur la plan\u00e8te du design et de la cr\u00e9ation, les mat\u00e9riaux particuliers poss\u00e8dent un pouvoir de transformation. Ce ne sont pas seulement des pi\u00e8ces, ce sont des stimulants de la cr\u00e9ativit\u00e9, qui transforment un simple concept en une v\u00e9rit\u00e9 \u00e9tonnante et concr\u00e8te. Nous avons l'honneur de vous pr\u00e9senter un mat\u00e9riau qui symbolise cet esprit : notre co\u00fbt Acrylic Mirrored Black Sheet. Il ne s'agit pas d'un simple article en plastique ; c'est une toile pour le designer moderne, un portail vers des attraits esth\u00e9tiques sophistiqu\u00e9s, et le composant secret pour \u00e9lever vos travaux de bricolage d'un niveau artisanal \u00e0 un niveau habilement \u00e9poustouflant.<\/p>\n<p>Comme le montrent les photos, l'impact pr\u00e9liminaire est celui d'un style pur et immacul\u00e9. Plan rectangulaire parfait, d'un noir profond et liquide, sa surface pr\u00e9sente une finition miroir si immacul\u00e9e qu'elle capte la lumi\u00e8re et les reflets avec une qualit\u00e9 cristalline. Une image montre qu'il est facile \u00e0 tenir, sugg\u00e9rant sa l\u00e9g\u00e8ret\u00e9, tandis qu'une autre r\u00e9v\u00e8le sa possibilit\u00e9 supr\u00eame : se transformer en une indication tridimensionnelle frappante, avec des lettres vibrantes et contrast\u00e9es. C'est \u00e0 ce voyage que nous vous convions, d'une feuille aux possibilit\u00e9s infinies \u00e0 un chef-d'\u0153uvre achev\u00e9 qui vous est propre.<\/p>\n<p><img fetchpriority=\"high\" decoding=\"async\" class=\"size-full wp-image-1561\" src=\"https:\/\/customacrylicproduct.com\/wp-content\/uploads\/2025\/07\/Acrylic-Mirrored-Black-Sheet-1.jpg\" alt=\"Acrylic Mirrored Black Sheet (1)\" width=\"800\" height=\"800\" srcset=\"https:\/\/customacrylicproduct.com\/wp-content\/uploads\/2025\/07\/Acrylic-Mirrored-Black-Sheet-1.jpg 800w, https:\/\/customacrylicproduct.com\/wp-content\/uploads\/2025\/07\/Acrylic-Mirrored-Black-Sheet-1-300x300.jpg 300w, https:\/\/customacrylicproduct.com\/wp-content\/uploads\/2025\/07\/Acrylic-Mirrored-Black-Sheet-1-150x150.jpg 150w, https:\/\/customacrylicproduct.com\/wp-content\/uploads\/2025\/07\/Acrylic-Mirrored-Black-Sheet-1-768x768.jpg 768w, https:\/\/customacrylicproduct.com\/wp-content\/uploads\/2025\/07\/Acrylic-Mirrored-Black-Sheet-1-600x600.jpg 600w, https:\/\/customacrylicproduct.com\/wp-content\/uploads\/2025\/07\/Acrylic-Mirrored-Black-Sheet-1-100x100.jpg 100w\" sizes=\"(max-width: 800px) 100vw, 800px\" \/><\/p>\n<h4 id=\"-exactly-what-is-mirrored-black-acrylic-the-fusion-of-elegance-and-brawn-\"><strong>Qu'est-ce que l'acrylique noir miroit\u00e9 ? La fusion de l'\u00e9l\u00e9gance et de l'audace<\/strong><\/h4>\n<p>Notre feuille acrylique noire miroitante est une merveille de la science des mat\u00e9riaux. Elle commence par un substrat acrylique noir opaque de pointe (souvent connu sous le nom de marque Plexiglass ou Perspex). Celui-ci fournit la couleur noire riche et authentique qui sert de base. Un film extr\u00eamement r\u00e9fl\u00e9chissant, semblable \u00e0 un miroir, est ensuite habilement pos\u00e9 d'un c\u00f4t\u00e9, produisant la surface spectaculaire et raffin\u00e9e que vous voyez. Le r\u00e9sultat est un produit qui int\u00e8gre l'aspect significatif et avanc\u00e9 d'un miroir noir avec les propri\u00e9t\u00e9s physiques exceptionnelles de l'acrylique.<\/p>\n<p>Pendant des si\u00e8cles, le verre a \u00e9t\u00e9 le choix conventionnel pour les surfaces en miroir. Cependant, pour le fabricant contemporain, le d\u00e9veloppeur et le fanatique du bricolage, le verre pr\u00e9sente des d\u00e9fis consid\u00e9rables : il est lourd, d\u00e9licat et dangereux lorsqu'il se brise. Notre feuille acrylique miroir \u00e9limine syst\u00e9matiquement ces inconv\u00e9nients, offrant un service qui est :.<\/p>\n<ul>\n<li><strong>Un poids nettement plus l\u00e9ger :\u00a0<\/strong>Jusqu'\u00e0 50% plus l\u00e9ger que le verre de m\u00eame \u00e9paisseur, ce qui le rend incroyablement facile \u00e0 manipuler, \u00e0 transporter et \u00e0 monter. Vous n'aurez pas besoin d'\u00e9quipements robustes ou de surfaces murales renforc\u00e9es pour installer vos cr\u00e9ations.<\/li>\n<li><strong>Remarquablement r\u00e9sistant aux chocs :\u00a0<\/strong>Avec une r\u00e9sistance \u00e0 l'effet plus de 10 fois sup\u00e9rieure \u00e0 celle du verre, l'acrylique est incroyablement solide. Les d\u00e9clins ou les bosses inattendus sont beaucoup moins susceptibles d'entra\u00eener une rupture. S'il se brise sous l'effet d'une pression extr\u00eame, il se fragmente en morceaux \u00e9normes et ternes plut\u00f4t qu'en \u00e9clats dangereux, ce qui en fait une solution beaucoup plus s\u00fbre pour les maisons o\u00f9 vivent des enfants et des animaux de compagnie, ainsi que pour les expositions et les lieux tr\u00e8s fr\u00e9quent\u00e9s.<\/li>\n<li><strong>\u00c9tonnamment facile \u00e0 mettre en \u0153uvre :\u00a0<\/strong>C'est l\u00e0 que la magie op\u00e8re vraiment dans le domaine du bricolage. Contrairement au verre, qui n\u00e9cessite des strat\u00e9gies de r\u00e9duction sp\u00e9cialis\u00e9es, difficiles et souvent co\u00fbteuses, notre feuille acrylique est un r\u00eave de collaboration. Elle peut \u00eatre d\u00e9coup\u00e9e facilement et avec pr\u00e9cision \u00e0 l'aide de dispositifs courants tels qu'une lame \u00e0 rainurer, une scie sauteuse, une scie \u00e0 ruban ou, pour une pr\u00e9cision optimale, une d\u00e9coupeuse laser. Vous pouvez percer des trous, graver des motifs complexes et \u00e9galement la plier \u00e0 chaud pour cr\u00e9er des courbes et des formes distinctes.<\/li>\n<\/ul>\n<p><img decoding=\"async\" class=\"size-full wp-image-1563\" src=\"https:\/\/customacrylicproduct.com\/wp-content\/uploads\/2025\/07\/Acrylic-Mirrored-Black-Sheet-3.jpg\" alt=\"Acrylic Mirrored Black Sheet (3)\" width=\"720\" height=\"1280\" srcset=\"https:\/\/customacrylicproduct.com\/wp-content\/uploads\/2025\/07\/Acrylic-Mirrored-Black-Sheet-3.jpg 720w, https:\/\/customacrylicproduct.com\/wp-content\/uploads\/2025\/07\/Acrylic-Mirrored-Black-Sheet-3-169x300.jpg 169w, https:\/\/customacrylicproduct.com\/wp-content\/uploads\/2025\/07\/Acrylic-Mirrored-Black-Sheet-3-576x1024.jpg 576w, https:\/\/customacrylicproduct.com\/wp-content\/uploads\/2025\/07\/Acrylic-Mirrored-Black-Sheet-3-600x1067.jpg 600w\" sizes=\"(max-width: 720px) 100vw, 720px\" \/><\/p>\n<h4 id=\"-spark-your-creative-imagination-a-world-of-diy-applications-\"><strong>Stimulez votre imagination cr\u00e9ative : Un monde d'applications bricol\u00e9es<\/strong><\/h4>\n<p>La grande adaptabilit\u00e9 de ce mat\u00e9riau signifie que sa seule limite est votre imagination. L'exemple des panneaux \u201cEGS\u201d montre parfaitement comment une simple feuille peut devenir un \u00e9l\u00e9ment de marque ou de style de premier ordre. Voici quelques-uns des travaux illimit\u00e9s que vous pouvez entreprendre :.<\/p>\n<p><strong>1. Signes sp\u00e9cialis\u00e9s et personnels :\u00a0<\/strong>.<\/p>\n<ul>\n<li><strong>Enseignes d'entreprise :\u00a0<\/strong>Cr\u00e9ez des indications de fonction lisses et modernes, des plaques de porte ou des marques de vente au d\u00e9tail qui rayonnent d'expertise. La surface r\u00e9fl\u00e9chissante ajoute une touche de luxe qui attirera certainement l'attention sur votre marque.<\/li>\n<li><strong>Home Figures &amp; Call Plates :\u00a0<\/strong>Cr\u00e9ez un num\u00e9ro de maison sur mesure, r\u00e9sistant aux intemp\u00e9ries, \u00e0 la fois \u00e9l\u00e9gant et lisible.<\/li>\n<li><strong>Signalisation des \u00e9v\u00e9nements :\u00a0<\/strong>Qu'il s'agisse de panneaux de bienvenue et de num\u00e9ros de table pour les mariages ou de plaques de r\u00e9compenses, ce mat\u00e9riau ajoute une touche m\u00e9morable \u00e0 toute occasion unique.<\/li>\n<\/ul>\n<p><strong>2. Le style r\u00e9volutionnaire de la maison :\u00a0<\/strong>.<\/p>\n<ul>\n<li><strong>Panneaux muraux d\u00e9coratifs :\u00a0<\/strong>Utilisez des feuilles enti\u00e8res ou produisez une mosa\u00efque de formes d\u00e9coup\u00e9es sur mesure pour cr\u00e9er un magnifique mur d'accent dans un salon, une chambre ou un couloir. La surface r\u00e9fl\u00e9chissante peut donner l'impression que l'espace est plus grand et plus ouvert.<\/li>\n<li><strong>Dosserets de cuisine et de salle d'eau :\u00a0<\/strong>Dans les endroits peu chauff\u00e9s, loin des feux directs, cette feuille peut servir de dosseret important et facile \u00e0 nettoyer, offrant une alternative contemporaine aux carreaux de sol traditionnels.<\/li>\n<li><strong>Recyclage de meubles :\u00a0<\/strong>Offrez une nouvelle vie \u00e0 une vieille table, un vieux meuble ou une vieille armoire. Appliquez des panneaux d\u00e9coup\u00e9s sur les fa\u00e7ades de tiroirs ou les plateaux de table pour une transformation imm\u00e9diate et haut de gamme.<\/li>\n<li><strong>\u00c9tag\u00e8res personnalis\u00e9es :\u00a0<\/strong>Concevez des \u00e9tag\u00e8res ou des supports de rayonnage uniques qui ajoutent de la profondeur et du design \u00e0 vos \u00e9crans d'affichage.<\/li>\n<\/ul>\n<p><strong>3. Vente au d\u00e9tail et pr\u00e9sentation des produits :<\/strong><\/p>\n<ul>\n<li><strong>Pr\u00e9sentoirs de bijoux de mode :\u00a0<\/strong>Le noir profond de l'histoire fait ressortir l'or, l'argent et les pierres pr\u00e9cieuses. Produisez des supports, des plateaux et des \u00e9l\u00e9vateurs sur mesure qui feront de vos articles la vedette du programme.<\/li>\n<li><strong>Surfaces de photographie de produits :\u00a0<\/strong>La surface r\u00e9fl\u00e9chissante sans d\u00e9faut est excellente pour cr\u00e9er des images d'articles d'aspect professionnel avec de beaux reflets et un historique propre et non distrayant.<\/li>\n<li><strong>Coordinateurs cosm\u00e9tiques :\u00a0<\/strong>D\u00e9veloppez des plateaux et des organisateurs personnalis\u00e9s et tendance pour les parfums, le maquillage et les produits de soin.<\/li>\n<\/ul>\n<p><strong>4. Technologie, activit\u00e9s de loisirs et projets artistiques :<\/strong><\/p>\n<ul>\n<li><strong>Modding informatique :\u00a0<\/strong>Tr\u00e8s appr\u00e9ci\u00e9 dans le domaine de la construction d'ordinateurs, ce produit est excellent pour cr\u00e9er des panneaux lat\u00e9raux personnalis\u00e9s, des ombres de PSU et des plaques arri\u00e8re de pi\u00e8ces internes pour une plate-forme de jeu PC absolument unique et rationalis\u00e9e.<\/li>\n<li><strong>Toiles artistiques :\u00a0<\/strong>Utilisez la feuille comme base pour la peinture, l'art plastique ou les d\u00e9veloppements mixtes. La qualit\u00e9 r\u00e9fl\u00e9chissante ajoutera certainement une couche vibrante \u00e0 votre \u0153uvre d'art.<\/li>\n<\/ul>\n<p><img decoding=\"async\" class=\"size-full wp-image-1562\" src=\"https:\/\/customacrylicproduct.com\/wp-content\/uploads\/2025\/07\/Acrylic-Mirrored-Black-Sheet-2.jpg\" alt=\"Acrylic Mirrored Black Sheet (2)\" width=\"750\" height=\"643\" srcset=\"https:\/\/customacrylicproduct.com\/wp-content\/uploads\/2025\/07\/Acrylic-Mirrored-Black-Sheet-2.jpg 750w, https:\/\/customacrylicproduct.com\/wp-content\/uploads\/2025\/07\/Acrylic-Mirrored-Black-Sheet-2-300x257.jpg 300w, https:\/\/customacrylicproduct.com\/wp-content\/uploads\/2025\/07\/Acrylic-Mirrored-Black-Sheet-2-600x514.jpg 600w\" sizes=\"(max-width: 750px) 100vw, 750px\" \/><\/p>\n<h4 id=\"-getting-going-your-sheet-your-rules-\"><strong>Pour aller de l'avant : Votre feuille, vos r\u00e8gles<\/strong><\/h4>\n<p>Chaque feuille est livr\u00e9e avec un film protecteur pelable sur la surface r\u00e9fl\u00e9chissante afin de garantir qu'elle vous parvienne en parfait \u00e9tat et sans rayures. N'oubliez pas de laisser ce film pendant la d\u00e9coupe et le per\u00e7age pour prot\u00e9ger le rev\u00eatement, et de l'\u00e9liminer pour le d\u00e9voilement final de votre \u0153uvre d'art.<\/p>\n<p>L'utilisation de la feuille est simple. Pour les coupes droites, vous pouvez utiliser la m\u00e9thode \u201crating and breeze\u201d. Pour les formes plus complexes, une lame \u00e0 dents fines sur une scie sauteuse ou une scie \u00e0 ruban donne de bons r\u00e9sultats. Pour une pr\u00e9cision in\u00e9gal\u00e9e et des bords raffin\u00e9s, la d\u00e9coupe au laser est la technique par excellence, qui permet de r\u00e9aliser des motifs, des logos et des textes \u00e9labor\u00e9s, \u00e0 l'instar de l'exemple \u201cEGS\u201d. Le collage est \u00e9galement simple : il suffit d'utiliser du b\u00e9ton acrylique ou du ruban adh\u00e9sif double face de qualit\u00e9 sup\u00e9rieure pour fixer le produit \u00e0 d'autres surfaces ou pour superposer des \u00e9l\u00e9ments afin d'obtenir un effet 3D.<\/p>\n<p><strong>Entretien et maintenance :\u00a0<\/strong>Il n'est pas compliqu\u00e9 d'entretenir votre production pour qu'elle soit la plus belle possible. Il suffit d'utiliser un tissu microfibre doux et non abrasif avec un peu d'eau et de savon doux. \u00c9vitez les nettoyants chimiques agressifs ou les produits d\u00e9sagr\u00e9ables, car ils risquent d'endommager la surface r\u00e9fl\u00e9chissante.<\/p>\n<h4 id=\"-your-vision-understood-\"><strong>Votre vision, comprise.<\/strong><\/h4>\n<p>Le Polymer Mirrored Black Sheet est plus qu'un objet, c'est une invitation \u00e0 cr\u00e9er. Il s'adresse au propri\u00e9taire visionnaire qui souhaite une touche personnalis\u00e9e, au propri\u00e9taire de petite entreprise qui a besoin d'avoir une grande influence avec un petit budget, et \u00e0 l'artisan passionn\u00e9 qui exige des produits aussi ambitieux que ses id\u00e9es. Cessez de r\u00eaver \u00e0 l'\u00e9l\u00e9ment de d\u00e9cor id\u00e9al ou \u00e0 l'indicateur impeccable - c'est l'occasion de le r\u00e9aliser.<\/p>\n<p>Commandez votre feuille d\u00e8s aujourd'hui et d\u00e9couvrez l'immense satisfaction que procure la transformation d'un avion a\u00e9rodynamique \u00e0 miroir en une d\u00e9claration individuelle de design et d'ing\u00e9niosit\u00e9. Qu'allez-vous produire ?<\/p>","protected":false},"excerpt":{"rendered":"<p class=\"ng-star-inserted\"><span class=\"ng-star-inserted\">R\u00e9alisez de superbes projets de bricolage avec nos feuilles acryliques noires \u00e0 effet miroir. Ce mat\u00e9riau brillant et r\u00e9fl\u00e9chissant est parfait pour la d\u00e9coupe laser, la signalisation personnalis\u00e9e et la d\u00e9coration moderne. Durable, l\u00e9ger et facile \u00e0 travailler, il offre une finition \u00e9l\u00e9gante et professionnelle pour toutes vos id\u00e9es cr\u00e9atives.<\/span><\/p>","protected":false},"featured_media":1561,"template":"","meta":{"_kad_post_transparent":"default","_kad_post_title":"","_kad_post_layout":"default","_kad_post_sidebar_id":"","_kad_post_content_style":"default","_kad_post_vertical_padding":"default","_kad_post_feature":"","_kad_post_feature_position":"","_kad_post_header":false,"_kad_post_footer":false,"_kad_post_classname":""},"product_brand":[],"product_cat":[24],"product_tag":[113],"class_list":{"0":"post-1560","1":"product","2":"type-product","3":"status-publish","4":"has-post-thumbnail","6":"product_cat-custom-acrylic-sheets","7":"product_tag-acrylic-sheet","9":"first","10":"instock","11":"shipping-taxable","12":"product-type-simple","13":"entry","14":"content-bg","15":"loop-entry"},"_links":{"self":[{"href":"https:\/\/customacrylicproduct.com\/fr\/wp-json\/wp\/v2\/product\/1560","targetHints":{"allow":["GET"]}}],"collection":[{"href":"https:\/\/customacrylicproduct.com\/fr\/wp-json\/wp\/v2\/product"}],"about":[{"href":"https:\/\/customacrylicproduct.com\/fr\/wp-json\/wp\/v2\/types\/product"}],"wp:featuredmedia":[{"embeddable":true,"href":"https:\/\/customacrylicproduct.com\/fr\/wp-json\/wp\/v2\/media\/1561"}],"wp:attachment":[{"href":"https:\/\/customacrylicproduct.com\/fr\/wp-json\/wp\/v2\/media?parent=1560"}],"wp:term":[{"taxonomy":"product_brand","embeddable":true,"href":"https:\/\/customacrylicproduct.com\/fr\/wp-json\/wp\/v2\/product_brand?post=1560"},{"taxonomy":"product_cat","embeddable":true,"href":"https:\/\/customacrylicproduct.com\/fr\/wp-json\/wp\/v2\/product_cat?post=1560"},{"taxonomy":"product_tag","embeddable":true,"href":"https:\/\/customacrylicproduct.com\/fr\/wp-json\/wp\/v2\/product_tag?post=1560"}],"curies":[{"name":"wp","href":"https:\/\/api.w.org\/{rel}","templated":true}]}}