{"id":1564,"date":"2025-07-22T06:36:07","date_gmt":"2025-07-22T06:36:07","guid":{"rendered":"https:\/\/customacrylicproduct.com\/?post_type=product&#038;p=1564"},"modified":"2025-07-22T06:36:07","modified_gmt":"2025-07-22T06:36:07","slug":"custom-color-printing-square-shape-acrylic-trophy-awards","status":"publish","type":"product","link":"https:\/\/customacrylicproduct.com\/fr\/custom-color-printing-square-shape-acrylic-trophy-awards\/","title":{"rendered":"Troph\u00e9es en acrylique de forme carr\u00e9e avec impression couleur personnalis\u00e9e"},"content":{"rendered":"<h3 id=\"elevate-recognition-the-exceptional-style-of-custom-made-color-printing-square-shape-acrylic-trophy-honors\">Am\u00e9liorez la reconnaissance : Le style exceptionnel des troph\u00e9es en acrylique de forme carr\u00e9e avec impression couleur sur mesure.<\/h3>\n<p>Dans un monde o\u00f9 les recommandations \u00e9lectroniques sont \u00e9ph\u00e9m\u00e8res, l'acte d'offrir un honneur physique reste un geste important et durable. C'est une ic\u00f4ne tangible de la r\u00e9ussite, un souvenir durable d'un tournant et une d\u00e9claration de valeur efficace. Nous vous pr\u00e9sentons notre premi\u00e8re ligne de\u00a0<strong>Troph\u00e9e en acrylique de forme carr\u00e9e avec impression couleur personnalis\u00e9e Honors\u00a0<\/strong>- une option moderne, dynamique et sophistiqu\u00e9e cr\u00e9\u00e9e pour transformer la reconnaissance en \u0153uvre d'art. Ces r\u00e9compenses vont au-del\u00e0 des prix typiques, en utilisant une toile luminescente o\u00f9 votre marque, votre message et votre \u00e9v\u00e9nement revivent avec une qualit\u00e9 et une nuance impressionnantes.<\/p>\n<p><img fetchpriority=\"high\" decoding=\"async\" class=\"size-full wp-image-1565\" src=\"https:\/\/customacrylicproduct.com\/wp-content\/uploads\/2025\/07\/Acrylic-Trophy-Awards-1.jpg\" alt=\"Troph\u00e9es en acrylique (1)\" width=\"800\" height=\"800\" srcset=\"https:\/\/customacrylicproduct.com\/wp-content\/uploads\/2025\/07\/Acrylic-Trophy-Awards-1.jpg 800w, https:\/\/customacrylicproduct.com\/wp-content\/uploads\/2025\/07\/Acrylic-Trophy-Awards-1-300x300.jpg 300w, https:\/\/customacrylicproduct.com\/wp-content\/uploads\/2025\/07\/Acrylic-Trophy-Awards-1-150x150.jpg 150w, https:\/\/customacrylicproduct.com\/wp-content\/uploads\/2025\/07\/Acrylic-Trophy-Awards-1-768x768.jpg 768w, https:\/\/customacrylicproduct.com\/wp-content\/uploads\/2025\/07\/Acrylic-Trophy-Awards-1-600x600.jpg 600w, https:\/\/customacrylicproduct.com\/wp-content\/uploads\/2025\/07\/Acrylic-Trophy-Awards-1-100x100.jpg 100w\" sizes=\"(max-width: 800px) 100vw, 800px\" \/><\/p>\n<p><strong>Le m\u00e9dium moderne : La puissance et la puret\u00e9 de l'acrylique<\/strong><\/p>\n<p>Au c\u0153ur de ces r\u00e9compenses exceptionnelles se trouve le choix du mat\u00e9riau : un acrylique cristallin de premi\u00e8re qualit\u00e9. Appr\u00e9ci\u00e9 pour sa clart\u00e9 optique qui n'a rien \u00e0 envier au verre le plus fin, l'acrylique offre toute une s\u00e9rie d'avantages sup\u00e9rieurs. Il poss\u00e8de une qualit\u00e9 brillante et luminescente qui capte et r\u00e9fracte la lumi\u00e8re, donnant \u00e0 chaque style un sentiment inn\u00e9 d'\u00e9minence et d'importance.<\/p>\n<p>Contrairement au verre, le polym\u00e8re est beaucoup plus l\u00e9ger et r\u00e9sistant aux chocs, ce qui garantit que votre marque de reconnaissance est \u00e0 la fois magnifique et r\u00e9sistante. Cette r\u00e9sistance le rend id\u00e9al pour la livraison, l'offre lors de grands \u00e9v\u00e9nements et l'exposition fi\u00e8re pendant de nombreuses ann\u00e9es sans craindre d'\u00eatre facilement endommag\u00e9. Les lignes nettes et pr\u00e9cises ainsi que la sensation de solidit\u00e9 du bloc d'acrylique produisent une esth\u00e9tique moderne et classique \u00e0 la fois. Sa surface remarquable et non poreuse est la structure id\u00e9ale pour l'innovation spectaculaire en mati\u00e8re d'impression qui distingue ces distinctions.<\/p>\n<p><img decoding=\"async\" class=\"size-full wp-image-1566\" src=\"https:\/\/customacrylicproduct.com\/wp-content\/uploads\/2025\/07\/Acrylic-Trophy-Awards-2.jpg\" alt=\"Troph\u00e9es en acrylique (2)\" width=\"800\" height=\"800\" srcset=\"https:\/\/customacrylicproduct.com\/wp-content\/uploads\/2025\/07\/Acrylic-Trophy-Awards-2.jpg 800w, https:\/\/customacrylicproduct.com\/wp-content\/uploads\/2025\/07\/Acrylic-Trophy-Awards-2-300x300.jpg 300w, https:\/\/customacrylicproduct.com\/wp-content\/uploads\/2025\/07\/Acrylic-Trophy-Awards-2-150x150.jpg 150w, https:\/\/customacrylicproduct.com\/wp-content\/uploads\/2025\/07\/Acrylic-Trophy-Awards-2-768x768.jpg 768w, https:\/\/customacrylicproduct.com\/wp-content\/uploads\/2025\/07\/Acrylic-Trophy-Awards-2-600x600.jpg 600w, https:\/\/customacrylicproduct.com\/wp-content\/uploads\/2025\/07\/Acrylic-Trophy-Awards-2-100x100.jpg 100w\" sizes=\"(max-width: 800px) 100vw, 800px\" \/><\/p>\n<p><strong>Une r\u00e9volution dans la reconnaissance : L'\u00e9dition en couleurs avec une profondeur tridimensionnelle<\/strong><\/p>\n<p>Ce qui caract\u00e9rise ces distinctions, c'est le processus d'impression polychrome de pointe. Nous utilisons la technologie de pointe de l'impression directe par UV, qui utilise de l'encre directement sur le verso du bloc acrylique. Cette technique est transformatrice pour un certain nombre de raisons :.<\/p>\n<ol>\n<li><strong>Couleur vive et riche :\u00a0<\/strong>Les couleurs ne sont pas seulement \u00e0 la surface, elles sont prot\u00e9g\u00e9es par une \u00e9paisse couche d'acrylique transparent. Cela cr\u00e9e une sensation \u00e9tonnante de profondeur et d'\u00e9clat. L'acrylique agit comme une lentille, multipliant la splendeur des nuances et s\u00e9curisant l'\u0153uvre d'art. Comme on peut le voir sur les photos, cela permet de cr\u00e9er des motifs \u00e9tonnants - des d\u00e9grad\u00e9s de jaune et d'orange agr\u00e9ables et ensoleill\u00e9s d'un prix d\u00e9cern\u00e9 \u00e0 l'occasion d'un dixi\u00e8me anniversaire aux bleus froids d'une plaque de qualification professionnelle.<\/li>\n<li><strong>Des informations et une pr\u00e9cision incroyables :\u00a0<\/strong>Notre proc\u00e9dure d'impression peut reproduire des logos compliqu\u00e9s, des motifs complexes, des textes fins et m\u00eame des photos avec une int\u00e9grit\u00e9 sensationnelle. Chaque ligne est nette, chaque d\u00e9grad\u00e9 est lisse et chaque nuance est fid\u00e8le \u00e0 l'identit\u00e9 de votre marque. Les subtils motifs de points et les graphiques divis\u00e9s visibles dans le prix \u201cChina Coffee Cup\u201d illustrent le degr\u00e9 d'information qui peut \u00eatre atteint, y compris une structure avanc\u00e9e de la conception.<\/li>\n<li><strong>Un sentiment de profondeur et de suspension :\u00a0<\/strong>En publiant au verso, la mise en page semble flotter \u00e0 l'int\u00e9rieur du bloc acrylique. Il en r\u00e9sulte un r\u00e9sultat tridimensionnel captivant qui invite le visiteur \u00e0 mieux regarder. L'interaction de la lumi\u00e8re avec le bloc stimule la conception, ce qui en fait une pi\u00e8ce dynamique et int\u00e9ressante. Cette profondeur esth\u00e9tique transforme un simple prix en une captivante sculpture d'ordinateur de bureau.<\/li>\n<\/ol>\n<p><img decoding=\"async\" class=\"size-full wp-image-1568\" src=\"https:\/\/customacrylicproduct.com\/wp-content\/uploads\/2025\/07\/Acrylic-Trophy-Awards-4.jpg\" alt=\"Troph\u00e9es en acrylique (4)\" width=\"800\" height=\"800\" srcset=\"https:\/\/customacrylicproduct.com\/wp-content\/uploads\/2025\/07\/Acrylic-Trophy-Awards-4.jpg 800w, https:\/\/customacrylicproduct.com\/wp-content\/uploads\/2025\/07\/Acrylic-Trophy-Awards-4-300x300.jpg 300w, https:\/\/customacrylicproduct.com\/wp-content\/uploads\/2025\/07\/Acrylic-Trophy-Awards-4-150x150.jpg 150w, https:\/\/customacrylicproduct.com\/wp-content\/uploads\/2025\/07\/Acrylic-Trophy-Awards-4-768x768.jpg 768w, https:\/\/customacrylicproduct.com\/wp-content\/uploads\/2025\/07\/Acrylic-Trophy-Awards-4-600x600.jpg 600w, https:\/\/customacrylicproduct.com\/wp-content\/uploads\/2025\/07\/Acrylic-Trophy-Awards-4-100x100.jpg 100w\" sizes=\"(max-width: 800px) 100vw, 800px\" \/><\/p>\n<p><strong>La forme carr\u00e9e : Un symbole de s\u00e9curit\u00e9, d'honn\u00eatet\u00e9 et d'excellence<\/strong><\/p>\n<p>Le choix d'une forme carr\u00e9e ou rectangulaire est volontaire et symbolique. Ce type g\u00e9om\u00e9trique intemporel repr\u00e9sente la stabilit\u00e9, la force et une base solide - des qualit\u00e9s intrins\u00e8ques \u00e0 tout type d'accomplissement consid\u00e9rable. Ses lignes ordonn\u00e9es et sym\u00e9triques constituent un canevas parfait et d\u00e9gag\u00e9 pour votre vision innovante, en veillant \u00e0 ce que l'accent soit toujours mis sur le message et la mise en page \u00e0 l'int\u00e9rieur.<\/p>\n<p>La nature importante et autonome du bloc lui conf\u00e8re une existence imposante sur n'importe quel bureau, \u00e9tag\u00e8re ou chemin\u00e9e. Il n'a pas besoin d'une base s\u00e9par\u00e9e, ce qui lui conf\u00e8re un aspect minimal et \u00e9l\u00e9gant. Les bords \u00e9pais, polis au diamant, sont doux au toucher et cr\u00e9ent de magnifiques \u00e9l\u00e9ments r\u00e9fl\u00e9chissants qui rehaussent l'\u00e9clat total de la r\u00e9compense.<\/p>\n<p><strong>Personnalisation illimit\u00e9e pour chaque c\u00e9l\u00e9bration<\/strong><\/p>\n<p>Ces distinctions en acrylique sont une ardoise vierge pour vos besoins de reconnaissance. Le pouvoir de modification compl\u00e8te implique que vous pouvez produire un honneur distinct et profond\u00e9ment personnel pour n'importe quel \u00e9v\u00e9nement ou tournant. Comme le montrent les divers exemples, les possibilit\u00e9s sont infinies :.<\/p>\n<ul>\n<li><strong>Anniversaires d'entreprises :\u00a0<\/strong>Comm\u00e9morez les ann\u00e9es de d\u00e9vouement et de succ\u00e8s, comme l'honneur \u201c10e 2013-2023\u2033, avec des journ\u00e9es personnalis\u00e9es, des slogans d'entreprise (\u201d \u5171\u751f|\u5171\u521b|\u5171\u4eab|\u5171\u8d62\u201d - Synergie, Co-cr\u00e9ation, Partage, Gagnant-Gagnant), et des combinaisons de couleurs de haute qualit\u00e9.<\/li>\n<li><strong>Reconnaissance de l'employ\u00e9 :\u00a0<\/strong>C\u00e9l\u00e9brez les grands animateurs, le \u201cmembre du personnel du mois\u201d ou la qualit\u00e9 de la gestion avec des noms, des jours et des messages d'appr\u00e9ciation individualis\u00e9s.<\/li>\n<li><strong>Prix de la vente et de la r\u00e9ussite :\u00a0<\/strong>Encouragez vos \u00e9quipes en identifiant les chiffres de vente les plus \u00e9lev\u00e9s, les projets achev\u00e9s ou les \u00e9tapes de d\u00e9veloppement par des mises en page audacieuses et percutantes.<\/li>\n<li><strong>Prix de l'occasion et de la conf\u00e9rence :\u00a0<\/strong>Cr\u00e9ez des cadeaux m\u00e9morables pour les orateurs, les sponsors ou les champions des concours. Le prix su\u00e9dois \u201cLLB EXPO 2022 - PRIS F\u00d6R B\u00c4STA MONTER\u201d (Prix du meilleur stand) est le meilleur exemple d'un troph\u00e9e tendance et sp\u00e9cifique \u00e0 un \u00e9v\u00e9nement.<\/li>\n<li><strong>Reconnaissance des compagnons et des clients :\u00a0<\/strong>Renforcez les relations d'affaires en offrant un cadeau de qualit\u00e9 sup\u00e9rieure qui t\u00e9moigne d'un partenariat appr\u00e9ci\u00e9.<\/li>\n<li><strong>Plaques d'accr\u00e9ditation et de formation :\u00a0<\/strong>D\u00e9finissez l'ach\u00e8vement d'un programme, comme le \u201cCCT China Coffee Taster \u57f9\u8bad\u8ba4\u8bc1\u9879\u76ee\u201d (programme de qualification en mati\u00e8re de formation), au moyen d'une plaque d'autorit\u00e9 et d'aspect professionnel.<\/li>\n<\/ul>\n<p><strong>L'art de la pr\u00e9sentation<\/strong><\/p>\n<p>Un prix extraordinaire m\u00e9rite une pr\u00e9sentation tout aussi extraordinaire. Comme le montre l'image initiale, nos troph\u00e9es en acrylique peuvent \u00eatre accompagn\u00e9s d'un coffret de discussion haut de gamme et personnalis\u00e9. Ces bo\u00eetes noires \u00e9l\u00e9gantes sont dot\u00e9es d'une surface distinctive et d'une garniture innovante, offrant une exp\u00e9rience de d\u00e9ballage luxueuse. La doublure int\u00e9rieure souple prot\u00e8ge non seulement le troph\u00e9e pendant son transport, mais le structure magnifiquement \u00e0 l'ouverture, rehaussant le moment de la pr\u00e9sentation et soulignant l'importance de l'honneur qui est d\u00e9cern\u00e9.<\/p>\n<p><strong>Pourquoi choisir nos troph\u00e9es en acrylique sur mesure ?<\/strong><\/p>\n<ul>\n<li><strong>Sophistication moderne :\u00a0<\/strong>Un choix contemporain par rapport aux prix typiques en verre ou en m\u00e9tal.<\/li>\n<li><strong>Impact visuel in\u00e9gal\u00e9 :\u00a0<\/strong>L'impression haute d\u00e9finition en quadrichromie permet de cr\u00e9er des designs sensationnels et dynamiques avec un impact 3D unique.<\/li>\n<li><strong>Durabilit\u00e9 sup\u00e9rieure :\u00a0<\/strong>Fabriqu\u00e9 en acrylique incassable avec une impression r\u00e9sistante \u00e0 la d\u00e9coloration et aux rayures.<\/li>\n<li><strong>Personnalisation compl\u00e8te :\u00a0<\/strong>Votre logo, vos nuances, votre texte. Cr\u00e9ez un prix qui soit une v\u00e9ritable repr\u00e9sentation de votre marque et de l'accomplissement qu'il c\u00e9l\u00e8bre.<\/li>\n<li><strong>Un impact durable :\u00a0<\/strong>Plus qu'un troph\u00e9e, il s'agit d'une \u0153uvre d'art qui constitue un rappel constant et magnifique de la r\u00e9ussite et de la reconnaissance.<\/li>\n<\/ul>\n<p>C\u00e9l\u00e9brez l'\u00e9tape suivante non seulement par un prix, mais aussi par une d\u00e9claration. Une d\u00e9claration de qualit\u00e9 sup\u00e9rieure, une d\u00e9claration de cr\u00e9ativit\u00e9 et une d\u00e9claration d'admiration r\u00e9elle. Choisissez le troph\u00e9e en acrylique de forme carr\u00e9e avec impression couleur personnalis\u00e9e et offrez un cadeau aussi fantastique que le succ\u00e8s lui-m\u00eame.<\/p>","protected":false},"excerpt":{"rendered":"<p class=\"ng-star-inserted\"><span class=\"ng-star-inserted\">C\u00e9l\u00e9brez le succ\u00e8s avec nos r\u00e9compenses carr\u00e9es personnalis\u00e9es en acrylique. L'impression de couleurs vives met en valeur votre logo et votre message. Ces troph\u00e9es modernes sont parfaits pour la reconnaissance des entreprises, l'appr\u00e9ciation des employ\u00e9s et les \u00e9v\u00e9nements sp\u00e9ciaux. Une fa\u00e7on \u00e9l\u00e9gante et m\u00e9morable d'honorer la r\u00e9ussite.<\/span><\/p>","protected":false},"featured_media":1565,"template":"","meta":{"_kad_post_transparent":"default","_kad_post_title":"","_kad_post_layout":"default","_kad_post_sidebar_id":"","_kad_post_content_style":"default","_kad_post_vertical_padding":"default","_kad_post_feature":"","_kad_post_feature_position":"","_kad_post_header":false,"_kad_post_footer":false,"_kad_post_classname":""},"product_brand":[],"product_cat":[19],"product_tag":[96,145],"class_list":{"0":"post-1564","1":"product","2":"type-product","3":"status-publish","4":"has-post-thumbnail","6":"product_cat-custom-acrylic-trophies-awards","7":"product_tag-acrylic-awards","8":"product_tag-acrylic-custom-trophy","10":"first","11":"instock","12":"shipping-taxable","13":"product-type-simple","14":"entry","15":"content-bg","16":"loop-entry"},"_links":{"self":[{"href":"https:\/\/customacrylicproduct.com\/fr\/wp-json\/wp\/v2\/product\/1564","targetHints":{"allow":["GET"]}}],"collection":[{"href":"https:\/\/customacrylicproduct.com\/fr\/wp-json\/wp\/v2\/product"}],"about":[{"href":"https:\/\/customacrylicproduct.com\/fr\/wp-json\/wp\/v2\/types\/product"}],"wp:featuredmedia":[{"embeddable":true,"href":"https:\/\/customacrylicproduct.com\/fr\/wp-json\/wp\/v2\/media\/1565"}],"wp:attachment":[{"href":"https:\/\/customacrylicproduct.com\/fr\/wp-json\/wp\/v2\/media?parent=1564"}],"wp:term":[{"taxonomy":"product_brand","embeddable":true,"href":"https:\/\/customacrylicproduct.com\/fr\/wp-json\/wp\/v2\/product_brand?post=1564"},{"taxonomy":"product_cat","embeddable":true,"href":"https:\/\/customacrylicproduct.com\/fr\/wp-json\/wp\/v2\/product_cat?post=1564"},{"taxonomy":"product_tag","embeddable":true,"href":"https:\/\/customacrylicproduct.com\/fr\/wp-json\/wp\/v2\/product_tag?post=1564"}],"curies":[{"name":"wp","href":"https:\/\/api.w.org\/{rel}","templated":true}]}}