{"id":1569,"date":"2025-07-22T06:45:36","date_gmt":"2025-07-22T06:45:36","guid":{"rendered":"https:\/\/customacrylicproduct.com\/?post_type=product&#038;p=1569"},"modified":"2025-07-22T06:45:36","modified_gmt":"2025-07-22T06:45:36","slug":"acrylic-round-candy-box-candy-container-candy-box-odorless","status":"publish","type":"product","link":"https:\/\/customacrylicproduct.com\/fr\/acrylic-round-candy-box-candy-container-candy-box-odorless\/","title":{"rendered":"Bo\u00eete \u00e0 bonbons ronde en acrylique Bo\u00eete \u00e0 bonbons inodore"},"content":{"rendered":"<h3 id=\"unveil-the-art-of-discussion-the-ultimate-acrylic-round-sweet-storage-box\">D\u00e9couvrez l'art de la discussion : L'ultime bonbonni\u00e8re et bo\u00eete de rangement en acrylique<\/h3>\n<p>Dans un monde o\u00f9 l'\u00e9l\u00e9gance r\u00e9side dans les d\u00e9tails, la mani\u00e8re dont nous conservons et pr\u00e9sentons nos objets les plus pr\u00e9cieux est importante. Imaginez un espace de rangement qui ne se contente pas de dissimuler vos objets, mais qui les met \u00e0 l'honneur. Un conteneur qui transforme les objets quotidiens en un \u00e9cran d'affichage soign\u00e9, et les friandises simples en une offre \u00e9l\u00e9gante. Nous vous invitons \u00e0 d\u00e9couvrir cette solution gr\u00e2ce \u00e0 nos\u00a0<strong>Bo\u00eete \u00e0 bonbons ronde en polym\u00e8re\u00a0<\/strong>, La bo\u00eete est un chef-d'\u0153uvre de clart\u00e9, de fonctionnalit\u00e9 et de design minimal. Il ne s'agit pas simplement d'une bo\u00eete, mais d'une fen\u00eatre sur votre monde, con\u00e7ue avec soin pour apporter ordre, charme et classe \u00e0 n'importe quel endroit.<\/p>\n<p><img fetchpriority=\"high\" decoding=\"async\" class=\"wp-image-1571 size-large aligncenter\" src=\"https:\/\/customacrylicproduct.com\/wp-content\/uploads\/2025\/07\/Acrylic-Round-Candy-Box-2-1024x1024.jpg\" alt=\"Bonbonni\u00e8re ronde en acrylique (2)\" width=\"1024\" height=\"1024\" srcset=\"https:\/\/customacrylicproduct.com\/wp-content\/uploads\/2025\/07\/Acrylic-Round-Candy-Box-2-1024x1024.jpg 1024w, https:\/\/customacrylicproduct.com\/wp-content\/uploads\/2025\/07\/Acrylic-Round-Candy-Box-2-300x300.jpg 300w, https:\/\/customacrylicproduct.com\/wp-content\/uploads\/2025\/07\/Acrylic-Round-Candy-Box-2-150x150.jpg 150w, https:\/\/customacrylicproduct.com\/wp-content\/uploads\/2025\/07\/Acrylic-Round-Candy-Box-2-768x768.jpg 768w, https:\/\/customacrylicproduct.com\/wp-content\/uploads\/2025\/07\/Acrylic-Round-Candy-Box-2-600x600.jpg 600w, https:\/\/customacrylicproduct.com\/wp-content\/uploads\/2025\/07\/Acrylic-Round-Candy-Box-2-100x100.jpg 100w, https:\/\/customacrylicproduct.com\/wp-content\/uploads\/2025\/07\/Acrylic-Round-Candy-Box-2.jpg 1200w\" sizes=\"(max-width: 1024px) 100vw, 1024px\" \/><\/p>\n<h4 id=\"a-symphony-of-clarity-and-design\">Une symphonie de clart\u00e9 et de design<\/h4>\n<p>La premi\u00e8re chose que vous remarquerez \u00e0 propos de ces contenants est leur transparence \u00e0 couper le souffle. Fabriqu\u00e9e \u00e0 partir d'acrylique de haute puret\u00e9, chaque bo\u00eete est recouverte d'un rev\u00eatement cristallin qui n'a rien \u00e0 envier \u00e0 l'\u00e9clat du verre, mais qui n'en a pas la fragilit\u00e9. Cette clart\u00e9 immacul\u00e9e n'est pas seulement une question d'esth\u00e9tique ; il s'agit d'une option de conception de base qui offre plusieurs objectifs. Elle permet aux nuances dynamiques de vos confiseries - les pastels doux des amandes Jordan, l'orange chaud des baisers meringu\u00e9s, les couleurs riches des chocolats faits \u00e0 la main - de briller, cr\u00e9ant ainsi un banquet visuel irr\u00e9sistible. Pour les bijoux et l'artisanat, cette ouverture facilite l'identification. Il n'est plus n\u00e9cessaire d'ouvrir de nombreuses bo\u00eetes non transparentes pour trouver une perle ou un bijou particulier. D'un seul coup d'\u0153il, toute votre collection est visible et accessible, comme des objets pr\u00e9cieux dans un mus\u00e9e individuel.<\/p>\n<p>Le design est \u00e9l\u00e9gamment simple et ing\u00e9nieusement pratique. Les lignes \u00e9pur\u00e9es et la meilleure forme cylindrique offrent un visuel moderne qui s'adapte \u00e0 tout type de style, du minimaliste moderne au traditionnel intemporel. Chaque conteneur est dot\u00e9 d'une base de forme parfaite et d'un couvercle bien ajust\u00e9, ce qui garantit que vos composants sont prot\u00e9g\u00e9s de la salet\u00e9, de l'humidit\u00e9 et de l'air, et qu'ils conservent leur fra\u00eecheur et leur stabilit\u00e9.<\/p>\n<p><img decoding=\"async\" class=\"size-full wp-image-1570\" src=\"https:\/\/customacrylicproduct.com\/wp-content\/uploads\/2025\/07\/Acrylic-Round-Candy-Box-1.jpg\" alt=\"Bonbonni\u00e8re ronde en acrylique (1)\" width=\"1000\" height=\"1000\" srcset=\"https:\/\/customacrylicproduct.com\/wp-content\/uploads\/2025\/07\/Acrylic-Round-Candy-Box-1.jpg 1000w, https:\/\/customacrylicproduct.com\/wp-content\/uploads\/2025\/07\/Acrylic-Round-Candy-Box-1-300x300.jpg 300w, https:\/\/customacrylicproduct.com\/wp-content\/uploads\/2025\/07\/Acrylic-Round-Candy-Box-1-150x150.jpg 150w, https:\/\/customacrylicproduct.com\/wp-content\/uploads\/2025\/07\/Acrylic-Round-Candy-Box-1-768x768.jpg 768w, https:\/\/customacrylicproduct.com\/wp-content\/uploads\/2025\/07\/Acrylic-Round-Candy-Box-1-600x600.jpg 600w, https:\/\/customacrylicproduct.com\/wp-content\/uploads\/2025\/07\/Acrylic-Round-Candy-Box-1-100x100.jpg 100w\" sizes=\"(max-width: 1000px) 100vw, 1000px\" \/><\/p>\n<h4 id=\"the-magic-of-modularity-stack-store-and-save-space\">La magie de la modularit\u00e9 : Empiler, stocker et \u00e9conomiser de l'espace<\/h4>\n<p>L'une des fonctions les plus innovantes de nos bonbonni\u00e8res rondes en polym\u00e8re est sans doute leur ing\u00e9nieuse disposition empilable. La base de chaque bo\u00eete est con\u00e7ue pour s'ins\u00e9rer parfaitement et en toute s\u00e9curit\u00e9 dans le couvercle de celle qui se trouve en dessous. Cela vous permet de cr\u00e9er des tours de stockage s\u00fbres et \u00e9l\u00e9gantes, en transformant les surfaces horizontales d\u00e9sordonn\u00e9es en \u00e9crans verticaux ordonn\u00e9s.<\/p>\n<p>Imaginez votre meuble de toilette, autrefois \u00e9parpill\u00e9 avec de minuscules produits, qui comprend d\u00e9sormais une tour \u00e9l\u00e9gante \u00e0 plusieurs niveaux, o\u00f9 vos bagues, bijoux et bracelets sont rang\u00e9s dans des endroits distincts et visibles. Imaginez votre bureau de bricolage, o\u00f9 les perles, les interrupteurs et les paillettes ne sont plus en d\u00e9sordre, mais bien tri\u00e9s et empil\u00e9s, soutenant ainsi votre cr\u00e9ativit\u00e9. Dans le garde-manger de l'espace cuisine, ces conteneurs peuvent cr\u00e9er une colonne vivante de sprays, d'assaisonnements ou de friandises exquises, conservant ainsi une pr\u00e9cieuse surface d'\u00e9tag\u00e8re tout en apportant une touche d'entreprise sp\u00e9cialis\u00e9e. Ce syst\u00e8me modulaire est totalement ajustable ; empilez 2, 3, 4, ou m\u00eame plus pour d\u00e9velopper un service d'espace de stockage parfaitement adapt\u00e9 \u00e0 vos besoins. Lorsqu'elle n'est pas empil\u00e9e, chaque bo\u00eete fonctionne comme un contenant autonome attrayant, parfait pour des cadeaux sp\u00e9cifiques ou pour \u00eatre plac\u00e9 dans la maison.<\/p>\n<p><img decoding=\"async\" class=\"size-full wp-image-1574\" src=\"https:\/\/customacrylicproduct.com\/wp-content\/uploads\/2025\/07\/Acrylic-Round-Candy-Box-5.jpg\" alt=\"Bonbonni\u00e8re ronde en acrylique (5)\" width=\"1000\" height=\"1000\" srcset=\"https:\/\/customacrylicproduct.com\/wp-content\/uploads\/2025\/07\/Acrylic-Round-Candy-Box-5.jpg 1000w, https:\/\/customacrylicproduct.com\/wp-content\/uploads\/2025\/07\/Acrylic-Round-Candy-Box-5-300x300.jpg 300w, https:\/\/customacrylicproduct.com\/wp-content\/uploads\/2025\/07\/Acrylic-Round-Candy-Box-5-150x150.jpg 150w, https:\/\/customacrylicproduct.com\/wp-content\/uploads\/2025\/07\/Acrylic-Round-Candy-Box-5-768x768.jpg 768w, https:\/\/customacrylicproduct.com\/wp-content\/uploads\/2025\/07\/Acrylic-Round-Candy-Box-5-600x600.jpg 600w, https:\/\/customacrylicproduct.com\/wp-content\/uploads\/2025\/07\/Acrylic-Round-Candy-Box-5-100x100.jpg 100w\" sizes=\"(max-width: 1000px) 100vw, 1000px\" \/><\/p>\n<h4 id=\"uncompromising-quality-food-safe-sturdy-and-odorless\">Une qualit\u00e9 sans compromis : S\u00e9curit\u00e9 alimentaire, robustesse et absence d'odeur<\/h4>\n<p>Lorsqu'il s'agit d'\u00e9conomiser des consommables, la qualit\u00e9 et la s\u00e9curit\u00e9 ne sont pas n\u00e9gociables. Nos bonbonni\u00e8res rondes en polym\u00e8re sont fabriqu\u00e9es \u00e0 partir d'un plastique de pointe, sans BPA et sans danger pour les aliments. Ce mat\u00e9riau est non seulement durable et r\u00e9sistant aux chocs, ce qui en fait un choix plus s\u00fbr que le verre, en particulier dans les foyers o\u00f9 vivent des enfants, mais il est \u00e9galement enti\u00e8rement recyclable.\u00a0<strong>inodore et non poreux\u00a0<\/strong>.<\/p>\n<p>Il s'agit d'une caract\u00e9ristique essentielle qui distingue nos conteneurs. Les plastiques de qualit\u00e9 inf\u00e9rieure peuvent souvent pr\u00e9senter une l\u00e9g\u00e8re odeur ou un go\u00fbt chimique \u00e0 leur contenu, alt\u00e9rant ainsi le fragile profil gustatif des chocolats ou des bonbons exquis. Notre mat\u00e9riau acrylique est inerte, ce qui signifie qu'il n'interagit pas avec les produits que vous conservez \u00e0 l'int\u00e9rieur et qu'il ne les alt\u00e8re pas. Vos d\u00e9licates meringues \u00e0 la vanille n'auront que le go\u00fbt de la vanille, vos menthes de mariage resteront simplement rafra\u00eechissantes et vos confiseries les plus raffin\u00e9es seront conserv\u00e9es dans leur \u00e9tat d'origine. La puret\u00e9 irr\u00e9prochable du mat\u00e9riau garantit que ce que vous mettez \u00e0 l'int\u00e9rieur est exactement ce que vous en ressortirez.<\/p>\n<h4 id=\"an-universe-of-opportunities-beyond-the-sweet\">Un univers d'opportunit\u00e9s : Au-del\u00e0 de la douceur<\/h4>\n<p>Bien qu'elles portent le nom de \u201cbonbonni\u00e8res\u201d, leur utilit\u00e9 d\u00e9passe largement le domaine des desserts. Leur disposition fonctionnelle et leur taille id\u00e9ale en font un outil de rangement important pour chaque pi\u00e8ce de la maison.<\/p>\n<p><strong>Pour le musicien confiseur et le boulanger amateur :\u00a0<\/strong>. Mettez en valeur vos cr\u00e9ations culinaires avec l'\u00e9l\u00e9gance qu'elles m\u00e9ritent. Ces bo\u00eetes sont excellentes pour offrir des truffes faites maison, des macarons, des noix enrob\u00e9es de chocolat ou des bonbons difficiles \u00e0 faire vibrer. Utilisez-les comme cadeaux de f\u00eate sophistiqu\u00e9s pour les mariages, les f\u00eates d'enfants et les anniversaires, en les chargeant de friandises adapt\u00e9es \u00e0 votre th\u00e8me. L'usage multiple de la bo\u00eete fait partie int\u00e9grante du cadeau.<\/p>\n<p><strong>Pour les passionn\u00e9s de bijoux fantaisie :\u00a0<\/strong>. Prot\u00e9gez vos accessoires pr\u00e9cieux des enchev\u00eatrements, de la salet\u00e9 et de la perte. Les compartiments individuels sont id\u00e9aux pour ranger les bagues, les bijoux \u00e0 clous, les cha\u00eenes fragiles et les appels. L'attribut empilable vous permet de cr\u00e9er une bo\u00eete \u00e0 bijoux personnalis\u00e9e qui grandit avec votre collection, tandis que la vue claire fait du choix de la pi\u00e8ce parfaite pour vos v\u00eatements un plaisir matinal.<\/p>\n<p><strong>Pour les amateurs d'artisanat :\u00a0<\/strong>. Mettez de l'ordre dans un d\u00e9sordre innovant. Rangez les perles par couleur, classez les paillettes et les brillants, gardez les interrupteurs et les fils bien rang\u00e9s, ou rangez les petits embellissements de scrapbooking. Les couvercles prot\u00e9g\u00e9s \u00e9vitent les d\u00e9versements g\u00eanants et la disposition claire vous aide \u00e0 trouver pr\u00e9cis\u00e9ment ce dont vous avez besoin au centre d'un projet.<\/p>\n<p><strong>Pour l'organisateur du lieu de travail et de la maison :\u00a0<\/strong>. D\u00e9sencombrez votre bureau et vos armoires avec style. Ces contenants ont la dimension id\u00e9ale pour les trombones, les punaises, les petites pinces \u00e0 reliure, les \u00e9lastiques et m\u00eame les secrets de rechange ou les cartes SD. Dans les toilettes, utilisez-les pour les tampons d'ouate, les cotons-tiges, les bombes de bain ou les raccords pour cheveux, afin de maintenir votre comptoir frais et hygi\u00e9nique.<\/p>\n<h4 id=\"the-perfect-present-the-perfect-discussion-\">Le pr\u00e9sent parfait, la discussion parfaite.<\/h4>\n<p>Notre Sweet Box ronde en acrylique est plus qu'un simple objet, c'est une exp\u00e9rience. C'est le plaisir de voir vos objets pr\u00e9f\u00e9r\u00e9s joliment rang\u00e9s. C'est l'assurance d'offrir un cadeau qui existe avec id\u00e9e et style. C'est la satisfaction de mettre de l'ordre et de la modernit\u00e9 dans votre vie.<\/p>\n<p>Que vous soyez un p\u00e2tissier expert \u00e0 la recherche d'un emballage co\u00fbteux, une mari\u00e9e pr\u00e9parant la f\u00eate de mariage parfaite, un artisan \u00e0 la recherche d'un meilleur syst\u00e8me d'entreprise, ou simplement quelqu'un qui appr\u00e9cie l'harmonie entre la forme et la fonctionnalit\u00e9, ces conteneurs sont cr\u00e9\u00e9s pour vous.<\/p>\n<p>Am\u00e9liorez votre rangement, perfectionnez votre discussion et red\u00e9couvrez l'\u00e9l\u00e9gance des petites choses. Investissez dans un service aussi fonctionnel, durable et \u00e9l\u00e9gant que les objets que vous y placerez. Commandez vos Polymer Round Sweet Boxes d\u00e8s aujourd'hui et commencez votre voyage vers un monde beaucoup plus ordonn\u00e9 et sophistiqu\u00e9.<\/p>","protected":false},"excerpt":{"rendered":"<p class=\"ng-star-inserted\"><span class=\"ng-star-inserted\">Pr\u00e9sentez vos bonbons et vos articles de f\u00eate avec \u00e9l\u00e9gance dans nos bo\u00eetes en acrylique transparent. Fabriqu\u00e9es dans un mat\u00e9riau inodore et sans danger pour les aliments, elles pr\u00e9sentent parfaitement les friandises color\u00e9es. Le design polyvalent et empilable est \u00e9galement id\u00e9al pour organiser les bijoux et les petits objets d'artisanat. Une solution chic et pratique pour le stockage et les cadeaux.<\/span><\/p>","protected":false},"featured_media":1573,"template":"","meta":{"_kad_post_transparent":"default","_kad_post_title":"","_kad_post_layout":"default","_kad_post_sidebar_id":"","_kad_post_content_style":"default","_kad_post_vertical_padding":"default","_kad_post_feature":"","_kad_post_feature_position":"","_kad_post_header":false,"_kad_post_footer":false,"_kad_post_classname":""},"product_brand":[],"product_cat":[17],"product_tag":[45],"class_list":{"0":"post-1569","1":"product","2":"type-product","3":"status-publish","4":"has-post-thumbnail","6":"product_cat-custom-acrylic-boxes","7":"product_tag-customized-acrylic-boxes","9":"first","10":"instock","11":"shipping-taxable","12":"product-type-simple","13":"entry","14":"content-bg","15":"loop-entry"},"_links":{"self":[{"href":"https:\/\/customacrylicproduct.com\/fr\/wp-json\/wp\/v2\/product\/1569","targetHints":{"allow":["GET"]}}],"collection":[{"href":"https:\/\/customacrylicproduct.com\/fr\/wp-json\/wp\/v2\/product"}],"about":[{"href":"https:\/\/customacrylicproduct.com\/fr\/wp-json\/wp\/v2\/types\/product"}],"wp:featuredmedia":[{"embeddable":true,"href":"https:\/\/customacrylicproduct.com\/fr\/wp-json\/wp\/v2\/media\/1573"}],"wp:attachment":[{"href":"https:\/\/customacrylicproduct.com\/fr\/wp-json\/wp\/v2\/media?parent=1569"}],"wp:term":[{"taxonomy":"product_brand","embeddable":true,"href":"https:\/\/customacrylicproduct.com\/fr\/wp-json\/wp\/v2\/product_brand?post=1569"},{"taxonomy":"product_cat","embeddable":true,"href":"https:\/\/customacrylicproduct.com\/fr\/wp-json\/wp\/v2\/product_cat?post=1569"},{"taxonomy":"product_tag","embeddable":true,"href":"https:\/\/customacrylicproduct.com\/fr\/wp-json\/wp\/v2\/product_tag?post=1569"}],"curies":[{"name":"wp","href":"https:\/\/api.w.org\/{rel}","templated":true}]}}