{"id":1575,"date":"2025-07-22T06:55:20","date_gmt":"2025-07-22T06:55:20","guid":{"rendered":"https:\/\/customacrylicproduct.com\/?post_type=product&#038;p=1575"},"modified":"2025-07-22T06:55:20","modified_gmt":"2025-07-22T06:55:20","slug":"custom-acrylic-clear-plastic-tube-tubing-round-pipe","status":"publish","type":"product","link":"https:\/\/customacrylicproduct.com\/fr\/custom-acrylic-clear-plastic-tube-tubing-round-pipe\/","title":{"rendered":"Tube en plastique transparent acrylique sur mesure Tube rond"},"content":{"rendered":"<h3 id=\"-custom-made-polymer-clear-plastic-tube-the-perfect-blend-of-quality-durability-and-flexibility-\"><strong>Tube en plastique transparent en polym\u00e8re fabriqu\u00e9 sur mesure : Le m\u00e9lange parfait de qualit\u00e9, de durabilit\u00e9 et de flexibilit\u00e9<\/strong><\/h3>\n<p>D\u00e9couvrez la meilleure option pour vos t\u00e2ches imaginatives, industrielles et commerciales avec nos tubes en plastique acrylique transparent personnalis\u00e9s de premi\u00e8re qualit\u00e9. Con\u00e7u pour des performances ph\u00e9nom\u00e9nales et un aspect visuel attrayant, ce tube rond flexible offre l'excellente transparence du verre que vous souhaitez, tout en b\u00e9n\u00e9ficiant de la r\u00e9sistance, de la l\u00e9g\u00e8ret\u00e9 et de la maniabilit\u00e9 de l'acrylique de qualit\u00e9 sup\u00e9rieure (PMMA). Que vous soyez un ing\u00e9nieur d\u00e9veloppant un syst\u00e8me de fluide avanc\u00e9, un designer conceptualisant un composant d'\u00e9clairage moderne, un vendeur produisant des \u00e9crans attrayants, ou un fanatique du bricolage construisant sa propre \u0153uvre d'art, nos tubes acryliques sur mesure sont le produit de base qui donnera vie \u00e0 votre vision.<\/p>\n<p><img fetchpriority=\"high\" decoding=\"async\" class=\"size-full wp-image-1579\" src=\"https:\/\/customacrylicproduct.com\/wp-content\/uploads\/2025\/07\/Acrylic-Clear-Plastic-Tube-4.jpg\" alt=\"Tube en plastique acrylique transparent (4)\" width=\"800\" height=\"800\" srcset=\"https:\/\/customacrylicproduct.com\/wp-content\/uploads\/2025\/07\/Acrylic-Clear-Plastic-Tube-4.jpg 800w, https:\/\/customacrylicproduct.com\/wp-content\/uploads\/2025\/07\/Acrylic-Clear-Plastic-Tube-4-300x300.jpg 300w, https:\/\/customacrylicproduct.com\/wp-content\/uploads\/2025\/07\/Acrylic-Clear-Plastic-Tube-4-150x150.jpg 150w, https:\/\/customacrylicproduct.com\/wp-content\/uploads\/2025\/07\/Acrylic-Clear-Plastic-Tube-4-768x768.jpg 768w, https:\/\/customacrylicproduct.com\/wp-content\/uploads\/2025\/07\/Acrylic-Clear-Plastic-Tube-4-600x600.jpg 600w, https:\/\/customacrylicproduct.com\/wp-content\/uploads\/2025\/07\/Acrylic-Clear-Plastic-Tube-4-100x100.jpg 100w\" sizes=\"(max-width: 800px) 100vw, 800px\" \/><\/p>\n<h4 id=\"-unparalleled-optical-clearness-aesthetic-purity-\"><strong>Clart\u00e9 optique et puret\u00e9 esth\u00e9tique in\u00e9gal\u00e9es<\/strong><\/h4>\n<p>La premi\u00e8re chose que vous remarquerez \u00e0 propos de nos tubes acryliques est leur impressionnante clart\u00e9. Comme le montrent les photos, chaque tube poss\u00e8de une qualit\u00e9 lumineuse et cristalline qui rivalise avec le verre optique le plus fin. Cette transparence sans faille garantit une vue imprenable sur ce qui se trouve \u00e0 l'int\u00e9rieur ou \u00e0 l'arri\u00e8re du tube, ce qui en fait le choix id\u00e9al pour les applications o\u00f9 la pr\u00e9sence est vitale.<\/p>\n<p>Contrairement \u00e0 d'autres plastiques qui peuvent avoir une teinte trouble ou bleu\u00e2tre, nos tubes en PMMA sont produits selon des crit\u00e8res de puret\u00e9 optique. Cela permet une transmission optimale de la lumi\u00e8re, ce qui le rend adapt\u00e9 aux applications d'\u00e9clairage, aux hublots et aux appareils scientifiques. Utilis\u00e9 dans les \u00e9crans de vente au d\u00e9tail ou les rev\u00eatements de mus\u00e9e, il prot\u00e8ge et met en valeur les objets sans les distraire, ce qui permet aux objets eux-m\u00eames d'\u00eatre la c\u00e9l\u00e9brit\u00e9 du spectacle. La surface lisse et brillante refl\u00e8te magnifiquement la lumi\u00e8re, apportant une touche d'\u00e9l\u00e9gance et de professionnalisme \u00e0 tout am\u00e9nagement.<\/p>\n<p><img decoding=\"async\" class=\"size-full wp-image-1576\" src=\"https:\/\/customacrylicproduct.com\/wp-content\/uploads\/2025\/07\/Acrylic-Clear-Plastic-Tube-1.jpg\" alt=\"Tube en plastique acrylique transparent (1)\" width=\"800\" height=\"800\" srcset=\"https:\/\/customacrylicproduct.com\/wp-content\/uploads\/2025\/07\/Acrylic-Clear-Plastic-Tube-1.jpg 800w, https:\/\/customacrylicproduct.com\/wp-content\/uploads\/2025\/07\/Acrylic-Clear-Plastic-Tube-1-300x300.jpg 300w, https:\/\/customacrylicproduct.com\/wp-content\/uploads\/2025\/07\/Acrylic-Clear-Plastic-Tube-1-150x150.jpg 150w, https:\/\/customacrylicproduct.com\/wp-content\/uploads\/2025\/07\/Acrylic-Clear-Plastic-Tube-1-768x768.jpg 768w, https:\/\/customacrylicproduct.com\/wp-content\/uploads\/2025\/07\/Acrylic-Clear-Plastic-Tube-1-600x600.jpg 600w, https:\/\/customacrylicproduct.com\/wp-content\/uploads\/2025\/07\/Acrylic-Clear-Plastic-Tube-1-100x100.jpg 100w\" sizes=\"(max-width: 800px) 100vw, 800px\" \/><\/p>\n<h4 id=\"-the-prevalence-of-acrylic-stamina-fulfills-lightweight-design-\"><strong>La pr\u00e9valence de l'acrylique : L'endurance au service de la l\u00e9g\u00e8ret\u00e9<\/strong><\/h4>\n<p>Si son aspect imite le verre, son efficacit\u00e9 le surpasse largement. Nos tubes acryliques sont fabriqu\u00e9s \u00e0 partir de polym\u00e9thacrylate de m\u00e9thyle (PMMA), un thermoplastique qui se distingue par sa r\u00e9sistance et son \u00e9lasticit\u00e9 extraordinaires.<\/p>\n<ul>\n<li><strong>R\u00e9sistance aux effets :\u00a0<\/strong>L'acrylique est environ 10 \u00e0 20 fois plus r\u00e9sistant aux chocs que le verre. Cette r\u00e9sistance fondamentale en fait une option beaucoup plus s\u00fbre et fiable pour les salles publiques, les atmosph\u00e8res commerciales et tout type d'application o\u00f9 la casse est un probl\u00e8me. Les chutes accidentelles ou les impacts qui d\u00e9truiraient un tube en verre ne toucheront g\u00e9n\u00e9ralement pas nos tubes acryliques.<\/li>\n<li><strong>L\u00e9ger :\u00a0<\/strong>Moins de cinquante pour cent de la hauteur du verre, les tubes acryliques sont beaucoup plus simples \u00e0 manipuler, \u00e0 transporter et \u00e0 monter. Cela r\u00e9duit les co\u00fbts de livraison et les exigences en mati\u00e8re de charge architecturale, ce qui en fait un choix pratique pour les projets architecturaux \u00e0 grande \u00e9chelle, les \u00e9crans portables et les installations complexes.<\/li>\n<li><strong>R\u00e9sistance aux intemp\u00e9ries et aux UV :\u00a0<\/strong>Nos tubes acryliques sont naturellement immunis\u00e9s contre les effets n\u00e9fastes de la lumi\u00e8re ultraviolette (UV) et des conditions climatiques extr\u00eames. Ils ne jaunissent pas, ne se d\u00e9colorent pas et ne deviennent pas fragiles lorsqu'ils sont expos\u00e9s au soleil pendant de longues p\u00e9riodes, ce qui garantit une clart\u00e9 et une honn\u00eatet\u00e9 architecturale durables pour les applications ext\u00e9rieures telles que les enseignes, les \u00e9l\u00e9ments de construction ou les jeux d'eau dans les jardins.<\/li>\n<\/ul>\n<p><img decoding=\"async\" class=\"size-full wp-image-1577\" src=\"https:\/\/customacrylicproduct.com\/wp-content\/uploads\/2025\/07\/Acrylic-Clear-Plastic-Tube-2.jpg\" alt=\"Tube en plastique acrylique transparent (2)\" width=\"800\" height=\"800\" srcset=\"https:\/\/customacrylicproduct.com\/wp-content\/uploads\/2025\/07\/Acrylic-Clear-Plastic-Tube-2.jpg 800w, https:\/\/customacrylicproduct.com\/wp-content\/uploads\/2025\/07\/Acrylic-Clear-Plastic-Tube-2-300x300.jpg 300w, https:\/\/customacrylicproduct.com\/wp-content\/uploads\/2025\/07\/Acrylic-Clear-Plastic-Tube-2-150x150.jpg 150w, https:\/\/customacrylicproduct.com\/wp-content\/uploads\/2025\/07\/Acrylic-Clear-Plastic-Tube-2-768x768.jpg 768w, https:\/\/customacrylicproduct.com\/wp-content\/uploads\/2025\/07\/Acrylic-Clear-Plastic-Tube-2-600x600.jpg 600w, https:\/\/customacrylicproduct.com\/wp-content\/uploads\/2025\/07\/Acrylic-Clear-Plastic-Tube-2-100x100.jpg 100w\" sizes=\"(max-width: 800px) 100vw, 800px\" \/><\/p>\n<h4 id=\"-accuracy-engineered-for-flawless-efficiency-\"><strong>Une pr\u00e9cision con\u00e7ue pour une efficacit\u00e9 sans faille<\/strong><\/h4>\n<p>La haute qualit\u00e9 n'est pas seulement une question de mati\u00e8re premi\u00e8re, mais aussi de proc\u00e9dure de production. Nos tubes acryliques sont produits \u00e0 l'aide d'un proc\u00e9d\u00e9 d'extrusion moderne qui garantit une s\u00e9curit\u00e9 dimensionnelle et une uniformit\u00e9 ph\u00e9nom\u00e9nales.<\/p>\n<ul>\n<li><strong>Densit\u00e9 de la surface du mur de la tenue :\u00a0<\/strong>Chaque tube pr\u00e9sente une densit\u00e9 de paroi parfaitement homog\u00e8ne sur toute sa longueur. Ceci est important pour les applications qui exigent des classements de pression r\u00e9guliers, une honn\u00eatet\u00e9 structurelle et un aspect esth\u00e9tique parfait sans distorsion.<\/li>\n<li><strong>R\u00e9sistances serr\u00e9es :\u00a0<\/strong>Nous exer\u00e7ons un contr\u00f4le rigoureux sur le diam\u00e8tre int\u00e9rieur (ID) et la taille ext\u00e9rieure (OD), afin de garantir que nos tubes r\u00e9pondent \u00e0 des sp\u00e9cifications pr\u00e9cises. Cette uniformit\u00e9 est importante pour produire des ajustements serr\u00e9s avec divers autres composants, joints toriques et connecteurs, prot\u00e9geant ainsi contre les fuites et garantissant une combinaison sans faille dans vos installations.<\/li>\n<li><strong>Finition propre et lisse :\u00a0<\/strong>Les tubes sont livr\u00e9s avec des c\u00f4t\u00e9s lisses et bien d\u00e9coup\u00e9s, comme le montrent les images en gros plan. Cette surface professionnelle vous permet d'\u00e9conomiser du temps et des efforts lors du post-traitement et attend d'\u00eatre utilis\u00e9e rapidement dans des applications haut de gamme.<\/li>\n<\/ul>\n<h4 id=\"-the-power-of-modification-your-vision-our-tubing-\"><strong>Le pouvoir de la modification : Votre vision, nos tubes<\/strong><\/h4>\n<p>\u201d Une taille unique convient rarement aux t\u00e2ches innovantes. C'est pourquoi nous proposons de nombreuses options de modification afin de garantir que vous obteniez le tube pr\u00e9cis dont vous avez besoin.<\/p>\n<ul>\n<li><strong>Diam\u00e8tres et \u00e9paisseurs de paroi personnalis\u00e9s :\u00a0<\/strong>Sp\u00e9cifiez la taille ext\u00e9rieure (OD) et le diam\u00e8tre int\u00e9rieur (ID) n\u00e9cessaires \u00e0 votre projet. Que vous ayez besoin d'un tube fragile \u00e0 paroi fine pour une conception ou d'un tube durable \u00e0 paroi \u00e9paisse pour un \u00e9coulement \u00e0 haute pression, nous pouvons le produire selon vos sp\u00e9cifications.<\/li>\n<li><strong>Longueurs \u00e0 d\u00e9couper :\u00a0<\/strong>Ne perdez pas de temps et de mat\u00e9riel \u00e0 r\u00e9duire les dimensions conventionnelles. Nous offrons un service de coupe sur mesure, fournissant des tubes qui sont pr\u00eats \u00e0 \u00eatre int\u00e9gr\u00e9s directement dans votre projet, ce qui vous permet d'\u00e9conomiser du travail et de garantir des coupes parfaitement carr\u00e9es et nettes \u00e0 chaque fois.<\/li>\n<li><strong>Ending up Alternatives :\u00a0<\/strong>Au-del\u00e0 des coupes de base, nous pouvons fournir des solutions de finition suppl\u00e9mentaires telles que le polissage \u00e0 la flamme pour obtenir des bords semblables \u00e0 ceux du verre, le per\u00e7age de trous pour le placement ou l'\u00e9coulement, et le fraisage de pr\u00e9cision pour des exigences plus complexes.<\/li>\n<\/ul>\n<h4 id=\"-an-universe-of-applications-\"><strong>Un univers d'applications<\/strong><\/h4>\n<p>La polyvalence de nos tubes en acrylique transparent n'est limit\u00e9e que par votre imagination cr\u00e9ative. Ils sont utilis\u00e9s par les sp\u00e9cialistes et les amateurs dans de nombreux secteurs d'activit\u00e9 :.<\/p>\n<ul>\n<li><strong>Industriel et design :\u00a0<\/strong>Syst\u00e8mes de transport de fluides, compteurs de circulation, bo\u00eetiers de s\u00e9curit\u00e9 pour les unit\u00e9s de d\u00e9tection et les composants \u00e9lectroniques sensibles, syst\u00e8mes de transport pneumatique et lunettes de visualisation r\u00e9silientes pour v\u00e9rifier le degr\u00e9 des liquides.<\/li>\n<li><strong>Architectural &amp; Design :\u00a0<\/strong>Rampes et balustrades modernes, \u00e9l\u00e9ments d'\u00e9clairage distincts, jeux d'eau, \u00e9l\u00e9ments de d\u00e9coration int\u00e9rieure et composants architecturaux de meubles d'avant-garde.<\/li>\n<li><strong>Commerce de d\u00e9tail et points de vente :\u00a0<\/strong>Des \u00e9crans de pr\u00e9sentation d'articles \u00e9l\u00e9gants, des supports de bijoux, des coordinateurs esth\u00e9tiques, des porte-indications et des syst\u00e8mes d'\u00e9l\u00e9vation qui mettent en valeur les marchandises sans bloquer la vue.<\/li>\n<li><strong>Faites-le vous-m\u00eame, Hobby &amp; Maker Projects :\u00a0<\/strong>Boucles de refroidissement d'eau pour PC, fabrication de versions, terrariums, fourmili\u00e8res, mangeoires pour oiseaux et bo\u00eetiers pour des projets d'appareils \u00e9lectroniques personnalis\u00e9s, comme le recommande la photo comprenant un rev\u00eatement de sol \u00e0 d\u00e9couper.<\/li>\n<li><strong>Scientifique et laboratoire :\u00a0<\/strong>Tubes de contr\u00f4le, colonnes de chromatographie, \u00e9l\u00e9ments d'appareils de laboratoire et biens immobiliers pour l'organisation d'exp\u00e9riences.<\/li>\n<li><strong>Arts et m\u00e9tiers :\u00a0<\/strong>Utilis\u00e9 en sculpture, dans des installations artistiques mixtes et comme \u00e9l\u00e9ment d'\u0153uvres d'art cin\u00e9tique.<\/li>\n<\/ul>\n<h4 id=\"-easy-to-produce-and-deal-with-\"><strong>Facile \u00e0 produire et \u00e0 g\u00e9rer<\/strong><\/h4>\n<p>Pour le concepteur pratique, notre tube acrylique est un plaisir \u00e0 manipuler. Il peut \u00eatre facilement coup\u00e9, perc\u00e9 et usin\u00e9 \u00e0 l'aide d'outils d'atelier classiques. Il adh\u00e8re remarquablement bien aux b\u00e9tons acryliques \u00e0 base de solvant, ce qui permet de cr\u00e9er des joints solides, clairs et presque ind\u00e9tectables. En outre, l'acrylique peut \u00eatre thermoform\u00e9 ou pli\u00e9 \u00e0 chaud, ce qui permet de cr\u00e9er des courbes douces et des formes sp\u00e9ciales pour des conceptions vraiment personnalis\u00e9es.<\/p>\n<h3 id=\"-order-your-customized-polymer-tubes-today-\"><strong>Commandez d\u00e8s aujourd'hui vos tubes en polym\u00e8re personnalis\u00e9s !<\/strong><\/h3>\n<p>Oubliez les mat\u00e9riaux ordinaires et optez pour la clart\u00e9, la solidit\u00e9 et la flexibilit\u00e9 de nos tubes en plastique acrylique transparent personnalis\u00e9s. Laissez-nous vous fournir la base de qualit\u00e9 sup\u00e9rieure pour la r\u00e9ussite de votre prochain projet. Appelez notre \u00e9quipe d\u00e8s aujourd'hui pour discuter de vos demandes particuli\u00e8res, obtenir un devis personnalis\u00e9 et d\u00e9couvrir comment nos tubes fabriqu\u00e9s avec pr\u00e9cision peuvent transformer vos concepts en r\u00e9alit\u00e9.<\/p>","protected":false},"excerpt":{"rendered":"<p class=\"ng-star-inserted\"><span class=\"ng-star-inserted\">D\u00e9couvrez nos tubes acryliques cristallins de haute qualit\u00e9. Ce tube en plastique rigide et r\u00e9sistant aux chocs est une alternative durable et incassable au verre. Ils sont parfaits pour les projets de bricolage, les maquettes, les pr\u00e9sentoirs et les utilisations industrielles. Disponibles en diff\u00e9rents diam\u00e8tres et longueurs sur mesure pour r\u00e9pondre \u00e0 vos besoins exacts.<\/span><\/p>","protected":false},"featured_media":1576,"template":"","meta":{"_kad_post_transparent":"default","_kad_post_title":"","_kad_post_layout":"default","_kad_post_sidebar_id":"","_kad_post_content_style":"default","_kad_post_vertical_padding":"default","_kad_post_feature":"","_kad_post_feature_position":"","_kad_post_header":false,"_kad_post_footer":false,"_kad_post_classname":""},"product_brand":[],"product_cat":[23],"product_tag":[63],"class_list":{"0":"post-1575","1":"product","2":"type-product","3":"status-publish","4":"has-post-thumbnail","6":"product_cat-custom-acrylic-rods-tubes","7":"product_tag-acrylic-rods","9":"first","10":"instock","11":"shipping-taxable","12":"product-type-simple","13":"entry","14":"content-bg","15":"loop-entry"},"_links":{"self":[{"href":"https:\/\/customacrylicproduct.com\/fr\/wp-json\/wp\/v2\/product\/1575","targetHints":{"allow":["GET"]}}],"collection":[{"href":"https:\/\/customacrylicproduct.com\/fr\/wp-json\/wp\/v2\/product"}],"about":[{"href":"https:\/\/customacrylicproduct.com\/fr\/wp-json\/wp\/v2\/types\/product"}],"wp:featuredmedia":[{"embeddable":true,"href":"https:\/\/customacrylicproduct.com\/fr\/wp-json\/wp\/v2\/media\/1576"}],"wp:attachment":[{"href":"https:\/\/customacrylicproduct.com\/fr\/wp-json\/wp\/v2\/media?parent=1575"}],"wp:term":[{"taxonomy":"product_brand","embeddable":true,"href":"https:\/\/customacrylicproduct.com\/fr\/wp-json\/wp\/v2\/product_brand?post=1575"},{"taxonomy":"product_cat","embeddable":true,"href":"https:\/\/customacrylicproduct.com\/fr\/wp-json\/wp\/v2\/product_cat?post=1575"},{"taxonomy":"product_tag","embeddable":true,"href":"https:\/\/customacrylicproduct.com\/fr\/wp-json\/wp\/v2\/product_tag?post=1575"}],"curies":[{"name":"wp","href":"https:\/\/api.w.org\/{rel}","templated":true}]}}