{"id":379,"date":"2025-07-01T04:24:38","date_gmt":"2025-07-01T04:24:38","guid":{"rendered":"https:\/\/customacrylicproduct.com\/?post_type=product&#038;p=379"},"modified":"2025-07-02T12:34:12","modified_gmt":"2025-07-02T12:34:12","slug":"factory-price-uv-printing-cosmetic-custom-acrylic-display","status":"publish","type":"product","link":"https:\/\/customacrylicproduct.com\/fr\/factory-price-uv-printing-cosmetic-custom-acrylic-display\/","title":{"rendered":"Prix d'usine Impression UV Cosmetic Custom Acrylic Display"},"content":{"rendered":"<p>Am\u00e9liorez la pr\u00e9sence de votre marque avec notre **pr\u00e9sentoir cosm\u00e9tique en acrylique personnalis\u00e9 avec impression UV**, con\u00e7u de mani\u00e8re experte pour combiner fonctionnalit\u00e9, \u00e9l\u00e9gance et durabilit\u00e9. Fabriqu\u00e9 en **acrylique \u00e9cologique de qualit\u00e9 A**, ce pr\u00e9sentoir offre une r\u00e9sistance exceptionnelle et une longue dur\u00e9e de vie, garantissant que vos produits cosm\u00e9tiques sont mis en valeur avec style et fiabilit\u00e9.<\/p>\n<p>Ce qui distingue notre pr\u00e9sentoir, c'est le **support \u00e0 haute transparence**, poli avec pr\u00e9cision \u00e0 l'aide de techniques \u00e0 la flamme pour obtenir une finition cristalline. Cette clart\u00e9 brillante am\u00e9liore la visibilit\u00e9 du produit et ajoute une touche \u00e9l\u00e9gante et haut de gamme qui attire le regard sans effort - parfait pour les comptoirs de beaut\u00e9, les rayons de vente au d\u00e9tail et les \u00e9v\u00e9nements promotionnels.<\/p>\n<figure id=\"attachment_382\" aria-describedby=\"caption-attachment-382\" style=\"width: 800px\" class=\"wp-caption aligncenter\"><a href=\"https:\/\/customacrylicproduct.com\/fr\/custom-acrylic-displays\/\"><img fetchpriority=\"high\" decoding=\"async\" class=\"wp-image-382 size-full\" src=\"https:\/\/customacrylicproduct.com\/wp-content\/uploads\/2025\/07\/Factory-Price-UV-Printing-Cosmetic-Custom-Acrylic-Display-03.jpg\" alt=\"Pr\u00e9sentoir en acrylique personnalis\u00e9\" width=\"800\" height=\"800\" srcset=\"https:\/\/customacrylicproduct.com\/wp-content\/uploads\/2025\/07\/Factory-Price-UV-Printing-Cosmetic-Custom-Acrylic-Display-03.jpg 800w, https:\/\/customacrylicproduct.com\/wp-content\/uploads\/2025\/07\/Factory-Price-UV-Printing-Cosmetic-Custom-Acrylic-Display-03-300x300.jpg 300w, https:\/\/customacrylicproduct.com\/wp-content\/uploads\/2025\/07\/Factory-Price-UV-Printing-Cosmetic-Custom-Acrylic-Display-03-150x150.jpg 150w, https:\/\/customacrylicproduct.com\/wp-content\/uploads\/2025\/07\/Factory-Price-UV-Printing-Cosmetic-Custom-Acrylic-Display-03-768x768.jpg 768w, https:\/\/customacrylicproduct.com\/wp-content\/uploads\/2025\/07\/Factory-Price-UV-Printing-Cosmetic-Custom-Acrylic-Display-03-12x12.jpg 12w, https:\/\/customacrylicproduct.com\/wp-content\/uploads\/2025\/07\/Factory-Price-UV-Printing-Cosmetic-Custom-Acrylic-Display-03-600x600.jpg 600w, https:\/\/customacrylicproduct.com\/wp-content\/uploads\/2025\/07\/Factory-Price-UV-Printing-Cosmetic-Custom-Acrylic-Display-03-100x100.jpg 100w\" sizes=\"(max-width: 800px) 100vw, 800px\" \/><\/a><figcaption id=\"caption-attachment-382\" class=\"wp-caption-text\">Pr\u00e9sentoir en acrylique personnalis\u00e9<\/figcaption><\/figure>\n<p>Notre pr\u00e9sentoir est \u00e9galement dot\u00e9 d'une **impression UV haute d\u00e9finition avanc\u00e9e**, permettant une reproduction des couleurs vibrantes et un texte net qui ne s'effacera pas avec le temps. Les logos, les noms de produits ou les \u00e9l\u00e9ments de marque apparaissent plus vifs et plus professionnels, ce qui permet \u00e0 votre pr\u00e9sentoir de se d\u00e9marquer dans n'importe quel environnement de vente au d\u00e9tail. Le processus d'impression UV permet d'obtenir des d\u00e9tails complexes, ce qui garantit que chaque police et chaque image sont nettes, propres et esth\u00e9tiques.<\/p>\n<p>Con\u00e7ue et fabriqu\u00e9e directement dans notre usine, cette solution de pr\u00e9sentation peut \u00eatre enti\u00e8rement personnalis\u00e9e pour r\u00e9pondre aux besoins sp\u00e9cifiques de votre marque - qu'il s'agisse de la forme, de la taille ou de la disposition des caract\u00e8res - ce qui en fait un produit id\u00e9al pour les soci\u00e9t\u00e9s de cosm\u00e9tiques \u00e0 la recherche d'une pr\u00e9sentation unique et percutante. Que vous lanciez une nouvelle ligne de produits ou que vous rafra\u00eechissiez votre pr\u00e9sentation au d\u00e9tail, ce stand en acrylique offre une solution visuellement \u00e9tonnante et durable qui am\u00e9liore \u00e0 la fois l'exp\u00e9rience du client et la visibilit\u00e9 du produit.<\/p>\n<p>Faites confiance \u00e0 une solution d'usine directe qui donne la priorit\u00e9 \u00e0 la qualit\u00e9, \u00e0 la durabilit\u00e9 et \u00e0 un design frappant, le tout dans un ensemble homog\u00e8ne.<\/p>","protected":false},"excerpt":{"rendered":"<p>Mettez en valeur vos produits cosm\u00e9tiques avec style gr\u00e2ce \u00e0 notre pr\u00e9sentoir acrylique personnalis\u00e9, fabriqu\u00e9 \u00e0 partir d'acrylique \u00e9cologique de qualit\u00e9 A. Il est dot\u00e9 d'un support transparent et poli \u00e0 la flamme et d'une impression UV haute d\u00e9finition. Dot\u00e9 d'un support transparent, poli \u00e0 la flamme et d'une impression UV haute d\u00e9finition, il offre un aspect \u00e9l\u00e9gant, des graphiques \u00e9clatants et une durabilit\u00e9 durable - en direct de l'usine.<\/p>","protected":false},"featured_media":380,"template":"","meta":{"_kad_post_transparent":"default","_kad_post_title":"","_kad_post_layout":"default","_kad_post_sidebar_id":"","_kad_post_content_style":"default","_kad_post_vertical_padding":"default","_kad_post_feature":"","_kad_post_feature_position":"","_kad_post_header":false,"_kad_post_footer":false,"_kad_post_classname":""},"product_brand":[],"product_cat":[15],"product_tag":[34,33],"class_list":{"0":"post-379","1":"product","2":"type-product","3":"status-publish","4":"has-post-thumbnail","6":"product_cat-custom-acrylic-displays","7":"product_tag-cosmetic-acrylic-display","8":"product_tag-custom-acrylic-display","10":"first","11":"instock","12":"shipping-taxable","13":"product-type-simple","14":"entry","15":"content-bg","16":"loop-entry"},"_links":{"self":[{"href":"https:\/\/customacrylicproduct.com\/fr\/wp-json\/wp\/v2\/product\/379","targetHints":{"allow":["GET"]}}],"collection":[{"href":"https:\/\/customacrylicproduct.com\/fr\/wp-json\/wp\/v2\/product"}],"about":[{"href":"https:\/\/customacrylicproduct.com\/fr\/wp-json\/wp\/v2\/types\/product"}],"wp:featuredmedia":[{"embeddable":true,"href":"https:\/\/customacrylicproduct.com\/fr\/wp-json\/wp\/v2\/media\/380"}],"wp:attachment":[{"href":"https:\/\/customacrylicproduct.com\/fr\/wp-json\/wp\/v2\/media?parent=379"}],"wp:term":[{"taxonomy":"product_brand","embeddable":true,"href":"https:\/\/customacrylicproduct.com\/fr\/wp-json\/wp\/v2\/product_brand?post=379"},{"taxonomy":"product_cat","embeddable":true,"href":"https:\/\/customacrylicproduct.com\/fr\/wp-json\/wp\/v2\/product_cat?post=379"},{"taxonomy":"product_tag","embeddable":true,"href":"https:\/\/customacrylicproduct.com\/fr\/wp-json\/wp\/v2\/product_tag?post=379"}],"curies":[{"name":"wp","href":"https:\/\/api.w.org\/{rel}","templated":true}]}}