{"id":439,"date":"2025-07-01T13:01:12","date_gmt":"2025-07-01T13:01:12","guid":{"rendered":"https:\/\/customacrylicproduct.com\/?post_type=product&#038;p=439"},"modified":"2025-07-02T12:21:48","modified_gmt":"2025-07-02T12:21:48","slug":"best-quality-wholesale-customized-acrylic-storage-boxes","status":"publish","type":"product","link":"https:\/\/customacrylicproduct.com\/fr\/best-quality-wholesale-customized-acrylic-storage-boxes\/","title":{"rendered":"Bo\u00eetes de rangement en acrylique de meilleure qualit\u00e9 et personnalis\u00e9es en gros"},"content":{"rendered":"<h1 id=\"the-architect-of-present-premium-wholesale-custom-made-acrylic-storage-space-boxes\">L'architecte du pr\u00e9sent : Premium Wholesale Custom-made Acrylic Storage Space Boxes (bo\u00eetes de rangement en acrylique)<\/h1>\n<p>Dans le march\u00e9 abordable d'aujourd'hui, la pr\u00e9sentation n'est pas simplement une r\u00e9flexion apr\u00e8s coup ; c'est un \u00e9l\u00e9ment vital de l'identit\u00e9 de la marque et de la compr\u00e9hension de la valeur. Les solutions de stockage de Criterion - g\u00e9n\u00e9ralement opaques, fragiles ou mal adapt\u00e9es - ne r\u00e9pondent pas aux besoins des organisations qui vendent de la haute qualit\u00e9, de l'esth\u00e9tique et de l'exp\u00e9rience. Elles dissimulent les produits qu'elles contiennent au lieu de les mettre en valeur. Pour le d\u00e9taillant critique, l'agence de recouvrement minutieuse, le magasin pop-up innovant ou la marque haut de gamme, une solution remarquable s'impose. Un service con\u00e7u non seulement pour contenir, mais aussi pour mettre en valeur.<\/p>\n<p>Nous sommes fiers de pr\u00e9senter notre gamme de\u00a0<strong>Bo\u00eetes de rangement en polym\u00e8re de la plus haute qualit\u00e9, fabriqu\u00e9es en gros et sur mesure\u00a0<\/strong>. Il ne s'agit pas d'un simple conteneur, mais d'un environnement d'\u00e9cran modulaire, m\u00e9ticuleusement cr\u00e9\u00e9 pour mettre en valeur vos produits, prot\u00e9ger vos biens et am\u00e9liorer vos op\u00e9rations. Int\u00e9grant des produits de qualit\u00e9 industrielle \u00e0 un design intelligent et centr\u00e9 sur l'utilisateur, ces bo\u00eetes repr\u00e9sentent le summum de la forme et de la fonctionnalit\u00e9. Ils sont l'option \u00e9vidente pour les entreprises qui reconnaissent que la fa\u00e7on dont un produit est pr\u00e9sent\u00e9 est aussi essentielle que le produit lui-m\u00eame.<\/p>\n<p>De la puret\u00e9 fondamentale de l'acrylique au clic gratifiant de la porte magn\u00e9tique, en passant par la capacit\u00e9 illimit\u00e9e de la disposition empilable par embo\u00eetement, chaque \u00e9l\u00e9ment a \u00e9t\u00e9 con\u00e7u dans un but pr\u00e9cis. C'est l'occasion de d\u00e9passer le simple stockage et de devenir l'ing\u00e9nieur de votre propre environnement d'exposition spectaculaire, \u00e9volutif et avanc\u00e9.<\/p>\n<p><a href=\"https:\/\/customacrylicproduct.com\/fr\/custom-acrylic-displays\/\"><img fetchpriority=\"high\" decoding=\"async\" class=\"wp-image-443 size-full aligncenter\" src=\"https:\/\/customacrylicproduct.com\/wp-content\/uploads\/2025\/07\/Acrylic-Storage-Box-05.jpg\" alt=\"Bo\u00eete de rangement en acrylique\" width=\"800\" height=\"800\" srcset=\"https:\/\/customacrylicproduct.com\/wp-content\/uploads\/2025\/07\/Acrylic-Storage-Box-05.jpg 800w, https:\/\/customacrylicproduct.com\/wp-content\/uploads\/2025\/07\/Acrylic-Storage-Box-05-300x300.jpg 300w, https:\/\/customacrylicproduct.com\/wp-content\/uploads\/2025\/07\/Acrylic-Storage-Box-05-150x150.jpg 150w, https:\/\/customacrylicproduct.com\/wp-content\/uploads\/2025\/07\/Acrylic-Storage-Box-05-768x768.jpg 768w, https:\/\/customacrylicproduct.com\/wp-content\/uploads\/2025\/07\/Acrylic-Storage-Box-05-12x12.jpg 12w, https:\/\/customacrylicproduct.com\/wp-content\/uploads\/2025\/07\/Acrylic-Storage-Box-05-600x600.jpg 600w, https:\/\/customacrylicproduct.com\/wp-content\/uploads\/2025\/07\/Acrylic-Storage-Box-05-100x100.jpg 100w\" sizes=\"(max-width: 800px) 100vw, 800px\" \/><\/a><\/p>\n<h2 id=\"the-structure-of-excellence-the-scientific-research-of-superior-acrylic\">La structure de l'excellence : La recherche scientifique de l'acrylique sup\u00e9rieur<\/h2>\n<p>L'int\u00e9grit\u00e9 d'un cadre commence par ses mat\u00e9riaux. Nos bo\u00eetes de rangement sont fabriqu\u00e9es en acrylique pur de premi\u00e8re qualit\u00e9 (poly(m\u00e9thacrylate de m\u00e9thyle) ou PMMA), un mat\u00e9riau choisi pour son m\u00e9lange unique d'\u00e9l\u00e9gance visuelle et de r\u00e9sistance au niveau de l'ing\u00e9nierie.<\/p>\n<p><strong>Une qualit\u00e9 optique sans compromis :\u00a0<\/strong>Contrairement aux plastiques inf\u00e9rieurs tels que le styr\u00e8ne ou le polycarbonate, qui peuvent pr\u00e9senter une teinte brumeuse ou bleu\u00e2tre, notre acrylique affiche un taux de transmission de la lumi\u00e8re de 92%. Cela permet d'obtenir une qualit\u00e9 digne d'un mus\u00e9e. Les nuances sont plus vives, les d\u00e9tails plus nets et vos produits apparaissent sous leur jour le plus authentique, sans distorsion. Ce degr\u00e9 de transparence permet \u00e0 vos consommateurs ou \u00e0 votre public de voir toutes les informations sans avoir \u00e0 ouvrir la bo\u00eete, offrant ainsi une vue s\u00e9duisante mais protectrice.<\/p>\n<p><strong>Con\u00e7u pour une utilisation \u00e0 vie :\u00a0<\/strong>Nous sommes conscients que nos bo\u00eetes de rangement repr\u00e9sentent un investissement financier. C'est pourquoi nous utilisons de l'acrylique r\u00e9put\u00e9 pour son extraordinaire durabilit\u00e9 et sa stabilit\u00e9 architecturale. Ces bo\u00eetes sont robustes, immunis\u00e9es contre les chocs et ne se d\u00e9formeront certainement pas sous le poids de leurs composants ou le stress et l'anxi\u00e9t\u00e9 d'un environnement de vente au d\u00e9tail actif. Le polym\u00e8re de premi\u00e8re qualit\u00e9 est \u00e9galement naturellement r\u00e9sistant au jaunissement d\u00fb \u00e0 l'exposition directe aux UV, ce qui garantit que vos pr\u00e9sentoirs restent clairs comme du cristal et d'aspect professionnel pendant plusieurs ann\u00e9es, prot\u00e9geant ainsi \u00e0 la fois vos produits et l'image de votre marque. Cette longue dur\u00e9e de vie repr\u00e9sente un retour sur investissement substantiel par rapport \u00e0 des solutions moins co\u00fbteuses et jetables.<\/p>\n<h2 id=\"intelligent-layout-where-type-and-function-converge\">Mise en page intelligente : La convergence du type et de la fonction<\/h2>\n<p>Un mat\u00e9riau co\u00fbteux m\u00e9rite une mise en page tout aussi exceptionnelle. Notre\u00a0<strong>bo\u00eetes de rangement personnalis\u00e9es en acrylique\u00a0<\/strong>sont un chef-d'\u0153uvre d'ing\u00e9nierie r\u00e9fl\u00e9chie, o\u00f9 chaque caract\u00e9ristique est cr\u00e9\u00e9e pour am\u00e9liorer l'utilisation, la flexibilit\u00e9 et l'attrait visuel.<\/p>\n<p><strong>Des mesures de bienfaisance pour une flexibilit\u00e9 maximale :\u00a0<\/strong>Chaque cas permet de mesurer une\u00a0<strong>14,2 pouces de taille, 8,7 pouces de largeur et 10,6 pouces d'\u00e9l\u00e9vation (14,2\u2033 L x 8,7\u2033 L x 10,6\u2033 H).\u00a0<\/strong>. Cette quantit\u00e9 d'int\u00e9rieur charitable a \u00e9t\u00e9 d\u00e9lib\u00e9r\u00e9ment choisie pour servir de toile fonctionnelle \u00e0 une vaste gamme de produits. Il peut accueillir agr\u00e9ablement des sacs de luxe, des chaussures de marque, des objets de collection en bo\u00eete, des \u00e9l\u00e9ments \u00e9lectroniques haut de gamme ou des collections esth\u00e9tiques. Les dimensions permettent de pr\u00e9senter les produits \u00e0 plat ou \u00e0 la verticale, ce qui vous donne un contr\u00f4le cr\u00e9atif total sur le merchandising et l'esth\u00e9tique.<\/p>\n<p><strong>La porte magn\u00e9tique : Acc\u00e8s facile, unit\u00e9 s\u00e9curis\u00e9e :\u00a0<\/strong>La porte orient\u00e9e vers l'avant est une recherche d'interaction en douceur. Dot\u00e9e d'un syst\u00e8me de fermeture magn\u00e9tique con\u00e7u avec pr\u00e9cision, elle permet d'acc\u00e9der facilement et d'une seule main aux composants qu'elle contient. Les aimants garantissent que la porte se ferme avec un clic gratifiant et s\u00fbr, d\u00e9veloppant un joint pratiquement \u00e9tanche \u00e0 l'air. Cette caract\u00e9ristique importante prot\u00e8ge votre stock utile de la poussi\u00e8re, des particules et des manipulations excessives, r\u00e9duisant ainsi consid\u00e9rablement le besoin de nettoyage et pr\u00e9servant la beaut\u00e9 de vos produits. Pour un d\u00e9taillant tr\u00e8s actif ou une agence de collection minutieuse, ce m\u00e9lange de facilit\u00e9 d'acc\u00e8s et de d\u00e9fense fiable est d'une valeur inestimable.<\/p>\n<h2 id=\"the-power-of-modularity-a-scalable-show-community\">Le pouvoir de la modularit\u00e9 : Une communaut\u00e9 de spectacle \u00e9volutive<\/h2>\n<p>Le v\u00e9ritable g\u00e9nie de notre syst\u00e8me de bo\u00eetes de rangement repose sur sa modularit\u00e9. Une seule bo\u00eete est un magnifique \u00e9cran d'affichage ; plusieurs bo\u00eetes deviennent un ensemble coh\u00e9rent.<\/p>\n<p><strong>Un syst\u00e8me d'embo\u00eetement brevet\u00e9 :\u00a0<\/strong>L'avant et les c\u00f4t\u00e9s de chaque bo\u00eete en acrylique sont dot\u00e9s de deux fentes tr\u00e8s discr\u00e8tes, moul\u00e9es avec pr\u00e9cision. Ce ne sont pas de simples \u00e9l\u00e9ments d\u00e9coratifs, c'est le c\u0153ur de notre syst\u00e8me d'embo\u00eetement. Ces r\u00e9seaux permettent d'attacher en toute s\u00e9curit\u00e9 de nombreuses bo\u00eetes, de haut en bas et \u00e0 l'horizontale. Ce style ing\u00e9nieux transforme les conteneurs priv\u00e9s en une structure solitaire, stable et monolithique. Vous pouvez en toute confiance construire des murs d'\u00e9cran entiers ou des armoires de stockage personnalis\u00e9es sans craindre que des dispositifs individuels ne changent, ne se d\u00e9placent ou ne soient mal align\u00e9s. Cette s\u00e9curit\u00e9 est importante pour la s\u00e9curit\u00e9 et l'expertise dans tout type d'environnement industriel ou public.<\/p>\n<p><strong>D'une simple d\u00e9claration \u00e0 un mur \u00e0 grande \u00e9chelle :\u00a0<\/strong>L'\u00e9volutivit\u00e9 de ce syst\u00e8me est sa plus grande force. Un magasin peut commencer avec une petite pile sur un comptoir. Au fur et \u00e0 mesure que les stocks augmentent, il est possible d'inclure beaucoup plus d'appareils pour produire une magnifique surface murale. Un exposant \u00e0 une convention commerciale peut transporter les bo\u00eetes emball\u00e9es \u00e0 plat et construire un \u00e9cran de stand remarquable et de qualit\u00e9 professionnelle en quelques minutes. Cette polyvalence signifie que votre investissement financier \u00e9volue avec votre entreprise, fournissant un contr\u00f4le constant et de marque \u00e0 chaque \u00e9tape de votre d\u00e9veloppement. C'est un service \u00e0 l'\u00e9preuve du temps pour des besoins d'affichage dynamiques.<\/p>\n<h2 id=\"a-world-of-applications-tailored-to-your-company\">Un monde d'applications : Adapt\u00e9 \u00e0 votre entreprise<\/h2>\n<p>La polyvalence de nos\u00a0<strong>bo\u00eetes de rangement en acrylique sur mesure\u00a0<\/strong>en fait le rem\u00e8de optimal pour une large gamme d'applications B2B.<\/p>\n<p><strong>Pour les vendeurs de produits de luxe (sacs \u00e0 main, chaussures, accessoires) :\u00a0<\/strong>. Am\u00e9liorez votre exp\u00e9rience en magasin en transformant des \u00e9tag\u00e8res simples en une galerie de luxe. Pr\u00e9sentez vos sacs \u00e0 main co\u00fbteux dans des vitrines priv\u00e9es, \u00e0 l'abri de la poussi\u00e8re, permettant aux clients d'admirer le travail des artisans sans mettre en p\u00e9ril le produit. Cr\u00e9ez des tours attrayantes de chaussures de cr\u00e9ateurs les plus r\u00e9centes, ou pr\u00e9sentez des accessoires haut de gamme de mani\u00e8re \u00e9clair\u00e9e et ordonn\u00e9e. La clart\u00e9 et la qualit\u00e9 des bo\u00eetes t\u00e9moignent de la qualit\u00e9 des articles qu'elles contiennent, ce qui am\u00e9liore la valeur per\u00e7ue et stimule les ventes.<\/p>\n<p><strong>Pour les magasins d'objets de collection et sp\u00e9cialis\u00e9s (Anime, Sneakers, Mod\u00e8les) :\u00a0<\/strong>. Vos clients sont des collectionneurs passionn\u00e9s qui appr\u00e9cient \u00e0 la fois l'objet et son probl\u00e8me. Nos bo\u00eetes constituent la phase parfaite. Pr\u00e9sentez des chaussures de tennis en \u00e9dition limit\u00e9e, des figurines d'anime \u00e9labor\u00e9es ou des kits de conception d\u00e9taill\u00e9s avec une pr\u00e9sence \u00e0 360 degr\u00e9s. L'enveloppe protectrice pr\u00e9serve leur \u00e9tat neuf et leur valeur. Le syst\u00e8me modulaire vous permet de d\u00e9velopper des \u00e9crans de pr\u00e9sentation denses, organis\u00e9s et visuellement incroyables qui ne manqueront pas d'envo\u00fbter vos clients.<\/p>\n<p><strong>Pour les professionnels de l'exposition :\u00a0<\/strong>. Gagnez la bataille de l'int\u00e9r\u00eat sur le plancher bond\u00e9 de la convention commerciale. Notre syst\u00e8me est un dispositif portable, sp\u00e9cialis\u00e9 et efficace. L'assemblage rapide et sans outil vous permet de gagner du temps et de r\u00e9duire les co\u00fbts de main-d'\u0153uvre lors de la configuration et du d\u00e9montage. Le poids l\u00e9ger et l'emballage plat minimisent les frais d'exp\u00e9dition et les probl\u00e8mes logistiques. Vous pouvez cr\u00e9er un stand haut de gamme sur mesure qui met en valeur vos produits et fait de votre stand une destination incontournable.<\/p>\n<p><strong>Pour les entreprises et les experts :\u00a0<\/strong>. Au-del\u00e0 de la vente au d\u00e9tail, ces bo\u00eetes r\u00e9pondent \u00e0 d'innombrables besoins professionnels. Utilisez-les dans le hall d'entr\u00e9e d'une entreprise pour pr\u00e9senter des objets d'affaires ou des r\u00e9compenses. Dans un atelier de design, disposez des \u00e9chantillons de produits en les exposant parfaitement. Dans un laboratoire, prot\u00e9gez les pi\u00e8ces d\u00e9licates de la salet\u00e9 tout en les rendant facilement reconnaissables. L'esth\u00e9tique \u00e9pur\u00e9e et moderne s'accorde avec tout type de d\u00e9cor sp\u00e9cialis\u00e9.<\/p>\n<p><a href=\"https:\/\/customacrylicproduct.com\/fr\/custom-acrylic-displays\/\"><img decoding=\"async\" class=\"wp-image-442 size-full aligncenter\" src=\"https:\/\/customacrylicproduct.com\/wp-content\/uploads\/2025\/07\/Acrylic-Storage-Box-03.jpg\" alt=\"Bo\u00eete de rangement en acrylique\" width=\"800\" height=\"800\" srcset=\"https:\/\/customacrylicproduct.com\/wp-content\/uploads\/2025\/07\/Acrylic-Storage-Box-03.jpg 800w, https:\/\/customacrylicproduct.com\/wp-content\/uploads\/2025\/07\/Acrylic-Storage-Box-03-300x300.jpg 300w, https:\/\/customacrylicproduct.com\/wp-content\/uploads\/2025\/07\/Acrylic-Storage-Box-03-150x150.jpg 150w, https:\/\/customacrylicproduct.com\/wp-content\/uploads\/2025\/07\/Acrylic-Storage-Box-03-768x768.jpg 768w, https:\/\/customacrylicproduct.com\/wp-content\/uploads\/2025\/07\/Acrylic-Storage-Box-03-12x12.jpg 12w, https:\/\/customacrylicproduct.com\/wp-content\/uploads\/2025\/07\/Acrylic-Storage-Box-03-600x600.jpg 600w, https:\/\/customacrylicproduct.com\/wp-content\/uploads\/2025\/07\/Acrylic-Storage-Box-03-100x100.jpg 100w\" sizes=\"(max-width: 800px) 100vw, 800px\" \/><\/a><\/p>\n<h2 id=\"the-wholesale-modification-benefit-your-companion-in-success-\">Le b\u00e9n\u00e9fice de la vente en gros et de la modification : votre compagnon de r\u00e9ussite.<\/h2>\n<p>Nous savons que pour nos organisations clientes, la coh\u00e9rence, la valeur et le positionnement de la marque sont primordiaux. C'est pourquoi nous proposons un programme d\u00e9taill\u00e9 de vente en gros, con\u00e7u pour fonctionner comme une v\u00e9ritable collaboration.<\/p>\n<p><strong>Prix de gros et int\u00e9grit\u00e9 :\u00a0<\/strong>En tant que partenaire de fabrication directe, nous proposons des tarifs de gros comp\u00e9titifs qui permettent des marges de d\u00e9tail saines. Nos processus structur\u00e9s de production et d'assurance qualit\u00e9 garantissent que chaque appareil, dans chaque exp\u00e9dition, r\u00e9pond aux m\u00eames exigences de qualit\u00e9 et d'uniformit\u00e9, livraison apr\u00e8s livraison.<\/p>\n<p><strong>Le pouvoir de la modification int\u00e9grale :\u00a0<\/strong>Votre marque est unique, vos \u00e9crans doivent l'\u00eatre aussi. Nos capacit\u00e9s de personnalisation vous permettent d'adapter notre service de bo\u00eetes de rangement \u00e0 vos sp\u00e9cifications pr\u00e9cises. Pour les commandes en gros qualifi\u00e9es, nous pouvons fournir :.<\/p>\n<ul>\n<li><strong>Dimensions personnalis\u00e9es :\u00a0<\/strong>Vous avez besoin d'un bo\u00eetier plus grand, plus large ou plus profond pour une certaine gamme de produits ? Nous pouvons r\u00e9outiller pour d\u00e9velopper un bo\u00eetier aux dimensions parfaites.<\/li>\n<li><strong>Combinaison de logos et de marques :\u00a0<\/strong>Nous pouvons graver au laser le logo de votre entreprise ou le nom de votre marque directement sur l'acrylique pour une image de marque subtile, sophistiqu\u00e9e et durable.<\/li>\n<li><strong>Options de couleurs et de mat\u00e9riaux :\u00a0<\/strong>Bien que le cristal soit notre norme, nous pouvons fabriquer des bo\u00eetes dans une s\u00e9lection de couleurs - du noir ou blanc \u00e9l\u00e9gant aux tons vifs propres \u00e0 la marque - afin de correspondre parfaitement \u00e0 votre esth\u00e9tique.<\/li>\n<li><strong>Emballage du produit sur mesure :\u00a0<\/strong>Nous pouvons vous aider \u00e0 cr\u00e9er des emballages sur mesure pour la vente au d\u00e9tail ou la circulation.<\/li>\n<\/ul>\n<p>Prenez contact avec notre groupe de vente en gros pour discuter de votre projet. Nous nous engageons \u00e0 travailler avec vous pour d\u00e9velopper une solution d'affichage personnalis\u00e9e qui donne vie \u00e0 votre vision.<\/p>\n<h3 id=\"simple-and-easy-setting-up-immediate-effect-\">Mise en place simple et facile, effet imm\u00e9diat.<\/h3>\n<p>Dans toute organisation, le temps est compt\u00e9. Nos bo\u00eetes de rangement sont con\u00e7ues pour offrir des performances optimales. Ils sont livr\u00e9s emball\u00e9s \u00e0 plat pour minimiser l'espace et les frais d'exp\u00e9dition, et peuvent \u00eatre assembl\u00e9s en quelques minutes sans l'aide d'un seul appareil. Leur conception intuitive permet \u00e0 n'importe quel membre de l'\u00e9quipe d'installer ou de reconfigurer rapidement les pr\u00e9sentoirs, ce qui vous permet de r\u00e9agir rapidement aux nouveaux stocks ou aux efforts de publicit\u00e9 et de marketing. Il s'agit d'une r\u00e9duction de l'encombrement et d'une optimisation de l'espace simples, \u00e9l\u00e9gantes et incroyablement efficaces.<\/p>\n<p>S\u00e9lectionnez l'option qui prot\u00e8ge, fournit et fait. Acheter notre\u00a0<strong>Bo\u00eetes de rangement en acrylique personnalis\u00e9es en gros\u00a0<\/strong>et cr\u00e9ez un cadre d'\u00e9cran aussi exceptionnel que votre marque.<\/p>","protected":false},"excerpt":{"rendered":"<p>Bo\u00eetes de rangement en acrylique de premi\u00e8re qualit\u00e9. Con\u00e7ues avec un acrylique cristallin et durable, un design empilable intelligent et des portes magn\u00e9tiques faciles d'acc\u00e8s. La solution personnalisable ultime pour l'affichage de d\u00e9tail haut de gamme, les objets de collection et l'organisation.<\/p>","protected":false},"featured_media":440,"template":"","meta":{"_kad_post_transparent":"default","_kad_post_title":"","_kad_post_layout":"default","_kad_post_sidebar_id":"","_kad_post_content_style":"default","_kad_post_vertical_padding":"default","_kad_post_feature":"","_kad_post_feature_position":"","_kad_post_header":false,"_kad_post_footer":false,"_kad_post_classname":""},"product_brand":[],"product_cat":[17],"product_tag":[44,45],"class_list":{"0":"post-439","1":"product","2":"type-product","3":"status-publish","4":"has-post-thumbnail","6":"product_cat-custom-acrylic-boxes","7":"product_tag-acrylic-storage-boxes","8":"product_tag-customized-acrylic-boxes","10":"first","11":"instock","12":"shipping-taxable","13":"product-type-simple","14":"entry","15":"content-bg","16":"loop-entry"},"_links":{"self":[{"href":"https:\/\/customacrylicproduct.com\/fr\/wp-json\/wp\/v2\/product\/439","targetHints":{"allow":["GET"]}}],"collection":[{"href":"https:\/\/customacrylicproduct.com\/fr\/wp-json\/wp\/v2\/product"}],"about":[{"href":"https:\/\/customacrylicproduct.com\/fr\/wp-json\/wp\/v2\/types\/product"}],"wp:featuredmedia":[{"embeddable":true,"href":"https:\/\/customacrylicproduct.com\/fr\/wp-json\/wp\/v2\/media\/440"}],"wp:attachment":[{"href":"https:\/\/customacrylicproduct.com\/fr\/wp-json\/wp\/v2\/media?parent=439"}],"wp:term":[{"taxonomy":"product_brand","embeddable":true,"href":"https:\/\/customacrylicproduct.com\/fr\/wp-json\/wp\/v2\/product_brand?post=439"},{"taxonomy":"product_cat","embeddable":true,"href":"https:\/\/customacrylicproduct.com\/fr\/wp-json\/wp\/v2\/product_cat?post=439"},{"taxonomy":"product_tag","embeddable":true,"href":"https:\/\/customacrylicproduct.com\/fr\/wp-json\/wp\/v2\/product_tag?post=439"}],"curies":[{"name":"wp","href":"https:\/\/api.w.org\/{rel}","templated":true}]}}