{"id":467,"date":"2025-07-02T10:22:19","date_gmt":"2025-07-02T10:22:19","guid":{"rendered":"https:\/\/customacrylicproduct.com\/?post_type=product&#038;p=467"},"modified":"2025-07-03T02:18:01","modified_gmt":"2025-07-03T02:18:01","slug":"custom-acrylic-bluetooth-headset-display-stands-supplier","status":"publish","type":"product","link":"https:\/\/customacrylicproduct.com\/fr\/custom-acrylic-bluetooth-headset-display-stands-supplier\/","title":{"rendered":"Supports d'affichage personnalis\u00e9s en acrylique pour oreillettes Bluetooth Fournisseur"},"content":{"rendered":"<h3 id=\"-beyond-package-crafting-bespoke-acrylic-display-stands-to-make-your-bluetooth-headsets-memorable-\"><strong>Au-del\u00e0 de l'emballage : Fabriquer des pr\u00e9sentoirs en acrylique sur mesure pour rendre vos \u00e9couteurs Bluetooth m\u00e9morables\u00a0<\/strong><\/h3>\n<p>Dans le monde satur\u00e9 des appareils \u00e9lectroniques des clients, un article de qualit\u00e9 sup\u00e9rieure ne repr\u00e9sente que la moiti\u00e9 de la bataille. Vos \u00e9couteurs Bluetooth peuvent pr\u00e9senter une int\u00e9grit\u00e9 audio in\u00e9gal\u00e9e, un syst\u00e8me d'att\u00e9nuation du bruit innovant et une disposition ergonomique, mais sur une \u00e9tag\u00e8re de vente au d\u00e9tail bond\u00e9e, ils risquent d'\u00eatre ignor\u00e9s. Le moment critique de la d\u00e9cision d'un client se produit g\u00e9n\u00e9ralement au cours des quelques secondes qu'il consacre \u00e0 la lecture d'un pr\u00e9sentoir. Comment capter son attention, lui communiquer une valeur sup\u00e9rieure et l'inciter \u00e0 s'impliquer dans votre marque ?<\/p>\n<p>La solution n'est pas simplement dans l'objet, mais dans sa pr\u00e9sentation. A <a href=\"https:\/\/customacrylicproduct.com\/fr\/factory-price-uv-printing-cosmetic-custom-acrylic-display\/\">support d'\u00e9cran acrylique personnalis\u00e9<\/a> est plus qu'un support, c'est une propri\u00e9t\u00e9 essentielle. C'est l'ambassadeur physique de votre marque, un vendeur discret qui travaille sans rel\u00e2che pour faire passer votre article du statut de produit \u00e0 celui d'objet de d\u00e9sir.<\/p>\n<p>En tant que fournisseur de premier plan et fournisseur sp\u00e9cialis\u00e9, nous travaillons en partenariat avec des marques d'appareils \u00e9lectroniques ing\u00e9nieuses, des vendeurs internationaux et des agences de publicit\u00e9 intelligentes pour cr\u00e9er des services d'\u00e9crans d'affichage sur mesure. Nous comprenons qu'un stand d'\u00e9cran est un point de contact critique dans le voyage du client - un outil efficace con\u00e7u pour arr\u00eater le trafic des sites Web, afficher une haute qualit\u00e9 et, en fin de compte, stimuler les ventes.<\/p>\n<p>Bienvenue dans votre aper\u00e7u d\u00e9finitif de la mani\u00e8re dont nous pouvons nous associer pour cr\u00e9er une option d'\u00e9cran aussi unique et m\u00e9ticuleusement con\u00e7ue que les produits que vous vendez.<\/p>\n<figure id=\"attachment_468\" aria-describedby=\"caption-attachment-468\" style=\"width: 800px\" class=\"wp-caption aligncenter\"><a href=\"https:\/\/customacrylicproduct.com\/fr\/custom-acrylic-displays\/\"><img fetchpriority=\"high\" decoding=\"async\" class=\"wp-image-468 size-full\" src=\"https:\/\/customacrylicproduct.com\/wp-content\/uploads\/2025\/07\/Custom-Acrylic-Display-Stands-1.jpg\" alt=\"Pr\u00e9sentoirs en acrylique sur mesure\" width=\"800\" height=\"800\" srcset=\"https:\/\/customacrylicproduct.com\/wp-content\/uploads\/2025\/07\/Custom-Acrylic-Display-Stands-1.jpg 800w, https:\/\/customacrylicproduct.com\/wp-content\/uploads\/2025\/07\/Custom-Acrylic-Display-Stands-1-300x300.jpg 300w, https:\/\/customacrylicproduct.com\/wp-content\/uploads\/2025\/07\/Custom-Acrylic-Display-Stands-1-150x150.jpg 150w, https:\/\/customacrylicproduct.com\/wp-content\/uploads\/2025\/07\/Custom-Acrylic-Display-Stands-1-768x768.jpg 768w, https:\/\/customacrylicproduct.com\/wp-content\/uploads\/2025\/07\/Custom-Acrylic-Display-Stands-1-12x12.jpg 12w, https:\/\/customacrylicproduct.com\/wp-content\/uploads\/2025\/07\/Custom-Acrylic-Display-Stands-1-600x600.jpg 600w, https:\/\/customacrylicproduct.com\/wp-content\/uploads\/2025\/07\/Custom-Acrylic-Display-Stands-1-100x100.jpg 100w\" sizes=\"(max-width: 800px) 100vw, 800px\" \/><\/a><figcaption id=\"caption-attachment-468\" class=\"wp-caption-text\">Pr\u00e9sentoirs en acrylique sur mesure<\/figcaption><\/figure>\n<h3 id=\"-your-vision-our-know-how-the-power-of-unrestricted-modification-\"><strong>Votre vision, notre savoir-faire : Le pouvoir de la modification sans restriction\u00a0<\/strong>.<\/h3>\n<p>Notre soci\u00e9t\u00e9 est convaincue qu'un v\u00e9ritable placement de marque ne peut \u00eatre obtenu que par le biais d'options sur mesure. La m\u00e9thode \u201ctaille unique\u201d ne permet pas de saisir l'essence unique de votre nom de marque et le langage de conception sp\u00e9cifique de vos produits. Notre assurance fondamentale est de fournir des pr\u00e9sentoirs acryliques enti\u00e8rement personnalis\u00e9s, en vous donnant un contr\u00f4le innovant sur chaque information.<\/p>\n<p>Notre proc\u00e9dure de personnalisation conjointe vous permet de d\u00e9finir :.<\/p>\n<ul>\n<li><strong>Conception sur mesure :\u00a0<\/strong>Votre imagination cr\u00e9ative est la seule limite. Que vous ayez besoin d'un socle minimaliste et \u00e9l\u00e9gant pour un casque phare solitaire ou d'un \u00e9cran interactif dynamique \u00e0 plusieurs unit\u00e9s pour toute une famille d'articles, nos \u00e9quipes de stylistes et d'ing\u00e9nieurs peuvent concr\u00e9tiser votre vision. Nous pouvons travailler \u00e0 partir de vos fichiers CAO sp\u00e9cifiques ou cr\u00e9er une id\u00e9e \u00e0 partir d'un simple croquis, en tenant toujours compte de facteurs cruciaux tels que les angles de v\u00e9rification, la s\u00fbret\u00e9 et la s\u00e9curit\u00e9 des articles, les conceptions fonctionnelles des clients et l'aspect pratique en magasin.<\/li>\n<li><strong>Sur mesure Dimensions et capacit\u00e9s :\u00a0<\/strong>Un excellent ajustement n'est pas n\u00e9gociable. Un support mal ajust\u00e9 n'a pas l'air professionnel et peut m\u00eame ne pas prot\u00e9ger correctement le produit. Nous fabriquons chaque support en fonction des sp\u00e9cifications pr\u00e9cises de votre casque Bluetooth, afin de garantir une discussion confortable, prot\u00e9g\u00e9e et visuellement remarquable. Qu'il s'agisse de petits dispositifs de comptoir de cuisine con\u00e7us pour tirer pleinement parti de l'impact des caisses de sortie ou de grands et excellents pr\u00e9sentoirs de sol pour les magasins phares, l'ajustement sera parfait \u00e0 tout moment.<\/li>\n<li><strong>Un \u00e9ventail de styles de couleurs personnalis\u00e9es :\u00a0<\/strong>La couleur est un moyen efficace et instantan\u00e9 de communication de la marque. Nous proposons une vaste gamme de combinaisons pour r\u00e9pondre parfaitement \u00e0 l'identification de votre entreprise. Choisissez un acrylique optiquement pur et cristallin pour donner \u00e0 vos produits un effet \u201cflottant\u201d ; optez pour un noir ou un blanc classique pour un raffinement intemporel ; ou choisissez une teinte forte et dynamique pour attirer l'attention dans un espace de vente tr\u00e9pidant. Pour les marques qui exigent une uniformit\u00e9 absolue, nous pouvons promouvoir la correspondance des couleurs Pantone sur les commandes qualifi\u00e9es.<\/li>\n<li><strong>Conception int\u00e9gr\u00e9e du logo et de la marque :\u00a0<\/strong>Transformez votre pr\u00e9sentoir en un outil publicitaire puissant. Nous proposons de nombreuses m\u00e9thodes de marquage haute fid\u00e9lit\u00e9 pour int\u00e9grer votre logo et votre message :.<\/li>\n<li><strong>Impression num\u00e9rique UV :\u00a0<\/strong>Pour des conceptions de logos vibrantes et en couleur, des images de produits photor\u00e9alistes et des notices techniques d\u00e9taill\u00e9es. Cette approche offre une durabilit\u00e9 exceptionnelle et une splendeur esth\u00e9tique.<\/li>\n<li><strong>S\u00e9rigraphie :\u00a0<\/strong>L'excellente option pour des logos et des textes nets et opaques dans plusieurs couleurs vives. Il donne une surface robuste et sp\u00e9cialis\u00e9e, tr\u00e8s rentable pour les grandes s\u00e9ries de fabrication.<\/li>\n<li><strong>Gravure au laser :\u00a0<\/strong>Pour un r\u00e9sultat subtil, tactile et sans aucun doute premium. Un logo inscrit est synonyme de luxe et de permanence, avec une touche innovante que les clients peuvent voir et ressentir.<\/li>\n<\/ul>\n<h3 id=\"-more-than-a-stand-a-versatile-multifunctional-present-solution-\"><strong>Plus qu'un support : Une solution de pr\u00e9sentation polyvalente et multifonctionnelle\u00a0<\/strong>.<\/h3>\n<p>Nous cr\u00e9ons nos supports d'\u00e9cran pour qu'ils soient bien plus qu'un simple objet en plastique. Nous les concevons comme des rem\u00e8des intelligents et flexibles qui apportent une valeur ajout\u00e9e dans plusieurs contextes, du sol du magasin \u00e0 la maison de l'utilisateur final.<\/p>\n<ul>\n<li><strong>Adaptation universelle et efficacit\u00e9 de la pi\u00e8ce :\u00a0<\/strong>Bien que chaque stand soit construit sur mesure, l'id\u00e9ologie de conception met l'accent sur des performances intelligentes. Nos stands sont con\u00e7us pour\u00a0<strong>s'adaptent \u00e0 diff\u00e9rentes tailles et formes de casques\u00a0<\/strong>, Ils sont disponibles en version intra-auriculaire ou supra-auriculaire, ce qui garantit une grande flexibilit\u00e9 pour l'ensemble de votre gamme de produits. Ces \u00e9crans sont con\u00e7us pour\u00a0<strong>vous aider \u00e0 \u00e9conomiser l'espace pr\u00e9cieux des bureaux et des \u00e9tag\u00e8res\u00a0<\/strong>. Leur tr\u00e8s faible impact permet de tirer le meilleur parti de l'influence esth\u00e9tique sans produire de d\u00e9sordre, ce qui permet un merchandising plus propre et beaucoup plus efficace.<\/li>\n<li><strong>Un design \u00e9l\u00e9gant pour tout type d'environnement :\u00a0<\/strong>Fabriqu\u00e9s \u00e0 partir de co\u00fbts acryliques, nos stands sont dot\u00e9s d'une\u00a0<strong>une mise en page \u00e9l\u00e9gante et moderne\u00a0<\/strong>. Cette esth\u00e9tique est d\u00e9lib\u00e9r\u00e9ment polyvalente. Elle est suffisamment professionnelle pour \u00eatre la pi\u00e8ce ma\u00eetresse d'un \u00e9v\u00e9nement.\u00a0<strong>centre d'exposition\u00a0<\/strong>ou une cabine d'exposition, tout en \u00e9tant suffisamment \u00e9l\u00e9gant pour \u00eatre consid\u00e9r\u00e9 comme un bel objet de d\u00e9coration.\u00a0<strong>d\u00e9coration int\u00e9rieure\u00a0<\/strong>. Cet attrait \u00e0 double fin comprend une valeur vue consid\u00e9rable pour le client de l'ach\u00e8vement.<\/li>\n<li><strong>Le propri\u00e9taire intelligent et multifonctionnel :\u00a0<\/strong>Nous reconnaissons que les consommateurs contemporains poss\u00e8dent une communaut\u00e9 d'outils. C'est pourquoi nos mod\u00e8les sont g\u00e9n\u00e9ralement multifonctionnels. Ce porte-oreillettes n'est pas seulement un support simple et pratique pour un casque d'\u00e9coute bien-aim\u00e9 ; il peut \u00e9galement\u00a0<strong>servir de support pour positionner un t\u00e9l\u00e9phone portable, une montre et d'autres gadgets\u00a0<\/strong>. L'\u00e9cran passe ainsi du statut de produit \u00e0 usage unique \u00e0 celui de \u201cvalet technologique\u201d ou d'organisateur de bureau, une fonction qui a une forte r\u00e9sonance aupr\u00e8s d'un public averti et qui incite le client \u00e0 conserver l'\u00e9cran longtemps apr\u00e8s l'avoir achet\u00e9.<\/li>\n<li><strong>Portable et pratique pour un monde dynamique :\u00a0<\/strong>Nos \u00e9couteurs sont con\u00e7us pour \u00eatre\u00a0<strong>minces et l\u00e9gers, ce qui les rend tr\u00e8s faciles \u00e0 transporter\u00a0<\/strong>. C'est un grand avantage pour vos groupes de marketing qui g\u00e8rent des magasins pop-up, participent \u00e0 des salons professionnels ou r\u00e9alisent des promotions lors d'\u00e9v\u00e9nements. La transportabilit\u00e9 permet de s'assurer que la discussion sur votre marque de qualit\u00e9 peut \u00eatre diffus\u00e9e constamment et facilement, quel que soit l'endroit o\u00f9 vous rencontrez vos clients.<\/li>\n<\/ul>\n<h3 id=\"-the-foundation-of-quality-premium-polymer-material-\"><strong>La base de la qualit\u00e9 : Mat\u00e9riau polym\u00e8re de premi\u00e8re qualit\u00e9\u00a0<\/strong>.<\/h3>\n<p>La qualit\u00e9 sup\u00e9rieure d'un <a href=\"https:\/\/customacrylicproduct.com\/fr\/factory-price-uv-printing-cosmetic-custom-acrylic-display\/\">support d'\u00e9cran d'affichage<\/a> commence par la haute qualit\u00e9 de ses produits. Nous fabriquons tous nos produits \u00e0 partir d'acrylique de qualit\u00e9 sup\u00e9rieure, bien connu dans le commerce sous des noms tels que\u00a0<strong>Perspex, plexiglas, PMMA ou Lucite\u00a0<\/strong>. Ce produit est le choix incontest\u00e9 pour les applications de vente au d\u00e9tail haut de gamme en raison de sa combinaison distincte de maisons :.<\/p>\n<ul>\n<li><strong>Clart\u00e9 optique in\u00e9gal\u00e9e :\u00a0<\/strong>Avec une transmission lumineuse de plus de 92%, le polym\u00e8re premium est plus clair que le verre conventionnel, garantissant que le style et les informations de votre produit sont visibles sans distorsion ni teinte.<\/li>\n<li><strong>Une long\u00e9vit\u00e9 remarquable :\u00a0<\/strong>Tout en pr\u00e9sentant l'attrait du verre, l'acrylique est beaucoup plus r\u00e9sistant aux chocs et aux \u00e9clats, ce qui en fait une option plus s\u00fbre et plus fiable pour les magasins publics.<\/li>\n<li><strong>Esth\u00e9tique \u00e9pur\u00e9e et moderne :\u00a0<\/strong>Les lignes nettes et la surface impeccable de l'acrylique projettent une image moderne, sophistiqu\u00e9e et experte qui rehausse la valeur de vue des appareils \u00e9lectroniques qu'elle pr\u00e9sente.<\/li>\n<li><strong>Construction l\u00e9g\u00e8re :\u00a0<\/strong>Le polym\u00e8re p\u00e8se environ la moiti\u00e9 du poids du verre, ce qui se traduit par des frais d'exp\u00e9dition r\u00e9duits et une plus grande facilit\u00e9 d'utilisation pour les \u00e9quipes de vente au d\u00e9tail.<\/li>\n<\/ul>\n<figure id=\"attachment_469\" aria-describedby=\"caption-attachment-469\" style=\"width: 800px\" class=\"wp-caption aligncenter\"><a href=\"https:\/\/customacrylicproduct.com\/fr\/best-quality-wholesale-customized-acrylic-storage-boxes\/\"><img decoding=\"async\" class=\"wp-image-469 size-full\" src=\"https:\/\/customacrylicproduct.com\/wp-content\/uploads\/2025\/07\/Custom-Acrylic-Display-Stands-2.jpg\" alt=\"Pr\u00e9sentoirs en acrylique sur mesure\" width=\"800\" height=\"800\" srcset=\"https:\/\/customacrylicproduct.com\/wp-content\/uploads\/2025\/07\/Custom-Acrylic-Display-Stands-2.jpg 800w, https:\/\/customacrylicproduct.com\/wp-content\/uploads\/2025\/07\/Custom-Acrylic-Display-Stands-2-300x300.jpg 300w, https:\/\/customacrylicproduct.com\/wp-content\/uploads\/2025\/07\/Custom-Acrylic-Display-Stands-2-150x150.jpg 150w, https:\/\/customacrylicproduct.com\/wp-content\/uploads\/2025\/07\/Custom-Acrylic-Display-Stands-2-768x768.jpg 768w, https:\/\/customacrylicproduct.com\/wp-content\/uploads\/2025\/07\/Custom-Acrylic-Display-Stands-2-12x12.jpg 12w, https:\/\/customacrylicproduct.com\/wp-content\/uploads\/2025\/07\/Custom-Acrylic-Display-Stands-2-600x600.jpg 600w, https:\/\/customacrylicproduct.com\/wp-content\/uploads\/2025\/07\/Custom-Acrylic-Display-Stands-2-100x100.jpg 100w\" sizes=\"(max-width: 800px) 100vw, 800px\" \/><\/a><figcaption id=\"caption-attachment-469\" class=\"wp-caption-text\">Pr\u00e9sentoirs en acrylique sur mesure<\/figcaption><\/figure>\n<h3 id=\"-a-collaboration-improved-quality-and-speed-our-b2b-refine-\"><strong>Une collaboration qui am\u00e9liore la qualit\u00e9 et la rapidit\u00e9 : Notre B2B Refine\u00a0<\/strong>.<\/h3>\n<p>Nous avons rationalis\u00e9 l'ensemble de notre flux de travail afin d'\u00eatre transparents, efficaces et centr\u00e9s sur le client. Nous savons que dans le secteur tr\u00e8s actif de l'\u00e9lectronique, la rapidit\u00e9 et la fiabilit\u00e9 ne sont pas n\u00e9gociables.<\/p>\n<h4 id=\"-action-1-inquiry-and-our-quick-quote-warranty-\"><strong>Action 1 : Demande de renseignements et garantie de devis rapide\u00a0<\/strong>.<\/h4>\n<p>Votre voyage commence par votre demande. Faites-nous part de vos principes de mise en page, de vos dimensions, de vos exigences en mati\u00e8re de quantit\u00e9 et de vos directives en mati\u00e8re d'image de marque, et notre \u00e9quipe se mettra au travail. Nous appr\u00e9cions votre temps et vous garantissons un devis clair et complet.\u00a0<strong>dans les 1 \u00e0 8 heures\u00a0<\/strong>.<\/p>\n<h4 id=\"-step-2-validation-with-our-fast-example-program-\"><strong>\u00c9tape 2 : Validation avec notre programme d'exemples rapides\u00a0<\/strong>.<\/h4>\n<p>Nous voulons que vous ayez confiance en 100% avant de vous engager dans un cycle de production complet. C'est pourquoi nous fournissons un\u00a0<strong>exemple de programme d'accessibilit\u00e9\u00a0<\/strong>. Un prototype physique vous permet de tester l'ajustement, d'\u00e9valuer la qualit\u00e9 et de prot\u00e9ger l'autorisation des parties prenantes internes. Notre engagement en faveur de la rapidit\u00e9 est in\u00e9branlable :\u00a0<strong>le d\u00e9veloppement d'un \u00e9chantillon prend environ 3 \u00e0 5 jours ouvrables\u00a0<\/strong>. Avec des d\u00e9lais de livraison d'une semaine dans la plupart des pays, vous pouvez disposer d'un prototype physique dans des d\u00e9lais \u00e9tonnamment courts.<\/p>\n<h4 id=\"-step-3-available-manufacturing-with-flexible-moqs-\"><strong>\u00c9tape 3 : Fabrication disponible avec des MOQ flexibles\u00a0<\/strong>.<\/h4>\n<p>Une fois que vous avez accept\u00e9 l'exemple, nous passons \u00e0 la production compl\u00e8te. Pour soutenir les entreprises de toutes tailles, qu'il s'agisse de jeunes pousses ou de leaders \u00e9tablis sur le march\u00e9, nos\u00a0<strong>la quantit\u00e9 minimale de commande (MOQ) commence \u00e0 partir de 100 articles seulement\u00a0<\/strong>. Ce facteur d'entr\u00e9e disponible fait des rem\u00e8des vraiment personnalis\u00e9s une r\u00e9alit\u00e9 pour les lancements de produits cibl\u00e9s, les \u00e9ditions minimales ou les projets de publicit\u00e9 et de marketing sp\u00e9cifiques \u00e0 un \u00e9v\u00e9nement.<\/p>\n<h3 id=\"-your-global-companion-worldwide-shipping-and-logistics-\"><strong>Votre compagnon mondial : Exp\u00e9dition et logistique dans le monde entier\u00a0<\/strong>.<\/h3>\n<p>Notre client\u00e8le est mondiale, tout comme notre capacit\u00e9 fonctionnelle. Nous offrons des services fiables et rentables\u00a0<strong>solutions d'exp\u00e9dition dans le monde entier\u00a0<\/strong>, Nous utilisons un r\u00e9seau de transporteurs de confiance pour vous fournir des solutions polyvalentes :. Nous utilisons un r\u00e9seau de transporteurs de confiance pour vous fournir des alternatives polyvalentes :.<\/p>\n<ul>\n<li><strong>Par la mer :\u00a0<\/strong>Pour le transport le plus \u00e9conomique de commandes importantes et non urgentes.<\/li>\n<li><strong>Par avion :\u00a0<\/strong>Pour une option beaucoup plus rapide qui permet d'\u00e9quilibrer le taux et les d\u00e9penses.<\/li>\n<li><strong>Par courrier express (DHL, FedEx, etc.) :\u00a0<\/strong>Pour une livraison rapide des exemples et des commandes urgentes.<\/li>\n<\/ul>\n<h3 id=\"-why-pick-us-your-success-is-our-criteria-\"><strong>Pourquoi nous choisir ? Votre r\u00e9ussite est notre crit\u00e8re.\u00a0<\/strong>.<\/h3>\n<ul>\n<li><strong>Une polyvalence in\u00e9gal\u00e9e :\u00a0<\/strong>Nous ne nous contentons pas de fournir des stands, nous proposons des solutions d'affichage multifonctionnelles qui apportent de la valeur \u00e0 chaque \u00e9tape.<\/li>\n<li><strong>Engagement en faveur de la qualit\u00e9 :\u00a0<\/strong>Du co\u00fbt de l'acrylique \u00e0 l'ing\u00e9nierie de pr\u00e9cision, nous nous concentrons sur la haute qualit\u00e9.<\/li>\n<li><strong>Valeur directe \u00e0 l'usine :\u00a0<\/strong>En tant que fournisseur, nous proposons des prix comp\u00e9titifs en \u00e9liminant les interm\u00e9diaires inutiles.<\/li>\n<li><strong>Rapidit\u00e9 et int\u00e9grit\u00e9 :\u00a0<\/strong>Notre estimation rapide des prix, notre fabrication rapide d'exemples et notre logistique fiable permettent de respecter le calendrier de vos projets.<\/li>\n<li><strong>Une v\u00e9ritable collaboration :\u00a0<\/strong>Nous sommes des professionnels comp\u00e9tents, d\u00e9vou\u00e9s \u00e0 la production d'un \u00e9cran d'affichage qui am\u00e9liore votre nom de marque et vos r\u00e9sultats.<\/li>\n<\/ul>\n<h3 id=\"-ready-to-raise-your-brand-name-allow-s-start-\"><strong>Pr\u00eat \u00e0 rehausser votre nom de marque ? Commen\u00e7ons.\u00a0<\/strong>.<\/h3>\n<p>Vos casques Bluetooth repr\u00e9sentent le summum de l'innovation audio et de l'agencement. Il est temps que leur visibilit\u00e9 dans le commerce de d\u00e9tail corresponde \u00e0 ce crit\u00e8re de qualit\u00e9.<\/p>\n<p>Contactez notre \u00e9quipe d\u00e8s aujourd'hui pour entamer la discussion. D\u00e9veloppons un projet impressionnant <a href=\"https:\/\/customacrylicproduct.com\/fr\/factory-price-uv-printing-cosmetic-custom-acrylic-display\/\">pr\u00e9sentoir acrylique personnalis\u00e9<\/a> qui permet d'arr\u00eater les clients dans leur \u00e9lan et de transformer un int\u00e9r\u00eat passager en une vente valid\u00e9e.<\/p>\n<p><strong>Demandez d\u00e8s maintenant un devis gratuit et sans engagement et obtenez une proposition d\u00e9taill\u00e9e dans les 1 \u00e0 8 heures.\u00a0<\/strong>.<\/p>","protected":false},"excerpt":{"rendered":"<p>Rehaussez votre marque avec nos supports de casque en acrylique de premi\u00e8re qualit\u00e9. Nous proposons des conceptions personnalis\u00e9es OEM\/ODM avec votre logo pour un impact commercial \u00e9tonnant. En tant que fournisseur direct de l'usine, nous garantissons une qualit\u00e9 sup\u00e9rieure et des prix comp\u00e9titifs. Demandez un devis pour votre solution d'affichage sur mesure d\u00e8s aujourd'hui.<\/p>","protected":false},"featured_media":468,"template":"","meta":{"_kad_post_transparent":"default","_kad_post_title":"","_kad_post_layout":"default","_kad_post_sidebar_id":"","_kad_post_content_style":"default","_kad_post_vertical_padding":"default","_kad_post_feature":"","_kad_post_feature_position":"","_kad_post_header":false,"_kad_post_footer":false,"_kad_post_classname":""},"product_brand":[],"product_cat":[15],"product_tag":[47,33,46],"class_list":{"0":"post-467","1":"product","2":"type-product","3":"status-publish","4":"has-post-thumbnail","6":"product_cat-custom-acrylic-displays","7":"product_tag-acrylic-bluetooth-headset-display-stands","8":"product_tag-custom-acrylic-display","9":"product_tag-custom-acrylic-display-stands","11":"first","12":"instock","13":"shipping-taxable","14":"product-type-simple","15":"entry","16":"content-bg","17":"loop-entry"},"_links":{"self":[{"href":"https:\/\/customacrylicproduct.com\/fr\/wp-json\/wp\/v2\/product\/467","targetHints":{"allow":["GET"]}}],"collection":[{"href":"https:\/\/customacrylicproduct.com\/fr\/wp-json\/wp\/v2\/product"}],"about":[{"href":"https:\/\/customacrylicproduct.com\/fr\/wp-json\/wp\/v2\/types\/product"}],"wp:featuredmedia":[{"embeddable":true,"href":"https:\/\/customacrylicproduct.com\/fr\/wp-json\/wp\/v2\/media\/468"}],"wp:attachment":[{"href":"https:\/\/customacrylicproduct.com\/fr\/wp-json\/wp\/v2\/media?parent=467"}],"wp:term":[{"taxonomy":"product_brand","embeddable":true,"href":"https:\/\/customacrylicproduct.com\/fr\/wp-json\/wp\/v2\/product_brand?post=467"},{"taxonomy":"product_cat","embeddable":true,"href":"https:\/\/customacrylicproduct.com\/fr\/wp-json\/wp\/v2\/product_cat?post=467"},{"taxonomy":"product_tag","embeddable":true,"href":"https:\/\/customacrylicproduct.com\/fr\/wp-json\/wp\/v2\/product_tag?post=467"}],"curies":[{"name":"wp","href":"https:\/\/api.w.org\/{rel}","templated":true}]}}