{"id":473,"date":"2025-07-03T02:26:55","date_gmt":"2025-07-03T02:26:55","guid":{"rendered":"https:\/\/customacrylicproduct.com\/?post_type=product&#038;p=473"},"modified":"2025-07-03T03:02:44","modified_gmt":"2025-07-03T03:02:44","slug":"manufacture-custom-logo-acrylic-watch-display-stands","status":"publish","type":"product","link":"https:\/\/customacrylicproduct.com\/fr\/manufacture-custom-logo-acrylic-watch-display-stands\/","title":{"rendered":"Fabrication de pr\u00e9sentoirs de montres en acrylique avec logo personnalis\u00e9"},"content":{"rendered":"<h2 id=\"the-art-of-discussion-boost-your-watches-with-our-custom-made-logo-acrylic-watch-present-stands\">L'art de la discussion : Boostez vos montres gr\u00e2ce \u00e0 nos pr\u00e9sentoirs en acrylique avec logo personnalis\u00e9<\/h2>\n<p>Dans le monde de l'horlogerie, une montre n'est jamais qu'un simple instrument permettant de donner l'heure. C'est une d\u00e9claration de conception individuelle, une merveille de conception, un objet d'art portable et, g\u00e9n\u00e9ralement, un h\u00e9ritage pr\u00e9cieux transmis de g\u00e9n\u00e9ration en g\u00e9n\u00e9ration. Chaque \u00e9quipement, chaque surface polie et chaque tic-tac d\u00e9lib\u00e9r\u00e9 de l'ancienne montre racontent une histoire de pr\u00e9cision, d'enthousiasme et d'h\u00e9ritage. D\u00e8s lors, pourquoi accepteriez-vous qu'un tel chef-d'\u0153uvre soit pr\u00e9sent\u00e9 sur un support qui ne soit pas \u00e0 la hauteur de sa stature ?<\/p>\n<p>Dans le paysage dynamique et abordable de la vente au d\u00e9tail contemporaine, ou m\u00eame dans l'abri paisible d'une collection exclusive, la discussion est primordiale. Une grande montre m\u00e9rite mieux que d'\u00eatre simplement pos\u00e9e \u00e0 plat dans un \u00e9tui ou rang\u00e9e dans une bo\u00eete. Elle doit \u00eatre mise en valeur, c\u00e9l\u00e9br\u00e9e et admir\u00e9e sous toutes ses coutures. Telle est la philosophie qui nous anime. En tant que professionnels du march\u00e9 des supports d'\u00e9cran de montre en acrylique, nous comprenons que la sc\u00e8ne est tout aussi vitale que la c\u00e9l\u00e9brit\u00e9. Nous ne nous contentons pas de d\u00e9velopper des propri\u00e9taires, nous cr\u00e9ons des exp\u00e9riences.<\/p>\n<p>Bienvenue dans la solution ultime pour la pr\u00e9sentation des montres : nos pr\u00e9sentoirs de montres en acrylique, sur mesure et totalement personnalis\u00e9s. C'est l\u00e0 que l'identification de votre marque rencontre notre qualit\u00e9 de fabrication pour produire une d\u00e9claration visuelle qui captive, engage et convertit.<\/p>\n<h3 id=\"the-challenge-of-the-modern-industry-cutting-through-the-noise\">Le d\u00e9fi de l'industrie moderne : Se frayer un chemin dans le bruit<\/h3>\n<p>Imaginez l'atmosph\u00e8re d'un magasin de luxe. C'est une harmonie de stimulations - des bijoux de mode \u00e9tincelants, des \u00e9crans dynamiques, des marques compl\u00e8tes et un flux continu de clients. De nombreux autres articles et bruits se disputent l'attention de vos clients. Dans cette mer de similitudes, comment votre marque de montres peut-elle \u00eatre d\u00e9couverte ? Comment arr\u00eater un client potentiel dans son \u00e9lan et l'attirer dans le monde d\u00e9taill\u00e9 de vos montres ? Un \u00e9cran d'affichage standard ne suffit pas. Il s'agit d'un murmure au milieu de cris.<\/p>\n<p>Vous souhaitez les capter et les transformer en acheteurs. Pour ce faire, vous avez besoin d'un pr\u00e9sentoir qui ne se contente pas de tenir une montre. Vous avez besoin d'un repr\u00e9sentant discret, d'un ambassadeur de la marque et d'un auteur, tout \u00e0 la fois. Notre groupe vous aidera certainement \u00e0 atteindre cet objectif. Des \u00e9crans personnalis\u00e9s sont n\u00e9cessaires si vous souhaitez que votre marque de montres se d\u00e9marque absolument, communique sa suggestion de valeur sp\u00e9ciale et forge un lien m\u00e9morable avec le client.<\/p>\n<p><a href=\"https:\/\/customacrylicproduct.com\/fr\/custom-acrylic-displays\/\"><img fetchpriority=\"high\" decoding=\"async\" class=\"aligncenter wp-image-475 size-full\" src=\"https:\/\/customacrylicproduct.com\/wp-content\/uploads\/2025\/07\/Custom-Acrylic-Watch-Display-2.jpg\" alt=\"Pr\u00e9sentoir de montre en acrylique personnalis\u00e9\" width=\"800\" height=\"800\" srcset=\"https:\/\/customacrylicproduct.com\/wp-content\/uploads\/2025\/07\/Custom-Acrylic-Watch-Display-2.jpg 800w, https:\/\/customacrylicproduct.com\/wp-content\/uploads\/2025\/07\/Custom-Acrylic-Watch-Display-2-300x300.jpg 300w, https:\/\/customacrylicproduct.com\/wp-content\/uploads\/2025\/07\/Custom-Acrylic-Watch-Display-2-150x150.jpg 150w, https:\/\/customacrylicproduct.com\/wp-content\/uploads\/2025\/07\/Custom-Acrylic-Watch-Display-2-768x768.jpg 768w, https:\/\/customacrylicproduct.com\/wp-content\/uploads\/2025\/07\/Custom-Acrylic-Watch-Display-2-12x12.jpg 12w, https:\/\/customacrylicproduct.com\/wp-content\/uploads\/2025\/07\/Custom-Acrylic-Watch-Display-2-600x600.jpg 600w, https:\/\/customacrylicproduct.com\/wp-content\/uploads\/2025\/07\/Custom-Acrylic-Watch-Display-2-100x100.jpg 100w\" sizes=\"(max-width: 800px) 100vw, 800px\" \/><\/a><\/p>\n<h3 id=\"the-polymer-advantage-clearness-durability-and-unmatched-sophistication\">L'avantage des polym\u00e8res : Clart\u00e9, durabilit\u00e9 et sophistication in\u00e9gal\u00e9e<\/h3>\n<p>Notre mat\u00e9riau de pr\u00e9dilection est l'acrylique de premi\u00e8re qualit\u00e9, et ce pour une bonne raison. C'est la toile id\u00e9ale pour construire le discours de votre marque. Nous utilisons des\u00a0<strong>des produits acryliques pour fabriquer ce support, qui est suffisamment sans risque pour que vous puissiez l'utiliser en toute confiance.\u00a0<\/strong>Cet engagement en faveur d'un produit de haute qualit\u00e9 se traduit par une s\u00e9rie d'avantages qui rendent nos stands exceptionnels.<\/p>\n<p><strong>1. Clart\u00e9 cristalline :\u00a0<\/strong>L'acrylique de pointe offre une clart\u00e9 optique \u00e9quivalente \u00e0 l'un des cristaux les plus co\u00fbteux. Contrairement au verre, il poss\u00e8de une luminescence naturelle qui ne produit pas de teinte \u00e9cologique ou alt\u00e9r\u00e9e, ce qui garantit que les nuances de v\u00e9rit\u00e9 et les d\u00e9tails \u00e9labor\u00e9s du cadran, du bo\u00eetier et du bracelet de votre montre existent avec une int\u00e9grit\u00e9 absolue. La transparence de notre\u00a0<strong>supports de montre transparents\u00a0<\/strong>permet \u00e0 la montre de flotter relativement, d\u00e9veloppant un sens de la pr\u00e9ciosit\u00e9 et de la concentration qui attire imm\u00e9diatement le regard. Le support devient un cadre raffin\u00e9 et sophistiqu\u00e9, qui ne domine jamais l'art qu'il est cens\u00e9 pr\u00e9senter.<\/p>\n<p><strong>2. S\u00e9curit\u00e9 et r\u00e9silience sup\u00e9rieures :\u00a0<\/strong>Dans tout environnement public, la s\u00e9curit\u00e9 est extr\u00eamement importante. La nature m\u00eame des objets\u00a0<strong>Fabriqu\u00e9 en acrylique, ce support pour \u00e9cran de montre peut \u00eatre utilis\u00e9 de mani\u00e8re plus s\u00fbre et plus pratique.\u00a0<\/strong>que ceux en verre. L'acrylique est beaucoup plus r\u00e9sistant aux chocs que le verre, ce qui r\u00e9duit consid\u00e9rablement le risque de d\u00e9t\u00e9rioration et de blessure dans un magasin tr\u00e8s fr\u00e9quent\u00e9 ou pendant le transport. Cette robustesse garantit que votre investissement financier dans un pr\u00e9sentoir de haute qualit\u00e9 sera durable, r\u00e9sistant aux fractures, aux \u00e9clats et aux asp\u00e9rit\u00e9s de l'usage quotidien. C'est la\u00a0<strong>appr\u00e9cier la base des coordinateurs\u00a0<\/strong>qui offre \u00e0 la fois charme et confort.<\/p>\n<p><strong>3. L\u00e9ger et mobile :\u00a0<\/strong>Malgr\u00e9 sa r\u00e9sistance, l'acrylique est remarquablement l\u00e9ger. C'est ce qui fait que nos\u00a0<strong>pr\u00e9sentoir pour montre\u00a0<\/strong>incroyablement flexible. Avec ses\u00a0<strong>L\u00e9ger et de bonne dimension, il est facile \u00e0 transporter dans tous les endroits o\u00f9 vous en avez besoin.\u00a0<\/strong>, La mise en place d'un \u00e9cran pour un salon professionnel, une boutique pop-up ou un \u00e9v\u00e9nement unique en magasin devient facile. Vous pouvez reconfigurer vos \u00e9crans facilement, en les adaptant aux nouvelles collections ou campagnes de marketing, sans les probl\u00e8mes logistiques li\u00e9s \u00e0 des mat\u00e9riaux plus lourds et beaucoup plus vuln\u00e9rables. Il ne s'agit pas de simples \u00e9l\u00e9ments fixes, mais de dispositifs publicitaires dynamiques.<\/p>\n<p><a href=\"https:\/\/customacrylicproduct.com\/fr\/custom-acrylic-displays\/\"><img decoding=\"async\" class=\"aligncenter wp-image-474 size-full\" src=\"https:\/\/customacrylicproduct.com\/wp-content\/uploads\/2025\/07\/Custom-Acrylic-Watch-Display-1.jpg\" alt=\"Pr\u00e9sentoir de montre en acrylique personnalis\u00e9\" width=\"800\" height=\"800\" srcset=\"https:\/\/customacrylicproduct.com\/wp-content\/uploads\/2025\/07\/Custom-Acrylic-Watch-Display-1.jpg 800w, https:\/\/customacrylicproduct.com\/wp-content\/uploads\/2025\/07\/Custom-Acrylic-Watch-Display-1-300x300.jpg 300w, https:\/\/customacrylicproduct.com\/wp-content\/uploads\/2025\/07\/Custom-Acrylic-Watch-Display-1-150x150.jpg 150w, https:\/\/customacrylicproduct.com\/wp-content\/uploads\/2025\/07\/Custom-Acrylic-Watch-Display-1-768x768.jpg 768w, https:\/\/customacrylicproduct.com\/wp-content\/uploads\/2025\/07\/Custom-Acrylic-Watch-Display-1-12x12.jpg 12w, https:\/\/customacrylicproduct.com\/wp-content\/uploads\/2025\/07\/Custom-Acrylic-Watch-Display-1-600x600.jpg 600w, https:\/\/customacrylicproduct.com\/wp-content\/uploads\/2025\/07\/Custom-Acrylic-Watch-Display-1-100x100.jpg 100w\" sizes=\"(max-width: 800px) 100vw, 800px\" \/><\/a><\/p>\n<h3 id=\"the-power-of-real-customization-your-vision-brought-to-life\">La puissance d'une v\u00e9ritable personnalisation : Votre vision, concr\u00e9tis\u00e9e<\/h3>\n<p>C'est l\u00e0 que nous nous distinguons en tant que leaders ind\u00e9niables de l'industrie. Notre \u00e9quipe estime qu'un stand d'affichage doit \u00eatre une extension de l'ADN de votre marque. C'est pourquoi nous n'offrons pas de solution unique. Nous proposons plut\u00f4t un voyage en collaboration.\u00a0<strong>Nous adaptons votre support d'\u00e9cran de montre en acrylique \u00e0 vos souhaits,\u00a0<\/strong>garantissant que le produit final refl\u00e8te parfaitement votre vision et vos valeurs.<\/p>\n<p>Les possibilit\u00e9s de modification sont pratiquement illimit\u00e9es :<\/p>\n<ul>\n<li><strong>Un logo pour marquer votre identit\u00e9 :\u00a0<\/strong>Votre logo est votre signature. Nous pouvons habilement et compl\u00e8tement\u00a0<strong>marquer votre \u00e9cran d'affichage d'un logo\u00a0<\/strong>en utilisant une s\u00e9rie de strat\u00e9gies sophistiqu\u00e9es, consistant en une inscription laser pr\u00e9cise, une impression couleur vivante et m\u00eame un texte sophistiqu\u00e9 en relief en 3D. Le stand passe ainsi d'un simple droit de propri\u00e9t\u00e9 \u00e0 un outil de marquage efficace, renfor\u00e7ant la m\u00e9morisation de la marque et d\u00e9gageant un air d'exclusivit\u00e9 et d'expertise.<\/li>\n<li><strong>Incorporer des technologies modernes interactives :\u00a0<\/strong>\u00c0 l'\u00e8re du num\u00e9rique, les \u00e9crans statiques finissent par appartenir au pass\u00e9. Nous pouvons faire entrer votre discussion dans le 21e si\u00e8cle. Imaginez qu'un consommateur s'approche de votre \u00e9cran. Nous pouvons\u00a0<strong>ins\u00e9rer des \u00e9crans tactiles\u00a0<\/strong>directement dans la base acrylique, ce qui leur permet de s'engager avec vous. Ils peuvent consulter les caract\u00e9ristiques techniques compl\u00e8tes de la montre, voir les diff\u00e9rentes combinaisons de bracelets, suivre l'histoire de votre marque ou s'inscrire \u00e0 une lettre d'information \u00e9lectronique. Cela transforme une observation passive en une participation active, ce qui augmente consid\u00e9rablement le temps de visite et le taux d'int\u00e9r\u00eat des clients.<\/li>\n<li><strong>Narration visuelle dynamique :\u00a0<\/strong>Vous souhaitez mettre en valeur l'\u00e9tanch\u00e9it\u00e9 de votre nouvelle montre de plong\u00e9e ou l'activit\u00e9 complexe de votre chronographe automatis\u00e9 ? Nous pouvons\u00a0<strong>placer de petits \u00e9crans pour les clips vid\u00e9o\u00a0<\/strong>qui pr\u00e9sentent les caract\u00e9ristiques sp\u00e9ciales de vos montres de mani\u00e8re passionnante. Mettez en valeur votre savoir-faire gr\u00e2ce \u00e0 des s\u00e9quences vid\u00e9o tourn\u00e9es dans les coulisses de la production, partagez des t\u00e9moignages \u00e9blouissants ou affichez des informations sur les tarifs et toute autre information que vous aimeriez partager. Cet aspect vibrant attire l'attention, racontant une histoire abondante qu'une simple affiche ne pourrait jamais raconter.<\/li>\n<li><strong>Vous \u00eates le concepteur de la forme et de la fonction :\u00a0<\/strong>Votre nom de marque a un visuel unique, et votre affichage doit le reconna\u00eetre.\u00a0<strong>Vous pouvez \u00e9galement choisir la teinte, la forme et la taille de votre stand.\u00a0<\/strong>Vous imaginez un support en forme de C, \u00e9l\u00e9gant et minimaliste, en noir de jais, pour votre collection moderne et \u00e9volutive ? Ou peut-\u00eatre une s\u00e9rie de plates-formes claires \u00e0 plusieurs niveaux pour pr\u00e9senter une famille compl\u00e8te de montres ? De la courbure pr\u00e9cise du propri\u00e9taire de la montre aux dimensions de la base, chaque aspect est sous votre contr\u00f4le. Nous pouvons cr\u00e9er des\u00a0<strong>porte-montre en acrylique\u00a0<\/strong>pour des \u0153uvres d'art individuelles ou de grande envergure\u00a0<strong>\u00e9cran de visualisation espace de stockage propri\u00e9taire\u00a0<\/strong>pour des collections enti\u00e8res.<\/li>\n<\/ul>\n<p><a href=\"https:\/\/customacrylicproduct.com\/fr\/custom-acrylic-displays\/\"><img decoding=\"async\" class=\"aligncenter wp-image-476 size-full\" src=\"https:\/\/customacrylicproduct.com\/wp-content\/uploads\/2025\/07\/Custom-Acrylic-Watch-Display-3.jpg\" alt=\"Pr\u00e9sentoir de montre en acrylique personnalis\u00e9\" width=\"800\" height=\"800\" srcset=\"https:\/\/customacrylicproduct.com\/wp-content\/uploads\/2025\/07\/Custom-Acrylic-Watch-Display-3.jpg 800w, https:\/\/customacrylicproduct.com\/wp-content\/uploads\/2025\/07\/Custom-Acrylic-Watch-Display-3-300x300.jpg 300w, https:\/\/customacrylicproduct.com\/wp-content\/uploads\/2025\/07\/Custom-Acrylic-Watch-Display-3-150x150.jpg 150w, https:\/\/customacrylicproduct.com\/wp-content\/uploads\/2025\/07\/Custom-Acrylic-Watch-Display-3-768x768.jpg 768w, https:\/\/customacrylicproduct.com\/wp-content\/uploads\/2025\/07\/Custom-Acrylic-Watch-Display-3-12x12.jpg 12w, https:\/\/customacrylicproduct.com\/wp-content\/uploads\/2025\/07\/Custom-Acrylic-Watch-Display-3-600x600.jpg 600w, https:\/\/customacrylicproduct.com\/wp-content\/uploads\/2025\/07\/Custom-Acrylic-Watch-Display-3-100x100.jpg 100w\" sizes=\"(max-width: 800px) 100vw, 800px\" \/><\/a><\/p>\n<p><strong>Soyez assur\u00e9 que nous vous obtiendrons exactement ce dont vous avez besoin.\u00a0<\/strong>Notre objectif est d'assimiler la signification de votre marque \u00e0 un type physique qui r\u00e9gule l'attention et la consid\u00e9ration.<\/p>\n<h3 id=\"our-collaborative-style-process-a-collaboration-in-excellence\">Notre processus de style collaboratif : Une collaboration dans l'excellence<\/h3>\n<p>Notre \u00e9quipe est convaincue que la production de l'\u00e9cran d'affichage id\u00e9al est le fruit d'une collaboration. Notre proc\u00e9dure est cr\u00e9\u00e9e pour \u00eatre claire, collective et enti\u00e8rement centr\u00e9e sur votre satisfaction.<\/p>\n<p><strong>Action 1 : L'examen.\u00a0<\/strong>Il commence par une discussion.\u00a0<strong>Nos professionnels vous aideront certainement \u00e0 identifier un support d'\u00e9cran de montre en acrylique qui r\u00e9pond \u00e0 vos exigences.\u00a0<\/strong>Nous sommes attentifs \u00e0 vos objectifs, \u00e0 l'identification de votre marque, \u00e0 la compr\u00e9hension de votre public cible et \u00e0 l'environnement dans lequel le pr\u00e9sentoir sera install\u00e9.<\/p>\n<p><strong>\u00c9tape 2 : Le plan.\u00a0<\/strong>Sur la base de notre consultation,\u00a0<strong>nous ferons ensuite une illustration de ce que vous avez choisi et nous vous l'enverrons.\u00a0<\/strong>Il ne s'agit pas d'une simple illustration ; nous utilisons un logiciel innovant pour cr\u00e9er des maquettes 2D et des rendus 3D complets, vous permettant d'imaginer pr\u00e9cis\u00e9ment \u00e0 quoi ressemblera votre stand, avec votre logo et tout type d'int\u00e9gration technique.<\/p>\n<p><strong>Action 3 : Le prototype et l'am\u00e9lioration.\u00a0<\/strong>Voir, c'est croire. Pour les commandes plus importantes,\u00a0<strong>vous aurez certainement l'occasion de v\u00e9rifier le mod\u00e8le avant que nous ne commencions \u00e0 nous occuper de votre stand.\u00a0<\/strong>Il s'agit d'une \u00e9tape cruciale. Vous pouvez sentir la haute qualit\u00e9 de l'acrylique, voir la pr\u00e9cision du marquage et vous assurer que les mesures sont parfaites. C'est l'occasion de\u00a0<strong>apporter des modifications au style pour s'assurer que vous obtenez exactement ce que vous voulez.\u00a0<\/strong>Nous nous r\u00e9jouissons de vos r\u00e9ponses et nous affinerons la conception jusqu'\u00e0 ce qu'elle r\u00e9ponde \u00e0 votre autorisation absolue.<\/p>\n<h3 id=\"beyond-the-retail-counter-a-stand-for-every-event\">Au-del\u00e0 du comptoir de vente au d\u00e9tail : Un stand pour chaque \u00e9v\u00e9nement<\/h3>\n<p>Bien qu'elle soit la meilleure pour le commerce de d\u00e9tail, l'application de notre\u00a0<strong>Voir les propri\u00e9taires d'\u00e9cran\u00a0<\/strong>s'\u00e9tend bien au-del\u00e0 de la fa\u00e7ade du magasin.<\/p>\n<ul>\n<li><strong>Pour le collectionneur averti :\u00a0<\/strong>Le pr\u00e9sent\u00a0<strong>enjoy storage space stand est con\u00e7u pour les propri\u00e9taires de montres qui reconnaissent qu'une montre, un porte-vue ou des dispositifs de rangement pour montres sont essentiels.\u00a0<\/strong>Pour les personnes qui ont constitu\u00e9 une collection de pi\u00e8ces d'horlogerie fine, nos stands offrent un \u00e9cran d'exposition de qualit\u00e9 mus\u00e9ale pour la maison ou le bureau. Ils prot\u00e8gent votre investissement financier tout en le pr\u00e9sentant comme une \u0153uvre d'art.<\/li>\n<li><strong>Le cadeau parfait :\u00a0<\/strong>Un support de montre en acrylique sur mesure est\u00a0<strong>un merveilleux cadeau pour les membres de votre famille, vos amoureux, vos amis, les membres de votre famille et vos associ\u00e9s pour vous rendre encore plus \u00e9poustouflant.\u00a0<\/strong>Il s'agit d'un cadeau attentionn\u00e9, \u00e9l\u00e9gant et personnel pour tout type de fanatique de montres, qui montre que vous appr\u00e9ciez son int\u00e9r\u00eat et ses pr\u00e9f\u00e9rences.<\/li>\n<\/ul>\n<p>Votre montre est le reflet d'un travail bien fait et d'une grande pr\u00e9cision. Laissez-nous vous aider \u00e0 donner \u00e0 cette histoire la place qu'elle m\u00e9rite. Prenez contact avec notre groupe d'experts d\u00e8s aujourd'hui, et commen\u00e7ons le processus de collaboration pour d\u00e9velopper un support d'\u00e9cran de montre acrylique personnalis\u00e9 qui ne se contentera certainement pas d'exposer vos montres, mais qui \u00e9l\u00e8vera votre marque tout enti\u00e8re.<\/p>","protected":false},"excerpt":{"rendered":"<p>Faites ressortir votre marque avec un pr\u00e9sentoir de montres en acrylique personnalis\u00e9. Marqu\u00e9 de votre logo, nous pouvons ajouter des \u00e9crans vid\u00e9o interactifs pour une solution de vente au d\u00e9tail \u00e9tonnante. Vous choisissez la couleur, la forme et la taille. Nos experts vous aident \u00e0 concevoir un stand qui capte l'attention et transforme les clients en acheteurs.<\/p>","protected":false},"featured_media":475,"template":"","meta":{"_kad_post_transparent":"default","_kad_post_title":"","_kad_post_layout":"default","_kad_post_sidebar_id":"","_kad_post_content_style":"default","_kad_post_vertical_padding":"default","_kad_post_feature":"","_kad_post_feature_position":"","_kad_post_header":false,"_kad_post_footer":false,"_kad_post_classname":""},"product_brand":[],"product_cat":[15],"product_tag":[48,33,46],"class_list":{"0":"post-473","1":"product","2":"type-product","3":"status-publish","4":"has-post-thumbnail","6":"product_cat-custom-acrylic-displays","7":"product_tag-acrylic-watch-display-stands","8":"product_tag-custom-acrylic-display","9":"product_tag-custom-acrylic-display-stands","11":"first","12":"instock","13":"shipping-taxable","14":"product-type-simple","15":"entry","16":"content-bg","17":"loop-entry"},"_links":{"self":[{"href":"https:\/\/customacrylicproduct.com\/fr\/wp-json\/wp\/v2\/product\/473","targetHints":{"allow":["GET"]}}],"collection":[{"href":"https:\/\/customacrylicproduct.com\/fr\/wp-json\/wp\/v2\/product"}],"about":[{"href":"https:\/\/customacrylicproduct.com\/fr\/wp-json\/wp\/v2\/types\/product"}],"wp:featuredmedia":[{"embeddable":true,"href":"https:\/\/customacrylicproduct.com\/fr\/wp-json\/wp\/v2\/media\/475"}],"wp:attachment":[{"href":"https:\/\/customacrylicproduct.com\/fr\/wp-json\/wp\/v2\/media?parent=473"}],"wp:term":[{"taxonomy":"product_brand","embeddable":true,"href":"https:\/\/customacrylicproduct.com\/fr\/wp-json\/wp\/v2\/product_brand?post=473"},{"taxonomy":"product_cat","embeddable":true,"href":"https:\/\/customacrylicproduct.com\/fr\/wp-json\/wp\/v2\/product_cat?post=473"},{"taxonomy":"product_tag","embeddable":true,"href":"https:\/\/customacrylicproduct.com\/fr\/wp-json\/wp\/v2\/product_tag?post=473"}],"curies":[{"name":"wp","href":"https:\/\/api.w.org\/{rel}","templated":true}]}}