{"id":486,"date":"2025-07-03T06:59:27","date_gmt":"2025-07-03T06:59:27","guid":{"rendered":"https:\/\/customacrylicproduct.com\/?post_type=product&#038;p=486"},"modified":"2025-07-03T07:35:22","modified_gmt":"2025-07-03T07:35:22","slug":"custom-printed-engraved-led-luminous-acrylic-signs-supplier","status":"publish","type":"product","link":"https:\/\/customacrylicproduct.com\/fr\/custom-printed-engraved-led-luminous-acrylic-signs-supplier\/","title":{"rendered":"Enseignes lumineuses LED en acrylique imprim\u00e9es et grav\u00e9es sur mesure Fournisseur d'enseignes lumineuses LED en acrylique"},"content":{"rendered":"<h3 id=\"-illuminate-your-vision-the-definitive-overview-to-custom-engraved-printed-led-acrylic-indications-\"><strong>Illuminez votre vision : L'aper\u00e7u d\u00e9finitif des indications acryliques LED grav\u00e9es et imprim\u00e9es sur mesure\u00a0<\/strong>.<\/h3>\n<p>Dans un monde satur\u00e9 de bruits visuels, attirer l'attention n\u00e9cessite plus qu'un simple message : il faut un outil aussi grand et vibrant que votre marque elle-m\u00eame. La signal\u00e9tique standard remplit une fonction, mais pour vraiment attirer l'attention, cr\u00e9er une atmosph\u00e8re remarquable et entrer en contact avec un public sur le plan \u00e9motionnel, vous avez besoin du pouvoir captivant de la lumi\u00e8re.<\/p>\n<p>Entrez dans l'avenir de l'\u00e9clairage :\u00a0<strong>Imprim\u00e9 et grav\u00e9 sur mesure <a href=\"https:\/\/customacrylicproduct.com\/fr\/custom-printed-engraved-led-luminous-acrylic-signs-supplier\/\">Panneaux LED Luminescents en Polym\u00e8re<\/a>\u00a0<\/strong>. En tant que fournisseur de premier plan, nous sommes sp\u00e9cialis\u00e9s dans la transformation de vos logos, dessins et messages en chefs-d'\u0153uvre sensationnels qui brillent par leur fonction. Fusionnant la technologie de pointe et le travail sur mesure, nos enseignes utilisent une option innovante, durable et \u00e9conome en \u00e9nergie par rapport aux choix typiques, vous permettant d'illuminer votre monde, \u00e0 tout moment et en tout lieu.<\/p>\n<h4 id=\"-the-modern-advancement-beyond-conventional-glass-neon-\"><strong>Le progr\u00e8s moderne : Au-del\u00e0 du verre n\u00e9on conventionnel\u00a0<\/strong>.<\/h4>\n<p>Depuis des ann\u00e9es, le bourdonnement et la lueur intemporels des n\u00e9ons en verre sont synonymes de vie nocturne anim\u00e9e et de publicit\u00e9 et de marketing audacieux. N\u00e9anmoins, cet attrait classique pr\u00e9sente des inconv\u00e9nients consid\u00e9rables : d\u00e9licatesse, forte consommation d'\u00e9nergie, probl\u00e8mes de s\u00e9curit\u00e9 li\u00e9s \u00e0 la haute tension et entretien co\u00fbteux.<\/p>\n<p>Notre <a href=\"https:\/\/customacrylicproduct.com\/fr\/custom-printed-engraved-led-luminous-acrylic-signs-supplier\/\">Acrylique lumineuse LED<\/a> sont con\u00e7us pour offrir toute l'influence visuelle du n\u00e9on sans aucune de ses limitations. C'est le tout nouveau crit\u00e8re pour un \u00e9clairage brillant, sans risque et durable.<\/p>\n<ul>\n<li><strong>Une r\u00e9sistance in\u00e9gal\u00e9e :\u00a0<\/strong>Plut\u00f4t que des tubes de verre cassables, nos panneaux sont fabriqu\u00e9s \u00e0 partir d'un panneau arri\u00e8re en acrylique de qualit\u00e9 sup\u00e9rieure, r\u00e9sistant aux chocs. Ils sont donc extr\u00eamement r\u00e9sistants et s\u00fbrs pour une utilisation dans des lieux tr\u00e8s fr\u00e9quent\u00e9s, qu'il s'agisse de magasins anim\u00e9s ou de lieux d'\u00e9v\u00e9nements dynamiques.<\/li>\n<li><strong>Renforcement de la s\u00fbret\u00e9 et de la s\u00e9curit\u00e9 :\u00a0<\/strong>Fonctionnant avec une entr\u00e9e USB \u00e0 basse tension, nos enseignes sont agr\u00e9ables au toucher et \u00e9liminent les risques li\u00e9s aux transformateurs \u00e0 haute tension et aux vitres fragiles. Ils constituent une option beaucoup plus s\u00fbre pour les maisons, les entreprises et les lieux publics, en particulier l\u00e0 o\u00f9 des jeunes peuvent se trouver.<\/li>\n<li><strong>Respectueux de l'environnement et \u00e9conome en \u00e9nergie :\u00a0<\/strong>Nous utilisons la technologie des tubes LED de nouvelle g\u00e9n\u00e9ration, int\u00e9gr\u00e9s dans un silicone \u00e9l\u00e9gant ou \u00e9clairant directement l'acrylique. Les LED ne consomment qu'une partie de l'\u00e9nergie des n\u00e9ons conventionnels, ce qui r\u00e9duit consid\u00e9rablement vos d\u00e9penses d'\u00e9nergie \u00e9lectrique et votre empreinte carbone. Avec une dur\u00e9e de vie remarquable de plus de 50 000 heures, ces enseignes constituent un investissement durable \u00e0 long terme.<\/li>\n<li><strong>Fonctionnement silencieux et sans faille :\u00a0<\/strong>Oubliez le bourdonnement et le scintillement constants des anciennes indications. Notre technologie LED fournit une lumi\u00e8re pure, silencieuse et r\u00e9guli\u00e8re qui met en valeur l'environnement, sans bruit ni chaleur g\u00eanants.<\/li>\n<\/ul>\n<p><a href=\"https:\/\/customacrylicproduct.com\/fr\/custom-printed-engraved-led-luminous-acrylic-signs-supplier\/\"><img fetchpriority=\"high\" decoding=\"async\" class=\"aligncenter wp-image-487 size-full\" src=\"https:\/\/customacrylicproduct.com\/wp-content\/uploads\/2025\/07\/Custom-Acrylic-Signs-1.jpg\" alt=\"Enseignes en acrylique sur mesure\" width=\"800\" height=\"800\" srcset=\"https:\/\/customacrylicproduct.com\/wp-content\/uploads\/2025\/07\/Custom-Acrylic-Signs-1.jpg 800w, https:\/\/customacrylicproduct.com\/wp-content\/uploads\/2025\/07\/Custom-Acrylic-Signs-1-300x300.jpg 300w, https:\/\/customacrylicproduct.com\/wp-content\/uploads\/2025\/07\/Custom-Acrylic-Signs-1-150x150.jpg 150w, https:\/\/customacrylicproduct.com\/wp-content\/uploads\/2025\/07\/Custom-Acrylic-Signs-1-768x768.jpg 768w, https:\/\/customacrylicproduct.com\/wp-content\/uploads\/2025\/07\/Custom-Acrylic-Signs-1-12x12.jpg 12w, https:\/\/customacrylicproduct.com\/wp-content\/uploads\/2025\/07\/Custom-Acrylic-Signs-1-600x600.jpg 600w, https:\/\/customacrylicproduct.com\/wp-content\/uploads\/2025\/07\/Custom-Acrylic-Signs-1-100x100.jpg 100w\" sizes=\"(max-width: 800px) 100vw, 800px\" \/><\/a><\/p>\n<h4 id=\"-your-vision-brilliantly-understood-the-power-of-personalization-\"><strong>Votre vision, brillamment comprise : Le pouvoir de la personnalisation\u00a0<\/strong>.<\/h4>\n<p>La personnalisation est au c\u0153ur de notre service. Nous ne nous contentons pas de vendre un produit, nous offrons une toile \u00e0 votre cr\u00e9ativit\u00e9. Que vous ayez besoin d'une pi\u00e8ce unique ou d'une commande en gros pour une entreprise franchis\u00e9e, notre proc\u00e9dure est con\u00e7ue pour donner vie \u00e0 votre vision distincte avec pr\u00e9cision et brio.<\/p>\n<p><strong>1. Inscription laser de pr\u00e9cision :\u00a0<\/strong>. Cette strat\u00e9gie est la meilleure pour d\u00e9velopper des designs nets, \u00e9l\u00e9gants et innovants. Nos lasers de haute pr\u00e9cision gravent votre logo, votre texte ou votre \u0153uvre d'art directement dans la surface du panneau acrylique cristallin. Lorsque les LED mont\u00e9es sur les bords sont activ\u00e9es, la lumi\u00e8re traverse l'acrylique et se r\u00e9fracte magnifiquement \u00e0 l'int\u00e9rieur des lignes grav\u00e9es, ce qui fait briller votre motif de mani\u00e8re intense alors que le reste du panneau reste transparent. Cela donne un r\u00e9sultat sensationnel de \u201cd\u00e9rive\u201d, comme en t\u00e9moignent les indications \u201cFruit\u201d dynamiques, bleues et \u00e9cologiques.<\/p>\n<ul>\n<li><strong>Les meilleurs pour :\u00a0<\/strong>Conception de logos minimaux, indications textuelles, orientation architecturale, conception de lieux de travail professionnels et dessins au trait d\u00e9taill\u00e9s.<\/li>\n<\/ul>\n<p><strong>2. Impression UV dynamique :\u00a0<\/strong>. Pour les styles qui n\u00e9cessitent des nuances, des d\u00e9grad\u00e9s ou des informations photographiques, notre technologie moderne d'impression UV innovante est l'excellente option. Nous pouvons publier votre \u0153uvre d'art directement sur la surface acrylique avec des encres qui sont imm\u00e9diatement durcies par la lumi\u00e8re UV, ce qui permet d'obtenir une photo r\u00e9sistante, inrayable et exceptionnellement vibrante. Lorsqu'elles sont r\u00e9tro\u00e9clair\u00e9es par nos puissantes LED, les teintes deviennent extr\u00eamement lumineuses, d\u00e9veloppant une indication qui est \u00e0 la fois un outil d'information et une \u0153uvre d'art.<\/p>\n<ul>\n<li><strong>Les meilleurs pour :\u00a0<\/strong>Logos d'entreprise en couleur, mascottes de qualit\u00e9 sup\u00e9rieure, graphismes complets, \u00e9crans d'affichage publicitaire et installations cr\u00e9atives.<\/li>\n<\/ul>\n<p><strong>3. Un spectre de lumi\u00e8re :\u00a0<\/strong>. S\u00e9lectionnez la couleur qui correspond parfaitement \u00e0 l'identification de votre marque ou \u00e0 l'ambiance souhait\u00e9e. Du ton froid et sp\u00e9cialis\u00e9 de l'indicateur paradisiaque \u00e0 la sensation fra\u00eeche et organique de l'indicateur \u00e9cologique, nous proposons une large gamme d'alternatives de teintes fixes. Nous proposons \u00e9galement des services d'\u00e9clairage dynamique RVB, qui vous permettent de modifier les teintes, de cr\u00e9er des effets de fondu encha\u00een\u00e9 ou de clignoter au rythme des chansons, faisant ainsi de votre indicateur le point de mire de toutes les occasions.<\/p>\n<p><a href=\"https:\/\/customacrylicproduct.com\/fr\/custom-printed-engraved-led-luminous-acrylic-signs-supplier\/\"><img decoding=\"async\" class=\"aligncenter wp-image-488 size-full\" src=\"https:\/\/customacrylicproduct.com\/wp-content\/uploads\/2025\/07\/Custom-Acrylic-Signs-2.jpg\" alt=\"Enseignes en acrylique sur mesure\" width=\"800\" height=\"800\" srcset=\"https:\/\/customacrylicproduct.com\/wp-content\/uploads\/2025\/07\/Custom-Acrylic-Signs-2.jpg 800w, https:\/\/customacrylicproduct.com\/wp-content\/uploads\/2025\/07\/Custom-Acrylic-Signs-2-300x300.jpg 300w, https:\/\/customacrylicproduct.com\/wp-content\/uploads\/2025\/07\/Custom-Acrylic-Signs-2-150x150.jpg 150w, https:\/\/customacrylicproduct.com\/wp-content\/uploads\/2025\/07\/Custom-Acrylic-Signs-2-768x768.jpg 768w, https:\/\/customacrylicproduct.com\/wp-content\/uploads\/2025\/07\/Custom-Acrylic-Signs-2-12x12.jpg 12w, https:\/\/customacrylicproduct.com\/wp-content\/uploads\/2025\/07\/Custom-Acrylic-Signs-2-600x600.jpg 600w, https:\/\/customacrylicproduct.com\/wp-content\/uploads\/2025\/07\/Custom-Acrylic-Signs-2-100x100.jpg 100w\" sizes=\"(max-width: 800px) 100vw, 800px\" \/><\/a><\/p>\n<h4 id=\"-superior-deliberately-materials-and-craftsmanship-\"><strong>Sup\u00e9rieure \u00e0 dessein : Mat\u00e9riaux et ex\u00e9cution\u00a0<\/strong>.<\/h4>\n<p>Un indicateur n'est comparable qu'aux mat\u00e9riaux qui le composent. Nous n'utilisons que des composants de premi\u00e8re qualit\u00e9 pour nous assurer que chaque indicateur que nous produisons est un chef-d'\u0153uvre de qualit\u00e9 sup\u00e9rieure et de long\u00e9vit\u00e9.<\/p>\n<ul>\n<li><strong>Panneau en polym\u00e8re de qualit\u00e9 optique :\u00a0<\/strong>Nous utilisons un acrylique \u00e9pais et cristallin qui assure une transmission et une diffusion sup\u00e9rieures de la lumi\u00e8re. Il est l\u00e9ger, mais plus puissant et beaucoup plus r\u00e9sistant aux chocs que le verre, ce qui garantit l'excellence de votre enseigne pendant de nombreuses ann\u00e9es. Les bords affin\u00e9s sont habilement finis pour tirer pleinement parti de l'\u00e9clat de l'\u00e9clairage par les bords.<\/li>\n<li><strong>Cadre \u00e9l\u00e9gant et l\u00e9ger en aluminium :\u00a0<\/strong>L'indication est log\u00e9e dans un bo\u00eetier moderne en aluminium l\u00e9ger anodis\u00e9. Ce cadre n'offre pas seulement une int\u00e9grit\u00e9 structurelle et prot\u00e8ge les composants LED, mais il ajoute \u00e9galement une esth\u00e9tique \u00e9pur\u00e9e et contemporaine qui compl\u00e8te n'importe quel design. Son style minimaliste garantit que l'attention reste concentr\u00e9e sur votre message \u00e9clair\u00e9.<\/li>\n<li><strong>Syst\u00e8me de suspension pratique :\u00a0<\/strong>Des facteurs d'installation discrets mais solides, tels que les crochets \u00e0 \u0153illets que l'on voit sur les images, sont int\u00e9gr\u00e9s directement dans le cadre en aluminium. Cela facilite l'installation, qu'il s'agisse de le suspendre au plafond, de le monter sur une surface murale ou de le mettre en vitrine.<\/li>\n<\/ul>\n<h4 id=\"-effortless-integration-easy-procedure-and-installation-\"><strong>Int\u00e9gration sans effort : Proc\u00e9dure et installation faciles\u00a0<\/strong>.<\/h4>\n<p>Nous pensons qu'une technologie efficace doit \u00eatre exceptionnellement facile \u00e0 utiliser. Nos enseignes acryliques LED sont con\u00e7ues pour \u00eatre r\u00e9ellement pr\u00eates \u00e0 l'emploi.<\/p>\n<p>Aliment\u00e9 par un cordon USB standard, il suffit de le brancher sur n'importe quel port compatible, qu'il s'agisse d'un ordinateur, d'un ordinateur portable, d'un fournisseur d'\u00e9lectricit\u00e9 ou d'un adaptateur mural USB classique. Ce syst\u00e8me \u00e0 basse tension \u00e9limine la n\u00e9cessit\u00e9 d'un c\u00e2blage complexe ou d'experts en \u00e9lectricit\u00e9, ce qui vous donne la libert\u00e9 de placer ou de d\u00e9placer votre indicateur \u00e0 l'endroit de votre choix. Cette polyvalence rend nos indicateurs parfaits pour les expositions, les magasins pop-up et les occasions o\u00f9 une configuration et un d\u00e9montage rapides sont essentiels.<\/p>\n<p><a href=\"https:\/\/customacrylicproduct.com\/fr\/custom-acrylic-signs\/\"><img decoding=\"async\" class=\"aligncenter wp-image-489 size-full\" src=\"https:\/\/customacrylicproduct.com\/wp-content\/uploads\/2025\/07\/Custom-Acrylic-Signs-3.jpg\" alt=\"Enseignes en acrylique sur mesure\" width=\"800\" height=\"800\" srcset=\"https:\/\/customacrylicproduct.com\/wp-content\/uploads\/2025\/07\/Custom-Acrylic-Signs-3.jpg 800w, https:\/\/customacrylicproduct.com\/wp-content\/uploads\/2025\/07\/Custom-Acrylic-Signs-3-300x300.jpg 300w, https:\/\/customacrylicproduct.com\/wp-content\/uploads\/2025\/07\/Custom-Acrylic-Signs-3-150x150.jpg 150w, https:\/\/customacrylicproduct.com\/wp-content\/uploads\/2025\/07\/Custom-Acrylic-Signs-3-768x768.jpg 768w, https:\/\/customacrylicproduct.com\/wp-content\/uploads\/2025\/07\/Custom-Acrylic-Signs-3-12x12.jpg 12w, https:\/\/customacrylicproduct.com\/wp-content\/uploads\/2025\/07\/Custom-Acrylic-Signs-3-600x600.jpg 600w, https:\/\/customacrylicproduct.com\/wp-content\/uploads\/2025\/07\/Custom-Acrylic-Signs-3-100x100.jpg 100w\" sizes=\"(max-width: 800px) 100vw, 800px\" \/><\/a><\/p>\n<h4 id=\"-change-any-kind-of-area-endless-applications-\"><strong>Modifiez n'importe quel type de zone : Des applications infinies\u00a0<\/strong>.<\/h4>\n<p>Le design unique et l'\u00e9clat fascinant de nos enseignes LED personnalis\u00e9es en font un outil flexible pour ajouter de l'individualit\u00e9, du professionnalisme et une touche de magie \u00e0 n'importe quel type d'environnement.<\/p>\n<ul>\n<li><strong>Pour les entreprises et les commerces :\u00a0<\/strong>Am\u00e9liorez l'existence de votre marque en magasin. Utilisez-les comme indicateurs principaux pour la conception de votre logo, comme panneaux d'orientation (\u201dEspace fruits\u201d, \u201cToilettes\u201d, \u201cService client\u00e8le\u201d), ou pour mettre en \u00e9vidence des promotions uniques dans les \u00e9talages et les restaurants. Ils sont parfaits pour les bars, les caf\u00e9s, les salons de beaut\u00e9 et les lieux de travail qui recherchent un look moderne et haut de gamme.<\/li>\n<li><strong>Pour les occasions et les \u00e9v\u00e9nements :\u00a0<\/strong>Cr\u00e9ez un environnement magnifique et romantique lors de mariages et de r\u00e9ceptions avec un panneau de bienvenue ou un monogramme personnalis\u00e9. Illuminez les c\u00e9l\u00e9brations d'anniversaires, les occasions professionnelles et les lancements de produits avec un centre de table personnalis\u00e9 que les invit\u00e9s aimeront photographier et partager.<\/li>\n<li><strong>Pour les zones individuelles :\u00a0<\/strong>Rendez votre vie plus intrigante. Transformez un bureau, un salon, une chambre ou une salle de jeux avec une indication personnalis\u00e9e. Pr\u00e9sentez votre citation pr\u00e9f\u00e9r\u00e9e, votre \u00e9tiquette de joueur ou une \u0153uvre d'art unique. Il s'agit d'un accessoire remarquable pour les streamers, les d\u00e9veloppeurs de contenu Web et tous ceux qui souhaitent cr\u00e9er un arri\u00e8re-plan d'image exceptionnel.<\/li>\n<\/ul>\n<h4 id=\"-partner-with-a-leading-provider-why-pick-united-states-\"><strong>Partenaire d'un fournisseur de premier plan : Pourquoi choisir la Chine ? <\/strong>.<\/h4>\n<p>En tant que fournisseur d\u00e9vou\u00e9, nous offrons plus qu'un simple article - nous offrons une collaboration. Nous collaborons avec des clients priv\u00e9s, des concepteurs, des designers et des entreprises de toutes dimensions pour fournir des services d'\u00e9clairage \u00e9volutifs et de haute qualit\u00e9.<\/p>\n<ul>\n<li><strong>Affiner la mise en page en collaboration :\u00a0<\/strong>Notre groupe de professionnels vous aidera \u00e0 affiner votre mise en page, en garantissant qu'elle soit am\u00e9lior\u00e9e pour la gravure ou l'\u00e9dition afin d'obtenir l'impact esth\u00e9tique le plus efficace possible.<\/li>\n<li><strong>D\u00e9vouement \u00e0 la haute qualit\u00e9 :\u00a0<\/strong>Chaque indicateur est soumis \u00e0 un processus de contr\u00f4le de qualit\u00e9 rigoureux afin de garantir une inscription parfaite, des teintes vibrantes et un \u00e9clairage id\u00e9al avant de quitter notre centre.<\/li>\n<li><strong>Des solutions \u00e9volutives :\u00a0<\/strong>Que vous ayez besoin d'un seul panneau sur mesure pour votre maison ou de centaines de panneaux similaires pour un d\u00e9ploiement national de vente au d\u00e9tail, nous avons la capacit\u00e9 de production n\u00e9cessaire pour r\u00e9pondre \u00e0 vos demandes dans les d\u00e9lais et le budget impartis.<\/li>\n<li><strong>Support d\u00e9di\u00e9 :\u00a0<\/strong>Du premier concept \u00e0 la derni\u00e8re livraison, notre groupe de service \u00e0 la client\u00e8le est l\u00e0 pour garantir une exp\u00e9rience fluide, transparente et agr\u00e9able.<\/li>\n<\/ul>\n<p><strong>Illuminez votre marque. Illuminez votre r\u00e9gion. D\u00e9veloppez votre minute.\u00a0<\/strong>.<\/p>\n<p>D\u00e9couvrez les possibilit\u00e9s illimit\u00e9es des indicateurs acryliques luminescents LED personnalis\u00e9s. Contactez-nous d\u00e8s aujourd'hui pour \u00e9tudier votre projet, obtenir un devis gratuit et nous vous aiderons \u00e0 concr\u00e9tiser votre vision.<\/p>","protected":false},"excerpt":{"rendered":"<p class=\"ng-star-inserted\"><span class=\"ng-star-inserted\">Rehaussez votre espace avec nos enseignes acryliques LED grav\u00e9es sur mesure. En tant que fournisseur de premier plan, nous cr\u00e9ons des enseignes lumineuses vibrantes, parfaites pour les logos d'entreprise, les pr\u00e9sentoirs de vente au d\u00e9tail et l'orientation. Avec un cadre en aluminium \u00e9l\u00e9gant et des LED \u00e0 haut rendement \u00e9nerg\u00e9tique, nous mettons votre marque en lumi\u00e8re. Demandez un devis personnalis\u00e9 d\u00e8s aujourd'hui.<\/span><\/p>","protected":false},"featured_media":489,"template":"","meta":{"_kad_post_transparent":"default","_kad_post_title":"","_kad_post_layout":"default","_kad_post_sidebar_id":"","_kad_post_content_style":"default","_kad_post_vertical_padding":"default","_kad_post_feature":"","_kad_post_feature_position":"","_kad_post_header":false,"_kad_post_footer":false,"_kad_post_classname":""},"product_brand":[],"product_cat":[18],"product_tag":[52,51],"class_list":{"0":"post-486","1":"product","2":"type-product","3":"status-publish","4":"has-post-thumbnail","6":"product_cat-custom-acrylic-signs","7":"product_tag-acrylic-sign-luminous","8":"product_tag-custom-acrylic-signs","10":"first","11":"instock","12":"shipping-taxable","13":"product-type-simple","14":"entry","15":"content-bg","16":"loop-entry"},"_links":{"self":[{"href":"https:\/\/customacrylicproduct.com\/fr\/wp-json\/wp\/v2\/product\/486","targetHints":{"allow":["GET"]}}],"collection":[{"href":"https:\/\/customacrylicproduct.com\/fr\/wp-json\/wp\/v2\/product"}],"about":[{"href":"https:\/\/customacrylicproduct.com\/fr\/wp-json\/wp\/v2\/types\/product"}],"wp:featuredmedia":[{"embeddable":true,"href":"https:\/\/customacrylicproduct.com\/fr\/wp-json\/wp\/v2\/media\/489"}],"wp:attachment":[{"href":"https:\/\/customacrylicproduct.com\/fr\/wp-json\/wp\/v2\/media?parent=486"}],"wp:term":[{"taxonomy":"product_brand","embeddable":true,"href":"https:\/\/customacrylicproduct.com\/fr\/wp-json\/wp\/v2\/product_brand?post=486"},{"taxonomy":"product_cat","embeddable":true,"href":"https:\/\/customacrylicproduct.com\/fr\/wp-json\/wp\/v2\/product_cat?post=486"},{"taxonomy":"product_tag","embeddable":true,"href":"https:\/\/customacrylicproduct.com\/fr\/wp-json\/wp\/v2\/product_tag?post=486"}],"curies":[{"name":"wp","href":"https:\/\/api.w.org\/{rel}","templated":true}]}}