{"id":492,"date":"2025-07-03T08:51:34","date_gmt":"2025-07-03T08:51:34","guid":{"rendered":"https:\/\/customacrylicproduct.com\/?post_type=product&#038;p=492"},"modified":"2025-07-03T12:49:41","modified_gmt":"2025-07-03T12:49:41","slug":"custom-acrylic-podiums-transparent-acrylic-lecterns","status":"publish","type":"product","link":"https:\/\/customacrylicproduct.com\/fr\/custom-acrylic-podiums-transparent-acrylic-lecterns\/","title":{"rendered":"Podiums en acrylique sur mesure Pupitres en acrylique transparent"},"content":{"rendered":"<h3 id=\"-command-the-stage-the-ultimate-overview-to-personalized-polymer-podiums-and-lecterns-\"><strong>Commandez la sc\u00e8ne : L'aper\u00e7u ultime des podiums et pupitres en acrylique personnalis\u00e9s <\/strong>.<\/h3>\n<p>Dans tout \u00e9tablissement o\u00f9 une voix doit \u00eatre entendue - qu'il s'agisse d'une salle de conf\u00e9rence d'entreprise, d'une grande salle de r\u00e9union, d'un amphith\u00e9\u00e2tre d'universit\u00e9 ou d'un lieu de culte spirituel - l'estrade o\u00f9 l'on parle est plus qu'un simple meuble. C'est un signe d'autorit\u00e9, un point d'attention et un partenaire silencieux dans la communication. Le meilleur pupitre permet d'encadrer l'orateur, de focaliser l'attention du public cible et d'am\u00e9liorer la puissance du message.<\/p>\n<p>Pendant longtemps, le choix s'est port\u00e9 sur des lutrins en bois, lourds et conventionnels, ou sur des lutrins en acier, froids et commerciaux. Aujourd'hui, nous proposons une option moderne, \u00e9l\u00e9gante et profond\u00e9ment utile : le <a href=\"https:\/\/customacrylicproduct.com\/fr\/custom-acrylic-podiums-transparent-acrylic-lecterns\/\">Podium Acylique sur mesure<\/a>. En tant que fournisseur de premier plan, nous avons d\u00e9velopp\u00e9 l'art de fabriquer des pupitres qui combinent harmonieusement un style avanc\u00e9, des performances in\u00e9gal\u00e9es et une personnalisation sur mesure. Que vous souhaitiez la sophistication \u00e9th\u00e9r\u00e9e et \u201cflottante\u201d d'un pupitre transparent ou la visibilit\u00e9 architecturale audacieuse d'un design de couleur unie comme celui illustr\u00e9, nos pupitres de conf\u00e9rence sont con\u00e7us pour r\u00e9pondre \u00e0 vos besoins. <a href=\"https:\/\/customacrylicproduct.com\/fr\/custom-acrylic-podiums-transparent-acrylic-lecterns\/\">podiums en acrylique<\/a> sont con\u00e7us pour renforcer votre pr\u00e9sence et votre voix.<\/p>\n<p><a href=\"https:\/\/customacrylicproduct.com\/fr\/custom-acrylic-podiums-transparent-acrylic-lecterns\/\"><img fetchpriority=\"high\" decoding=\"async\" class=\"wp-image-496 size-full aligncenter\" src=\"https:\/\/customacrylicproduct.com\/wp-content\/uploads\/2025\/07\/Custom-Acrylic-Podiums.jpg\" alt=\"Podiums en acrylique sur mesure\" width=\"800\" height=\"800\" srcset=\"https:\/\/customacrylicproduct.com\/wp-content\/uploads\/2025\/07\/Custom-Acrylic-Podiums.jpg 800w, https:\/\/customacrylicproduct.com\/wp-content\/uploads\/2025\/07\/Custom-Acrylic-Podiums-300x300.jpg 300w, https:\/\/customacrylicproduct.com\/wp-content\/uploads\/2025\/07\/Custom-Acrylic-Podiums-150x150.jpg 150w, https:\/\/customacrylicproduct.com\/wp-content\/uploads\/2025\/07\/Custom-Acrylic-Podiums-768x768.jpg 768w, https:\/\/customacrylicproduct.com\/wp-content\/uploads\/2025\/07\/Custom-Acrylic-Podiums-12x12.jpg 12w, https:\/\/customacrylicproduct.com\/wp-content\/uploads\/2025\/07\/Custom-Acrylic-Podiums-600x600.jpg 600w, https:\/\/customacrylicproduct.com\/wp-content\/uploads\/2025\/07\/Custom-Acrylic-Podiums-100x100.jpg 100w\" sizes=\"(max-width: 800px) 100vw, 800px\" \/><\/a><\/p>\n<h4 id=\"-engineered-for-excellence-the-core-concepts-of-our-layout-\"><strong>L'ing\u00e9nierie au service de l'excellence : Les concepts fondamentaux de notre pr\u00e9sentation\u00a0<\/strong>.<\/h4>\n<p>Chaque podium que nous produisons est construit sur la base d'une structure de principes de conception r\u00e9fl\u00e9chis, r\u00e9pondant aux besoins r\u00e9els des orateurs et des coordinateurs d'\u00e9v\u00e9nements. Nous ne nous contentons pas de construire des pupitres, nous cr\u00e9ons des rem\u00e8des.<\/p>\n<p><strong>1. Une stabilit\u00e9 in\u00e9branlable : Votre structure enracin\u00e9e\u00a0<\/strong>. La confiance d'un locuteur audio peut \u00eatre subtilement affaiblie par un syst\u00e8me instable. Nous avons \u00e9limin\u00e9 compl\u00e8tement ce probl\u00e8me. Le fondement de notre podium est son\u00a0<strong>grande stabilit\u00e9\u00a0<\/strong>, La base a \u00e9t\u00e9 con\u00e7ue avec le plus grand soin. La base a en effet \u00e9t\u00e9 consid\u00e9rablement\u00a0<strong>s'est \u00e9paissie et s'est \u00e9largie\u00a0<\/strong>, Cette conception garantit que le podium reste fermement plant\u00e9, sans aucun type d'oscillation ou de vibration, m\u00eame sur des sc\u00e8nes tr\u00e8s fr\u00e9quent\u00e9es ou dans des atmosph\u00e8res tr\u00e8s anim\u00e9es. Cette conception garantit que le podium reste fermement plant\u00e9, sans aucun type d'oscillation ou de vibration, m\u00eame sur des sc\u00e8nes \u00e0 forte fr\u00e9quentation ou dans des atmosph\u00e8res anim\u00e9es. Appuyez-vous sur lui, posez vos produits en toute confiance et faites des gestes avec enthousiasme - votre podium restera un support in\u00e9branlable et digne de confiance, vous permettant de vous concentrer enti\u00e8rement sur votre prestation.<\/p>\n<p><strong>2. Sophistication durable : La promesse d'une grande robustesse\u00a0<\/strong>. Un investissement financier dans des outils professionnels doit \u00eatre un investissement \u00e0 long terme. Nos plateformes sont construites \u00e0 partir\u00a0<strong>acrylique de haute qualit\u00e9\u00a0<\/strong>, un mat\u00e9riau choisi pour sa remarquable combinaison de robustesse et d'attrait. Bien qu'il soit\u00a0<strong>moins de la moiti\u00e9 du poids du verre\u00a0<\/strong>, Sa structure mol\u00e9culaire lui conf\u00e8re une t\u00e9nacit\u00e9 et une r\u00e9sistance aux effets extraordinaires.<\/p>\n<p>En outre, notre polym\u00e8re est sp\u00e9cifiquement formul\u00e9 pour \u00eatre\u00a0<strong>beaucoup moins vuln\u00e9rables aux taches ou au jaunissement\u00a0<\/strong>avec le temps, m\u00eame lorsqu'il est expos\u00e9 \u00e0 la lumi\u00e8re du soleil ou \u00e0 des \u00e9clairages int\u00e9rieurs agressifs. Contrairement aux plastiques de qualit\u00e9 inf\u00e9rieure, il conservera son ouverture cristalline ou son excellente teinte solide pendant de nombreuses ann\u00e9es, garantissant ainsi que votre phase aura toujours un aspect professionnel et raffin\u00e9. Il ne s'agit pas d'un composant temporaire, mais d'une cl\u00e9 de vo\u00fbte solide de votre bo\u00eete \u00e0 outils de discussion.<\/p>\n<p><a href=\"https:\/\/customacrylicproduct.com\/fr\/custom-acrylic-furnitures\/\"><img decoding=\"async\" class=\"wp-image-494 size-full aligncenter\" src=\"https:\/\/customacrylicproduct.com\/wp-content\/uploads\/2025\/07\/Custom-Acrylic-Podiums-2.jpg\" alt=\"Podiums en acrylique sur mesure\" width=\"800\" height=\"800\" srcset=\"https:\/\/customacrylicproduct.com\/wp-content\/uploads\/2025\/07\/Custom-Acrylic-Podiums-2.jpg 800w, https:\/\/customacrylicproduct.com\/wp-content\/uploads\/2025\/07\/Custom-Acrylic-Podiums-2-300x300.jpg 300w, https:\/\/customacrylicproduct.com\/wp-content\/uploads\/2025\/07\/Custom-Acrylic-Podiums-2-150x150.jpg 150w, https:\/\/customacrylicproduct.com\/wp-content\/uploads\/2025\/07\/Custom-Acrylic-Podiums-2-768x768.jpg 768w, https:\/\/customacrylicproduct.com\/wp-content\/uploads\/2025\/07\/Custom-Acrylic-Podiums-2-12x12.jpg 12w, https:\/\/customacrylicproduct.com\/wp-content\/uploads\/2025\/07\/Custom-Acrylic-Podiums-2-600x600.jpg 600w, https:\/\/customacrylicproduct.com\/wp-content\/uploads\/2025\/07\/Custom-Acrylic-Podiums-2-100x100.jpg 100w\" sizes=\"(max-width: 800px) 100vw, 800px\" \/><\/a><\/p>\n<p><strong>3. S\u00e9curit\u00e9 intentionnelle : La confiance dans les moindres d\u00e9tails\u00a0<\/strong>. Dans un espace public, la s\u00fbret\u00e9 et la s\u00e9curit\u00e9 sont extr\u00eamement importantes. Nous pensons qu'un style r\u00e9fl\u00e9chi s'\u00e9tend \u00e0 la protection de l'utilisateur et du public. C'est pourquoi nous avons mis en place\u00a0<strong>des fonctions de s\u00e9curit\u00e9 solides\u00a0<\/strong>sur nos podiums. Les\u00a0<strong>les quatre coins de la surface d'attaque de la plate-forme ont \u00e9t\u00e9 habilement arrondis et liss\u00e9s\u00a0<\/strong>. Ce d\u00e9tail relativement minime a une influence consid\u00e9rable. Il \u00e9limine les bords tranchants, de sorte que vous\u00a0<strong>n'ont pas \u00e0 se pr\u00e9occuper des dommages ou des blessures provoqu\u00e9s par des chocs involontaires\u00a0<\/strong>. Il offre un confort indispensable dans les lieux dynamiques tels que les foires commerciales, les auditoriums d'\u00e9coles ou les salles de spectacles o\u00f9 les personnes se d\u00e9placent fr\u00e9quemment.<\/p>\n<h4 id=\"-developed-for-the-audio-speaker-a-masterclass-in-practicality-\"><strong>D\u00e9velopp\u00e9 pour l'orateur audio : Une classe de ma\u00eetre en mati\u00e8re de praticit\u00e9\u00a0<\/strong>.<\/h4>\n<p>La valeur r\u00e9elle d'un podium est d\u00e9termin\u00e9e par la mani\u00e8re dont il sert la personne qui le soutient. Nous avons int\u00e9gr\u00e9 des attributs qui am\u00e9liorent la commodit\u00e9, la facilit\u00e9 et la performance.<\/p>\n<p><strong>Grande utilit\u00e9 dans tous les angles :\u00a0<\/strong>. La surface de lecture de la cl\u00e9 comprend une partie douce,\u00a0<strong>plateau ergonomique inclin\u00e9\u00a0<\/strong>. Il s'agit l\u00e0 d'un choix de conception crucial qui rend le syst\u00e8me consid\u00e9rablement plus performant.\u00a0<strong>simplification de la consultation des documents par les utilisateurs\u00a0<\/strong>, Les participants peuvent se tenir debout, prendre des notes ou consulter leur tablette sans se pencher ni rompre le contact visuel avec le march\u00e9 cible. Cela permet de mieux se positionner, de r\u00e9duire le stress lors de longues discussions et d'adopter un style d'\u00e9locution plus naturel et int\u00e9ressant.<\/p>\n<p><strong>Rangement int\u00e9gr\u00e9 pour une chambre sans d\u00e9sordre :\u00a0<\/strong>. Le cadre du podium est discr\u00e8tement encadr\u00e9 par un large espace de rangement et de rangement.\u00a0<strong>espace de rangement int\u00e9rieur planche ou support\u00a0<\/strong>. Cette fonction est l'exemple m\u00eame du style utile, car elle fournit un endroit pratique et peu visible pour ranger tous vos objets de base. Qu'il s'agisse d'un verre d'eau, d'un microphone de rechange, de votre Bible ou d'un message religieux, d'un carnet de notes pour noter vos id\u00e9es ou de t\u00e9l\u00e9commandes de pr\u00e9sentation, ce support permet de garder votre principale surface de parole bien rang\u00e9e et d\u00e9gag\u00e9e. Il donne une apparence plus sp\u00e9cialis\u00e9e et garantit que tout ce dont vous avez besoin est \u00e0 port\u00e9e de main, m\u00eame si c'est \u00e0 l'abri des regards de l'auditoire.<\/p>\n<h4 id=\"-the-power-of-choice-transparent-vs-solid-color-podiums-\"><strong>Le pouvoir du choix : Podiums transparents ou unis\u00a0<\/strong>.<\/h4>\n<p>Bien que tous nos pupitres soient con\u00e7us sur la base des m\u00eames concepts fondamentaux de s\u00e9curit\u00e9, de long\u00e9vit\u00e9 et de fonctionnalit\u00e9, nous proposons des choix visuels uniques qui s'adaptent parfaitement \u00e0 votre cadre et \u00e0 votre marque.<\/p>\n<ul>\n<li><strong>Le pupitre en polym\u00e8re transparent :\u00a0<\/strong>La plate-forme \u201cghost\u201d est l'expression la plus aboutie du minimalisme moderne. Sa construction cristalline cr\u00e9e une impression de visibilit\u00e9, en concentrant toute l'attention sur le haut-parleur. Elle s'int\u00e8gre parfaitement \u00e0 tout type de d\u00e9coration, ce qui donne l'impression que l'espace est plus grand et moins chaotique. Ce style est extr\u00eamement populaire dans les \u00e9glises contemporaines, les conf\u00e9rences techniques, les galeries d'art et les c\u00e9r\u00e9monies de mariage o\u00f9 l'on recherche un look discret mais \u00e9l\u00e9gant.<\/li>\n<li><strong>Le podium en polym\u00e8re de couleur unie (tel qu'illustr\u00e9) :\u00a0<\/strong>La plate-forme blanche \u00e9pur\u00e9e et non transparente pr\u00e9sent\u00e9e dans l'image produit un effet diff\u00e9rent. Elle offre une pr\u00e9sence forte et solide et un type de b\u00e2timent propre. Ce style constitue la meilleure toile pour\u00a0<strong>marquage personnalis\u00e9\u00a0<\/strong>. Le logo de votre entreprise, publi\u00e9 dans des couleurs vives et compl\u00e8tes, se d\u00e9marque avec une clart\u00e9 ph\u00e9nom\u00e9nale de l'excellent historique blanc, transformant rapidement le pupitre en un puissant outil de promotion de l'image de marque. Ces pupitres sont parfaits pour les entreprises, les universit\u00e9s, les organisations du gouvernement f\u00e9d\u00e9ral et tout type d'entreprise cherchant \u00e0 faire une d\u00e9claration visuelle solide.<\/li>\n<\/ul>\n<p><a href=\"https:\/\/customacrylicproduct.com\/fr\/custom-acrylic-furnitures\/\"><img decoding=\"async\" class=\"wp-image-493 size-full aligncenter\" src=\"https:\/\/customacrylicproduct.com\/wp-content\/uploads\/2025\/07\/Custom-Acrylic-Podiums-1.jpg\" alt=\"Podiums en acrylique sur mesure\" width=\"800\" height=\"800\" srcset=\"https:\/\/customacrylicproduct.com\/wp-content\/uploads\/2025\/07\/Custom-Acrylic-Podiums-1.jpg 800w, https:\/\/customacrylicproduct.com\/wp-content\/uploads\/2025\/07\/Custom-Acrylic-Podiums-1-300x300.jpg 300w, https:\/\/customacrylicproduct.com\/wp-content\/uploads\/2025\/07\/Custom-Acrylic-Podiums-1-150x150.jpg 150w, https:\/\/customacrylicproduct.com\/wp-content\/uploads\/2025\/07\/Custom-Acrylic-Podiums-1-768x768.jpg 768w, https:\/\/customacrylicproduct.com\/wp-content\/uploads\/2025\/07\/Custom-Acrylic-Podiums-1-12x12.jpg 12w, https:\/\/customacrylicproduct.com\/wp-content\/uploads\/2025\/07\/Custom-Acrylic-Podiums-1-600x600.jpg 600w, https:\/\/customacrylicproduct.com\/wp-content\/uploads\/2025\/07\/Custom-Acrylic-Podiums-1-100x100.jpg 100w\" sizes=\"(max-width: 800px) 100vw, 800px\" \/><\/a><\/p>\n<h4 id=\"-a-stage-for-every-single-event-unequaled-flexibility-\"><strong>Une sc\u00e8ne pour chaque \u00e9v\u00e9nement : Une flexibilit\u00e9 in\u00e9gal\u00e9e\u00a0<\/strong>.<\/h4>\n<p>Les lignes \u00e9pur\u00e9es et l'aspect sp\u00e9cialis\u00e9 de notre <a href=\"https:\/\/customacrylicproduct.com\/fr\/custom-acrylic-podiums-transparent-acrylic-lecterns\/\">pupitres en acrylique<\/a> les rendent incroyablement fonctionnels. Nos podiums ont en fait r\u00e9gul\u00e9 l'attention dans un large \u00e9ventail de lieux et d'\u00e9v\u00e9nements :.<\/p>\n<ul>\n<li><strong>Conf\u00e9rences et expos\u00e9s :\u00a0<\/strong>T\u00e2chez de donner une image d'autorit\u00e9, de professionnalisme et de confiance contemporains.<\/li>\n<li><strong>Salons professionnels :\u00a0<\/strong>Faites venir des visiteurs dans votre box et offrez un syst\u00e8me de marque pour les d\u00e9monstrations de produits.<\/li>\n<li><strong>\u00c9glises et lieux de pri\u00e8re :\u00a0<\/strong>Utilisez une chaire en acrylique transparent pour donner un sentiment de visibilit\u00e9 et de connexion, ou une chaire solide pour une visibilit\u00e9 beaucoup plus standard. Le support interne est parfait pour contenir les \u00c9critures et les notes de sermon.<\/li>\n<li><strong>Mariages et banquets :\u00a0<\/strong>Offrez une pi\u00e8ce ma\u00eetresse \u00e9l\u00e9gante et tendance pour les discours, les toasts et les serments.<\/li>\n<li><strong>\u00c9coles et universit\u00e9s :\u00a0<\/strong>Offrez-vous un pupitre solide, s\u00fbr et expert pour les mises en place et les conf\u00e9rences.<\/li>\n<li><strong>Restaurants et h\u00f4tels :\u00a0<\/strong>Utilisez-le comme un pr\u00e9sentoir sophistiqu\u00e9 pour accueillir vos invit\u00e9s.<\/li>\n<\/ul>\n<h4 id=\"-a-dedication-to-a-better-future-great-material-accountable-choice-\"><strong>Un engagement pour un avenir meilleur : Un mat\u00e9riel de qualit\u00e9, un choix responsable\u00a0<\/strong>.<\/h4>\n<p>L'acrylique que nous utilisons n'est pas seulement robuste et magnifique, c'est aussi un choix responsable. Il s'agit d'un\u00a0<strong>excellent produit qui s'adapte aux personnes et \u00e0 l'environnement\u00a0<\/strong>. Il est non toxique et d\u00e9pourvu de produits chimiques dangereux, ce qui le rend sans danger pour tout type d'environnement int\u00e9rieur. En outre, l'acrylique est un produit recyclable, ce qui correspond aux objectifs de durabilit\u00e9 des entreprises modernes.<\/p>\n<p><strong>\u00c9levez votre voix. D\u00e9finissez votre sc\u00e8ne.\u00a0<\/strong>.<\/p>\n<p>En choisissant l'un de nos <a href=\"https:\/\/customacrylicproduct.com\/fr\/custom-acrylic-podiums-transparent-acrylic-lecterns\/\">plates-formes acryliques personnalis\u00e9es<\/a> c'est choisir d'investir dans la qualit\u00e9, la s\u00e9curit\u00e9 et le design. C'est affirmer que vous accordez de l'importance \u00e0 une communication claire et \u00e0 une photo de sp\u00e9cialiste. C'est un outil con\u00e7u pour vous donner les moyens d'agir, en vous offrant une plateforme stable, fonctionnelle et esth\u00e9tique o\u00f9 partager votre message avec le monde entier.<\/p>\n<p>Appelez-nous d\u00e8s aujourd'hui pour discuter de vos besoins sp\u00e9cifiques. Laissez-nous vous aider \u00e0 choisir le meilleur design, la meilleure dimension et les meilleurs choix de marquage pour cr\u00e9er un pupitre qui vous est propre.<\/p>","protected":false},"excerpt":{"rendered":"<p>Am\u00e9liorez votre pr\u00e9sence sur sc\u00e8ne gr\u00e2ce \u00e0 nos podiums acryliques personnalis\u00e9s. Disponibles dans des styles transparents ou de couleur unie, comme ce mod\u00e8le blanc moderne, nos pupitres offrent une stabilit\u00e9 et un aspect professionnel. Ajoutez le logo de votre organisation pour une touche personnalis\u00e9e. Parfait pour les conf\u00e9rences, les \u00e9coles et les \u00e9v\u00e9nements.<\/p>","protected":false},"featured_media":496,"template":"","meta":{"_kad_post_transparent":"default","_kad_post_title":"","_kad_post_layout":"default","_kad_post_sidebar_id":"","_kad_post_content_style":"default","_kad_post_vertical_padding":"default","_kad_post_feature":"","_kad_post_feature_position":"","_kad_post_header":false,"_kad_post_footer":false,"_kad_post_classname":""},"product_brand":[],"product_cat":[21],"product_tag":[53,54,55],"class_list":{"0":"post-492","1":"product","2":"type-product","3":"status-publish","4":"has-post-thumbnail","6":"product_cat-custom-acrylic-furnitures","7":"product_tag-custom-acrylic-podiums","8":"product_tag-transparent-acrylic-lecterns","9":"product_tag-transparent-acrylic-podiums","11":"first","12":"instock","13":"shipping-taxable","14":"product-type-simple","15":"entry","16":"content-bg","17":"loop-entry"},"_links":{"self":[{"href":"https:\/\/customacrylicproduct.com\/fr\/wp-json\/wp\/v2\/product\/492","targetHints":{"allow":["GET"]}}],"collection":[{"href":"https:\/\/customacrylicproduct.com\/fr\/wp-json\/wp\/v2\/product"}],"about":[{"href":"https:\/\/customacrylicproduct.com\/fr\/wp-json\/wp\/v2\/types\/product"}],"wp:featuredmedia":[{"embeddable":true,"href":"https:\/\/customacrylicproduct.com\/fr\/wp-json\/wp\/v2\/media\/496"}],"wp:attachment":[{"href":"https:\/\/customacrylicproduct.com\/fr\/wp-json\/wp\/v2\/media?parent=492"}],"wp:term":[{"taxonomy":"product_brand","embeddable":true,"href":"https:\/\/customacrylicproduct.com\/fr\/wp-json\/wp\/v2\/product_brand?post=492"},{"taxonomy":"product_cat","embeddable":true,"href":"https:\/\/customacrylicproduct.com\/fr\/wp-json\/wp\/v2\/product_cat?post=492"},{"taxonomy":"product_tag","embeddable":true,"href":"https:\/\/customacrylicproduct.com\/fr\/wp-json\/wp\/v2\/product_tag?post=492"}],"curies":[{"name":"wp","href":"https:\/\/api.w.org\/{rel}","templated":true}]}}