{"id":497,"date":"2025-07-03T09:28:13","date_gmt":"2025-07-03T09:28:13","guid":{"rendered":"https:\/\/customacrylicproduct.com\/?post_type=product&#038;p=497"},"modified":"2025-07-03T12:48:41","modified_gmt":"2025-07-03T12:48:41","slug":"custom-clear-acrylic-fruit-trays-maker-perspex-acrylic-tray","status":"publish","type":"product","link":"https:\/\/customacrylicproduct.com\/fr\/custom-clear-acrylic-fruit-trays-maker-perspex-acrylic-tray\/","title":{"rendered":"Plateau \u00e0 fruits en acrylique transparent personnalis\u00e9 Plateau en acrylique Perspex fabriqu\u00e9 sur mesure"},"content":{"rendered":"<h3 id=\"-the-art-of-discussion-custom-crafted-perspex-polymer-trays-display-solutions-\"><strong>L'art de la discussion : Plateaux et solutions d'affichage sur mesure en Perspex \u00ae Polym\u00e8re\u00a0<\/strong>.<\/h3>\n<p>Dans le monde de la vente au d\u00e9tail haut de gamme, de la convivialit\u00e9 de luxe et des espaces personnels am\u00e9nag\u00e9s, la discussion n'est pas un simple d\u00e9tail, c'est l'exp\u00e9rience dans son ensemble. La fa\u00e7on dont un objet est tenu, pr\u00e9sent\u00e9 et fourni d\u00e9termine sa valeur bien avant qu'un co\u00fbt ne soit indiqu\u00e9 ou qu'un go\u00fbt ne soit savour\u00e9. Nous sommes parfaitement conscients de ce principe. En tant que premier fabricant de plateaux acryliques Perspex \u00ae personnalis\u00e9s et de solutions d'exposition, nous ne nous contentons pas de cr\u00e9er des contenants, nous cr\u00e9ons des exp\u00e9riences. Nous d\u00e9veloppons la sc\u00e8ne invisible qui fait de vos produits la star du programme.<\/p>\n<p>Notre <a href=\"https:\/\/customacrylicproduct.com\/fr\/custom-clear-acrylic-fruit-trays-maker-perspex-acrylic-tray\/\">plateaux personnalis\u00e9s,<\/a> comme l'\u00e9l\u00e9gant mod\u00e8le bleu contemporain illustr\u00e9, sont la personnification d'une classe minimale et d'une performance in\u00e9gal\u00e9e. Ils sont con\u00e7us pour des clients exigeants qui demandent une qualit\u00e9, une clart\u00e9 et une modification \u00e9lev\u00e9es, transformant n'importe quel affichage de normal \u00e0 extraordinaire.<\/p>\n<h4 id=\"-the-product-of-option-the-unmatched-prevalence-of-perspex-polymer-\"><strong>Le produit de l'option : La pr\u00e9valence in\u00e9gal\u00e9e du polym\u00e8re Perspex \u00ae.\u00a0<\/strong>.<\/h4>\n<p>Le fondement de toute \u0153uvre d'art est le produit qui lui a donn\u00e9 naissance. Nous utilisons exclusivement de l'acrylique Perspex \u00ae de premi\u00e8re qualit\u00e9, un mat\u00e9riau r\u00e9put\u00e9 pour sa puret\u00e9 optique et ses performances durables, qui surpasse de loin les mat\u00e9riaux traditionnels comme le verre dans tous les aspects cruciaux.<\/p>\n<p><strong>1. Qualit\u00e9 optique pure :\u00a0<\/strong>. Nos plateaux sont\u00a0<strong>fabriqu\u00e9 en acrylique Perspex \u00ae transparent comme du cristal\u00a0<\/strong>, un produit qui est\u00a0<strong>optiquement plus clair que le verre\u00a0<\/strong>. Alors que le verre de base a souvent une teinte \u00e9cologique raffin\u00e9e qui peut d\u00e9former la nuance r\u00e9elle des objets qu'il contient, notre polym\u00e8re est pratiquement invisible. Cette clart\u00e9 irr\u00e9prochable garantit que vos objets sont vus exactement comme ils ont \u00e9t\u00e9 con\u00e7us, avec des couleurs vives et des informations d\u00e9taill\u00e9es enti\u00e8rement visibles sous tous les angles. Il ne se contente pas de contenir vos objets, il les met en valeur.<\/p>\n<p><strong>2. Une protection contre le temps : La s\u00e9curit\u00e9 fondamentale des UV :\u00a0<\/strong>. La lumi\u00e8re du soleil et les \u00e9clairages artificiels sont des risques silencieux pour les biens de valeur, provoquant la d\u00e9coloration des couleurs et la d\u00e9gradation des produits au fil du temps. Notre acrylique de qualit\u00e9 sup\u00e9rieure agit comme un puissant bouclier, offrant une protection contre les rayons du soleil et les \u00e9clairages artificiels.\u00a0<strong>haut niveau de d\u00e9fense contre les UV\u00a0<\/strong>. Cette qualit\u00e9 sup\u00e9rieure int\u00e9grale \u00e9limine une grande partie des rayons ultraviolets dangereux, prot\u00e9geant ainsi les aliments d\u00e9licats contre les taches, les bijoux pr\u00e9cieux contre la perte d'\u00e9clat et l'int\u00e9grit\u00e9 des antiquit\u00e9s et des objets d'art.<\/p>\n<p><strong>3. S\u00fbret\u00e9, s\u00e9curit\u00e9 et praticit\u00e9 int\u00e9gr\u00e9es :\u00a0<\/strong>. Dans tout type d'atmosph\u00e8re publique ou \u00e0 fort trafic, la s\u00e9curit\u00e9 n'est pas n\u00e9gociable. Nos solutions acryliques offrent une grande satisfaction.\u00a0<strong>Beaucoup plus s\u00fbr que le verre\u00a0<\/strong>, L'acrylique est incroyablement r\u00e9sistant aux chocs. Une chute ou un choc involontaire risque beaucoup moins de provoquer un dangereux d\u00e9sordre de fragments tranchants. En outre, l'acrylique est\u00a0<strong>moins de la moiti\u00e9 du poids du verre\u00a0<\/strong>, Nos plateaux sont donc remarquablement faciles \u00e0 g\u00e9rer, \u00e0 transporter et \u00e0 r\u00e9organiser, ce qui constitue un avantage important pour les organisateurs d'\u00e9v\u00e9nements, les d\u00e9taillants et les artistes \u00e0 domicile.<\/p>\n<p><a href=\"https:\/\/customacrylicproduct.com\/fr\/custom-clear-acrylic-fruit-trays-maker-perspex-acrylic-tray\/\"><img fetchpriority=\"high\" decoding=\"async\" class=\"aligncenter wp-image-499 size-full\" src=\"https:\/\/customacrylicproduct.com\/wp-content\/uploads\/2025\/07\/Custom-Acrylic-Trays-2.jpg\" alt=\"Plateaux en acrylique personnalis\u00e9s\" width=\"800\" height=\"800\" srcset=\"https:\/\/customacrylicproduct.com\/wp-content\/uploads\/2025\/07\/Custom-Acrylic-Trays-2.jpg 800w, https:\/\/customacrylicproduct.com\/wp-content\/uploads\/2025\/07\/Custom-Acrylic-Trays-2-300x300.jpg 300w, https:\/\/customacrylicproduct.com\/wp-content\/uploads\/2025\/07\/Custom-Acrylic-Trays-2-150x150.jpg 150w, https:\/\/customacrylicproduct.com\/wp-content\/uploads\/2025\/07\/Custom-Acrylic-Trays-2-768x768.jpg 768w, https:\/\/customacrylicproduct.com\/wp-content\/uploads\/2025\/07\/Custom-Acrylic-Trays-2-12x12.jpg 12w, https:\/\/customacrylicproduct.com\/wp-content\/uploads\/2025\/07\/Custom-Acrylic-Trays-2-600x600.jpg 600w, https:\/\/customacrylicproduct.com\/wp-content\/uploads\/2025\/07\/Custom-Acrylic-Trays-2-100x100.jpg 100w\" sizes=\"(max-width: 800px) 100vw, 800px\" \/><\/a><\/p>\n<h4 id=\"-craftsmanship-in-every-line-the-appeal-of-seamless-building-and-construction-\"><strong>L'artisanat \u00e0 chaque ligne : L'attrait du b\u00e2timent et de la construction sans soudure\u00a0<\/strong>.<\/h4>\n<p>Le v\u00e9ritable haut de gamme r\u00e9side dans les d\u00e9tails de la construction. Notre processus de production est caract\u00e9ris\u00e9 par la pr\u00e9cision, ce qui permet d'obtenir un produit qui est aussi beau qu'il est agr\u00e9able \u00e0 toucher.<\/p>\n<p>L'une des caract\u00e9ristiques les plus frappantes de nos plateaux et de nos \u00e9tuis est leur esth\u00e9tique \u00e9pur\u00e9e. Cela est possible gr\u00e2ce \u00e0 l'utilisation de\u00a0<strong>panneaux acryliques about\u00e9s\u00a0<\/strong>, une technique qui permet de\u00a0<strong>des vues nettes sans structure m\u00e9tallique g\u00eanante pour la vue\u00a0<\/strong>. Contrairement aux articles de qualit\u00e9 inf\u00e9rieure maintenus par des supports ou des \u00e9quipements visibles, nos articles ont l'air d'avoir \u00e9t\u00e9 fabriqu\u00e9s \u00e0 partir d'un seul et solide bloc d'acrylique. Cette disposition monolithique donne une impression de qualit\u00e9 mus\u00e9ale avanc\u00e9e qui rehausse la valeur per\u00e7ue de tous les \u00e9l\u00e9ments qui la composent. Les bords l\u00e9g\u00e8rement arrondis, comme ceux du plateau bleu, sont soigneusement thermoform\u00e9s et affin\u00e9s, ce qui garantit un aspect lisse et fluide, \u00e0 la fois \u00e9l\u00e9gant \u00e0 l'\u0153il et agr\u00e9able au toucher.<\/p>\n<h4 id=\"-beyond-the-tray-the-globe-of-customization-and-enclosed-displays-\"><strong>Au-del\u00e0 du plateau : Le globe de la personnalisation et des pr\u00e9sentoirs ferm\u00e9s\u00a0<\/strong>.<\/h4>\n<p>Bien que nos plateaux ouverts soient un \u00e9l\u00e9ment essentiel de la sophistication, nous reconnaissons que la s\u00e9curit\u00e9 r\u00e9elle exige dans certains cas un service plus d\u00e9taill\u00e9. Notre savoir-faire en tant que fabricant personnalis\u00e9 nous permet de prolonger cette approche stylistique jusqu'aux bo\u00eetes et vitrines acryliques enti\u00e8rement ferm\u00e9es.<\/p>\n<p>Un\u00a0<strong><a href=\"https:\/\/customacrylicproduct.com\/fr\/custom-clear-acrylic-fruit-trays-maker-perspex-acrylic-tray\/\">fournitures pour bo\u00eetes en acrylique<\/a> un conteneur \u00e0 6 faces\u00a0<\/strong>qui est parfait lorsque vous avez besoin de\u00a0<strong>garder vos objets bien rang\u00e9s, au sec et \u00e0 l'abri des visiteurs ind\u00e9sirables !\u00a0<\/strong>Il s'agit d'un service optimal pour prot\u00e9ger les pains fragiles de la salet\u00e9, prot\u00e9ger les bijoux de mode utiles de la manipulation ou archiver des objets essentiels.<\/p>\n<p>Pour garantir un ajustement id\u00e9al et prot\u00e9g\u00e9, nos \u00e9tuis sont\u00a0<strong>Fourni avec une base acrylique de 6 mm d'\u00e9paisseur.\u00a0<\/strong>. Ce mod\u00e8le pr\u00e9sente un petit c\u00f4t\u00e9 en escalier frais\u00e9 directement dans la base, ce qui permet au couvercle \u00e0 5 c\u00f4t\u00e9s de s'ouvrir et de se fermer.\u00a0<strong>tenir fermement pr\u00eat\u00a0<\/strong>. Il emp\u00eache le couvercle de glisser, offrant ainsi s\u00e9curit\u00e9 et s\u00fbret\u00e9 tout en pr\u00e9servant l'aspect \u00e9pur\u00e9 et sans cadre.<\/p>\n<p>Votre vision est notre plan d'action. Nous aimons les modifications et pouvons cr\u00e9er des solutions adapt\u00e9es \u00e0 vos besoins pr\u00e9cis. Nos services <a href=\"https:\/\/customacrylicproduct.com\/fr\/custom-acrylic-trays\/\">plateaux acyliques personnalis\u00e9s<\/a> et les instances peuvent \u00eatre <strong>sur mesure dans une grande s\u00e9rie de tailles et de teintes\u00a0<\/strong>. Que vous ayez besoin d'un plateau adapt\u00e9 \u00e0 une dimension d'\u00e9tag\u00e8re sp\u00e9cifique, d'un \u00e9tui dans la couleur de votre marque ou d'une forme unique pour faire une d\u00e9claration forte, notre groupe d'artisans peut lui donner vie.<\/p>\n<p><a href=\"https:\/\/customacrylicproduct.com\/fr\/custom-clear-acrylic-fruit-trays-maker-perspex-acrylic-tray\/\"><img decoding=\"async\" class=\"aligncenter wp-image-498 size-full\" src=\"https:\/\/customacrylicproduct.com\/wp-content\/uploads\/2025\/07\/Custom-Acrylic-Trays-1.jpg\" alt=\"Plateaux en acrylique personnalis\u00e9s\" width=\"800\" height=\"800\" srcset=\"https:\/\/customacrylicproduct.com\/wp-content\/uploads\/2025\/07\/Custom-Acrylic-Trays-1.jpg 800w, https:\/\/customacrylicproduct.com\/wp-content\/uploads\/2025\/07\/Custom-Acrylic-Trays-1-300x300.jpg 300w, https:\/\/customacrylicproduct.com\/wp-content\/uploads\/2025\/07\/Custom-Acrylic-Trays-1-150x150.jpg 150w, https:\/\/customacrylicproduct.com\/wp-content\/uploads\/2025\/07\/Custom-Acrylic-Trays-1-768x768.jpg 768w, https:\/\/customacrylicproduct.com\/wp-content\/uploads\/2025\/07\/Custom-Acrylic-Trays-1-12x12.jpg 12w, https:\/\/customacrylicproduct.com\/wp-content\/uploads\/2025\/07\/Custom-Acrylic-Trays-1-600x600.jpg 600w, https:\/\/customacrylicproduct.com\/wp-content\/uploads\/2025\/07\/Custom-Acrylic-Trays-1-100x100.jpg 100w\" sizes=\"(max-width: 800px) 100vw, 800px\" \/><\/a><\/p>\n<h4 id=\"-elevating-the-present-creating-measurement-and-style-\"><strong>\u00c9lever le pr\u00e9sent : Cr\u00e9er des mesures et du style\u00a0<\/strong>.<\/h4>\n<p>Un \u00e9cran de mauvaise qualit\u00e9 peut \u00eatre une occasion manqu\u00e9e. Pour vous aider \u00e0 produire des pr\u00e9sentations vraiment vibrantes et attrayantes, nous vous proposons une collection d'\u00e9crans compatibles.\u00a0<strong>Notre <a href=\"https:\/\/customacrylicproduct.com\/fr\/custom-acrylic-trays\/\">pr\u00e9sentoir en acrylique<\/a> des ponts, des marches et des blocs peuvent \u00eatre utilis\u00e9s \u00e0 l'int\u00e9rieur de la vitrine rectangulaire en acrylique afin d'ajouter un design et des mesures suppl\u00e9mentaires \u00e0 vos pr\u00e9sentations.\u00a0<\/strong>.<\/p>\n<p>Imaginez un \u00e9cran de pr\u00e9sentation de bijoux de mode o\u00f9 un pendentif est \u00e9l\u00e9gamment suspendu \u00e0 un pont, avec des bijoux assortis reposant sur de petits blocs, le tout dans un bo\u00eetier transparent et prot\u00e9g\u00e9. Ou encore, imaginez un plateau de desserts o\u00f9 des macarons sont dispos\u00e9s sur un \u00e9cran de pr\u00e9sentation \u00e0 plusieurs niveaux, cr\u00e9ant ainsi un paysage esth\u00e9tiquement magnifique de friandises. Ces dispositifs simples et clairs s'int\u00e8grent sans effort, vous permettant de vous amuser avec l'\u00e9l\u00e9vation et la profondeur afin de diriger l'\u0153il du public et d'informer un r\u00e9cit visuel beaucoup plus attrayant.<\/p>\n<h4 id=\"-a-world-of-applications-where-beauty-fulfills-function-\"><strong>Un monde d'applications : Quand la beaut\u00e9 remplit la fonction\u00a0<\/strong>.<\/h4>\n<p>La flexibilit\u00e9 et l'esth\u00e9tique avanc\u00e9e de nos plateaux et bo\u00eetiers acryliques sur mesure en font une excellente option pour une vari\u00e9t\u00e9 presque illimit\u00e9e d'applications.<\/p>\n<ul>\n<li><strong>Aliments pr\u00e9sents :\u00a0<\/strong>Qu'il s'agisse de mettre en valeur des plans de fruits dynamiques et des p\u00e2tisseries d\u00e9cadentes dans un buffet d'h\u00f4tel, de pr\u00e9senter des amuse-gueule lors d'un repas chez un traiteur ou d'organiser les condiments dans un caf\u00e9 moderne, nos plateaux alimentaires sont \u00e0 la fois hygi\u00e9niques et spectaculaires.<\/li>\n<li><strong>Bijouterie et commerce de d\u00e9tail haut de gamme :\u00a0<\/strong>Cr\u00e9ez une atmosph\u00e8re d'exclusivit\u00e9. Pr\u00e9sentez les montres, les pendentifs, les bagues et les grands appareils de mani\u00e8re \u00e0 mettre en valeur leur fabrication sans d\u00e9tourner l'attention. L'option de l'\u00e9tui \u00e0 couvercle offre un niveau de s\u00e9curit\u00e9 n\u00e9cessaire.<\/li>\n<li><strong>Pr\u00e9sentoirs en vitrine et publicit\u00e9s en magasin :\u00a0<\/strong>Captez l'int\u00e9r\u00eat des passants avec une vitrophanie propre, brillante et moderne. Nos plateaux et situations sont excellents pour mettre en valeur les lancements de nouveaux articles, les promotions saisonni\u00e8res et les articles vedettes.<\/li>\n<li><strong>Mus\u00e9es et galeries :\u00a0<\/strong>Pr\u00e9sentez les artefacts, les mod\u00e8les et les antiquit\u00e9s avec la qualit\u00e9 et la protection auxquelles ils ont droit. La protection contre les UV et les vues d\u00e9gag\u00e9es sont n\u00e9cessaires pour les archives et les \u00e9v\u00e9nements.<\/li>\n<li><strong>Maison et lieu de travail :\u00a0<\/strong>Installez sur votre coiffeuse un plateau \u00e9l\u00e9gant pour les parfums et les cosm\u00e9tiques, cr\u00e9ez un plateau de service sophistiqu\u00e9 pour recevoir des visiteurs, ou utilisez un plateau personnalis\u00e9 comme coordinateur de bureau avanc\u00e9 ou comme \u201cfourre-tout\u201d dans votre entr\u00e9e.<\/li>\n<\/ul>\n<p><a href=\"https:\/\/customacrylicproduct.com\/fr\/custom-acrylic-trays\/\"><img decoding=\"async\" class=\"aligncenter wp-image-500 size-full\" src=\"https:\/\/customacrylicproduct.com\/wp-content\/uploads\/2025\/07\/Custom-Acrylic-Trays-3.jpg\" alt=\"Plateaux en acrylique personnalis\u00e9s\" width=\"800\" height=\"800\" srcset=\"https:\/\/customacrylicproduct.com\/wp-content\/uploads\/2025\/07\/Custom-Acrylic-Trays-3.jpg 800w, https:\/\/customacrylicproduct.com\/wp-content\/uploads\/2025\/07\/Custom-Acrylic-Trays-3-300x300.jpg 300w, https:\/\/customacrylicproduct.com\/wp-content\/uploads\/2025\/07\/Custom-Acrylic-Trays-3-150x150.jpg 150w, https:\/\/customacrylicproduct.com\/wp-content\/uploads\/2025\/07\/Custom-Acrylic-Trays-3-768x768.jpg 768w, https:\/\/customacrylicproduct.com\/wp-content\/uploads\/2025\/07\/Custom-Acrylic-Trays-3-12x12.jpg 12w, https:\/\/customacrylicproduct.com\/wp-content\/uploads\/2025\/07\/Custom-Acrylic-Trays-3-600x600.jpg 600w, https:\/\/customacrylicproduct.com\/wp-content\/uploads\/2025\/07\/Custom-Acrylic-Trays-3-100x100.jpg 100w\" sizes=\"(max-width: 800px) 100vw, 800px\" \/><\/a><\/p>\n<p><strong>S'associer \u00e0 un fabricant qui comprend la qualit\u00e9.\u00a0<\/strong>.<\/p>\n<p>Lorsque vous nous choisissez, vous n'obtenez pas seulement un article, vous collaborez avec un fabricant d\u00e9vou\u00e9 \u00e0 la qualit\u00e9. Nous incorporons des technologies modernes de pointe \u00e0 un savoir-faire classique pour fournir des services qui sont aussi durables qu'attrayants. Contactez-nous d\u00e8s aujourd'hui pour discuter de votre t\u00e2che, et laissez-nous vous aider \u00e0 cr\u00e9er le meilleur \u00e9cran d'affichage acrylique pour renforcer votre nom de marque et pr\u00e9senter vos produits sous leur meilleur jour.<\/p>","protected":false},"excerpt":{"rendered":"<p>L'art de la discussion : Plateaux et solutions de pr\u00e9sentation en polym\u00e8re Perspex \u00ae sur mesure . Dans le monde de la vente au d\u00e9tail haut de gamme, de la convivialit\u00e9 de luxe et des espaces personnels am\u00e9nag\u00e9s, la discussion n'est pas qu'un d\u00e9tail - c'est l'exp\u00e9rience dans son ensemble. La fa\u00e7on dont un objet est tenu, pr\u00e9sent\u00e9 et fourni d\u00e9termine sa valeur bien avant qu'un co\u00fbt ne soit...<\/p>","protected":false},"featured_media":501,"template":"","meta":{"_kad_post_transparent":"default","_kad_post_title":"","_kad_post_layout":"default","_kad_post_sidebar_id":"","_kad_post_content_style":"default","_kad_post_vertical_padding":"default","_kad_post_feature":"","_kad_post_feature_position":"","_kad_post_header":false,"_kad_post_footer":false,"_kad_post_classname":""},"product_brand":[],"product_cat":[22],"product_tag":[56,57],"class_list":{"0":"post-497","1":"product","2":"type-product","3":"status-publish","4":"has-post-thumbnail","6":"product_cat-custom-acrylic-trays","7":"product_tag-custom-acrylic-trays","8":"product_tag-perspex-acrylic-tray","10":"first","11":"instock","12":"shipping-taxable","13":"product-type-simple","14":"entry","15":"content-bg","16":"loop-entry"},"_links":{"self":[{"href":"https:\/\/customacrylicproduct.com\/fr\/wp-json\/wp\/v2\/product\/497","targetHints":{"allow":["GET"]}}],"collection":[{"href":"https:\/\/customacrylicproduct.com\/fr\/wp-json\/wp\/v2\/product"}],"about":[{"href":"https:\/\/customacrylicproduct.com\/fr\/wp-json\/wp\/v2\/types\/product"}],"wp:featuredmedia":[{"embeddable":true,"href":"https:\/\/customacrylicproduct.com\/fr\/wp-json\/wp\/v2\/media\/501"}],"wp:attachment":[{"href":"https:\/\/customacrylicproduct.com\/fr\/wp-json\/wp\/v2\/media?parent=497"}],"wp:term":[{"taxonomy":"product_brand","embeddable":true,"href":"https:\/\/customacrylicproduct.com\/fr\/wp-json\/wp\/v2\/product_brand?post=497"},{"taxonomy":"product_cat","embeddable":true,"href":"https:\/\/customacrylicproduct.com\/fr\/wp-json\/wp\/v2\/product_cat?post=497"},{"taxonomy":"product_tag","embeddable":true,"href":"https:\/\/customacrylicproduct.com\/fr\/wp-json\/wp\/v2\/product_tag?post=497"}],"curies":[{"name":"wp","href":"https:\/\/api.w.org\/{rel}","templated":true}]}}