{"id":693,"date":"2025-07-06T04:56:29","date_gmt":"2025-07-06T04:56:29","guid":{"rendered":"https:\/\/customacrylicproduct.com\/?post_type=product&#038;p=693"},"modified":"2025-07-06T05:02:23","modified_gmt":"2025-07-06T05:02:23","slug":"acrylic-vases-customization-for-florist-use-bulk-wholesale","status":"publish","type":"product","link":"https:\/\/customacrylicproduct.com\/fr\/acrylic-vases-customization-for-florist-use-bulk-wholesale\/","title":{"rendered":"Vases en acrylique Personnalisation pour fleuristes Vrac en gros"},"content":{"rendered":"<h3 id=\"-custom-acrylic-vases-for-florists-designers-your-vision-crafted-for-wholesale-\"><strong>Vases en acrylique personnalis\u00e9s pour les fleuristes et les designers : Votre vision, fabriqu\u00e9e pour la vente en gros\u00a0<\/strong>.<\/h3>\n<p>Dans le monde de la fleuristerie, de l'organisation d'\u00e9v\u00e9nements et de la d\u00e9coration d'int\u00e9rieur, le contenant est aussi essentiel que la fleur. C'est le partenaire silencieux de chaque projet, le cadre qui \u00e9l\u00e8ve l'art. Pendant trop longtemps, le choix a \u00e9t\u00e9 limit\u00e9 : verre vuln\u00e9rable et lourd ou plastique g\u00e9n\u00e9rique sans imagination. Nous sommes l\u00e0 pour changer cela.<\/p>\n<p>Bienvenue dans l'avenir de la pr\u00e9sentation des fleurs. Nous proposons une gamme innovante de\u00a0<a href=\"https:\/\/customacrylicproduct.com\/fr\/acrylic-vases-customization-for-florist-use-bulk-wholesale\/\"><strong>porte-fleurs acryliques personnalis\u00e9s\u00a0<\/strong><\/a>, propos\u00e9 pour\u00a0<strong>commerce de gros de masse\u00a0<\/strong>, Les bo\u00eetes \u00e0 outils sont des outils de travail, con\u00e7us sp\u00e9cialement pour les experts imaginatifs. Il ne s'agit pas de simples contenants, mais de toiles pour votre imagination cr\u00e9ative, d'outils pour le d\u00e9veloppement de votre marque et de solutions durables et \u00e9l\u00e9gantes qui allient une virtuosit\u00e9 impressionnante \u00e0 une utilit\u00e9 in\u00e9gal\u00e9e.<\/p>\n<h4 id=\"-section-1-the-product-that-redefines-sophistication-and-functionality-\"><strong>Section 1 : Le produit qui red\u00e9finit la sophistication et la fonctionnalit\u00e9\u00a0<\/strong>.<\/h4>\n<p>Au c\u0153ur de notre collection se trouve l'acrylique, un mat\u00e9riau choisi pour ses qualit\u00e9s remarquables qui lib\u00e8rent le fleuriste et le designer modernes des contraintes des produits conventionnels.<\/p>\n<ul>\n<li><strong>R\u00e9sistant aux chocs Long\u00e9vit\u00e9 :\u00a0<\/strong>Dites adieu \u00e0 l'angoisse de la casse lors du transport, de l'installation et des \u00e9v\u00e9nements tr\u00e8s fr\u00e9quent\u00e9s. Nos vases en acrylique pr\u00e9sentent la clart\u00e9 immacul\u00e9e du verre sans sa fragilit\u00e9. Cette solidit\u00e9 inh\u00e9rente en fait un investissement financier abordable et durable pour toute entreprise florale, toute soci\u00e9t\u00e9 d'organisation d'\u00e9v\u00e9nements ou tout espace de vente au d\u00e9tail. Ils sont l\u00e9gers, faciles \u00e0 manipuler et nettement plus s\u00fbrs pour votre \u00e9quipe et vos clients.<\/li>\n<li><strong>Une qualit\u00e9 irr\u00e9prochable et un toucher textur\u00e9 :\u00a0<\/strong>Fabriqu\u00e9s en acrylique de pointe, nos vases sont dot\u00e9s d'un rev\u00eatement cristallin qui ne jaunit pas et qui permet aux vraies couleurs de vos fleurs de briller. Au-del\u00e0 de la clart\u00e9, nombre de nos cr\u00e9ations pr\u00e9sentent un aspect subtil et sophistiqu\u00e9, notamment une dimension tactile qui invite au toucher et \u00e0 une inspection plus approfondie.<\/li>\n<li><strong>Entretien facile :\u00a0<\/strong>La simplicit\u00e9 est un haut de gamme. Nos porte-fleurs en acrylique sont incroyablement\u00a0<strong>facile \u00e0 ranger\u00a0<\/strong>. Un simple rin\u00e7age \u00e0 l'eau et au savon suffit pour les maintenir impeccables, ce qui vous permet d'\u00e9conomiser du temps et de la main-d'\u0153uvre. La surface non poreuse r\u00e9siste aux taches et aux odeurs, ce qui garantit qu'ils sont toujours pr\u00eats pour le plan suivant.<\/li>\n<li><strong>Polyvalent par nature :\u00a0<\/strong>Le charme de ces porte-fleurs r\u00e9side dans leur flexibilit\u00e9. Ils sont id\u00e9aux pour contenir de l'eau pour\u00a0<strong>fleurs fra\u00eeches\u00a0<\/strong>, mais leur utilit\u00e9 se prolonge bien au-del\u00e0. Utilisez-les pour produire des \u00e9crans saisissants avec\u00a0<strong>fleurs fabriqu\u00e9es\u00a0<\/strong>, Des branches s\u00e9ch\u00e9es ou un peu d'herbe de la pampa. Remplissez-les de\u00a0<strong>des pierres pr\u00e9cieuses, des pierres de rivi\u00e8re brillantes ou du sable\u00a0<\/strong>pour fixer un motif. Ils sont en outre parfaitement adapt\u00e9s pour servir de diffuseurs \u00e9l\u00e9gants pour\u00a0<strong>b\u00e2tonnets d'aromath\u00e9rapie en rotin\u00a0<\/strong>, Ils sont donc multifonctionnels et s'adaptent \u00e0 tous les contextes.<\/li>\n<\/ul>\n<p><a href=\"https:\/\/customacrylicproduct.com\/fr\/acrylic-vases-customization-for-florist-use-bulk-wholesale\/\"><img fetchpriority=\"high\" decoding=\"async\" class=\"aligncenter wp-image-696 size-full\" src=\"https:\/\/customacrylicproduct.com\/wp-content\/uploads\/2025\/07\/Acrylic-Vases-4.jpg\" alt=\"Vases en acrylique\" width=\"800\" height=\"800\" srcset=\"https:\/\/customacrylicproduct.com\/wp-content\/uploads\/2025\/07\/Acrylic-Vases-4.jpg 800w, https:\/\/customacrylicproduct.com\/wp-content\/uploads\/2025\/07\/Acrylic-Vases-4-300x300.jpg 300w, https:\/\/customacrylicproduct.com\/wp-content\/uploads\/2025\/07\/Acrylic-Vases-4-150x150.jpg 150w, https:\/\/customacrylicproduct.com\/wp-content\/uploads\/2025\/07\/Acrylic-Vases-4-768x768.jpg 768w, https:\/\/customacrylicproduct.com\/wp-content\/uploads\/2025\/07\/Acrylic-Vases-4-12x12.jpg 12w, https:\/\/customacrylicproduct.com\/wp-content\/uploads\/2025\/07\/Acrylic-Vases-4-600x600.jpg 600w, https:\/\/customacrylicproduct.com\/wp-content\/uploads\/2025\/07\/Acrylic-Vases-4-100x100.jpg 100w\" sizes=\"(max-width: 800px) 100vw, 800px\" \/><\/a><\/p>\n<h4 id=\"-section-2-inspiring-design-for-the-modern-aesthetic-\"><strong>Section 2 : Une conception inspir\u00e9e de l'esth\u00e9tique moderne\u00a0<\/strong>.<\/h4>\n<p>Notre collection commune est n\u00e9e d'un amour pour les\u00a0<strong>design nordique de base\u00a0<\/strong>et un int\u00e9r\u00eat pour l'expression imaginative. Chaque porte-fleurs est un objet d'exception, cr\u00e9\u00e9 pour mettre en valeur vos cr\u00e9ations florales, et non pour les remplacer.<\/p>\n<ul>\n<li><strong>Formes g\u00e9om\u00e9triques cr\u00e9atives :\u00a0<\/strong>D\u00e9passez le tube cyndrique. Nos styles explorent un monde de\u00a0<strong>types g\u00e9om\u00e9triques innovants\u00a0<\/strong>- arcs, vagues, formes rectangulaires \u00e0 facettes et formes asym\u00e9triques. Ces formes cr\u00e9ent un int\u00e9r\u00eat esth\u00e9tique et des lignes vibrantes, transformant un simple bouquet en un chef-d'\u0153uvre sculptural. Ce caract\u00e8re inh\u00e9rent\u00a0<strong>sens de l'imagination\u00a0<\/strong>fait de chaque porte-fleurs un objet attrayant en soi.<\/li>\n<li><strong>Une combinaison de colorants alimentaires sucr\u00e9s :\u00a0<\/strong>Si le cristal clair est un classique ind\u00e9modable, notre gamme de produits de la gamme \"cristal clair\" a \u00e9t\u00e9 con\u00e7ue pour r\u00e9pondre aux besoins de tous.\u00a0<strong>des teintes magnifiques et \u00e9l\u00e9gantes\u00a0<\/strong>ajoute une couche de chaleur et d'individualit\u00e9. Prenez des roses doux, des sauges paisibles et des gris fum\u00e9s avanc\u00e9s. Ces tons ont \u00e9t\u00e9 soigneusement choisis pour s'harmoniser avec les modes d'int\u00e9rieur modernes et une vaste gamme d'arrangements floraux.<\/li>\n<li><strong>L'accent d\u00e9coratif parfait :\u00a0<\/strong>Qu'ils soient isol\u00e9s ou remplis de fleurs, nos porte-fleurs rehaussent n'importe quel espace. Ils deviennent le parfait\u00a0<strong>porte-fleurs ornemental sur le rebord de la fen\u00eatre\u00a0<\/strong>, La lumi\u00e8re de l'apr\u00e8s-midi s'y refl\u00e8te. Ils ajoutent une touche d'\u00e9l\u00e9gance contemporaine \u00e0 une\u00a0<strong>un verre de vin une armoire ou une table \u00e0 manger un point focal\u00a0<\/strong>. Positionn\u00e9 sur un\u00a0<strong>sur une terrasse, une chemin\u00e9e ou dans un magasin de fleurs expert en cadeaux.\u00a0<\/strong>, Les produits de fleuristerie, qui ont une touche de romantisme et un style soign\u00e9, prouvent que les produits de fleuristerie utiles peuvent aussi \u00eatre des produits haut de gamme.<\/li>\n<\/ul>\n<h4 id=\"-section-3-the-ultimate-in-personalization-your-vision-our-knowledge-\"><strong>Section 3 : Le nec plus ultra de la personnalisation - Votre vision, notre savoir\u00a0<\/strong>.<\/h4>\n<p>C'est ici que nous vous encourageons \u00e0 devenir le concepteur. Notre programme de vente en gros est d\u00e9velopp\u00e9 autour d'un engagement profond \u00e0 la modification, vous permettant de cr\u00e9er un produit qui est unique et parfaitement align\u00e9 avec le nom de votre marque ou de votre \u00e9v\u00e9nement.<\/p>\n<ul>\n<li><strong>1. Capacit\u00e9s sur mesure et dimensionnement flexible :\u00a0<\/strong>. Il n'y a pas deux projets qui co\u00efncident, et vos porte-fleurs ne devraient pas l'\u00eatre non plus. Nous contr\u00f4lons enti\u00e8rement les dimensions.\u00a0<strong>Personnaliser les sp\u00e9cifications telles que la hauteur (de 10 cm \u00e0 50 cm), le diam\u00e8tre et l'\u00e9paisseur des parois.\u00a0<\/strong>pour r\u00e9pondre \u00e0 vos besoins sp\u00e9cifiques. Imaginez une s\u00e9rie de vases hauts et minces pour des tiges solitaires sophistiqu\u00e9es lors d'un gala, ou des vases r\u00e9duits et larges pour des centres de table somptueux lors d'une f\u00eate de mariage. Nous pouvons produire selon vos sp\u00e9cifications exactes.<\/li>\n<li><strong>2. Couleur exclusive et uniformit\u00e9 de la marque :\u00a0<\/strong>. La nuance est le c\u0153ur d'une marque et le c\u0153ur d'un th\u00e8me. Avec notre personnalisation, la nuance est sans limite.\u00a0<strong>Assistance pour la mise en correspondance des num\u00e9ros de couleur Pantone\u00a0<\/strong>garantit que vos porte-fleurs s'harmonisent parfaitement avec l'image de marque de votre entreprise, le programme de votre mariage ou votre syst\u00e8me de d\u00e9coration int\u00e9rieure. Allez encore plus loin avec notre\u00a0<strong>rem\u00e8des \u00e0 l'\u00e9pissure bicolore\u00a0<\/strong>, Il est possible de combiner librement les couleurs pour cr\u00e9er des r\u00e9sultats bi-chromatiques spectaculaires, difficiles \u00e0 trouver dans le commerce.<\/li>\n<li><strong>3. Forme ing\u00e9nieuse et identification de la marque :\u00a0<\/strong>. Marquez les esprits avec un formulaire qui raconte votre histoire. Nous pouvons vous aider\u00a0<strong>d\u00e9velopper des styles de conteneurs personnalis\u00e9s\u00a0<\/strong>. Vases d'images avec des couleurs douces\u00a0<strong>motifs ondul\u00e9s\u00a0<\/strong>qui stimulent un sentiment de calme ou d'acuit\u00e9,\u00a0<strong>r\u00e9duction \u00e0 facettes\u00a0<\/strong>qui joue avec la lumi\u00e8re comme une pierre pr\u00e9cieuse taill\u00e9e. Le plus incroyable, c'est que nous pouvons d\u00e9velopper des moisissures et des mildious pour la sant\u00e9.\u00a0<strong>les conceptions de logos en relief\u00a0<\/strong>, Le vase est un cadeau d'entreprise personnalis\u00e9 qui incorpore de fa\u00e7on permanente et \u00e9l\u00e9gante l'identification de votre marque directement dans le vase lui-m\u00eame. C'est le summum du cadeau d'entreprise personnalis\u00e9 et de la d\u00e9coration de qualit\u00e9.<\/li>\n<li><strong>4. Fonctionnalit\u00e9 \u00e9largie et valeur ajout\u00e9e :\u00a0<\/strong>. Notre processus de mise en page tient compte \u00e0 la fois de la forme et des caract\u00e9ristiques. Nous pouvons\u00a0<strong>ajouter des conceptions \u00e0 valeur ajout\u00e9e\u00a0<\/strong>pour am\u00e9liorer l'exp\u00e9rience des clients et cr\u00e9er un effet de surprise. Il s'agit notamment de :.<\/li>\n<li><strong>Bases \u00e9tanches :\u00a0<\/strong>Con\u00e7u pour une satisfaction totale.<\/li>\n<li><strong>Bandes lumineuses LED int\u00e9gr\u00e9es :\u00a0<\/strong>Transformez vos arrangements en installations lumineuses, id\u00e9ales pour les occasions nocturnes ou pour cr\u00e9er un \u00e9clairage d'ambiance.<\/li>\n<li><strong>Cadres suspendus :\u00a0<\/strong>Les porte-fleurs de style destin\u00e9s \u00e0 \u00eatre suspendus permettent de cr\u00e9er des compositions florales flottantes qui sont impressionnantes et uniques en leur genre.<\/li>\n<\/ul>\n<p><a href=\"https:\/\/customacrylicproduct.com\/fr\/custom-acrylic-crafts\/\"><img decoding=\"async\" class=\"aligncenter wp-image-694 size-full\" src=\"https:\/\/customacrylicproduct.com\/wp-content\/uploads\/2025\/07\/Acrylic-Vases-2.jpg\" alt=\"Vases \u00e0 fleurs en acrylique\" width=\"800\" height=\"800\" srcset=\"https:\/\/customacrylicproduct.com\/wp-content\/uploads\/2025\/07\/Acrylic-Vases-2.jpg 800w, https:\/\/customacrylicproduct.com\/wp-content\/uploads\/2025\/07\/Acrylic-Vases-2-300x300.jpg 300w, https:\/\/customacrylicproduct.com\/wp-content\/uploads\/2025\/07\/Acrylic-Vases-2-150x150.jpg 150w, https:\/\/customacrylicproduct.com\/wp-content\/uploads\/2025\/07\/Acrylic-Vases-2-768x768.jpg 768w, https:\/\/customacrylicproduct.com\/wp-content\/uploads\/2025\/07\/Acrylic-Vases-2-12x12.jpg 12w, https:\/\/customacrylicproduct.com\/wp-content\/uploads\/2025\/07\/Acrylic-Vases-2-600x600.jpg 600w, https:\/\/customacrylicproduct.com\/wp-content\/uploads\/2025\/07\/Acrylic-Vases-2-100x100.jpg 100w\" sizes=\"(max-width: 800px) 100vw, 800px\" \/><\/a><\/p>\n<h4 id=\"-area-4-scenario-based-application-bringing-your-ideas-to-life-\"><strong>Domaine 4 : Application bas\u00e9e sur des sc\u00e9narios - Donner vie \u00e0 vos id\u00e9es\u00a0<\/strong>.<\/h4>\n<p>Notre <a href=\"https:\/\/customacrylicproduct.com\/fr\/custom-acrylic-crafts\/\">vases acryliques personnalis\u00e9s<\/a> ne sont pas seulement des articles, ce sont des options. Voici comment ils apportent une valeur exceptionnelle dans diff\u00e9rentes situations :.<\/p>\n<ul>\n<li><strong>Produire des ambiances extraordinaires :\u00a0<\/strong>.<\/li>\n<li><strong>L'espace de vie nordique :\u00a0<\/strong>Imaginez la maison d'un client am\u00e9lior\u00e9e par l'un de vos plans. A\u00a0<strong>Porte-fleurs acrylique rose et transparent entrelac\u00e9\u00a0<\/strong>La pr\u00e9sence de tulipes fra\u00eeches rehausse instantan\u00e9ment la pi\u00e8ce, renfor\u00e7ant l'impression de chaleur et de raffinement moderne.<\/li>\n<li><strong>L'exposition ou la galerie d'art :\u00a0<\/strong>D\u00e9passer les stands traditionnels. Une\u00a0<strong>ensemble de porte-fleurs transparents \u00e0 facettes\u00a0<\/strong>de diff\u00e9rentes hauteurs peuvent \u00eatre utilis\u00e9s pour cr\u00e9er une installation immersive de lumi\u00e8re et d'obscurit\u00e9, se connectant \u00e0 l'\u00e9clairage de la galerie pour devenir une partie de l'art lui-m\u00eame.<\/li>\n<li><strong>Travailler en tant que fournisseur de services visuels de marque puissants :\u00a0<\/strong>.<\/li>\n<li><strong>Cadeaux d'entreprise et lieux de travail :\u00a0<\/strong>Paiement d'une s\u00e9rie de porte-fleurs avec votre\u00a0<strong>logo de l'entreprise subtilement emboss\u00e9\u00a0<\/strong>sur le c\u00f4t\u00e9. Dot\u00e9 d'une configuration basique et \u00e9l\u00e9gante, il devient un cadeau d'organisation haut de gamme qui reste sur le bureau du client longtemps apr\u00e8s que les fleurs se soient d\u00e9color\u00e9es, fonctionnant comme un indicateur coh\u00e9rent de la marque.<\/li>\n<li><strong>Commerce de d\u00e9tail et h\u00f4tellerie :\u00a0<\/strong>Utilisation\u00a0<strong>des porte-fleurs fluorescents ou color\u00e9s\u00a0<\/strong>dans vos magasins de d\u00e9tail ou vos halls d'h\u00f4tel pour pr\u00e9senter des produits ou des fleurs fra\u00eeches. Cela permet de d\u00e9velopper une identification visuelle coh\u00e9rente et puissante qui renforce la reconnaissance de la marque et cr\u00e9e une exp\u00e9rience inoubliable pour le client.<\/li>\n<li><strong>Impr\u00e9gner les produits d'un style \u00e9motionnel :\u00a0<\/strong>.<\/li>\n<li><strong>Mariages et anniversaires :\u00a0<\/strong>Un fleuriste peut offrir un service de qualit\u00e9 sup\u00e9rieure en commandant des porte-fleurs aux couleurs uniques de l'\u00e9v\u00e9nement de mariage du couple. Pour un anniversaire de mariage,\u00a0<strong>Confectionner un porte-fleurs avec une couleur unique et assortie\u00a0<\/strong>de leur journ\u00e9e sp\u00e9ciale, en donnant au produit une valeur \u00e9motionnelle profonde et en transformant un cadeau attrayant en un souvenir pr\u00e9cieux.<\/li>\n<\/ul>\n<p><a href=\"https:\/\/customacrylicproduct.com\/fr\/acrylic-vases-customization-for-florist-use-bulk-wholesale\/\"><img decoding=\"async\" class=\"wp-image-695 size-full aligncenter\" src=\"https:\/\/customacrylicproduct.com\/wp-content\/uploads\/2025\/07\/Acrylic-Vases-3.jpg\" alt=\"Vases en acrylique\" width=\"800\" height=\"800\" srcset=\"https:\/\/customacrylicproduct.com\/wp-content\/uploads\/2025\/07\/Acrylic-Vases-3.jpg 800w, https:\/\/customacrylicproduct.com\/wp-content\/uploads\/2025\/07\/Acrylic-Vases-3-300x300.jpg 300w, https:\/\/customacrylicproduct.com\/wp-content\/uploads\/2025\/07\/Acrylic-Vases-3-150x150.jpg 150w, https:\/\/customacrylicproduct.com\/wp-content\/uploads\/2025\/07\/Acrylic-Vases-3-768x768.jpg 768w, https:\/\/customacrylicproduct.com\/wp-content\/uploads\/2025\/07\/Acrylic-Vases-3-12x12.jpg 12w, https:\/\/customacrylicproduct.com\/wp-content\/uploads\/2025\/07\/Acrylic-Vases-3-600x600.jpg 600w, https:\/\/customacrylicproduct.com\/wp-content\/uploads\/2025\/07\/Acrylic-Vases-3-100x100.jpg 100w\" sizes=\"(max-width: 800px) 100vw, 800px\" \/><\/a><\/p>\n<h4 id=\"-area-5-the-perfect-gift-the-smartest-collaboration-\"><strong>Domaine 5 : Le cadeau parfait et la collaboration la plus intelligente\u00a0<\/strong>.<\/h4>\n<p>En tant qu'\u00e9l\u00e9ment autonome, cette\u00a0<strong>un petit vase adorable et sp\u00e9cial qui rend la mise en place des fleurs simple et amusante\u00a0<\/strong>, Il s'agit d'un cadeau id\u00e9al pour tout type de c\u00e9l\u00e9bration :\u00a0<strong>Anniversaire, pendaison de cr\u00e9maill\u00e8re, mariage, f\u00eate des m\u00e8res, No\u00ebl ou Thanksgiving.\u00a0<\/strong>.<\/p>\n<p>Pour nos partenaires grossistes, nous offrons plus qu'un simple article. Nous offrons une collaboration. En nous choisissant comme fournisseur, vous acc\u00e9dez \u00e0 des prix directs d'usine, \u00e0 un contr\u00f4le de qualit\u00e9 rigoureux et \u00e0 une \u00e9quipe d\u00e9vou\u00e9e \u00e0 la r\u00e9alisation de vos projets cr\u00e9atifs les plus ambitieux.<\/p>\n<p>Arr\u00eatez de choisir la moyenne. Augmentez votre virtuosit\u00e9, mettez en valeur votre marque et faites vibrer vos clients avec des porte-fleurs acryliques personnalis\u00e9s qui sont aussi uniques, durables et beaux que vos cr\u00e9ations.<\/p>\n<p><strong>Contactez-nous d\u00e8s aujourd'hui pour discuter de votre projet, demander un devis et commencer \u00e0 cr\u00e9er votre ligne de produits unique. <a href=\"https:\/\/customacrylicproduct.com\/fr\/acrylic-vases-customization-for-florist-use-bulk-wholesale\/\">vases en acrylique.\u00a0<\/a><\/strong>.<\/p>","protected":false},"excerpt":{"rendered":"<p>Rehaussez vos cr\u00e9ations florales avec nos vases acryliques personnalis\u00e9s. Un choix moderne, durable et incassable pour les fleuristes professionnels. Nous proposons des prix de gros et la personnalisation de logos pour que vos compositions se distinguent. Parfait pour les \u00e9v\u00e9nements et la vente au d\u00e9tail.<\/p>","protected":false},"featured_media":697,"template":"","meta":{"_kad_post_transparent":"default","_kad_post_title":"","_kad_post_layout":"default","_kad_post_sidebar_id":"","_kad_post_content_style":"default","_kad_post_vertical_padding":"default","_kad_post_feature":"","_kad_post_feature_position":"","_kad_post_header":false,"_kad_post_footer":false,"_kad_post_classname":""},"product_brand":[],"product_cat":[20],"product_tag":[66,64,65],"class_list":{"0":"post-693","1":"product","2":"type-product","3":"status-publish","4":"has-post-thumbnail","6":"product_cat-custom-acrylic-crafts","7":"product_tag-acrylic-flower-vase","8":"product_tag-acrylic-vases","9":"product_tag-custom-acrylic-crafts","11":"first","12":"instock","13":"shipping-taxable","14":"product-type-simple","15":"entry","16":"content-bg","17":"loop-entry"},"_links":{"self":[{"href":"https:\/\/customacrylicproduct.com\/fr\/wp-json\/wp\/v2\/product\/693","targetHints":{"allow":["GET"]}}],"collection":[{"href":"https:\/\/customacrylicproduct.com\/fr\/wp-json\/wp\/v2\/product"}],"about":[{"href":"https:\/\/customacrylicproduct.com\/fr\/wp-json\/wp\/v2\/types\/product"}],"wp:featuredmedia":[{"embeddable":true,"href":"https:\/\/customacrylicproduct.com\/fr\/wp-json\/wp\/v2\/media\/697"}],"wp:attachment":[{"href":"https:\/\/customacrylicproduct.com\/fr\/wp-json\/wp\/v2\/media?parent=693"}],"wp:term":[{"taxonomy":"product_brand","embeddable":true,"href":"https:\/\/customacrylicproduct.com\/fr\/wp-json\/wp\/v2\/product_brand?post=693"},{"taxonomy":"product_cat","embeddable":true,"href":"https:\/\/customacrylicproduct.com\/fr\/wp-json\/wp\/v2\/product_cat?post=693"},{"taxonomy":"product_tag","embeddable":true,"href":"https:\/\/customacrylicproduct.com\/fr\/wp-json\/wp\/v2\/product_tag?post=693"}],"curies":[{"name":"wp","href":"https:\/\/api.w.org\/{rel}","templated":true}]}}