{"id":710,"date":"2025-07-07T09:30:09","date_gmt":"2025-07-07T09:30:09","guid":{"rendered":"https:\/\/customacrylicproduct.com\/?post_type=product&#038;p=710"},"modified":"2025-07-07T10:01:53","modified_gmt":"2025-07-07T10:01:53","slug":"custom-size-acrylic-pet-house-suppliers-acrylic-furnitures","status":"publish","type":"product","link":"https:\/\/customacrylicproduct.com\/fr\/custom-size-acrylic-pet-house-suppliers-acrylic-furnitures\/","title":{"rendered":"Maison d'animaux en acrylique sur mesure Fournisseurs Meubles en acrylique"},"content":{"rendered":"<h3 id=\"-title-the-ultimate-sanctuary-discover-our-custom-size-polymer-pet-dog-houses-bespoke-acrylic-furnishings-\"><strong>Titre : L'ultime sanctuaire : D\u00e9couvrez nos niches pour chiens en polym\u00e8re sur mesure et nos meubles en acrylique sur mesure.\u00a0<\/strong>.<\/h3>\n<p>Dans les foyers modernes, nos animaux sont des membres de la famille que nous ch\u00e9rissons. Nous cherchons \u00e0 leur offrir une commodit\u00e9, une s\u00e9curit\u00e9 et un bonheur miraculeux. Cependant, pour les personnes soucieuses du design, un probl\u00e8me commun se pose : comment incorporer des dispositifs vitaux pour les animaux de compagnie sans compromettre l'honn\u00eatet\u00e9 esth\u00e9tique de votre espace de vie ? Les lits pour chiens et les caisses pour animaux de compagnie traditionnels sont souvent encombrants, inesth\u00e9tiques, et ils nuisent aux int\u00e9rieurs soigneusement am\u00e9nag\u00e9s.<\/p>\n<p>Nous pensons que l'option d\u00e9pend d'un m\u00e9lange harmonieux de type, de fonction et d'amour. En tant que fournisseurs et concepteurs de premier plan, nous pr\u00e9sentons notre collection de\u00a0<a href=\"https:\/\/customacrylicproduct.com\/fr\/custom-size-acrylic-pet-house-suppliers-acrylic-furnitures\/\"><strong>Niches pour chiens en polym\u00e8re de dimensions personnalis\u00e9es\u00a0<\/strong>-<\/a>- la r\u00e9ponse d\u00e9finitive pour les propri\u00e9taires d'animaux critiques et les experts en am\u00e9nagement. Il ne s'agit pas de simples enclos, mais de d\u00e9clarations architecturales, d'environnements sur mesure et d'abris clairs con\u00e7us pour c\u00e9l\u00e9brer votre animal et dynamiser votre maison.<\/p>\n<p>Au-del\u00e0 du style centr\u00e9 sur l'animal de compagnie, nos connaissances englobent une grande vari\u00e9t\u00e9 de domaines.\u00a0<strong>Meubles en polym\u00e8re\u00a0<\/strong>, Nous sommes donc votre unique interlocuteur pour la cr\u00e9ation de pi\u00e8ces coh\u00e9rentes, modernes et lumineuses.<\/p>\n<p><a href=\"https:\/\/customacrylicproduct.com\/fr\/custom-size-acrylic-pet-house-suppliers-acrylic-furnitures\/\"><img fetchpriority=\"high\" decoding=\"async\" class=\"aligncenter wp-image-713 size-full\" src=\"https:\/\/customacrylicproduct.com\/wp-content\/uploads\/2025\/07\/Acrylic-Pet-House-3.jpg\" alt=\"Maison en acrylique pour animaux de compagnie\" width=\"800\" height=\"800\" srcset=\"https:\/\/customacrylicproduct.com\/wp-content\/uploads\/2025\/07\/Acrylic-Pet-House-3.jpg 800w, https:\/\/customacrylicproduct.com\/wp-content\/uploads\/2025\/07\/Acrylic-Pet-House-3-300x300.jpg 300w, https:\/\/customacrylicproduct.com\/wp-content\/uploads\/2025\/07\/Acrylic-Pet-House-3-150x150.jpg 150w, https:\/\/customacrylicproduct.com\/wp-content\/uploads\/2025\/07\/Acrylic-Pet-House-3-768x768.jpg 768w, https:\/\/customacrylicproduct.com\/wp-content\/uploads\/2025\/07\/Acrylic-Pet-House-3-12x12.jpg 12w, https:\/\/customacrylicproduct.com\/wp-content\/uploads\/2025\/07\/Acrylic-Pet-House-3-600x600.jpg 600w, https:\/\/customacrylicproduct.com\/wp-content\/uploads\/2025\/07\/Acrylic-Pet-House-3-100x100.jpg 100w\" sizes=\"(max-width: 800px) 100vw, 800px\" \/><\/a><\/p>\n<h3 id=\"-the-material-of-option-the-unmatched-benefits-of-acrylic-\"><strong>Le mat\u00e9riau de l'option : Les avantages in\u00e9gal\u00e9s de l'acrylique\u00a0<\/strong>.<\/h3>\n<p>Notre voyage commence par le choix du produit parfait. Nous utilisons exclusivement de l'acrylique de qualit\u00e9 sup\u00e9rieure pour sa combinaison sp\u00e9ciale d'attrait et de r\u00e9sistance, offrant une atmosph\u00e8re sup\u00e9rieure \u00e0 votre animal de compagnie.<\/p>\n<ul>\n<li><strong>Une grande ouverture in\u00e9gal\u00e9e :\u00a0<\/strong>Imaginez une fen\u00eatre cristalline sur le globe de votre animal de compagnie. Nos maisons en acrylique pour animaux de compagnie pr\u00e9sentent une qualit\u00e9 semblable \u00e0 celle du verre, vous offrant une vue d\u00e9gag\u00e9e \u00e0 360 degr\u00e9s de votre ami. Vous pouvez ainsi observer ses folies, ses moments de d\u00e9tente et ses activit\u00e9s quotidiennes sous tous les angles. Cette visibilit\u00e9 totale permet d'\u00e9tablir un lien plus profond avec votre animal de compagnie et de renforcer son bonheur et sa communication. Vous vous sentez plus proche de lui m\u00eame lorsqu'il est dans sa chambre personnelle.<\/li>\n<li><strong>Robustesse, solidit\u00e9 et r\u00e9silience :\u00a0<\/strong>La vie avec les animaux de compagnie est pleine de joie, mais elle peut parfois \u00eatre marqu\u00e9e par des chocs et des chutes. Notre mat\u00e9riau acrylique est con\u00e7u pour \u00eatre solide et r\u00e9sistant aux influences. Contrairement au verre cassable ou au bois facile \u00e0 m\u00e2cher, il supporte les t\u00e2ches quotidiennes des animaux de compagnie, qu'il s'agisse du saut d'un chat ou de la pouss\u00e9e vive d'un chien. Cette r\u00e9silience garantit une maison s\u00fbre, stable et durable, vous donnant la satisfaction de savoir que votre investissement constitue un sanctuaire s\u00fbr et s\u00e9curis\u00e9 pour de nombreuses ann\u00e9es \u00e0 venir.<\/li>\n<li><strong>Facilement l\u00e9ger et mobile :\u00a0<\/strong>Malgr\u00e9 sa r\u00e9sistance, le polym\u00e8re est remarquablement l\u00e9ger. Cette caract\u00e9ristique pratique vous permet de r\u00e9organiser facilement la maison de votre animal de compagnie. D\u00e9placez-la dans un endroit plus ensoleill\u00e9 pr\u00e8s de la fen\u00eatre au petit matin, changez-la de place dans le salon pour passer du temps \u00e0 la maison pendant la nuit, ou emmenez-la dans un patio prot\u00e9g\u00e9. Cette mobilit\u00e9 permet \u00e0 votre animal de compagnie de toujours participer \u00e0 l'action, sans avoir \u00e0 d\u00e9placer des meubles lourds.<\/li>\n<li><strong>Protection de l'environnement et s\u00e9curit\u00e9 :\u00a0<\/strong>La sant\u00e9 et le bien-\u00eatre de votre animal sont notre principale pr\u00e9occupation. Nous n'utilisons que des polym\u00e8res de haute qualit\u00e9, s\u00fbrs et inodores qui ne pr\u00e9sentent aucun risque pour la sant\u00e9. D\u00e9pourvues de produits chimiques nocifs ou de substances naturelles volatiles (COV), nos r\u00e9sidences pour animaux offrent la d\u00e9fense la plus intime et la plus s\u00fbre, vous permettant d'\u00eatre certain que votre animal ch\u00e9ri vit et joue dans une atmosph\u00e8re pure et saine.<\/li>\n<li><strong>Remarquablement facile \u00e0 nettoyer :\u00a0<\/strong>Une maison bien rang\u00e9e est une maison satisfaisante pour vous et votre animal. La surface lisse et non poreuse de l'acrylique fait du nettoyage un v\u00e9ritable jeu d'enfant. Les liquides renvers\u00e9s, la salet\u00e9 et les poils peuvent \u00eatre nettoy\u00e9s en quelques secondes \u00e0 l'aide d'un tissu mouill\u00e9 et d'un peu de savon. Cet entretien simple vous permet de maintenir rapidement un espace excellent et hygi\u00e9nique, ce qui favorise le bien-\u00eatre de votre animal.<\/li>\n<\/ul>\n<p><a href=\"https:\/\/customacrylicproduct.com\/fr\/custom-size-acrylic-pet-house-suppliers-acrylic-furnitures\/\"><img decoding=\"async\" class=\"aligncenter wp-image-711 size-full\" src=\"https:\/\/customacrylicproduct.com\/wp-content\/uploads\/2025\/07\/Acrylic-Pet-House-1.jpg\" alt=\"Maison en acrylique pour animaux de compagnie\" width=\"800\" height=\"800\" srcset=\"https:\/\/customacrylicproduct.com\/wp-content\/uploads\/2025\/07\/Acrylic-Pet-House-1.jpg 800w, https:\/\/customacrylicproduct.com\/wp-content\/uploads\/2025\/07\/Acrylic-Pet-House-1-300x300.jpg 300w, https:\/\/customacrylicproduct.com\/wp-content\/uploads\/2025\/07\/Acrylic-Pet-House-1-150x150.jpg 150w, https:\/\/customacrylicproduct.com\/wp-content\/uploads\/2025\/07\/Acrylic-Pet-House-1-768x768.jpg 768w, https:\/\/customacrylicproduct.com\/wp-content\/uploads\/2025\/07\/Acrylic-Pet-House-1-12x12.jpg 12w, https:\/\/customacrylicproduct.com\/wp-content\/uploads\/2025\/07\/Acrylic-Pet-House-1-600x600.jpg 600w, https:\/\/customacrylicproduct.com\/wp-content\/uploads\/2025\/07\/Acrylic-Pet-House-1-100x100.jpg 100w\" sizes=\"(max-width: 800px) 100vw, 800px\" \/><\/a><\/p>\n<h3 id=\"-the-art-of-customization-style-and-customization-without-limits-\"><strong>L'art de la personnalisation : Style et personnalisation sans limites\u00a0<\/strong>.<\/h3>\n<p>Une m\u00e9thode \u201cunique\u201d n'est tout simplement pas b\u00e9n\u00e9fique pour nos animaux distincts ou nos foyers individuels. C'est pourquoi la modification est la cl\u00e9 de vo\u00fbte de notre point de vue. Nous collaborons avec vous pour cr\u00e9er un foyer qui soit une v\u00e9ritable repr\u00e9sentation des besoins de votre animal et de votre style personnel.<\/p>\n<ul>\n<li><strong>Taille sur mesure Personnalisation :\u00a0<\/strong>Qu'il s'agisse d'un petit hamster ou d'un chinchilla fragile, d'un Maine Coon majestueux ou d'un Golden Retriever plein d'entrain, chaque animal m\u00e9rite un espace qui lui corresponde parfaitement. Nous adaptons les dimensions de la maison aux d\u00e9tails, \u00e0 la taille et au stade de vie de votre animal. Ils disposent ainsi d'un espace suffisant pour s'\u00e9tirer, se tenir debout, se retourner et se d\u00e9placer facilement sans se sentir confin\u00e9s, ce qui favorise leur confort physique et leur sant\u00e9 mentale.<\/li>\n<li><strong>Imaginative Forming Personalization :\u00a0<\/strong>Sans dommage pour la bo\u00eete ennuyeuse. La r\u00e9sidence de votre animal de compagnie peut \u00eatre une pi\u00e8ce ma\u00eetresse sculpturale. Nous pouvons concevoir et fabriquer une s\u00e9lection de formes distinctes - des carr\u00e9s et des cercles minimalistes et \u00e9l\u00e9gants aux ch\u00e2teaux fantaisistes, aux cabanes en rondins confortables ou aux merveilles g\u00e9om\u00e9triques. La maison pour animaux de compagnie passe d'un simple produit utilitaire \u00e0 un objet d'art d\u00e9coratif qui stimule la conversation et renforce la personnalit\u00e9 de votre maison.<\/li>\n<li><strong>Personnalisation des couleurs vives :\u00a0<\/strong>Si l'acrylique transparent traditionnel est d'une \u00e9l\u00e9gance \u00e9ternelle, la couleur apporte une touche suppl\u00e9mentaire d'individualit\u00e9. Choisissez parmi une multitude de combinaisons qui s'harmonisent avec la d\u00e9coration de votre maison ou la personnalit\u00e9 de votre chien. Choisissez un bleu frais ou un rose tendre pour une ambiance ludique, un beige confortable ou un marron abondant pour un ton naturel, ou un noir ou un blanc \u00e9l\u00e9gant pour une d\u00e9claration audacieuse et moderne. Le choix de la couleur id\u00e9ale permet \u00e0 la maison pour animaux de compagnie de s'int\u00e9grer parfaitement \u00e0 votre syst\u00e8me d'am\u00e9nagement.<\/li>\n<li><strong>Personnalisation des fonctions intelligentes :\u00a0<\/strong>Nous concevons exactement comment les animaux de compagnie\u00a0<em>vivre\u00a0<\/em>. En se basant sur leurs pratiques naturelles, nous pouvons int\u00e9grer une multitude d'\u00e9l\u00e9ments utiles. Pour un ami f\u00e9lin, cela peut impliquer des syst\u00e8mes \u00e0 plusieurs niveaux pour grimper et un poteau de blog en sisal int\u00e9gr\u00e9. Pour un ami canin, nous pouvons pr\u00e9voir des espaces d\u00e9di\u00e9s \u00e0 l'installation de distributeurs d'eau et de bols de nourriture automatis\u00e9s. Pour les petits animaux nuisibles comme les hamsters, nous pouvons int\u00e9grer des roues de course, des tunnels et des toboggans. Ces ajouts pratiques transforment une simple maison en un habitat am\u00e9lior\u00e9 et tout-en-un.<\/li>\n<\/ul>\n<p><a href=\"https:\/\/customacrylicproduct.com\/fr\/custom-acrylic-furnitures\/\"><img decoding=\"async\" class=\"aligncenter wp-image-714 size-full\" src=\"https:\/\/customacrylicproduct.com\/wp-content\/uploads\/2025\/07\/Acrylic-Pet-House.jpg\" alt=\"Maison en acrylique pour animaux de compagnie\" width=\"800\" height=\"800\" srcset=\"https:\/\/customacrylicproduct.com\/wp-content\/uploads\/2025\/07\/Acrylic-Pet-House.jpg 800w, https:\/\/customacrylicproduct.com\/wp-content\/uploads\/2025\/07\/Acrylic-Pet-House-300x300.jpg 300w, https:\/\/customacrylicproduct.com\/wp-content\/uploads\/2025\/07\/Acrylic-Pet-House-150x150.jpg 150w, https:\/\/customacrylicproduct.com\/wp-content\/uploads\/2025\/07\/Acrylic-Pet-House-768x768.jpg 768w, https:\/\/customacrylicproduct.com\/wp-content\/uploads\/2025\/07\/Acrylic-Pet-House-12x12.jpg 12w, https:\/\/customacrylicproduct.com\/wp-content\/uploads\/2025\/07\/Acrylic-Pet-House-600x600.jpg 600w, https:\/\/customacrylicproduct.com\/wp-content\/uploads\/2025\/07\/Acrylic-Pet-House-100x100.jpg 100w\" sizes=\"(max-width: 800px) 100vw, 800px\" \/><\/a><\/p>\n<h3 id=\"-a-home-within-a-home-thoughtful-space-layout-\"><strong>Une maison dans une maison : un am\u00e9nagement de l'espace bien pens\u00e9\u00a0<\/strong>.<\/h3>\n<p>Une maison bien con\u00e7ue ne se r\u00e9sume pas \u00e0 quatre surfaces murales ; il s'agit de cr\u00e9er des espaces pour diff\u00e9rentes activit\u00e9s. Nous appliquons ce principe \u00e0 nos r\u00e9sidences pour animaux afin d'en optimiser le confort et la fonctionnalit\u00e9.<\/p>\n<ol>\n<li><strong>L'espace d\u00e9tente :\u00a0<\/strong>Un espace paisible et relaxant pour un sommeil profond et des loisirs. Cette zone peut \u00eatre rendue tr\u00e8s isol\u00e9e, et nous recommandons d'y ajouter des rev\u00eatements de sol souples ou des rev\u00eatements pour cr\u00e9er un espace s\u00e9duisant semblable \u00e0 une tani\u00e8re.<\/li>\n<li><strong>Le lieu de la t\u00e2che :\u00a0<\/strong>Une zone ouverte et spacieuse pour le jeu et le mouvement. Pour les animaux de compagnie \u00e9nergiques, nous pouvons \u00e9quiper cet endroit de jeux et de barri\u00e8res afin de les maintenir impliqu\u00e9s, encourag\u00e9s, sains et \u00e9quilibr\u00e9s.<\/li>\n<li><strong>L'espace di\u00e9t\u00e9tique :\u00a0<\/strong>Un espace r\u00e9serv\u00e9 aux bols de nourriture et d'eau, pour que les repas soient bien rang\u00e9s et s\u00e9par\u00e9s des autres lieux de vie de l'animal. Cela contribue \u00e0 l'acquisition de bonnes habitudes de consommation et au maintien de la sant\u00e9 g\u00e9n\u00e9rale.<\/li>\n<li><strong>La Commode Emplacement :\u00a0<\/strong>Pour les animaux de compagnie qui en ont besoin, il est possible d'int\u00e9grer un certain emplacement pour la toilette, con\u00e7u pour accueillir des coussinets, une bo\u00eete de conserve ou une chaise perc\u00e9e pour animaux. Cela facilite l'apprentissage de la vie \u00e0 la maison et permet de garder l'espace de vie principal bien rang\u00e9.<\/li>\n<\/ol>\n<h3 id=\"-quality-in-the-details-where-security-and-craftsmanship-meet-\"><strong>La qualit\u00e9 dans les d\u00e9tails : La rencontre de la s\u00e9curit\u00e9 et de l'artisanat\u00a0<\/strong>.<\/h3>\n<p>Le v\u00e9ritable luxe et la qualit\u00e9 sup\u00e9rieure se trouvent dans les d\u00e9tails. Nous am\u00e9liorons avec diligence chaque facette de nos mod\u00e8les afin de garantir une s\u00e9curit\u00e9, des avantages et un attrait optimaux.<\/p>\n<ul>\n<li><strong>Flux d'air intelligent :\u00a0<\/strong>Un flux d'air appropri\u00e9 est vital. Nous positionnons les bouches d'a\u00e9ration de mani\u00e8re \u00e0 garantir un flux constant d'air frais, ce qui permet d'\u00e9viter l'\u00e9touffement et l'accumulation d'odeurs et de cr\u00e9er une atmosph\u00e8re saine et respirable pour votre animal.<\/li>\n<li><strong>S\u00e9curit\u00e9 d'abord Coins arrondis :\u00a0<\/strong>Chaque bord et chaque ar\u00eate sont habilement \u00e9claircis et arrondis. Cet attribut essentiel de s\u00e9curit\u00e9 \u00e9limine les pointes ac\u00e9r\u00e9es, prot\u00e9geant ainsi votre animal de compagnie contre les blessures lors de jeux enthousiastes ou d'accidents inattendus.<\/li>\n<li><strong>Portes et ouvertures pratiques pour l'accessibilit\u00e9 :\u00a0<\/strong>Les portes sont con\u00e7ues pour faciliter l'entr\u00e9e et la sortie, et s'adaptent parfaitement \u00e0 votre animal de compagnie. Nous pouvons int\u00e9grer des attributs tels que des serrures ou des fermetures de porte prot\u00e9g\u00e9es mais faciles \u00e0 utiliser, vous offrant ainsi la possibilit\u00e9 de maintenir votre animal en toute s\u00e9curit\u00e9 \u00e0 l'int\u00e9rieur lorsque cela est n\u00e9cessaire.<\/li>\n<li><strong>Fen\u00eatres de contr\u00f4le interactives :\u00a0<\/strong>Si votre maison est claire, nous pouvons \u00e9galement cr\u00e9er des fen\u00eatres plus grandes \u00e0 des endroits sp\u00e9cifiques pour favoriser une interaction plus \u00e9troite sans d\u00e9ranger votre chien de compagnie, renfor\u00e7ant ainsi votre lien.<\/li>\n<\/ul>\n<h3 id=\"-seamless-assimilation-a-work-of-art-for-your-home-\"><strong>Une assimilation sans faille : Une \u0153uvre d'art pour votre maison\u00a0<\/strong>.<\/h3>\n<p>Notre <a href=\"https:\/\/customacrylicproduct.com\/fr\/custom-size-acrylic-pet-house-suppliers-acrylic-furnitures\/\">maisons d'animaux en acrylique personnalis\u00e9es<\/a> sont cr\u00e9\u00e9s pour faire plus que simplement h\u00e9berger votre chien de compagnie - ils sont cr\u00e9\u00e9s pour compl\u00e9ter votre vie.<\/p>\n<ul>\n<li><strong>Polyvalence de la conception :\u00a0<\/strong>Que votre maison soit moderne et minimaliste, classique et europ\u00e9enne, rustique et fermi\u00e8re, nous pouvons fabriquer une niche en acrylique qui s'int\u00e8gre parfaitement \u00e0 votre esth\u00e9tique.<\/li>\n<li><strong>Application Smart Area :\u00a0<\/strong>Nous pouvons produire des styles combin\u00e9s encastr\u00e9s, suspendus ou modulaires qui utilisent intelligemment l'agencement de votre maison, en veillant \u00e0 ce que la r\u00e9sidence pour animaux de compagnie ait l'impression de faire partie int\u00e9grante de l'architecture, et non d'\u00eatre un \u00e9l\u00e9ment secondaire.<\/li>\n<li><strong>Un \u00e9l\u00e9ment vivant, qui respire :\u00a0<\/strong>La nature transparente de votre maison apporte un \u00e9l\u00e9ment vibrant \u00e0 votre foyer. Le fait de voir votre chien de compagnie vaquer \u00e0 ses occupations ajoute une bouff\u00e9e de vie, de chaleur et de plaisir, ce qui finit par constituer un centre d'int\u00e9r\u00eat sinc\u00e8re pour toute la maisonn\u00e9e.<\/li>\n<\/ul>\n<h3 id=\"-the-last-embellishment-customized-elements-\"><strong>Le dernier ornement : \u00c9l\u00e9ments personnalis\u00e9s\u00a0<\/strong>.<\/h3>\n<p>Faites en sorte qu'il soit incontestablement le leur en y apportant des touches individuelles distinctes.<\/p>\n<ul>\n<li><strong>Noms et marques grav\u00e9s :\u00a0<\/strong>Nous pouvons graver au laser le nom de votre animal, son impact ou un logo unique directement sur l'acrylique, produisant ainsi une pi\u00e8ce v\u00e9ritablement distinctive.<\/li>\n<li><strong>D\u00e9corations \u00e0 th\u00e8me :\u00a0<\/strong>Laissez libre cours \u00e0 votre imagination avec des mod\u00e8les \u00e0 th\u00e8me ! D'un style sous-marin \u00e0 une for\u00eat enchant\u00e9e, nous pouvons vous aider \u00e0 cr\u00e9er un monde de r\u00eave pour votre animal.<\/li>\n<li><strong>Propri\u00e9taire exclusif Dessins et mod\u00e8les :\u00a0<\/strong>En tant qu'expression ultime de l'amour, vous pouvez incorporer vos propres concepts cr\u00e9atifs, motifs ou ic\u00f4nes dans le style, faisant de la maison pour animaux de compagnie un chef-d'\u0153uvre sp\u00e9cial qui raconte.<\/li>\n<\/ul>\n<h3 id=\"-your-relied-on-supplier-for-polymer-furnishings-and-beyond-\"><strong>Votre fournisseur de confiance pour l'ameublement en polym\u00e8res et au-del\u00e0\u00a0<\/strong>.<\/h3>\n<p>En tant qu'expert\u00a0<strong><a href=\"https:\/\/customacrylicproduct.com\/fr\/custom-size-acrylic-pet-house-suppliers-acrylic-furnitures\/\">Fournisseurs d'ameublement en polym\u00e8re<\/a>\u00a0<\/strong>, Nos capacit\u00e9s s'\u00e9tendent bien au-del\u00e0 des niches pour chiens. Nous sommes un compagnon fiable pour les architectes d'int\u00e9rieur, les ing\u00e9nieurs, les commer\u00e7ants et les entreprises qui recherchent des productions acryliques de haute qualit\u00e9 et sur mesure. Qu'il s'agisse de tables basses \u00e9l\u00e9gantes, de consoles \u00e9l\u00e9gantes, de pr\u00e9sentoirs de vente au d\u00e9tail ou d'installations personnalis\u00e9es, nous apportons \u00e0 chaque t\u00e2che le m\u00eame engagement en mati\u00e8re de haute qualit\u00e9, de style et de personnalisation.<\/p>\n<p><strong>Partenaire avec nous pour :\u00a0<\/strong>.<\/p>\n<ul>\n<li>Production en grande quantit\u00e9, digne de confiance, avec un contr\u00f4le de qualit\u00e9 strict.<\/li>\n<li>Des options sur mesure pour les t\u00e2ches professionnelles et domestiques.<\/li>\n<li>Une proc\u00e9dure de mise en page conjointe pour donner vie \u00e0 votre vision.<\/li>\n<\/ul>\n<p><strong>Contactez-nous d\u00e8s aujourd'hui pour commencer \u00e0 cr\u00e9er une <a href=\"https:\/\/customacrylicproduct.com\/fr\/custom-size-acrylic-pet-house-suppliers-acrylic-furnitures\/\">taille personnalis\u00e9e acrylique animaux maison<\/a> qui red\u00e9finit la vie animale, ou pour discuter de votre prochain projet de meuble en acrylique sur mesure. Cr\u00e9ons ensemble quelque chose d'adorable.\u00a0<\/strong>.<\/p>","protected":false},"excerpt":{"rendered":"<p>En tant que fournisseurs directs, nous sommes sp\u00e9cialis\u00e9s dans la cr\u00e9ation de meubles en acrylique sur mesure, selon vos sp\u00e9cifications exactes. Qu'il s'agisse d'une niche unique pour animaux de compagnie, d'une table basse \u00e9l\u00e9gante ou d'autres meubles personnalis\u00e9s, nous offrons une qualit\u00e9 et un design exceptionnels.<\/p>","protected":false},"featured_media":714,"template":"","meta":{"_kad_post_transparent":"default","_kad_post_title":"","_kad_post_layout":"default","_kad_post_sidebar_id":"","_kad_post_content_style":"default","_kad_post_vertical_padding":"default","_kad_post_feature":"","_kad_post_feature_position":"","_kad_post_header":false,"_kad_post_footer":false,"_kad_post_classname":""},"product_brand":[],"product_cat":[21],"product_tag":[68,69],"class_list":{"0":"post-710","1":"product","2":"type-product","3":"status-publish","4":"has-post-thumbnail","6":"product_cat-custom-acrylic-furnitures","7":"product_tag-acrylic-pet-house","8":"product_tag-custom-acrylic-furnitures","10":"first","11":"instock","12":"shipping-taxable","13":"product-type-simple","14":"entry","15":"content-bg","16":"loop-entry"},"_links":{"self":[{"href":"https:\/\/customacrylicproduct.com\/fr\/wp-json\/wp\/v2\/product\/710","targetHints":{"allow":["GET"]}}],"collection":[{"href":"https:\/\/customacrylicproduct.com\/fr\/wp-json\/wp\/v2\/product"}],"about":[{"href":"https:\/\/customacrylicproduct.com\/fr\/wp-json\/wp\/v2\/types\/product"}],"wp:featuredmedia":[{"embeddable":true,"href":"https:\/\/customacrylicproduct.com\/fr\/wp-json\/wp\/v2\/media\/714"}],"wp:attachment":[{"href":"https:\/\/customacrylicproduct.com\/fr\/wp-json\/wp\/v2\/media?parent=710"}],"wp:term":[{"taxonomy":"product_brand","embeddable":true,"href":"https:\/\/customacrylicproduct.com\/fr\/wp-json\/wp\/v2\/product_brand?post=710"},{"taxonomy":"product_cat","embeddable":true,"href":"https:\/\/customacrylicproduct.com\/fr\/wp-json\/wp\/v2\/product_cat?post=710"},{"taxonomy":"product_tag","embeddable":true,"href":"https:\/\/customacrylicproduct.com\/fr\/wp-json\/wp\/v2\/product_tag?post=710"}],"curies":[{"name":"wp","href":"https:\/\/api.w.org\/{rel}","templated":true}]}}