{"id":716,"date":"2025-07-07T10:34:44","date_gmt":"2025-07-07T10:34:44","guid":{"rendered":"https:\/\/customacrylicproduct.com\/?post_type=product&#038;p=716"},"modified":"2025-07-07T10:49:44","modified_gmt":"2025-07-07T10:49:44","slug":"bespoke-acrylic-photo-frames-magnetic-photo-frame-wholesaler","status":"publish","type":"product","link":"https:\/\/customacrylicproduct.com\/fr\/bespoke-acrylic-photo-frames-magnetic-photo-frame-wholesaler\/","title":{"rendered":"Cadre photo acrylique sur mesure Cadre photo magn\u00e9tique grossiste"},"content":{"rendered":"<h3 id=\"-title-crystal-clear-moments-bespoke-magnetic-acrylic-image-frames-the-premier-choice-for-home-and-wholesale-\"><strong>Titre : Les moments de cristal : Cadres d'images magn\u00e9tiques en acrylique sur mesure - Le premier choix pour la maison et le commerce de gros\u00a0<\/strong>.<\/h3>\n<p>Dans un monde rempli d'images num\u00e9riques, l'acte de publier une photo est devenu un choix d\u00e9lib\u00e9r\u00e9. C'est l'affirmation qu'une minute sp\u00e9cifique vaut plus qu'un regard fugace sur un \u00e9cran - elle m\u00e9rite d'\u00eatre pr\u00e9serv\u00e9e, pr\u00e9sent\u00e9e et ch\u00e9rie. Mais un souvenir inestimable a droit \u00e0 une maison tout aussi sp\u00e9ciale. Les cadres anciens, encombrants ou g\u00e9n\u00e9riques peuvent nuire \u00e0 l'image et cr\u00e9er une barri\u00e8re entre la photo et le client.<\/p>\n<p>Nous pensons qu'un cadre ne doit pas \u00eatre une fronti\u00e8re, mais un pont. Il doit am\u00e9liorer, s\u00e9curiser et \u00e9lever la m\u00e9moire qu'il contient.<\/p>\n<p>En tant que vendeur et revendeur de premier plan, nous sommes fiers de vous pr\u00e9senter notre collection de\u00a0<a href=\"https:\/\/customacrylicproduct.com\/fr\/bespoke-acrylic-photo-frames-magnetic-photo-frame-wholesaler\/\"><strong>Cadres en acrylique sur mesure\u00a0<\/strong><\/a>. Alliant une beaut\u00e9 minimale \u00e0 une modification exceptionnelle, ces cadres sont cr\u00e9\u00e9s pour le monde moderne. Ils utilisent un excellent \u00e9cran flottant qui fait de votre photo la c\u00e9l\u00e9brit\u00e9 incontest\u00e9e, la transformant d'une simple image en une \u0153uvre d'art personnelle. Que ce soit pour votre propre maison, pour un cadeau original ou pour un besoin \u00e0 grande \u00e9chelle d'une entreprise ou d'un d\u00e9taillant, nos cadres sont con\u00e7us pour r\u00e9pondre \u00e0 vos besoins. <a href=\"https:\/\/customacrylicproduct.com\/fr\/bespoke-acrylic-photo-frames-magnetic-photo-frame-wholesaler\/\">armatures acryliques<\/a> sont les meilleurs moments de la vie d'un navire.<\/p>\n<h3 id=\"-area-1-the-pureness-of-the-material-the-unrivaled-high-quality-of-polymer-\"><strong>Domaine 1 : La puret\u00e9 du mat\u00e9riau - La haute qualit\u00e9 in\u00e9gal\u00e9e du polym\u00e8re\u00a0<\/strong>.<\/h3>\n<p>La base d'une structure d'image vraiment extraordinaire est le mat\u00e9riau dans lequel elle est fabriqu\u00e9e. Nous n'utilisons que de l'acrylique \u00e0 haute transparence de premi\u00e8re qualit\u00e9, choisi pour ses qualit\u00e9s optiques exceptionnelles, sa s\u00e9curit\u00e9 et sa longue dur\u00e9e de vie.<\/p>\n<ul>\n<li><strong>Ouverture exceptionnelle, d\u00e9tails sans compromis :\u00a0<\/strong>Notre acrylique pr\u00e9sente un passage de la lumi\u00e8re comparable \u00e0 celui du verre optique le plus fin. Cela signifie qu'il n'y a pas de teinte verte, pas de distorsion, pas de ternissement - juste une clart\u00e9 pure et cristalline. Vos images sont pr\u00e9sent\u00e9es avec une intensit\u00e9 impressionnante, des couleurs fid\u00e8les et des d\u00e9tails impeccables. Elles d\u00e9veloppent un magnifique impact \u201cflottant\u201d, comme si la photo \u00e9tait suspendue dans un bloc de lumi\u00e8re pure, ce qui permet au client d'\u00eatre en prise directe avec l'instant sans interruption.<\/li>\n<li><strong>L\u00e9g\u00e8ret\u00e9, solidit\u00e9 et s\u00e9curit\u00e9 sup\u00e9rieures :\u00a0<\/strong>S'il se compare au verre en termes de clart\u00e9, l'acrylique le d\u00e9passe de loin en termes de s\u00e9curit\u00e9 et de praticit\u00e9. Il est nettement plus l\u00e9ger, ce qui permet de le manipuler facilement, de l'accrocher aux murs ou de le placer sur des surfaces d\u00e9licates sans probl\u00e8me. Plus important encore, il est tr\u00e8s r\u00e9sistant aux chocs et aux \u00e9clats. Contrairement au verre, qui peut se briser en \u00e9clats dangereux, l'acrylique offre une tranquillit\u00e9 d'esprit inestimable, ce qui en fait un excellent choix pour les familles ayant des enfants, des chiens de compagnie ou des lieux tr\u00e8s fr\u00e9quent\u00e9s. Vous pouvez pr\u00e9senter vos souvenirs sans vous soucier des dommages accidentels.<\/li>\n<li><strong>Qualit\u00e9 sup\u00e9rieure des archives et s\u00e9curit\u00e9 chimique :\u00a0<\/strong>Une photo est un objet fragile. Nos cadres acryliques servent de garde-fou et pr\u00e9servent vos souvenirs pour toute une vie. Le produit pr\u00e9sente une s\u00e9curit\u00e9 chimique exceptionnelle, ce qui signifie qu'il ne r\u00e9agit pas avec le papier ou l'encre de l'image. Il est naturellement insensible \u00e0 l'humidit\u00e9, ce qui emp\u00eache vos photos de se d\u00e9former, de rester sur la surface ou d'\u00eatre endommag\u00e9es par des facteurs environnementaux. Cette protection de qualit\u00e9 archive garantit que vos images ch\u00e8res restent aussi \u00e9clatantes et excellentes que le jour o\u00f9 elles ont \u00e9t\u00e9 imprim\u00e9es.<\/li>\n<\/ul>\n<p><a href=\"https:\/\/customacrylicproduct.com\/fr\/bespoke-acrylic-photo-frames-magnetic-photo-frame-wholesaler\/\"><img fetchpriority=\"high\" decoding=\"async\" class=\"aligncenter wp-image-720 size-full\" src=\"https:\/\/customacrylicproduct.com\/wp-content\/uploads\/2025\/07\/Acrylic-Photo-Frames.jpg\" alt=\"Cadres photo en acrylique\" width=\"800\" height=\"800\" srcset=\"https:\/\/customacrylicproduct.com\/wp-content\/uploads\/2025\/07\/Acrylic-Photo-Frames.jpg 800w, https:\/\/customacrylicproduct.com\/wp-content\/uploads\/2025\/07\/Acrylic-Photo-Frames-300x300.jpg 300w, https:\/\/customacrylicproduct.com\/wp-content\/uploads\/2025\/07\/Acrylic-Photo-Frames-150x150.jpg 150w, https:\/\/customacrylicproduct.com\/wp-content\/uploads\/2025\/07\/Acrylic-Photo-Frames-768x768.jpg 768w, https:\/\/customacrylicproduct.com\/wp-content\/uploads\/2025\/07\/Acrylic-Photo-Frames-12x12.jpg 12w, https:\/\/customacrylicproduct.com\/wp-content\/uploads\/2025\/07\/Acrylic-Photo-Frames-600x600.jpg 600w, https:\/\/customacrylicproduct.com\/wp-content\/uploads\/2025\/07\/Acrylic-Photo-Frames-100x100.jpg 100w\" sizes=\"(max-width: 800px) 100vw, 800px\" \/><\/a><\/p>\n<h3 id=\"-section-2-the-art-of-appearance-minimal-style-optimum-effect-\"><strong>Section 2 : L'art de l'apparence - Style minimal, effet optimal\u00a0<\/strong>.<\/h3>\n<p>Notre id\u00e9ologie stylistique est simple : le cadre doit s'harmoniser avec la photographie, sans jamais la concurrencer. Le charme int\u00e9gral de l'acrylique nous permet de d\u00e9velopper des \u00e9crans \u00e0 la fois subtils et saisissants.<\/p>\n<ul>\n<li><strong>Une vision de la modernit\u00e9 :\u00a0<\/strong>L'agencement sans cadre, de style bloc, est l'incarnation de l'\u00e9l\u00e9gance contemporaine. Ses lignes \u00e9pur\u00e9es et son corps clair donnent une impression de l\u00e9g\u00e8ret\u00e9 et d'a\u00e9ration qui s'int\u00e8gre parfaitement \u00e0 tous les styles de d\u00e9coration, qu'ils soient minimalistes et contemporains ou intemporels et \u00e9clectiques. Qu'il soit accroch\u00e9 au mur ou pos\u00e9 sur une table, le cadre apporte une touche de sophistication raffin\u00e9e, cr\u00e9ant un environnement d'\u00e9cran fragile et soign\u00e9.<\/li>\n<li><strong>Un spectre de couleurs personnalis\u00e9es :\u00a0<\/strong>Si la beaut\u00e9 de l'acrylique transparent est intemporelle, nous offrons un monde de possibilit\u00e9s de couleurs pour r\u00e9pondre \u00e0 votre vision. Vous pouvez s\u00e9lectionner un bloc de teintes fortes - comme le m\u00e9lange doux et tendance de violet clair et de transparent pr\u00e9sent\u00e9 dans l'exemple - pour ajouter une touche de caract\u00e8re. Nous pouvons \u00e9galement cr\u00e9er de magnifiques effets de d\u00e9grad\u00e9 qui permettent de passer d'une couleur \u00e0 une autre, ou encore int\u00e9grer l'impression UV en quadrichromie pour transformer le cadre lui-m\u00eame en toile. Cette commodit\u00e9 permet de cr\u00e9er une structure qui est soit minimis\u00e9e et facile, soit forte et personnalis\u00e9e.<\/li>\n<\/ul>\n<h3 id=\"-section-3-the-power-of-customization-modification-without-limits-\"><strong>Section 3 : Le pouvoir de la personnalisation - La modification sans limites\u00a0<\/strong>.<\/h3>\n<p>Chaque photographie raconte une histoire particuli\u00e8re, et son cadre doit \u00eatre tout aussi particulier. Nos capacit\u00e9s de production sur mesure vous permettent de r\u00e9aliser une structure parfaitement adapt\u00e9e \u00e0 vos besoins sp\u00e9cifiques.<\/p>\n<ul>\n<li><strong>Dimensionnement souple et pr\u00e9cis :\u00a0<\/strong>Nous offrons une libert\u00e9 totale en mati\u00e8re de personnalisation des dimensions. Qu'il s'agisse d'une petite photo d'identit\u00e9 ou d'un souvenir de la taille d'un m\u00e9daillon, d'un simple tirage 4\u00d76, d'une photo officielle 8\u00d710 ou d'un chef-d'\u0153uvre familial de grand format, nous pouvons fabriquer un cadre \u00e0 vos mesures exactes. Cette pr\u00e9cision garantit un ajustement optimal \u00e0 chaque photo, \u00e9liminant les espaces g\u00eanants ou les recadrages et offrant votre photo exactement comme pr\u00e9vu.<\/li>\n<li><strong>Des formes diverses et significatives :\u00a0<\/strong>Rompre avec la forme rectangulaire conventionnelle. Nous vous donnons la possibilit\u00e9 de choisir une forme qui implique une couche suppl\u00e9mentaire de votre m\u00e9moire. Un cercle intemporel peut symboliser l'unit\u00e9 et le temps infini. Un cadre en forme de c\u0153ur est le support id\u00e9al et romantique pour une photo de mariage ou d'anniversaire. Nous pouvons \u00e9galement produire des formes sp\u00e9ciales et personnalis\u00e9es pour honorer un \u00e9v\u00e9nement particulier - une \u00e9toile pour la r\u00e9ussite d'un enfant, une silhouette d'animal pour un animal de compagnie ch\u00e9ri, ou m\u00eame une forme qui correspond au logo d'une entreprise pour une r\u00e9compense bien connue. La forme fait partie de la narration.<\/li>\n<\/ul>\n<p><a href=\"https:\/\/customacrylicproduct.com\/fr\/bespoke-acrylic-photo-frames-magnetic-photo-frame-wholesaler\/\"><img decoding=\"async\" class=\"aligncenter wp-image-719 size-full\" src=\"https:\/\/customacrylicproduct.com\/wp-content\/uploads\/2025\/07\/Acrylic-Photo-Frames-3.jpg\" alt=\"Cadres photo en acrylique\" width=\"800\" height=\"800\" srcset=\"https:\/\/customacrylicproduct.com\/wp-content\/uploads\/2025\/07\/Acrylic-Photo-Frames-3.jpg 800w, https:\/\/customacrylicproduct.com\/wp-content\/uploads\/2025\/07\/Acrylic-Photo-Frames-3-300x300.jpg 300w, https:\/\/customacrylicproduct.com\/wp-content\/uploads\/2025\/07\/Acrylic-Photo-Frames-3-150x150.jpg 150w, https:\/\/customacrylicproduct.com\/wp-content\/uploads\/2025\/07\/Acrylic-Photo-Frames-3-768x768.jpg 768w, https:\/\/customacrylicproduct.com\/wp-content\/uploads\/2025\/07\/Acrylic-Photo-Frames-3-12x12.jpg 12w, https:\/\/customacrylicproduct.com\/wp-content\/uploads\/2025\/07\/Acrylic-Photo-Frames-3-600x600.jpg 600w, https:\/\/customacrylicproduct.com\/wp-content\/uploads\/2025\/07\/Acrylic-Photo-Frames-3-100x100.jpg 100w\" sizes=\"(max-width: 800px) 100vw, 800px\" \/><\/a><\/p>\n<h3 id=\"-section-4-ingenious-by-design-performance-meets-creativity-\"><strong>Section 4 : Une conception ing\u00e9nieuse - La performance au service de la cr\u00e9ativit\u00e9\u00a0<\/strong>.<\/h3>\n<p>Un style fantastique n'est pas seulement une question d'apparence, mais aussi de fonctionnement. Nous avons incorpor\u00e9 des attributs brillants qui font de nos structures un plaisir \u00e0 utiliser et \u00e0 personnaliser.<\/p>\n<ul>\n<li><strong>Assemblage magn\u00e9tique simple et facile :\u00a0<\/strong>Dites adieu aux languettes fragiles et aux dos complexes. Nombre de nos mod\u00e8les sont dot\u00e9s d'un syst\u00e8me de fermeture magn\u00e9tique ou \u00e0 pression efficace. Le cadre contient deux blocs d'acrylique qui sont maintenus ensemble par de minuscules aimants incroyablement solides int\u00e9gr\u00e9s dans les bords. Vous pouvez ainsi ouvrir le cadre, placer votre photo et le refermer en quelques secondes. Il est facile de transformer les images, ce qui vous permet de garder votre affichage frais avec de nouveaux souvenirs chaque fois que vous le souhaitez.<\/li>\n<li><strong>Personnalisation illimit\u00e9e gr\u00e2ce \u00e0 l'impression et \u00e0 l'inscription :\u00a0<\/strong>C'est l\u00e0 qu'un cadre magnifique devient un souvenir remarquable. Gr\u00e2ce \u00e0 une technologie moderne de pointe, nous pouvons ajouter une derni\u00e8re couche de personnalisation :.<\/li>\n<li><strong>Impression UV :\u00a0<\/strong>Nous pouvons imprimer n'importe quelle image, motif ou disposition en haute r\u00e9solution directement sur l'acrylique. Il peut s'agir d'un embl\u00e8me familial, d'un motif floral fragile ou de la forme d'un chien.<\/li>\n<li><strong>Inscription au laser :\u00a0<\/strong>Pour une touche raffin\u00e9e, \u00e9l\u00e9gante et durable, nous pouvons graver au laser un texte ou un logo. Incluez le jour de la c\u00e9l\u00e9bration d'un mariage, un vers d'une comptine, le nom et la date de naissance d'un enfant ou une b\u00e9n\u00e9diction sinc\u00e8re. Cela transforme le cadre en un objet vraiment sp\u00e9cial et profond\u00e9ment personnel.<\/li>\n<\/ul>\n<h3 id=\"-section-5-where-memories-live-perfect-for-each-situation-\"><strong>Section 5 : O\u00f9 vivent les souvenirs - Parfait pour chaque situation\u00a0<\/strong>.<\/h3>\n<p>La commodit\u00e9 et la sophistication de notre <a href=\"https:\/\/customacrylicproduct.com\/fr\/custom-acrylic-crafts\/\">cadres en acrylique<\/a> en font le choix id\u00e9al pour une grande vari\u00e9t\u00e9 d'utilisations.<\/p>\n<ul>\n<li><strong>Pour l'am\u00e9nagement de la maison :\u00a0<\/strong>Incorporez sans effort vos souvenirs les plus pr\u00e9cieux dans votre espace de vie. Cr\u00e9ez un mur d'exposition spectaculaire dans votre salon qui raconte l'histoire de votre famille. Placez une minute chaleureuse sur la table de nuit de votre chambre. Pr\u00e9parez une s\u00e9rie d'images de voyage sur la table de travail de votre bureau. Le style transparent et minimaliste permet aux cadres de rehausser n'importe quel type d'am\u00e9nagement int\u00e9rieur sans cr\u00e9er de d\u00e9sordre visuel.<\/li>\n<li><strong>La premi\u00e8re place pour le pr\u00e9sent :\u00a0<\/strong>Lorsque vous avez besoin d'un cadeau \u00e0 la fois attrayant et profond\u00e9ment personnel, un cadre acrylique personnalis\u00e9 est la solution id\u00e9ale. Compensez un cadre en forme de c\u0153ur pour la photo de mariage d'un ami. Cr\u00e9ez une collection de cadres retra\u00e7ant la premi\u00e8re ann\u00e9e de croissance d'un enfant pour les nouveaux parents. Graver une date unique pour un cadeau d'anniversaire. C'est un geste attentionn\u00e9 et unique qui transmet l'amour et la c\u00e9l\u00e9bration comme aucun produit du commerce ne peut le faire.<\/li>\n<\/ul>\n<p><a href=\"https:\/\/customacrylicproduct.com\/fr\/bespoke-acrylic-photo-frames-magnetic-photo-frame-wholesaler\/\"><img decoding=\"async\" class=\"aligncenter wp-image-718 size-full\" src=\"https:\/\/customacrylicproduct.com\/wp-content\/uploads\/2025\/07\/Acrylic-Photo-Frames-2.jpg\" alt=\"Cadres photo en acrylique\" width=\"800\" height=\"800\" srcset=\"https:\/\/customacrylicproduct.com\/wp-content\/uploads\/2025\/07\/Acrylic-Photo-Frames-2.jpg 800w, https:\/\/customacrylicproduct.com\/wp-content\/uploads\/2025\/07\/Acrylic-Photo-Frames-2-300x300.jpg 300w, https:\/\/customacrylicproduct.com\/wp-content\/uploads\/2025\/07\/Acrylic-Photo-Frames-2-150x150.jpg 150w, https:\/\/customacrylicproduct.com\/wp-content\/uploads\/2025\/07\/Acrylic-Photo-Frames-2-768x768.jpg 768w, https:\/\/customacrylicproduct.com\/wp-content\/uploads\/2025\/07\/Acrylic-Photo-Frames-2-12x12.jpg 12w, https:\/\/customacrylicproduct.com\/wp-content\/uploads\/2025\/07\/Acrylic-Photo-Frames-2-600x600.jpg 600w, https:\/\/customacrylicproduct.com\/wp-content\/uploads\/2025\/07\/Acrylic-Photo-Frames-2-100x100.jpg 100w\" sizes=\"(max-width: 800px) 100vw, 800px\" \/><\/a><\/p>\n<h3 id=\"-the-dealer-s-advantage-your-companion-in-costs-presentation-\"><strong>L'avantage du concessionnaire : Votre compagnon dans la pr\u00e9sentation des co\u00fbts\u00a0<\/strong>.<\/h3>\n<p>En tant que distributeurs directs, nous sommes particuli\u00e8rement bien plac\u00e9s pour offrir \u00e0 nos clients B2B, y compris les d\u00e9taillants, les clients de cadeaux d'entreprise, les photographes professionnels et les organisateurs d'\u00e9v\u00e9nements.<\/p>\n<ul>\n<li><strong>Pour les d\u00e9taillants :\u00a0<\/strong>Offrez \u00e0 vos clients un article co\u00fbteux, \u00e0 forte marge, qui se d\u00e9marque des cadres de base. Nous proposons des tarifs de masse accrocheurs et pouvons d\u00e9velopper des styles exclusifs pour votre marque.<\/li>\n<li><strong>Pour les cadeaux d'entreprise :\u00a0<\/strong>Faites plaisir \u00e0 vos clients et motivez vos employ\u00e9s en leur offrant un cadeau de marque. Nous pouvons graver le logo de votre entreprise et un message d'appr\u00e9ciation sur chaque cadre pour les honneurs, les cadeaux de vacances ou les cadeaux \u00e9v\u00e9nementiels.<\/li>\n<li><strong>Pour les photographes :\u00a0<\/strong>Stimulez vos discussions et offrez \u00e0 vos clients un service de premi\u00e8re qualit\u00e9. Nos cadres offrent un moyen spectaculaire et de qualit\u00e9 d'archivage de montrer votre travail, ajoutant ainsi une valeur consid\u00e9rable \u00e0 vos services.<\/li>\n<\/ul>\n<h3 id=\"-area-6-easy-maintenance-and-enduring-luster-\"><strong>Domaine 6 : Facilit\u00e9 d'entretien et \u00e9clat durable\u00a0<\/strong>.<\/h3>\n<p>Notre soci\u00e9t\u00e9 est convaincue que la valorisation des souvenirs doit \u00eatre une satisfaction et non une corv\u00e9e. Nos structures en acrylique sont con\u00e7ues pour une vie enti\u00e8re d'attrait simple.<\/p>\n<ul>\n<li><strong>Facile \u00e0 nettoyer :\u00a0<\/strong>La surface lisse et non poreuse r\u00e9siste \u00e0 la salet\u00e9 et aux taches. Lorsqu'un nettoyage est n\u00e9cessaire, il suffit d'une simple serviette douce, s\u00e8che ou l\u00e9g\u00e8rement humide pour lui redonner son \u00e9clat fantastique. Il n'est pas n\u00e9cessaire d'utiliser des produits chimiques puissants ou des nettoyants sp\u00e9ciaux.<\/li>\n<li><strong>Superbe r\u00e9sistance aux intemp\u00e9ries et au vieillissement :\u00a0<\/strong>Notre acrylique de haute qualit\u00e9 est formul\u00e9 pour r\u00e9sister aux impacts du temps et de la lumi\u00e8re. Il ne jaunira pas, ne se ternira pas et ne se d\u00e9colorera pas, m\u00eame apr\u00e8s des ann\u00e9es d'exposition \u00e0 l'int\u00e9rieur de l'\u00e9cran. Il prot\u00e8ge vos photos de tous les aspects et garantit que l'image et son superbe bo\u00eetier conserveront leur aspect id\u00e9al pendant des d\u00e9cennies.<\/li>\n<\/ul>\n<p><strong>Appelez-nous d\u00e8s aujourd'hui pour commencer \u00e0 cr\u00e9er votre <a href=\"https:\/\/customacrylicproduct.com\/fr\/bespoke-acrylic-photo-frames-magnetic-photo-frame-wholesaler\/\">cadre photo acrylique personnalis\u00e9<\/a>, ou pour examiner vos demandes de vente en gros. Laissez-nous vous aider \u00e0 pr\u00e9server et \u00e0 offrir \u00e0 vos moments les plus pr\u00e9cieux la clart\u00e9, la sophistication et la qualit\u00e9 sup\u00e9rieure auxquelles ils ont droit.\u00a0<\/strong>.<\/p>","protected":false},"excerpt":{"rendered":"<p>Premier grossiste de cadres photo magn\u00e9tiques modernes en acrylique. Nous proposons des services enti\u00e8rement sur mesure pour les tailles, les formes et le marquage de logos. Nos cadres transparents et durables sont la solution id\u00e9ale pour les d\u00e9taillants, les cadeaux d'entreprise et les photographes professionnels. Contactez-nous pour un devis en vrac comp\u00e9titif !<\/p>","protected":false},"featured_media":720,"template":"","meta":{"_kad_post_transparent":"default","_kad_post_title":"","_kad_post_layout":"default","_kad_post_sidebar_id":"","_kad_post_content_style":"default","_kad_post_vertical_padding":"default","_kad_post_feature":"","_kad_post_feature_position":"","_kad_post_header":false,"_kad_post_footer":false,"_kad_post_classname":""},"product_brand":[],"product_cat":[20],"product_tag":[70,65],"class_list":{"0":"post-716","1":"product","2":"type-product","3":"status-publish","4":"has-post-thumbnail","6":"product_cat-custom-acrylic-crafts","7":"product_tag-acrylic-photo-frames","8":"product_tag-custom-acrylic-crafts","10":"first","11":"instock","12":"shipping-taxable","13":"product-type-simple","14":"entry","15":"content-bg","16":"loop-entry"},"_links":{"self":[{"href":"https:\/\/customacrylicproduct.com\/fr\/wp-json\/wp\/v2\/product\/716","targetHints":{"allow":["GET"]}}],"collection":[{"href":"https:\/\/customacrylicproduct.com\/fr\/wp-json\/wp\/v2\/product"}],"about":[{"href":"https:\/\/customacrylicproduct.com\/fr\/wp-json\/wp\/v2\/types\/product"}],"wp:featuredmedia":[{"embeddable":true,"href":"https:\/\/customacrylicproduct.com\/fr\/wp-json\/wp\/v2\/media\/720"}],"wp:attachment":[{"href":"https:\/\/customacrylicproduct.com\/fr\/wp-json\/wp\/v2\/media?parent=716"}],"wp:term":[{"taxonomy":"product_brand","embeddable":true,"href":"https:\/\/customacrylicproduct.com\/fr\/wp-json\/wp\/v2\/product_brand?post=716"},{"taxonomy":"product_cat","embeddable":true,"href":"https:\/\/customacrylicproduct.com\/fr\/wp-json\/wp\/v2\/product_cat?post=716"},{"taxonomy":"product_tag","embeddable":true,"href":"https:\/\/customacrylicproduct.com\/fr\/wp-json\/wp\/v2\/product_tag?post=716"}],"curies":[{"name":"wp","href":"https:\/\/api.w.org\/{rel}","templated":true}]}}