{"id":721,"date":"2025-07-07T10:51:32","date_gmt":"2025-07-07T10:51:32","guid":{"rendered":"https:\/\/customacrylicproduct.com\/?post_type=product&#038;p=721"},"modified":"2025-07-07T12:38:24","modified_gmt":"2025-07-07T12:38:24","slug":"personalized-multi-layer-acrylic-display-stands-storage-rack","status":"publish","type":"product","link":"https:\/\/customacrylicproduct.com\/fr\/personalized-multi-layer-acrylic-display-stands-storage-rack\/","title":{"rendered":"Pr\u00e9sentoir en acrylique multicouche personnalis\u00e9 Rack de stockage"},"content":{"rendered":"<h3 id=\"-title-release-your-collection-the-personalized-multi-layer-polymer-show-stand-storage-space-shelf-\"><strong>Titre : Lib\u00e9rez votre collection : Le stand d'exposition et l'\u00e9tag\u00e8re de rangement personnalis\u00e9s en polym\u00e8re multicouche\u00a0<\/strong>.<\/h3>\n<p>Chaque collection raconte une histoire. C'est l'histoire d'une passion, d'un engagement et du plaisir de l'exploration. Qu'il s'agisse d'une arm\u00e9e de chiffres soigneusement d\u00e9taill\u00e9s, d'une s\u00e9lection de jouets dynamiques et \u00e9l\u00e9gants, d'\u0153uvres d'art en vinyle peu communes ou d'une gamme de produits cosm\u00e9tiques de luxe, ces produits sont bien plus que de simples objets : ils sont le reflet de votre personnalit\u00e9 et t\u00e9moignent de vos pr\u00e9f\u00e9rences. Pourtant, ces produits sont souvent cach\u00e9s dans des bo\u00eetes, entass\u00e9s sur des \u00e9tag\u00e8res communes, ou encore abandonn\u00e9s dans le d\u00e9sordre de la vie quotidienne.<\/p>\n<p>Et si vous pouviez transformer ce d\u00e9sordre en un v\u00e9ritable \u00e9v\u00e9nement ? Supposons que vous puissiez offrir \u00e0 votre collection les feux de la rampe auxquels elle a droit, en transformant n'importe quel coin de votre maison ou de votre local commercial en une exposition spectaculaire de type galerie d'art ?<\/p>\n<p>Nous offrons le meilleur service pour les agences de recouvrement et les magasins de co\u00fbts exigeants : la\u00a0<a href=\"https:\/\/customacrylicproduct.com\/fr\/personalized-multi-layer-acrylic-display-stands-storage-rack\/\"><strong>Stand d'exposition personnalis\u00e9 en polym\u00e8re multicouche\u00a0<\/strong><\/a>. Il ne s'agit pas simplement d'une \u00e9tag\u00e8re de rangement, mais d'une sc\u00e8ne architecturale, d'un syst\u00e8me modulaire con\u00e7u pour la beaut\u00e9 et d'un sanctuaire limpide cr\u00e9\u00e9 pour sauvegarder, ranger et mettre en valeur les objets que vous aimez. D\u00e9passez le simple rangement et entrez dans l'art de la pr\u00e9sentation.<\/p>\n<h3 id=\"-area-1-the-heart-of-the-stand-uncompromising-product-pureness-\"><strong>Domaine 1 : Le c\u0153ur du stand - Une puret\u00e9 de produit sans compromis\u00a0<\/strong>.<\/h3>\n<p>La qualit\u00e9 d'un pr\u00e9sentoir commence par la puret\u00e9 de ses produits. Nous avons minutieusement s\u00e9lectionn\u00e9 le meilleur acrylique de haute puret\u00e9 afin de garantir que votre collection soit pr\u00e9sent\u00e9e sans compromis et prot\u00e9g\u00e9e pendant de nombreuses ann\u00e9es.<\/p>\n<ul>\n<li><strong>Brillance cristalline :\u00a0<\/strong>Fabriqu\u00e9s en acrylique haute puret\u00e9 de qualit\u00e9 archives, nos supports offrent un passage de lumi\u00e8re aussi clair et transparent que le cristal. Cette clart\u00e9 remarquable garantit que chaque information d\u00e9taill\u00e9e, chaque nuance raffin\u00e9e et chaque texture fragile de vos objets pr\u00e9sent\u00e9s est r\u00e9cup\u00e9r\u00e9e et pr\u00e9sent\u00e9e sous sa forme la plus authentique. Contrairement aux plastiques de moindre qualit\u00e9 qui peuvent avoir une teinte trouble ou bleue, notre mat\u00e9riau permet \u00e0 la lumi\u00e8re de circuler sans obstruction, baignant votre collection d'un \u00e9clat luminescent qui rehausse son charme esth\u00e9tique.<\/li>\n<li><strong>Con\u00e7u pour la long\u00e9vit\u00e9 et la durabilit\u00e9 :\u00a0<\/strong>Un support d'\u00e9cran doit \u00eatre un gardien in\u00e9branlable. Notre acrylique poss\u00e8de une texture solide et robuste qui r\u00e9siste remarquablement bien aux chutes et \u00e0 l'usure quotidienne. Il est con\u00e7u pour r\u00e9sister aux d\u00e9formations et aux fractures, et conserve sa beaut\u00e9 m\u00eame sous le poids d'une collection compl\u00e8te et apr\u00e8s une utilisation prolong\u00e9e. Cette robustesse offre une plate-forme stable et prot\u00e9g\u00e9e sur laquelle vous pouvez compter pour abriter vos produits les plus pr\u00e9cieux.<\/li>\n<li><strong>Un engagement en faveur de la s\u00e9curit\u00e9 et de la conservation :\u00a0<\/strong>Votre collection n'a pas de prix. Notre mat\u00e9riau acrylique est totalement non toxique et respectueux de l'environnement, ce qui garantit qu'il n'ab\u00eemera jamais, ne d\u00e9colorera jamais et n'interf\u00e9rera jamais chimiquement avec vos figurines pr\u00e9sent\u00e9es, vos jouets \u00e0 la mode ou d'autres objets de collection sensibles. Il agit comme une barri\u00e8re protectrice neutre, prot\u00e9geant votre investissement des \u00e9l\u00e9ments dangereux et vous offrant une assurance totale.<\/li>\n<\/ul>\n<p><a href=\"https:\/\/customacrylicproduct.com\/fr\/personalized-multi-layer-acrylic-display-stands-storage-rack\/\"><img fetchpriority=\"high\" decoding=\"async\" class=\"aligncenter wp-image-723 size-full\" src=\"https:\/\/customacrylicproduct.com\/wp-content\/uploads\/2025\/07\/Multi-Layer-Acrylic-Display-Stand-2.jpg\" alt=\"Pr\u00e9sentoirs en acrylique multicouches\" width=\"800\" height=\"800\" srcset=\"https:\/\/customacrylicproduct.com\/wp-content\/uploads\/2025\/07\/Multi-Layer-Acrylic-Display-Stand-2.jpg 800w, https:\/\/customacrylicproduct.com\/wp-content\/uploads\/2025\/07\/Multi-Layer-Acrylic-Display-Stand-2-300x300.jpg 300w, https:\/\/customacrylicproduct.com\/wp-content\/uploads\/2025\/07\/Multi-Layer-Acrylic-Display-Stand-2-150x150.jpg 150w, https:\/\/customacrylicproduct.com\/wp-content\/uploads\/2025\/07\/Multi-Layer-Acrylic-Display-Stand-2-768x768.jpg 768w, https:\/\/customacrylicproduct.com\/wp-content\/uploads\/2025\/07\/Multi-Layer-Acrylic-Display-Stand-2-12x12.jpg 12w, https:\/\/customacrylicproduct.com\/wp-content\/uploads\/2025\/07\/Multi-Layer-Acrylic-Display-Stand-2-600x600.jpg 600w, https:\/\/customacrylicproduct.com\/wp-content\/uploads\/2025\/07\/Multi-Layer-Acrylic-Display-Stand-2-100x100.jpg 100w\" sizes=\"(max-width: 800px) 100vw, 800px\" \/><\/a><\/p>\n<h3 id=\"-section-2-architectural-liberty-the-genius-of-modular-design-\"><strong>Section 2 : Libert\u00e9 architecturale - Le g\u00e9nie de la conception modulaire\u00a0<\/strong>.<\/h3>\n<p>Notre \u00e9quipe est convaincue que votre support d'\u00e9cran doit s'adapter \u00e0 votre collection, et non l'inverse. Notre style modulaire intelligent utilise une polyvalence in\u00e9gal\u00e9e, vous permettant de cr\u00e9er un \u00e9cran de pr\u00e9sentation parfaitement adapt\u00e9 \u00e0 votre espace et \u00e0 vos produits.<\/p>\n<ul>\n<li><strong>Votre pr\u00e9sent, vos politiques : Le pouvoir de la modularit\u00e9 :\u00a0<\/strong>Notre ing\u00e9nieuse structure de jonction modulaire vous lib\u00e8re des contraintes d'un mobilier au design fig\u00e9. Elle vous permet de devenir le concepteur de votre propre \u00e9cran, en vous permettant de combiner librement la vari\u00e9t\u00e9 de couches dont vous avez besoin et de dicter la disposition de chaque niveau. Cr\u00e9ez une configuration carr\u00e9e traditionnelle, une disposition dynamique et irr\u00e9guli\u00e8re en quinconce, ou tout autre m\u00e9lange correspondant \u00e0 votre esth\u00e9tique. Au fur et \u00e0 mesure que votre collection s'agrandit, votre support peut s'\u00e9tendre avec elle - il suffit d'ajouter encore plus d'\u00e9l\u00e9ments.<\/li>\n<li><strong>L'\u00e9tincelle verticale : Maximiser l'espace avec sophistication :\u00a0<\/strong>Le style multicouche est une option magistrale pour \u00e9largir la capacit\u00e9 de votre \u00e9cran d'affichage sans encombrer le sol. En se d\u00e9veloppant verticalement, il est possible d'abriter une collection importante dans un espace compact. Nous pouvons d\u00e9terminer rationnellement la hauteur de chaque couche pour r\u00e9pondre aux besoins sp\u00e9cifiques d'exposition d'antiquit\u00e9s de diff\u00e9rentes tailles, qu'il s'agisse de petits num\u00e9ros d\u00e9taill\u00e9s ou de grandes sculptures imposantes.<\/li>\n<li><strong>D\u00e9velopper un rythme et une mesure esth\u00e9tiques :\u00a0<\/strong>En r\u00e9ajustant la distance entre les couches, vous pouvez cr\u00e9er un magnifique effet esth\u00e9tique de basculement ou d'\u00e9tagement. Plus qu'un simple agencement, cet effet cr\u00e9e un sentiment de profondeur et de hi\u00e9rarchie, en orientant l'\u0153il du client tout au long de la collection. Cette pr\u00e9sentation tridimensionnelle \u00e9vite l'ennui visuel et transforme un simple groupe d'articles en une exposition vivante et attrayante.<\/li>\n<\/ul>\n<h3 id=\"-section-3-the-art-of-the-individual-unmatched-modification-\"><strong>Section 3 : L'art de l'individu - Des modifications incomparables\u00a0<\/strong>.<\/h3>\n<p>C'est l\u00e0 que votre vision prend tout son sens. Pour nous, \u201cpersonnalis\u00e9\u201d n'est pas un pis-aller, c'est le c\u0153ur de notre approche. Nous travaillons avec vous pour cr\u00e9er un stand d'\u00e9cran qui soit un v\u00e9ritable d\u00e9veloppement distinctif.<\/p>\n<ul>\n<li><strong>Dimensions adapt\u00e9es avec pr\u00e9cision :\u00a0<\/strong>Indiquez-nous les dimensions de votre espace - qu'il s'agisse d'une \u00e9tag\u00e8re, d'un comptoir ou d'un \u00e9cran de vente au d\u00e9tail - et la vari\u00e9t\u00e9 des objets de votre collection. Nous d\u00e9finirons correctement la longueur, la largeur et la hauteur totales du pr\u00e9sentoir afin de cr\u00e9er un ajustement id\u00e9al et homog\u00e8ne.<\/li>\n<li><strong>Une combinaison de possibilit\u00e9s :\u00a0<\/strong>Bien que le design standard clair soit toujours pr\u00e9f\u00e9r\u00e9 pour sa capacit\u00e9 \u00e0 faire de la collection le h\u00e9ros, nous offrons une vari\u00e9t\u00e9 de choix de couleurs pour incorporer parfaitement le stand dans le style de votre maison ou de votre magasin.<\/li>\n<li><strong>Acrylique givr\u00e9 :\u00a0<\/strong>Offre un aspect doux, diffus et contemporain qui r\u00e9duit l'\u00e9clat et apporte une touche de sophistication subtile.<\/li>\n<li><strong>Acrylique color\u00e9 :\u00a0<\/strong>Choisissez parmi une gamme de teintes - du noir ou blanc \u00e9pur\u00e9 aux couleurs dynamiques - afin d'assortir votre image de marque ou votre d\u00e9coration d'int\u00e9rieur.<\/li>\n<li><strong>La touche de marque : Inscription laser personnalis\u00e9e :\u00a0<\/strong>C'est la derni\u00e8re touche qui transforme votre pr\u00e9sentoir d'un meuble attrayant en un artefact personnel. Nous pouvons utiliser la pr\u00e9cision de l'inscription au laser sur les bords, la base ou les plaques frontales pour ajouter des logos exclusifs, des motifs th\u00e9matiques, le nom de votre collection ou un jour consid\u00e9rable. C'est la solution id\u00e9ale pour la cr\u00e9ation d'une marque dans une atmosph\u00e8re de vente au d\u00e9tail ou pour ajouter une touche tr\u00e8s personnelle \u00e0 une collection personnelle.<\/li>\n<\/ul>\n<p><a href=\"https:\/\/customacrylicproduct.com\/fr\/personalized-multi-layer-acrylic-display-stands-storage-rack\/\"><img decoding=\"async\" class=\"aligncenter wp-image-724 size-full\" src=\"https:\/\/customacrylicproduct.com\/wp-content\/uploads\/2025\/07\/Multi-Layer-Acrylic-Display-Stand-3.jpg\" alt=\"Pr\u00e9sentoirs en acrylique multicouches\" width=\"800\" height=\"800\" srcset=\"https:\/\/customacrylicproduct.com\/wp-content\/uploads\/2025\/07\/Multi-Layer-Acrylic-Display-Stand-3.jpg 800w, https:\/\/customacrylicproduct.com\/wp-content\/uploads\/2025\/07\/Multi-Layer-Acrylic-Display-Stand-3-300x300.jpg 300w, https:\/\/customacrylicproduct.com\/wp-content\/uploads\/2025\/07\/Multi-Layer-Acrylic-Display-Stand-3-150x150.jpg 150w, https:\/\/customacrylicproduct.com\/wp-content\/uploads\/2025\/07\/Multi-Layer-Acrylic-Display-Stand-3-768x768.jpg 768w, https:\/\/customacrylicproduct.com\/wp-content\/uploads\/2025\/07\/Multi-Layer-Acrylic-Display-Stand-3-12x12.jpg 12w, https:\/\/customacrylicproduct.com\/wp-content\/uploads\/2025\/07\/Multi-Layer-Acrylic-Display-Stand-3-600x600.jpg 600w, https:\/\/customacrylicproduct.com\/wp-content\/uploads\/2025\/07\/Multi-Layer-Acrylic-Display-Stand-3-100x100.jpg 100w\" sizes=\"(max-width: 800px) 100vw, 800px\" \/><\/a><\/p>\n<h3 id=\"-section-4-the-art-of-presentation-the-unrivaled-show-impact-\"><strong>Section 4 : L'art de la pr\u00e9sentation - L'impact in\u00e9gal\u00e9 du spectacle\u00a0<\/strong>.<\/h3>\n<p>Un stand bien con\u00e7u ne se contente pas de contenir des produits, il les am\u00e9liore, cr\u00e9ant ainsi une exp\u00e9rience pour le client.<\/p>\n<ul>\n<li><strong>Un th\u00e9\u00e2tre en rond :\u00a0<\/strong>Le produit tr\u00e8s transparent permet d'appr\u00e9cier votre collection sur 360 degr\u00e9s, sans angle mort. Le public peut appr\u00e9cier chaque \u00e9l\u00e9ment de vos antiquit\u00e9s, depuis les informations en face avant jusqu'aux pr\u00e9sentations complexes au dos et sur les c\u00f4t\u00e9s.<\/li>\n<li><strong>La danse de la lumi\u00e8re et des t\u00e9n\u00e8bres :\u00a0<\/strong>Lorsque la lumi\u00e8re ambiante ou consacr\u00e9e traverse l'acrylique cristallin, elle projette d'\u00e9l\u00e9gants effets de lumi\u00e8re et d'obscurit\u00e9 sur vos articles. Cette interaction de la lumi\u00e8re conf\u00e8re \u00e0 l'\u00e9cran d'affichage un aspect professionnel, digne d'un mus\u00e9e, ce qui am\u00e9liore consid\u00e9rablement l'exp\u00e9rience d'achat et donne plus de vie \u00e0 chaque article.<\/li>\n<li><strong>La clart\u00e9 curative : Votre propre \u201cpetite salle d'\u00e9v\u00e9nements\u201d :\u00a0<\/strong>Le style multicouche et cloisonn\u00e9 est id\u00e9al pour le classement. Classez votre collection par collection, par motif, par musicien ou par couleur. Cette strat\u00e9gie claire et bien organis\u00e9e n'est pas seulement satisfaisante d'un point de vue esth\u00e9tique, elle permet \u00e9galement aux visiteurs d'identifier et d'appr\u00e9cier rapidement les diff\u00e9rentes parties de votre collection. Elle transforme une simple vari\u00e9t\u00e9 en une \u201cpetite salle d'\u00e9v\u00e9nements\u201d soigneusement organis\u00e9e, qui raconte une histoire significative.<\/li>\n<\/ul>\n<h3 id=\"-area-5-from-home-shelter-to-retail-showcase-versatile-circumstances-\"><strong>Domaine 5 : De l'abri domestique \u00e0 la vitrine de vente au d\u00e9tail - des circonstances vari\u00e9es\u00a0<\/strong>.<\/h3>\n<p>La sophistication et la polyvalence de nos stands les rendent parfaitement adapt\u00e9s \u00e0 une grande vari\u00e9t\u00e9 d'applications.<\/p>\n<ul>\n<li><strong>Pour l'agence de recouvrement \u00e0 domicile :\u00a0<\/strong>Transformez un coin de votre salon, de votre bureau ou de votre chambre \u00e0 coucher en un \u201cbord d'\u00e9cran de collection\u201d. Ce support devient une d\u00e9claration honor\u00e9e de votre enthousiasme et un point de mire spectaculaire qui met en valeur vos go\u00fbts personnels. C'est un sujet de discussion et une source de bonheur quotidien lorsque vous appr\u00e9ciez votre collection magnifiquement arrang\u00e9e.<\/li>\n<li><strong>Pour le vendeur sp\u00e9cialis\u00e9 :\u00a0<\/strong>Dans un magasin de jouets, un studio de num\u00e9rotation ou une boutique \u00e0 la mode, la discussion est essentielle. Nos stands sont des \u201cvendeurs silencieux\u201d efficaces. Ils mettent clairement en \u00e9vidence l'attrait et les d\u00e9tails du produit, suscitant l'int\u00e9r\u00eat du client et d\u00e9veloppant une ambiance haut de gamme et arrang\u00e9e pour votre magasin. Un \u00e9cran d'affichage \u00e9l\u00e9gant augmente la valeur per\u00e7ue de vos produits et contribue directement \u00e0 une meilleure exp\u00e9rience du consommateur et \u00e0 une augmentation des ventes.<\/li>\n<\/ul>\n<p><a href=\"https:\/\/customacrylicproduct.com\/fr\/custom-acrylic-displays\/\"><img decoding=\"async\" class=\"aligncenter wp-image-722 size-full\" src=\"https:\/\/customacrylicproduct.com\/wp-content\/uploads\/2025\/07\/Multi-Layer-Acrylic-Display-Stand-1.jpg\" alt=\"Pr\u00e9sentoirs en acrylique multicouches\" width=\"800\" height=\"800\" srcset=\"https:\/\/customacrylicproduct.com\/wp-content\/uploads\/2025\/07\/Multi-Layer-Acrylic-Display-Stand-1.jpg 800w, https:\/\/customacrylicproduct.com\/wp-content\/uploads\/2025\/07\/Multi-Layer-Acrylic-Display-Stand-1-300x300.jpg 300w, https:\/\/customacrylicproduct.com\/wp-content\/uploads\/2025\/07\/Multi-Layer-Acrylic-Display-Stand-1-150x150.jpg 150w, https:\/\/customacrylicproduct.com\/wp-content\/uploads\/2025\/07\/Multi-Layer-Acrylic-Display-Stand-1-768x768.jpg 768w, https:\/\/customacrylicproduct.com\/wp-content\/uploads\/2025\/07\/Multi-Layer-Acrylic-Display-Stand-1-12x12.jpg 12w, https:\/\/customacrylicproduct.com\/wp-content\/uploads\/2025\/07\/Multi-Layer-Acrylic-Display-Stand-1-600x600.jpg 600w, https:\/\/customacrylicproduct.com\/wp-content\/uploads\/2025\/07\/Multi-Layer-Acrylic-Display-Stand-1-100x100.jpg 100w\" sizes=\"(max-width: 800px) 100vw, 800px\" \/><\/a><\/p>\n<h3 id=\"-area-6-simpleness-in-type-and-function-easy-installment-upkeep-\"><strong>Domaine 6 : Simplicit\u00e9 du type et de la fonction - Facilit\u00e9 d'installation et d'entretien\u00a0<\/strong>.<\/h3>\n<p>Nous pensons qu'une mise en page sophistiqu\u00e9e doit s'accompagner d'une simplicit\u00e9 directe.<\/p>\n<ul>\n<li><strong>Mise en place intuitive, sans outil :\u00a0<\/strong>La structure modulaire d'\u00e9pissage est con\u00e7ue pour une installation simple et rapide. Aucun outil complexe ou comp\u00e9tence technologique n'est n\u00e9cessaire. En suivant les instructions simples, les \u00e9l\u00e9ments s'embo\u00eetent en toute s\u00e9curit\u00e9, ce qui vous permet de monter ou de d\u00e9monter votre support en quelques minutes. Vous pouvez ainsi d\u00e9placer, nettoyer ou reconfigurer votre \u00e9cran en fonction de vos besoins.<\/li>\n<li><strong>Lustre \u00e0 long terme, entretien facile :\u00a0<\/strong>Il est facile de conserver cet aspect cristallin. La surface acrylique lisse et non poreuse ne dissimule pas la poussi\u00e8re. Pour l'entretien quotidien, il suffit de passer un chiffon doux et parfaitement sec pour se d\u00e9barrasser de la poussi\u00e8re et des traces de doigts. Votre stand restera transparent et propre, garantissant que l'effet d'affichage de votre collection est constamment sur Internet et toujours remarquable.<\/li>\n<\/ul>\n<p><strong>Cessez de cacher votre collection. Commencez \u00e0 la comm\u00e9morer. Appelez-nous d\u00e8s aujourd'hui pour commencer \u00e0 concevoir votre collection personnalis\u00e9e. <a href=\"https:\/\/customacrylicproduct.com\/fr\/custom-acrylic-displays\/\">pr\u00e9sentoir acrylique multicouche<\/a> et produire la salle d'\u00e9v\u00e9nement sp\u00e9cial que votre int\u00e9r\u00eat devrait avoir.\u00a0<\/strong>.<\/p>","protected":false},"excerpt":{"rendered":"<p>Rehaussez votre collection avec un pr\u00e9sentoir acrylique multicouche personnalis\u00e9. Nous fabriquons des pr\u00e9sentoirs sur mesure pour mettre en valeur des figurines, des produits cosm\u00e9tiques ou des articles de vente au d\u00e9tail. Obtenez un look durable, moderne et sans encombrement pour votre maison ou votre entreprise. Concevez votre support de stockage id\u00e9al et obtenez un devis d\u00e8s aujourd'hui !<\/p>","protected":false},"featured_media":726,"template":"","meta":{"_kad_post_transparent":"default","_kad_post_title":"","_kad_post_layout":"default","_kad_post_sidebar_id":"","_kad_post_content_style":"default","_kad_post_vertical_padding":"default","_kad_post_feature":"","_kad_post_feature_position":"","_kad_post_header":false,"_kad_post_footer":false,"_kad_post_classname":""},"product_brand":[],"product_cat":[15],"product_tag":[72,46,71],"class_list":{"0":"post-721","1":"product","2":"type-product","3":"status-publish","4":"has-post-thumbnail","6":"product_cat-custom-acrylic-displays","7":"product_tag-acrylic-display-stand","8":"product_tag-custom-acrylic-display-stands","9":"product_tag-multi-layer-acrylic-display-stand","11":"first","12":"instock","13":"shipping-taxable","14":"product-type-simple","15":"entry","16":"content-bg","17":"loop-entry"},"_links":{"self":[{"href":"https:\/\/customacrylicproduct.com\/fr\/wp-json\/wp\/v2\/product\/721","targetHints":{"allow":["GET"]}}],"collection":[{"href":"https:\/\/customacrylicproduct.com\/fr\/wp-json\/wp\/v2\/product"}],"about":[{"href":"https:\/\/customacrylicproduct.com\/fr\/wp-json\/wp\/v2\/types\/product"}],"wp:featuredmedia":[{"embeddable":true,"href":"https:\/\/customacrylicproduct.com\/fr\/wp-json\/wp\/v2\/media\/726"}],"wp:attachment":[{"href":"https:\/\/customacrylicproduct.com\/fr\/wp-json\/wp\/v2\/media?parent=721"}],"wp:term":[{"taxonomy":"product_brand","embeddable":true,"href":"https:\/\/customacrylicproduct.com\/fr\/wp-json\/wp\/v2\/product_brand?post=721"},{"taxonomy":"product_cat","embeddable":true,"href":"https:\/\/customacrylicproduct.com\/fr\/wp-json\/wp\/v2\/product_cat?post=721"},{"taxonomy":"product_tag","embeddable":true,"href":"https:\/\/customacrylicproduct.com\/fr\/wp-json\/wp\/v2\/product_tag?post=721"}],"curies":[{"name":"wp","href":"https:\/\/api.w.org\/{rel}","templated":true}]}}