{"id":733,"date":"2025-07-07T13:20:48","date_gmt":"2025-07-07T13:20:48","guid":{"rendered":"https:\/\/customacrylicproduct.com\/?post_type=product&#038;p=733"},"modified":"2025-07-07T13:37:33","modified_gmt":"2025-07-07T13:37:33","slug":"custom-acrylic-puzzles-piece-waterproof-puzzle-photo-jigsaws","status":"publish","type":"product","link":"https:\/\/customacrylicproduct.com\/fr\/custom-acrylic-puzzles-piece-waterproof-puzzle-photo-jigsaws\/","title":{"rendered":"Casse-t\u00eate en acrylique personnalis\u00e9 Casse-t\u00eate imperm\u00e9able Photo Jigsaws"},"content":{"rendered":"<h3 id=\"-title-beyond-the-frame-the-memorable-custom-made-polymer-image-challenge-waterproof-personal-and-made-to-last-\"><strong>Titre : Au-del\u00e0 du cadre : Le d\u00e9fi de l'image m\u00e9morable en polym\u00e8re faite sur mesure - imperm\u00e9able, personnelle et faite pour durer\u00a0<\/strong>.<\/h3>\n<p>\u00c0 l'\u00e8re des photos num\u00e9riques \u00e9ph\u00e9m\u00e8res et des divertissements jetables, nous aspirons \u00e0 des points concrets, significatifs et durables. Nous prenons d'innombrables photos, mais combien durent vraiment ? Nous achetons des puzzles pour un moment de plaisir, mais ils se d\u00e9forment, s'effilochent ou sont ab\u00eem\u00e9s par un simple d\u00e9versement inattendu. Un souvenir ch\u00e9ri m\u00e9rite d'\u00eatre mieux conserv\u00e9, et une activit\u00e9 partag\u00e9e devrait \u00eatre beaucoup plus r\u00e9sistante.<\/p>\n<p>Imaginez un puzzle qui ne se contente pas de capturer un moment, mais qui le pr\u00e9serve dans une qualit\u00e9 \u00e9blouissante et imperm\u00e9able. Imaginez un cadeau qui n'est pas seulement profond\u00e9ment individuel, mais aussi une exp\u00e9rience interactive. Imaginez un souvenir qui peut \u00eatre appr\u00e9ci\u00e9, expos\u00e9 et rev\u00e9cu pendant toute une vie.<\/p>\n<p>Nous sommes fiers de vous pr\u00e9senter l'avenir des puzzles : le\u00a0<a href=\"https:\/\/customacrylicproduct.com\/fr\/custom-acrylic-puzzles-piece-waterproof-puzzle-photo-jigsaws\/\"><strong>D\u00e9fi de l'image en polym\u00e8re personnalis\u00e9\u00a0<\/strong><\/a>. C'est ici que vos souvenirs les plus pr\u00e9cieux rencontrent la recherche scientifique sur les produits modernes. En transformant vos photos personnelles en un puzzle durable, vivant et totalement imperm\u00e9able, nous vous offrons plus qu'un simple objet ; nous vous offrons une toute nouvelle fa\u00e7on d'entrer en contact avec vos souvenirs, de cr\u00e9er un art durable et d'offrir un cadeau absolument remarquable.<\/p>\n<h3 id=\"-section-1-the-product-transformation-engineered-for-infinity-with-waterproof-acrylic-\"><strong>Section 1 : La transformation du produit - con\u00e7u pour l'infini avec de l'acrylique imperm\u00e9able \u00e0 l'eau\u00a0<\/strong>.<\/h3>\n<p>Le c\u0153ur de notre d\u00e9fi repose sur son mat\u00e9riau innovant. Nous avons abandonn\u00e9 le papier fragile et le bois encombrant pour cr\u00e9er nos puzzles \u00e0 partir d'un acrylique de qualit\u00e9 sup\u00e9rieure (plexiglas) sp\u00e9cialement optimis\u00e9, s\u00e9lectionn\u00e9 pour sa r\u00e9silience in\u00e9gal\u00e9e et ses magnifiques propri\u00e9t\u00e9s esth\u00e9tiques r\u00e9sidentielles.<\/p>\n<ul>\n<li><strong>L'option ultime pour r\u00e9sister \u00e0 l'eau et \u00e0 l'humidit\u00e9 :\u00a0<\/strong>C'est la caract\u00e9ristique qui change tout. Notre acrylique est naturellement r\u00e9sistant \u00e0 l'eau. Cela signifie qu'il est insensible aux d\u00e9versements, \u00e0 l'humidit\u00e9 et \u00e0 la moiteur. Vous renversez involontairement un verre d'eau ? Aucun probl\u00e8me. Vous voulez r\u00e9soudre un probl\u00e8me dans un environnement humide ou dans l'atmosph\u00e8re d'une cuisine ou d'une salle de bains ? Allez-y \u00e0 l'avance. Contrairement aux puzzles en papier conventionnels qui se d\u00e9forment, s'\u00e9caillent et sont imm\u00e9diatement endommag\u00e9s au contact d'un liquide, nos puzzles en acrylique restent totalement intacts. Cette particularit\u00e9 fait passer l'objet d'une activit\u00e9 de loisir d\u00e9licate \u00e0 une activit\u00e9 robuste et sans souci, ce qui am\u00e9liore consid\u00e9rablement sa long\u00e9vit\u00e9 et sa facilit\u00e9 d'utilisation.<\/li>\n<li><strong>Construit pour une satisfaction \u00e0 vie :\u00a0<\/strong>La r\u00e9silience va au-del\u00e0 de la r\u00e9sistance \u00e0 l'eau. Le mat\u00e9riau acrylique est rigide et insensible \u00e0 la flexion, \u00e0 la fissuration ou \u00e0 la d\u00e9formation avec le temps. Chaque article est con\u00e7u pour r\u00e9sister \u00e0 des montages et d\u00e9montages r\u00e9p\u00e9t\u00e9s sans que les languettes ne se d\u00e9chirent ou que l'image ne se d\u00e9tache. Il s'agit d'un article con\u00e7u non pas pour un usage solitaire, mais pour des g\u00e9n\u00e9rations de plaisir.<\/li>\n<\/ul>\n<p><a href=\"https:\/\/customacrylicproduct.com\/fr\/custom-acrylic-puzzles-piece-waterproof-puzzle-photo-jigsaws\/\"><img fetchpriority=\"high\" decoding=\"async\" class=\"wp-image-735 size-full aligncenter\" src=\"https:\/\/customacrylicproduct.com\/wp-content\/uploads\/2025\/07\/Custom-Acrylic-Puzzles-2.jpg\" alt=\"Puzzles en acrylique personnalis\u00e9s\" width=\"800\" height=\"800\" srcset=\"https:\/\/customacrylicproduct.com\/wp-content\/uploads\/2025\/07\/Custom-Acrylic-Puzzles-2.jpg 800w, https:\/\/customacrylicproduct.com\/wp-content\/uploads\/2025\/07\/Custom-Acrylic-Puzzles-2-300x300.jpg 300w, https:\/\/customacrylicproduct.com\/wp-content\/uploads\/2025\/07\/Custom-Acrylic-Puzzles-2-150x150.jpg 150w, https:\/\/customacrylicproduct.com\/wp-content\/uploads\/2025\/07\/Custom-Acrylic-Puzzles-2-768x768.jpg 768w, https:\/\/customacrylicproduct.com\/wp-content\/uploads\/2025\/07\/Custom-Acrylic-Puzzles-2-12x12.jpg 12w, https:\/\/customacrylicproduct.com\/wp-content\/uploads\/2025\/07\/Custom-Acrylic-Puzzles-2-600x600.jpg 600w, https:\/\/customacrylicproduct.com\/wp-content\/uploads\/2025\/07\/Custom-Acrylic-Puzzles-2-100x100.jpg 100w\" sizes=\"(max-width: 800px) 100vw, 800px\" \/><\/a><\/p>\n<h3 id=\"-area-2-the-heart-of-the-matter-your-story-piece-by-piece-with-endless-personalization-\"><strong>Domaine 2 : Le c\u0153ur du sujet - Votre histoire, pi\u00e8ce par pi\u00e8ce, avec une personnalisation infinie\u00a0<\/strong>.<\/h3>\n<p>C'est l\u00e0 que le d\u00e9fi devient le v\u00f4tre. Notre mission principale est de vous offrir une toile pour votre cr\u00e9ativit\u00e9 et votre amour. Notre plateforme permet une personnalisation compl\u00e8te afin de transformer un probl\u00e8me facile en un artefact profond\u00e9ment individuel.<\/p>\n<ul>\n<li><strong>Vos photos, votre art, vos mots :\u00a0<\/strong>.<\/li>\n<li><strong>Photographies :\u00a0<\/strong>Publiez vos photos les plus pr\u00e9cieuses : une photo de famille spectaculaire, une photo honn\u00eate de votre animal de compagnie, un paysage \u00e0 couper le souffle pris lors de vacances m\u00e9morables ou une photo charmante de votre mariage.<\/li>\n<li><strong>Mod\u00e8les :\u00a0<\/strong>Pour les musiciens, les d\u00e9veloppeurs et les marques, nous pouvons recr\u00e9er n'importe quel type de motif, qu'il s'agisse de motifs imaginatifs \u00e9labor\u00e9s, de personnalit\u00e9s anim\u00e9es de jeunes ou de marques et de logos d'entreprise innovants.<\/li>\n<li><strong>Texte :\u00a0<\/strong>Ajoutez une derni\u00e8re touche authentique. Superposez \u00e0 la photo un message sp\u00e9cial, une date comm\u00e9morative, une citation significative ou un simple \u201cBonne f\u00eate d'anniversaire\u201d.<\/li>\n<li><strong>Une impression de pointe pour une reproduction sans faille :\u00a0<\/strong>Nous utilisons une technologie d'impression innovante et de haute d\u00e9finition pour transf\u00e9rer votre image directement sur l'acrylique. Ce proc\u00e9d\u00e9 garantit que chaque information est captur\u00e9e avec une clart\u00e9 spectaculaire, que les nuances sont rendues avec une vibrance \u00e9blouissante et que l'image finale est nette, claire et fid\u00e8le \u00e0 votre initiale.<\/li>\n<li><strong>Une exp\u00e9rience sur mesure :\u00a0<\/strong>La modification ne s'arr\u00eate pas \u00e0 la photo. Vous r\u00e9glez la difficult\u00e9 et la port\u00e9e.<\/li>\n<li><strong>Mati\u00e8re et dimension de l'article :\u00a0<\/strong>Nous pouvons d\u00e9velopper des d\u00e9fis pour r\u00e9pondre \u00e0 n'importe quelle exigence. Choisissez un petit nombre de grandes pi\u00e8ces faciles \u00e0 manipuler pour le premier jeu \u00e9ducatif d'un enfant, un probl\u00e8me de base de 500 pi\u00e8ces pour une t\u00e2che m\u00e9nag\u00e8re relaxante, ou une \u0153uvre d'art difficile de plus de 1000 pi\u00e8ces pour l'adulte enthousiaste. Les dimensions g\u00e9n\u00e9rales du d\u00e9fi sont en outre totalement personnalisables pour s'adapter \u00e0 votre espace et \u00e0 votre vision.<\/li>\n<\/ul>\n<p><a href=\"https:\/\/customacrylicproduct.com\/fr\/custom-acrylic-puzzles-piece-waterproof-puzzle-photo-jigsaws\/\"><img decoding=\"async\" class=\"aligncenter wp-image-736 size-full\" src=\"https:\/\/customacrylicproduct.com\/wp-content\/uploads\/2025\/07\/Custom-Acrylic-Puzzles-3.jpg\" alt=\"Puzzles en acrylique personnalis\u00e9s\" width=\"800\" height=\"800\" srcset=\"https:\/\/customacrylicproduct.com\/wp-content\/uploads\/2025\/07\/Custom-Acrylic-Puzzles-3.jpg 800w, https:\/\/customacrylicproduct.com\/wp-content\/uploads\/2025\/07\/Custom-Acrylic-Puzzles-3-300x300.jpg 300w, https:\/\/customacrylicproduct.com\/wp-content\/uploads\/2025\/07\/Custom-Acrylic-Puzzles-3-150x150.jpg 150w, https:\/\/customacrylicproduct.com\/wp-content\/uploads\/2025\/07\/Custom-Acrylic-Puzzles-3-768x768.jpg 768w, https:\/\/customacrylicproduct.com\/wp-content\/uploads\/2025\/07\/Custom-Acrylic-Puzzles-3-12x12.jpg 12w, https:\/\/customacrylicproduct.com\/wp-content\/uploads\/2025\/07\/Custom-Acrylic-Puzzles-3-600x600.jpg 600w, https:\/\/customacrylicproduct.com\/wp-content\/uploads\/2025\/07\/Custom-Acrylic-Puzzles-3-100x100.jpg 100w\" sizes=\"(max-width: 800px) 100vw, 800px\" \/><\/a><\/p>\n<h3 id=\"-area-3-a-banquet-for-the-eyes-and-hands-the-visual-and-responsive-experience-\"><strong>Domaine 3 : Un banquet pour les yeux et les mains - L'exp\u00e9rience visuelle et r\u00e9active\u00a0<\/strong>.<\/h3>\n<p>Un excellent probl\u00e8me n'engage pas seulement l'esprit, il ravit les sens. Nous avons m\u00e9ticuleusement con\u00e7u chaque facette de nos probl\u00e8mes pour vous offrir une exp\u00e9rience de premier ordre d\u00e8s l'ouverture de l'emballage.<\/p>\n<ul>\n<li><strong>Une apparition brillante :\u00a0<\/strong>Le puissant passage de la lumi\u00e8re du polym\u00e8re conf\u00e8re au probl\u00e8me une qualit\u00e9 lumineuse, pratiquement tridimensionnelle. Le motif imprim\u00e9 appara\u00eet remarquablement brillant et complet, comme s'il \u00e9tait \u00e9clair\u00e9 de l'int\u00e9rieur. Une fois enti\u00e8rement assembl\u00e9, le d\u00e9fi pr\u00e9sente une structure claire et sans faille qui en fait un magnifique objet d\u00e9coratif \u00e0 part enti\u00e8re, pr\u00eat \u00e0 \u00eatre montr\u00e9 et admir\u00e9.<\/li>\n<li><strong>L'ajustement et la finition parfaits :\u00a0<\/strong>Chaque pi\u00e8ce de puzzle est d\u00e9coup\u00e9e avec pr\u00e9cision \u00e0 l'aide d'une technologie laser moderne sophistiqu\u00e9e. Cela permet d'obtenir des lignes nettes et un excellent embo\u00eetement qui donne un \u201cclaquement\u201d satisfaisant lorsque vous connectez les pi\u00e8ces. Les c\u00f4t\u00e9s sont ensuite soigneusement \u00e9claircis pour \u00eatre parfaitement lisses et sans bavures, ce qui contribue non seulement \u00e0 la sensation de co\u00fbt, mais rend \u00e9galement le puzzle s\u00fbr et confortable \u00e0 manipuler, y compris pour les jeunes enfants.<\/li>\n<li><strong>Une exp\u00e9rience d'\u00e9pissage in\u00e9gal\u00e9e :\u00a0<\/strong>Les pi\u00e8ces sont raisonnablement dures, ce qui leur conf\u00e8re une sensation de qualit\u00e9 sup\u00e9rieure, mais elles sont nettement plus l\u00e9g\u00e8res que les pi\u00e8ces de puzzle en bois, ce qui les rend tr\u00e8s faciles \u00e0 saisir et \u00e0 man\u0153uvrer. La caract\u00e9ristique imperm\u00e9able \u00e0 l'eau de la marque offre une adaptabilit\u00e9 in\u00e9gal\u00e9e \u00e0 l'endroit o\u00f9 vous jouez. R\u00e9jouissez-vous d'une activit\u00e9 familiale sur le sol, d'un obstacle en solo sur votre ordinateur de bureau, ou emmenez-le sur le patio ou dans la salle de bains. Si de l'eau ou une boisson se r\u00e9pand \u00e0 l'ext\u00e9rieur pendant le jeu, un simple nettoyage \u00e0 l'aide d'un chiffon mouill\u00e9 suffit pour le nettoyer, sans endommager la photo ou la pi\u00e8ce elle-m\u00eame.<\/li>\n<\/ul>\n<h3 id=\"-area-4-from-playtime-to-valuable-a-puzzle-for-each-circumstance-\"><strong>Domaine 4 : De la r\u00e9cr\u00e9ation \u00e0 la valeur ajout\u00e9e - Un puzzle pour chaque circonstance\u00a0<\/strong>.<\/h3>\n<p>Le m\u00e9lange distinct de personnalisation et de r\u00e9silience fait de notre <a href=\"https:\/\/customacrylicproduct.com\/fr\/custom-acrylic-puzzles-piece-waterproof-puzzle-photo-jigsaws\/\">puzzles en acrylique<\/a> incroyablement flexible, s'adaptant parfaitement \u00e0 une grande vari\u00e9t\u00e9 de moments de la vie.<\/p>\n<ul>\n<li><strong>Pour une d\u00e9coration exquise de la maison :\u00a0<\/strong>Compensez un d\u00e9fi en incluant une magnifique photo de famille. Une fois termin\u00e9, la surface brillante et la haute qualit\u00e9 du puzzle en font une \u0153uvre d'art id\u00e9ale. Montez-le et accrochez-le dans votre salon ou votre chambre. Plus qu'une simple photo, il s'agit du prix d'une r\u00e9ussite commune et d'un magnifique d\u00e9cor de c\u00e9l\u00e9bration.<\/li>\n<li><strong>Pour des jouets attrayants pour les enfants :\u00a0<\/strong>Cr\u00e9ez un puzzle pour votre enfant en y incluant sa personnalit\u00e9 d'animation pr\u00e9f\u00e9r\u00e9e ou une photo acad\u00e9mique amusante. Gr\u00e2ce \u00e0 ses \u00e9l\u00e9ments \u00e9normes et faciles \u00e0 saisir et \u00e0 sa nature totalement imperm\u00e9able, c'est un excellent jouet pour jouer dans les toilettes ou \u00e0 la table de la cuisine. C'est une m\u00e9thode amusante et interactive pour d\u00e9velopper les capacit\u00e9s d'analyse, et vous n'aurez jamais \u00e0 craindre qu'il ne s'ab\u00eeme.<\/li>\n<li><strong>Pour un cadeau personnalis\u00e9 parfait :\u00a0<\/strong>Vous cherchez un cadeau d'anniversaire ou de vacances qui sorte de l'ordinaire ? Un d\u00e9fi acrylique exclusif est la solution. Il est r\u00e9fl\u00e9chi, imaginatif et offre une exp\u00e9rience interactive au destinataire. Vous ne vous contentez pas d'offrir un article ; vous offrez une t\u00e2che amusante et un souvenir imp\u00e9rissable, le tout dans un ensemble attrayant.<\/li>\n<li><strong>Pour une promotion commerciale innovante :\u00a0<\/strong>Pour les entreprises, un probl\u00e8me personnalis\u00e9 publi\u00e9 avec le logo de votre marque ou une image de marque est un excellent outil de marketing. Offrez-le lors d'\u00e9v\u00e9nements ou comme souvenir pour les consommateurs. Contrairement \u00e0 un stylo ou \u00e0 un d\u00e9pliant, un d\u00e9fi est un objet interactif qui demande de la participation, ce qui cr\u00e9e un lien beaucoup plus fort et beaucoup plus remarquable avec votre marque.<\/li>\n<\/ul>\n<p><a href=\"https:\/\/customacrylicproduct.com\/fr\/custom-acrylic-crafts\/\"><img decoding=\"async\" class=\"aligncenter wp-image-734 size-full\" src=\"https:\/\/customacrylicproduct.com\/wp-content\/uploads\/2025\/07\/Custom-Acrylic-Puzzles-1.jpg\" alt=\"Puzzles en acrylique personnalis\u00e9s\" width=\"800\" height=\"800\" srcset=\"https:\/\/customacrylicproduct.com\/wp-content\/uploads\/2025\/07\/Custom-Acrylic-Puzzles-1.jpg 800w, https:\/\/customacrylicproduct.com\/wp-content\/uploads\/2025\/07\/Custom-Acrylic-Puzzles-1-300x300.jpg 300w, https:\/\/customacrylicproduct.com\/wp-content\/uploads\/2025\/07\/Custom-Acrylic-Puzzles-1-150x150.jpg 150w, https:\/\/customacrylicproduct.com\/wp-content\/uploads\/2025\/07\/Custom-Acrylic-Puzzles-1-768x768.jpg 768w, https:\/\/customacrylicproduct.com\/wp-content\/uploads\/2025\/07\/Custom-Acrylic-Puzzles-1-12x12.jpg 12w, https:\/\/customacrylicproduct.com\/wp-content\/uploads\/2025\/07\/Custom-Acrylic-Puzzles-1-600x600.jpg 600w, https:\/\/customacrylicproduct.com\/wp-content\/uploads\/2025\/07\/Custom-Acrylic-Puzzles-1-100x100.jpg 100w\" sizes=\"(max-width: 800px) 100vw, 800px\" \/><\/a><\/p>\n<h3 id=\"-area-5-beyond-the-puzzle-the-added-value-of-a-premium-experience-\"><strong>Domaine 5 : Au-del\u00e0 du puzzle - La valeur ajout\u00e9e d'une exp\u00e9rience haut de gamme\u00a0<\/strong>.<\/h3>\n<p>Notre \u00e9quipe estime qu'un produit de qualit\u00e9 sup\u00e9rieure a droit \u00e0 une exp\u00e9rience co\u00fbteuse du d\u00e9but \u00e0 la fin.<\/p>\n<ul>\n<li><strong>Emballage du produit personnalis\u00e9 :\u00a0<\/strong>Am\u00e9liorez vos cadeaux en optant pour un emballage sur mesure. Nous pouvons cr\u00e9er une belle bo\u00eete-cadeau solide contenant la m\u00eame photo que le puzzle, cr\u00e9ant ainsi une discussion coh\u00e9rente et de haute qualit\u00e9 qui suscite l'enthousiasme d\u00e8s le premier coup d'\u0153il.<\/li>\n<li><strong>\u00c9quipement accessoire utile :\u00a0<\/strong>Afin de rendre l'exp\u00e9rience agr\u00e9able pour tous les niveaux de comp\u00e9tence, certains choix consistent en des outils accessoires d'\u00e9pissage, tels qu'une image de recommandation en taille r\u00e9elle pour vous guider ou un tableau de positionnement pour vous aider \u00e0 organiser les \u00e9l\u00e9ments.<\/li>\n<li><strong>Le pr\u00e9sent de la rejouabilit\u00e9 :\u00a0<\/strong>La solidit\u00e9 exceptionnelle du produit acrylique permet de relever le d\u00e9fi encore et encore. Il peut s'agir d'une pratique domestique, tir\u00e9e \u00e0 chaque f\u00eate, ou d'un obstacle personnel \u00e0 surmonter constamment. Il est con\u00e7u pour \u00eatre conserv\u00e9 pendant de longues p\u00e9riodes sans \u00eatre endommag\u00e9, devenant ainsi un fournisseur de souvenirs festifs que vous pouvez physiquement exp\u00e9rimenter encore et encore.<\/li>\n<\/ul>\n<p><strong>Ne laissez plus vos plus beaux souvenirs s'effacer sur un \u00e9cran. Cessez de vous stresser pour des activit\u00e9s d\u00e9licates et jetables. Il est temps de transformer vos photos en une \u0153uvre d'art tangible, \u00e9tonnante et interactive qui durera toute une vie. Cr\u00e9ez d\u00e8s aujourd'hui votre d\u00e9fi photo acrylique sur mesure et rassemblez les moments qui comptent le plus.\u00a0<\/strong>.<\/p>","protected":false},"excerpt":{"rendered":"<p>Transformez votre photo pr\u00e9f\u00e9r\u00e9e en un superbe puzzle acrylique personnalis\u00e9 ! Nos puzzles photo imperm\u00e9ables sont fabriqu\u00e9s \u00e0 partir d'acrylique durable et de haute qualit\u00e9, ce qui en fait un souvenir durable. C'est le cadeau personnalis\u00e9 id\u00e9al pour les mariages, les anniversaires ou toute autre occasion sp\u00e9ciale. Une fa\u00e7on unique de pr\u00e9server vos souvenirs !<\/p>","protected":false},"featured_media":738,"template":"","meta":{"_kad_post_transparent":"default","_kad_post_title":"","_kad_post_layout":"default","_kad_post_sidebar_id":"","_kad_post_content_style":"default","_kad_post_vertical_padding":"default","_kad_post_feature":"","_kad_post_feature_position":"","_kad_post_header":false,"_kad_post_footer":false,"_kad_post_classname":""},"product_brand":[],"product_cat":[20],"product_tag":[77,65,76],"class_list":{"0":"post-733","1":"product","2":"type-product","3":"status-publish","4":"has-post-thumbnail","6":"product_cat-custom-acrylic-crafts","7":"product_tag-acrylic-puzzles","8":"product_tag-custom-acrylic-crafts","9":"product_tag-custom-acrylic-puzzles","11":"first","12":"instock","13":"shipping-taxable","14":"product-type-simple","15":"entry","16":"content-bg","17":"loop-entry"},"_links":{"self":[{"href":"https:\/\/customacrylicproduct.com\/fr\/wp-json\/wp\/v2\/product\/733","targetHints":{"allow":["GET"]}}],"collection":[{"href":"https:\/\/customacrylicproduct.com\/fr\/wp-json\/wp\/v2\/product"}],"about":[{"href":"https:\/\/customacrylicproduct.com\/fr\/wp-json\/wp\/v2\/types\/product"}],"wp:featuredmedia":[{"embeddable":true,"href":"https:\/\/customacrylicproduct.com\/fr\/wp-json\/wp\/v2\/media\/738"}],"wp:attachment":[{"href":"https:\/\/customacrylicproduct.com\/fr\/wp-json\/wp\/v2\/media?parent=733"}],"wp:term":[{"taxonomy":"product_brand","embeddable":true,"href":"https:\/\/customacrylicproduct.com\/fr\/wp-json\/wp\/v2\/product_brand?post=733"},{"taxonomy":"product_cat","embeddable":true,"href":"https:\/\/customacrylicproduct.com\/fr\/wp-json\/wp\/v2\/product_cat?post=733"},{"taxonomy":"product_tag","embeddable":true,"href":"https:\/\/customacrylicproduct.com\/fr\/wp-json\/wp\/v2\/product_tag?post=733"}],"curies":[{"name":"wp","href":"https:\/\/api.w.org\/{rel}","templated":true}]}}