{"id":739,"date":"2025-07-08T03:47:34","date_gmt":"2025-07-08T03:47:34","guid":{"rendered":"https:\/\/customacrylicproduct.com\/?post_type=product&#038;p=739"},"modified":"2025-07-08T03:53:56","modified_gmt":"2025-07-08T03:53:56","slug":"colored-transparent-extruded-acrylic-square-rods-suppliers","status":"publish","type":"product","link":"https:\/\/customacrylicproduct.com\/fr\/colored-transparent-extruded-acrylic-square-rods-suppliers\/","title":{"rendered":"Tiges carr\u00e9es en acrylique extrud\u00e9 color\u00e9 et transparent Fournisseurs"},"content":{"rendered":"<h3 id=\"-raise-your-layouts-with-costs-colored-transparent-extruded-acrylic-square-rods-\"><strong>Am\u00e9liorez vos pr\u00e9sentations avec les tiges carr\u00e9es en acrylique extrud\u00e9 transparent color\u00e9 Costs\u00a0<\/strong>.<\/h3>\n<p>Nous vous invitons au premier lieu de rencontre des designers, architectes, fabricants et cr\u00e9ateurs \u00e0 la recherche d'un m\u00e9lange id\u00e9al d'\u00e9clat visuel et d'endurance utile. Nos transparents color\u00e9s <a href=\"https:\/\/customacrylicproduct.com\/fr\/colored-transparent-extruded-acrylic-square-rods-suppliers\/\">Tiges carr\u00e9es en polym\u00e8re extrud\u00e9<\/a> sont plus qu'un simple produit ; ils sont une porte d'entr\u00e9e vers le d\u00e9veloppement, offrant une gamme vivante de possibilit\u00e9s limit\u00e9es uniquement par votre cr\u00e9ativit\u00e9. Alliant la qualit\u00e9 du verre \u00e0 une long\u00e9vit\u00e9 et une adaptabilit\u00e9 remarquables, ces poteaux sont con\u00e7us pour donner vie \u00e0 vos projets les plus ambitieux, qu'il s'agisse de constructions sensationnelles, d'\u00e9talages de vente au d\u00e9tail accrocheurs ou de travaux d'artisanat d\u00e9taill\u00e9s.<\/p>\n<p>D\u00e9couvrez comment notre engagement en faveur d'une qualit\u00e9 \u00e9lev\u00e9e, une vaste palette de couleurs et une proc\u00e9dure de production \u00e9conomique font de nos produits des produits de qualit\u00e9. <a href=\"https:\/\/customacrylicproduct.com\/fr\/colored-transparent-extruded-acrylic-square-rods-suppliers\/\">tiges carr\u00e9es en acrylique<\/a> l'option la plus claire pour les sp\u00e9cialistes et les amateurs.<\/p>\n<h3 id=\"-thorough-description-the-unrivaled-advantage-of-extruded-acrylic-\"><strong>Description d\u00e9taill\u00e9e : L'avantage in\u00e9gal\u00e9 de l'acrylique extrud\u00e9\u00a0<\/strong>.<\/h3>\n<p>Nos poteaux carr\u00e9s sont fabriqu\u00e9s \u00e0 l'aide d'un processus d'extrusion de pointe. Cette technique consiste \u00e0 presser du polym\u00e8re acrylique liqu\u00e9fi\u00e9 \u00e0 travers une fili\u00e8re carr\u00e9e con\u00e7ue avec pr\u00e9cision, ce qui permet d'obtenir un produit pr\u00e9sentant une s\u00e9curit\u00e9 dimensionnelle exceptionnelle, un rev\u00eatement de surface parfait et une circulation constante de l'ombre d'un bout \u00e0 l'autre. Ce processus n'est pas seulement tr\u00e8s efficace, ce qui en fait un service \u00e9conomique, mais il conf\u00e8re \u00e9galement au produit une collection distincte de propri\u00e9t\u00e9s r\u00e9sidentielles qui le distinguent des autres.<\/p>\n<p><strong>1. R\u00e9sistance \u00e9lev\u00e9e aux chocs : Une solidit\u00e9 sur laquelle vous pouvez compter\u00a0<\/strong>.<\/p>\n<p>Dans les applications o\u00f9 la s\u00e9curit\u00e9 et la durabilit\u00e9 sont essentielles, nos barres carr\u00e9es en acrylique extrud\u00e9 offrent une efficacit\u00e9 in\u00e9gal\u00e9e. Avec\u00a0<strong>plus de 10 fois l'effet de r\u00e9sistance d'un article en verre \u00e9quivalent\u00a0<\/strong>, L'acrylique est remarquablement r\u00e9sistant aux chocs. Cette r\u00e9sistance intrins\u00e8que en fait le produit id\u00e9al pour les espaces publics, les sites industriels \u00e0 fort trafic et les habitations.<\/p>\n<ul>\n<li><strong>La s\u00e9curit\u00e9 avant tout :\u00a0<\/strong>Une enseigne qui tombe, un \u00e9cran de vente au d\u00e9tail qui se heurte ou un axe d'escalier dans une maison agit\u00e9e r\u00e9sisteront aux fissures et aux \u00e9clats, ce qui r\u00e9duit consid\u00e9rablement le risque de blessure li\u00e9 \u00e0 un verre endommag\u00e9. Les promoteurs et les utilisateurs finaux peuvent ainsi avoir l'esprit tranquille.<\/li>\n<li><strong>R\u00e9silience R\u00e9silience :\u00a0<\/strong>Les propri\u00e9t\u00e9s r\u00e9sistantes de nos poteaux en acrylique garantissent que vos installations et vos objets r\u00e9sisteront certainement aux rudesses de l'utilisation quotidienne, en pr\u00e9servant leur int\u00e9grit\u00e9 architecturale et leur aspect impeccable pendant plusieurs ann\u00e9es. Cette r\u00e9sistance se traduit par un co\u00fbt global de possession plus faible, avec un besoin marginal de r\u00e9parations ou de remplacements.<\/li>\n<\/ul>\n<p><a href=\"https:\/\/customacrylicproduct.com\/fr\/colored-transparent-extruded-acrylic-square-rods-suppliers\/\"><img fetchpriority=\"high\" decoding=\"async\" class=\"aligncenter wp-image-742 size-full\" src=\"https:\/\/customacrylicproduct.com\/wp-content\/uploads\/2025\/07\/Colored-Square-Acrylic-Rods-3.jpg\" alt=\"Tiges carr\u00e9es color\u00e9es en acrylique\" width=\"800\" height=\"800\" srcset=\"https:\/\/customacrylicproduct.com\/wp-content\/uploads\/2025\/07\/Colored-Square-Acrylic-Rods-3.jpg 800w, https:\/\/customacrylicproduct.com\/wp-content\/uploads\/2025\/07\/Colored-Square-Acrylic-Rods-3-300x300.jpg 300w, https:\/\/customacrylicproduct.com\/wp-content\/uploads\/2025\/07\/Colored-Square-Acrylic-Rods-3-150x150.jpg 150w, https:\/\/customacrylicproduct.com\/wp-content\/uploads\/2025\/07\/Colored-Square-Acrylic-Rods-3-768x768.jpg 768w, https:\/\/customacrylicproduct.com\/wp-content\/uploads\/2025\/07\/Colored-Square-Acrylic-Rods-3-12x12.jpg 12w, https:\/\/customacrylicproduct.com\/wp-content\/uploads\/2025\/07\/Colored-Square-Acrylic-Rods-3-600x600.jpg 600w, https:\/\/customacrylicproduct.com\/wp-content\/uploads\/2025\/07\/Colored-Square-Acrylic-Rods-3-100x100.jpg 100w\" sizes=\"(max-width: 800px) 100vw, 800px\" \/><\/a><\/p>\n<p><strong>2. Remarquablement l\u00e9ger : La force sans l'encombrement\u00a0<\/strong>.<\/p>\n<p>L'un des avantages les plus consid\u00e9rables de l'acrylique est son rapport poids\/r\u00e9sistance exceptionnel. Tout en offrant une durabilit\u00e9 impressionnante, nos tiges carr\u00e9es en acrylique sont\u00a0<strong>la moiti\u00e9 du poids du verre\u00a0<\/strong>. Cette caract\u00e9ristique offre une cascade d'avantages tout au long du cycle de vie de la t\u00e2che :.<\/p>\n<ul>\n<li><strong>All\u00e9ger la manutention et l'installation :\u00a0<\/strong>Les produits plus l\u00e9gers sont moins compliqu\u00e9s \u00e0 transf\u00e9rer, \u00e0 transporter et \u00e0 man\u0153uvrer sur place, ce qui r\u00e9duit les co\u00fbts de main-d'\u0153uvre et la fatigue. Les installations qui n\u00e9cessitent des dispositifs de levage lourds pour le verre peuvent souvent \u00eatre r\u00e9alis\u00e9es \u00e0 la main avec l'acrylique.<\/li>\n<li><strong>R\u00e9duction des prix d'exp\u00e9dition :\u00a0<\/strong>Le poids r\u00e9duit se traduit directement par une livraison et une logistique plus abordables, un aspect essentiel pour les commandes massives des entreprises et les acquisitions sp\u00e9cifiques de plus petite taille.<\/li>\n<li><strong>Assistance architecturale marginale :\u00a0<\/strong>Lors de la cr\u00e9ation d'\u00e9crans d'affichage, d'\u00e9tag\u00e8res ou d'\u00e9l\u00e9ments architecturaux, le poids r\u00e9duit de l'acrylique permet de r\u00e9duire consid\u00e9rablement les besoins en mati\u00e8re de structures de soutien. Cela permet d'obtenir des syst\u00e8mes de montage et des cadres moins complexes, plus \u00e9l\u00e9gants et plus \u00e9conomiques.<\/li>\n<\/ul>\n<p><strong>3. R\u00e9sistance sup\u00e9rieure au climat : Con\u00e7u pour l'int\u00e9rieur et l'ext\u00e9rieur\u00a0<\/strong>.<\/p>\n<p>La commodit\u00e9 est une caract\u00e9ristique essentielle de notre <a href=\"https:\/\/customacrylicproduct.com\/fr\/custom-acrylic-rods-tubes\/\">tiges en acrylique<\/a>, Le polym\u00e8re extrud\u00e9 est intrins\u00e8quement prot\u00e9g\u00e9 contre les intemp\u00e9ries, ce qui le rend tout \u00e0 fait appropri\u00e9 pour une grande vari\u00e9t\u00e9 d'applications int\u00e9rieures et ext\u00e9rieures. Le polym\u00e8re extrud\u00e9 est intrins\u00e8quement prot\u00e9g\u00e9 contre les intemp\u00e9ries, ce qui le rend tout \u00e0 fait appropri\u00e9 pour une grande vari\u00e9t\u00e9 d'applications int\u00e9rieures et ext\u00e9rieures.<\/p>\n<ul>\n<li><strong>UV S\u00e9curit\u00e9 :\u00a0<\/strong>Nos baguettes transparentes teint\u00e9es sont con\u00e7ues pour r\u00e9sister aux effets n\u00e9fastes des rayons ultraviolets. Elles ne jaunissent pas et ne se fragilisent pas lorsqu'elles sont expos\u00e9es \u00e0 la lumi\u00e8re du soleil pendant de longues p\u00e9riodes, ce qui garantit la fid\u00e9lit\u00e9 des nuances dynamiques et de la transparence.<\/li>\n<li><strong>Performance tout temps :\u00a0<\/strong>Qu'il s'agisse de climats humides ou de temp\u00e9ratures glaciales, de pluie ou de vent, nos poteaux en acrylique conservent leur structure physique et leur allure esth\u00e9tique. Cela en fait un choix fiable pour la signalisation ext\u00e9rieure, les accents de b\u00e2timent, les fonctions de cour, et bien plus encore.<\/li>\n<\/ul>\n<p><a href=\"https:\/\/customacrylicproduct.com\/fr\/custom-acrylic-rods-tubes\/\"><img decoding=\"async\" class=\"aligncenter wp-image-744 size-full\" src=\"https:\/\/customacrylicproduct.com\/wp-content\/uploads\/2025\/07\/Colored-Square-Acrylic-Rods-5.jpg\" alt=\"Tiges carr\u00e9es color\u00e9es en acrylique\" width=\"800\" height=\"800\" srcset=\"https:\/\/customacrylicproduct.com\/wp-content\/uploads\/2025\/07\/Colored-Square-Acrylic-Rods-5.jpg 800w, https:\/\/customacrylicproduct.com\/wp-content\/uploads\/2025\/07\/Colored-Square-Acrylic-Rods-5-300x300.jpg 300w, https:\/\/customacrylicproduct.com\/wp-content\/uploads\/2025\/07\/Colored-Square-Acrylic-Rods-5-150x150.jpg 150w, https:\/\/customacrylicproduct.com\/wp-content\/uploads\/2025\/07\/Colored-Square-Acrylic-Rods-5-768x768.jpg 768w, https:\/\/customacrylicproduct.com\/wp-content\/uploads\/2025\/07\/Colored-Square-Acrylic-Rods-5-12x12.jpg 12w, https:\/\/customacrylicproduct.com\/wp-content\/uploads\/2025\/07\/Colored-Square-Acrylic-Rods-5-600x600.jpg 600w, https:\/\/customacrylicproduct.com\/wp-content\/uploads\/2025\/07\/Colored-Square-Acrylic-Rods-5-100x100.jpg 100w\" sizes=\"(max-width: 800px) 100vw, 800px\" \/><\/a><\/p>\n<p><strong>4. Rentable et \u00e9conomique : Aspect haut de gamme, tarif abordable\u00a0<\/strong>.<\/p>\n<p>La r\u00e9alisation d'une finition haut de gamme et esth\u00e9tiquement remarquable ne doit pas n\u00e9cessiter un plan de d\u00e9penses exorbitant. Gr\u00e2ce \u00e0 l'efficacit\u00e9 et \u00e0 la\u00a0<strong>proc\u00e9dure de fabrication \u00e9conomique de l'extrusion\u00a0<\/strong>, Nous pouvons offrir nos <a href=\"https:\/\/customacrylicproduct.com\/fr\/custom-acrylic-rods-tubes\/\">poteaux carr\u00e9s en acrylique<\/a> \u00e0 un tarif nettement plus accessible que des mat\u00e9riaux tels que le verre, le m\u00e9tal ou les composites \u00e0 forte surface. Ce rapport co\u00fbt-efficacit\u00e9 permet d'\u00e9largir la gamme des t\u00e2ches :.<\/p>\n<ul>\n<li><strong>Pour les entreprises :\u00a0<\/strong>Les grands d\u00e9ploiements d'\u00e9l\u00e9ments de vente au d\u00e9tail, d'enseignes ou d'\u00e9l\u00e9ments de d\u00e9coration int\u00e9rieure s'av\u00e8rent financi\u00e8rement judicieux.<\/li>\n<li><strong>Pour une petite entreprise ou une start-up :\u00a0<\/strong>Les start-ups et les entreprises locales peuvent cr\u00e9er des \u00e9crans d'affichage et de marquage sp\u00e9cialis\u00e9s et \u00e9l\u00e9gants sans avoir \u00e0 engager d'\u00e9normes d\u00e9penses d'investissement.<\/li>\n<li><strong>Pour les cr\u00e9ateurs et les amateurs :\u00a0<\/strong>Les d\u00e9veloppeurs individuels et les artisans ont acc\u00e8s \u00e0 un mat\u00e9riel de qualit\u00e9 professionnelle qui leur permet d'exp\u00e9rimenter et de produire un travail de qualit\u00e9 \u00e0 un prix abordable.<\/li>\n<\/ul>\n<p><strong>5. Durable et recyclable : Un choix responsable\u00a0<\/strong>.<\/p>\n<p>Dans le monde d'aujourd'hui, soucieux de l'environnement, le choix des produits est important. Nos poteaux en acrylique extrud\u00e9 sont un choix responsable pour vos travaux. Le polym\u00e8re est un thermoplastique, ce qui signifie qu'il peut \u00eatre fondu et chang\u00e9 sans destruction consid\u00e9rable du produit. A la fin de sa longue et b\u00e9n\u00e9fique vie, notre poteau acrylique\u00a0<strong>peuvent \u00eatre enti\u00e8rement r\u00e9utilis\u00e9s\u00a0<\/strong>, En choisissant un mat\u00e9riau r\u00e9sistant, durable et recyclable, vous exercez une influence positive sur l'environnement. En choisissant un mat\u00e9riau r\u00e9sistant, durable et recyclable, vous exercez une influence positive sur l'environnement.<\/p>\n<h3 id=\"-key-includes-at-a-look-\"><strong>Les principaux \u00e9l\u00e9ments en un coup d'\u0153il\u00a0<\/strong>.<\/h3>\n<ul>\n<li><strong>Couleurs vives et claires Finitions :\u00a0<\/strong>Nos baguettes sont dot\u00e9es d'un fantastique abat-jour transparent d'un bord \u00e0 l'autre qui capte et r\u00e9fracte la lumi\u00e8re, cr\u00e9ant ainsi un effet esth\u00e9tique \u00e9poustouflant. La forme carr\u00e9e permet d'obtenir des lignes nettes et modernes et des surfaces planes adapt\u00e9es \u00e0 la fabrication et \u00e0 la mise en place.<\/li>\n<li><strong>Polyvalent :\u00a0<\/strong>Le m\u00e9lange unique de charme, de r\u00e9sistance et de maniabilit\u00e9 fait que ces poteaux conviennent \u00e0 une liste pratiquement illimit\u00e9e d'applications dans des dizaines de secteurs.<\/li>\n<li><strong>L\u00e9ger :\u00a0<\/strong>Deux fois moins lourd que le verre, il est facile \u00e0 manipuler et \u00e0 installer.<\/li>\n<li><strong>T\u00e9nacit\u00e9 \u00e0 effet \u00e9lev\u00e9 :\u00a0<\/strong>Plus de 10 fois plus r\u00e9sistant que le verre pour une s\u00e9curit\u00e9 et une robustesse remarquables.<\/li>\n<li><strong>\u00c9conomique :\u00a0<\/strong>Un mat\u00e9riau abordable qui offre une apparence de co\u00fbt sans le prix du haut de gamme.<\/li>\n<\/ul>\n<p><a href=\"https:\/\/customacrylicproduct.com\/fr\/custom-acrylic-rods-tubes\/\"><img decoding=\"async\" class=\"aligncenter wp-image-741 size-full\" src=\"https:\/\/customacrylicproduct.com\/wp-content\/uploads\/2025\/07\/Colored-Square-Acrylic-Rods-2.jpg\" alt=\"Tiges carr\u00e9es color\u00e9es en acrylique\" width=\"800\" height=\"800\" srcset=\"https:\/\/customacrylicproduct.com\/wp-content\/uploads\/2025\/07\/Colored-Square-Acrylic-Rods-2.jpg 800w, https:\/\/customacrylicproduct.com\/wp-content\/uploads\/2025\/07\/Colored-Square-Acrylic-Rods-2-300x300.jpg 300w, https:\/\/customacrylicproduct.com\/wp-content\/uploads\/2025\/07\/Colored-Square-Acrylic-Rods-2-150x150.jpg 150w, https:\/\/customacrylicproduct.com\/wp-content\/uploads\/2025\/07\/Colored-Square-Acrylic-Rods-2-768x768.jpg 768w, https:\/\/customacrylicproduct.com\/wp-content\/uploads\/2025\/07\/Colored-Square-Acrylic-Rods-2-12x12.jpg 12w, https:\/\/customacrylicproduct.com\/wp-content\/uploads\/2025\/07\/Colored-Square-Acrylic-Rods-2-600x600.jpg 600w, https:\/\/customacrylicproduct.com\/wp-content\/uploads\/2025\/07\/Colored-Square-Acrylic-Rods-2-100x100.jpg 100w\" sizes=\"(max-width: 800px) 100vw, 800px\" \/><\/a><\/p>\n<h3 id=\"-common-applications-where-creativity-takes-shape-\"><strong>Applications communes : La cr\u00e9ativit\u00e9 prend forme\u00a0<\/strong>.<\/h3>\n<p>L'adaptabilit\u00e9 de nos produits teint\u00e9s <a href=\"https:\/\/customacrylicproduct.com\/fr\/custom-acrylic-rods-tubes\/\">tiges carr\u00e9es en acrylique transparent<\/a> en font un mat\u00e9riau fondamental pour le d\u00e9veloppement. Voici quelques-unes des applications pour lesquelles nos clients ont obtenu des r\u00e9sultats impressionnants :.<\/p>\n<ul>\n<li><strong>Signes et signalisation :\u00a0<\/strong>Cr\u00e9ez des textes dimensionnels spectaculaires, des logos et des syst\u00e8mes d'indication modernes. Les couleurs peuvent renforcer l'identit\u00e9 de la marque, tandis que la durabilit\u00e9 assure la p\u00e9rennit\u00e9, m\u00eame \u00e0 l'ext\u00e9rieur.<\/li>\n<li><strong>Pr\u00e9sentoirs de vente au d\u00e9tail et points de vente (POP) :\u00a0<\/strong>Concevez des supports d'articles accrocheurs, des \u00e9crans de pr\u00e9sentation de produits cosm\u00e9tiques, des porte-bijoux et des \u00e9l\u00e9vateurs. Les couleurs transparentes permettent d'accentuer le produit sans le surcharger.<\/li>\n<li><strong>Design d'int\u00e9rieur et architecture :\u00a0<\/strong>Ces poteaux sont le r\u00eave de tout concepteur. Utilisez-les comme s\u00e9parations attrayantes, comme \u00e9l\u00e9ments de surface murale, comme \u00e9l\u00e9ments d'\u00e9clairage personnalis\u00e9s ou comme \u00e9l\u00e9ments d'ameublement pour ajouter une touche de couleur moderne et de beaut\u00e9 \u00e0 n'importe quel endroit.<\/li>\n<li><strong>Fuseaux de rampe d'escalier :\u00a0<\/strong>Nos tiges carr\u00e9es, une application tr\u00e8s populaire, offrent un choix contemporain et sans risque par rapport aux tiges en bois ou en m\u00e9tal standard. Elles ouvrent les perspectives, cr\u00e9ent une sensation d'espace et constituent un \u00e9l\u00e9ment d'am\u00e9nagement unique qui finit par devenir un \u00e9l\u00e9ment central de la maison.<\/li>\n<li><strong>Mod\u00e9lisation et prototypage :\u00a0<\/strong>Les architectes et les concepteurs d'objets utilisent nos cannes pour cr\u00e9er des versions et des mod\u00e8les de gamme pr\u00e9cis et visuellement attrayants qui correspondent efficacement \u00e0 leur intention de mise en page.<\/li>\n<li><strong>Arts, artisanat et bricolage :\u00a0<\/strong>Des bijoux pr\u00e9cieux personnalis\u00e9s aux sculptures cin\u00e9tiques en passant par les terrariums personnalis\u00e9s et les structures d'images, les possibilit\u00e9s d'innovation sont illimit\u00e9es pour les amateurs et les artistes sp\u00e9cialis\u00e9s.<\/li>\n<li><strong>Style du g\u00e2teau et pr\u00e9sentation des aliments :\u00a0<\/strong>Utilis\u00e9s comme supports structurels dans les g\u00e2teaux de mariage \u00e0 \u00e9tages ou comme supports d'\u00e9cran d'affichage de grande classe et s\u00fbrs pour les aliments, ces poteaux apportent une touche nette, moderne et vivante aux cr\u00e9ations culinaires.<\/li>\n<li><strong>Conception de l'\u00e9clairage :\u00a0<\/strong>La nature claire des tiges les rend parfaites pour diffuser et colorer la lumi\u00e8re, ce qui permet de cr\u00e9er des installations d'\u00e9clairage LED sp\u00e9ciales et personnalis\u00e9es, des lustres et des installations d'\u00e9clairage d'ambiance.<\/li>\n<\/ul>\n<h3 id=\"-your-partner-in-production-\"><strong>Votre partenaire en production\u00a0<\/strong>.<\/h3>\n<p>Nous sommes plus que de simples fournisseurs, nous sommes vos partenaires en mati\u00e8re de d\u00e9veloppement. C'est pourquoi nous proposons une large gamme de tailles courantes et une combinaison \u00e9tendue de teintes vibrantes. En outre, nous fournissons un soutien durable pour\u00a0<strong>commandes en gros et personnalis\u00e9es\u00a0<\/strong>, Le service d'assistance technique de la Commission europ\u00e9enne, qui collabore avec vous pour obtenir certaines mesures et correspondances de couleurs pour les t\u00e2ches importantes.<\/p>\n<p>Nos tiges carr\u00e9es en acrylique extrud\u00e9 transparent color\u00e9 sont faciles \u00e0 travailler - elles peuvent \u00eatre exactement r\u00e9duites, perc\u00e9es, dirig\u00e9es, rendues brillantes comme du verre et coll\u00e9es avec des adh\u00e9sifs sp\u00e9cialis\u00e9s.<\/p>\n<p><strong>Contactez-nous d\u00e8s aujourd'hui\u00a0<\/strong>pour discuter de votre projet, demander un \u00e9chantillon ou obtenir un devis rapide. Laissez-nous vous fournir les mat\u00e9riaux de haute qualit\u00e9 dont vous avez besoin pour transformer votre vision en une r\u00e9alit\u00e9 fantastique et vivante.<\/p>","protected":false},"excerpt":{"rendered":"<p>Votre meilleure source pour les tiges carr\u00e9es en acrylique extrud\u00e9 transparent color\u00e9. Nous offrons un spectre vibrant de couleurs de haute clart\u00e9 dans diff\u00e9rentes tailles. Parfaites pour les PLV, l'\u00e9clairage et le design. Commandes en gros et sur mesure disponibles. Obtenez un devis rapide d\u00e8s aujourd'hui.<\/p>","protected":false},"featured_media":740,"template":"","meta":{"_kad_post_transparent":"default","_kad_post_title":"","_kad_post_layout":"default","_kad_post_sidebar_id":"","_kad_post_content_style":"default","_kad_post_vertical_padding":"default","_kad_post_feature":"","_kad_post_feature_position":"","_kad_post_header":false,"_kad_post_footer":false,"_kad_post_classname":""},"product_brand":[],"product_cat":[23],"product_tag":[79,78,62],"class_list":{"0":"post-739","1":"product","2":"type-product","3":"status-publish","4":"has-post-thumbnail","6":"product_cat-custom-acrylic-rods-tubes","7":"product_tag-acrylic-square-rods","8":"product_tag-colored-square-acrylic-rods","9":"product_tag-coloured-acrylic-rods","11":"first","12":"instock","13":"shipping-taxable","14":"product-type-simple","15":"entry","16":"content-bg","17":"loop-entry"},"_links":{"self":[{"href":"https:\/\/customacrylicproduct.com\/fr\/wp-json\/wp\/v2\/product\/739","targetHints":{"allow":["GET"]}}],"collection":[{"href":"https:\/\/customacrylicproduct.com\/fr\/wp-json\/wp\/v2\/product"}],"about":[{"href":"https:\/\/customacrylicproduct.com\/fr\/wp-json\/wp\/v2\/types\/product"}],"wp:featuredmedia":[{"embeddable":true,"href":"https:\/\/customacrylicproduct.com\/fr\/wp-json\/wp\/v2\/media\/740"}],"wp:attachment":[{"href":"https:\/\/customacrylicproduct.com\/fr\/wp-json\/wp\/v2\/media?parent=739"}],"wp:term":[{"taxonomy":"product_brand","embeddable":true,"href":"https:\/\/customacrylicproduct.com\/fr\/wp-json\/wp\/v2\/product_brand?post=739"},{"taxonomy":"product_cat","embeddable":true,"href":"https:\/\/customacrylicproduct.com\/fr\/wp-json\/wp\/v2\/product_cat?post=739"},{"taxonomy":"product_tag","embeddable":true,"href":"https:\/\/customacrylicproduct.com\/fr\/wp-json\/wp\/v2\/product_tag?post=739"}],"curies":[{"name":"wp","href":"https:\/\/api.w.org\/{rel}","templated":true}]}}