{"id":751,"date":"2025-07-08T10:22:12","date_gmt":"2025-07-08T10:22:12","guid":{"rendered":"https:\/\/customacrylicproduct.com\/?post_type=product&#038;p=751"},"modified":"2025-07-08T13:04:47","modified_gmt":"2025-07-08T13:04:47","slug":"clear-acrylic-bookshelf-bookcases-storage-furniture-supplier","status":"publish","type":"product","link":"https:\/\/customacrylicproduct.com\/fr\/clear-acrylic-bookshelf-bookcases-storage-furniture-supplier\/","title":{"rendered":"Biblioth\u00e8ques en acrylique transparent Biblioth\u00e8ques Stockage Meubles Fournisseur"},"content":{"rendered":"<h3 id=\"-redefining-area-and-style-your-premier-provider-for-bespoke-clear-acrylic-bookshelves-and-storage-furniture-\"><strong>Red\u00e9finir l'espace et le style : Votre premier fournisseur de biblioth\u00e8ques et de meubles de rangement en acrylique transparent sur mesure\u00a0<\/strong>.<\/h3>\n<p>Imaginez une pi\u00e8ce o\u00f9 vos histoires et vos objets les plus pr\u00e9cieux ne restent pas simplement sur une \u00e9tag\u00e8re, mais semblent flotter dans les airs. Visualisez un espace qui semble rapidement plus grand, plus lumineux et mieux agenc\u00e9, o\u00f9 l'ameublement ne domine pas mais \u00e9l\u00e8ve son environnement. C'est le pouvoir de transformation de l'acrylique transparent, et en tant que fournisseur d\u00e9vou\u00e9, nous sommes l\u00e0 pour transformer cette vision en une v\u00e9rit\u00e9 impressionnante.<\/p>\n<p>Nous nous concentrons sur la conception, la fabrication et la fourniture d'\u00e9tag\u00e8res en acrylique transparent, d'armoires en lucite et de services de rangement sur mesure. D\u00e9passant largement les meubles traditionnels et lourds qui peuvent encombrer un espace, nos collections sont con\u00e7ues pour offrir un visuel de l\u00e9g\u00e8ret\u00e9, de modernit\u00e9 et de minimalisme innovant dans n'importe quel type d'environnement. Qu'il s'agisse d'une maison particuli\u00e8re, d'une zone industrielle anim\u00e9e ou d'un bureau professionnel, notre mobilier n'est pas simplement un emplacement pour un espace de stockage ; c'est une d\u00e9claration de pr\u00e9f\u00e9rence remarquable et de design intelligent.<\/p>\n<h4 id=\"-the-heart-of-our-craft-unparalleled-product-characteristics-\"><strong>Le c\u0153ur de notre m\u00e9tier : Des caract\u00e9ristiques de produit in\u00e9gal\u00e9es\u00a0<\/strong>.<\/h4>\n<p>La structure de chaque pi\u00e8ce que nous produisons est le produit lui-m\u00eame. Nous adoptons uniquement une qualit\u00e9 remarquable, <a href=\"https:\/\/customacrylicproduct.com\/fr\/clear-acrylic-bookshelf-bookcases-storage-furniture-supplier\/\">plaque acrylique \u00e0 haut coefficient de transmission,<\/a> choisi pour ses qualit\u00e9s sup\u00e9rieures exceptionnelles qui lui permettent de s'imposer face \u00e0 des options minimales.<\/p>\n<ul>\n<li><strong>Qualit\u00e9 et puret\u00e9 du cristal :\u00a0<\/strong>Notre acrylique pr\u00e9sente une transmission de la lumi\u00e8re de plus de 92%, ce qui correspond \u00e0 la qualit\u00e9 du cristal optique le plus fin. Cette excellente ouverture garantit qu'il n'y a pas de distorsion de l'ombre ou de brume. La texture est parfaitement claire et limpide, ce qui permet de mettre en valeur les moindres informations de vos couvertures de livres, de vos \u0153uvres d'art et de vos produits d\u00e9coratifs. L'\u00e9tag\u00e8re devient un cadre presque invisible, faisant des composants la v\u00e9ritable pi\u00e8ce ma\u00eetresse.<\/li>\n<li><strong>Une r\u00e9sistance silencieuse et une s\u00e9curit\u00e9 in\u00e9branlable :\u00a0<\/strong>S'il poss\u00e8de une beaut\u00e9 \u00e9th\u00e9r\u00e9e, semblable \u00e0 celle du verre, notre polym\u00e8re est d'une robustesse qui n'a rien de d\u00e9licat. Avec une r\u00e9sistance aux chocs environ 20 fois sup\u00e9rieure \u00e0 celle du verre ordinaire, il offre une solidit\u00e9 et une long\u00e9vit\u00e9 exceptionnelles. Cette durabilit\u00e9 exceptionnelle signifie que notre mobilier n'est pas susceptible de s'ab\u00eemer ou de se fissurer \u00e0 cause des chocs quotidiens, ce qui en fait une option impeccablement plus s\u00fbre pour les maisons avec des enfants, des chiens de compagnie ou des sites industriels tr\u00e8s fr\u00e9quent\u00e9s. Vous pouvez appr\u00e9cier son aspect fragile en toute tranquillit\u00e9.<\/li>\n<li><strong>Une ouverture durable et intemporelle :\u00a0<\/strong>Nous comprenons que le mobilier est un investissement. C'est pourquoi notre polym\u00e8re est con\u00e7u pour r\u00e9sister aux intemp\u00e9ries et aux UV. Lorsqu'il est plac\u00e9 \u00e0 l'int\u00e9rieur de votre maison, il ne jaunit pas, ne se trouble pas et ne s'affaiblit pas avec le temps, m\u00eame lorsqu'il est expos\u00e9 \u00e0 la lumi\u00e8re du soleil. Il conserve son aspect cristallin pendant des ann\u00e9es, ce qui garantit que votre biblioth\u00e8que sera aussi magnifique le jour de son dixi\u00e8me anniversaire de mariage que le jour o\u00f9 elle a \u00e9t\u00e9 install\u00e9e.<\/li>\n<\/ul>\n<p><a href=\"https:\/\/customacrylicproduct.com\/fr\/clear-acrylic-bookshelf-bookcases-storage-furniture-supplier\/\"><img fetchpriority=\"high\" decoding=\"async\" class=\"aligncenter wp-image-754 size-full\" src=\"https:\/\/customacrylicproduct.com\/wp-content\/uploads\/2025\/07\/Acrylic-Bookcases-4.jpg\" alt=\"Biblioth\u00e8ques en acrylique\" width=\"800\" height=\"800\" srcset=\"https:\/\/customacrylicproduct.com\/wp-content\/uploads\/2025\/07\/Acrylic-Bookcases-4.jpg 800w, https:\/\/customacrylicproduct.com\/wp-content\/uploads\/2025\/07\/Acrylic-Bookcases-4-300x300.jpg 300w, https:\/\/customacrylicproduct.com\/wp-content\/uploads\/2025\/07\/Acrylic-Bookcases-4-150x150.jpg 150w, https:\/\/customacrylicproduct.com\/wp-content\/uploads\/2025\/07\/Acrylic-Bookcases-4-768x768.jpg 768w, https:\/\/customacrylicproduct.com\/wp-content\/uploads\/2025\/07\/Acrylic-Bookcases-4-12x12.jpg 12w, https:\/\/customacrylicproduct.com\/wp-content\/uploads\/2025\/07\/Acrylic-Bookcases-4-600x600.jpg 600w, https:\/\/customacrylicproduct.com\/wp-content\/uploads\/2025\/07\/Acrylic-Bookcases-4-100x100.jpg 100w\" sizes=\"(max-width: 800px) 100vw, 800px\" \/><\/a><\/p>\n<h4 id=\"-engineering-sophistication-the-art-of-structural-layout-\"><strong>Sophistication de l'ing\u00e9nierie : L'art de l'agencement des structures\u00a0<\/strong>.<\/h4>\n<p>La qualit\u00e9 d'un produit attrayant d\u00e9pend de son int\u00e9grit\u00e9 architecturale. Notre approche de la conception allie la gr\u00e2ce visuelle \u00e0 une ing\u00e9nierie durable pour cr\u00e9er des meubles aussi stables et utiles qu'ils sont beaux.<\/p>\n<ul>\n<li><strong>Combinaisons multicouches personnalis\u00e9es :\u00a0<\/strong>Nous reconnaissons qu'il n'y a pas deux collections identiques. Nos agencements comprennent des m\u00e9langes multicouches flexibles, qui vous permettent de maximiser votre capacit\u00e9 de stockage. L'espacement entre chaque \u00e9tag\u00e8re est totalement personnalis\u00e9. Nous pouvons cr\u00e9er des hauteurs sur mesure qui conviennent parfaitement \u00e0 tous les types de documents, des petits livres de poche et DVD aux grands folios d'art, en passant par les livres d'images pour enfants surdimensionn\u00e9s et m\u00eame les collections de disques en plastique. Cette intelligence verticale garantit que chaque centim\u00e8tre carr\u00e9 de votre espace est utilis\u00e9 efficacement.<\/li>\n<li><strong>Stabilit\u00e9 et soutien \u00e0 toute \u00e9preuve :\u00a0<\/strong>Une esth\u00e9tique flottante ne doit jamais se faire au d\u00e9triment de la s\u00e9curit\u00e9. En fonction du style, nous utilisons une s\u00e9rie de strat\u00e9gies avanc\u00e9es pour garantir une structure prot\u00e9g\u00e9e et non bancale. Il s'agit de boucles d'embo\u00eetement astucieusement dissimul\u00e9es, de supports d'assistance en acier lisses et minimes, ou de ce qui se fait de mieux en mati\u00e8re de solidit\u00e9 : une construction int\u00e9gr\u00e9e d'une seule pi\u00e8ce. Chaque \u00e9tag\u00e8re est con\u00e7ue pour supporter une charge consid\u00e9rable, g\u00e9n\u00e9ralement comprise entre 5 et 10 kg en fonction de la densit\u00e9 de l'acrylique, ce qui garantit que vos livres pr\u00e9cieux et vos objets lourds et attrayants sont soutenus en toute confiance.<\/li>\n<li><strong>Ouvert ou semi-ferm\u00e9 : Votre choix :\u00a0<\/strong>Nos conceptions r\u00e9pondent \u00e0 diverses exigences en mati\u00e8re d'acc\u00e8s et de protection. Les syst\u00e8mes\u00a0<strong>style ouvert\u00a0<\/strong>utilise un acc\u00e8s facile, vous invitant \u00e0 prendre une publication ou \u00e0 repositionner votre \u00e9cran \u00e0 la minute pr\u00e8s. C'est une excellente solution pour les ouvrages fr\u00e9quemment utilis\u00e9s et pour cr\u00e9er une ambiance de biblioth\u00e8que a\u00e9r\u00e9e et facile d'acc\u00e8s. Pour les collections encore plus pr\u00e9cieuses, nous proposons un\u00a0<strong>semi-ferm\u00e9\u00a0<\/strong>qui peut \u00eatre \u00e9quip\u00e9e de portes d'armoire en acrylique transparent et sans d\u00e9faut. Ces portes prot\u00e8gent vos publications utiles de la salet\u00e9, de l'humidit\u00e9 et des parasites tout en conservant une transparence visuelle totale, cr\u00e9ant ainsi une vitrine de qualit\u00e9 mus\u00e9ale.<\/li>\n<\/ul>\n<p><a href=\"https:\/\/customacrylicproduct.com\/fr\/custom-size-acrylic-pet-house-suppliers-acrylic-furnitures\/\"><img decoding=\"async\" class=\"aligncenter wp-image-755 size-full\" src=\"https:\/\/customacrylicproduct.com\/wp-content\/uploads\/2025\/07\/Acrylic-Bookcases.jpg\" alt=\"Biblioth\u00e8ques en acrylique\" width=\"800\" height=\"800\" srcset=\"https:\/\/customacrylicproduct.com\/wp-content\/uploads\/2025\/07\/Acrylic-Bookcases.jpg 800w, https:\/\/customacrylicproduct.com\/wp-content\/uploads\/2025\/07\/Acrylic-Bookcases-300x300.jpg 300w, https:\/\/customacrylicproduct.com\/wp-content\/uploads\/2025\/07\/Acrylic-Bookcases-150x150.jpg 150w, https:\/\/customacrylicproduct.com\/wp-content\/uploads\/2025\/07\/Acrylic-Bookcases-768x768.jpg 768w, https:\/\/customacrylicproduct.com\/wp-content\/uploads\/2025\/07\/Acrylic-Bookcases-12x12.jpg 12w, https:\/\/customacrylicproduct.com\/wp-content\/uploads\/2025\/07\/Acrylic-Bookcases-600x600.jpg 600w, https:\/\/customacrylicproduct.com\/wp-content\/uploads\/2025\/07\/Acrylic-Bookcases-100x100.jpg 100w\" sizes=\"(max-width: 800px) 100vw, 800px\" \/><\/a><\/p>\n<h4 id=\"-your-vision-understood-the-unmatched-power-of-modification-\"><strong>Votre vision, comprise : Le pouvoir in\u00e9gal\u00e9 de la modification\u00a0<\/strong>.<\/h4>\n<p>Votre espace est unique et votre mobilier doit l'\u00eatre aussi. Nous ne sommes pas de simples vendeurs ; nous sommes vos compagnons d'agencement, en vous offrant une gamme compl\u00e8te de choix de personnalisation pour cr\u00e9er un article qui vous est absolument propre.<\/p>\n<ul>\n<li><strong>Taille et dimensions sur mesure :\u00a0<\/strong>Fini le stress de l'ajustement \u201cpresque\u201d. Nous pouvons fabriquer nos \u00e9tag\u00e8res en fonction de vos besoins sp\u00e9cifiques. Qu'il s'agisse d'une petite \u00e9tag\u00e8re miniature pour une table de nuit ou d'un grand syst\u00e8me de biblioth\u00e8que mur \u00e0 mur, nous pouvons ajuster la taille, le format et la hauteur pour qu'ils s'adaptent parfaitement \u00e0 l'espace qui vous est offert. Nos styles s'int\u00e8grent parfaitement dans les espaces de vie, les recherches, les chambres \u00e0 coucher, les couloirs et m\u00eame les dilemmes, cr\u00e9ant un aspect int\u00e9gr\u00e9 sans le co\u00fbt du travail du bois conventionnel.<\/li>\n<li><strong>Personnalisation cr\u00e9ative et artistique des formes :\u00a0<\/strong>Lib\u00e9rez-vous de la tyrannie du rectangle. Nos capacit\u00e9s de fabrication nous permettent de produire des biblioth\u00e8ques dans une large gamme de formes. Imaginez une biblioth\u00e8que \u00e9l\u00e9gante en forme d'arc qui adoucit les lignes d'un espace, un dispositif trap\u00e9zo\u00efdal vibrant qui apporte une touche d'avant-garde, ou une disposition cr\u00e9ative des bords qui transforme un espace suppl\u00e9mentaire g\u00eanant en un attribut utile. Nous pouvons m\u00eame incorporer des coupes g\u00e9om\u00e9triques et des motifs irr\u00e9guliers pour cr\u00e9er une sculpture fonctionnelle qui souligne l'esth\u00e9tique de votre int\u00e9rieur.<\/li>\n<li><strong>Personnalisation de l'information :\u00a0<\/strong>Les touches finales sont ce qui fait passer un document de fantastique \u00e0 remarquable. Nous proposons une s\u00e9rie d'am\u00e9liorations de l'information :.<\/li>\n<li><strong>\u00c9clairage LED int\u00e9gr\u00e9 :\u00a0<\/strong>Nous pouvons installer de subtiles bandes lumineuses LED le long des bords des \u00e9tag\u00e8res. Lorsqu'elles sont \u00e9clair\u00e9es, elles cr\u00e9ent un rayonnement doux et chaud qui transforme votre \u00e9tag\u00e8re en un \u00e9l\u00e9ment atmosph\u00e9rique captivant, excellent pour les ambiances nocturnes.<\/li>\n<li><strong>Finitions givr\u00e9es ou grav\u00e9es :\u00a0<\/strong>Pour une touche d'intimit\u00e9 personnelle ou de texture, certaines parties de l'acrylique peuvent \u00eatre d\u00e9polies.<\/li>\n<li><strong>Gravure au laser :\u00a0<\/strong>Ajoutez un \u00e9l\u00e9ment vraiment individuel gr\u00e2ce \u00e0 la gravure laser personnalis\u00e9e. Nous pouvons graver des titres de publications, un monogramme familial, une citation pr\u00e9f\u00e9r\u00e9e ou des motifs d\u00e9taill\u00e9s sur l'acrylique, am\u00e9liorant ainsi sa structure individuelle et d\u00e9veloppant une antiquit\u00e9 distinctive.<\/li>\n<\/ul>\n<h4 id=\"-past-storage-the-practical-advantages-of-polymer-furnishings-\"><strong>Stockage du pass\u00e9 : Les avantages pratiques des meubles en polym\u00e8re\u00a0<\/strong>.<\/h4>\n<p>Notre <a href=\"https:\/\/customacrylicproduct.com\/fr\/clear-acrylic-bookshelf-bookcases-storage-furniture-supplier\/\">\u00e9tag\u00e8res en acrylique transparent<\/a> utilisent une multitude d'avantages pratiques qui am\u00e9liorent votre vie quotidienne et l'ambiance de votre quartier.<\/p>\n<ul>\n<li><strong>D\u00e9veloppement visuel et sensation d'espace :\u00a0<\/strong>Il s'agit peut-\u00eatre de la qualit\u00e9 la plus s\u00e9duisante de l'acrylique. Comme il est transparent, le meuble recule visuellement, trompant l'\u0153il en lui faisant voir un espace plus grand et plus ouvert. Il affaiblit sa propre pr\u00e9sence, se d\u00e9barrassant du \u201cpoids\u201d esth\u00e9tique et du sentiment d'injustice que peuvent provoquer les grandes armoires en bois ou en m\u00e9tal. C'est donc une excellente option pour les studios, les espaces \u00e9troits ou tout autre espace o\u00f9 l'on souhaite tirer le meilleur parti de la sensation d'ouverture.<\/li>\n<li><strong>Compatibilit\u00e9 multifonctionnelle et polyvalente :\u00a0<\/strong>Bien qu'ils soient con\u00e7us pour les livres, l'esth\u00e9tique pure et neutre de nos rayonnages les rend incroyablement flexibles. Ils servent d'\u00e9cran sensationnel \u00e0 une grande vari\u00e9t\u00e9 de produits : mettez en valeur une collection de figurines en porcelaine de cr\u00e9ateurs, cr\u00e9ez un jardin int\u00e9rieur vertical avec de somptueuses plantes \u00e9cologiques, organisez \u00e9l\u00e9gamment des structures de photos de famille ou pr\u00e9sentez un \u00e9cran d'exposition de poteries artisanales ou de contenants de parfums. Un seul meuble peut r\u00e9pondre \u00e0 de nombreux objectifs, stabilisant facilement un rangement de premi\u00e8re qualit\u00e9 avec un d\u00e9cor haut de gamme.<\/li>\n<li><strong>Nettoyage et entretien simples et faciles :\u00a0<\/strong>La surface non poreuse et exceptionnellement lisse de notre acrylique le rend exceptionnellement facile \u00e0 entretenir. La salet\u00e9 et les taches ne p\u00e9n\u00e8trent pas dans le produit et peuvent \u00eatre nettoy\u00e9es en quelques secondes \u00e0 l'aide d'un tissu doux et humide. Il n'est pas n\u00e9cessaire d'utiliser des produits de polissage sp\u00e9ciaux, des huiles ou des m\u00e9thodes d'entretien complexes. Vos meubles resteront parfaitement transparents et propres avec une initiative marginale, ce qui vous permettra de profiter au maximum de votre superbe pi\u00e8ce.<\/li>\n<\/ul>\n<p><a href=\"https:\/\/customacrylicproduct.com\/fr\/custom-acrylic-furnitures\/\"><img decoding=\"async\" class=\"aligncenter wp-image-753 size-full\" src=\"https:\/\/customacrylicproduct.com\/wp-content\/uploads\/2025\/07\/Acrylic-Bookcases-2.jpg\" alt=\"Biblioth\u00e8ques en acrylique\" width=\"800\" height=\"800\" srcset=\"https:\/\/customacrylicproduct.com\/wp-content\/uploads\/2025\/07\/Acrylic-Bookcases-2.jpg 800w, https:\/\/customacrylicproduct.com\/wp-content\/uploads\/2025\/07\/Acrylic-Bookcases-2-300x300.jpg 300w, https:\/\/customacrylicproduct.com\/wp-content\/uploads\/2025\/07\/Acrylic-Bookcases-2-150x150.jpg 150w, https:\/\/customacrylicproduct.com\/wp-content\/uploads\/2025\/07\/Acrylic-Bookcases-2-768x768.jpg 768w, https:\/\/customacrylicproduct.com\/wp-content\/uploads\/2025\/07\/Acrylic-Bookcases-2-12x12.jpg 12w, https:\/\/customacrylicproduct.com\/wp-content\/uploads\/2025\/07\/Acrylic-Bookcases-2-600x600.jpg 600w, https:\/\/customacrylicproduct.com\/wp-content\/uploads\/2025\/07\/Acrylic-Bookcases-2-100x100.jpg 100w\" sizes=\"(max-width: 800px) 100vw, 800px\" \/><\/a><\/p>\n<h4 id=\"-a-canvas-for-your-life-scenarios-and-applications-\"><strong>Un canevas pour votre vie : Sc\u00e9narios et applications\u00a0<\/strong>.<\/h4>\n<p>La capacit\u00e9 d'adaptation de notre <a href=\"https:\/\/customacrylicproduct.com\/fr\/clear-acrylic-bookshelf-bookcases-storage-furniture-supplier\/\">meubles en acrylique transparent<\/a> lui permet de rayonner dans n'importe quelle configuration.<\/p>\n<ul>\n<li><strong>Pour la maison :\u00a0<\/strong>Dans un\u00a0<strong>\u00e9tude de recherche\u00a0<\/strong>, Avec la biblioth\u00e8que panoramique, cr\u00e9ez une biblioth\u00e8que panoramique allant du sol au plafond pour que toute votre biblioth\u00e8que soit visible et accessible. Dans le\u00a0<strong>espace de vie\u00a0<\/strong>, Dans le cas d'une collection de livres, une biblioth\u00e8que \u00e9pur\u00e9e sur pied peut contenir vos revues pr\u00e9f\u00e9r\u00e9es tout en s'int\u00e9grant dans un style de d\u00e9coration moderne, l\u00e9ger et haut de gamme, ou minimaliste. Dans le\u00a0<strong>chambre \u00e0 coucher\u00a0<\/strong>, Une mini \u00e9tag\u00e8re con\u00e7ue sur mesure \u00e0 proximit\u00e9 du lit permet d'assurer une fonction sans encombrement.<\/li>\n<li><strong>Pour les zones commerciales :\u00a0<\/strong>En\u00a0<strong>librairies et biblioth\u00e8ques\u00a0<\/strong>, En outre, nos biblioth\u00e8ques transparentes permettent de cr\u00e9er des pr\u00e9sentoirs \u201cflottants\u201d pour les best-sellers et les nouveaut\u00e9s, ce qui permet d'enregistrer instantan\u00e9ment l'attention du client. En\u00a0<strong>les caf\u00e9s, les magasins et les ateliers\u00a0<\/strong>, Dans le cas des magasins de d\u00e9tail, il s'agit d'utiliser des \u00e9tag\u00e8res aux formes artistiques pour pr\u00e9senter les articles ou de cr\u00e9er un environnement innovant et litt\u00e9raire qui mette en valeur le nom de la marque et am\u00e9liore l'exp\u00e9rience du consommateur.<\/li>\n<li><strong>Pour le lieu de travail Lieu :\u00a0<\/strong>Remplacez les grands classeurs non transparents par nos services en acrylique transparent. Non seulement cela ajoute une touche de style moderne au bureau, mais cela permet \u00e9galement de trouver les documents plus rapidement et de mani\u00e8re plus fiable. Il contribue \u00e0 maintenir une atmosph\u00e8re ordonn\u00e9e, organis\u00e9e et professionnelle qui ravit les clients et am\u00e9liore le processus.<\/li>\n<\/ul>\n<h4 id=\"-the-style-aesthetic-a-symphony-of-light-and-kind-\"><strong>L'esth\u00e9tique stylistique : Une symphonie de lumi\u00e8re et de gentillesse\u00a0<\/strong>.<\/h4>\n<p>L'\u00e9l\u00e9gance r\u00e9elle de nos \u00e9tag\u00e8res en acrylique repose sur leur philosophie visuelle. La structure transparente produit une comparaison significative et magnifique avec les riches nuances et apparences des colonnes vert\u00e9brales des guides, transformant les guides eux-m\u00eames en principal \u00e9l\u00e9ment attractif. Cela cr\u00e9e une sensation de l\u00e9g\u00e8ret\u00e9 et d'a\u00e9ration d'un \u201c\u00e9cran flottant\u201d, comme si votre collection \u00e9tait suspendue devant.<\/p>\n<p>En outre, nous pouvons combiner avec art l'acrylique pur avec d'autres produits pour obtenir un certain style. Associ\u00e9 \u00e0 du laiton \u00e9l\u00e9gant ou \u00e0 de l'acier dor\u00e9, il d\u00e9gage une impression de luxe moderne. Associ\u00e9 \u00e0 de l'acier noir mat, il s'int\u00e8gre parfaitement dans une ambiance industrielle \u00e9l\u00e9gante ou minimale. Plac\u00e9 contre une plaque arri\u00e8re en bois chaud, il stabilise la fra\u00eecheur technique avec la chaleur naturelle. Cette interaction de produits insuffle un environnement artistique distinct dans votre pi\u00e8ce, cr\u00e9ant un objet qui est \u00e0 la fois un objet utile et une \u0153uvre d'art.<\/p>\n<p><strong>Contactez-nous d\u00e8s aujourd'hui. Laissez nos consultants en design vous aider \u00e0 d\u00e9couvrir les possibilit\u00e9s infinies de l'acrylique transparent et commencez le voyage vers un espace plus lumineux, beaucoup plus beau et parfaitement organis\u00e9.\u00a0<\/strong>.<\/p>","protected":false},"excerpt":{"rendered":"<p>Votre premier fournisseur d'\u00e9tag\u00e8res en acrylique transparent et de biblioth\u00e8ques en lucite de haute qualit\u00e9. Nos meubles de rangement modernes et durables cr\u00e9ent un look minimaliste et spacieux pour la maison ou le bureau. Nous proposons des conceptions personnalis\u00e9es et des prix directs d'usine. Explorez notre collection de solutions d'\u00e9tag\u00e8res transparentes d\u00e8s aujourd'hui.<\/p>","protected":false},"featured_media":755,"template":"","meta":{"_kad_post_transparent":"default","_kad_post_title":"","_kad_post_layout":"default","_kad_post_sidebar_id":"","_kad_post_content_style":"default","_kad_post_vertical_padding":"default","_kad_post_feature":"","_kad_post_feature_position":"","_kad_post_header":false,"_kad_post_footer":false,"_kad_post_classname":""},"product_brand":[],"product_cat":[21],"product_tag":[80,69],"class_list":{"0":"post-751","1":"product","2":"type-product","3":"status-publish","4":"has-post-thumbnail","6":"product_cat-custom-acrylic-furnitures","7":"product_tag-acrylic-bookshelf","8":"product_tag-custom-acrylic-furnitures","10":"first","11":"instock","12":"shipping-taxable","13":"product-type-simple","14":"entry","15":"content-bg","16":"loop-entry"},"_links":{"self":[{"href":"https:\/\/customacrylicproduct.com\/fr\/wp-json\/wp\/v2\/product\/751","targetHints":{"allow":["GET"]}}],"collection":[{"href":"https:\/\/customacrylicproduct.com\/fr\/wp-json\/wp\/v2\/product"}],"about":[{"href":"https:\/\/customacrylicproduct.com\/fr\/wp-json\/wp\/v2\/types\/product"}],"wp:featuredmedia":[{"embeddable":true,"href":"https:\/\/customacrylicproduct.com\/fr\/wp-json\/wp\/v2\/media\/755"}],"wp:attachment":[{"href":"https:\/\/customacrylicproduct.com\/fr\/wp-json\/wp\/v2\/media?parent=751"}],"wp:term":[{"taxonomy":"product_brand","embeddable":true,"href":"https:\/\/customacrylicproduct.com\/fr\/wp-json\/wp\/v2\/product_brand?post=751"},{"taxonomy":"product_cat","embeddable":true,"href":"https:\/\/customacrylicproduct.com\/fr\/wp-json\/wp\/v2\/product_cat?post=751"},{"taxonomy":"product_tag","embeddable":true,"href":"https:\/\/customacrylicproduct.com\/fr\/wp-json\/wp\/v2\/product_tag?post=751"}],"curies":[{"name":"wp","href":"https:\/\/api.w.org\/{rel}","templated":true}]}}