{"id":762,"date":"2025-07-09T12:37:11","date_gmt":"2025-07-09T12:37:11","guid":{"rendered":"https:\/\/customacrylicproduct.com\/?post_type=product&#038;p=762"},"modified":"2025-07-09T12:47:27","modified_gmt":"2025-07-09T12:47:27","slug":"factory-custom-clear-acrylic-serving-trays-with-gold-handle","status":"publish","type":"product","link":"https:\/\/customacrylicproduct.com\/fr\/factory-custom-clear-acrylic-serving-trays-with-gold-handle\/","title":{"rendered":"Plateaux de service en acrylique transparent avec poign\u00e9e dor\u00e9e, fabriqu\u00e9s sur mesure en usine"},"content":{"rendered":"<h3 id=\"-the-apex-of-service-presenting-the-factory-personalized-clear-acrylic-offering-tray-with-gold-handles-\"><strong>L'apog\u00e9e du service : Pr\u00e9sentation du plateau d'offrande personnalis\u00e9 en acrylique transparent avec poign\u00e9es dor\u00e9es de l'usine\u00a0<\/strong>.<\/h3>\n<p>Dans le monde de la convivialit\u00e9 des \u00e9lites et de l'appr\u00e9ciation critique de la maison, chaque d\u00e9tail est porteur d'un message. Le poids d'une porte, la texture d'une serviette en papier de lin et le style d'un objet de service contribuent tous \u00e0 une exp\u00e9rience extraordinaire. C'est dans cette optique que nous proposons notre produit phare : le Factory. <a href=\"https:\/\/customacrylicproduct.com\/fr\/factory-custom-clear-acrylic-serving-trays-with-gold-handle\/\">Plateau d'offrandes personnalis\u00e9 en polym\u00e8re transparent<\/a> avec l'or s'en charge. Il ne s'agit pas d'un simple produit utilitaire, mais d'une d\u00e9claration de raffinement, d'un dispositif pour un service impressionnant et d'un canevas pour l'identit\u00e9 distincte de votre marque.<\/p>\n<p>Cr\u00e9\u00e9 pour les centres de vill\u00e9giature haut de gamme, les restaurants de qualit\u00e9, les organisateurs d'\u00e9v\u00e9nements sp\u00e9ciaux et les propri\u00e9taires de maisons \u00e0 la mode, ce plateau associe parfaitement un aspect visuel limpide \u00e0 une fonctionnalit\u00e9 exceptionnelle et \u00e0 une personnalisation sur mesure. Il repr\u00e9sente l'union parfaite du style contemporain et de l'utilit\u00e9 intemporelle, con\u00e7u pour \u00e9lever chaque communication d'une distribution facile \u00e0 une grande discussion.<\/p>\n<h3 id=\"-area-1-the-brilliance-of-material-the-acrylic-benefit-\"><strong>Domaine 1 : L'\u00e9clat de la mati\u00e8re - L'avantage de l'acrylique\u00a0<\/strong>.<\/h3>\n<p>La qualit\u00e9 exceptionnelle de notre plateau repose sur son produit de base : le polym\u00e9thacrylate de m\u00e9thyle (PMMA), commun\u00e9ment appel\u00e9 acrylique ou plexiglas. Nous avons d\u00e9lib\u00e9r\u00e9ment choisi ce mat\u00e9riau plut\u00f4t que le verre ou le plastique standard pour sa remarquable combinaison d'attrait et d'efficacit\u00e9, ce qui est important pour les environnements de service exigeants.<\/p>\n<p><strong>Transparence et qualit\u00e9 lumineuse in\u00e9gal\u00e9es\u00a0<\/strong>. L'attribut le plus frappant de notre plateau de base est sa remarquable transparence, semblable \u00e0 celle du verre. Cette qualit\u00e9 cristalline donne une impression de l\u00e9g\u00e8ret\u00e9 et de surface, permettant aux couleurs vives et aux textures de vos productions culinaires de se mettre en valeur. Contrairement aux plastiques de qualit\u00e9 inf\u00e9rieure qui peuvent sembler surcharg\u00e9s ou avoir une teinte bleue, notre acrylique de haute qualit\u00e9 offre une belle clart\u00e9 qui r\u00e9fracte parfaitement la lumi\u00e8re, conf\u00e9rant ainsi un \u00e9clat raffin\u00e9 \u00e0 votre pr\u00e9sentation. Cette \u00e9l\u00e9gance minimaliste permet au plateau de s'int\u00e9grer \u00e0 tout type de design, de l'ultra-moderne au classique, sans jamais s'opposer.<\/p>\n<p><strong>Robuste, r\u00e9sistant aux chocs et durable\u00a0<\/strong>. S'il partage la beaut\u00e9 du verre, l'acrylique offre une r\u00e9sistance aux chocs bien sup\u00e9rieure. Dans un centre de vill\u00e9giature ou un \u00e9tablissement de restauration tr\u00e8s fr\u00e9quent\u00e9, les accidents sont in\u00e9vitables. Un plateau en verre qui s'effondre peut entra\u00eener des fragments dangereux et des remplacements co\u00fbteux. Nos plateaux en acrylique sont con\u00e7us pour r\u00e9sister aux rigueurs de l'utilisation quotidienne, car ils sont beaucoup plus r\u00e9sistants aux chocs. Cette robustesse intrins\u00e8que se traduit par une dur\u00e9e de vie plus longue, des frais de remplacement r\u00e9duits et un environnement plus s\u00fbr pour votre personnel et vos visiteurs.<\/p>\n<p><strong>Manipulation simple et l\u00e9g\u00e8re\u00a0<\/strong>. L'un des principaux avantages ergonomiques de l'acrylique est son incroyable l\u00e9g\u00e8ret\u00e9. Il est environ 50% plus l\u00e9ger que le verre de m\u00eame \u00e9paisseur. Pour le personnel de service qui doit transporter des plateaux sur de longues distances ou traiter de nombreuses commandes \u00e0 des heures optimales, cette diminution de poids est une v\u00e9ritable transformation. Elle r\u00e9duit le stress physique, minimise l'\u00e9puisement et am\u00e9liore la maniabilit\u00e9, ce qui permet un service plus rapide, plus s\u00fbr et beaucoup plus efficace.<\/p>\n<p><strong>R\u00e9sistance sup\u00e9rieure au climat et au vieillissement\u00a0<\/strong>. Notre produit acrylique pr\u00e9sente une excellente r\u00e9sistance aux intemp\u00e9ries, ce qui l'emp\u00eache de jaunir ou de se fragiliser avec le temps, malgr\u00e9 une exposition directe au soleil ou \u00e0 des changements de temp\u00e9rature. Cela garantit que votre investissement financier conservera son aspect neuf pendant des ann\u00e9es, tout en maintenant les normes \u00e9lev\u00e9es de votre \u00e9tablissement.<\/p>\n<p><strong>Hygi\u00e9nique et facile \u00e0 nettoyer\u00a0<\/strong>. La surface lisse et non poreuse de l'acrylique est incroyablement facile \u00e0 pr\u00e9server. Elle n'absorbe pas les huiles, les liquides ou les odeurs, et les taches n'ont aucun endroit o\u00f9 s'installer. Il suffit de l'essuyer avec un tissu doux et un produit de nettoyage l\u00e9ger pour qu'il retrouve son \u00e9clat fantastique et r\u00e9ponde aux exigences d'hygi\u00e8ne rigoureuses requises pour les services de restauration. Sa stabilit\u00e9 chimique exceptionnelle signifie qu'il ne sera certainement pas rouill\u00e9 par des agents de nettoyage typiques, adapt\u00e9s aux aliments.<\/p>\n<p><a href=\"https:\/\/customacrylicproduct.com\/fr\/factory-custom-clear-acrylic-serving-trays-with-gold-handle\/\"><img fetchpriority=\"high\" decoding=\"async\" class=\"aligncenter wp-image-763 size-full\" src=\"https:\/\/customacrylicproduct.com\/wp-content\/uploads\/2025\/07\/Acrylic-Serving-Trays-1.jpg\" alt=\"Plateaux de service en acrylique\" width=\"800\" height=\"800\" srcset=\"https:\/\/customacrylicproduct.com\/wp-content\/uploads\/2025\/07\/Acrylic-Serving-Trays-1.jpg 800w, https:\/\/customacrylicproduct.com\/wp-content\/uploads\/2025\/07\/Acrylic-Serving-Trays-1-300x300.jpg 300w, https:\/\/customacrylicproduct.com\/wp-content\/uploads\/2025\/07\/Acrylic-Serving-Trays-1-150x150.jpg 150w, https:\/\/customacrylicproduct.com\/wp-content\/uploads\/2025\/07\/Acrylic-Serving-Trays-1-768x768.jpg 768w, https:\/\/customacrylicproduct.com\/wp-content\/uploads\/2025\/07\/Acrylic-Serving-Trays-1-12x12.jpg 12w, https:\/\/customacrylicproduct.com\/wp-content\/uploads\/2025\/07\/Acrylic-Serving-Trays-1-600x600.jpg 600w, https:\/\/customacrylicproduct.com\/wp-content\/uploads\/2025\/07\/Acrylic-Serving-Trays-1-100x100.jpg 100w\" sizes=\"(max-width: 800px) 100vw, 800px\" \/><\/a><\/p>\n<h3 id=\"-section-2-design-in-harmony-where-kind-fulfills-function-\"><strong>Section 2 : Conception harmonieuse - Lorsque le genre remplit la fonction\u00a0<\/strong>.<\/h3>\n<p>Un article absolument g\u00e9nial est un article dont le style est \u00e0 la fois attrayant et intelligent. Notre <a href=\"https:\/\/customacrylicproduct.com\/fr\/custom-acrylic-trays\/\">plateau en acrylique<\/a> est un chef-d'\u0153uvre de cette id\u00e9ologie, de sa silhouette traditionnelle \u00e0 ses \u00e9l\u00e9ments pratiques bien pens\u00e9s.<\/p>\n<p><strong>La forme classique et intemporelle\u00a0<\/strong>. Le style du plateau suit les concepts de la sophistication minimaliste. Avec ses lignes pures et lisses et ses pourcentages unifi\u00e9s, sa forme rectangulaire est \u00e0 la fois pratique et toujours \u00e0 la mode. Cette forme intemporelle est exceptionnellement polyvalente, ce qui en fait le r\u00e9cipient id\u00e9al pour une large s\u00e9lection d'articles, en particulier les pains, les p\u00e2tisseries et les friandises, o\u00f9 ses limites nettes montent magnifiquement les aliments.<\/p>\n<p><strong>La Signature Gold Manages : Une touche de luxe\u00a0<\/strong>. L'attribut sp\u00e9cifique de ce plateau est sa gestion spectaculaire et \u00e9l\u00e9gante en or. Plus qu'un simple \u00e9l\u00e9ment utile, ces gaines sont une d\u00e9claration de style. Le ton doux et brillant de l'or offre un contraste saisissant et luxueux avec la clart\u00e9 impressionnante de l'acrylique. Cette combinaison t\u00e9moigne d'un sens de l'opulence contemporaine et d'un meilleur go\u00fbt.<\/p>\n<p>Sur le plan fonctionnel, les accords sont essentiels :.<\/p>\n<ul>\n<li><strong>Poign\u00e9e ergonomique :\u00a0<\/strong>Cr\u00e9\u00e9e pour le confort et la stabilit\u00e9, la poign\u00e9e offre une prise s\u00fbre pour un portage \u00e0 une ou deux mains. Les risques de rotation ou de glissement sont ainsi consid\u00e9rablement r\u00e9duits, ce qui garantit que le contenu arrive \u00e0 bon port.<\/li>\n<li><strong>S\u00e9curit\u00e9 et efficacit\u00e9 renforc\u00e9es :\u00a0<\/strong>Le soin apport\u00e9 au plateau permet \u00e0 l'\u00e9quipe de le prendre et de le d\u00e9poser en toute confiance, en particulier lorsqu'elle se d\u00e9place dans des salles bond\u00e9es ou qu'elle fournit des boissons chaudes et des articles d\u00e9licats.<\/li>\n<li><strong>Obstacle hygi\u00e9nique :\u00a0<\/strong>Ils offrent un point d'appel ordonn\u00e9, \u00e9vitant les empreintes de doigts sur la surface du plateau et prot\u00e9geant les mains de tout r\u00e9sidu \u00e9ventuel des articles propos\u00e9s.<\/li>\n<\/ul>\n<p><a href=\"https:\/\/customacrylicproduct.com\/fr\/custom-acrylic-trays\/\"><img decoding=\"async\" class=\"aligncenter wp-image-767 size-full\" src=\"https:\/\/customacrylicproduct.com\/wp-content\/uploads\/2025\/07\/Acrylic-Serving-Trays.jpg\" alt=\"Plateaux de service en acrylique\" width=\"800\" height=\"800\" srcset=\"https:\/\/customacrylicproduct.com\/wp-content\/uploads\/2025\/07\/Acrylic-Serving-Trays.jpg 800w, https:\/\/customacrylicproduct.com\/wp-content\/uploads\/2025\/07\/Acrylic-Serving-Trays-300x300.jpg 300w, https:\/\/customacrylicproduct.com\/wp-content\/uploads\/2025\/07\/Acrylic-Serving-Trays-150x150.jpg 150w, https:\/\/customacrylicproduct.com\/wp-content\/uploads\/2025\/07\/Acrylic-Serving-Trays-768x768.jpg 768w, https:\/\/customacrylicproduct.com\/wp-content\/uploads\/2025\/07\/Acrylic-Serving-Trays-12x12.jpg 12w, https:\/\/customacrylicproduct.com\/wp-content\/uploads\/2025\/07\/Acrylic-Serving-Trays-600x600.jpg 600w, https:\/\/customacrylicproduct.com\/wp-content\/uploads\/2025\/07\/Acrylic-Serving-Trays-100x100.jpg 100w\" sizes=\"(max-width: 800px) 100vw, 800px\" \/><\/a><\/p>\n<h3 id=\"-area-3-the-power-of-modification-your-vision-our-craft-\"><strong>Domaine 3 : Le pouvoir de la modification - Votre vision, notre m\u00e9tier\u00a0<\/strong>.<\/h3>\n<p>L'aspect \u201cFactory Custom\u201d de notre produit est notre principal avantage et c'est ce qui nous diff\u00e9rencie vraiment des autres. Nous reconnaissons que la coh\u00e9rence du nom de la marque est vitale. Vos dispositifs de solution doivent \u00eatre une extension de l'identit\u00e9 de votre marque, et non un accessoire g\u00e9n\u00e9rique. Nous vous accompagnons pour cr\u00e9er un plateau enti\u00e8rement adapt\u00e9 \u00e0 vos exigences op\u00e9rationnelles et \u00e0 votre vision esth\u00e9tique.<\/p>\n<p>Nos possibilit\u00e9s de personnalisation sont compl\u00e8tes :.<\/p>\n<ul>\n<li><strong>Modification de la taille et des dimensions :\u00a0<\/strong>Que vous ayez besoin d'un petit plateau pour les services en chambre, d'un plateau long et \u00e9troit pour les baguettes ou d'une grande assiette pour le service de r\u00e9ception, nous pouvons le produire selon vos sp\u00e9cifications exactes en termes de longueur, de largeur et d'\u00e9l\u00e9vation.<\/li>\n<li><strong>Personnalisation de la densit\u00e9 :\u00a0<\/strong>Choisissez parmi diff\u00e9rentes densit\u00e9s de feuilles acryliques (par exemple, 3 mm, 5 mm, 8 mm). Une feuille plus fine donne une impression de fragilit\u00e9 et de l\u00e9g\u00e8ret\u00e9, tandis qu'une feuille plus \u00e9paisse donne un aspect plus consid\u00e9rable et de qualit\u00e9 sup\u00e9rieure et am\u00e9liore la capacit\u00e9 de charge.<\/li>\n<li><strong>Personnalisation de la poign\u00e9e :\u00a0<\/strong>Bien que notre marque de commerce \"gold deal with\" soit l'option pr\u00e9f\u00e9r\u00e9e, nous pouvons adapter sa forme, sa taille, son rev\u00eatement (par exemple, or mat, nickel nettoy\u00e9, chrome) et son style de montage pour qu'il s'harmonise parfaitement avec l'\u00e9quipement et le langage stylistique de votre marque.<\/li>\n<li><strong>Finition lat\u00e9rale :\u00a0<\/strong>Les d\u00e9tails sont importants. Nous proposons une s\u00e9rie de traitements lat\u00e9raux : des bords droits nets et contemporains, des bords arrondis lisses et sans risque, ou des c\u00f4t\u00e9s diagonaux \u00e9l\u00e9gants qui attirent la lumi\u00e8re. Chaque surface a un impact sur l'aspect final et la sensation du plateau.<\/li>\n<li><strong>Th\u00e9rapie de surface et couleur :\u00a0<\/strong>Si la clart\u00e9 du cristal est notre crit\u00e8re, votre vision est notre commandement. Nous pouvons produire des plateaux avec une finition mate avanc\u00e9e pour minimiser l'\u00e9clat et dissimuler les empreintes digitales. En outre, nous pouvons d\u00e9velopper des plateaux dans des couleurs personnalis\u00e9es. A\u00a0<strong>noir transparent\u00a0<\/strong>ou le polym\u00e8re gris fum\u00e9, par exemple, offre un aspect spectaculaire et haut de gamme qui est ph\u00e9nom\u00e9nal pour dissimuler les petites \u00e9raflures et faire ressortir les aliments de couleur claire, comme les p\u00e2tisseries et les pains, par comparaison.<\/li>\n<li><strong>Conception du logo et assimilation de la marque :\u00a0<\/strong>La meilleure marque de modification. Nous pouvons habilement graver, inscrire ou publier le logo de votre \u00e9tablissement directement sur le plateau. Cela transforme un simple objet de service en un puissant outil de promotion de la marque, renfor\u00e7ant votre identit\u00e9 \u00e0 chaque utilisation.<\/li>\n<\/ul>\n<h3 id=\"-section-4-convenience-in-application-a-tray-for-each-occasion-\"><strong>Section 4 : Commodit\u00e9 d'utilisation - Un plateau pour chaque occasion\u00a0<\/strong>.<\/h3>\n<p>La grande commodit\u00e9 de ce plateau personnalis\u00e9 en fait un atout essentiel dans un large \u00e9ventail de sc\u00e9narios de convivialit\u00e9 et de vente au d\u00e9tail :.<\/p>\n<ul>\n<li><strong>Manger dans la salle :\u00a0<\/strong>Photo d'un visiteur prenant son petit-d\u00e9jeuner matinal, avec une assiette de fruits frais et des croissants chauds pr\u00e9par\u00e9s avec art sur ce plateau rutilant. L'exp\u00e9rience de la restauration dans la chambre passe instantan\u00e9ment d'un plat basique \u00e0 une minute de luxe.<\/li>\n<li><strong>\u00c9tablissement de restauration Solution :\u00a0<\/strong>Utilisez-le dans un grand restaurant pour pr\u00e9senter la corbeille \u00e0 pain avant le repas, ou comme syst\u00e8me \u00e9l\u00e9gant pour distribuer les amuse-gueules et les friandises \u00e0 la table.<\/li>\n<li><strong>Banquets et conf\u00e9rences :\u00a0<\/strong>Disposez des rang\u00e9es de ces plateaux \u00e0 l'endroit de la pause th\u00e9, remplis de p\u00e2tisseries \u00e9l\u00e9gantes, de friandises et de fruits. Leur tenue et leur aspect haut de gamme conf\u00e8rent un sentiment d'ordre et de raffinement \u00e0 tout type d'occasion massive.<\/li>\n<li><strong>Bars et salons du hall d'entr\u00e9e :\u00a0<\/strong>C'est le compagnon id\u00e9al pour un service de th\u00e9 \u00e0 cinq heures ou pour offrir des cocktails et des hors-d'\u0153uvre, en ajoutant une touche de glamour \u00e0 l'atmosph\u00e8re du salon.<\/li>\n<li><strong>Pr\u00e9sentations de buffets :\u00a0<\/strong>Utilisez plusieurs plateaux sur une table de buffet pour s\u00e9parer et pr\u00e9senter avec \u00e9l\u00e9gance diff\u00e9rents types de pains, de fromages ou de desserts, afin de cr\u00e9er un banquet visuel ordonn\u00e9 et bien organis\u00e9.<\/li>\n<li><strong>Boulangeries et p\u00e2tisseries :\u00a0<\/strong>Au-del\u00e0 de la solution, le plateau est un contenant ph\u00e9nom\u00e9nal pour les \u00e9crans. Sa qualit\u00e9 et son style rendront vos plus belles productions encore plus s\u00e9duisantes dans une vitrine.<\/li>\n<\/ul>\n<p><a href=\"https:\/\/customacrylicproduct.com\/fr\/factory-custom-clear-acrylic-serving-trays-with-gold-handle\/\"><img decoding=\"async\" class=\"aligncenter wp-image-765 size-full\" src=\"https:\/\/customacrylicproduct.com\/wp-content\/uploads\/2025\/07\/Acrylic-Serving-Trays-3.jpg\" alt=\"Plateaux de service en acrylique\" width=\"800\" height=\"800\" srcset=\"https:\/\/customacrylicproduct.com\/wp-content\/uploads\/2025\/07\/Acrylic-Serving-Trays-3.jpg 800w, https:\/\/customacrylicproduct.com\/wp-content\/uploads\/2025\/07\/Acrylic-Serving-Trays-3-300x300.jpg 300w, https:\/\/customacrylicproduct.com\/wp-content\/uploads\/2025\/07\/Acrylic-Serving-Trays-3-150x150.jpg 150w, https:\/\/customacrylicproduct.com\/wp-content\/uploads\/2025\/07\/Acrylic-Serving-Trays-3-768x768.jpg 768w, https:\/\/customacrylicproduct.com\/wp-content\/uploads\/2025\/07\/Acrylic-Serving-Trays-3-12x12.jpg 12w, https:\/\/customacrylicproduct.com\/wp-content\/uploads\/2025\/07\/Acrylic-Serving-Trays-3-600x600.jpg 600w, https:\/\/customacrylicproduct.com\/wp-content\/uploads\/2025\/07\/Acrylic-Serving-Trays-3-100x100.jpg 100w\" sizes=\"(max-width: 800px) 100vw, 800px\" \/><\/a><\/p>\n<h3 id=\"-section-5-enduring-top-quality-maintenance-and-treatment-\"><strong>Section 5 : Qualit\u00e9 sup\u00e9rieure durable - maintien et traitement\u00a0<\/strong>.<\/h3>\n<p>Nous construisons nos plateaux pour qu'ils durent. Avec un traitement appropri\u00e9, ils serviront magnifiquement votre \u00e9tablissement pendant des ann\u00e9es.<\/p>\n<p><strong>Durabilit\u00e9 :\u00a0<\/strong>Bien que tr\u00e8s r\u00e9sistante aux chocs, la surface de l'acrylique est moins solide que celle du verre. Pour \u00e9viter les fines rayures, il est d\u00e9conseill\u00e9 de d\u00e9placer des objets durs ou pointus sur sa surface.<\/p>\n<p><strong>Nettoyage sugg\u00e9r\u00e9 :\u00a0<\/strong>.<\/p>\n<ul>\n<li><strong>Utilisation :\u00a0<\/strong>Un tissu doux ou une \u00e9ponge avec de l'eau chaude et un d\u00e9tergent l\u00e9ger et neutre (comme du savon de Marseille).<\/li>\n<li><strong>Sec :\u00a0<\/strong>Frotter d\u00e9licatement avec un chiffon en microfibre doux et propre pour \u00e9viter les taches d'eau et restaurer la brillance.<\/li>\n<\/ul>\n<p><strong>Ce qu'il faut pr\u00e9venir :\u00a0<\/strong>.<\/p>\n<ul>\n<li><strong>NE JAMAIS utiliser :\u00a0<\/strong>Les nettoyants d\u00e9sagr\u00e9ables, les tampons \u00e0 peigner ou la laine d'acier, car ils rayent et ab\u00eement compl\u00e8tement la surface.<\/li>\n<li><strong>NE JAMAIS utiliser :\u00a0<\/strong>Les solvants chimiques tels que l'alcool, l'ac\u00e9tone, l'ammoniaque ou les nettoyants pour vitres. Ces produits peuvent d\u00e9clencher le fading (d\u00e9veloppement d'un r\u00e9seau de grandes fractures) de l'acrylique et lui faire perdre sa clart\u00e9.<\/li>\n<\/ul>\n<p>En respectant ces instructions d'entretien simples, vous ferez en sorte que vos plateaux acryliques personnalis\u00e9s restent une source de fiert\u00e9 et un symbole de votre engagement en faveur de la qualit\u00e9 sup\u00e9rieure.<\/p>\n<h3 id=\"-verdict-an-investment-in-excellence-\"><strong>Verdict : Un investissement dans l'excellence\u00a0<\/strong>.<\/h3>\n<p>L'installation de fabrication Fait sur mesure <a href=\"https:\/\/customacrylicproduct.com\/fr\/factory-custom-clear-acrylic-serving-trays-with-gold-handle\/\">Plateau de service en acrylique transparent<\/a> avec poign\u00e9es en or est plus qu'un produit - c'est une collaboration. C'est l'occasion d'insuffler l'identit\u00e9 de votre marque dans tous les aspects de votre solution. C'est un engagement \u00e0 fournir \u00e0 votre personnel des appareils aussi efficaces et s\u00fbrs qu'attrayants. Plus important encore, il s'agit d'un investissement dans l'exp\u00e9rience du visiteur, qui t\u00e9moigne d'un niveau de traitement et d'un int\u00e9r\u00eat pour les d\u00e9tails qui d\u00e9finissent le v\u00e9ritable luxe.<\/p>\n<p>Appelez notre \u00e9quipe de conception d\u00e8s aujourd'hui pour prendre rendez-vous. Laissez-nous collaborer pour cr\u00e9er une option de service sur mesure qui soit aussi distincte et ph\u00e9nom\u00e9nale que votre marque.<\/p>","protected":false},"excerpt":{"rendered":"<p>Rehaussez votre d\u00e9cor avec ce superbe plateau de service en acrylique transparent. Les poign\u00e9es dor\u00e9es polies ajoutent une touche de luxe moderne, ce qui le rend parfait pour servir les invit\u00e9s, organiser un meuble-lavabo ou comme accent chic sur une table basse. Une pi\u00e8ce polyvalente et \u00e9l\u00e9gante pour toute la maison.<\/p>","protected":false},"featured_media":767,"template":"","meta":{"_kad_post_transparent":"default","_kad_post_title":"","_kad_post_layout":"default","_kad_post_sidebar_id":"","_kad_post_content_style":"default","_kad_post_vertical_padding":"default","_kad_post_feature":"","_kad_post_feature_position":"","_kad_post_header":false,"_kad_post_footer":false,"_kad_post_classname":""},"product_brand":[],"product_cat":[22],"product_tag":[83,56,57],"class_list":{"0":"post-762","1":"product","2":"type-product","3":"status-publish","4":"has-post-thumbnail","6":"product_cat-custom-acrylic-trays","7":"product_tag-acrylic-serving-trays","8":"product_tag-custom-acrylic-trays","9":"product_tag-perspex-acrylic-tray","11":"first","12":"instock","13":"shipping-taxable","14":"product-type-simple","15":"entry","16":"content-bg","17":"loop-entry"},"_links":{"self":[{"href":"https:\/\/customacrylicproduct.com\/fr\/wp-json\/wp\/v2\/product\/762","targetHints":{"allow":["GET"]}}],"collection":[{"href":"https:\/\/customacrylicproduct.com\/fr\/wp-json\/wp\/v2\/product"}],"about":[{"href":"https:\/\/customacrylicproduct.com\/fr\/wp-json\/wp\/v2\/types\/product"}],"wp:featuredmedia":[{"embeddable":true,"href":"https:\/\/customacrylicproduct.com\/fr\/wp-json\/wp\/v2\/media\/767"}],"wp:attachment":[{"href":"https:\/\/customacrylicproduct.com\/fr\/wp-json\/wp\/v2\/media?parent=762"}],"wp:term":[{"taxonomy":"product_brand","embeddable":true,"href":"https:\/\/customacrylicproduct.com\/fr\/wp-json\/wp\/v2\/product_brand?post=762"},{"taxonomy":"product_cat","embeddable":true,"href":"https:\/\/customacrylicproduct.com\/fr\/wp-json\/wp\/v2\/product_cat?post=762"},{"taxonomy":"product_tag","embeddable":true,"href":"https:\/\/customacrylicproduct.com\/fr\/wp-json\/wp\/v2\/product_tag?post=762"}],"curies":[{"name":"wp","href":"https:\/\/api.w.org\/{rel}","templated":true}]}}