{"id":776,"date":"2025-07-09T13:34:19","date_gmt":"2025-07-09T13:34:19","guid":{"rendered":"https:\/\/customacrylicproduct.com\/?post_type=product&#038;p=776"},"modified":"2025-07-09T13:41:50","modified_gmt":"2025-07-09T13:41:50","slug":"bespoke-clear-round-acrylic-perspex-coffee-tables-suppliers","status":"publish","type":"product","link":"https:\/\/customacrylicproduct.com\/fr\/bespoke-clear-round-acrylic-perspex-coffee-tables-suppliers\/","title":{"rendered":"Tables basses sur mesure en acrylique clair et rond Perspex Fournisseurs"},"content":{"rendered":"<h3 id=\"-the-art-of-invisibility-your-premier-uk-partner-for-bespoke-clear-acrylic-coffee-tables-\"><strong>L'art de l'invisibilit\u00e9 : Votre premier partenaire pour les tables basses en acrylique transparent sur mesure <\/strong>.<\/h3>\n<p>Sur la plan\u00e8te de la d\u00e9coration int\u00e9rieure moderne, le luxe supr\u00eame n'est souvent pas ce que l'on voit, mais le sentiment r\u00e9el qu'une pi\u00e8ce stimule. C'est le sentiment d'ouverture, de lumi\u00e8re et d'\u00e9l\u00e9gance facile. Au c\u0153ur de ces principes minimalistes se trouve un mat\u00e9riau qui d\u00e9fie les conventions : l'acrylique transparent. Nous ne sommes pas de simples fournisseurs ; nous sommes des fabricants sp\u00e9cialis\u00e9s et des partenaires imaginatifs, qui se consacrent \u00e0 l'\u00e9laboration de produits \u00e9l\u00e9gants, <a href=\"https:\/\/customacrylicproduct.com\/fr\/bespoke-clear-round-acrylic-perspex-coffee-tables-suppliers\/\">tables basses sur mesure en acrylique rond transparent (Perspex)<\/a> qui constituent la pi\u00e8ce ma\u00eetresse silencieuse et sensationnelle de tout type d'int\u00e9rieur moderne.<\/p>\n<p>Fabriqu\u00e9e \u00e0 la main avec pr\u00e9cision dans notre usine du East Yorkshire, chaque table t\u00e9moigne du savoir-faire britannique, d'un agencement de pointe et d'une profonde compr\u00e9hension des visions uniques de nos clients. Que vous soyez un designer d'int\u00e9rieur \u00e0 la recherche de mobilier pour un projet r\u00e9sidentiel haut de gamme, un acheteur industriel qui \u00e9quipe un caf\u00e9 \u00e9l\u00e9gant ou un magasin pop-up, ou un commer\u00e7ant qui cherche \u00e0 fournir des meubles exclusifs de qualit\u00e9 sup\u00e9rieure, nous sommes votre source directe de pi\u00e8ces qui allient \u00e9l\u00e9gance ang\u00e9lique et fonctionnalit\u00e9 quotidienne.<\/p>\n<p>C'est plus qu'un simple meuble. C'est de l'art utile, \u00e0 votre mesure.<\/p>\n<h3 id=\"-area-1-the-material-of-the-moment-the-polymer-benefit-\"><strong>Domaine 1 : Le mat\u00e9riau du moment - L'avantage des polym\u00e8res\u00a0<\/strong>.<\/h3>\n<p>Nos tables basses reposent sur l'extraordinaire qualit\u00e9 du produit que nous s\u00e9lectionnons : une nouvelle feuille acrylique PMMA de qualit\u00e9 sup\u00e9rieure. Nous s\u00e9lectionnons les mat\u00e9riaux les plus nobles afin de nous assurer que chaque pi\u00e8ce que nous produisons non seulement r\u00e9pond aux crit\u00e8res du secteur, mais les d\u00e9passe.<\/p>\n<p><strong>Ouverture et agilit\u00e9 exceptionnelles\u00a0<\/strong>. Notre acrylique pr\u00e9sente un passage de la lumi\u00e8re de plus de 93%, offrant une puret\u00e9 cristalline, semblable \u00e0 celle du verre, qui n'a pas son pareil. Cette transparence exceptionnelle donne un r\u00e9sultat \u201cfantomatique\u201d, permettant \u00e0 la table de s'int\u00e9grer parfaitement dans n'importe quel type d'environnement. Elle ne contr\u00f4le pas une pi\u00e8ce, elle l'\u00e9l\u00e8ve. En permettant \u00e0 la lumi\u00e8re de passer \u00e0 travers et de se refl\u00e9ter sur ses surfaces polies, elle renforce la sensation d'espace, ce qui donne l'impression que m\u00eame les petits salons ou les locaux commerciaux sont plus ouverts, plus a\u00e9r\u00e9s et plus vastes.<\/p>\n<p><strong>Solidit\u00e9 et s\u00e9curit\u00e9 sup\u00e9rieures\u00a0<\/strong>. S'il partage l'attrait visuel du verre, l'acrylique est largement sup\u00e9rieur en termes d'efficacit\u00e9. Il est naturellement incassable et poss\u00e8de une r\u00e9sistance aux chocs nettement sup\u00e9rieure. Cela fait de nos tables basses un choix beaucoup plus s\u00fbr et fonctionnel pour les maisons avec des enfants et des chiens de compagnie, ainsi que pour les salles de travail tr\u00e8s fr\u00e9quent\u00e9es. Cette robustesse est renforc\u00e9e par une r\u00e9sistance exceptionnelle aux intemp\u00e9ries, ce qui garantit que le produit ne jaunira pas et ne se d\u00e9gradera pas avec le temps, et qu'il conservera sa clart\u00e9 impeccable pendant plusieurs ann\u00e9es. Pour attester de sa qualit\u00e9 sup\u00e9rieure, notre mat\u00e9riau peut \u00eatre certifi\u00e9 SGS pour sa s\u00e9curit\u00e9 et sa haute qualit\u00e9.<\/p>\n<p><strong>Sanitaire et facile \u00e0 entretenir\u00a0<\/strong>. La surface non poreuse de l'acrylique est incroyablement hygi\u00e9nique et facile \u00e0 nettoyer - un attribut crucial pour les installations domestiques et conviviales. Les liquides renvers\u00e9s, les empreintes digitales et la poussi\u00e8re peuvent \u00eatre nettoy\u00e9s \u00e0 l'aide d'un tissu doux et d'un savon l\u00e9ger, laissant une surface magnifique et sans traces. Contrairement au bois, il ne ternit pas et n'absorbe pas l'humidit\u00e9, et contrairement \u00e0 certains m\u00e9taux, il ne rouille pas et ne ternit pas.<\/p>\n<p><a href=\"https:\/\/customacrylicproduct.com\/fr\/bespoke-clear-round-acrylic-perspex-coffee-tables-suppliers\/\"><img fetchpriority=\"high\" decoding=\"async\" class=\"alignnone wp-image-779 size-full\" src=\"https:\/\/customacrylicproduct.com\/wp-content\/uploads\/2025\/07\/Acrylic-Coffee-Tables-4.jpg\" alt=\"Tables basses en acrylique\" width=\"1000\" height=\"1000\" srcset=\"https:\/\/customacrylicproduct.com\/wp-content\/uploads\/2025\/07\/Acrylic-Coffee-Tables-4.jpg 1000w, https:\/\/customacrylicproduct.com\/wp-content\/uploads\/2025\/07\/Acrylic-Coffee-Tables-4-300x300.jpg 300w, https:\/\/customacrylicproduct.com\/wp-content\/uploads\/2025\/07\/Acrylic-Coffee-Tables-4-150x150.jpg 150w, https:\/\/customacrylicproduct.com\/wp-content\/uploads\/2025\/07\/Acrylic-Coffee-Tables-4-768x768.jpg 768w, https:\/\/customacrylicproduct.com\/wp-content\/uploads\/2025\/07\/Acrylic-Coffee-Tables-4-12x12.jpg 12w, https:\/\/customacrylicproduct.com\/wp-content\/uploads\/2025\/07\/Acrylic-Coffee-Tables-4-600x600.jpg 600w, https:\/\/customacrylicproduct.com\/wp-content\/uploads\/2025\/07\/Acrylic-Coffee-Tables-4-100x100.jpg 100w\" sizes=\"(max-width: 1000px) 100vw, 1000px\" \/><\/a><\/p>\n<h3 id=\"-area-2-the-workmanship-behind-the-clarity-our-core-modern-technology-and-quality-control-\"><strong>Domaine 2 : Le travail derri\u00e8re la clart\u00e9 - Notre technologie moderne de base et le contr\u00f4le de la qualit\u00e9\u00a0<\/strong>.<\/h3>\n<p>Un excellent produit final na\u00eet d'un processus d'une pr\u00e9cision absolue et d'une technique magistrale. Dans notre usine du Yorkshire de l'Est, nous associons des techniques de finition manuelle ancestrales \u00e0 une technologie moderne de pointe pour atteindre un niveau de qualit\u00e9 \u00e9lev\u00e9 qui est concret.<\/p>\n<p><strong>D\u00e9coupe laser de pr\u00e9cision\u00a0<\/strong>. Chaque pi\u00e8ce de nos tables commence par une coupe optimale. Nous utilisons une technologie moderne de d\u00e9coupe au laser avanc\u00e9e qui garantit une r\u00e9sistance \u00e0 la pr\u00e9cision de \u2264 0,3 mm. Cette pr\u00e9cision \u00e9tonnante permet de s'assurer que toutes les pi\u00e8ces s'embo\u00eetent parfaitement, d\u00e9veloppant des lignes nettes et d'excellents contours, qui sont les caract\u00e9ristiques du design minimal haut de gamme.<\/p>\n<p><strong>Innovation en mati\u00e8re de collage sans couture\u00a0<\/strong>. L'un des plus grands d\u00e9fis de la fabrication de l'acrylique est d'obtenir des joints ind\u00e9tectables. Nos experts utilisent un proc\u00e9d\u00e9 de collage sp\u00e9cialis\u00e9, sans trace, qui lie chimiquement les \u00e9l\u00e9ments d'acrylique entre eux. Il en r\u00e9sulte des joints qui sont non seulement exceptionnellement solides, mais aussi optiquement clairs, donnant l'illusion d'un type solitaire et monolithique. La surface de la table est garantie parfaitement plane et lisse, sans aucune ligne perceptible pour interrompre son esth\u00e9tique lisse.<\/p>\n<p><strong>Surface exquise et th\u00e9rapie lat\u00e9rale\u00a0<\/strong>. L'aspect d'un meuble est aussi important que son apparence. Nous proposons deux principaux rev\u00eatements de surface :.<\/p>\n<ul>\n<li><strong>Polissage brillant :\u00a0<\/strong>Notre rev\u00eatement conventionnel, o\u00f9 la table enti\u00e8re est soigneusement polie \u00e0 la main pour obtenir une brillance \u00e9blouissante, semblable \u00e0 celle d'un liquide, qui refl\u00e8te merveilleusement la lumi\u00e8re.<\/li>\n<li><strong>Effet mat\/givr\u00e9 :\u00a0<\/strong>Pour un aspect plus doux et extra diffus qui r\u00e9duit l'\u00e9clat et les empreintes digitales, nous pouvons utiliser une finition gel\u00e9e avanc\u00e9e.<\/li>\n<\/ul>\n<p>En outre, nous accordons une grande attention aux bords, en utilisant une technique de chanfreinage qui biseaute l\u00e9g\u00e8rement le c\u00f4t\u00e9. Cette technique permet non seulement de rehausser le style de la table, mais aussi de la rendre plus lisse au toucher et plus r\u00e9sistante aux fissures, ce qui garantit \u00e0 la fois sa s\u00e9curit\u00e9 et sa durabilit\u00e9. Chaque table est fabriqu\u00e9e \u00e0 partir d'un\u00a0<strong>Acrylique de qualit\u00e9 sup\u00e9rieure de 12 mm\u00a0<\/strong>de s\u00e9rie, ce qui lui conf\u00e8re un poids visuel agr\u00e9able et une sensation de durabilit\u00e9.<\/p>\n<p><a href=\"https:\/\/customacrylicproduct.com\/fr\/bespoke-clear-round-acrylic-perspex-coffee-tables-suppliers\/\"><img decoding=\"async\" class=\"aligncenter wp-image-778 size-full\" src=\"https:\/\/customacrylicproduct.com\/wp-content\/uploads\/2025\/07\/Acrylic-Coffee-Tables-2.jpg\" alt=\"Tables basses en acrylique\" width=\"1000\" height=\"1000\" srcset=\"https:\/\/customacrylicproduct.com\/wp-content\/uploads\/2025\/07\/Acrylic-Coffee-Tables-2.jpg 1000w, https:\/\/customacrylicproduct.com\/wp-content\/uploads\/2025\/07\/Acrylic-Coffee-Tables-2-300x300.jpg 300w, https:\/\/customacrylicproduct.com\/wp-content\/uploads\/2025\/07\/Acrylic-Coffee-Tables-2-150x150.jpg 150w, https:\/\/customacrylicproduct.com\/wp-content\/uploads\/2025\/07\/Acrylic-Coffee-Tables-2-768x768.jpg 768w, https:\/\/customacrylicproduct.com\/wp-content\/uploads\/2025\/07\/Acrylic-Coffee-Tables-2-12x12.jpg 12w, https:\/\/customacrylicproduct.com\/wp-content\/uploads\/2025\/07\/Acrylic-Coffee-Tables-2-600x600.jpg 600w, https:\/\/customacrylicproduct.com\/wp-content\/uploads\/2025\/07\/Acrylic-Coffee-Tables-2-100x100.jpg 100w\" sizes=\"(max-width: 1000px) 100vw, 1000px\" \/><\/a><\/p>\n<h3 id=\"-area-3-your-vision-understood-our-bespoke-personalization-process-and-service-\"><strong>Domaine 3 : Votre vision, comprise - Notre processus et service de personnalisation sur mesure\u00a0<\/strong>.<\/h3>\n<p>\u201d Le \u201dsur mesure\" est au c\u0153ur de notre philosophie de service. Nous pensons que le mobilier doit s'adapter \u00e0 l'espace et non l'inverse. Notre processus commun est con\u00e7u pour \u00eatre transparent, flexible et ax\u00e9 sur la concr\u00e9tisation de votre concept unique.<\/p>\n<p><strong>Adaptabilit\u00e9 in\u00e9gal\u00e9e de la conception\u00a0<\/strong>. Nous aimons la coop\u00e9ration et pouvons travailler \u00e0 partir de vos illustrations techniques, de vos croquis et m\u00eame de vos photos d'inspiration. Nos capacit\u00e9s de personnalisation sont consid\u00e9rables :.<\/p>\n<ul>\n<li><strong>Taille :\u00a0<\/strong>Nous pouvons concevoir des tables de toutes tailles, notre gamme la plus populaire allant de\u00a0<strong>60cm \u00e0 135cm\u00a0<\/strong>.<\/li>\n<li><strong>\u00c9paisseur :\u00a0<\/strong>Choisissez parmi une gamme de densit\u00e9s acryliques, g\u00e9n\u00e9ralement de\u00a0<strong>6 mm pour les pi\u00e8ces plus l\u00e9g\u00e8res jusqu'\u00e0 20 mm ou plus\u00a0<\/strong>pour une d\u00e9claration vibrante.<\/li>\n<li><strong>Support et base :\u00a0<\/strong>Si une table en acrylique pur est magnifique, nous pouvons y int\u00e9grer d'autres mat\u00e9riaux pour l'adapter \u00e0 votre style. Il peut s'agir de bases et de pieds fabriqu\u00e9s en\u00a0<strong>acier inoxydable bross\u00e9, chrome poli ou acier dor\u00e9 opulent\u00a0<\/strong>.<\/li>\n<li><strong>Conception architecturale :\u00a0<\/strong>Nous pouvons fabriquer votre table avec des performances am\u00e9lior\u00e9es, telles qu'un\u00a0<strong>style double couche\u00a0<\/strong>pour le stockage, un\u00a0<strong>mise en place amovible\u00a0<\/strong>pour une livraison et une installation moins compliqu\u00e9es, ou m\u00eame innovantes.\u00a0<strong>styles repliables\u00a0<\/strong>pour les zones polyvalentes.<\/li>\n<\/ul>\n<p><strong>Une collaboration claire et fiable\u00a0<\/strong>. Nous avons rationalis\u00e9 notre proc\u00e9dure afin de garantir \u00e0 nos clients une exp\u00e9rience fluide et pr\u00e9visible :.<\/p>\n<ol>\n<li><strong>Examen et devis :\u00a0<\/strong>Faites-nous part de votre projet. Nous vous fournirons un devis d\u00e9taill\u00e9 et des conseils professionnels.<\/li>\n<li><strong>\u00c9preuve\/prototypage :\u00a0<\/strong>Pour les conceptions nouvelles ou complexes, nous proposons un service d'\u00e9preuvage. Un prototype peut \u00eatre cr\u00e9\u00e9 en seulement\u00a0<strong>3-7 jours,<\/strong>\u00a0qui est enti\u00e8rement d\u00e9ductible de l'assurance de la derni\u00e8re d\u00e9pense d'une commande en gros. Cela vous permet de voir et d'accepter l'article physique avant de vous engager dans une production compl\u00e8te.<\/li>\n<li><strong>Production :\u00a0<\/strong>Une fois la conception accept\u00e9e, la production en s\u00e9rie prend entre\u00a0<strong>10-30 jours\u00a0<\/strong>, en fonction de la complexit\u00e9 et de la quantit\u00e9 de la commande.<\/li>\n<li><strong>R\u00e8glement et exp\u00e9dition :\u00a0<\/strong>Notre conception conventionnelle de la participation est une\u00a0<strong>D\u00e9p\u00f4t 30%\u00a0<\/strong>pour commencer la production, les autres\u00a0<strong>70% dette avant exp\u00e9dition\u00a0<\/strong>. Nous sommes tout \u00e0 fait dispos\u00e9s \u00e0 examiner les produits finis dans notre usine avant que le r\u00e8glement final ne soit effectu\u00e9, afin de garantir une confiance et une satisfaction totales.<\/li>\n<\/ol>\n<h3 id=\"-area-4-a-style-for-every-story-application-scenarios-and-market-positioning-\"><strong>Domaine 4 : Un style pour chaque histoire - Sc\u00e9narios d'application et positionnement sur le march\u00e9\u00a0<\/strong>.<\/h3>\n<p>L'appel d'un <a href=\"https:\/\/customacrylicproduct.com\/fr\/custom-acrylic-furnitures\/\">table basse en acrylique transparent<\/a> r\u00e9side dans son incroyable flexibilit\u00e9. C'est un cam\u00e9l\u00e9on stylistique, capable de s\u00e9curiser une pi\u00e8ce ou de se fondre dans l'histoire, en s'adaptant \u00e0 une grande vari\u00e9t\u00e9 d'apparences et d'environnements.<\/p>\n<p><strong>Adaptation \u00e0 la situation :\u00a0<\/strong>.<\/p>\n<ul>\n<li><strong>Espaces de vie r\u00e9sidentiels :\u00a0<\/strong>Il s'agit d'une excellente option pour conserver un sentiment de visibilit\u00e9. Il se marie \u00e0 merveille avec les canap\u00e9s en peluche et les moquettes aux couleurs vives, permettant \u00e0 ces \u00e9l\u00e9ments fonctionnels de rayonner.<\/li>\n<li><strong>Caf\u00e9s et magasins H\u00f4tels :\u00a0<\/strong>Sa durabilit\u00e9 et sa facilit\u00e9 de nettoyage le rendent optimal pour une utilisation professionnelle. Il apporte une touche de tendance contemporaine sans encombrer esth\u00e9tiquement l'espace.<\/li>\n<li><strong>\u00c9tudes et bureau :\u00a0<\/strong>Il offre une surface utile sans ajouter de poids esth\u00e9tique, ce qui permet de cr\u00e9er un environnement propre et cibl\u00e9.<\/li>\n<li><strong>Espaces commerciaux :\u00a0<\/strong>Un choix fantastique pour les homestays, les pop-up shops et les showrooms o\u00f9 l'on recherche un look avanc\u00e9, moderne et \u00e9pur\u00e9.<\/li>\n<\/ul>\n<p><strong>Styles \u00e0 la mode :\u00a0<\/strong>. Nos tables sont \u00e0 l'avant-garde des tendances contemporaines en mati\u00e8re de design :.<\/p>\n<ul>\n<li><strong>Simplicit\u00e9 moderne et design nordique :\u00a0<\/strong>Les lignes \u00e9pur\u00e9es et la nature claire sont l'incarnation du style minimaliste et scandinave.<\/li>\n<li><strong>\u201d Instagram Star\u201d :\u00a0<\/strong>L'association de l'acrylique transparent et d'un design \u00e9pur\u00e9 permet d'obtenir un produit de qualit\u00e9.\u00a0<strong>base dor\u00e9e ou m\u00e9tallique\u00a0<\/strong>est une tendance largement r\u00e9pandue, d\u00e9veloppant un sentiment instantan\u00e9 de prestige et de haut de gamme, esth\u00e9tiquement frappant et hautement photog\u00e9nique.<\/li>\n<\/ul>\n<p>En proposant une pi\u00e8ce \u00e0 la fois traditionnelle et parfaitement dans l'air du temps, nous pla\u00e7ons nos tables comme un investissement judicieux, \u00e0 la mode et durable pour tout type d'am\u00e9nagement.<\/p>\n<p><a href=\"https:\/\/customacrylicproduct.com\/fr\/bespoke-clear-round-acrylic-perspex-coffee-tables-suppliers\/\"><img decoding=\"async\" class=\"aligncenter wp-image-777 size-full\" src=\"https:\/\/customacrylicproduct.com\/wp-content\/uploads\/2025\/07\/Acrylic-Coffee-Tables-1.jpg\" alt=\"Tables basses en acrylique\" width=\"1000\" height=\"1000\" srcset=\"https:\/\/customacrylicproduct.com\/wp-content\/uploads\/2025\/07\/Acrylic-Coffee-Tables-1.jpg 1000w, https:\/\/customacrylicproduct.com\/wp-content\/uploads\/2025\/07\/Acrylic-Coffee-Tables-1-300x300.jpg 300w, https:\/\/customacrylicproduct.com\/wp-content\/uploads\/2025\/07\/Acrylic-Coffee-Tables-1-150x150.jpg 150w, https:\/\/customacrylicproduct.com\/wp-content\/uploads\/2025\/07\/Acrylic-Coffee-Tables-1-768x768.jpg 768w, https:\/\/customacrylicproduct.com\/wp-content\/uploads\/2025\/07\/Acrylic-Coffee-Tables-1-12x12.jpg 12w, https:\/\/customacrylicproduct.com\/wp-content\/uploads\/2025\/07\/Acrylic-Coffee-Tables-1-600x600.jpg 600w, https:\/\/customacrylicproduct.com\/wp-content\/uploads\/2025\/07\/Acrylic-Coffee-Tables-1-100x100.jpg 100w\" sizes=\"(max-width: 1000px) 100vw, 1000px\" \/><\/a><\/p>\n<h3 id=\"-conclusion-companion-with-the-uk-s-polymer-specialists-\"><strong>Conclusion : Compagnon de route d'un sp\u00e9cialiste des polym\u00e8res <\/strong>.<\/h3>\n<p>Lorsque vous choisissez de traiter avec nous, vous choisissez plus qu'un simple fournisseur. Vous choisissez un compagnon de fabrication d\u00e9di\u00e9 \u00e0 la qualit\u00e9, \u00e0 la polyvalence et \u00e0 l'enti\u00e8re satisfaction du client. Vous choisissez un produit fait \u00e0 la main, fabriqu\u00e9 avec soin et pr\u00e9cision dans notre propre usine. Vous choisissez la s\u00e9curit\u00e9 et la solidit\u00e9 de l'acrylique incassable, l'\u00e9l\u00e9gance d'une mise en page sans faille et la possibilit\u00e9 infinie de modifications sur mesure.<\/p>\n<p>Laissez-nous vous aider \u00e0 cr\u00e9er des espaces plus l\u00e9gers, plus lumineux et plus beaux. Prenez contact d\u00e8s aujourd'hui avec notre \u00e9quipe de conception et de vente pour discuter de votre projet, demander un exemple ou obtenir un devis sans engagement. R\u00e9alisons ensemble quelque chose de ph\u00e9nom\u00e9nal.<\/p>","protected":false},"excerpt":{"rendered":"<p>En tant que fournisseurs sp\u00e9cialis\u00e9s, nous fabriquons sur mesure des tables basses rondes en acrylique transparent qui constituent d'\u00e9tonnantes pi\u00e8ces ma\u00eetresses minimalistes. Nous cr\u00e9ons avec vous des meubles en Perspex sur mesure, qui conf\u00e8rent une esth\u00e9tique parfaite et moderne \u00e0 vos projets d'int\u00e9rieur haut de gamme.<\/p>","protected":false},"featured_media":780,"template":"","meta":{"_kad_post_transparent":"default","_kad_post_title":"","_kad_post_layout":"default","_kad_post_sidebar_id":"","_kad_post_content_style":"default","_kad_post_vertical_padding":"default","_kad_post_feature":"","_kad_post_feature_position":"","_kad_post_header":false,"_kad_post_footer":false,"_kad_post_classname":""},"product_brand":[],"product_cat":[21],"product_tag":[86,69],"class_list":{"0":"post-776","1":"product","2":"type-product","3":"status-publish","4":"has-post-thumbnail","6":"product_cat-custom-acrylic-furnitures","7":"product_tag-acrylic-coffee-tables","8":"product_tag-custom-acrylic-furnitures","10":"first","11":"instock","12":"shipping-taxable","13":"product-type-simple","14":"entry","15":"content-bg","16":"loop-entry"},"_links":{"self":[{"href":"https:\/\/customacrylicproduct.com\/fr\/wp-json\/wp\/v2\/product\/776","targetHints":{"allow":["GET"]}}],"collection":[{"href":"https:\/\/customacrylicproduct.com\/fr\/wp-json\/wp\/v2\/product"}],"about":[{"href":"https:\/\/customacrylicproduct.com\/fr\/wp-json\/wp\/v2\/types\/product"}],"wp:featuredmedia":[{"embeddable":true,"href":"https:\/\/customacrylicproduct.com\/fr\/wp-json\/wp\/v2\/media\/780"}],"wp:attachment":[{"href":"https:\/\/customacrylicproduct.com\/fr\/wp-json\/wp\/v2\/media?parent=776"}],"wp:term":[{"taxonomy":"product_brand","embeddable":true,"href":"https:\/\/customacrylicproduct.com\/fr\/wp-json\/wp\/v2\/product_brand?post=776"},{"taxonomy":"product_cat","embeddable":true,"href":"https:\/\/customacrylicproduct.com\/fr\/wp-json\/wp\/v2\/product_cat?post=776"},{"taxonomy":"product_tag","embeddable":true,"href":"https:\/\/customacrylicproduct.com\/fr\/wp-json\/wp\/v2\/product_tag?post=776"}],"curies":[{"name":"wp","href":"https:\/\/api.w.org\/{rel}","templated":true}]}}