{"id":916,"date":"2025-07-11T13:24:04","date_gmt":"2025-07-11T13:24:04","guid":{"rendered":"https:\/\/customacrylicproduct.com\/?post_type=product&#038;p=916"},"modified":"2025-07-11T13:45:21","modified_gmt":"2025-07-11T13:45:21","slug":"personalized-clear-acrylic-classroom-office-door-signs","status":"publish","type":"product","link":"https:\/\/customacrylicproduct.com\/fr\/personalized-clear-acrylic-classroom-office-door-signs\/","title":{"rendered":"Plaques de porte en acrylique transparent personnalis\u00e9es pour la salle de classe et le bureau"},"content":{"rendered":"<h3 id=\"-transform-your-space-an-introduction-to-personalized-clear-acrylic-door-indications-\"><strong>Transformez votre espace : Introduction aux indications de porte en acrylique transparent personnalis\u00e9es\u00a0<\/strong>.<\/h3>\n<p>Dans toute atmosph\u00e8re professionnelle ou universitaire, la premi\u00e8re impression est vitale. Elle donne le ton, \u00e9tablit un crit\u00e8re de qualit\u00e9 et donne aux visiteurs un aper\u00e7u de la qualit\u00e9 et de la confiance. Un panneau de porte facile \u00e0 utiliser est souvent le premier facteur de contact physique qu'une personne a avec votre espace, qu'il s'agisse d'un stagiaire d\u00e9couvrant sa classe, d'un client se rendant dans un bureau ou d'un patient se rendant dans une clinique. Nos plaques de porte personnalis\u00e9es en polym\u00e8re transparent sont fabriqu\u00e9es avec soin pour que cette premi\u00e8re impression soit celle d'une sophistication contemporaine, d'un professionnalisme et d'une fiabilit\u00e9 excellents, et d'une identit\u00e9 sur mesure.<\/p>\n<p>Ce ne sont pas de simples stylos, ce sont des d\u00e9clarations. Ils allient une fonctionnalit\u00e9 sans faille \u00e0 une esth\u00e9tique avanc\u00e9e, offrant un service flexible qui met en valeur n'importe quel type de conception. En abandonnant la signalisation conventionnelle et peu imaginative, vous pouvez instantan\u00e9ment am\u00e9liorer la qualit\u00e9 visuelle et l'organisation de votre environnement. Cette introduction compl\u00e8te pr\u00e9sente les six piliers qui font de nos panneaux en acrylique transparent un choix exceptionnel pour les salles de classe, les bureaux et le pass\u00e9 : les caract\u00e9ristiques extraordinaires du mat\u00e9riau, la proc\u00e9dure de production sophistiqu\u00e9e, la capacit\u00e9 de style infinie, les exigences flexibles, l'installation simple et l'applicabilit\u00e9 \u00e9tendue.<\/p>\n<h3 id=\"-1-the-heart-of-radiance-unboxing-the-product-characteristics-\"><strong>1. Le c\u0153ur de l'\u00e9clat : Les caract\u00e9ristiques du produit\u00a0<\/strong>.<\/h3>\n<p>Au c\u0153ur de chaque signe extraordinaire se trouve un mat\u00e9riau exceptionnel. Notre <a href=\"https:\/\/customacrylicproduct.com\/fr\/custom-acrylic-signs\/\">signes acyliques<\/a> sont fabriqu\u00e9s en acrylique transparent de qualit\u00e9 sup\u00e9rieure, un mat\u00e9riau qui a v\u00e9ritablement acquis le nom d'\"acrylique\". <strong>\u201dcristal plastique\u201d.\u201d\u00a0<\/strong>Ce nom n'est pas seulement un terme de marketing ; il fait r\u00e9f\u00e9rence aux propri\u00e9t\u00e9s esth\u00e9tiques et physiques r\u00e9sidentielles exceptionnelles du produit, qui le distinguent du plastique normal ou du verre vuln\u00e9rable.<\/p>\n<p><strong>Clart\u00e9 et communication lumineuse in\u00e9gal\u00e9es :\u00a0<\/strong>L'une des caract\u00e9ristiques les plus frappantes de notre polym\u00e8re est son incroyable transmission de la lumi\u00e8re, qui s'\u00e9l\u00e8ve \u00e0\u00a0<strong>93%\u00a0<\/strong>. Cette valeur est \u00e9galement sup\u00e9rieure \u00e0 celle de nombreux types de verre, ce qui permet \u00e0 la lumi\u00e8re de passer avec une distorsion marginale. Le r\u00e9sultat est un indicateur qui semble vraiment brillant, a\u00e9r\u00e9 et remarquablement clair. Il interagit magnifiquement avec la lumi\u00e8re ambiante, qu'il s'agisse d'un couloir \u00e9clair\u00e9 par le soleil ou d'un \u00e9clairage de bureau, en d\u00e9veloppant une lueur douce et uniforme qui fait appara\u00eetre le message imprim\u00e9 et les graphiques avec nettet\u00e9 et \u00e9clat. L'impact de cette \u201clumi\u00e8re douce\u201d \u00e9vite les lueurs extr\u00eames, ce qui garantit la lisibilit\u00e9 sous de nombreux angles.<\/p>\n<p><strong>Influence visuelle et finition impeccable :\u00a0<\/strong>La surface du polym\u00e8re est totalement lisse et non poreuse, offrant une toile parfaite pour l'impression haute r\u00e9solution. Les couleurs sont riches et r\u00e9alistes, cr\u00e9ant une influence esth\u00e9tique solide qui attire l'attention. Que vous choisissiez une mise en page minimale avec un message noir simple ou un logo en couleur, la base acrylique am\u00e9liore son aspect, lui offrant une profondeur et une vivacit\u00e9 que d'autres mat\u00e9riaux ne peuvent pas reproduire.<\/p>\n<p><strong>R\u00e9silience, s\u00fbret\u00e9 et s\u00e9curit\u00e9 sup\u00e9rieures :\u00a0<\/strong>S'il a la beaut\u00e9 du verre, l'acrylique poss\u00e8de une immense robustesse. Il a une r\u00e9sistance aux chocs qui est\u00a0<strong>200 fois sup\u00e9rieur \u00e0 celui du verre classique\u00a0<\/strong>, Il est donc pratiquement incassable. Il s'agit d'une fonction de s\u00e9curit\u00e9 essentielle, en particulier dans les lieux tr\u00e8s fr\u00e9quent\u00e9s tels que les \u00e9coles, les bureaux occup\u00e9s et les centres publics. Les chocs involontaires provoqu\u00e9s par les chariots, les sacs \u00e0 dos ou les meubles en mouvement ne provoqueront certainement pas d'\u00e9clats dangereux de mat\u00e9riaux endommag\u00e9s.<\/p>\n<p><strong>Climat exceptionnel et r\u00e9sistance \u00e9cologique :\u00a0<\/strong>Nos indications acryliques sont construites pour durer. Chaque panneau est con\u00e7u pour offrir une excellente r\u00e9sistance aux intemp\u00e9ries et int\u00e8gre une forte concentration d'absorbeurs d'ultraviolets (UV). Cette qualit\u00e9 protectrice garantit que l'indication ne jaunira pas et ne se cassera pas lorsqu'elle est expos\u00e9e \u00e0 la lumi\u00e8re du soleil avec le temps, et que les couleurs imprim\u00e9es ne se d\u00e9coloreront certainement pas. En outre, le mat\u00e9riau est incroyablement stable, avec un niveau de temp\u00e9rature de d\u00e9formation thermique de\u00a0<strong>\u2265 78 \u00b0 C( 172 \u00b0 F)\u00a0<\/strong>, Il ne se d\u00e9formera pas et ne perdra pas sa forme dans des environnements chauds ou lorsqu'il est install\u00e9 pr\u00e8s de sources de chaleur. Pour une plus grande tranquillit\u00e9 d'esprit, le polym\u00e8re poss\u00e8de des propri\u00e9t\u00e9s d'auto-extinction et ne s'enflamme pas, ce qui en fait un choix s\u00fbr qui respecte les directives de construction.<\/p>\n<p><a href=\"https:\/\/customacrylicproduct.com\/fr\/personalized-clear-acrylic-classroom-office-door-signs\/\"><img fetchpriority=\"high\" decoding=\"async\" class=\"aligncenter wp-image-919 size-full\" src=\"https:\/\/customacrylicproduct.com\/wp-content\/uploads\/2025\/07\/Acrylic-School-Signs-3.jpg\" alt=\"Panneaux scolaires en acrylique\" width=\"800\" height=\"800\" srcset=\"https:\/\/customacrylicproduct.com\/wp-content\/uploads\/2025\/07\/Acrylic-School-Signs-3.jpg 800w, https:\/\/customacrylicproduct.com\/wp-content\/uploads\/2025\/07\/Acrylic-School-Signs-3-300x300.jpg 300w, https:\/\/customacrylicproduct.com\/wp-content\/uploads\/2025\/07\/Acrylic-School-Signs-3-150x150.jpg 150w, https:\/\/customacrylicproduct.com\/wp-content\/uploads\/2025\/07\/Acrylic-School-Signs-3-768x768.jpg 768w, https:\/\/customacrylicproduct.com\/wp-content\/uploads\/2025\/07\/Acrylic-School-Signs-3-12x12.jpg 12w, https:\/\/customacrylicproduct.com\/wp-content\/uploads\/2025\/07\/Acrylic-School-Signs-3-600x600.jpg 600w, https:\/\/customacrylicproduct.com\/wp-content\/uploads\/2025\/07\/Acrylic-School-Signs-3-100x100.jpg 100w\" sizes=\"(max-width: 800px) 100vw, 800px\" \/><\/a><\/p>\n<h3 id=\"-2-the-art-of-production-our-advanced-manufacturing-refine-\"><strong>2. L'art de la production : Notre processus de fabrication avanc\u00e9e\u00a0<\/strong>.<\/h3>\n<p>Un mat\u00e9riau de qualit\u00e9 sup\u00e9rieure a droit \u00e0 une proc\u00e9dure de production avanc\u00e9e. Nous int\u00e9grons une technologie de pointe \u00e0 un travail m\u00e9ticuleux pour transformer une simple feuille d'acrylique en une \u0153uvre d'art personnalis\u00e9e. Nos principales techniques sont l'impression UV \u00e0 plat et la gravure laser de pr\u00e9cision, qui peuvent \u00eatre utilis\u00e9es s\u00e9par\u00e9ment ou ensemble pour obtenir l'apparence souhait\u00e9e.<\/p>\n<p><strong>Technologie d'impression UV \u00e0 plat :\u00a0<\/strong>C'est la condition sine qua non pour imprimer directement sur des substrats rigides comme l'acrylique. Contrairement aux m\u00e9thodes utilisant un autocollant, nos imprimantes UV utilisent de l'encre directement sur la surface. Lorsque l'encre est transf\u00e9r\u00e9e, elle est instantan\u00e9ment cicatris\u00e9e et li\u00e9e \u00e0 l'acrylique par des rayons ultraviolets efficaces. Cette proc\u00e9dure cr\u00e9e une finition durable et ind\u00e9l\u00e9bile qui r\u00e9siste au grattage, \u00e0 l'humidit\u00e9 et \u00e0 la d\u00e9coloration. Il permet :.<\/p>\n<ul>\n<li><strong>D\u00e9tail photor\u00e9aliste :\u00a0<\/strong>Nous pouvons recr\u00e9er des logos et des motifs complexes, ainsi que des photos en haute r\u00e9solution avec une clart\u00e9 exceptionnelle.<\/li>\n<li><strong>Vif, opaque Styles de couleurs :\u00a0<\/strong>L'impression UV permet de publier une couche d'encre blanche derri\u00e8re les couleurs, ce qui les fait ressortir avec une incroyable vivacit\u00e9, \u00e9galement sur un historique clair.<\/li>\n<li><strong>Texte clair et lisible :\u00a0<\/strong>Chaque lettre et chaque chiffre sont rendus avec une pr\u00e9cision lancinante, ce qui garantit que votre panneau est facile \u00e0 v\u00e9rifier.<\/li>\n<\/ul>\n<p><strong>Gravure laser de pr\u00e9cision :\u00a0<\/strong>Pour un effet beaucoup plus tactile et innovant, nous utilisons l'inscription au laser. Un faisceau laser tr\u00e8s concentr\u00e9 grave votre style directement dans l'acrylique, ce qui donne un aspect givr\u00e9 et tridimensionnel. Cette strat\u00e9gie est id\u00e9ale pour :.<\/p>\n<ul>\n<li><strong>\u00c9l\u00e9gance raffin\u00e9e :\u00a0<\/strong>Les messages ou logos grav\u00e9s offrent une esth\u00e9tique am\u00e9lior\u00e9e et unique qui s'amuse avec la lumi\u00e8re et l'obscurit\u00e9.<\/li>\n<li><strong>Ajouter de la profondeur :\u00a0<\/strong>En gravant au verso de l'enseigne, le trac\u00e9 semble d\u00e9river \u00e0 l'int\u00e9rieur de l'acrylique, ajoutant une fascinante couche de profondeur.<\/li>\n<li><strong>Motifs complexes :\u00a0<\/strong>Le laser peut produire des lignes incroyablement fines et des motifs g\u00e9om\u00e9triques compliqu\u00e9s, offrant un niveau d'information difficile \u00e0 atteindre avec l'impression seule.<\/li>\n<\/ul>\n<p>En incorporant ces deux strat\u00e9gies, nous pouvons d\u00e9velopper des designs multicouches vraiment uniques - par exemple, un logo d'entreprise imprim\u00e9 en quadrichromie aux UV accompagn\u00e9 de noms et de titres grav\u00e9s au laser pour un rev\u00eatement vibrant et de premi\u00e8re qualit\u00e9.<\/p>\n<p><a href=\"https:\/\/customacrylicproduct.com\/fr\/personalized-clear-acrylic-classroom-office-door-signs\/\"><img decoding=\"async\" class=\"aligncenter wp-image-920 size-full\" src=\"https:\/\/customacrylicproduct.com\/wp-content\/uploads\/2025\/07\/Acrylic-School-Signs-4.jpg\" alt=\"Panneaux scolaires en acrylique\" width=\"800\" height=\"800\" srcset=\"https:\/\/customacrylicproduct.com\/wp-content\/uploads\/2025\/07\/Acrylic-School-Signs-4.jpg 800w, https:\/\/customacrylicproduct.com\/wp-content\/uploads\/2025\/07\/Acrylic-School-Signs-4-300x300.jpg 300w, https:\/\/customacrylicproduct.com\/wp-content\/uploads\/2025\/07\/Acrylic-School-Signs-4-150x150.jpg 150w, https:\/\/customacrylicproduct.com\/wp-content\/uploads\/2025\/07\/Acrylic-School-Signs-4-768x768.jpg 768w, https:\/\/customacrylicproduct.com\/wp-content\/uploads\/2025\/07\/Acrylic-School-Signs-4-12x12.jpg 12w, https:\/\/customacrylicproduct.com\/wp-content\/uploads\/2025\/07\/Acrylic-School-Signs-4-600x600.jpg 600w, https:\/\/customacrylicproduct.com\/wp-content\/uploads\/2025\/07\/Acrylic-School-Signs-4-100x100.jpg 100w\" sizes=\"(max-width: 800px) 100vw, 800px\" \/><\/a><\/p>\n<h3 id=\"-3-designing-your-identification-the-looks-of-look-\"><strong>3. Concevoir votre identification : L'apparence de l'apparence\u00a0<\/strong>.<\/h3>\n<p>Le v\u00e9ritable attrait de nos panneaux en acrylique repose sur leur personnalisation illimit\u00e9e. La nature transparente du produit fonctionne comme une toile vide, ce qui lui permet de s'int\u00e9grer sans effort dans n'importe quelle atmosph\u00e8re tout en servant d'expression sp\u00e9ciale du nom de votre marque ou de votre personnalit\u00e9.<\/p>\n<p><strong>Une int\u00e9gration \u00e0 la mani\u00e8re d'un cam\u00e9l\u00e9on :\u00a0<\/strong>Un indicateur clair ne s'oppose pas \u00e0 votre d\u00e9cor, il s'y adapte. Qu'il soit install\u00e9 sur une porte en bois rustique, une surface en placopl\u00e2tre peinte, une structure en acier lisse ou une cloison en verre, l'ouverture de l'indicateur permet \u00e0 l'aspect et \u00e0 la teinte du fond de transpara\u00eetre, d\u00e9veloppant ainsi une apparence harmonieuse et incorpor\u00e9e qui semble d\u00e9lib\u00e9r\u00e9e et contemporaine.<\/p>\n<p><strong>Personnalisation d\u00e9brid\u00e9e :\u00a0<\/strong>.<\/p>\n<ul>\n<li><strong>Formage et type :\u00a0<\/strong>Nous ne sommes pas limit\u00e9s aux formes rectangulaires. Votre indication peut \u00eatre un carr\u00e9 ou un cercle traditionnel, un ovale sophistiqu\u00e9 ou une forme enti\u00e8rement personnalis\u00e9e qui refl\u00e8te votre logo ou offre un objectif cr\u00e9atif. Qu'il s'agisse d'un simple panneau plat ou d'un b\u00e2timent et d'une construction multicouches et tridimensionnels, les possibilit\u00e9s architecturales sont consid\u00e9rables.<\/li>\n<li><strong>Couleur et vid\u00e9os :\u00a0<\/strong>Gr\u00e2ce \u00e0 l'impression UV, toutes les combinaisons de couleurs sont possibles. Nous pouvons faire correspondre compl\u00e8tement les couleurs Pantone de votre marque, imprimer des motifs vibrants ou utiliser des teintes raffin\u00e9es pour un look plus discret. La coloration et la s\u00e9rigraphie sont \u00e9galement des alternatives pour des travaux particuliers, offrant une gamme compl\u00e8te de choix innovants.<\/li>\n<li><strong>Style et finition :\u00a0<\/strong>Le style peut aller de minimal et expert avec une seule ligne de message \u00e0 vif et dynamique pour une classe de maternelle. Nous pouvons obtenir une apparence totalement transparente, un effet \u201cgivr\u00e9\u201d semi-transparent ou maintenir une clart\u00e9 cristalline autour des aspects de la mise en page pour r\u00e9pondre \u00e0 vos exigences visuelles.<\/li>\n<\/ul>\n<h3 id=\"-4-the-perfect-fit-requirements-and-measurements-\"><strong>4. L'ajustement parfait : Exigences et mesures\u00a0<\/strong>.<\/h3>\n<p>Une strat\u00e9gie unique ne fonctionne pas pour les enseignes d'experts. Les dimensions d'une plaque de porte doivent \u00eatre dict\u00e9es par son objectif, son rayon d'action et l'endroit qu'elle occupe. Nous proposons une s\u00e9rie de tailles courantes et une personnalisation compl\u00e8te pour garantir que votre indication est parfaitement proportionn\u00e9e.<\/p>\n<p><strong>Taille des crit\u00e8res :\u00a0<\/strong>Pour plus de confort, nous proposons de nombreuses dimensions pr\u00e9f\u00e9rentielles dont l'efficacit\u00e9 a \u00e9t\u00e9 confirm\u00e9e dans de nombreux contextes, telles que\u00a0<strong>29 \u00d7 11cm (approx. 11.4\u2033 x 4.3\u2033)\u00a0<\/strong>et\u00a0<strong>29 \u00d7 8cm (approx. 11.4\u2033 x 3.1\u2033)\u00a0<\/strong>. Ce sont des choix exceptionnels pour les portes de bureau et de classe.<\/p>\n<p><strong>Sur mesure Mesures :\u00a0<\/strong>Vos besoins sont diff\u00e9rents, votre panneau doit l'\u00eatre aussi. Nous pouvons fabriquer des indications qui r\u00e9pondent exactement \u00e0 vos besoins.<\/p>\n<ul>\n<li><strong>Pour les salles de classe des coll\u00e8ges :\u00a0<\/strong>Un mod\u00e8le plus grand peut convenir pour garantir la clart\u00e9 d'un long couloir, permettant aux \u00e9l\u00e8ves et aux parents d'identifier facilement leur destination.<\/li>\n<li><strong>Pour les lieux de travail priv\u00e9s :\u00a0<\/strong>Une dimension encore plus discr\u00e8te comme\u00a0<strong>20 \u00d7 8cm (7.9\u2033 x 3.1\u2033)\u00a0<\/strong>ou\u00a0<strong>25 \u00d7 10cm (9.8\u2033 x 3.9\u2033)\u00a0<\/strong>peuvent b\u00e9n\u00e9ficier d'une touche de professionnalisme personnalis\u00e9 et de confiance sans pour autant encombrer la porte.<\/li>\n<li><strong>Pour les salles de r\u00e9union ou les annuaires :\u00a0<\/strong>Des indicateurs plus grands et plus c\u00e9l\u00e8bres peuvent \u00eatre d\u00e9velopp\u00e9s pour pr\u00e9senter plus d'informations ou faire une d\u00e9claration de construction plus puissante.<\/li>\n<\/ul>\n<p>Nous travaillons avec vous pour d\u00e9terminer la taille et le rapport d'aspect qui conviennent le mieux \u00e0 votre application, en veillant \u00e0 ce que le produit final soit \u00e0 la fois fonctionnel et esth\u00e9tiquement \u00e9quilibr\u00e9.<\/p>\n<p><a href=\"https:\/\/customacrylicproduct.com\/fr\/custom-acrylic-signs\/\"><img decoding=\"async\" class=\"aligncenter wp-image-918 size-full\" src=\"https:\/\/customacrylicproduct.com\/wp-content\/uploads\/2025\/07\/Acrylic-School-Signs-2.jpg\" alt=\"Panneaux scolaires en acrylique\" width=\"800\" height=\"800\" srcset=\"https:\/\/customacrylicproduct.com\/wp-content\/uploads\/2025\/07\/Acrylic-School-Signs-2.jpg 800w, https:\/\/customacrylicproduct.com\/wp-content\/uploads\/2025\/07\/Acrylic-School-Signs-2-300x300.jpg 300w, https:\/\/customacrylicproduct.com\/wp-content\/uploads\/2025\/07\/Acrylic-School-Signs-2-150x150.jpg 150w, https:\/\/customacrylicproduct.com\/wp-content\/uploads\/2025\/07\/Acrylic-School-Signs-2-768x768.jpg 768w, https:\/\/customacrylicproduct.com\/wp-content\/uploads\/2025\/07\/Acrylic-School-Signs-2-12x12.jpg 12w, https:\/\/customacrylicproduct.com\/wp-content\/uploads\/2025\/07\/Acrylic-School-Signs-2-600x600.jpg 600w, https:\/\/customacrylicproduct.com\/wp-content\/uploads\/2025\/07\/Acrylic-School-Signs-2-100x100.jpg 100w\" sizes=\"(max-width: 800px) 100vw, 800px\" \/><\/a><\/p>\n<h3 id=\"-5-easy-style-simple-and-safeguard-installation-\"><strong>5. Style facile : Installation simple et s\u00fbre\u00a0<\/strong>.<\/h3>\n<p>Une belle indication doit \u00eatre facile \u00e0 monter. Nous proposons des solutions de montage simples et prot\u00e9g\u00e9es qui ne n\u00e9cessitent pas l'aide d'un sp\u00e9cialiste ou d'appareils sp\u00e9cialis\u00e9s, ce qui vous permet d'avoir votre nouvel abonnement en quelques minutes.<\/p>\n<p><strong>Technique principale : adh\u00e9sif double face \u00e0 haut pouvoir d'adh\u00e9rence :\u00a0<\/strong>L'une des m\u00e9thodes les plus courantes et les plus pratiques est l'application pr\u00e9alable d'un adh\u00e9sif double face de qualit\u00e9 industrielle au dos de l'indication. L'installation est un processus simple en trois \u00e9tapes :.<\/p>\n<ol>\n<li><strong>Pr\u00e9parer :\u00a0<\/strong>Proc\u00e9der et marquer le r\u00e9glage souhait\u00e9 sur la porte ou la surface du mur. Veillez \u00e0 ce que la surface soit propre, s\u00e8che et exempte de salet\u00e9 ou d'huile.<\/li>\n<li><strong>Peeling :\u00a0<\/strong>D\u00e9chirez tr\u00e8s soigneusement le papier de protection au dos du panneau pour exposer l'adh\u00e9sif.<\/li>\n<li><strong>Presse :\u00a0<\/strong>Alignez l'indication sur vos marques et appuyez fermement et uniform\u00e9ment sur la surface pendant 30 \u00e0 60 secondes pour obtenir une liaison s\u00fbre et durable.<\/li>\n<\/ol>\n<p>Cet adh\u00e9sif est con\u00e7u pour adh\u00e9rer fortement \u00e0 une vari\u00e9t\u00e9 de surfaces planes, telles que les portes peintes, le bois, le m\u00e9tal, les cloisons s\u00e8ches, les carreaux de sol et le verre.<\/p>\n<p><strong>Approche au choix : Fixation \u00e0 l'aide de vis et d'entretoises :\u00a0<\/strong>Pour une apparence plus haut de gamme, les indications peuvent \u00eatre achet\u00e9es avec des trous pr\u00e9-perc\u00e9s pour un montage par vis. Cette approche inclut souvent l'utilisation de supports ornementaux - de petits poteaux de blog en acier qui maintiennent l'indication \u00e0 une certaine distance de la surface du mur. Cela cr\u00e9e un effet \u201cflottant\u201d sophistiqu\u00e9, ajoutant de la profondeur et de l'ombre, ce qui renforce l'attrait esth\u00e9tique de l'indication.<\/p>\n<h3 id=\"-6-a-sign-for-every-area-versatile-applicable-situations-\"><strong>6. Un panneau pour chaque zone : Des situations polyvalentes et applicables\u00a0<\/strong>.<\/h3>\n<p>La combinaison de la long\u00e9vit\u00e9, de la s\u00e9curit\u00e9 et de l'\u00e9l\u00e9gance personnalisable fait de notre<a href=\"https:\/\/customacrylicproduct.com\/fr\/custom-acrylic-signs\/\"> indicateurs en acrylique clair<\/a> exceptionnellement polyvalents. Ils constituent le service id\u00e9al pour apporter clart\u00e9 et design \u00e0 une grande vari\u00e9t\u00e9 d'atmosph\u00e8res.<\/p>\n<ul>\n<li><strong>\u00c9tablissements d'enseignement :\u00a0<\/strong>De l'\u00e9cole maternelle \u00e0 l'universit\u00e9, ces signes permettent d'identifier\u00a0<strong>les salles de classe, les noms des professeurs, la biblioth\u00e8que, le bureau du directeur, l'espace artistique ou les laboratoires de recherche scientifique.\u00a0<\/strong>Leur robustesse leur permet de r\u00e9sister \u00e0 l'usure quotidienne de l'atmosph\u00e8re d'un \u00e9tablissement d'enseignement sup\u00e9rieur.<\/li>\n<li><strong>Lieux de travail des entreprises :\u00a0<\/strong>Job une photo lumineuse et unifi\u00e9e en utilisant des signes pour\u00a0<strong>les lieux de travail des travailleurs, les noms des services (publicit\u00e9, RH), les salles de r\u00e9union, les zones silencieuses et les suites ex\u00e9cutives.\u00a0<\/strong>Ils facilitent la navigation et renforcent une culture d'entreprise experte et bien organis\u00e9e.<\/li>\n<li><strong>Installations de soins m\u00e9dicaux :\u00a0<\/strong>En\u00a0<strong>les h\u00f4pitaux, les \u00e9tablissements et les cabinets priv\u00e9s,\u00a0<\/strong>une signalisation claire et nette est n\u00e9cessaire. Utilisez-les pour\u00a0<strong>les zones d'examen, les cabinets m\u00e9dicaux, les zones fonctionnelles et les laboratoires.\u00a0<\/strong>La surface non poreuse est \u00e9galement tr\u00e8s facile \u00e0 nettoyer et \u00e0 d\u00e9sinfecter.<\/li>\n<li><strong>Vente au d\u00e9tail et convivialit\u00e9 :\u00a0<\/strong>Surveillez les consommateurs et renforcez votre image de marque en\u00a0<strong>des centres commerciaux, des boutiques, des centres de vill\u00e9giature et des restaurants.\u00a0<\/strong>Ils peuvent \u00eatre utilis\u00e9s pour les num\u00e9ros de zone, les indicateurs de toilettes, les zones r\u00e9serv\u00e9es \u00e0 l'\u00e9quipe ou les plaques \u00e9ducatives.<\/li>\n<li><strong>Centres \u00e9ducatifs et communautaires :\u00a0<\/strong>Marquer clairement\u00a0<strong>des salles de formation, des auditoriums et des bureaux de gestion\u00a0<\/strong>pour aider les visiteurs et les membres \u00e0 naviguer facilement dans la r\u00e9gion.<\/li>\n<\/ul>\n<p>Dans tous les cas, ces panneaux font plus que d\u00e9terminer une salle. Ils simplifient la circulation des pi\u00e9tons, \u00e9liminent les complications et ajoutent \u00e0 l'image g\u00e9n\u00e9rale et \u00e0 la qualit\u00e9 de l'\u00e9tablissement, prouvant ainsi qu'un petit d\u00e9tail peut avoir un impact substantiel.<\/p>","protected":false},"excerpt":{"rendered":"<p>Rehaussez votre bureau ou votre salle de classe avec un panneau en acrylique transparent personnalis\u00e9. Personnalis\u00e9 avec votre nom ou votre logo, il ajoute une touche moderne et professionnelle. Comprend des fixations durables pour un aspect \u00e9l\u00e9gant et flottant. Un signe \u00e9l\u00e9gant et accueillant pour n'importe quelle porte.<\/p>","protected":false},"featured_media":922,"template":"","meta":{"_kad_post_transparent":"default","_kad_post_title":"","_kad_post_layout":"default","_kad_post_sidebar_id":"","_kad_post_content_style":"default","_kad_post_vertical_padding":"default","_kad_post_feature":"","_kad_post_feature_position":"","_kad_post_header":false,"_kad_post_footer":false,"_kad_post_classname":""},"product_brand":[],"product_cat":[18],"product_tag":[94,84,51],"class_list":{"0":"post-916","1":"product","2":"type-product","3":"status-publish","4":"has-post-thumbnail","6":"product_cat-custom-acrylic-signs","7":"product_tag-acrylic-school-signs","8":"product_tag-clear-acrylic-signs","9":"product_tag-custom-acrylic-signs","11":"first","12":"instock","13":"shipping-taxable","14":"product-type-simple","15":"entry","16":"content-bg","17":"loop-entry"},"_links":{"self":[{"href":"https:\/\/customacrylicproduct.com\/fr\/wp-json\/wp\/v2\/product\/916","targetHints":{"allow":["GET"]}}],"collection":[{"href":"https:\/\/customacrylicproduct.com\/fr\/wp-json\/wp\/v2\/product"}],"about":[{"href":"https:\/\/customacrylicproduct.com\/fr\/wp-json\/wp\/v2\/types\/product"}],"wp:featuredmedia":[{"embeddable":true,"href":"https:\/\/customacrylicproduct.com\/fr\/wp-json\/wp\/v2\/media\/922"}],"wp:attachment":[{"href":"https:\/\/customacrylicproduct.com\/fr\/wp-json\/wp\/v2\/media?parent=916"}],"wp:term":[{"taxonomy":"product_brand","embeddable":true,"href":"https:\/\/customacrylicproduct.com\/fr\/wp-json\/wp\/v2\/product_brand?post=916"},{"taxonomy":"product_cat","embeddable":true,"href":"https:\/\/customacrylicproduct.com\/fr\/wp-json\/wp\/v2\/product_cat?post=916"},{"taxonomy":"product_tag","embeddable":true,"href":"https:\/\/customacrylicproduct.com\/fr\/wp-json\/wp\/v2\/product_tag?post=916"}],"curies":[{"name":"wp","href":"https:\/\/api.w.org\/{rel}","templated":true}]}}