{"id":931,"date":"2025-07-11T14:00:58","date_gmt":"2025-07-11T14:00:58","guid":{"rendered":"https:\/\/customacrylicproduct.com\/?post_type=product&#038;p=931"},"modified":"2025-07-12T04:16:11","modified_gmt":"2025-07-12T04:16:11","slug":"perspex-coloured-cast-acrylic-sheets-cut-to-size-and-shape","status":"publish","type":"product","link":"https:\/\/customacrylicproduct.com\/fr\/perspex-coloured-cast-acrylic-sheets-cut-to-size-and-shape\/","title":{"rendered":"Feuilles d'acrylique coul\u00e9 color\u00e9 Perspex coup\u00e9es \u00e0 la taille et \u00e0 la forme"},"content":{"rendered":"<h3 id=\"-coloured-cast-acrylic-sheets-your-vision-precisely-cut-in-a-range-of-possibilities-\"><strong>Feuilles d'acrylique coul\u00e9 color\u00e9 : Votre vision, d\u00e9coup\u00e9e avec pr\u00e9cision, dans une gamme de possibilit\u00e9s\u00a0<\/strong>.<\/h3>\n<p>Dans le monde entier, le style, le style et la cr\u00e9ation, le produit ad\u00e9quat est celui qui n'impose aucune restriction. Il doit \u00eatre solide mais sophistiqu\u00e9, dynamique mais durable, et suffisamment adaptable pour satisfaire les contours pr\u00e9cis de votre imagination. Invitez \u00e0 la solution d\u00e9finitive pour les d\u00e9veloppeurs, les concepteurs et les cr\u00e9ateurs de tendances : nos produits de qualit\u00e9 sup\u00e9rieure.\u00a0<strong><a href=\"https:\/\/customacrylicproduct.com\/fr\/custom-acrylic-sheets\/\">Feuilles d'acrylique coul\u00e9 color\u00e9,<\/a> d\u00e9coup\u00e9s sur mesure selon vos formes et dimensions exactes.\u00a0<\/strong>.<\/p>\n<p>Il ne s'agit pas simplement d'un article, mais d'un service cr\u00e9\u00e9 pour combler le foss\u00e9 entre l'id\u00e9e et la r\u00e9alit\u00e9. Nous \u00e9liminons les contraintes li\u00e9es aux dimensions de base des feuilles et les subtilit\u00e9s de la construction interne, en livrant un \u00e9l\u00e9ment pr\u00eat \u00e0 l'emploi d\u00e8s sa r\u00e9ception. Qu'il s'agisse d'un superbe \u00e9cran pour la vente au d\u00e9tail, d'un meuble sur mesure, d'un \u00e9l\u00e9ment architectural complexe ou d'une solide enseigne d'entreprise, notre service offre la structure de qualit\u00e9, de couleur et de pr\u00e9cision dont vous avez besoin pour donner vie \u00e0 votre vision.<\/p>\n<h3 id=\"-1-the-structure-of-quality-comprehending-cast-polymer-\"><strong>1. La structure de la qualit\u00e9 : Comprendre le polym\u00e8re coul\u00e9\u00a0<\/strong>.<\/h3>\n<p>Au c\u0153ur de notre offre se trouvent\u00a0<strong><a href=\"https:\/\/customacrylicproduct.com\/fr\/custom-acrylic-sheets\/\">acrylique coul\u00e9<\/a>\u00a0<\/strong>, un produit r\u00e9put\u00e9 pour sa qualit\u00e9 et son efficacit\u00e9 remarquables. Il est essentiel de le distinguer de son homologue plus courant, l'acrylique press\u00e9. La distinction d\u00e9pend du processus de production, qui a un effet profond sur les qualit\u00e9s finales du produit.<\/p>\n<p><strong>La sup\u00e9riorit\u00e9 du raffinage d'\u00e9talement :\u00a0<\/strong>. L'acrylique \u201dcoul\u00e9\u201d est produit selon une approche beaucoup plus traditionnelle et pr\u00e9cise. Des monom\u00e8res fluides sont vers\u00e9s dans un moule, g\u00e9n\u00e9ralement constitu\u00e9 de deux feuilles de verre, o\u00f9 ils subissent un processus de polym\u00e9risation. Cette polym\u00e9risation fixe et r\u00e9gul\u00e9e produit un mat\u00e9riau dot\u00e9 d'une structure mol\u00e9culaire extr\u00eamement coh\u00e9rente et dense. Contrairement \u00e0 l'acrylique extrud\u00e9, qui est pouss\u00e9 \u00e0 l'aide d'une fili\u00e8re et peut conserver des tensions internes, l'acrylique coul\u00e9 est homog\u00e8ne et ne pose aucun probl\u00e8me.<\/p>\n<p>Cette distinction essentielle conf\u00e8re \u00e0 l'acrylique coul\u00e9 une multitude de logements extraordinaires :.<\/p>\n<ul>\n<li><strong>Endurance et duret\u00e9 in\u00e9gal\u00e9es :\u00a0<\/strong>L'\u00e9paisse structure mol\u00e9culaire le rend nettement plus solide et plus r\u00e9sistant aux rayures que l'acrylique extrud\u00e9. Il r\u00e9siste aux dommages, ce qui le rend adapt\u00e9 aux zones tr\u00e8s fr\u00e9quent\u00e9es et aux \u00e9l\u00e9ments pratiques.<\/li>\n<li><strong>R\u00e9sistance sup\u00e9rieure \u00e0 l'influence :\u00a0<\/strong>Bien que l\u00e9ger, l'acrylique coul\u00e9 est exceptionnellement dur. Il offre une r\u00e9sistance robuste aux influences, ce qui en fait une alternative beaucoup plus s\u00fbre et solide au verre.<\/li>\n<li><strong>Excellente r\u00e9sistance chimique :\u00a0<\/strong>La nature inerte du polym\u00e8re des acteurs le rend r\u00e9sistant \u00e0 une vaste gamme de produits chimiques et de solvants habituels, ce qui garantit que son int\u00e9grit\u00e9 et son aspect sont conserv\u00e9s au fil du temps.<\/li>\n<li><strong>Ouverture optique remarquable :\u00a0<\/strong>M\u00eame dans ses versions teint\u00e9es, la puret\u00e9 du processus de moulage garantit une clart\u00e9 optique et une transmission de la lumi\u00e8re exceptionnelles, sans les distorsions ou les imperfections qui peuvent affecter d'autres mat\u00e9riaux.<\/li>\n<\/ul>\n<p><strong>La garantie Perspex : <\/strong>. Nous utilisons volontiers le\u00a0<strong>Perspex <\/strong>un nom synonyme du meilleur acrylique coul\u00e9 depuis des ann\u00e9es. Choisir Perspex, c'est garantir la puret\u00e9 du mat\u00e9riau, la s\u00e9curit\u00e9 de l'efficacit\u00e9 et l'uniformit\u00e9 des couleurs, en veillant \u00e0 ce que chaque feuille r\u00e9ponde \u00e0 l'une des sp\u00e9cifications les plus exigeantes.<\/p>\n<p><strong>La toile adapt\u00e9e aux travaux de pr\u00e9cision :\u00a0<\/strong>. La stabilit\u00e9 inh\u00e9rente au polym\u00e8re moul\u00e9 en fait un choix ind\u00e9niable pour les applications n\u00e9cessitant une finition de pr\u00e9cision. Il est remarquablement adapt\u00e9 pour\u00a0<strong>gravure\u00a0<\/strong>, o\u00f9 il produit des informations nettes et pr\u00e9cises sans se briser. Ses bords peuvent \u00eatre \u00e9claircis pour obtenir un rev\u00eatement cristallin, semblable \u00e0 du verre, et il r\u00e9agit magnifiquement \u00e0 la lumi\u00e8re.\u00a0<strong>thermoformage (flexion \u00e0 chaud)\u00a0<\/strong>, Il permet de r\u00e9aliser des courbes douces et solides sans compromettre la stabilit\u00e9 structurelle. Pour tout type de travaux n\u00e9cessitant une\u00a0<strong>r\u00e9sistance aux conditions climatiques ext\u00e9rieures\u00a0<\/strong>, La s\u00e9curit\u00e9 remarquable contre les UV de l'acrylique moul\u00e9 est n\u00e9cessaire.<\/p>\n<p><a href=\"https:\/\/customacrylicproduct.com\/fr\/custom-acrylic-sheets\/\"><img fetchpriority=\"high\" decoding=\"async\" class=\"aligncenter wp-image-934 size-full\" src=\"https:\/\/customacrylicproduct.com\/wp-content\/uploads\/2025\/07\/Acrylic-Pastel-Color-Sheets-3.jpg\" alt=\"Feuilles de pastel acrylique\" width=\"800\" height=\"800\" srcset=\"https:\/\/customacrylicproduct.com\/wp-content\/uploads\/2025\/07\/Acrylic-Pastel-Color-Sheets-3.jpg 800w, https:\/\/customacrylicproduct.com\/wp-content\/uploads\/2025\/07\/Acrylic-Pastel-Color-Sheets-3-300x300.jpg 300w, https:\/\/customacrylicproduct.com\/wp-content\/uploads\/2025\/07\/Acrylic-Pastel-Color-Sheets-3-150x150.jpg 150w, https:\/\/customacrylicproduct.com\/wp-content\/uploads\/2025\/07\/Acrylic-Pastel-Color-Sheets-3-768x768.jpg 768w, https:\/\/customacrylicproduct.com\/wp-content\/uploads\/2025\/07\/Acrylic-Pastel-Color-Sheets-3-12x12.jpg 12w, https:\/\/customacrylicproduct.com\/wp-content\/uploads\/2025\/07\/Acrylic-Pastel-Color-Sheets-3-600x600.jpg 600w, https:\/\/customacrylicproduct.com\/wp-content\/uploads\/2025\/07\/Acrylic-Pastel-Color-Sheets-3-100x100.jpg 100w\" sizes=\"(max-width: 800px) 100vw, 800px\" \/><\/a><\/p>\n<h3 id=\"-2-the-core-of-our-solution-customisation-without-concession-\"><strong>2. Le c\u0153ur de notre solution : Personnalisation sans concession\u00a0<\/strong>.<\/h3>\n<p>La v\u00e9ritable force de notre service d\u00e9pend de sa capacit\u00e9 \u00e0 vous lib\u00e9rer des restrictions impos\u00e9es par les feuilles de taille standard. Nous proposons une solution de d\u00e9coupe totalement personnalis\u00e9e qui transforme un mat\u00e9riau brut en une pi\u00e8ce achev\u00e9e et pr\u00eate \u00e0 l'emploi.<\/p>\n<p><strong>Dimension sur mesure : Pr\u00e9cision au millim\u00e8tre\u00a0<\/strong>. Ne vous souvenez plus d'essayer d'adapter une feuille standard \u00e0 votre pi\u00e8ce unique. Nous pouvons r\u00e9duire sp\u00e9cifiquement nos plaques d'acrylique coul\u00e9 color\u00e9 \u00e0 la longueur et \u00e0 la largeur souhait\u00e9es. Cela permet d'\u00e9liminer les d\u00e9chets, d'\u00e9conomiser de l'argent sur les chutes et de garantir une adaptation id\u00e9ale \u00e0 tous les \u00e9l\u00e9ments, des panneaux de fen\u00eatres et des cr\u00e9dences aux \u00e9tag\u00e8res personnalis\u00e9es et aux incrustations d'objets d'ameublement.<\/p>\n<p><strong>Formage sur mesure : L\u00e0 o\u00f9 la pens\u00e9e cr\u00e9ative ne conna\u00eet pas de limites\u00a0<\/strong>. Nos comp\u00e9tences vont bien au-del\u00e0 des formes rectangulaires et carr\u00e9es de base. Gr\u00e2ce \u00e0 la technologie moderne de transmission CNC, de d\u00e9coupe au laser et de jet d'eau \u00e0 haute pression, nous pouvons r\u00e9duire presque tous les types de formes complexes que vous pouvez cr\u00e9er. Il s'agit de :.<\/p>\n<ul>\n<li><strong>Formes g\u00e9om\u00e9triques :\u00a0<\/strong>Cercles, ovales, triangles et hexagones.<\/li>\n<li><strong>Contours organiques :\u00a0<\/strong>Profil\u00e9s fluides, arrondis et irr\u00e9guliers pour des installations cr\u00e9atives ou des \u00e9l\u00e9ments de conception uniques.<\/li>\n<li><strong>D\u00e9coupes et ouvertures int\u00e9rieures :\u00a0<\/strong>Parfait pour cr\u00e9er des protections de machines, des tableaux de bord ou des pr\u00e9sentations ornementales.<\/li>\n<li><strong>Motifs creux et styles d\u00e9taill\u00e9s :\u00a0<\/strong>R\u00e9alisez des treillis d'installations, des conceptions de logos et des motifs cr\u00e9atifs complets avec une pr\u00e9cision \u00e9tonnante.<\/li>\n<li><strong>Textes et signalisation :\u00a0<\/strong>Nous pouvons r\u00e9duire des lettres sp\u00e9cifiques ou des logos entiers avec des c\u00f4t\u00e9s parfaitement lisses.<\/li>\n<\/ul>\n<p>En fournissant cette solution, nous\u00a0<strong>supprimer le mal de t\u00eate, le prix et le danger\u00a0<\/strong>li\u00e9s \u00e0 la d\u00e9coupe \u00e0 la main. Vous n'avez plus besoin d'investir dans un \u00e9quipement co\u00fbteux, de vous engager dans un espace d'atelier ou de vous stresser \u00e0 cause d'erreurs co\u00fbteuses. Nous vous livrons un composant correctement fini, \u201cpr\u00eat \u00e0 l'emploi\u201d, ce qui vous permet d'\u00e9conomiser du temps, des efforts et des ressources.<\/p>\n<p><a href=\"https:\/\/customacrylicproduct.com\/fr\/acrylic-color-sheets\/\"><img decoding=\"async\" class=\"aligncenter wp-image-932 size-full\" src=\"https:\/\/customacrylicproduct.com\/wp-content\/uploads\/2025\/07\/Acrylic-Pastel-Color-Sheets-1.jpg\" alt=\"Feuilles de pastel acrylique\" width=\"800\" height=\"800\" srcset=\"https:\/\/customacrylicproduct.com\/wp-content\/uploads\/2025\/07\/Acrylic-Pastel-Color-Sheets-1.jpg 800w, https:\/\/customacrylicproduct.com\/wp-content\/uploads\/2025\/07\/Acrylic-Pastel-Color-Sheets-1-300x300.jpg 300w, https:\/\/customacrylicproduct.com\/wp-content\/uploads\/2025\/07\/Acrylic-Pastel-Color-Sheets-1-150x150.jpg 150w, https:\/\/customacrylicproduct.com\/wp-content\/uploads\/2025\/07\/Acrylic-Pastel-Color-Sheets-1-768x768.jpg 768w, https:\/\/customacrylicproduct.com\/wp-content\/uploads\/2025\/07\/Acrylic-Pastel-Color-Sheets-1-12x12.jpg 12w, https:\/\/customacrylicproduct.com\/wp-content\/uploads\/2025\/07\/Acrylic-Pastel-Color-Sheets-1-600x600.jpg 600w, https:\/\/customacrylicproduct.com\/wp-content\/uploads\/2025\/07\/Acrylic-Pastel-Color-Sheets-1-100x100.jpg 100w\" sizes=\"(max-width: 800px) 100vw, 800px\" \/><\/a><\/p>\n<h3 id=\"-3-the-spirit-of-the-style-a-rich-palette-of-shades-\"><strong>3. L'esprit du style : Une riche palette de nuances\u00a0<\/strong>.<\/h3>\n<p>La couleur, c'est l'\u00e9motion. C'est l'identification. C'est l'\u00e9l\u00e9ment qui transforme un objet pratique en un objet de d\u00e9claration. Notre service s'articule autour d'un choix substantiel et vivant de feuilles acryliques color\u00e9es.<\/p>\n<p><strong>L'honn\u00eatet\u00e9 de la coloration corporelle :\u00a0<\/strong>. La couleur de nos feuilles acryliques pour acteurs n'est pas un rev\u00eatement de surface ou une fine couche de stratifi\u00e9. Elle est obtenue gr\u00e2ce \u00e0 un\u00a0<strong>proc\u00e9dure de coloration corporelle de haute qualit\u00e9\u00a0<\/strong>, Les pigments sont combin\u00e9s directement dans le monom\u00e8re liquide avant d'\u00eatre \u00e9tal\u00e9s. La couleur est ainsi uniform\u00e9ment et continuellement dispers\u00e9e dans toute la densit\u00e9 du produit.<\/p>\n<p>Cette technique s'appuie sur trois avantages essentiels :.<\/p>\n<ol>\n<li><strong>R\u00e9gulier Couleur des bords :\u00a0<\/strong>Lorsque la feuille est coup\u00e9e, grav\u00e9e ou \u00e9claircie, la face expos\u00e9e pr\u00e9sente la m\u00eame couleur abondante que la surface. Cela permet d'obtenir un aspect monolithique, haut de gamme et sans raccord, impossible \u00e0 obtenir avec des mat\u00e9riaux \u00e0 rev\u00eatement de surface.<\/li>\n<li><strong>S\u00e9curit\u00e9 des couleurs imbattable :\u00a0<\/strong>Les pigments sont fix\u00e9s dans la structure mol\u00e9culaire du polym\u00e8re. Int\u00e9gr\u00e9s \u00e0 des stabilisateurs UV efficaces dans nos articles de qualit\u00e9 ext\u00e9rieure, ils garantissent que la couleur reste vive, fid\u00e8le et \u00e0 l'abri de la d\u00e9coloration, m\u00eame apr\u00e8s des ann\u00e9es d'exposition au soleil.<\/li>\n<li><strong>Transmission lumineuse :\u00a0<\/strong>La r\u00e9partition des pigments permet \u00e9galement \u00e0 la lumi\u00e8re de passer \u00e0 travers le mat\u00e9riau d'une mani\u00e8re magnifiquement diffuse et coh\u00e9rente. Cela permet de cr\u00e9er des effets brillants, clairs ou non transparents, ce qui en fait un mat\u00e9riau id\u00e9al pour les caissons lumineux, les luminaires et les applications o\u00f9 la couleur et la lumi\u00e8re interagissent.<\/li>\n<\/ol>\n<p>Notre biblioth\u00e8que de couleurs est con\u00e7ue pour r\u00e9pondre \u00e0 toutes les exigences visuelles, qu'elles soient raffin\u00e9es et sophistiqu\u00e9es ou vibrantes et \u00e9blouissantes, y compris les couleurs unies courantes, les rev\u00eatements m\u00e9talliques modernes, les tons fluorescents qui attirent l'attention et les r\u00e9sultats nacr\u00e9s de grande classe.<\/p>\n<h3 id=\"-4-a-world-of-applications-where-our-acrylic-shines-\"><strong>4. Un monde d'applications : O\u00f9 notre acrylique brille\u00a0<\/strong>.<\/h3>\n<p>Le m\u00e9lange distinct de long\u00e9vit\u00e9, d'attrait esth\u00e9tique et de possibilit\u00e9 de personnalisation fait de notre <a href=\"https:\/\/customacrylicproduct.com\/fr\/custom-acrylic-sheets\/\">plaques acryliques coul\u00e9es color\u00e9es<\/a> est l'un des produits les plus flexibles qui soient. On lui fait confiance dans une grande vari\u00e9t\u00e9 de secteurs et d'applications :.<\/p>\n<ul>\n<li><strong>Commerce de d\u00e9tail et pr\u00e9sent :\u00a0<\/strong>D\u00e9veloppez des comptoirs de point de vente haut de gamme, des stands d'exposition spectaculaires, des panneaux lumineux, des socles d'articles de classe et des logos percutants qui t\u00e9moignent du haut de gamme et de l'identification d'une marque.<\/li>\n<li><strong>Design et d\u00e9coration d'int\u00e9rieur :\u00a0<\/strong>Concevez des pr\u00e9sentoirs de s\u00e9paration saisissants, des panneaux de lucarne imaginatifs, des lustres sur mesure, des panneaux muraux d\u00e9coratifs, des num\u00e9ros de maison contemporains, des meubles sur mesure et des cr\u00e9dences de cuisine et de salle de bain \u00e9clatantes.<\/li>\n<li><strong>Marketing et signalisation :\u00a0<\/strong>Cr\u00e9ez des personnages lumineux vivants, des logos d'entreprise tridimensionnels, des panneaux d'arri\u00e8re-plan professionnels et des syst\u00e8mes d'orientation clairs et durables qui laissent une impression durable.<\/li>\n<li><strong>Art et style :\u00a0<\/strong>Utilisez-le comme outil pour la sculpture et l'art de la mise en place, produisez des styles d'\u00e9clairage uniques, cr\u00e9ez des cadres d'image sur mesure et d\u00e9veloppez des vitrines d'exposition de qualit\u00e9 mus\u00e9ale.<\/li>\n<li><strong>Industriel et technique :\u00a0<\/strong>Concevoir des couvercles de protection robustes pour les appareils, des consoles de cockpit claires et r\u00e9sistantes, ainsi que des composants experts pour les outils de laboratoire et sp\u00e9culatifs.<\/li>\n<li><strong>Projets personnalis\u00e9s :\u00a0<\/strong>\u00c9quipez votre pens\u00e9e cr\u00e9ative avec des t\u00e2ches \u00e0 faire soi-m\u00eame \u00e0 la maison, des versions approfondies, des cadeaux personnels et des modifications personnalis\u00e9es de la situation de l'ordinateur.<\/li>\n<\/ul>\n<p><a href=\"https:\/\/customacrylicproduct.com\/fr\/acrylic-color-sheets\/\"><img decoding=\"async\" class=\"aligncenter wp-image-935 size-full\" src=\"https:\/\/customacrylicproduct.com\/wp-content\/uploads\/2025\/07\/Acrylic-Pastel-Color-Sheets.jpg\" alt=\"Feuilles de pastel acrylique\" width=\"800\" height=\"800\" srcset=\"https:\/\/customacrylicproduct.com\/wp-content\/uploads\/2025\/07\/Acrylic-Pastel-Color-Sheets.jpg 800w, https:\/\/customacrylicproduct.com\/wp-content\/uploads\/2025\/07\/Acrylic-Pastel-Color-Sheets-300x300.jpg 300w, https:\/\/customacrylicproduct.com\/wp-content\/uploads\/2025\/07\/Acrylic-Pastel-Color-Sheets-150x150.jpg 150w, https:\/\/customacrylicproduct.com\/wp-content\/uploads\/2025\/07\/Acrylic-Pastel-Color-Sheets-768x768.jpg 768w, https:\/\/customacrylicproduct.com\/wp-content\/uploads\/2025\/07\/Acrylic-Pastel-Color-Sheets-12x12.jpg 12w, https:\/\/customacrylicproduct.com\/wp-content\/uploads\/2025\/07\/Acrylic-Pastel-Color-Sheets-600x600.jpg 600w, https:\/\/customacrylicproduct.com\/wp-content\/uploads\/2025\/07\/Acrylic-Pastel-Color-Sheets-100x100.jpg 100w\" sizes=\"(max-width: 800px) 100vw, 800px\" \/><\/a><\/p>\n<h3 id=\"-5-the-apparent-worth-why-choose-this-solution-\"><strong>5. La valeur apparente : Pourquoi choisir cette solution ?\u00a0<\/strong>.<\/h3>\n<p>En associant des mat\u00e9riaux de qualit\u00e9 sup\u00e9rieure \u00e0 un traitement de pr\u00e9cision, nous fournissons une solution dont la valeur va bien au-del\u00e0 du produit lui-m\u00eame.<\/p>\n<ul>\n<li><strong>Flexibilit\u00e9 illimit\u00e9e en mati\u00e8re de style :\u00a0<\/strong>Le m\u00e9lange efficace d'une palette de couleurs abondantes et de la possibilit\u00e9 de r\u00e9duire toutes les formes et toutes les tailles lib\u00e8re votre capacit\u00e9 d'imagination. Votre mise en page n'est plus d\u00e9termin\u00e9e par les limites du produit.<\/li>\n<li><strong>Haute pr\u00e9cision assur\u00e9e :\u00a0<\/strong>Nos appareils sp\u00e9cialis\u00e9s garantissent des bords de r\u00e9duction parfaitement lisses et une pr\u00e9cision dimensionnelle difficile, voire impossible, \u00e0 atteindre avec des outils manuels.<\/li>\n<li><strong>\u00c9conomiser du temps, des efforts et de l'argent :\u00a0<\/strong>Nous prenons en charge l'ensemble du processus de fabrication. Cela vous \u00e9vite d'investir dans des machines, de former des \u00e9quipes et de produire des d\u00e9chets d'exp\u00e9rimentation. Vous recevez une pi\u00e8ce termin\u00e9e, pr\u00eate \u00e0 \u00eatre install\u00e9e.<\/li>\n<li><strong>Une option structur\u00e9e \u00e0 guichet unique :\u00a0<\/strong>Du choix de l'excellente couleur \u00e0 la sp\u00e9cification de la forme complexe finale, nous rationalisons le flux de travail de votre projet. Cette proc\u00e9dure int\u00e9gr\u00e9e r\u00e9duit les pr\u00e9paratifs et simplifie votre cha\u00eene d'approvisionnement.<\/li>\n<li><strong>Des r\u00e9sultats professionnels, \u00e0 chaque fois :\u00a0<\/strong>Notre solution est con\u00e7ue pour ceux qui ne peuvent pas faire l'impasse sur la haute qualit\u00e9. C'est le choix concluant pour les applications o\u00f9 l'efficacit\u00e9 du produit, la pr\u00e9cision de la conception et la qualit\u00e9 esth\u00e9tique sont extr\u00eamement importantes.<\/li>\n<\/ul>\n<p>Commencez votre travail suivant en toute confiance. D\u00e9couvrez notre gamme de couleurs, sp\u00e9cifiez votre forme sur mesure et laissez-nous donner la meilleure structure \u00e0 votre d\u00e9veloppement.<\/p>","protected":false},"excerpt":{"rendered":"<p>Lib\u00e9rez votre cr\u00e9ativit\u00e9 gr\u00e2ce \u00e0 l'acrylique coul\u00e9 en Perspex de premi\u00e8re qualit\u00e9. Choisissez parmi une \u00e9tonnante palette de couleurs, toutes d\u00e9coup\u00e9es avec pr\u00e9cision \u00e0 la taille et \u00e0 la forme souhait\u00e9es. Parfait pour les cr\u00e9dences, les enseignes, les pr\u00e9sentoirs et les projets sur mesure.<\/p>","protected":false},"featured_media":935,"template":"","meta":{"_kad_post_transparent":"default","_kad_post_title":"","_kad_post_layout":"default","_kad_post_sidebar_id":"","_kad_post_content_style":"default","_kad_post_vertical_padding":"default","_kad_post_feature":"","_kad_post_feature_position":"","_kad_post_header":false,"_kad_post_footer":false,"_kad_post_classname":""},"product_brand":[],"product_cat":[24],"product_tag":[74,75,73],"class_list":{"0":"post-931","1":"product","2":"type-product","3":"status-publish","4":"has-post-thumbnail","6":"product_cat-custom-acrylic-sheets","7":"product_tag-custom-acrylic-sheets","8":"product_tag-custom-cut-acrylic-sheets","9":"product_tag-laser-acrylic-sheets","11":"first","12":"instock","13":"shipping-taxable","14":"product-type-simple","15":"entry","16":"content-bg","17":"loop-entry"},"_links":{"self":[{"href":"https:\/\/customacrylicproduct.com\/fr\/wp-json\/wp\/v2\/product\/931","targetHints":{"allow":["GET"]}}],"collection":[{"href":"https:\/\/customacrylicproduct.com\/fr\/wp-json\/wp\/v2\/product"}],"about":[{"href":"https:\/\/customacrylicproduct.com\/fr\/wp-json\/wp\/v2\/types\/product"}],"wp:featuredmedia":[{"embeddable":true,"href":"https:\/\/customacrylicproduct.com\/fr\/wp-json\/wp\/v2\/media\/935"}],"wp:attachment":[{"href":"https:\/\/customacrylicproduct.com\/fr\/wp-json\/wp\/v2\/media?parent=931"}],"wp:term":[{"taxonomy":"product_brand","embeddable":true,"href":"https:\/\/customacrylicproduct.com\/fr\/wp-json\/wp\/v2\/product_brand?post=931"},{"taxonomy":"product_cat","embeddable":true,"href":"https:\/\/customacrylicproduct.com\/fr\/wp-json\/wp\/v2\/product_cat?post=931"},{"taxonomy":"product_tag","embeddable":true,"href":"https:\/\/customacrylicproduct.com\/fr\/wp-json\/wp\/v2\/product_tag?post=931"}],"curies":[{"name":"wp","href":"https:\/\/api.w.org\/{rel}","templated":true}]}}