{"id":950,"date":"2025-07-12T04:13:28","date_gmt":"2025-07-12T04:13:28","guid":{"rendered":"https:\/\/customacrylicproduct.com\/?post_type=product&#038;p=950"},"modified":"2025-07-17T12:58:49","modified_gmt":"2025-07-17T12:58:49","slug":"coloured-acrylic-wine-serving-tray-food-drinks-bar-home","status":"publish","type":"product","link":"https:\/\/customacrylicproduct.com\/fr\/coloured-acrylic-wine-serving-tray-food-drinks-bar-home\/","title":{"rendered":"Plateau de service \u00e0 vin en acrylique color\u00e9 Alimentation Boissons Bar Maison"},"content":{"rendered":"<h3 id=\"-the-chroma-tray-a-crossway-of-art-function-and-modern-living-\"><strong>Le plateau en acrylique : A la crois\u00e9e de l'art, de la fonction et de la vie moderne <\/strong>.<\/h3>\n<p>Dans la maison moderne, chaque objet raconte une histoire. Nous am\u00e9nageons nos espaces non seulement avec des meubles, mais aussi avec des objets qui t\u00e9moignent de nos pr\u00e9f\u00e9rences, qui soutiennent notre mode de vie et qui apportent un sentiment de plaisir paisible \u00e0 nos activit\u00e9s quotidiennes. Nous recherchons un m\u00e9lange harmonieux de forme et de fonction - des produits qui sont aussi beaux \u00e0 voir qu'utiles \u00e0 utiliser. C'est dans cette optique que le <a href=\"https:\/\/customacrylicproduct.com\/fr\/coloured-acrylic-wine-serving-tray-food-drinks-bar-home\/\">Plateau de service en polym\u00e8re color\u00e9<\/a> est n\u00e9. Il ne s'agit pas d'un simple plateau, mais d'un canevas de vie, d'une sc\u00e8ne flexible pour tout ce qui peut se passer, des cocktails de f\u00e9licitations aux moments de r\u00e9flexion tranquille. Il s'agit d'un investissement financier dans une sophistication facile, con\u00e7u pour \u00e9lever votre maison et simplifier votre vie avec une pinc\u00e9e de couleurs contemporaines et une haute qualit\u00e9 sans compromis.<\/p>\n<h4 id=\"-numerous-features-the-art-of-infinite-flexibility-\"><strong>De nombreuses caract\u00e9ristiques : L'art de la flexibilit\u00e9 infinie\u00a0<\/strong>.<\/h4>\n<p>La v\u00e9ritable magie d'un objet exceptionnellement fabriqu\u00e9 repose sur sa polyvalence. Le plateau Chroma a \u00e9t\u00e9 con\u00e7u pour \u00eatre l'accessoire unique le plus fonctionnel de votre maison, passant sans effort d'une fonction \u00e0 l'autre avec gr\u00e2ce et design. Ses possibilit\u00e9s ne sont limit\u00e9es que par votre imagination.<\/p>\n<ul>\n<li><strong>Le centre du divertissement \u00e0 domicile :\u00a0<\/strong>Imaginez une soir\u00e9e entre amis. Le plateau Chroma devient votre principal compagnon. Charg\u00e9 de fromages artisanaux et de charcuterie, c'est un plateau de service perfectionn\u00e9. Sur votre chariot de bar, il organise les bitters, les shakers et les verres. Dans vos mains, c'est une plate-forme stable et \u00e9l\u00e9gante pour transporter une tourn\u00e9e de boissons alcoolis\u00e9es parfaitement m\u00e9lang\u00e9es ou des fl\u00fbtes de champagne frais vers vos invit\u00e9s, sa couleur vive ajoutant une touche de gaiet\u00e9 \u00e0 la c\u00e9l\u00e9bration. Il vous transforme d'h\u00f4te actif en \u00e9l\u00e9gant ma\u00eetre des lieux.<\/li>\n<li><strong>L'ami parfait du repose-pieds :\u00a0<\/strong>Pour les pr\u00e9cieuses soir\u00e9es silencieuses, le plateau transforme votre ottoman moelleux et coussin\u00e9 en une table basse stable et tendance. Il est parfaitement dimensionn\u00e9 pour cr\u00e9er une \u201cminute\u201d - un espace pour votre livre pr\u00e9f\u00e9r\u00e9, une bougie parfum\u00e9e jetant une lueur chaleureuse, une tasse de tisane fumante ou un simple verre de vin. C'est un havre de commodit\u00e9 qui vous permet d'avoir tout ce dont vous avez besoin \u00e0 port\u00e9e de main, tout en prot\u00e9geant le textile de votre mobilier.<\/li>\n<li><strong>L'alimentation, red\u00e9finie :\u00a0<\/strong>Qu'il s'agisse de d\u00eeners d\u00e9contract\u00e9s sur le canap\u00e9 en regardant votre collection pr\u00e9f\u00e9r\u00e9e ou de d\u00e9jeuners \u00e9l\u00e9gants sur la terrasse, le plateau offre une surface solide et magnifique pour votre plat. Sa nature imperm\u00e9able signifie que vous n'avez pas \u00e0 vous soucier de la condensation d'une boisson fra\u00eeche ou d'un petit renversement. Il joue en outre un r\u00f4le nourricier suppl\u00e9mentaire, vous permettant d'offrir un plat apaisant \u00e0 un \u00eatre cher qui se d\u00e9tend dans son lit, transformant ainsi un simple acte de soin en une action \u00e9tonnante et r\u00e9fl\u00e9chie.<\/li>\n<li><strong>Le conservateur de l'espace individuel :\u00a0<\/strong>Au-del\u00e0 du service, le Chroma Tray est une \u0153uvre d'art commerciale. Placez-le sur la commode ou le meuble-lavabo de votre chambre \u00e0 coucher pour cr\u00e9er un \u00e9talage sensationnel de vos parfums, flacons de soins et bijoux pr\u00e9f\u00e9r\u00e9s. Il confine le chaos attrayant, transformant les objets quotidiens en une vignette soign\u00e9e. Dans votre entr\u00e9e, il devient un \u00e9l\u00e9gant fourre-tout pour les trucs, le courrier et les lunettes de soleil. Sur votre bureau, il range la papeterie et les objets de base, apportant une touche de couleur novatrice \u00e0 votre espace de travail et vous aidant \u00e0 vous concentrer. C'est, \u00e0 tous points de vue, une pi\u00e8ce qui fait vraiment tout.<\/li>\n<\/ul>\n<p><a href=\"https:\/\/customacrylicproduct.com\/fr\/coloured-acrylic-wine-serving-tray-food-drinks-bar-home\/\"><img fetchpriority=\"high\" decoding=\"async\" class=\"wp-image-953 size-full aligncenter\" src=\"https:\/\/customacrylicproduct.com\/wp-content\/uploads\/2025\/07\/Coloured-Acrylic-Tray.jpg\" alt=\"Plateau en acrylique color\u00e9\" width=\"800\" height=\"800\" srcset=\"https:\/\/customacrylicproduct.com\/wp-content\/uploads\/2025\/07\/Coloured-Acrylic-Tray.jpg 800w, https:\/\/customacrylicproduct.com\/wp-content\/uploads\/2025\/07\/Coloured-Acrylic-Tray-300x300.jpg 300w, https:\/\/customacrylicproduct.com\/wp-content\/uploads\/2025\/07\/Coloured-Acrylic-Tray-150x150.jpg 150w, https:\/\/customacrylicproduct.com\/wp-content\/uploads\/2025\/07\/Coloured-Acrylic-Tray-768x768.jpg 768w, https:\/\/customacrylicproduct.com\/wp-content\/uploads\/2025\/07\/Coloured-Acrylic-Tray-12x12.jpg 12w, https:\/\/customacrylicproduct.com\/wp-content\/uploads\/2025\/07\/Coloured-Acrylic-Tray-600x600.jpg 600w, https:\/\/customacrylicproduct.com\/wp-content\/uploads\/2025\/07\/Coloured-Acrylic-Tray-100x100.jpg 100w\" sizes=\"(max-width: 800px) 100vw, 800px\" \/><\/a><\/p>\n<h4 id=\"-phenomenal-craftsmanship-an-ideology-of-design-\"><strong>L'artisanat ph\u00e9nom\u00e9nal : Une id\u00e9ologie du design\u00a0<\/strong>.<\/h4>\n<p>Notre plateau attrayant en acrylique t\u00e9moigne de la conviction que le charme d\u00e9pend d'une simplicit\u00e9 r\u00e9fl\u00e9chie. Il est merveilleusement et d\u00e9lib\u00e9r\u00e9ment con\u00e7u pour \u00eatre un cam\u00e9l\u00e9on, capable de s'assimiler \u00e0 n'importe quel type de style tout en faisant une d\u00e9claration. Ses lignes \u00e9pur\u00e9es et son aspect g\u00e9om\u00e9trique pur - propos\u00e9 pour s'adapter aux ottomans rectangulaires et carr\u00e9s - lui permettent de mettre en valeur une vaste gamme de designs d'int\u00e9rieur.<\/p>\n<p>Que votre maison soit un havre de minimalisme scandinave, un loft industriel puissant, un lieu de vill\u00e9giature boh\u00e8me confortable ou un temple du luxe contemporain, le plateau se sentira comme chez lui gr\u00e2ce \u00e0 son aspect minimal et \u00e0 ses tons abondants. Il ne s'approprie pas votre style existant, il le met en valeur. La qualit\u00e9 lumineuse, presque fluide, de l'acrylique color\u00e9 capte parfaitement la lumi\u00e8re, ajoutant une couche vibrante de profondeur et d'int\u00e9r\u00eat \u00e0 tout type de pi\u00e8ce.<\/p>\n<p>Nous avons mis l'accent sur les dimensions, en veillant \u00e0 ce qu'il atteigne un excellent \u00e9quilibre entre un volume suffisant pour \u00eatre r\u00e9ellement utile et une portabilit\u00e9 suffisante pour ne pas encombrer un espace. Les dimensions sont soigneusement calcul\u00e9es pour contenir vos objets essentiels sans vous sentir encombr\u00e9. Les bords arrondis et raffin\u00e9s sont un chef-d'\u0153uvre de design fonctionnel - suffisamment hauts pour absorber les petites \u00e9claboussures et emp\u00eacher les objets de se d\u00e9placer, mais suffisamment r\u00e9duits pour conserver un profil \u00e9l\u00e9gant et discret. Il s'agit d'un savoir-faire qui se voit et se sent.<\/p>\n<p><a href=\"https:\/\/customacrylicproduct.com\/fr\/coloured-acrylic-wine-serving-tray-food-drinks-bar-home\/\"><img decoding=\"async\" class=\"aligncenter wp-image-952 size-full\" src=\"https:\/\/customacrylicproduct.com\/wp-content\/uploads\/2025\/07\/Coloured-Acrylic-Tray-2.jpg\" alt=\"Plateau en acrylique color\u00e9\" width=\"800\" height=\"800\" srcset=\"https:\/\/customacrylicproduct.com\/wp-content\/uploads\/2025\/07\/Coloured-Acrylic-Tray-2.jpg 800w, https:\/\/customacrylicproduct.com\/wp-content\/uploads\/2025\/07\/Coloured-Acrylic-Tray-2-300x300.jpg 300w, https:\/\/customacrylicproduct.com\/wp-content\/uploads\/2025\/07\/Coloured-Acrylic-Tray-2-150x150.jpg 150w, https:\/\/customacrylicproduct.com\/wp-content\/uploads\/2025\/07\/Coloured-Acrylic-Tray-2-768x768.jpg 768w, https:\/\/customacrylicproduct.com\/wp-content\/uploads\/2025\/07\/Coloured-Acrylic-Tray-2-12x12.jpg 12w, https:\/\/customacrylicproduct.com\/wp-content\/uploads\/2025\/07\/Coloured-Acrylic-Tray-2-600x600.jpg 600w, https:\/\/customacrylicproduct.com\/wp-content\/uploads\/2025\/07\/Coloured-Acrylic-Tray-2-100x100.jpg 100w\" sizes=\"(max-width: 800px) 100vw, 800px\" \/><\/a><\/p>\n<h4 id=\"-a-lifetime-of-service-engineered-for-toughness-and-comfort-\"><strong>Une vie de service : Con\u00e7u pour la robustesse et le confort\u00a0<\/strong>.<\/h4>\n<p>Un article attrayant n'est r\u00e9ellement utile que s'il est construit pour durer. Nous avons con\u00e7u le plateau Chroma pour qu'il ait une dur\u00e9e de vie longue et b\u00e9n\u00e9fique, en utilisant uniquement de l'acrylique \u00e9pais et co\u00fbteux. Ce produit a \u00e9t\u00e9 choisi pour sa remarquable combinaison d'une clart\u00e9 semblable \u00e0 celle du verre et d'une r\u00e9sistance remarquable. Il est incroyablement durable et extr\u00eamement r\u00e9sistant \u00e0 la casse, ce qui vous permet de l'utiliser quotidiennement sans craindre les fissures ou les \u00e9clats, contrairement \u00e0 ses homologues fragiles en verre ou en c\u00e9ramique.<\/p>\n<p>La vie est pleine de petits incidents, c'est pourquoi nous avons veill\u00e9 \u00e0 ce que le plateau soit totalement r\u00e9sistant \u00e0 l'eau et aux \u00e9claboussures. Merlot, caf\u00e9, condensation, rien ne peut p\u00e9n\u00e9trer sa surface non poreuse. Il est donc extr\u00eamement facile \u00e0 nettoyer et \u00e0 conserver, et il prot\u00e8ge les surfaces qui se trouvent en dessous. Une boisson renvers\u00e9e sur un repose-pieds en tissu n'est plus une catastrophe ; c'est un probl\u00e8me mineur qui peut \u00eatre nettoy\u00e9 en quelques secondes. Cette solidit\u00e9 fait du plateau non seulement un achat, mais aussi un investissement financier \u00e0 long terme dans votre maison.<\/p>\n<h4 id=\"-the-creative-gift-an-expression-of-preference-and-warmth-\"><strong>Le cadeau cr\u00e9atif : Une expression de pr\u00e9f\u00e9rence et de chaleur\u00a0<\/strong>.<\/h4>\n<p>Pour la personne de votre entourage qui accorde de l'importance \u00e0 une d\u00e9coration d'int\u00e9rieur \u00e9l\u00e9gante - l'ami \u00e0 la maison immacul\u00e9e, le membre de la famille qui adore recevoir, le nouveau propri\u00e9taire qui am\u00e9nage son nid - trouver un cadeau qui r\u00e9ponde \u00e0 ses exigences \u00e9lev\u00e9es peut s'av\u00e9rer difficile. Le plateau Chroma est la solution id\u00e9ale. C'est un cadeau cr\u00e9atif et attentionn\u00e9 qui en dit long sur vos go\u00fbts exceptionnels et votre d\u00e9sir chaleureux de les satisfaire.<\/p>\n<p>Ce plateau est plus qu'un objet, c'est la repr\u00e9sentation d'un mode de vie \u00e9volu\u00e9. En l'offrant, vous montrez que vous reconnaissez et appr\u00e9ciez leur enthousiasme pour un espace attrayant. Il s'agit d'un cadeau id\u00e9al pour toutes sortes d'occasions uniques : a\u00a0<strong>pendaison de cr\u00e9maill\u00e8re\u00a0<\/strong>un cadeau \u00e0 la fois utile et \u00e0 la mode, une\u00a0<strong>anniversaire\u00a0<\/strong>existant pour le fanatique du design, un\u00a0<strong>c\u00e9l\u00e9bration du mariage\u00a0<\/strong>ou\u00a0<strong>anniversaire de mariage\u00a0<\/strong>C'est un cadeau pour le couple qui aime recevoir. C'est un geste qui ne manquera pas de susciter une reconnaissance authentique et qui trouvera une place de choix dans leur foyer pendant de nombreuses ann\u00e9es.<\/p>\n<h4 id=\"-uncomplicated-maintenance-the-beauty-of-simplicity-\"><strong>L'entretien sans complication : La beaut\u00e9 de la simplicit\u00e9\u00a0<\/strong>.<\/h4>\n<p>Nous pensons que le haut de gamme doit \u00eatre simple. L'\u00e9l\u00e9gance de votre plateau Chroma est con\u00e7ue pour \u00eatre entretenue rapidement. Il n'est pas n\u00e9cessaire d'utiliser des produits de nettoyage extr\u00eames, de frotter ou de polir pour conserver son aspect lisse, brillant et remarquablement color\u00e9. Pour l'entretien quotidien et les petits d\u00e9g\u00e2ts, un simple nettoyage avec un chiffon doux et humide suffit pour retrouver son excellent \u00e9clat. Gr\u00e2ce \u00e0 ce processus de nettoyage sans tracas, votre plateau reste un point de mire \u00e9blouissant avec un minimum d'efforts, ce qui vous laisse encore plus de temps pour appr\u00e9cier son charme et ses performances.<\/p>\n<p><a href=\"https:\/\/customacrylicproduct.com\/fr\/coloured-acrylic-wine-serving-tray-food-drinks-bar-home\/\"><img decoding=\"async\" class=\"aligncenter wp-image-951 size-full\" src=\"https:\/\/customacrylicproduct.com\/wp-content\/uploads\/2025\/07\/Coloured-Acrylic-Tray-1.jpg\" alt=\"Plateau en acrylique color\u00e9\" width=\"800\" height=\"800\" srcset=\"https:\/\/customacrylicproduct.com\/wp-content\/uploads\/2025\/07\/Coloured-Acrylic-Tray-1.jpg 800w, https:\/\/customacrylicproduct.com\/wp-content\/uploads\/2025\/07\/Coloured-Acrylic-Tray-1-300x300.jpg 300w, https:\/\/customacrylicproduct.com\/wp-content\/uploads\/2025\/07\/Coloured-Acrylic-Tray-1-150x150.jpg 150w, https:\/\/customacrylicproduct.com\/wp-content\/uploads\/2025\/07\/Coloured-Acrylic-Tray-1-768x768.jpg 768w, https:\/\/customacrylicproduct.com\/wp-content\/uploads\/2025\/07\/Coloured-Acrylic-Tray-1-12x12.jpg 12w, https:\/\/customacrylicproduct.com\/wp-content\/uploads\/2025\/07\/Coloured-Acrylic-Tray-1-600x600.jpg 600w, https:\/\/customacrylicproduct.com\/wp-content\/uploads\/2025\/07\/Coloured-Acrylic-Tray-1-100x100.jpg 100w\" sizes=\"(max-width: 800px) 100vw, 800px\" \/><\/a><\/p>\n<h4 id=\"-the-ultimate-personalization-your-vision-crafted-by-united-states-\"><strong>La personnalisation ultime : Votre vision, fabriqu\u00e9e par les \u00c9tats-Unis\u00a0<\/strong>.<\/h4>\n<p>Bien que notre collection de couleurs et de dimensions soit cr\u00e9\u00e9e pour r\u00e9pondre aux go\u00fbts les plus exigeants, nous comprenons que le v\u00e9ritable haut de gamme d\u00e9pend de l'expression personnelle. Pour ceux qui recherchent une pi\u00e8ce unique, un cadeau d'entreprise embl\u00e9matique ou un design particulier pour un travail d'int\u00e9rieur, notre usine propose une solution de personnalisation compl\u00e8te.<\/p>\n<p>Nos artisans comp\u00e9tents peuvent travailler avec vous pour donner vie \u00e0 votre vision particuli\u00e8re. Ce voyage collaboratif vous place dans le si\u00e8ge du concepteur :.<\/p>\n<ul>\n<li><strong>Tailles et formes :\u00a0<\/strong>Ne vous contentez pas d'une forme rectangulaire. Nous pouvons produire des plateaux de formes personnalis\u00e9es - rondes, hexagonales ou tout \u00e0 fait uniques - et selon vos sp\u00e9cifications dimensionnelles.<\/li>\n<li><strong>Couleur :\u00a0<\/strong>Associez une couleur Pantone particuli\u00e8re \u00e0 votre marque ou \u00e0 votre palette de d\u00e9coration int\u00e9rieure pour produire un article v\u00e9ritablement int\u00e9gr\u00e9.<\/li>\n<li><strong>Motifs et messages grav\u00e9s :\u00a0<\/strong>C'est ici que le plateau se transforme en un tr\u00e9sor individuel. Gravez le monogramme d'un membre de la famille, une citation importante, un jour unique pour un cadeau de mariage, ou le logo d'une entreprise pour un cadeau d'entreprise avanc\u00e9.<\/li>\n<\/ul>\n<p>Le processus est transparent. Les clients peuvent proposer leurs propres dessins d\u00e9taill\u00e9s ou simplement faire part de leurs id\u00e9es \u00e0 notre \u00e9quipe de concepteurs professionnels, qui les aidera \u00e0 transformer un principe en une r\u00e9alit\u00e9 substantielle et merveilleusement \u00e9labor\u00e9e. C'est l'occasion de produire non seulement un plateau, mais aussi une histoire.<\/p>\n<p>En conclusion, le Chroma <a href=\"https:\/\/customacrylicproduct.com\/fr\/coloured-acrylic-wine-serving-tray-food-drinks-bar-home\/\">Plateau en acrylique color\u00e9<\/a> est plus grand que la somme de ses parties. C'est un objet de d\u00e9claration, un outil de travail, un objet de style et une toile personnelle. C'est une c\u00e9l\u00e9bration de la vie moderne, o\u00f9 le charme et l'aspect pratique coexistent dans une harmonie id\u00e9ale. Investissez dans un objet qui fonctionne aussi bien que vous, tout en \u00e9tant magnifique. \u00c9levez votre maison, am\u00e9liorez votre vie.<\/p>","protected":false},"excerpt":{"rendered":"<p>The Acrylic Tray: A Crossway of Art, Function, and Modern Living . In the modern-day home, every item tells a story. We curate our spaces not simply with furniture, however with items that show our preference, support our way of living, and bring a peaceful sense of delight to our everyday routines. We look for&#8230;<\/p>","protected":false},"featured_media":953,"template":"","meta":{"_kad_post_transparent":"default","_kad_post_title":"","_kad_post_layout":"default","_kad_post_sidebar_id":"","_kad_post_content_style":"default","_kad_post_vertical_padding":"default","_kad_post_feature":"","_kad_post_feature_position":"","_kad_post_header":false,"_kad_post_footer":false,"_kad_post_classname":""},"product_brand":[],"product_cat":[22],"product_tag":[56,57],"class_list":{"0":"post-950","1":"product","2":"type-product","3":"status-publish","4":"has-post-thumbnail","6":"product_cat-custom-acrylic-trays","7":"product_tag-custom-acrylic-trays","8":"product_tag-perspex-acrylic-tray","10":"first","11":"instock","12":"shipping-taxable","13":"product-type-simple","14":"entry","15":"content-bg","16":"loop-entry"},"_links":{"self":[{"href":"https:\/\/customacrylicproduct.com\/fr\/wp-json\/wp\/v2\/product\/950","targetHints":{"allow":["GET"]}}],"collection":[{"href":"https:\/\/customacrylicproduct.com\/fr\/wp-json\/wp\/v2\/product"}],"about":[{"href":"https:\/\/customacrylicproduct.com\/fr\/wp-json\/wp\/v2\/types\/product"}],"wp:featuredmedia":[{"embeddable":true,"href":"https:\/\/customacrylicproduct.com\/fr\/wp-json\/wp\/v2\/media\/953"}],"wp:attachment":[{"href":"https:\/\/customacrylicproduct.com\/fr\/wp-json\/wp\/v2\/media?parent=950"}],"wp:term":[{"taxonomy":"product_brand","embeddable":true,"href":"https:\/\/customacrylicproduct.com\/fr\/wp-json\/wp\/v2\/product_brand?post=950"},{"taxonomy":"product_cat","embeddable":true,"href":"https:\/\/customacrylicproduct.com\/fr\/wp-json\/wp\/v2\/product_cat?post=950"},{"taxonomy":"product_tag","embeddable":true,"href":"https:\/\/customacrylicproduct.com\/fr\/wp-json\/wp\/v2\/product_tag?post=950"}],"curies":[{"name":"wp","href":"https:\/\/api.w.org\/{rel}","templated":true}]}}