{"id":1064,"date":"2025-07-14T09:37:08","date_gmt":"2025-07-14T09:37:08","guid":{"rendered":"https:\/\/customacrylicproduct.com\/?post_type=product&#038;p=1064"},"modified":"2025-07-14T09:58:05","modified_gmt":"2025-07-14T09:58:05","slug":"bespoke-freestanding-laser-engraving-acrylic-awards-factory","status":"publish","type":"product","link":"https:\/\/customacrylicproduct.com\/it\/bespoke-freestanding-laser-engraving-acrylic-awards-factory\/","title":{"rendered":"Fabbrica di premi acrilici di incisione laser indipendente su ordinazione"},"content":{"rendered":"<h3 id=\"-the-art-of-recognition-a-thorough-intro-to-bespoke-freestanding-laser-engraved-acrylic-awards-\"><strong>L'arte del riconoscimento: Un'introduzione approfondita ai premi acrilici indipendenti incisi al laser su misura\u00a0<\/strong>.<\/h3>\n<p>In un mondo pieno di fugaci riconoscimenti digitali, l'atto tangibile di riconoscere i risultati ottenuti \u00e8 diventato molto pi\u00f9 importante che mai. Un premio non \u00e8 solo un oggetto; \u00e8 un segno, un marcatore permanente di qualit\u00e0, dedizione e successo. \u00c8 una storia raccontata in forma fisica. Le nostre onorificenze acriliche autoportanti con incisione laser sono fatte per raccontare questa storia con un'eleganza, una precisione e una modernit\u00e0 senza pari.<\/p>\n<p>Non si tratta di premi convenzionali che raccolgono polvere. Sono opere d'arte, progettate per registrare la luce e la creativit\u00e0. Unendo le notevoli propriet\u00e0 residenziali dell'acrilico all'avanguardia con la precisione microscopica della moderna tecnologia laser, sviluppiamo premi che sono unici e fantastici come gli individui e i gruppi che commemorano. Dalla sala conferenze aziendale al podio scolastico, questi premi sono una testimonianza di successo, pensati per essere apprezzati per tutta la vita.<\/p>\n<p>Questa introduzione vi guider\u00e0 attraverso le sei colonne fondamentali che caratterizzano i nostri riconoscimenti: l'alta qualit\u00e0 del materiale, la meraviglia tecnica della nostra procedura di incisione, le infinite opportunit\u00e0 di design, la vasta scelta di applicazioni, il nostro servizio di modifica collaborativa e l'eccezionale valore che rappresentano.<\/p>\n<h4 id=\"-1-the-spirit-of-the-honor-unmatched-product-qualities-of-acrylic-\"><strong>1. Lo spirito dell'onore: Le qualit\u00e0 ineguagliabili del prodotto acrilico\u00a0<\/strong>.<\/h4>\n<p>La struttura di ogni grande onore \u00e8 il prodotto in cui viene realizzato. Abbiamo scelto l'acrilico, spesso ammirato come la \u201cregina delle materie plastiche\u201d, per la sua notevole combinazione di fascino, resistenza e flessibilit\u00e0. \u00c8 un materiale che si fa valere, fornendo un'esperienza di costo che va oltre le aspettative.<\/p>\n<p><strong>Chiarezza e scintillio luminosi:\u00a0<\/strong>L'attributo pi\u00f9 evidente del nostro acrilico \u00e8 la sua straordinaria trasparenza. Con una trasmittanza luminosa che eguaglia o addirittura supera quella del vetro e del cristallo pi\u00f9 pregiato, permette alla luce di attraversare e rifrangere uno schermo spettacolare. Questa purezza ottica fa s\u00ec che le informazioni dettagliate dell'incisione laser siano visibili con estrema chiarezza, sviluppando un senso di profondit\u00e0 e dimensione semplicemente entusiasmante. A differenza delle materie plastiche pi\u00f9 scadenti, il nostro acrilico di prima qualit\u00e0 non presenta le tinte blu pallido o ecologiche del vetro, offrendo una tela perfettamente neutra per il vostro stile.<\/p>\n<p><strong>Peso e sensazioni significative:\u00a0<\/strong>Un premio deve essere davvero significativo nelle mani di chi lo riceve. Pur essendo pi\u00f9 leggero del vetro, il nostro acrilico possiede una densit\u00e0 e un peso piacevoli che trasmettono un senso di valore, pregio e durata. Questa sensazione di soddisfazione \u00e8 un aspetto vitale, spesso trascurato, dell'esperienza dell'onorificenza. Quando una persona tiene in mano la propria onorificenza, la sua notevole sensazione rafforza la gravit\u00e0 e il significato del suo successo.<\/p>\n<p><strong>Resistenza e forza eccezionali:\u00a0<\/strong>La bellezza deve essere duratura. Il polimero \u00e8 molto pi\u00f9 resistente agli urti rispetto al vetro o al cristallo, il che lo rende molto meno incline a rompersi o a frantumarsi. Questa fondamentale robustezza garantisce la comodit\u00e0 di poter esibire con orgoglio l'onorificenza in luoghi di lavoro, scuole o case affollate, senza il continuo timore di danni involontari. Inoltre, l'acrilico vanta un'eccellente resistenza agli agenti atmosferici e stabilit\u00e0 chimica. Non ingiallisce e non diventa fragile se esposto alla luce del sole, assicurando che l'onorificenza continui a essere immacolata e fantastica come il giorno in cui \u00e8 stata ricevuta. La sua superficie resistente all'usura si prende cura e si pulisce, conservando il suo rivestimento brillante e lucido per molti anni a venire.<\/p>\n<p><a href=\"https:\/\/customacrylicproduct.com\/it\/bespoke-freestanding-laser-engraving-acrylic-awards-factory\/\"><img fetchpriority=\"high\" decoding=\"async\" class=\"aligncenter wp-image-1068 size-large\" src=\"https:\/\/customacrylicproduct.com\/wp-content\/uploads\/2025\/07\/Acrylic-Awards-1024x1024.jpg\" alt=\"Premi in acrilico\" width=\"1024\" height=\"1024\" srcset=\"https:\/\/customacrylicproduct.com\/wp-content\/uploads\/2025\/07\/Acrylic-Awards-1024x1024.jpg 1024w, https:\/\/customacrylicproduct.com\/wp-content\/uploads\/2025\/07\/Acrylic-Awards-300x300.jpg 300w, https:\/\/customacrylicproduct.com\/wp-content\/uploads\/2025\/07\/Acrylic-Awards-150x150.jpg 150w, https:\/\/customacrylicproduct.com\/wp-content\/uploads\/2025\/07\/Acrylic-Awards-768x768.jpg 768w, https:\/\/customacrylicproduct.com\/wp-content\/uploads\/2025\/07\/Acrylic-Awards-12x12.jpg 12w, https:\/\/customacrylicproduct.com\/wp-content\/uploads\/2025\/07\/Acrylic-Awards-600x600.jpg 600w, https:\/\/customacrylicproduct.com\/wp-content\/uploads\/2025\/07\/Acrylic-Awards-100x100.jpg 100w, https:\/\/customacrylicproduct.com\/wp-content\/uploads\/2025\/07\/Acrylic-Awards.jpg 1465w\" sizes=\"(max-width: 1024px) 100vw, 1024px\" \/><\/a><\/p>\n<h4 id=\"-2-accuracy-perfected-the-technological-benefits-of-laser-inscription-\"><strong>2. Precisione perfezionata: I vantaggi tecnologici dell'incisione laser\u00a0<\/strong>.<\/h4>\n<p>Se l'acrilico \u00e8 l'anima dell'onore, la nostra procedura di incisione laser \u00e8 la sua voce. Utilizziamo la pi\u00f9 moderna tecnologia laser per trasformare un blocco vuoto di acrilico in un capolavoro personalizzato. Questo processo offre una serie di vantaggi rispetto agli approcci tradizionali, consentendo di ottenere un prodotto di altissima qualit\u00e0 e informazioni.<\/p>\n<p><strong>Precisione microscopica e dettagli notevoli:\u00a0<\/strong>I nostri laser operano con una precisione sbalorditiva di circa \u00b1 0,1 mm. Questa precisione microscopica ci permette di rendere anche gli stili pi\u00f9 complicati con una fedelt\u00e0 impressionante. Elaborati disegni di loghi aziendali, fragili caratteri manoscritti, immagini approfondite e messaggi raffinati vengono incisi con una qualit\u00e0 nitida. I bordi di ogni elemento inciso sono perfettamente lisci e puliti e non richiedono una seconda lucidatura o molatura. Il risultato \u00e8 una superficie nitida e professionale, difficile da ottenere con i dispositivi meccanici.<\/p>\n<p><strong>Processo senza contatto e senza stress:\u00a0<\/strong>A differenza della convenzionale incisione CNC o meccanica che applica sollecitazioni fisiche al prodotto, l'incisione laser \u00e8 una procedura senza contatto. Un raggio focalizzato vaporizza l'acrilico in un punto specifico, eliminando la minaccia di stress meccanico, microfratture o deformazioni. Ci\u00f2 \u00e8 particolarmente importante quando si collabora con forme dettagliate o disegni delicati, in quanto garantisce l'integrit\u00e0 architettonica e l'impeccabilit\u00e0 della superficie dell'acrilico durante tutto il processo di produzione.<\/p>\n<p><strong>Velocit\u00e0 ed efficienza senza pari:\u00a0<\/strong>La velocit\u00e0 dei nostri sistemi laser \u00e8 un vantaggio significativo. Il processo di incisione \u00e8 pi\u00f9 di 3 volte pi\u00f9 veloce rispetto alla tradizionale incisione CNC, consentendo tempi di consegna rapidi, anche per ordini di grandi dimensioni. Questa efficacia \u00e8 ulteriormente migliorata da un'applicazione software intelligente di composizione tipografica e nesting, che massimizza la disposizione di pi\u00f9 stili su un unico foglio di acrilico. Questo non solo accelera la produzione, ma riduce anche gli sprechi di prodotto, rendendo la procedura pi\u00f9 sostenibile e permettendoci di trasferire i risparmi sui costi direttamente ai nostri clienti.<\/p>\n<p><a href=\"https:\/\/customacrylicproduct.com\/it\/bespoke-freestanding-laser-engraving-acrylic-awards-factory\/\"><img decoding=\"async\" class=\"aligncenter wp-image-1065 size-large\" src=\"https:\/\/customacrylicproduct.com\/wp-content\/uploads\/2025\/07\/Acrylic-Awards-1-1024x1024.jpg\" alt=\"Premi in acrilico\" width=\"1024\" height=\"1024\" srcset=\"https:\/\/customacrylicproduct.com\/wp-content\/uploads\/2025\/07\/Acrylic-Awards-1-1024x1024.jpg 1024w, https:\/\/customacrylicproduct.com\/wp-content\/uploads\/2025\/07\/Acrylic-Awards-1-300x300.jpg 300w, https:\/\/customacrylicproduct.com\/wp-content\/uploads\/2025\/07\/Acrylic-Awards-1-150x150.jpg 150w, https:\/\/customacrylicproduct.com\/wp-content\/uploads\/2025\/07\/Acrylic-Awards-1-768x768.jpg 768w, https:\/\/customacrylicproduct.com\/wp-content\/uploads\/2025\/07\/Acrylic-Awards-1-12x12.jpg 12w, https:\/\/customacrylicproduct.com\/wp-content\/uploads\/2025\/07\/Acrylic-Awards-1-600x600.jpg 600w, https:\/\/customacrylicproduct.com\/wp-content\/uploads\/2025\/07\/Acrylic-Awards-1-100x100.jpg 100w, https:\/\/customacrylicproduct.com\/wp-content\/uploads\/2025\/07\/Acrylic-Awards-1.jpg 1500w\" sizes=\"(max-width: 1024px) 100vw, 1024px\" \/><\/a><\/p>\n<h4 id=\"-3-layout-beyond-convention-crafting-a-vision-in-acrylic-\"><strong>3. Layout oltre le convenzioni: Creare una visione in acrilico\u00a0<\/strong>.<\/h4>\n<p>La natura libera dei nostri premi apre un mondo di opportunit\u00e0 creative. Senza i vincoli di una base tipica, l'onorificenza stessa finisce per essere la dichiarazione immaginativa completa. Le nostre capacit\u00e0 di progettazione vi permettono di sviluppare un pezzo veramente distintivo che riflette completamente il vostro marchio, evento o messaggio.<\/p>\n<p><strong>Forme e forme infinite:\u00a0<\/strong>Dai classici blocchi a forma di rettangolo e dagli eleganti cerchi alle sagome tagliate su misura che rispecchiano il design del logo della vostra azienda o un'insegna rilevante, il potenziale stilistico \u00e8 praticamente infinito. Il premio pu\u00f2 essere spesso e considerevole per una dichiarazione forte, oppure snello e sottile per un'immagine pi\u00f9 minimale. Possiamo produrre lati sfaccettati che catturano la luce come un diamante o angoli arrotondati per una sensazione pi\u00f9 morbida e moderna.<\/p>\n<p><strong>Il potere della base:\u00a0<\/strong>Anche se molti dei nostri premi sono creati per essere completamente indipendenti, una base diversa pu\u00f2 aggiungere un ulteriore livello di classe. Una classica base in acrilico nero lucido offre un confronto sorprendente con il corpo chiaro del premio, fungendo da elegante supporto. Questa base \u00e8 inoltre una tela perfetta per una seconda personalizzazione, come la pubblicazione di un logo a colori, l'iscrizione del nome del destinatario o l'inserimento della data dell'occasione. Per un effetto davvero spettacolare, la base pu\u00f2 essere progettata in stile scatola vuota, dotata di luci LED integrate. Premendo un pulsante, l'intero premio si illumina, trasformandosi in un trofeo dinamico e vibrante che attira l'attenzione.<\/p>\n<p><strong>La magia dell'alleggerimento in 3D:\u00a0<\/strong>Tra le nostre capacit\u00e0 pi\u00f9 eccezionali c'\u00e8 lo sviluppo di effetti di alleggerimento 3D attraverso un'abile strategia chiamata incisione in scala di grigi. Gestendo in modo specifico la potenza e la messa a fuoco del laser, i nostri artigiani sono in grado di creare diversi livelli di incisione all'interno dell'acrilico. In questo modo si ha l'impressione che il motivo o il logo fluttuino olograficamente all'interno del blocco, sviluppando un magnifico fascino tridimensionale a cui bisogna credere. Questo aggiunge uno strato di profondit\u00e0 e raffinatezza che trasforma il premio da semplice targa a vero e proprio capolavoro.<\/p>\n<h4 id=\"-4-a-canvas-for-every-single-occasion-versatile-application-situations-\"><strong>4. Una tela per ogni occasione: Situazioni di applicazione versatili\u00a0<\/strong>.<\/h4>\n<p>L'aspetto contemporaneo, la resistenza e le notevoli possibilit\u00e0 di personalizzazione delle nostre onorificenze acriliche autoportanti le rendono la scelta perfetta per una variet\u00e0 incredibilmente varia di eventi e riconoscimenti.<\/p>\n<ul>\n<li><strong>Mondo degli affari e delle organizzazioni:\u00a0<\/strong>Commemorate la qualit\u00e0 nell'ambiente di lavoro con premi per \u201cImpiegato del mese\u201d, \u201cTop Sales Entertainer\u201d, \u201cPresident's Club Inductee\u201d o \u201cAnni di servizio\u201d. Sono adatti per le riunioni annuali dell'azienda, per i riconoscimenti ai partner e per i regali ai pensionati.<\/li>\n<li><strong>Istituzioni accademiche e scolastiche:\u00a0<\/strong>Onorate il successo degli studenti con onorificenze per i valedictorians, le qualit\u00e0 scolastiche e i campioni sportivi. Identificate i pagamenti della facolt\u00e0, gli sviluppi della ricerca e la generosit\u00e0 dei benefattori con un ricordo sofisticato.<\/li>\n<li><strong>Sport e competizioni:\u00a0<\/strong>Dalle competizioni locali alle partite di campionato, queste onorificenze funzionano come magnifici trofei e medaglie che catturano lo spirito della vittoria. La loro resistenza garantisce una durata molto pi\u00f9 lunga rispetto ai tipici trofei in plastica.<\/li>\n<li><strong>Occasioni commerciali e promozionali:\u00a0<\/strong>Utilizzate i blocchi acrilici incisi su misura come oggetti pubblicitari di qualit\u00e0, omaggi per convegni commerciali o ricordi per il lancio di prodotti e occasioni uniche. Funzionano come un segno duraturo dell'impegno del vostro marchio per la qualit\u00e0.<\/li>\n<li><strong>Pietre miliari personali e Non-Profit:\u00a0<\/strong>Per onorare gli anniversari di matrimonio, celebrare i risultati individuali o come regalo speciale di ringraziamento per i volontari e i clienti del mercato della beneficenza. Sono un servizio eccellente per comunicare onore, gratitudine e sentimento.<\/li>\n<\/ul>\n<h4 id=\"-5-your-vision-our-knowledge-a-genuinely-bespoke-personalization-service-\"><strong>5. La vostra visione, la nostra conoscenza: Un servizio di personalizzazione realmente su misura\u00a0<\/strong>.<\/h4>\n<p>La nostra azienda crede che un onore su misura debba essere una produzione collaborativa. La nostra procedura \u00e8 stata creata per essere fluida, chiara e incentrata sulla realizzazione della vostra visione specifica.<\/p>\n<p>Il nostro gruppo di impaginazione \u00e8 al vostro fianco in ogni fase del processo. Potete chiederci un documento di design completo e pronto per la stampa o semplicemente un'idea. I nostri specialisti ascolteranno le vostre esigenze, comprenderanno il contesto del premio e collaboreranno con voi per stabilire un principio. Utilizzando software di stile professionale come CorelDRAW e AutoCAD, convertiremo le vostre idee in una prova digitale dettagliata. In questo modo potrete vedere come apparir\u00e0 il vostro premio e noi potremo apportare tutte le modifiche necessarie alla forma, alle dimensioni, al messaggio o al posizionamento del logo fino a quando non sarete soddisfatti. Questa dedizione alla collaborazione garantisce che il prodotto finale non sia semplicemente qualcosa che vi abbiamo prodotto, ma qualcosa che abbiamo prodotto con voi.<\/p>\n<p><a href=\"https:\/\/customacrylicproduct.com\/it\/bespoke-freestanding-laser-engraving-acrylic-awards-factory\/\"><img decoding=\"async\" class=\"aligncenter wp-image-1067 size-full\" src=\"https:\/\/customacrylicproduct.com\/wp-content\/uploads\/2025\/07\/Acrylic-Awards-3.jpg\" alt=\"Premi in acrilico\" width=\"1500\" height=\"1500\" srcset=\"https:\/\/customacrylicproduct.com\/wp-content\/uploads\/2025\/07\/Acrylic-Awards-3.jpg 1500w, https:\/\/customacrylicproduct.com\/wp-content\/uploads\/2025\/07\/Acrylic-Awards-3-300x300.jpg 300w, https:\/\/customacrylicproduct.com\/wp-content\/uploads\/2025\/07\/Acrylic-Awards-3-1024x1024.jpg 1024w, https:\/\/customacrylicproduct.com\/wp-content\/uploads\/2025\/07\/Acrylic-Awards-3-150x150.jpg 150w, https:\/\/customacrylicproduct.com\/wp-content\/uploads\/2025\/07\/Acrylic-Awards-3-768x768.jpg 768w, https:\/\/customacrylicproduct.com\/wp-content\/uploads\/2025\/07\/Acrylic-Awards-3-12x12.jpg 12w, https:\/\/customacrylicproduct.com\/wp-content\/uploads\/2025\/07\/Acrylic-Awards-3-600x600.jpg 600w, https:\/\/customacrylicproduct.com\/wp-content\/uploads\/2025\/07\/Acrylic-Awards-3-100x100.jpg 100w\" sizes=\"(max-width: 1500px) 100vw, 1500px\" \/><\/a><\/p>\n<h4 id=\"-6-premium-top-quality-accessible-rate-the-smart-financial-investment-in-recognition-\"><strong>6. Qualit\u00e0 superiore e prezzo accessibile: L'investimento finanziario intelligente nel riconoscimento\u00a0<\/strong>.<\/h4>\n<p>L'esclusivit\u00e0 e l'eccezionale qualit\u00e0 non devono necessariamente comportare un prezzo spropositato. Uno degli aspetti pi\u00f9 interessanti del nostro <a href=\"https:\/\/customacrylicproduct.com\/it\/bespoke-freestanding-laser-engraving-acrylic-awards-factory\/\">premi in acrilico<\/a> \u00e8 l'eccezionale rapporto qualit\u00e0-prezzo.<\/p>\n<p>L'acrilico stesso \u00e8 un prodotto altamente efficiente dal punto di vista dei costi. Un comune pannello acrilico, che costa una parte del cristallo grezzo o del metallo, offre il prodotto grezzo per questi oggetti spettacolari. Se combinato con l'efficienza ad alta velocit\u00e0 della nostra procedura di incisione laser, il costo generale di produzione si mantiene estremamente ridotto.<\/p>\n<p>Per questo motivo, le nostre targhe autoportanti in acrilico hanno un prezzo molto pi\u00f9 competitivo rispetto a quello di targhe analoghe in cristallo o acciaio. Vi permettono di ottenere un prodotto splendido, duraturo e completamente personalizzato a un prezzo comunemente pi\u00f9 adatto a piani di bilancio di tutte le dimensioni. Questo vantaggio in termini di costi \u00e8 particolarmente prezioso per le grandi personalizzazioni, rendendo le nostre onorificenze la scelta eccellente per le occasioni di lavoro, per gli eventi scolastici o per qualsiasi occasione che richieda molte onorificenze di alta qualit\u00e0 e personalizzate senza rompere l'istituto finanziario.<\/p>\n<p>Per concludere, il nostro sistema indipendente su misura con incisione laser<a href=\"https:\/\/customacrylicproduct.com\/it\/custom-acrylic-trophies-awards\/\"> Espositore per premi in acrilico<\/a> per una perfetta armonia tra tipo, funzione e valore. Sono un'opzione moderna, resistente e costantemente modificabile per chiunque voglia celebrare il successo in modo significativo e degno di nota. Chiamate oggi stesso il nostro team di progettazione e permetteteci di aiutarvi a realizzare qualcosa di veramente straordinario.<\/p>","protected":false},"excerpt":{"rendered":"<p>Celebrate il successo con i nostri premi in acrilico autoportanti. Incisione laser di precisione con il vostro logo e testo personalizzato su acrilico lucido di prima qualit\u00e0. Questo design elegante e indipendente offre un ricordo moderno ed elegante per onorare qualsiasi risultato.<\/p>","protected":false},"featured_media":1068,"template":"","meta":{"_kad_post_transparent":"default","_kad_post_title":"","_kad_post_layout":"default","_kad_post_sidebar_id":"","_kad_post_content_style":"default","_kad_post_vertical_padding":"default","_kad_post_feature":"","_kad_post_feature_position":"","_kad_post_header":false,"_kad_post_footer":false,"_kad_post_classname":""},"product_brand":[],"product_cat":[19],"product_tag":[96,59,58],"class_list":{"0":"post-1064","1":"product","2":"type-product","3":"status-publish","4":"has-post-thumbnail","6":"product_cat-custom-acrylic-trophies-awards","7":"product_tag-acrylic-awards","8":"product_tag-custom-acrylic-awards","9":"product_tag-custom-acrylic-trophies","11":"first","12":"instock","13":"shipping-taxable","14":"product-type-simple","15":"entry","16":"content-bg","17":"loop-entry"},"_links":{"self":[{"href":"https:\/\/customacrylicproduct.com\/it\/wp-json\/wp\/v2\/product\/1064","targetHints":{"allow":["GET"]}}],"collection":[{"href":"https:\/\/customacrylicproduct.com\/it\/wp-json\/wp\/v2\/product"}],"about":[{"href":"https:\/\/customacrylicproduct.com\/it\/wp-json\/wp\/v2\/types\/product"}],"wp:featuredmedia":[{"embeddable":true,"href":"https:\/\/customacrylicproduct.com\/it\/wp-json\/wp\/v2\/media\/1068"}],"wp:attachment":[{"href":"https:\/\/customacrylicproduct.com\/it\/wp-json\/wp\/v2\/media?parent=1064"}],"wp:term":[{"taxonomy":"product_brand","embeddable":true,"href":"https:\/\/customacrylicproduct.com\/it\/wp-json\/wp\/v2\/product_brand?post=1064"},{"taxonomy":"product_cat","embeddable":true,"href":"https:\/\/customacrylicproduct.com\/it\/wp-json\/wp\/v2\/product_cat?post=1064"},{"taxonomy":"product_tag","embeddable":true,"href":"https:\/\/customacrylicproduct.com\/it\/wp-json\/wp\/v2\/product_tag?post=1064"}],"curies":[{"name":"wp","href":"https:\/\/api.w.org\/{rel}","templated":true}]}}