{"id":1076,"date":"2025-07-14T12:26:45","date_gmt":"2025-07-14T12:26:45","guid":{"rendered":"https:\/\/customacrylicproduct.com\/?post_type=product&#038;p=1076"},"modified":"2025-07-14T12:29:31","modified_gmt":"2025-07-14T12:29:31","slug":"oem-butterfly-shaped-acrylic-plaques-christmas-souvenir-gift","status":"publish","type":"product","link":"https:\/\/customacrylicproduct.com\/it\/oem-butterfly-shaped-acrylic-plaques-christmas-souvenir-gift\/","title":{"rendered":"OEM Farfalla a forma di placche acriliche regalo di Natale Souvenir"},"content":{"rendered":"<h3 id=\"-the-long-lasting-butterfly-a-xmas-memento-of-enduring-love-for-your-granny-\"><strong>La farfalla che dura nel tempo: Un ricordo natalizio di amore duraturo per la nonna\u00a0<\/strong>.<\/h3>\n<p>Nel tranquillo ronzio della stagione delle feste, in mezzo alle luci scintillanti e all'allegria, cerchiamo qualcosa di pi\u00f9 di un semplice regalo. Cerchiamo una sensazione, un ricordo registrato, un pezzo tangibile del nostro cuore da offrire a coloro che hanno plasmato il nostro mondo. Per la signora che custodisce un universo di storie nel suo sorriso, le cui mani hanno usato la praticit\u00e0 e il cui cuore \u00e8 stato un rifugio costante, trovare l'espressione ideale dell'amore pu\u00f2 sembrare un compito impossibile. Questo Natale, vi invitiamo a offrirle qualcosa che non ha et\u00e0 e che \u00e8 splendido come il suo spirito: il nostro bellissimo <a href=\"https:\/\/customacrylicproduct.com\/it\/oem-butterfly-shaped-acrylic-plaques-christmas-souvenir-gift\/\">Targa in polimero a forma di farfalla<\/a>.<\/p>\n<p>Non si tratta solo di un disegno, ma di un'eredit\u00e0 d'amore, un monumento allo splendido legame che condividete con la donna pi\u00f9 speciale della vostra vita, la vostra nonna.<\/p>\n<h4 id=\"-finest-granny-gifts-redefining-the-art-of-gifting-\"><strong>I PI\u00d9 BEI REGALI DELLA NONNA: Ridefinire l'arte del regalo\u00a0<\/strong>.<\/h4>\n<p>Il nostro <a href=\"https:\/\/customacrylicproduct.com\/it\/oem-butterfly-shaped-acrylic-plaques-christmas-souvenir-gift\/\">targa in acrilico con farfalla<\/a> ridefinisce l'arte del regalo per le nonne, trasformando un semplice oggetto esistente in una grande dichiarazione. Comprendiamo che le nonne sono le custodi della storia della famiglia, le colonne del sostegno costante e la risorsa dell'amore incondizionato. Hanno diritto a un regalo che rispecchi la profondit\u00e0 e l'eleganza del loro ruolo nella nostra vita. Con la sua sagoma di farfalla delicatamente lavorata, questa targa \u00e8 un'icona potente di compostezza, di rinnovamento e di un amore duraturo che resiste agli esami del tempo.<\/p>\n<p>La farfalla, creatura dal fascino etereo, rappresenta molto di ci\u00f2 che \u00e8 una nonna. Simboleggia il viaggio della vita, lo sviluppo che ha alimentato in voi e lo spirito mite e resistente che ha guidato i vostri familiari. Le sue ali, anche se apparentemente delicate, la portano attraverso i chilometri del Paese, proprio come il suo amore ha portato voi attraverso i molti periodi della vita.<\/p>\n<p>Questa targa diventa un punto focale elegante e ideale per qualsiasi tipo di celebrazione in suo onore. Che siate alla ricerca di una targa ideale\u00a0<strong>Regalo per la festa della mamma\u00a0<\/strong>per commemorare la sua resistenza matriarcale, un'unica\u00a0<strong>Regalo per il compleanno della nonna\u00a0<\/strong>che attira l'attenzione dal resto, un cuore integro\u00a0<strong>Regalo di Natale\u00a0<\/strong>da mettere sotto l'albero, o un segno memorabile per un\u00a0<strong>Anniversario di matrimonio, evento di matrimonio o vita in pensione\u00a0<\/strong>, Questa targa con farfalla trascende l'occasione. \u00c8, piuttosto, il mezzo migliore per dire tutto ci\u00f2 che si prova, il che la rende il regalo della nonna per eccellenza, per ogni tipo di momento che valga la pena di essere ricordato.<\/p>\n<p><a href=\"https:\/\/customacrylicproduct.com\/it\/oem-butterfly-shaped-acrylic-plaques-christmas-souvenir-gift\/\"><img fetchpriority=\"high\" decoding=\"async\" class=\"aligncenter wp-image-1083 size-large\" src=\"https:\/\/customacrylicproduct.com\/wp-content\/uploads\/2025\/07\/Butterfly-Shaped-Acrylic-Plaque-2-1024x1024.jpg\" alt=\"Targa in acrilico a forma di farfalla\" width=\"1024\" height=\"1024\" srcset=\"https:\/\/customacrylicproduct.com\/wp-content\/uploads\/2025\/07\/Butterfly-Shaped-Acrylic-Plaque-2-1024x1024.jpg 1024w, https:\/\/customacrylicproduct.com\/wp-content\/uploads\/2025\/07\/Butterfly-Shaped-Acrylic-Plaque-2-300x300.jpg 300w, https:\/\/customacrylicproduct.com\/wp-content\/uploads\/2025\/07\/Butterfly-Shaped-Acrylic-Plaque-2-150x150.jpg 150w, https:\/\/customacrylicproduct.com\/wp-content\/uploads\/2025\/07\/Butterfly-Shaped-Acrylic-Plaque-2-768x768.jpg 768w, https:\/\/customacrylicproduct.com\/wp-content\/uploads\/2025\/07\/Butterfly-Shaped-Acrylic-Plaque-2-12x12.jpg 12w, https:\/\/customacrylicproduct.com\/wp-content\/uploads\/2025\/07\/Butterfly-Shaped-Acrylic-Plaque-2-600x600.jpg 600w, https:\/\/customacrylicproduct.com\/wp-content\/uploads\/2025\/07\/Butterfly-Shaped-Acrylic-Plaque-2-100x100.jpg 100w, https:\/\/customacrylicproduct.com\/wp-content\/uploads\/2025\/07\/Butterfly-Shaped-Acrylic-Plaque-2.jpg 1500w\" sizes=\"(max-width: 1024px) 100vw, 1024px\" \/><\/a><\/p>\n<h4 id=\"-love-messages-for-every-grandma-words-to-last-a-lifetime-\"><strong>MESSAGGI D'AMORE PER OGNI NONNA: parole che durano tutta la vita\u00a0<\/strong>.<\/h4>\n<p>A volte, le parole pi\u00f9 importanti sono le pi\u00f9 difficili da dire. Il \u201cmi piaci\u201d di tutti i giorni pu\u00f2 sembrare un'espressione regolare, che non riesce a catturare l'immensa gratitudine e l'affetto che conserviamo nei nostri cuori. La nostra targa a forma di farfalla colma questa lacuna, incidendo le vostre opinioni pi\u00f9 intime in uno splendido oggetto che lei potr\u00e0 vedere e toccare ogni singolo giorno.<\/p>\n<p>Incisa con precisione e cura, la targa reca un messaggio al tempo stesso elementare ed esteso:.<\/p>\n<p><strong>\u201d Alla mia bellissima nonna, ricordati sempre che ti voglio bene\u201d.\u201d\u00a0<\/strong>.<\/p>\n<p>Questa frase efficace \u00e8 una rassicurazione costante e gentile. \u00c8 un indicatore per i minuti di silenzio quando non ci siete, un mormorio d'amore che si riflette nella sua casa. \u00c8 per la nonna, per la nonnina, per la nonna, per la nonna, per ogni singolo titolo che detiene, questo messaggio parla un linguaggio universale di amore. Le comunica che, anche se il ritmo attivo della vita non lo dice abbastanza, la sua gratitudine \u00e8 incrollabile. Le ricorda che \u00e8 vista, apprezzata e apprezzata oltre misura. \u00c8 una promessa che il legame che condividete \u00e8 una parte fondamentale di ci\u00f2 che siete, un legame che sar\u00e0 sempre custodito.<\/p>\n<h4 id=\"-durable-and-eco-friendly-high-quality-a-commitment-to-elegance-and-duty-\"><strong>ALTA QUALIT\u00c0 DUREVOLE ED ECO-FRIENDLY: Un impegno per l'eleganza e il dovere\u00a0<\/strong>.<\/h4>\n<p>Un regalo destinato a durare tutta la vita deve essere realizzato con materiali in grado di resistere. Le nostre targhe per la nonna sono realizzate con cura in robusto acrilico cristallino di prima scelta, che rappresenta il massimo della durata e dell'artigianato moderno. Non si tratta di plastica fragile, ma di un materiale importante e sostanzioso, con la notevole apertura del vetro, ma senza la sua fragilit\u00e0. Potete stare tranquilli sapendo che questo splendido ricordo non si romper\u00e0, mantenendo il suo messaggio e il suo fascino per decenni.<\/p>\n<p>I lati sono lucidati al diamante per ottenere un rivestimento liscio e luminescente, che cattura e rifrange la luce in modo da dare vita all'intero oggetto. La trasparenza dell'acrilico produce un risultato magnifico, praticamente aereo, che permette ai colori intricati del layout della farfalla e alla qualit\u00e0 del testo di risplendere con una vivacit\u00e0 eccezionale.<\/p>\n<p>Inoltre, in un'epoca in cui il consumo consapevole \u00e8 pi\u00f9 importante che mai, siamo orgogliosi che la nostra dedizione all'alta qualit\u00e0 si allinei con l'impegno verso il nostro pianeta. Il polimero di alta qualit\u00e0 che utilizziamo \u00e8 riciclabile, un attributo che risuona profondamente con i valori eco-consapevoli dei consumatori britannici. Scegliendo la nostra targa della nonna, non solo scegliete un regalo resistente e duraturo, ma fate anche una scelta responsabile che riflette un impegno comune per un futuro pi\u00f9 verde e duraturo. Questo \u00e8 un regalo che \u00e8 bello offrire, in tutti i sensi.<\/p>\n<p><a href=\"https:\/\/customacrylicproduct.com\/it\/custom-acrylic-crafts\/\"><img decoding=\"async\" class=\"aligncenter wp-image-1081 size-large\" src=\"https:\/\/customacrylicproduct.com\/wp-content\/uploads\/2025\/07\/Acrylic-Plaques-1024x1024.jpg\" alt=\"Targhe in acrilico\" width=\"1024\" height=\"1024\" srcset=\"https:\/\/customacrylicproduct.com\/wp-content\/uploads\/2025\/07\/Acrylic-Plaques-1024x1024.jpg 1024w, https:\/\/customacrylicproduct.com\/wp-content\/uploads\/2025\/07\/Acrylic-Plaques-300x300.jpg 300w, https:\/\/customacrylicproduct.com\/wp-content\/uploads\/2025\/07\/Acrylic-Plaques-150x150.jpg 150w, https:\/\/customacrylicproduct.com\/wp-content\/uploads\/2025\/07\/Acrylic-Plaques-768x768.jpg 768w, https:\/\/customacrylicproduct.com\/wp-content\/uploads\/2025\/07\/Acrylic-Plaques-12x12.jpg 12w, https:\/\/customacrylicproduct.com\/wp-content\/uploads\/2025\/07\/Acrylic-Plaques-600x600.jpg 600w, https:\/\/customacrylicproduct.com\/wp-content\/uploads\/2025\/07\/Acrylic-Plaques-100x100.jpg 100w, https:\/\/customacrylicproduct.com\/wp-content\/uploads\/2025\/07\/Acrylic-Plaques.jpg 1200w\" sizes=\"(max-width: 1024px) 100vw, 1024px\" \/><\/a><\/p>\n<h4 id=\"-trendy-home-accent-boosting-her-cherished-spaces-\"><strong>ACCENTI DOMESTICI DI TENDENZA: Rafforzare i suoi spazi preferiti\u00a0<\/strong>.<\/h4>\n<p>Il nostro <a href=\"https:\/\/customacrylicproduct.com\/it\/oem-butterfly-shaped-acrylic-plaques-christmas-souvenir-gift\/\">placca con farfalla<\/a> \u00e8 pi\u00f9 di un pegno affettivo: \u00e8 un'opera d'arte sviluppata per migliorare il fascino della sua casa. Con la sua particolare disposizione libera e la stampa a colori delicatamente completa, questa targa \u00e8 un'impressionante decorazione per la casa che si mescola perfettamente con qualsiasi tipo di stile d'interni, da quello classico e rilassante a quello moderno e minimalista.<\/p>\n<p>Immaginatela posizionata sul davanzale di una finestra inondata di sole nel suo salotto, con la luce che attraversa le ali della farfalla e proietta una vibrante oscurit\u00e0 nell'area. Immaginatela accoccolata sul suo comodino, il primo e l'ultimo punto che vede ogni giorno, un segno continuo del vostro amore. Immaginatela mentre occupa un posto d'onore sulla mensola del camino, vicino alle preziose foto di famiglia, o mentre aggiunge un tocco di stile a un angolo tranquillo del suo studio di ricerca o a uno scaffale in bagno. Pu\u00f2 anche dare un tocco di bellezza interna a un cortile protetto o a un'area solarium.<\/p>\n<p>La base stabile e autoportante della targa evita l'uso di scomodi supporti o cavalletti. \u00c8 stata creata per essere collocata senza sforzo e subito apprezzata. La sua esistenza \u00e8 al tempo stesso sostanziale ed elegante, con un tocco sofisticato e individuale che trasforma una casa in una dimora carica di amore e di ricordi.<\/p>\n<p><a href=\"https:\/\/customacrylicproduct.com\/it\/custom-acrylic-crafts\/\"><img decoding=\"async\" class=\"aligncenter wp-image-1082 size-large\" src=\"https:\/\/customacrylicproduct.com\/wp-content\/uploads\/2025\/07\/Butterfly-Shaped-Acrylic-Plaque-1-1024x1024.jpg\" alt=\"Targa in acrilico a forma di farfalla\" width=\"1024\" height=\"1024\" srcset=\"https:\/\/customacrylicproduct.com\/wp-content\/uploads\/2025\/07\/Butterfly-Shaped-Acrylic-Plaque-1-1024x1024.jpg 1024w, https:\/\/customacrylicproduct.com\/wp-content\/uploads\/2025\/07\/Butterfly-Shaped-Acrylic-Plaque-1-300x300.jpg 300w, https:\/\/customacrylicproduct.com\/wp-content\/uploads\/2025\/07\/Butterfly-Shaped-Acrylic-Plaque-1-150x150.jpg 150w, https:\/\/customacrylicproduct.com\/wp-content\/uploads\/2025\/07\/Butterfly-Shaped-Acrylic-Plaque-1-768x768.jpg 768w, https:\/\/customacrylicproduct.com\/wp-content\/uploads\/2025\/07\/Butterfly-Shaped-Acrylic-Plaque-1-12x12.jpg 12w, https:\/\/customacrylicproduct.com\/wp-content\/uploads\/2025\/07\/Butterfly-Shaped-Acrylic-Plaque-1-600x600.jpg 600w, https:\/\/customacrylicproduct.com\/wp-content\/uploads\/2025\/07\/Butterfly-Shaped-Acrylic-Plaque-1-100x100.jpg 100w, https:\/\/customacrylicproduct.com\/wp-content\/uploads\/2025\/07\/Butterfly-Shaped-Acrylic-Plaque-1.jpg 1500w\" sizes=\"(max-width: 1024px) 100vw, 1024px\" \/><\/a><\/p>\n<h4 id=\"-a-world-of-possibilities-the-power-of-personalization-\"><strong>UN MONDO DI POSSIBILIT\u00c0: Il potere della personalizzazione\u00a0<\/strong>.<\/h4>\n<p>Mentre il nostro layout convenzionale parla con un amore globale, riconosciamo che ogni legame con una nonna \u00e8 unico. \u00c8 una storia scritta in risate condivise, piatti segreti e battute personali. Per onorare questa individualit\u00e0, offriamo un accurato servizio di personalizzazione direttamente dal nostro stabilimento di produzione.<\/p>\n<p>I nostri abili artigiani possono dare vita alla vostra visione. Avete il potere di sviluppare un'opera d'arte davvero unica.<\/p>\n<ul>\n<li><strong>Forma e dimensioni:\u00a0<\/strong>Se la farfalla \u00e8 la nostra firma, probabilmente un'altra forma ha un significato unico per voi e per la vostra nonna. Possiamo collaborare con voi per adattare le dimensioni o per studiare nuovi tipi.<\/li>\n<li><strong>Schema di colori:\u00a0<\/strong>Personalizzate i colori della farfalla per adattarli al design della casa o per includere le tonalit\u00e0 pi\u00f9 amate.<\/li>\n<li><strong>Modelli e testi incisi:\u00a0<\/strong>\u00c8 qui che si verifica la magia assoluta. Modificate \u201cnonna\u201d in \u201cnonna\u201d, \u201ctata\u201d, \u201cnonnina\u201d o qualsiasi altro termine affettuoso. Aggiungete un giorno importante: il suo compleanno, l'anniversario di matrimonio o il giorno in cui siete nati. Aggiungete una breve battuta personale o un'altra citazione che ha sempre specificato il vostro legame.<\/li>\n<\/ul>\n<p>La procedura \u00e8 comune e semplice. Potete fornire i vostri disegni di design o interagire direttamente con il nostro esperto gruppo di stilisti di fabbrica, che vi aiuter\u00e0 a realizzare la migliore targa personalizzata. Questo grado di personalizzazione trasforma il regalo da un grazioso oggetto a un cimelio profondamente personale, un premio che \u00e8 solo e unicamente suo.<\/p>\n<h4 id=\"-pleasant-gifting-experience-our-pledge-of-excellence-\"><strong>UN'ESPERIENZA DI REGALO PIACEVOLE: Il nostro impegno di eccellenza\u00a0<\/strong>.<\/h4>\n<p>Il nostro team \u00e8 convinto che l'atto di donare debba essere felice e senza intoppi sia per il cliente che per chi lo riceve. Il nostro marchio \u00e8 costruito su una base di fiducia e di dedizione alla completa soddisfazione. Ci assicuriamo che ogni targa che lascia la nostra struttura soddisfi i pi\u00f9 alti standard di qualit\u00e0.<\/p>\n<p>Per i nostri acquirenti alla ricerca di un regalo eccellente e spensierato, \u00e8 possibile acquistare in totale sicurezza. Sosteniamo i nostri prodotti con una garanzia incondizionata. Nell'improbabile caso in cui la vostra targa arrivi con qualsiasi tipo di difetto o sia danneggiata durante il viaggio, ci impegniamo a sostituirla senza indugio e senza inconvenienti. La vostra felicit\u00e0, e quella di vostra nonna, \u00e8 la nostra priorit\u00e0 assoluta.<\/p>\n<p>Questo Natale, superate la normalit\u00e0. Fate un regalo che sia pieno di vita, che parli con il cuore e che sia una testimonianza duratura dell'amore pi\u00f9 bello di tutti. Offritele la Farfalla Eterna.<\/p>","protected":false},"excerpt":{"rendered":"<p>Ampliate la vostra linea di prodotti con la nostra placca in acrilico a forma di farfalla, completamente personalizzabile. In qualit\u00e0 di produttore OEM leader, offriamo il controllo completo sul design, sul marchio e sulla confezione per creare un ricordo molto richiesto per il mercato dei regali natalizi, festivi e sentimentali. Collaborate con noi per ottenere una qualit\u00e0 affidabile e prezzi all'ingrosso competitivi.<\/p>","protected":false},"featured_media":1077,"template":"","meta":{"_kad_post_transparent":"default","_kad_post_title":"","_kad_post_layout":"default","_kad_post_sidebar_id":"","_kad_post_content_style":"default","_kad_post_vertical_padding":"default","_kad_post_feature":"","_kad_post_feature_position":"","_kad_post_header":false,"_kad_post_footer":false,"_kad_post_classname":""},"product_brand":[],"product_cat":[20],"product_tag":[97,65],"class_list":{"0":"post-1076","1":"product","2":"type-product","3":"status-publish","4":"has-post-thumbnail","6":"product_cat-custom-acrylic-crafts","7":"product_tag-acrylic-plaques","8":"product_tag-custom-acrylic-crafts","10":"first","11":"instock","12":"shipping-taxable","13":"product-type-simple","14":"entry","15":"content-bg","16":"loop-entry"},"_links":{"self":[{"href":"https:\/\/customacrylicproduct.com\/it\/wp-json\/wp\/v2\/product\/1076","targetHints":{"allow":["GET"]}}],"collection":[{"href":"https:\/\/customacrylicproduct.com\/it\/wp-json\/wp\/v2\/product"}],"about":[{"href":"https:\/\/customacrylicproduct.com\/it\/wp-json\/wp\/v2\/types\/product"}],"wp:featuredmedia":[{"embeddable":true,"href":"https:\/\/customacrylicproduct.com\/it\/wp-json\/wp\/v2\/media\/1077"}],"wp:attachment":[{"href":"https:\/\/customacrylicproduct.com\/it\/wp-json\/wp\/v2\/media?parent=1076"}],"wp:term":[{"taxonomy":"product_brand","embeddable":true,"href":"https:\/\/customacrylicproduct.com\/it\/wp-json\/wp\/v2\/product_brand?post=1076"},{"taxonomy":"product_cat","embeddable":true,"href":"https:\/\/customacrylicproduct.com\/it\/wp-json\/wp\/v2\/product_cat?post=1076"},{"taxonomy":"product_tag","embeddable":true,"href":"https:\/\/customacrylicproduct.com\/it\/wp-json\/wp\/v2\/product_tag?post=1076"}],"curies":[{"name":"wp","href":"https:\/\/api.w.org\/{rel}","templated":true}]}}