{"id":1094,"date":"2025-07-14T12:48:08","date_gmt":"2025-07-14T12:48:08","guid":{"rendered":"https:\/\/customacrylicproduct.com\/?post_type=product&#038;p=1094"},"modified":"2025-07-15T08:54:27","modified_gmt":"2025-07-15T08:54:27","slug":"customized-printed-acrylic-no-smoking-signs-signage-supplier","status":"publish","type":"product","link":"https:\/\/customacrylicproduct.com\/it\/customized-printed-acrylic-no-smoking-signs-signage-supplier\/","title":{"rendered":"Acrilico stampato su misura Nessun segno di fumo Fornitore di segnaletica"},"content":{"rendered":"<h3 id=\"-boost-your-setting-the-ultimate-overview-to-custom-printed-polymer-no-smoking-indications-\"><strong>Aumentare l'impostazione: La panoramica definitiva sul polimero stampato su misura Senza indicazioni di fumo\u00a0<\/strong>.<\/h3>\n<p>In qualsiasi tipo di ambiente professionale o pubblico, le informazioni sono importanti. L'ambiente, il marchio e la comunicazione chiara dei piani contribuiscono all'esperienza del visitatore e alla sua sicurezza. Uno degli elementi pi\u00f9 importanti della segnaletica educativa \u00e8 l'umile cartello \u201cVietato fumare\u201d. Ma \u201cmodesto\u201d non deve necessariamente far pensare a \"poco fantasioso\". Sono finiti i tempi degli indicatori generici e leggeri che si scrostano, si scoloriscono e sminuiscono la vostra immagine accuratamente curata. Invitate al nuovo criterio di conformit\u00e0 e design: <a href=\"https:\/\/customacrylicproduct.com\/it\/customized-printed-acrylic-no-smoking-signs-signage-supplier\/\">indicazioni personalizzate pubblicate in acrilico per non fumatori<\/a>.<\/p>\n<p>In qualit\u00e0 di fornitore leader di segnaletica,\u00a0<strong><a href=\"https:\/\/customacrylicproduct.com\/it\/custom-acrylic-signs\/\">Prodotto acrilico personalizzato<\/a>\u00a0<\/strong>\u00e8 al centro di questo progresso. Non siamo solo un distributore; siamo il vostro partner strategico nel trasformare una semplice esigenza in un'efficace dichiarazione di qualit\u00e0 e professionalit\u00e0. Il nostro know-how in materia di indicatori di salute e sicurezza, banner e opzioni personalizzate ci ha fatto diventare un leader di mercato, identificato per il nostro impegno incrollabile verso la massima qualit\u00e0 e la completa soddisfazione del consumatore. In questa panoramica scopriremo lo straordinario mondo delle insegne acriliche personalizzate, mostrando come i nostri prodotti possano integrarsi perfettamente nel vostro ambiente, valorizzare il vostro marchio e fornire un rimedio duraturo e resistente per qualsiasi luogo.<\/p>\n<h4 id=\"-the-product-benefit-why-acrylic-is-the-superior-option-\"><strong>Il vantaggio del prodotto: perch\u00e9 l'acrilico \u00e8 l'opzione migliore\u00a0<\/strong>.<\/h4>\n<p>La struttura di qualsiasi tipo di indicazione \u00e8 il suo prodotto. Le nostre indicazioni per non fumatori sono costruite in acrilico autoadesivo, un materiale scelto appositamente per la sua impareggiabile combinazione di robustezza, stile e longevit\u00e0.<\/p>\n<ul>\n<li><strong>Eccezionale robustezza e durata:\u00a0<\/strong>A differenza della carta o della plastica economica, l'acrilico \u00e8 un robusto policarbonato riconosciuto per la sua resistenza agli influssi, alla frantumazione e allo stress ecologico. <a href=\"https:\/\/customacrylicproduct.com\/it\/customized-printed-acrylic-no-smoking-signs-signage-supplier\/\">Un\u00a0<\/a><strong>insegna in acrilico\u00a0<\/strong>non si deforma, non si frattura e non sbiadisce, anche in luoghi ad alto traffico o in aree soggette a luce solare indiretta. In questo modo il vostro investimento continuer\u00e0 ad avere un aspetto immacolato per molti anni, mantenendo un aspetto esperto senza la necessit\u00e0 di sostituirlo regolarmente.<\/li>\n<li><strong>Estetica cristallina e moderna:\u00a0<\/strong>Il polimero offre la trasparenza del vetro senza la sua fragilit\u00e0. Questa qualit\u00e0 cristallina offre uno sfondo sofisticato e di qualit\u00e0 superiore per la stampa personalizzata, facendo apparire testi e grafici nitidi e vivaci. I bordi lucidi ed eleganti di un\u00a0<strong>cartello indicatore di divieto di fumo in acrilico\u00a0<\/strong>offrono un'atmosfera moderna e minimalista che valorizza qualsiasi tipo di arredamento, dalle postazioni di lavoro aziendali ai resort di lusso.<\/li>\n<li><strong>Leggero e sicuro:\u00a0<\/strong>Nonostante la sua natura resistente, l'acrilico \u00e8 sostanzialmente pi\u00f9 leggero del vetro, il che lo rende pi\u00f9 sicuro e meno complicato da curare e installare. Questo riduce le spese di consegna e diminuisce i rischi durante l'installazione, con un vantaggio sensibile per i gestori dei centri e i proprietari delle aziende.<\/li>\n<\/ul>\n<p><a href=\"https:\/\/customacrylicproduct.com\/it\/customized-printed-acrylic-no-smoking-signs-signage-supplier\/\"><img fetchpriority=\"high\" decoding=\"async\" class=\"aligncenter wp-image-1095 size-full\" src=\"https:\/\/customacrylicproduct.com\/wp-content\/uploads\/2025\/07\/No-Smoking-Sign-Clear-Acrylic.jpg\" alt=\"Segno di divieto di fumo in acrilico trasparente\" width=\"750\" height=\"750\" srcset=\"https:\/\/customacrylicproduct.com\/wp-content\/uploads\/2025\/07\/No-Smoking-Sign-Clear-Acrylic.jpg 750w, https:\/\/customacrylicproduct.com\/wp-content\/uploads\/2025\/07\/No-Smoking-Sign-Clear-Acrylic-300x300.jpg 300w, https:\/\/customacrylicproduct.com\/wp-content\/uploads\/2025\/07\/No-Smoking-Sign-Clear-Acrylic-150x150.jpg 150w, https:\/\/customacrylicproduct.com\/wp-content\/uploads\/2025\/07\/No-Smoking-Sign-Clear-Acrylic-600x600.jpg 600w, https:\/\/customacrylicproduct.com\/wp-content\/uploads\/2025\/07\/No-Smoking-Sign-Clear-Acrylic-100x100.jpg 100w\" sizes=\"(max-width: 750px) 100vw, 750px\" \/><\/a><\/p>\n<h4 id=\"-the-power-of-real-personalization-an-indicator-as-unique-as-your-brand-\"><strong>Il potere della personalizzazione reale: Un indicatore unico come il vostro marchio\u00a0<\/strong>.<\/h4>\n<p>In Custom Acrylic Product, la nostra azienda crede che un indicatore debba essere pi\u00f9 di una semplice direttiva; deve essere un'estensione dell'identificazione del vostro marchio. Abbiamo costruito il nostro impianto di produzione e le nostre procedure intorno alla possibilit\u00e0 di fornire un livello di personalizzazione senza pari, garantendo ogni\u00a0<strong>cartello di divieto di fumo\u00a0<\/strong>che generiamo \u00e8 personalizzato in base alle vostre esatte esigenze.<\/p>\n<p><strong>1. Personalizzazione delle dimensioni e delle forme: Superare il criterio Forma rettangolare\u00a0<\/strong>.<\/p>\n<p>La vostra area ha caratteristiche particolari e la vostra segnaletica deve rispecchiarle. Ci svincoliamo dal modello unico per tutti, offrendo una personalizzazione completa di forma e dimensioni.<\/p>\n<ul>\n<li><strong>Qualsiasi tipo di formatura immaginabile:\u00a0<\/strong>Che si tratti di un segno quadrato o rotondo senza tempo, di un ovale raffinato o di un contorno di forma speciale completamente personalizzato che rispecchi il vostro logo o un elemento architettonico, la nostra innovazione di riduzione avanzata pu\u00f2 realizzarlo.<\/li>\n<li><strong>Scalabile per qualsiasi tipo di domanda:\u00a0<\/strong>La nostra capacit\u00e0 di riadattare le dimensioni vi permette di creare un look coeso in tutta la casa. Da un piccolo e discreto\u00a0<strong>Etichetta antifumo a parete\u00a0<\/strong>per la porta di un ufficio individuale a una grande e importante\u00a0<strong>cartello di divieto di fumo\u00a0<\/strong>per un ingresso principale o per un patio esterno, ci assicuriamo che il messaggio venga trasmesso con un impatto adeguato.<\/li>\n<\/ul>\n<p><strong>2. Personalizzazione di colori, motivi e grafica: Una tela per il nome del vostro marchio\u00a0<\/strong>.<\/p>\n<p>\u00c8 qui che il vostro marchio prende veramente vita. Le nostre innovazioni avanzate in materia di stampa e finitura consentono un'ampia gamma di opportunit\u00e0 visive.<\/p>\n<ul>\n<li><strong>Stampa vivace e a colori:\u00a0<\/strong>Grazie alla sofisticata tecnologia di stampa UV, siamo in grado di realizzare qualsiasi disegno con colori brillanti e completi. Questo processo tratta l'inchiostro direttamente sulla superficie acrilica, creando un rivestimento resiliente, resistente ai graffi e allo sbiadimento. \u00c8 possibile aggiungere disegni di loghi a colori, motivi elaborati o dettagli di colori Pantone abbinati al marchio.<\/li>\n<li><strong>Colorazione della superficie e del corpo:\u00a0<\/strong>Per un aspetto molto pi\u00f9 profondo e incorporato, il materiale acrilico stesso pu\u00f2 essere tinto, garantendo la corrispondenza della tonalit\u00e0 in ogni parte, anche sui bordi tagliati.<\/li>\n<li><strong>Testo, logo e grafica utile:\u00a0<\/strong>Incorporare il nome della propria azienda, particolari istruzioni di sicurezza e persino un codice QR che colleghi al sito web aziendale o alle politiche dettagliate. In questo modo si trasforma un facile\u00a0<strong><a href=\"https:\/\/customacrylicproduct.com\/it\/custom-acrylic-signs\/\">cartello di divieto di fumo<\/a>\u00a0<\/strong>in un punto di contatto con il marchio interattivo e ricco di spunti.<\/li>\n<li><strong>Impatti unici per un costo completo:\u00a0<\/strong>Per i clienti che desiderano fare una dichiarazione unica, offriamo una serie di impatti speciali, tra cui accattivanti tonalit\u00e0 fluorescenti, innovative finiture metalliche o perlescenti e pendenze sottili e sofisticate.<\/li>\n<\/ul>\n<p><a href=\"https:\/\/customacrylicproduct.com\/it\/custom-acrylic-signs\/\"><img decoding=\"async\" class=\"aligncenter wp-image-1098 size-full\" src=\"https:\/\/customacrylicproduct.com\/wp-content\/uploads\/2025\/07\/No-Smoking-Sign-Clear-Acrylic-3.jpg\" alt=\"Segno di divieto di fumo in acrilico trasparente\" width=\"800\" height=\"800\" srcset=\"https:\/\/customacrylicproduct.com\/wp-content\/uploads\/2025\/07\/No-Smoking-Sign-Clear-Acrylic-3.jpg 800w, https:\/\/customacrylicproduct.com\/wp-content\/uploads\/2025\/07\/No-Smoking-Sign-Clear-Acrylic-3-300x300.jpg 300w, https:\/\/customacrylicproduct.com\/wp-content\/uploads\/2025\/07\/No-Smoking-Sign-Clear-Acrylic-3-150x150.jpg 150w, https:\/\/customacrylicproduct.com\/wp-content\/uploads\/2025\/07\/No-Smoking-Sign-Clear-Acrylic-3-768x768.jpg 768w, https:\/\/customacrylicproduct.com\/wp-content\/uploads\/2025\/07\/No-Smoking-Sign-Clear-Acrylic-3-600x600.jpg 600w, https:\/\/customacrylicproduct.com\/wp-content\/uploads\/2025\/07\/No-Smoking-Sign-Clear-Acrylic-3-100x100.jpg 100w\" sizes=\"(max-width: 800px) 100vw, 800px\" \/><\/a><\/p>\n<p><strong>3. Personalizzazione di testi e contenuti web: Connettersi con assoluta chiarezza\u00a0<\/strong>.<\/p>\n<p>Una comunicazione efficiente \u00e8 estremamente importante. Possiamo stampare qualsiasi tipo di testo richiesto, in qualsiasi stile di carattere che sia in linea con le linee guida del vostro marchio. Questo include indicazioni multilingue per gestire una clientela variegata, garantendo che i vostri piani siano riconosciuti da tutti i visitatori in luoghi pubblici come hotel, aeroporti e localit\u00e0 turistiche di tutto il mondo.<\/p>\n<h4 id=\"-manufacturing-excellence-the-technology-behind-the-quality-\"><strong>Eccellenza produttiva: La tecnologia dietro la qualit\u00e0\u00a0<\/strong>.<\/h4>\n<p>Il nostro impegno per la qualit\u00e0 si estende a ogni fase del processo produttivo. Utilizziamo tecnologie moderne e innovative e una scelta di materiali che si adattano perfettamente alle esigenze del vostro progetto e al vostro budget.<\/p>\n<p><strong>1. Opzione prodotto e spessore\u00a0<\/strong>.<\/p>\n<ul>\n<li><strong>Foglio di polimero fuso:\u00a0<\/strong>La scelta migliore. L'acrilico fuso offre la massima chiarezza ottica possibile, una notevole durezza superficiale e una notevole resistenza al clima, rendendolo il materiale ideale per applicazioni interne di alto livello e per qualsiasi tipo di esterno di lunga durata.\u00a0<strong>cartello a muro per il divieto di fumo\u00a0<\/strong>. \u00c8 disponibile in densit\u00e0 che vanno da 2,5 mm a ben 200 mm.<\/li>\n<li><strong>Lastra acrilica estrusa:\u00a0<\/strong>Un'opzione ancora pi\u00f9 economica ma altamente efficace. L'acrilico estruso \u00e8 pi\u00f9 leggero e ha una nitidezza eccezionale, che lo rende perfettamente adatto alla maggior parte delle esigenze di segnaletica interna, come porte di uffici, superfici di pareti interne e aree protette. Gli spessori abituali vanno da 1 mm a 12 mm.<\/li>\n<\/ul>\n<p>I nostri esperti vi aiuteranno a scegliere il materiale e lo spessore giusti in base alla vostra applicazione, garantendo efficienza e valore ideali.<\/p>\n<p><strong>2. Lavorazione e finitura di precisione\u00a0<\/strong>.<\/p>\n<ul>\n<li><strong>Tecnologia di riduzione avanzata:\u00a0<\/strong>Per realizzare le forme complicate e le linee pulite di cui i nostri clienti hanno bisogno, utilizziamo il taglio laser CNC e il taglio a getto d'acqua ad alta pressione. Queste tecniche consentono una precisione ineguagliabile, rendendo possibile la creazione di layout intricati e lati perfettamente levigati, impossibili da ottenere con le tecniche tipiche.<\/li>\n<li><strong>Trattamenti specializzati:\u00a0<\/strong>Forniamo una serie di ritocchi finali per incrementare ulteriormente i vostri indicatori. Questo consiste in\u00a0<strong>inscrivere\u00a0<\/strong>per un impatto tradizionale e dimensionale;\u00a0<strong>piegatura a caldo\u00a0<\/strong>per sviluppare indicazioni tridimensionali o piegate che si adattano agli spigoli; e precisa\u00a0<strong>schiaritura dei bordi\u00a0<\/strong>per una superficie impeccabile, simile al vetro.<\/li>\n<li><strong>Produzione di indicazioni luminescenti:\u00a0<\/strong>Per ottenere il meglio in termini di presenza e design moderno, possiamo sviluppare indicazioni luminescenti sul divieto di fumo. Incorporando una sorgente luminosa a LED ad alta efficienza energetica dietro un pannello acrilico personalizzato, creiamo un'indicazione luminosa elegante, accattivante ed ecologica, perfetta per ambienti poco illuminati come bar, ristoranti e corridoi di hotel.<\/li>\n<\/ul>\n<p><a href=\"https:\/\/customacrylicproduct.com\/it\/customized-printed-acrylic-no-smoking-signs-signage-supplier\/\"><img decoding=\"async\" class=\"aligncenter wp-image-1099 size-full\" src=\"https:\/\/customacrylicproduct.com\/wp-content\/uploads\/2025\/07\/No-Smoking-Sign-Clear-Acrylic-4.jpg\" alt=\"Segno di divieto di fumo in acrilico trasparente\" width=\"800\" height=\"800\" srcset=\"https:\/\/customacrylicproduct.com\/wp-content\/uploads\/2025\/07\/No-Smoking-Sign-Clear-Acrylic-4.jpg 800w, https:\/\/customacrylicproduct.com\/wp-content\/uploads\/2025\/07\/No-Smoking-Sign-Clear-Acrylic-4-300x300.jpg 300w, https:\/\/customacrylicproduct.com\/wp-content\/uploads\/2025\/07\/No-Smoking-Sign-Clear-Acrylic-4-150x150.jpg 150w, https:\/\/customacrylicproduct.com\/wp-content\/uploads\/2025\/07\/No-Smoking-Sign-Clear-Acrylic-4-768x768.jpg 768w, https:\/\/customacrylicproduct.com\/wp-content\/uploads\/2025\/07\/No-Smoking-Sign-Clear-Acrylic-4-600x600.jpg 600w, https:\/\/customacrylicproduct.com\/wp-content\/uploads\/2025\/07\/No-Smoking-Sign-Clear-Acrylic-4-100x100.jpg 100w\" sizes=\"(max-width: 800px) 100vw, 800px\" \/><\/a><\/p>\n<h4 id=\"-easy-installment-and-versatile-application-\"><strong>Facile installazione e applicazione versatile\u00a0<\/strong>.<\/h4>\n<p>Un indicatore ben fatto \u00e8 affidabile solo se pu\u00f2 essere installato in modo comodo e stabile. Abbiamo progettato i nostri segnali per garantire il massimo comfort senza sacrificare la stabilit\u00e0.<\/p>\n<ul>\n<li><strong>Installazione autoadesiva non complicata:\u00a0<\/strong>Ogni\u00a0<strong>indicatore di parete interna\u00a0<\/strong>\u00e8 dotato di un supporto autoadesivo di livello industriale ad alta resistenza. Questa caratteristica elimina completamente la necessit\u00e0 di trapani, viti o installatori esperti. \u00c8 sufficiente rimuovere lo strato protettivo e utilizzare l'indicazione su qualsiasi superficie liscia, pulita e completamente asciutta, come pareti, porte, pareti di vetro o finestre. L'installazione \u00e8 ordinata, senza danni e richiede solo pochi secondi.<\/li>\n<li><strong>Utilizzo versatile in tutti i luoghi:\u00a0<\/strong>La combinazione di un layout portatile e di tendenza e di una struttura resistente rende le nostre insegne personalizzate in acrilico ideali per un'innumerevole gamma di luoghi pubblici e personali. Sono la scelta perfetta per:.<\/li>\n<li><strong>Vendita al dettaglio:\u00a0<\/strong>Centri commerciali, drogherie e negozi.<\/li>\n<li><strong>Ospitalit\u00e0:\u00a0<\/strong>Hotel, resort, ristoranti, caff\u00e8 e bar.<\/li>\n<li><strong>Affari:\u00a0<\/strong>Luoghi di lavoro, strutture per riunioni e parchi organizzativi.<\/li>\n<li><strong>Pubblico e istituzionale:\u00a0<\/strong>Strutture mediche, centri, college, collezioni e strutture governative.<\/li>\n<\/ul>\n<p>Sia che abbiate bisogno di una soluzione solitaria ed elegante\u00a0<strong>segno di superficie a parete\u00a0<\/strong>per una sala riunioni o centinaia di cartelli coesivi per un nuovo complesso turistico, la nostra opzione \u00e8 creata per essere scalata e adattata.<\/p>\n<h4 id=\"-the-personalized-acrylic-item-benefit-your-trusted-signs-companion-\"><strong>Il vantaggio dell'articolo acrilico personalizzato: il vostro fidato compagno di segni\u00a0<\/strong>.<\/h4>\n<p>La scelta di un fornitore non riguarda solo l'articolo, ma anche la fiducia, l'affidabilit\u00e0 e la competenza. In Prodotti Acrilici su Misura, abbiamo costruito la nostra credibilit\u00e0 sull'essere un partner su cui i nostri clienti possono fare affidamento. Quando collaborate con noi, scegliete un'azienda leader del settore che garantisce:.<\/p>\n<ul>\n<li><strong>Dedizione incrollabile all'alta qualit\u00e0:\u00a0<\/strong>Dalle materie prime alle ultime finiture, ogni fase \u00e8 controllata da rigorosi standard di garanzia della qualit\u00e0.<\/li>\n<li><strong>Profonda conoscenza del settore:\u00a0<\/strong>Il nostro team comprende le sfumature di una segnaletica efficace, dalle esigenze di conformit\u00e0 alla creazione di concetti, ed \u00e8 qui per guidarvi attraverso la procedura.<\/li>\n<li><strong>Piena soddisfazione del cliente:\u00a0<\/strong>La vostra visione \u00e8 il nostro obiettivo. Lavoriamo in collaborazione con voi per garantire che il prodotto finale non solo soddisfi ma superi le vostre aspettative.<\/li>\n<\/ul>\n<p>Elevate la vostra area, migliorate il vostro marchio e assicurate una comunicazione chiara con i cartelli acrilici per sigarette non fumatori pubblicati su misura da un fornitore di fiducia.<\/p>\n<p><strong>Siete pronti a creare la migliore segnaletica per la vostra stanza? Contattate oggi stesso i nostri professionisti dello stile per una consulenza e un preventivo gratuiti. Sviluppiamo insieme qualcosa di fantastico.\u00a0<\/strong>.<\/p>","protected":false},"excerpt":{"rendered":"<p>Create cartelli personalizzati e professionali in acrilico per la vostra azienda. I nostri cartelli, durevoli e resistenti agli agenti atmosferici, sono stampati con il vostro logo per un perfetto abbinamento al marchio. In qualit\u00e0 di fornitore leader, garantiamo qualit\u00e0 e spedizione rapida. Ordinate il vostro oggi stesso!<\/p>","protected":false},"featured_media":1095,"template":"","meta":{"_kad_post_transparent":"default","_kad_post_title":"","_kad_post_layout":"default","_kad_post_sidebar_id":"","_kad_post_content_style":"default","_kad_post_vertical_padding":"default","_kad_post_feature":"","_kad_post_feature_position":"","_kad_post_header":false,"_kad_post_footer":false,"_kad_post_classname":""},"product_brand":[],"product_cat":[18],"product_tag":[98,51],"class_list":{"0":"post-1094","1":"product","2":"type-product","3":"status-publish","4":"has-post-thumbnail","6":"product_cat-custom-acrylic-signs","7":"product_tag-acrylic-signs","8":"product_tag-custom-acrylic-signs","10":"first","11":"instock","12":"shipping-taxable","13":"product-type-simple","14":"entry","15":"content-bg","16":"loop-entry"},"_links":{"self":[{"href":"https:\/\/customacrylicproduct.com\/it\/wp-json\/wp\/v2\/product\/1094","targetHints":{"allow":["GET"]}}],"collection":[{"href":"https:\/\/customacrylicproduct.com\/it\/wp-json\/wp\/v2\/product"}],"about":[{"href":"https:\/\/customacrylicproduct.com\/it\/wp-json\/wp\/v2\/types\/product"}],"wp:featuredmedia":[{"embeddable":true,"href":"https:\/\/customacrylicproduct.com\/it\/wp-json\/wp\/v2\/media\/1095"}],"wp:attachment":[{"href":"https:\/\/customacrylicproduct.com\/it\/wp-json\/wp\/v2\/media?parent=1094"}],"wp:term":[{"taxonomy":"product_brand","embeddable":true,"href":"https:\/\/customacrylicproduct.com\/it\/wp-json\/wp\/v2\/product_brand?post=1094"},{"taxonomy":"product_cat","embeddable":true,"href":"https:\/\/customacrylicproduct.com\/it\/wp-json\/wp\/v2\/product_cat?post=1094"},{"taxonomy":"product_tag","embeddable":true,"href":"https:\/\/customacrylicproduct.com\/it\/wp-json\/wp\/v2\/product_tag?post=1094"}],"curies":[{"name":"wp","href":"https:\/\/api.w.org\/{rel}","templated":true}]}}