{"id":1111,"date":"2025-07-15T08:47:11","date_gmt":"2025-07-15T08:47:11","guid":{"rendered":"https:\/\/customacrylicproduct.com\/?post_type=product&#038;p=1111"},"modified":"2025-07-15T09:01:48","modified_gmt":"2025-07-15T09:01:48","slug":"custom-acrylic-storage-trolleys-clear-acrylic-rolling-cart","status":"publish","type":"product","link":"https:\/\/customacrylicproduct.com\/it\/custom-acrylic-storage-trolleys-clear-acrylic-rolling-cart\/","title":{"rendered":"Carrelli di stoccaggio acrilici personalizzati Chiaro carrello rotolante acrilico"},"content":{"rendered":"<h3 id=\"-redefine-your-area-the-ultimate-overview-to-custom-made-polymer-storage-trolleys-clear-rolling-carts-\"><strong>Ridefinire la propria area: La panoramica definitiva sui carrelli di stoccaggio in polimero su misura e sui carrelli rotanti trasparenti\u00a0<\/strong>.<\/h3>\n<p>Nel mondo moderno, i nostri ambienti di vita e di lavoro sono pi\u00f9 che semplici luoghi utili: riflettono la nostra personalit\u00e0, i nostri standard e il nostro bisogno di ordine e bellezza. La migliore difficolt\u00e0 dipende in genere dall'armonizzazione delle esigenze fondamentali con l'aspetto ordinato e pulito che desideriamo. I servizi di archiviazione di tipo tradizionale spesso costringono a un compromesso: o si ottiene la caratteristica richiesta o lo stile desiderato, ma raramente entrambe le cose.<\/p>\n<p>La nostra azienda ritiene che non dobbiate mai mettere a repentaglio la vostra sicurezza.<\/p>\n<p>Presenta la massima sintesi di forma e funzione: il modello\u00a0<strong><a href=\"https:\/\/customacrylicproduct.com\/it\/custom-acrylic-storage-trolleys-clear-acrylic-rolling-cart\/\">Carrello di stoccaggio acrilico personalizzato<\/a>\u00a0<\/strong>. Non si tratta semplicemente di un altro mobile, ma di un servizio versatile, elegante ed estremamente personalizzato, sviluppato per sconfiggere il disordine ed elevare qualsiasi tipo di atmosfera. Dal soggiorno alla toilette, dall'ufficio al salone di bellezza, i nostri carrelli avvolgibili in acrilico trasparente offrono una miscela omogenea di grande capacit\u00e0 aziendale e design minimale e contemporaneo. Questa panoramica approfondita vi guider\u00e0 attraverso l'eccezionale qualit\u00e0, l'impareggiabile versatilit\u00e0 e le profonde alternative di personalizzazione che rendono i nostri carrelli un miglioramento necessario per chiunque sia alla ricerca di opzioni di spazio di archiviazione efficienti ed eleganti.<\/p>\n<h4 id=\"-chapter-1-a-chameleon-of-design-adaptability-in-every-space-\"><strong>Capitolo 1: Il camaleonte del design: adattabilit\u00e0 in ogni spazio\u00a0<\/strong>.<\/h4>\n<p>La vera genialit\u00e0 di un carrello avvolgibile in acrilico trasparente dipende dalla sua capacit\u00e0 di essere sia un pezzo forte che un aiuto invisibile. La sua natura trasparente gli permette di inserirsi in qualsiasi progetto stilistico, gestendo la personalit\u00e0 dell'ambiente circostante e donando al contempo un'energia inestimabile.<\/p>\n<ul>\n<li><strong>Il capolavoro dello spazio abitativo:\u00a0<\/strong>Trasformatelo in un elegante e moderno carrello da bar, pronto ad accogliere gli ospiti in qualsiasi momento. I robusti ripiani possono contenere facilmente contenitori, oggetti in vetro e dispositivi. Quando non viene utilizzato, diventa un innovativo tavolino per mostrare i vostri libri preferiti, una candela o una piccola pianta senza appesantire lo spazio.<\/li>\n<li><strong>L'amico sereno della stanza:\u00a0<\/strong>Create un rifugio tranquillo e organizzato. Utilizzatelo come comodino per la lampada, il telefono e le letture notturne, o come carrello vanity per sistemare perfettamente trucchi, prodotti per la cura della pelle e profumi. Lo stile chiaro rende facile trovare ci\u00f2 che serve, migliorando la routine mattutina e serale.<\/li>\n<li><strong>Stazione mobile di preparazione dell'area cucina:\u00a0<\/strong>In un'area di cottura attiva, lo spazio aggiuntivo sul bancone \u00e8 un requisito fondamentale. Il nostro carrello funge da isola mobile, perfetta per contenere aromi, oli o frutta e verdura fresca. La sua grande capacit\u00e0 e il suo robusto sviluppo gli consentono di funzionare come una stazione per il caff\u00e8, per contenere il dispositivo, le tazze e le conchiglie, liberando spazio utile sul bancone.<\/li>\n<li><strong>Il santuario dei bagni:\u00a0<\/strong>Sistemate gli asciugamani, gli articoli da toeletta e i prodotti di base della struttura sanitaria su questo carrello impermeabile e facile da pulire. Il suo design elegante trasforma lo stoccaggio del bagno da una necessit\u00e0 a un attributo, creando un ambiente ordinato e simile a un hotel che pubblicizza il tempo libero.<\/li>\n<\/ul>\n<p>Questo\u00a0<strong>Carrello portaoggetti elegante\u00a0<\/strong>migliora qualsiasi tipo di spazio o ambiente di lavoro con il suo aspetto tradizionale e classico. \u00c8 il massimo del coordinamento, creato per essere qualsiasi cosa vi serva, ovunque ne abbiate bisogno.<\/p>\n<p><a href=\"https:\/\/customacrylicproduct.com\/it\/custom-acrylic-storage-trolleys-clear-acrylic-rolling-cart\/\"><img fetchpriority=\"high\" decoding=\"async\" class=\"aligncenter wp-image-1113 size-full\" src=\"https:\/\/customacrylicproduct.com\/wp-content\/uploads\/2025\/07\/Custom-Acrylic-Storage-Trolleys-2.jpg\" alt=\"Carrelli portaoggetti in acrilico\" width=\"800\" height=\"800\" srcset=\"https:\/\/customacrylicproduct.com\/wp-content\/uploads\/2025\/07\/Custom-Acrylic-Storage-Trolleys-2.jpg 800w, https:\/\/customacrylicproduct.com\/wp-content\/uploads\/2025\/07\/Custom-Acrylic-Storage-Trolleys-2-300x300.jpg 300w, https:\/\/customacrylicproduct.com\/wp-content\/uploads\/2025\/07\/Custom-Acrylic-Storage-Trolleys-2-150x150.jpg 150w, https:\/\/customacrylicproduct.com\/wp-content\/uploads\/2025\/07\/Custom-Acrylic-Storage-Trolleys-2-768x768.jpg 768w, https:\/\/customacrylicproduct.com\/wp-content\/uploads\/2025\/07\/Custom-Acrylic-Storage-Trolleys-2-600x600.jpg 600w, https:\/\/customacrylicproduct.com\/wp-content\/uploads\/2025\/07\/Custom-Acrylic-Storage-Trolleys-2-100x100.jpg 100w\" sizes=\"(max-width: 800px) 100vw, 800px\" \/><\/a><\/p>\n<h4 id=\"-phase-2-the-foundation-of-quality-sturdy-layout-and-large-capacity-space-\"><strong>Fase 2: le fondamenta della qualit\u00e0: un layout robusto e uno spazio di grande capacit\u00e0\u00a0<\/strong>.<\/h4>\n<p>Un layout attraente non vale nulla se non \u00e8 in grado di resistere alle esigenze della vita quotidiana. Abbiamo progettato i nostri carrelli in acrilico con un'attenzione costante alla stabilit\u00e0, alla resilienza e all'elevata capacit\u00e0 di carico, per garantire che siano tanto sensati quanto attraenti.<\/p>\n<p>Il cuore della sua resistenza si basa sulla sua costruzione. Questo utile carrello funziona\u00a0<strong>robusti tubi di supporto in materiale allargato\u00a0<\/strong>. A differenza delle scelte pi\u00f9 leggere, la nostra struttura garantisce che ogni aliquota continui a essere stabile e sicura, eliminando qualsiasi oscillazione o caduta. Questa elevata capacit\u00e0 portante suggerisce che potete imballare con fiducia ogni scaffale: i nostri scaffali standard in acrilico fuso di 3-5 mm di spessore sono classificati per contenere fino a 15 kg (oltre 30 libbre) per strato.<\/p>\n<p>Questa struttura robusta consente di conservare una vasta gamma di oggetti senza preoccupazioni.<\/p>\n<ul>\n<li>Libri d'arte pesanti o dischi di plastica in salotto.<\/li>\n<li>Flaconi di shampoo e balsamo per capelli a grandezza naturale nel bagno con doccia.<\/li>\n<li>Piccoli apparecchi da cucina come un frullatore o una macchina per il caff\u00e8.<\/li>\n<li>Strumenti e prodotti per esperti in un ufficio, un'officina o un salone di bellezza.<\/li>\n<\/ul>\n<p>Si tratta di un carrello funzionale costruito non solo per esporre gingilli leggeri, ma anche per un'organizzazione autentica e robusta in casa, sul posto di lavoro o in garage.<\/p>\n<h4 id=\"-chapter-3-the-heart-of-our-service-unparalleled-personalization-\"><strong>Capitolo 3: Il cuore del nostro servizio: una personalizzazione senza precedenti\u00a0<\/strong>.<\/h4>\n<p>\u00c8 qui che si irradia il nostro servizio. Sappiamo che ogni area \u00e8 unica e che ogni cliente ha esigenze diverse. Per questo motivo abbiamo superato il modello unico per fornire un'esperienza profondamente regolabile, che vi permette di sviluppare un carrello completamente personalizzato per voi.<\/p>\n<p><strong>1. Forma: Scolpito per il vostro stile e la vostra stanza\u00a0<\/strong>.<\/p>\n<p>La silhouette del carrello pu\u00f2 influenzare in modo sostanziale le sue caratteristiche e la sua estetica. Offriamo una serie di opzioni di forma per soddisfare la vostra visione:.<\/p>\n<ul>\n<li><strong>Versioni di base:\u00a0<\/strong>Scegliete tra un classico\u00a0<strong>quadrato\/rettangolare\u00a0<\/strong>che si adatta perfettamente agli spigoli e alle superfici delle pareti, oppure una forma che garantisce un'ottima sicurezza, oppure una forma che si adatta perfettamente agli spigoli e alle superfici delle pareti.\u00a0<strong>rotondo\/ellittico\u00a0<\/strong>i cui bordi morbidi sono ottimali per le aree ad alto traffico o per le case con bambini, fornendo un servizio sofisticato e anticollisione.<\/li>\n<li><strong>Versioni uniche:\u00a0<\/strong>Per un pezzo unico da dichiarare, possiamo creare dei carrelli con\u00a0<strong>forme trapezoidali, bordi irregolari,\u00a0<\/strong>o altre forme personalizzate. \u00c8 sufficiente fornirci un'illustrazione CAD e la nostra innovazione nel taglio di precisione dar\u00e0 vita al vostro progetto.<\/li>\n<li><strong>Modelli funzionali:\u00a0<\/strong>Aumentate l'utilit\u00e0 del vostro carrello aggiungendo funzioni incorporate come\u00a0<strong>cesti appesi\u00a0<\/strong>per piccoli oggetti, discreto\u00a0<strong>armadietti\u00a0<\/strong>per la conservazione a scomparsa, o forse per l'innovativo\u00a0<strong>rastrelliere pieghevoli\u00a0<\/strong>per sviluppare un'area aggiuntiva quando necessario.<\/li>\n<\/ul>\n<p><a href=\"https:\/\/customacrylicproduct.com\/it\/custom-acrylic-storage-trolleys-clear-acrylic-rolling-cart\/\"><img decoding=\"async\" class=\"aligncenter wp-image-1114 size-full\" src=\"https:\/\/customacrylicproduct.com\/wp-content\/uploads\/2025\/07\/Custom-Acrylic-Storage-Trolleys-3.jpg\" alt=\"Carrelli portaoggetti in acrilico\" width=\"800\" height=\"800\" srcset=\"https:\/\/customacrylicproduct.com\/wp-content\/uploads\/2025\/07\/Custom-Acrylic-Storage-Trolleys-3.jpg 800w, https:\/\/customacrylicproduct.com\/wp-content\/uploads\/2025\/07\/Custom-Acrylic-Storage-Trolleys-3-300x300.jpg 300w, https:\/\/customacrylicproduct.com\/wp-content\/uploads\/2025\/07\/Custom-Acrylic-Storage-Trolleys-3-150x150.jpg 150w, https:\/\/customacrylicproduct.com\/wp-content\/uploads\/2025\/07\/Custom-Acrylic-Storage-Trolleys-3-768x768.jpg 768w, https:\/\/customacrylicproduct.com\/wp-content\/uploads\/2025\/07\/Custom-Acrylic-Storage-Trolleys-3-600x600.jpg 600w, https:\/\/customacrylicproduct.com\/wp-content\/uploads\/2025\/07\/Custom-Acrylic-Storage-Trolleys-3-100x100.jpg 100w\" sizes=\"(max-width: 800px) 100vw, 800px\" \/><\/a><\/p>\n<p><strong>2. Dimensione: Su misura per l'eccellenza\u00a0<\/strong>.<\/p>\n<p>Ottenete la misura esatta per la vostra area e i vostri oggetti. Offriamo il pieno controllo su ogni misura:.<\/p>\n<ul>\n<li><strong>Dimensioni complessive:\u00a0<\/strong>Possiamo generare tutto da un carrello sottile e stretto (<strong>\u00a028-40 cm di larghezza\u00a0<\/strong>) progettato per intervenire su un'area limitata, a un sistema pi\u00f9 ampio e significativo (<strong>\u00a0fino a 76 cm di larghezza\u00a0<\/strong>). Le altezze dei requisiti variano da\u00a0<strong>60-85 cm\u00a0<\/strong>con\u00a0<strong>2-5 strati\u00a0<\/strong>, ma questo \u00e8 completamente flessibile.<\/li>\n<li><strong>Elevazione dello strato regolabile:\u00a0<\/strong>Questo cambia le carte in tavola. Niente pi\u00f9 aree verticali perse o oggetti troppo alti per essere inseriti. Vi permettiamo di specificare l'altezza tra ogni strato. Per una stanza pi\u00f9 alta \u00e8 necessario\u00a0<strong>un minimo di 18 cm per i cosmetici e la lacca per capelli\u00a0<\/strong>? O un generoso\u00a0<strong>Spazio di oltre 25 cm per pubblicazioni o raccoglitori di grandi dimensioni\u00a0<\/strong>? Possiamo svilupparlo in base alle vostre precise esigenze.<\/li>\n<li><strong>Modifica del dispositivo:\u00a0<\/strong>Anche i dettagli sono a vostra disposizione. Scegliete una dimensione di ruota (<strong>\u00a05-8 cm\u00a0<\/strong>) che si adatta al vostro pavimento, e definire le versioni\u00a0<strong>con freni\u00a0<\/strong>per un posizionamento sicuro. Aggiungete ganci flessibili con profondit\u00e0 personalizzata per appendere asciugamani, borse o attrezzi.<\/li>\n<\/ul>\n<p><strong>3. Materiale e completo: La firma della qualit\u00e0\u00a0<\/strong>.<\/p>\n<p>Il tocco finale \u00e8 la scelta del prodotto e del rivestimento pi\u00f9 adatto alle vostre esigenze e al vostro stile.<\/p>\n<ul>\n<li><strong>Prodotto Criterion:\u00a0<\/strong>Utilizziamo prodotti premium\u00a0<strong>acrilico fuso\u00a0<\/strong>come standard. I ripiani sono tipicamente\u00a0<strong>Spessore 3-5 mm\u00a0<\/strong>per una portanza ideale, mentre il telaio \u00e8 realizzato in acrilico pi\u00f9 spesso (<strong>\u00a0\u2265 8 mm\u00a0<\/strong>) per una rigidit\u00e0 ottimale.<\/li>\n<li><strong>Trattamenti speciali:\u00a0<\/strong>.<\/li>\n<li><strong>Prodotto resistente ai raggi UV:\u00a0<\/strong>Siete pronti a utilizzare il carrello in un patio esterno protetto, in un salone al sole o vicino a una finestra intensa? Optate per il nostro trattamento resistente ai raggi UV per evitare l'ingiallimento e garantire una trasparenza duratura per l'uso esterno.<\/li>\n<li><strong>Trattamento antigraffio:\u00a0<\/strong>Per gli ambienti ad alto traffico, come i saloni di bellezza o le case attive, il nostro difficile rivestimento antigraffio (che raggiunge una durezza superficiale di 3-4H) protegge la finitura incontaminata dai danni quotidiani.<\/li>\n<li><strong>Colore e processo:\u00a0<\/strong>.<\/li>\n<li><strong>Colorazione del corpo:\u00a0<\/strong>Per un aspetto vibrante e solido, possiamo utilizzare un acrilico colorato su tutto il corpo, garantendo che non ci siano differenze di tonalit\u00e0 sui bordi tagliati per un aspetto liscio e di qualit\u00e0.<\/li>\n<li><strong>Superficie Finiture:\u00a0<\/strong>Scegliete tra un'innovativa\u00a0<strong>smerigliato\u00a0<\/strong>per un impatto chiaro e morbido; un'affascinante finitura\u00a0<strong>specchio\u00a0<\/strong>per un tocco di art-deco deluxe, o per una personalizzazione completa.\u00a0<strong>stampato\u00a0<\/strong>stile con il design del logo del vostro marchio, un motivo unico o una grafica specifica.<\/li>\n<\/ul>\n<p><a href=\"https:\/\/customacrylicproduct.com\/it\/custom-acrylic-storage-trolleys-clear-acrylic-rolling-cart\/\"><img decoding=\"async\" class=\"aligncenter wp-image-1112 size-full\" src=\"https:\/\/customacrylicproduct.com\/wp-content\/uploads\/2025\/07\/Custom-Acrylic-Storage-Trolleys-1.jpg\" alt=\"Carrelli portaoggetti in acrilico\" width=\"800\" height=\"800\" srcset=\"https:\/\/customacrylicproduct.com\/wp-content\/uploads\/2025\/07\/Custom-Acrylic-Storage-Trolleys-1.jpg 800w, https:\/\/customacrylicproduct.com\/wp-content\/uploads\/2025\/07\/Custom-Acrylic-Storage-Trolleys-1-300x300.jpg 300w, https:\/\/customacrylicproduct.com\/wp-content\/uploads\/2025\/07\/Custom-Acrylic-Storage-Trolleys-1-150x150.jpg 150w, https:\/\/customacrylicproduct.com\/wp-content\/uploads\/2025\/07\/Custom-Acrylic-Storage-Trolleys-1-768x768.jpg 768w, https:\/\/customacrylicproduct.com\/wp-content\/uploads\/2025\/07\/Custom-Acrylic-Storage-Trolleys-1-600x600.jpg 600w, https:\/\/customacrylicproduct.com\/wp-content\/uploads\/2025\/07\/Custom-Acrylic-Storage-Trolleys-1-100x100.jpg 100w\" sizes=\"(max-width: 800px) 100vw, 800px\" \/><\/a><\/p>\n<h4 id=\"-chapter-4-simplicity-from-start-to-finish-uncomplicated-assembly-\"><strong>Capitolo 4: Semplicit\u00e0 dall'inizio alla fine - Montaggio senza complicazioni\u00a0<\/strong>.<\/h4>\n<p>La nostra azienda ritiene che un articolo di qualit\u00e0 superiore debba fornire un'esperienza di costo dal momento in cui arriva a casa vostra. La seccatura di complicate istruzioni di montaggio e la mancanza di dispositivi non hanno posto nel nostro mondo.<\/p>\n<p>Questo\u00a0<strong>Carrello dell'energia\u00a0<\/strong>\u00e8 caratterizzato da un processo di installazione semplice e intuitivo. Viene fornito con\u00a0<strong>istruzioni chiare e facili da seguire\u00a0<\/strong>che vi guidano attraverso alcune semplici azioni. La cosa pi\u00f9 importante \u00e8 che,\u00a0<strong>non sono necessari strumenti aggiuntivi\u00a0<\/strong>. Ogni cosa necessaria \u00e8 inclusa, il che lo rende l'opzione perfetta per chiunque apprezzi i vantaggi. Questa esperienza fluida garantisce che si possa passare dall'unboxing all'organizzazione della casa, dell'ufficio o dell'officina in pochi minuti, non in ore.<\/p>\n<p>La vostra stanza \u00e8 unica. Anche il vostro armadio deve esserlo. Smettete di scendere a compromessi e iniziate a personalizzare. Migliorate l'organizzazione della vostra casa con un sistema di stoccaggio flessibile, resistente ed elegante come voi.<\/p>\n<p><strong>Pronti a sviluppare il vostro perfetto <a href=\"https:\/\/customacrylicproduct.com\/it\/custom-acrylic-storage-trolleys-clear-acrylic-rolling-cart\/\">carrello avvolgibile in acrilico<\/a>? Chiamate i nostri esperti per esaminare la vostra visione e ricevere un preventivo personalizzato. Creiamo qualcosa di splendido e utile, insieme.\u00a0<\/strong>.<\/p>","protected":false},"excerpt":{"rendered":"<p>Elevate il vostro spazio con i nostri carrelli portaoggetti personalizzati in acrilico. Questo carrello trasparente offre un'organizzazione elegante e mobile per la casa, l'ufficio o il salone. Perfetto come moderno carrello da bar o come organizer minimalista. Realizzato in base alle vostre esatte dimensioni. Ordinate il vostro!<\/p>","protected":false},"featured_media":1115,"template":"","meta":{"_kad_post_transparent":"default","_kad_post_title":"","_kad_post_layout":"default","_kad_post_sidebar_id":"","_kad_post_content_style":"default","_kad_post_vertical_padding":"default","_kad_post_feature":"","_kad_post_feature_position":"","_kad_post_header":false,"_kad_post_footer":false,"_kad_post_classname":""},"product_brand":[],"product_cat":[21],"product_tag":[99,69],"class_list":{"0":"post-1111","1":"product","2":"type-product","3":"status-publish","4":"has-post-thumbnail","6":"product_cat-custom-acrylic-furnitures","7":"product_tag-acrylic-storage-trolleys","8":"product_tag-custom-acrylic-furnitures","10":"first","11":"instock","12":"shipping-taxable","13":"product-type-simple","14":"entry","15":"content-bg","16":"loop-entry"},"_links":{"self":[{"href":"https:\/\/customacrylicproduct.com\/it\/wp-json\/wp\/v2\/product\/1111","targetHints":{"allow":["GET"]}}],"collection":[{"href":"https:\/\/customacrylicproduct.com\/it\/wp-json\/wp\/v2\/product"}],"about":[{"href":"https:\/\/customacrylicproduct.com\/it\/wp-json\/wp\/v2\/types\/product"}],"wp:featuredmedia":[{"embeddable":true,"href":"https:\/\/customacrylicproduct.com\/it\/wp-json\/wp\/v2\/media\/1115"}],"wp:attachment":[{"href":"https:\/\/customacrylicproduct.com\/it\/wp-json\/wp\/v2\/media?parent=1111"}],"wp:term":[{"taxonomy":"product_brand","embeddable":true,"href":"https:\/\/customacrylicproduct.com\/it\/wp-json\/wp\/v2\/product_brand?post=1111"},{"taxonomy":"product_cat","embeddable":true,"href":"https:\/\/customacrylicproduct.com\/it\/wp-json\/wp\/v2\/product_cat?post=1111"},{"taxonomy":"product_tag","embeddable":true,"href":"https:\/\/customacrylicproduct.com\/it\/wp-json\/wp\/v2\/product_tag?post=1111"}],"curies":[{"name":"wp","href":"https:\/\/api.w.org\/{rel}","templated":true}]}}