{"id":1116,"date":"2025-07-15T09:30:05","date_gmt":"2025-07-15T09:30:05","guid":{"rendered":"https:\/\/customacrylicproduct.com\/?post_type=product&#038;p=1116"},"modified":"2025-07-15T09:45:40","modified_gmt":"2025-07-15T09:45:40","slug":"coloured-cast-acrylic-panel-tinted-acrylic-sheets-wholesaler","status":"publish","type":"product","link":"https:\/\/customacrylicproduct.com\/it\/coloured-cast-acrylic-panel-tinted-acrylic-sheets-wholesaler\/","title":{"rendered":"Pannello acrilico colorato del getto Strati acrilici colorati grossista"},"content":{"rendered":"<h3 id=\"-the-art-of-shade-the-scientific-research-of-product-a-wholesaler-s-guide-to-costs-coloured-cast-acrylic-\"><strong>L'arte dell'ombra, La ricerca scientifica del prodotto: Guida del grossista ai costi dell'acrilico fuso colorato\u00a0<\/strong>.<\/h3>\n<p>Nel mondo del design, della produzione e dell'arte, i prodotti sono il vocabolario che utilizziamo per raccontare. L'opzione appropriata pu\u00f2 trasformare un semplice lavoro in un'opera d'arte, uno spazio commerciale in un'esperienza di marca coinvolgente e un oggetto utile in un'opera d'arte. Per decenni, un materiale si \u00e8 sempre dimostrato uno dei pi\u00f9 versatili, vibranti e all'avanguardia per gli sviluppatori di ogni genere: l'acrilico.<\/p>\n<p>In qualit\u00e0 di rivenditore leader, siamo consapevoli che i nostri clienti - designer, progettisti, produttori e produttori di massa - hanno bisogno di qualcosa di pi\u00f9 di un semplice articolo. Hanno bisogno di un compagno affidabile, di una combinazione sostanziale di opportunit\u00e0 e di un prodotto che funzioni perfettamente sotto pressione. Siamo orgogliosi di fornire la nostra linea leader di\u00a0<strong><a href=\"https:\/\/customacrylicproduct.com\/it\/coloured-cast-acrylic-panel-tinted-acrylic-sheets-wholesaler\/\">Lastre di polimero fuso colorate e colorate<\/a>\u00a0<\/strong>, Una collezione creata non solo per soddisfare le vostre esigenze, ma per influenzare il vostro prossimo eccellente sviluppo.<\/p>\n<p>Questa guida illustra le notevoli qualit\u00e0 dei nostri pannelli acrilici colati, dalla gamma di tonalit\u00e0 mozzafiato e dalle caratteristiche fisiche superiori, alla comodit\u00e0 di produzione e alle applicazioni illimitate. Scoprite perch\u00e9 siamo la risorsa affidabile per i professionisti che richiedono la massima efficacia.<\/p>\n<h4 id=\"-chapter-1-a-spectrum-of-infinite-opportunity-our-unrivaled-color-scheme-\"><strong>Capitolo 1: Uno spettro di infinite opportunit\u00e0 - La nostra impareggiabile gamma di colori\u00a0<\/strong>.<\/h4>\n<p>Il colore \u00e8 emozione, identificazione e luce resa visibile. La nostra collezione si basa su questo approccio. Quando vi rivolgete a noi, avrete a disposizione un'incredibile gamma di opzioni sviluppate per dare vita a qualsiasi visione.<\/p>\n<p>Otterrete sicuramente una gamma spettacolare di\u00a0<strong><a href=\"https:\/\/customacrylicproduct.com\/it\/coloured-cast-acrylic-panel-tinted-acrylic-sheets-wholesaler\/\">lastre acriliche colorate trasparenti per attori<\/a>\u00a0<\/strong>in una pletora di colori diversi. La nostra fornitura comune \u00e8 costituita da, ma non si limita a:.<\/p>\n<ul>\n<li><strong>Blues oceanico e profondo\u00a0<\/strong>.<\/li>\n<li><strong>Arance vibranti ed energiche\u00a0<\/strong>.<\/li>\n<li><strong>Gialli brillanti e baciati dal sole\u00a0<\/strong>.<\/li>\n<li><strong>Ambiente naturale e lussureggiante\u00a0<\/strong>.<\/li>\n<li><strong>Rossi forti ed entusiasti\u00a0<\/strong>.<\/li>\n<li><strong>Rosa rossi chic e giocosi\u00a0<\/strong>.<\/li>\n<li><strong>Neri puri e profondi\u00a0<\/strong>.<\/li>\n<li><strong>Trasparenze cristalline\u00a0<\/strong>.<\/li>\n<\/ul>\n<p>Questo non \u00e8 solo un elenco di colori, ma un kit di strumenti per la creativit\u00e0. La magia della verit\u00e0 sta nell'interazione del materiale con la luce. Essendo un mezzo trasparente, l'aspetto di ogni foglio \u00e8 vibrante.\u00a0<strong>I colori sono in diversa illuminazione, il programma \u00e8 vario.\u00a0<\/strong>Un pannello che appare di un blu intenso e irritabile in condizioni di luce ridotta pu\u00f2 trasformarsi in uno zaffiro luminescente e celeste quando viene retroilluminato. Questa qualit\u00e0 consente di realizzare insegne dinamiche, affascinanti apparecchi di illuminazione e oggetti d'arte multistrato di incredibile profondit\u00e0.<\/p>\n<p>La nostra gamma di tinte \u00e8 curata per soddisfare le vostre diverse esigenze di fai-da-te e specialistiche, dall'abbinamento con i colori di marchi aziendali specifici alla creazione di schemi unici e fantasiosi.<\/p>\n<p><a href=\"https:\/\/customacrylicproduct.com\/it\/coloured-cast-acrylic-panel-tinted-acrylic-sheets-wholesaler\/\"><img fetchpriority=\"high\" decoding=\"async\" class=\"aligncenter wp-image-1123 size-full\" src=\"https:\/\/customacrylicproduct.com\/wp-content\/uploads\/2025\/07\/Tinted-Acrylic-Sheets.jpg\" alt=\"Lastre acriliche colorate\" width=\"800\" height=\"800\" srcset=\"https:\/\/customacrylicproduct.com\/wp-content\/uploads\/2025\/07\/Tinted-Acrylic-Sheets.jpg 800w, https:\/\/customacrylicproduct.com\/wp-content\/uploads\/2025\/07\/Tinted-Acrylic-Sheets-300x300.jpg 300w, https:\/\/customacrylicproduct.com\/wp-content\/uploads\/2025\/07\/Tinted-Acrylic-Sheets-150x150.jpg 150w, https:\/\/customacrylicproduct.com\/wp-content\/uploads\/2025\/07\/Tinted-Acrylic-Sheets-768x768.jpg 768w, https:\/\/customacrylicproduct.com\/wp-content\/uploads\/2025\/07\/Tinted-Acrylic-Sheets-600x600.jpg 600w, https:\/\/customacrylicproduct.com\/wp-content\/uploads\/2025\/07\/Tinted-Acrylic-Sheets-100x100.jpg 100w\" sizes=\"(max-width: 800px) 100vw, 800px\" \/><\/a><\/p>\n<h4 id=\"-chapter-2-the-structure-of-quality-superior-product-unwavering-quality-\"><strong>Capitolo 2: La struttura della qualit\u00e0 - Prodotto superiore e qualit\u00e0 costante\u00a0<\/strong>.<\/h4>\n<p>Un colore attraente \u00e8 solo come il materiale che lo contiene. Noi forniamo esclusivamente\u00a0<strong>acrilico fuso\u00a0<\/strong>, lo standard superiore del mercato, rinomato per la sua superiore tenacit\u00e0, qualit\u00e0 e consistenza.<\/p>\n<ul>\n<li><strong>Robusto, resistente e leggero:\u00a0<\/strong>Questo \u00e8 il paradosso che rende l'acrilico cos\u00ec importante. Il nostro\u00a0<strong>fogli di plastica per l'artigianato e l'uso specialistico\u00a0<\/strong>sono costruiti in acrilico incredibilmente robusto che resiste agli effetti e alla frantumazione molto meglio del vetro. \u00c8 un materiale forte e robusto, costruito per durare a lungo. Tuttavia, \u00e8 incredibilmente leggero, il che lo rende molto pi\u00f9 facile e sicuro da trasferire, curare e montare, il che si traduce in una riduzione delle spese e dei rischi per i progetti su larga scala.<\/li>\n<li><strong>Completo e protezione impeccabile:\u00a0<\/strong>La massima qualit\u00e0 \u00e8 nelle informazioni. Ogni foglio che offriamo \u00e8 realizzato per avere una qualit\u00e0 impeccabile.\u00a0<strong>bordi lisci\u00a0<\/strong>, garantendo un rivestimento professionale fin dall'inizio. Per assicurare che questa splendida qualit\u00e0 vi arrivi intatta,\u00a0<strong>ogni lastra acrilica \u00e8 ricoperta da una pellicola protettiva su entrambi i lati.\u00a0<\/strong>Quest'azione cruciale protegge la superficie da scalfitture, graffi e impronte digitali durante il trasporto, la movimentazione e la costruzione, riducendo gli sprechi e assicurando che ogni centimetro quadrato del prodotto sia utilizzabile.<\/li>\n<li><strong>Il colore che dura nel tempo:\u00a0<\/strong>La tinta delle nostre lastre acriliche colate non \u00e8 una finitura superficiale. Viene incorporata nel monomero prima dell'inizio della procedura di spalmatura, il che significa che la tonalit\u00e0 \u00e8 costante per tutta la densit\u00e0 del pannello. In questo modo si garantisce che il\u00a0<strong>il colore dura a lungo ed \u00e8 difficile da scolorire\u00a0<\/strong>, nonostante l'esposizione diretta a lungo termine all'illuminazione interna. La vivacit\u00e0 che si sviluppa \u00e8 quella che sicuramente durer\u00e0 nel tempo.<\/li>\n<\/ul>\n<p><a href=\"https:\/\/customacrylicproduct.com\/it\/coloured-cast-acrylic-panel-tinted-acrylic-sheets-wholesaler\/\"><img decoding=\"async\" class=\"aligncenter wp-image-1120 size-full\" src=\"https:\/\/customacrylicproduct.com\/wp-content\/uploads\/2025\/07\/Tinted-Acrylic-Sheets-1.jpg\" alt=\"Lastre acriliche colorate\" width=\"800\" height=\"800\" srcset=\"https:\/\/customacrylicproduct.com\/wp-content\/uploads\/2025\/07\/Tinted-Acrylic-Sheets-1.jpg 800w, https:\/\/customacrylicproduct.com\/wp-content\/uploads\/2025\/07\/Tinted-Acrylic-Sheets-1-300x300.jpg 300w, https:\/\/customacrylicproduct.com\/wp-content\/uploads\/2025\/07\/Tinted-Acrylic-Sheets-1-150x150.jpg 150w, https:\/\/customacrylicproduct.com\/wp-content\/uploads\/2025\/07\/Tinted-Acrylic-Sheets-1-768x768.jpg 768w, https:\/\/customacrylicproduct.com\/wp-content\/uploads\/2025\/07\/Tinted-Acrylic-Sheets-1-600x600.jpg 600w, https:\/\/customacrylicproduct.com\/wp-content\/uploads\/2025\/07\/Tinted-Acrylic-Sheets-1-100x100.jpg 100w\" sizes=\"(max-width: 800px) 100vw, 800px\" \/><\/a><\/p>\n<h4 id=\"-chapter-3-engineered-for-development-customization-effortless-construction-\"><strong>Capitolo 3: Progettato per lo sviluppo: personalizzazione e costruzione senza sforzo\u00a0<\/strong>.<\/h4>\n<p>I vostri lavori hanno esigenze particolari e la nostra soluzione \u00e8 stata sviluppata per soddisfarle con precisione e versatilit\u00e0. Vi incoraggiamo a superare le restrizioni di base con un'ampia personalizzazione e un prodotto con cui \u00e8 un sogno lavorare.<\/p>\n<ul>\n<li><strong>Dimensioni personalizzate per rifiuti zero:\u00a0<\/strong>Siamo consapevoli che le prestazioni sono di tipo professionale. Le nostre lastre acriliche colorate sono offerte in\u00a0<strong>dimensioni personalizzate\u00a0<\/strong>. Pur avendo a disposizione lastre di dimensioni commerciali standard, il nostro servizio principale come rivenditore consiste nel fornire pannelli tagliati su misura in base alle dimensioni specifiche del vostro lavoro. In questo modo si riducono gli sprechi, si risparmiano i tempi di costruzione e si riduce la spesa complessiva. Inoltre, potete facilmente\u00a0<strong>tagliarlo con i dispositivi di riduzione fino alla forma desiderata\u00a0<\/strong>sul posto.<\/li>\n<li><strong>Massima facilit\u00e0 di costruzione:\u00a0<\/strong>Le nostre lastre acriliche sono rinomate per la loro superba lavorabilit\u00e0. L'importante\u00a0<strong>Spessore di 1\/8 di pollice (circa 3 mm)\u00a0<\/strong>Tuttavia, in qualit\u00e0 di grossisti, siamo in grado di fornire una vasta gamma di spessori per adattarci a qualsiasi tipo di applicazione. La densit\u00e0 uniforme e la qualit\u00e0 premium del prodotto lo rendono incredibilmente semplice da trattare. \u00c8 possibile:.<\/li>\n<li><strong>Tagliare con precisione:\u00a0<\/strong>Utilizzare un\u00a0<strong>sega a nastro, sega da tavolo o incisore\u00a0<\/strong>per tagliare le lastre acriliche con linee ordinate e nette, consentendo di ottenere rapidamente la forma desiderata.<\/li>\n<li><strong>Taglio e incisione laser:\u00a0<\/strong>Il prodotto si adatta perfettamente alle taglierine laser, rendendo possibile lo sviluppo di modelli elaborati, disegni di logo approfonditi e forme complicate con lati eleganti.<\/li>\n<li><strong>Forare, tracciare e fresare:\u00a0<\/strong>Pu\u00f2 essere comodamente lavorata con i tipici utensili da officina senza incrinarsi o fendersi.<\/li>\n<li><strong>Curva calda e forma:\u00a0<\/strong>Riscaldando delicatamente i pannelli, \u00e8 possibile piegarli e crearli in contorni e forme tridimensionali.<\/li>\n<\/ul>\n<p>Questa semplicit\u00e0 di costruzione rende il nostro acrilico la scelta ideale sia per la prototipazione rapida che per le grandi produzioni.<\/p>\n<h4 id=\"-chapter-4-the-canvas-for-development-a-cosmos-of-applications-\"><strong>Capitolo 4: La tela dello sviluppo: un cosmo di applicazioni\u00a0<\/strong>.<\/h4>\n<p>L'adattabilit\u00e0 dei nostri pannelli acrilici colorati per attori \u00e8 limitata solo dalla vostra immaginazione. Queste lastre sono diventate un materiale importante in una grande variet\u00e0 di settori e di ricerche fantasiose.<\/p>\n<ul>\n<li><strong>Insegne ed espositori per la vendita al dettaglio:\u00a0<\/strong>Produce indicazioni luminescenti e accattivanti, display per i punti vendita e apparecchi ben noti che attirano i consumatori. I colori vibranti e trasparenti sono particolarmente efficaci quando sono retroilluminati.<\/li>\n<li><strong>Progettazione architettonica e di interni:\u00a0<\/strong>Utilizzate i pannelli come divisori decorativi, moderni frontali di armadi, vetri colorati per sostituire le pareti.\u00a0<strong>vetro a struttura d'immagine\u00a0<\/strong>, mobili su misura e protezione\u00a0<strong>decorazioni da banco\u00a0<\/strong>. La leggerezza e la robustezza ne fanno un'opzione superiore per le aree pubbliche.<\/li>\n<li><strong>Arte e artigianato fai-da-te:\u00a0<\/strong>\u00c8 il miglior supporto per artisti e sviluppatori. Si pu\u00f2 utilizzare come superficie liscia e non porosa per\u00a0<strong>pittura\u00a0<\/strong>, Una base per sculture a tecnica mista o per elaborati oggetti d'arte tagliati al laser.<\/li>\n<li><strong>Mostre ed esposizioni museali:\u00a0<\/strong>Costruite teche, vetrine e ostacoli protettivi lisci e resistenti che garantiscano chiarezza ottica e un tocco di ombra senza distrarre i reperti.<\/li>\n<li><strong>Arredamento per la casa e gli eventi:\u00a0<\/strong>Date sfogo alla vostra creativit\u00e0 per eventi stagionali e celebrativi.\u00a0<strong>Luci di Natale ornamentali fai da te\u00a0<\/strong>tagliando forme personalizzate, creare sensazionali centrotavola, o sviluppare distinti\u00a0<strong>decorazioni per eventi\u00a0<\/strong>che lascer\u00e0 sicuramente una percezione duratura.<\/li>\n<\/ul>\n<p><a href=\"https:\/\/customacrylicproduct.com\/it\/coloured-cast-acrylic-panel-tinted-acrylic-sheets-wholesaler\/\"><img decoding=\"async\" class=\"aligncenter wp-image-1121 size-full\" src=\"https:\/\/customacrylicproduct.com\/wp-content\/uploads\/2025\/07\/Tinted-Acrylic-Sheets-2.jpg\" alt=\"Lastre acriliche colorate\" width=\"800\" height=\"800\" srcset=\"https:\/\/customacrylicproduct.com\/wp-content\/uploads\/2025\/07\/Tinted-Acrylic-Sheets-2.jpg 800w, https:\/\/customacrylicproduct.com\/wp-content\/uploads\/2025\/07\/Tinted-Acrylic-Sheets-2-300x300.jpg 300w, https:\/\/customacrylicproduct.com\/wp-content\/uploads\/2025\/07\/Tinted-Acrylic-Sheets-2-150x150.jpg 150w, https:\/\/customacrylicproduct.com\/wp-content\/uploads\/2025\/07\/Tinted-Acrylic-Sheets-2-768x768.jpg 768w, https:\/\/customacrylicproduct.com\/wp-content\/uploads\/2025\/07\/Tinted-Acrylic-Sheets-2-600x600.jpg 600w, https:\/\/customacrylicproduct.com\/wp-content\/uploads\/2025\/07\/Tinted-Acrylic-Sheets-2-100x100.jpg 100w\" sizes=\"(max-width: 800px) 100vw, 800px\" \/><\/a><\/p>\n<p>Dal commercio pi\u00f9 esigente\u00a0<strong>mostra attivit\u00e0\u00a0<\/strong>al personale\u00a0<strong>decorazione della casa\u00a0<\/strong>miglioramenti, il nostro <a href=\"https:\/\/customacrylicproduct.com\/it\/coloured-cast-acrylic-panel-tinted-acrylic-sheets-wholesaler\/\">lastre acriliche<\/a> offrono una struttura di alta qualit\u00e0 e una combinazione di ispirazione.<\/p>\n<h4 id=\"-the-wholesale-advantage-your-strategic-companion-in-supply-\"><strong>Il vantaggio del commercio all'ingrosso: Il vostro compagno strategico nell'approvvigionamento\u00a0<\/strong>.<\/h4>\n<p>Scegliere noi come rivenditore significa acquisire pi\u00f9 di un semplice distributore, ma un partner impegnato nel vostro successo. Comprendiamo le esigenze specifiche di aziende, produttori e produttori di grandi volumi. La nostra intera procedura \u00e8 strutturata per offrirvi:.<\/p>\n<ul>\n<li><strong>Prezzi competitivi per i prodotti sfusi:\u00a0<\/strong>Forniamo sostanziali risparmi sui prezzi degli ordini di grandi volumi, consentendovi di incrementare i vostri margini di guadagno e di fare offerte pi\u00f9 competitive per i progetti.<\/li>\n<li><strong>Uniformit\u00e0 incrollabile:\u00a0<\/strong>Garantiamo l'uniformit\u00e0 di colore e spessore per ogni foglio del vostro ordine, assicurando l'uniformit\u00e0 per lavori di grandi dimensioni e tirature.<\/li>\n<li><strong>Inventario sostanziale:\u00a0<\/strong>Il nostro vasto inventario di colori e dimensioni preferite ci permette di soddisfare i vostri ordini in tempi brevi, riducendo al minimo i preparativi e mantenendo i vostri progetti in orario.<\/li>\n<li><strong>Assistenza devota:\u00a0<\/strong>Il nostro gruppo di professionisti \u00e8 a vostra disposizione per aiutarvi a scegliere il prodotto pi\u00f9 adatto alla vostra applicazione, per fornirvi suggerimenti tecnici e per assicurarvi una procedura di acquisto senza intoppi dall'inizio alla fine.<\/li>\n<li><strong>Logistica affidabile:\u00a0<\/strong>Grazie a un imballaggio robusto e a una rete di partner affidabili per le consegne, garantiamo che il vostro ordine arrivi in modo sicuro, tempestivo e in condizioni ottimali.<\/li>\n<\/ul>\n<p>Entrate in un mondo di colori vivaci, qualit\u00e0 senza pari e potenzialit\u00e0 illimitate. Lasciate che le nostre lastre acriliche colorate e colorate per attori siano la chiave di volta del vostro prossimo lavoro.<\/p>\n<p><strong>Chiamate oggi stesso i nostri professionisti della vendita all'ingrosso per richiedere un esempio di pacchetto, ottenere un preventivo conveniente per le vostre esigenze di quantit\u00e0 o parlare delle richieste personalizzate del vostro prossimo progetto.\u00a0<\/strong>.<\/p>","protected":false},"excerpt":{"rendered":"<p>Il vostro grossista di fiducia per le lastre acriliche colate colorate e colorate di alta qualit\u00e0. Forniamo una vasta gamma di pannelli vivaci, perfetti per la segnaletica, la fabbricazione e gli espositori al dettaglio. Prezzi all'ingrosso affidabili, servizi di taglio su misura e spedizioni rapide.<\/p>","protected":false},"featured_media":1123,"template":"","meta":{"_kad_post_transparent":"default","_kad_post_title":"","_kad_post_layout":"default","_kad_post_sidebar_id":"","_kad_post_content_style":"default","_kad_post_vertical_padding":"default","_kad_post_feature":"","_kad_post_feature_position":"","_kad_post_header":false,"_kad_post_footer":false,"_kad_post_classname":""},"product_brand":[],"product_cat":[24],"product_tag":[100,75,73],"class_list":{"0":"post-1116","1":"product","2":"type-product","3":"status-publish","4":"has-post-thumbnail","6":"product_cat-custom-acrylic-sheets","7":"product_tag-coloured-acrylic-sheets","8":"product_tag-custom-cut-acrylic-sheets","9":"product_tag-laser-acrylic-sheets","11":"first","12":"instock","13":"shipping-taxable","14":"product-type-simple","15":"entry","16":"content-bg","17":"loop-entry"},"_links":{"self":[{"href":"https:\/\/customacrylicproduct.com\/it\/wp-json\/wp\/v2\/product\/1116","targetHints":{"allow":["GET"]}}],"collection":[{"href":"https:\/\/customacrylicproduct.com\/it\/wp-json\/wp\/v2\/product"}],"about":[{"href":"https:\/\/customacrylicproduct.com\/it\/wp-json\/wp\/v2\/types\/product"}],"wp:featuredmedia":[{"embeddable":true,"href":"https:\/\/customacrylicproduct.com\/it\/wp-json\/wp\/v2\/media\/1123"}],"wp:attachment":[{"href":"https:\/\/customacrylicproduct.com\/it\/wp-json\/wp\/v2\/media?parent=1116"}],"wp:term":[{"taxonomy":"product_brand","embeddable":true,"href":"https:\/\/customacrylicproduct.com\/it\/wp-json\/wp\/v2\/product_brand?post=1116"},{"taxonomy":"product_cat","embeddable":true,"href":"https:\/\/customacrylicproduct.com\/it\/wp-json\/wp\/v2\/product_cat?post=1116"},{"taxonomy":"product_tag","embeddable":true,"href":"https:\/\/customacrylicproduct.com\/it\/wp-json\/wp\/v2\/product_tag?post=1116"}],"curies":[{"name":"wp","href":"https:\/\/api.w.org\/{rel}","templated":true}]}}