{"id":1136,"date":"2025-07-17T06:24:15","date_gmt":"2025-07-17T06:24:15","guid":{"rendered":"https:\/\/customacrylicproduct.com\/?post_type=product&#038;p=1136"},"modified":"2025-07-17T11:57:30","modified_gmt":"2025-07-17T11:57:30","slug":"acrylic-chairs-home-internet-celebrity-backrest-table-chair","status":"publish","type":"product","link":"https:\/\/customacrylicproduct.com\/it\/acrylic-chairs-home-internet-celebrity-backrest-table-chair\/","title":{"rendered":"Sedie in acrilico Casa Internet Casa Schienale Tavolo Sedia"},"content":{"rendered":"<h3 id=\"the-acrylic-cantilever-chair-an-icon-of-modernity-and-a-declaration-of-unparalleled-style\">La sedia a sbalzo in acrilico: Un'icona della modernit\u00e0 e una dichiarazione di stile senza pari<\/h3>\n<p>Nella narrativa in continua evoluzione del design d'interni, ci sono mobili che semplicemente riempiono un'area, e poi ci sono quelli che la specificano. La sedia da tavolo con schienale Star di Polymer Chairs Home Internet appartiene decisamente all'ultima categoria. \u00c8 pi\u00f9 di una semplice seduta; \u00e8 un'affermazione di preferenze sofisticate, un elemento scultoreo che si diverte con la luce e lo spazio e una testimonianza del potere duraturo di un design famoso. Questa sedia \u00e8 destinata a chi sa che gli oggetti con cui abbiamo a che fare devono essere tanto motivanti quanto funzionali. \u00c8 per il progettista di spazi attraenti, per l'ospite di cene indimenticabili e per il tranquillo appassionato di stile quotidiano. Con la sua apertura aerea e la sua tipologia che sfida la gravit\u00e0, questa sedia trasforma qualsiasi spazio da una semplice residenza in una galleria curata di vita moderna. La sua posizione di \u201cWeb Celeb\u201d non \u00e8 casuale: \u00e8 il risultato organico di un design cos\u00ec fotogenico, cos\u00ec versatile, cos\u00ec naturalmente elegante da catturare l'immaginazione creativa e potenziare ogni ambiente che abbellisce. Non si tratta di semplici mobili, ma di arte funzionale, preparata per infondere alla vostra casa una ventata di aria fresca e contemporanea.<\/p>\n<p><a href=\"http:\/\/https:\/\/customacrylicproduct.com\/acrylic-chairs-home-internet-celebrity-backrest-table-chair\/\"><img fetchpriority=\"high\" decoding=\"async\" class=\"aligncenter wp-image-1146 size-full\" src=\"https:\/\/customacrylicproduct.com\/wp-content\/uploads\/2025\/07\/Acrylic-Chairs.jpg\" alt=\"Sedie in acrilico\" width=\"800\" height=\"800\" srcset=\"https:\/\/customacrylicproduct.com\/wp-content\/uploads\/2025\/07\/Acrylic-Chairs.jpg 800w, https:\/\/customacrylicproduct.com\/wp-content\/uploads\/2025\/07\/Acrylic-Chairs-300x300.jpg 300w, https:\/\/customacrylicproduct.com\/wp-content\/uploads\/2025\/07\/Acrylic-Chairs-150x150.jpg 150w, https:\/\/customacrylicproduct.com\/wp-content\/uploads\/2025\/07\/Acrylic-Chairs-768x768.jpg 768w, https:\/\/customacrylicproduct.com\/wp-content\/uploads\/2025\/07\/Acrylic-Chairs-600x600.jpg 600w, https:\/\/customacrylicproduct.com\/wp-content\/uploads\/2025\/07\/Acrylic-Chairs-100x100.jpg 100w\" sizes=\"(max-width: 800px) 100vw, 800px\" \/><\/a><\/p>\n<h3 id=\"a-heritage-of-advancement-the-cantilever-form\">Un patrimonio di progresso: La forma a sbalzo<\/h3>\n<p>Per apprezzare la genialit\u00e0 di questa sedia, bisogna innanzitutto riconoscere il suo notevole albero genealogico. Il design a sbalzo, che crea l'impressione di una seduta fluttuante, \u00e8 una delle tecnologie pi\u00f9 significative nel panorama dell'arredamento. Concepita inizialmente negli anni Venti dall'architetto olandese Mart Stam, che ha notoriamente tracciato l'idea iniziale utilizzando le condutture del gas curve, la sedia a sbalzo \u00e8 stata una partenza estrema dalla tipica struttura a quattro gambe. Questo principio innovativo fu rapidamente accolto e perfezionato da titani del movimento Bauhaus, come Marcel Breuer e Ludwig Mies van der Rohe, affascinati dall'idea di utilizzare prodotti commerciali come l'acciaio tubolare per produrre mobili leggeri e solidi.<\/p>\n<p>La sedia cantilever, con la sua caratteristica base a forma di C, simboleggia un concetto cruciale dell'innovazione: l'armonia tra forma e funzione. Lo stile non \u00e8 solo una scelta visiva, ma offre un livello di comfort unico nel suo genere. La struttura ha una flessibilit\u00e0 naturale che consente alla seduta di flettersi delicatamente e di reagire ai movimenti dell'individuo, un miglioramento sottile ma significativo rispetto alle sedie rigide. Questa sedia porta avanti questa tradizione, accoppiando l'intramontabile base a sbalzo, realizzata qui in cromo lucido, con una seduta che rappresenta un ulteriore salto nello sviluppo del prodotto. \u00c8 un'attenta strizzata d'occhio al passato, perfettamente miscelata con la visione lungimirante del design contemporaneo.<\/p>\n<p><a href=\"http:\/\/https:\/\/customacrylicproduct.com\/acrylic-chairs-home-internet-celebrity-backrest-table-chair\/\"><img decoding=\"async\" class=\"aligncenter wp-image-1145 size-full\" src=\"https:\/\/customacrylicproduct.com\/wp-content\/uploads\/2025\/07\/Acrylic-Chairs-4.jpg\" alt=\"Sedie in acrilico\" width=\"800\" height=\"800\" srcset=\"https:\/\/customacrylicproduct.com\/wp-content\/uploads\/2025\/07\/Acrylic-Chairs-4.jpg 800w, https:\/\/customacrylicproduct.com\/wp-content\/uploads\/2025\/07\/Acrylic-Chairs-4-300x300.jpg 300w, https:\/\/customacrylicproduct.com\/wp-content\/uploads\/2025\/07\/Acrylic-Chairs-4-150x150.jpg 150w, https:\/\/customacrylicproduct.com\/wp-content\/uploads\/2025\/07\/Acrylic-Chairs-4-768x768.jpg 768w, https:\/\/customacrylicproduct.com\/wp-content\/uploads\/2025\/07\/Acrylic-Chairs-4-600x600.jpg 600w, https:\/\/customacrylicproduct.com\/wp-content\/uploads\/2025\/07\/Acrylic-Chairs-4-100x100.jpg 100w\" sizes=\"(max-width: 800px) 100vw, 800px\" \/><\/a><\/p>\n<h3 id=\"the-magic-of-polymer-openness-longevity-and-light\">La magia del polimero: Apertura, longevit\u00e0 e luce<\/h3>\n<p>La seduta di questa straordinaria sedia \u00e8 realizzata in acrilico di alta qualit\u00e0, un prodotto che ha cambiato il layout dell'arredamento moderno da quando si \u00e8 diffuso negli anni Sessanta. Tipicamente indicato con nomi commerciali come Lucite o Plexiglas, l'acrilico offre la qualit\u00e0 immacolata del vetro senza la sua fragilit\u00e0. Questa trasparenza \u00e8 il tratto distintivo della sedia e la sua migliore resistenza visiva. Una sedia trasparente ha la capacit\u00e0 unica di abitare uno spazio senza frustrarlo visivamente. Produce un'impressione di apertura, facendo sembrare anche le aree pi\u00f9 piccole pi\u00f9 grandi, pi\u00f9 luminose e pi\u00f9 ariose. La luce del sole e la luce ambientale attraversano il prodotto, rifrangendosi e riflettendosi in un affascinante gioco di luci che anima l'intera stanza.<\/p>\n<p>Ma il fascino dell'acrilico va ben oltre la sua eleganza. \u00c8 un materiale estremamente robusto e sensibile, che lo rende adatto ai rigori della vita quotidiana. A differenza del vetro, il polimero di alta qualit\u00e0 \u00e8 resistente ai frantumi, una caratteristica fondamentale per un oggetto di grande utilizzo come una sedia da pranzo o da ufficio. \u00c8 anche molto pi\u00f9 leggero del vetro, il che rende le sedie molto facili da spostare, riorganizzare e adattare alle vostre esigenze. La superficie non porosa \u00e8 incredibilmente semplice da pulire e conservare, in quanto resiste alle macchie e necessita solo di una semplice pulizia per ritrovare il suo splendore. Questo mix di fascino etereo e praticit\u00e0 durevole rende la sedia in acrilico una vera meraviglia contemporanea.<\/p>\n<p><a href=\"http:\/\/https:\/\/customacrylicproduct.com\/acrylic-chairs-home-internet-celebrity-backrest-table-chair\/\"><img decoding=\"async\" class=\"aligncenter wp-image-1144 size-full\" src=\"https:\/\/customacrylicproduct.com\/wp-content\/uploads\/2025\/07\/Acrylic-Chairs-3.jpg\" alt=\"\" width=\"800\" height=\"800\" srcset=\"https:\/\/customacrylicproduct.com\/wp-content\/uploads\/2025\/07\/Acrylic-Chairs-3.jpg 800w, https:\/\/customacrylicproduct.com\/wp-content\/uploads\/2025\/07\/Acrylic-Chairs-3-300x300.jpg 300w, https:\/\/customacrylicproduct.com\/wp-content\/uploads\/2025\/07\/Acrylic-Chairs-3-150x150.jpg 150w, https:\/\/customacrylicproduct.com\/wp-content\/uploads\/2025\/07\/Acrylic-Chairs-3-768x768.jpg 768w, https:\/\/customacrylicproduct.com\/wp-content\/uploads\/2025\/07\/Acrylic-Chairs-3-600x600.jpg 600w, https:\/\/customacrylicproduct.com\/wp-content\/uploads\/2025\/07\/Acrylic-Chairs-3-100x100.jpg 100w\" sizes=\"(max-width: 800px) 100vw, 800px\" \/><\/a><\/p>\n<h3 id=\"sculpted-for-convenience-the-functional-designs-of-style\">Scolpito per la comodit\u00e0: I disegni funzionali dello stile<\/h3>\n<p>Si potrebbe erroneamente pensare che una sedia cos\u00ec esteticamente accattivante comprometta la praticit\u00e0. Tuttavia, uno sguardo pi\u00f9 approfondito rivela un layout tanto ergonomico quanto elegante. La costruzione in un unico pezzo del sedile e dello schienale consente di ottenere una forma liquida e continua, accuratamente modellata per sostenere il corpo umano.<\/p>\n<p>Lo schienale \u00e8 caratterizzato da una delicata sagoma antropomorfa che offre un'assistenza lombare essenziale, favorendo una posizione ottimale durante le lunghe cene o le sessioni di lavoro. La seduta stessa culmina in un bordo a \u201ccascata\u201d, un sottile contorno discendente nella parte anteriore che elimina la pressione sulla parte posteriore delle gambe, favorendo la circolazione ed evitando il dolore. Questa sagomatura ergonomica, unita alla piccola e morbida flessione della base cromata a sbalzo, rende la seduta sorprendentemente comoda e utile. \u00c8 una sedia sviluppata non solo per andare a vedere, ma anche per risiedere.<\/p>\n<h3 id=\"a-chromatic-symphony-curate-your-perfect-scheme\">Una sinfonia cromatica: Curate il vostro schema perfetto<\/h3>\n<p>Mentre la variante chiara di questa sedia utilizza il massimo dell'eleganza minimalista, il design si ravviva assolutamente grazie alla spettacolare variet\u00e0 di opzioni di tonalit\u00e0. Ogni tonalit\u00e0 chiara \u00e8 stata scelta con cura per evocare un certo stato d'animo, consentendovi di diventare il curatore della vostra area personale. La collezione di colori disponibili utilizza uno schema sofisticato per esprimere il vostro design unico.<\/p>\n<p>Immaginate un set da pranzo composto interamente dal\u00a0<strong>Grigio fumo\u00a0<\/strong>sedie per un tocco di drammaticit\u00e0 lunatica e sofisticata. Foto un singolo\u00a0<strong>Ambra\u00a0<\/strong>che include un'accogliente luce d'ispirazione r\u00e9tro in un accogliente angolo di lettura. Il sottile e tranquillo\u00a0<strong>Taupe\u00a0<\/strong>pu\u00f2 dare un tocco di terra e di terra a un ambiente minimalista, mentre il vivace\u00a0<strong>Giallo\u00a0<\/strong>infonde un tocco di colore audace ed energico. Per un ambiente rilassante e innovativo in un ufficio a casa o in un mobile da toilette, il\u00a0<strong>Verde acqua\u00a0<\/strong>o\u00a0<strong>Lilla\u00a0<\/strong>Le alternative forniscono un tocco unico e fantasioso.<\/p>\n<p>Il fascino di queste sedie dipende dalla loro praticit\u00e0. Si pu\u00f2 creare un ambiente uniforme e singolo per cercare una dichiarazione elegante e naturale, oppure si pu\u00f2 accettare un design pi\u00f9 vario e giocoso mescolando e abbinando diverse tonalit\u00e0 intorno a un tavolo singolo. Questo approccio \u201cmix-and-match\u201d vi permette di creare un interno vivace e su misura, che rappresenta fedelmente il vostro carattere.<\/p>\n<p><a href=\"http:\/\/https:\/\/customacrylicproduct.com\/acrylic-chairs-home-internet-celebrity-backrest-table-chair\/\"><img loading=\"lazy\" decoding=\"async\" class=\"aligncenter wp-image-1143 size-full\" src=\"https:\/\/customacrylicproduct.com\/wp-content\/uploads\/2025\/07\/Acrylic-Chairs-2.jpg\" alt=\"\" width=\"800\" height=\"800\" srcset=\"https:\/\/customacrylicproduct.com\/wp-content\/uploads\/2025\/07\/Acrylic-Chairs-2.jpg 800w, https:\/\/customacrylicproduct.com\/wp-content\/uploads\/2025\/07\/Acrylic-Chairs-2-300x300.jpg 300w, https:\/\/customacrylicproduct.com\/wp-content\/uploads\/2025\/07\/Acrylic-Chairs-2-150x150.jpg 150w, https:\/\/customacrylicproduct.com\/wp-content\/uploads\/2025\/07\/Acrylic-Chairs-2-768x768.jpg 768w, https:\/\/customacrylicproduct.com\/wp-content\/uploads\/2025\/07\/Acrylic-Chairs-2-600x600.jpg 600w, https:\/\/customacrylicproduct.com\/wp-content\/uploads\/2025\/07\/Acrylic-Chairs-2-100x100.jpg 100w\" sizes=\"(max-width: 800px) 100vw, 800px\" \/><\/a><\/p>\n<h3 id=\"the-net-star-a-star-of-the-social-media-site-age\">La \u201cNet Star\u201d: Una star dell'era dei siti di social media<\/h3>\n<p>Nell'odierno mondo dell'estetica, lo status di \u201cWeb Celeb\u201d di un elemento di layout \u00e8 una potente indicazione del suo fascino visivo. Questa sedia \u00e8 una star naturale. Le sue linee ordinate, il tipo speciale e la comunicazione con la luce la rendono estremamente fotogenica. \u00c8 diventata la preferita dai designer di interni, dagli influencer dello stile domestico e dai proprietari di immobili attenti allo stile che mettono in mostra le loro stanze su sistemi come Instagram e Pinterest.<\/p>\n<p>Il fascino della sedia deriva dalla sua capacit\u00e0 di dare impulso, anzich\u00e9 controllare, un'immagine. La sua trasparenza permette di irradiare il resto dell'arredamento dell'area - un tavolo ben apparecchiato, un tappeto formato, un'opera d'arte di rilievo -. Aggiunge uno strato di eleganza progettuale e di interesse estetico senza creare disordine. In un mondo in cui la casa \u00e8 diventata una tela primaria per l'espressione di s\u00e9, la Polymer Cantilever Chair \u00e8 il dispositivo perfetto per sviluppare momenti degni di una rivista e da condividere.<\/p>\n<h3 id=\"unrivaled-adaptability-a-chair-for-every-single-area\">Adattabilit\u00e0 senza pari: Una sedia per ogni area<\/h3>\n<p>Sebbene sia perfettamente adatta come sedia da pranzo, il suo design sofisticato e le sue funzioni funzionali la rendono estremamente funzionale, efficace nel valorizzare qualsiasi ambiente della casa o dell'ufficio.<\/p>\n<ul>\n<li><strong>Nella sala da pranzo:\u00a0<\/strong>Come sedia da pranzo, conferisce un senso di evento a ogni pasto. La sua leggerezza visiva e salvaspazio la rende ideale sia per le grandi sale da pranzo che per gli angoli cucina pi\u00f9 compatti.<\/li>\n<li><strong>Nel Ministero dell'Interno:\u00a0<\/strong>Sostituite una sedia da ufficio grande e poco interessante con questa opzione snella. Fornisce un supporto ergonomico e allo stesso tempo mantiene un aspetto specialistico e pulito, trasformando il vostro ufficio in un centro di pensiero creativo.<\/li>\n<li><strong>Alla Vanit\u00e0:\u00a0<\/strong>Collocata davanti a un tavolo per gli abiti o in una cabina armadio, d\u00e0 un tocco di glamour e raffinatezza, creando un luogo elegante dove pianificare la giornata.<\/li>\n<li><strong>Come poltrona da salotto:\u00a0<\/strong>Una sedia singola pu\u00f2 fungere da sensazionale elemento scultoreo in un angolo del soggiorno, in un ingresso o in una camera da letto. Fornisce pratici posti a sedere aggiuntivi e al tempo stesso funziona come un'opera d'arte.<\/li>\n<li><strong>Negli spazi commerciali:\u00a0<\/strong>Il mix di stile e longevit\u00e0 di questa sedia la rende un'opzione eccellente per ambienti commerciali di design, come eleganti caffetterie, boutique moderne, aree funzionali e aziende creative.<\/li>\n<\/ul>\n<p>Questa sedia \u00e8 pi\u00f9 di un mobile: \u00e8 un investimento di stile, un cenno per creare uno sfondo e uno strumento flessibile per la vita moderna. \u00c8 un evento di luce, gentilezza e colore, pronto a trasformare il vostro spazio e a ispirare la vostra vita. Accogliete la chiarezza, la praticit\u00e0 e l'indiscutibile carisma della Polymer Cantilever Chair e lasciate che la vostra casa risplenda.<\/p>","protected":false},"excerpt":{"rendered":"<p class=\"ng-star-inserted\"><span class=\"ng-star-inserted\">Elevate la vostra casa con la sedia Toyas, la preferita dalle celebrit\u00e0 di Internet. Questa moderna sedia da tavolo presenta un elegante schienale trasparente e un'elegante base a sbalzo cromata. Il suo design minimalista dona un tocco di eleganza contemporanea a qualsiasi ambiente. Perfetta per il pranzo o come pezzo d'accento.<\/span><\/p>","protected":false},"featured_media":1146,"template":"","meta":{"_kad_post_transparent":"default","_kad_post_title":"","_kad_post_layout":"default","_kad_post_sidebar_id":"","_kad_post_content_style":"default","_kad_post_vertical_padding":"default","_kad_post_feature":"","_kad_post_feature_position":"","_kad_post_header":false,"_kad_post_footer":false,"_kad_post_classname":""},"product_brand":[],"product_cat":[21],"product_tag":[106,69],"class_list":{"0":"post-1136","1":"product","2":"type-product","3":"status-publish","4":"has-post-thumbnail","6":"product_cat-custom-acrylic-furnitures","7":"product_tag-acrylic-chairs","8":"product_tag-custom-acrylic-furnitures","10":"first","11":"instock","12":"shipping-taxable","13":"product-type-simple","14":"entry","15":"content-bg","16":"loop-entry"},"_links":{"self":[{"href":"https:\/\/customacrylicproduct.com\/it\/wp-json\/wp\/v2\/product\/1136","targetHints":{"allow":["GET"]}}],"collection":[{"href":"https:\/\/customacrylicproduct.com\/it\/wp-json\/wp\/v2\/product"}],"about":[{"href":"https:\/\/customacrylicproduct.com\/it\/wp-json\/wp\/v2\/types\/product"}],"wp:featuredmedia":[{"embeddable":true,"href":"https:\/\/customacrylicproduct.com\/it\/wp-json\/wp\/v2\/media\/1146"}],"wp:attachment":[{"href":"https:\/\/customacrylicproduct.com\/it\/wp-json\/wp\/v2\/media?parent=1136"}],"wp:term":[{"taxonomy":"product_brand","embeddable":true,"href":"https:\/\/customacrylicproduct.com\/it\/wp-json\/wp\/v2\/product_brand?post=1136"},{"taxonomy":"product_cat","embeddable":true,"href":"https:\/\/customacrylicproduct.com\/it\/wp-json\/wp\/v2\/product_cat?post=1136"},{"taxonomy":"product_tag","embeddable":true,"href":"https:\/\/customacrylicproduct.com\/it\/wp-json\/wp\/v2\/product_tag?post=1136"}],"curies":[{"name":"wp","href":"https:\/\/api.w.org\/{rel}","templated":true}]}}