{"id":1148,"date":"2025-07-17T09:17:13","date_gmt":"2025-07-17T09:17:13","guid":{"rendered":"https:\/\/customacrylicproduct.com\/?post_type=product&#038;p=1148"},"modified":"2025-07-18T03:59:47","modified_gmt":"2025-07-18T03:59:47","slug":"custom-acrylic-tray-living-room-club-decoration-water-cup","status":"publish","type":"product","link":"https:\/\/customacrylicproduct.com\/it\/custom-acrylic-tray-living-room-club-decoration-water-cup\/","title":{"rendered":"Vassoio acrilico personalizzato Decorazione del club del soggiorno Coppa d'acqua"},"content":{"rendered":"<h3 id=\"-the-significance-of-modern-clearness-the-versatile-polymer-tray-\"><strong>L'importanza della chiarezza moderna: Il versatile vassoio in polimero<\/strong><\/h3>\n<p>Nella ricerca di un'abitazione innovativa, uno dei pezzi di maggior impatto sono di solito quelli che mormorano piuttosto che gridare. Noi forniamo l'aspetto perfetto dello stile moderno: il vassoio in polimero trasparente. Non si tratta di un semplice dispositivo, ma di uno strumento di stile funzionale, una scultura funzionale realizzata per portare un senso di ordine, di luce e di lusso in ogni tipo di stanza. Dalla calma curata di un salotto alla potenza vibrante di un club di alto livello, questo vassoio \u00e8 una testimonianza del potere classico del design minimalista.<\/p>\n<p><img fetchpriority=\"high\" decoding=\"async\" class=\"size-full wp-image-1152 aligncenter\" src=\"https:\/\/customacrylicproduct.com\/wp-content\/uploads\/2025\/07\/acrylic-tray-4.jpg\" alt=\"vassoio in acrilico\" width=\"800\" height=\"800\" srcset=\"https:\/\/customacrylicproduct.com\/wp-content\/uploads\/2025\/07\/acrylic-tray-4.jpg 800w, https:\/\/customacrylicproduct.com\/wp-content\/uploads\/2025\/07\/acrylic-tray-4-300x300.jpg 300w, https:\/\/customacrylicproduct.com\/wp-content\/uploads\/2025\/07\/acrylic-tray-4-150x150.jpg 150w, https:\/\/customacrylicproduct.com\/wp-content\/uploads\/2025\/07\/acrylic-tray-4-768x768.jpg 768w, https:\/\/customacrylicproduct.com\/wp-content\/uploads\/2025\/07\/acrylic-tray-4-600x600.jpg 600w, https:\/\/customacrylicproduct.com\/wp-content\/uploads\/2025\/07\/acrylic-tray-4-100x100.jpg 100w\" sizes=\"(max-width: 800px) 100vw, 800px\" \/><\/p>\n<p><strong>Uno studio su forma e funzione impeccabili<\/strong><\/p>\n<p>A prima vista, il suo fascino sta nella sua semplicit\u00e0. Il vassoio presenta una silhouette ordinata e rettangolare con lati rialzati, sviluppando un ambiente ordinato e deliberato. Tuttavia, uno sguardo pi\u00f9 ravvicinato, come quello esposto nelle immagini complete, mette in evidenza la dedizione a una lavorazione di qualit\u00e0 superiore.<\/p>\n<ul>\n<li><strong>Materiale incontaminato:\u00a0<\/strong>Realizzato in acrilico ad alta densit\u00e0, questo vassoio sfoggia una fantastica trasparenza simile al vetro, senza la fragilit\u00e0 e il peso del vetro. Le sue notevoli propriet\u00e0 di trasmissione della luce gli consentono di scomparire quasi del tutto, producendo un effetto etereo di \u201cderiva\u201d degli oggetti che contiene. Questa trasparenza garantisce che non stoni mai con il vostro stile, ma anzi lo esalti, lasciando trasparire l'aspetto del vostro tavolino in legno, l'abbondante tonalit\u00e0 del vostro pouf o la lucentezza del vostro piano in marmo.<\/li>\n<li><strong>Fatti di stile riflessivi:\u00a0<\/strong>La capacit\u00e0 \u00e8 intessuta nella sua stessa natura. Le maniglie non sono un ripensamento, ma sono perfettamente incorporate, tagliate con precisione sui lati. I loro lati lisci e arrotondati offrono una presa comoda e protetta, rendendo il trasporto facile ed elegante. I bordi sono abilmente incollati in modo da essere praticamente impercettibili, dando vita a un sistema unico e naturale che \u00e8 allo stesso tempo eccezionalmente resistente e facile da pulire, senza fori per l'accumulo di polvere o fuoriuscite. Come tocco finale di ingegnosit\u00e0, sulla base sono stati inseriti dei piedini in silicone antiscivolo molto discreti. Questi piccoli paracolpi impediscono di scivolare sulle superfici lisce e proteggono il vassoio e i vostri arredi pregiati fin dal primo momento.<\/li>\n<\/ul>\n<p><strong>Una tela per la vostra vita: Convenienza senza pari<\/strong><\/p>\n<p>La verit\u00e0 brillante di questo vassoio in acrilico sta nella sua infinita adattabilit\u00e0. La sua estetica pulita e la sua lunga durata ne fanno il rimedio perfetto per una serie impressionante di applicazioni, passando senza sforzo da un compito all'altro e da uno spazio all'altro.<\/p>\n<p><img decoding=\"async\" class=\"size-full wp-image-1151 aligncenter\" src=\"https:\/\/customacrylicproduct.com\/wp-content\/uploads\/2025\/07\/acrylic-tray-3.jpg\" alt=\"vassoio in acrilico\" width=\"800\" height=\"800\" srcset=\"https:\/\/customacrylicproduct.com\/wp-content\/uploads\/2025\/07\/acrylic-tray-3.jpg 800w, https:\/\/customacrylicproduct.com\/wp-content\/uploads\/2025\/07\/acrylic-tray-3-300x300.jpg 300w, https:\/\/customacrylicproduct.com\/wp-content\/uploads\/2025\/07\/acrylic-tray-3-150x150.jpg 150w, https:\/\/customacrylicproduct.com\/wp-content\/uploads\/2025\/07\/acrylic-tray-3-768x768.jpg 768w, https:\/\/customacrylicproduct.com\/wp-content\/uploads\/2025\/07\/acrylic-tray-3-600x600.jpg 600w, https:\/\/customacrylicproduct.com\/wp-content\/uploads\/2025\/07\/acrylic-tray-3-100x100.jpg 100w\" sizes=\"(max-width: 800px) 100vw, 800px\" \/><\/p>\n<p><strong>Per la casa di riposo:\u00a0<\/strong>.<\/p>\n<ul>\n<li><strong>Centrotavola dello spazio abitativo:\u00a0<\/strong>Trasformate il tavolino o il poggiapiedi in un'esposizione curata. Utilizzatelo per ancorare la vostra casa, confinando elegantemente comandi a pulsante, montagne russe, una candela preferita e un piccolo portafiori. Porta compagnia immediata e un aspetto raffinato, degno di una rivista.<\/li>\n<li><strong>L'artista \u00e8 necessario:\u00a0<\/strong>Come vassoio per le offerte, non ha eguali. Presentate ai vostri ospiti bevande alcoliche, un contenitore di vino bianco e bicchieri, o una serie di stuzzichini con grazia e design. I suoi bordi rialzati evitano qualsiasi tipo di fuoriuscita e la sua leggerezza rende il servizio un gioco da ragazzi. Utilizzatelo su un carrello da bar per sistemare i vostri liquori e bicchieri pi\u00f9 pregiati, lasciando trasparire le ricche sfumature dei liquidi.<\/li>\n<li><strong>Organizzatore del rifugio:\u00a0<\/strong>Portate la serenit\u00e0 di un centro benessere nella stanza della doccia o nel vanity. Organizzate i profumi, i prodotti per la cura della pelle, il trucco o i prodotti di base per la toelettatura sulla sua superficie immacolata. L'acrilico resistente all'acqua protegge il piano d'appoggio e crea uno schermo elegante e organizzato per i vostri rituali quotidiani.<\/li>\n<li><strong>Il moderno vassoio da lavoro:\u00a0<\/strong>Eliminate il disordine dall'ufficio di casa. Organizzate blocchi per appunti, penne e altri oggetti essenziali per ottenere un ufficio pulito e concentrato che ispiri produttivit\u00e0 e qualit\u00e0 di pensiero.<\/li>\n<\/ul>\n<p><strong>Per spazi specializzati e industriali:<\/strong><\/p>\n<ul>\n<li><strong>Club e lounge:\u00a0<\/strong>Questo vassoio \u00e8 l'incarnazione di una soluzione sofisticata. \u00c8 la piattaforma migliore per le soluzioni di bottiglie VIP, per presentare alcolici e bicchieri di qualit\u00e0 superiore con un'aria di esclusivit\u00e0. Per i baristi, \u00e8 ottimale per rifornire un giro di tazze d'acqua o cocktail artigianali, mantenendo un'estetica elegante e professionale.<\/li>\n<li><strong>Hotel di lusso:\u00a0<\/strong>Per migliorare l'esperienza in camera, utilizzate il vassoio per presentare i servizi di benvenuto, per la spedizione di soluzioni per l'area o per sistemare gli articoli da toilette di alta gamma nella stanza della doccia. Collega un'esigenza di qualit\u00e0 e interesse alle informazioni.<\/li>\n<li><strong>Vendita al dettaglio e showroom:\u00a0<\/strong>In un negozio o in una galleria, il vassoio diventa un espositore minimalista. Pu\u00f2 mettere in risalto gioielli di alta moda, cosmetici di lusso o altri oggetti di valore senza distogliere l'attenzione dal prodotto stesso, rendendolo protagonista.<\/li>\n<\/ul>\n<p><img decoding=\"async\" class=\"size-full wp-image-1150 aligncenter\" src=\"https:\/\/customacrylicproduct.com\/wp-content\/uploads\/2025\/07\/acrylic-tray-2.jpg\" alt=\"vassoio in acrilico\" width=\"800\" height=\"800\" srcset=\"https:\/\/customacrylicproduct.com\/wp-content\/uploads\/2025\/07\/acrylic-tray-2.jpg 800w, https:\/\/customacrylicproduct.com\/wp-content\/uploads\/2025\/07\/acrylic-tray-2-300x300.jpg 300w, https:\/\/customacrylicproduct.com\/wp-content\/uploads\/2025\/07\/acrylic-tray-2-150x150.jpg 150w, https:\/\/customacrylicproduct.com\/wp-content\/uploads\/2025\/07\/acrylic-tray-2-768x768.jpg 768w, https:\/\/customacrylicproduct.com\/wp-content\/uploads\/2025\/07\/acrylic-tray-2-600x600.jpg 600w, https:\/\/customacrylicproduct.com\/wp-content\/uploads\/2025\/07\/acrylic-tray-2-100x100.jpg 100w\" sizes=\"(max-width: 800px) 100vw, 800px\" \/><\/p>\n<p><strong>L'alternativa per un tocco individuale<\/strong><\/p>\n<p>Per soddisfare le esigenze particolari della vostra casa o del vostro marchio, questo vassoio pu\u00f2 essere personalizzato. Sia che abbiate bisogno di misure su misura per adattarlo a un determinato mobile, sia che desideriate aggiungere un sottile logo o monogramma inciso al laser per un tocco aziendale o personale, possiamo sviluppare un pezzo che sia distintamente vostro.<\/p>\n<p><strong>Bellezza a lungo termine e semplicit\u00e0 di trattamento<\/strong><\/p>\n<p>Mantenere la brillantezza del vassoio \u00e8 semplice. \u00c8 sufficiente una pulizia delicata con un panno morbido e non abrasivo (come la microfibra) e un po' di acqua e sapone neutro per mantenerlo sempre bello. Non utilizzate detergenti chimici aggressivi e prodotti sgradevoli per garantire che la sua finitura luminescente resista per anni.<\/p>\n<p>Il vassoio in polimero trasparente \u00e8 pi\u00f9 di un oggetto: \u00e8 un investimento in stile, ordine e raffinatezza. \u00c8 un oggetto silenzioso e sicuro di s\u00e9 che migliora qualsiasi ambiente in cui si trova, confermando che il vero lusso dipende da una disposizione ottimale, semplice e pratica. Date un impulso alla vostra stanza oggi stesso.<\/p>","protected":false},"excerpt":{"rendered":"<p class=\"ng-star-inserted\"><span class=\"ng-star-inserted\">Elevate il vostro spazio con questo splendido vassoio in acrilico cristallino. Il suo design minimalista \u00e8 perfetto per servire gli ospiti, organizzare il vostro vanity o come base decorativa chic in qualsiasi salotto o locale. \u00c8 dotato di eleganti maniglie integrate per uno stile e una trasportabilit\u00e0 senza sforzo.<\/span><\/p>","protected":false},"featured_media":1149,"template":"","meta":{"_kad_post_transparent":"default","_kad_post_title":"","_kad_post_layout":"default","_kad_post_sidebar_id":"","_kad_post_content_style":"default","_kad_post_vertical_padding":"default","_kad_post_feature":"","_kad_post_feature_position":"","_kad_post_header":false,"_kad_post_footer":false,"_kad_post_classname":""},"product_brand":[],"product_cat":[22],"product_tag":[118],"class_list":{"0":"post-1148","1":"product","2":"type-product","3":"status-publish","4":"has-post-thumbnail","6":"product_cat-custom-acrylic-trays","7":"product_tag-custom-acrylic-tray","9":"first","10":"instock","11":"shipping-taxable","12":"product-type-simple","13":"entry","14":"content-bg","15":"loop-entry"},"_links":{"self":[{"href":"https:\/\/customacrylicproduct.com\/it\/wp-json\/wp\/v2\/product\/1148","targetHints":{"allow":["GET"]}}],"collection":[{"href":"https:\/\/customacrylicproduct.com\/it\/wp-json\/wp\/v2\/product"}],"about":[{"href":"https:\/\/customacrylicproduct.com\/it\/wp-json\/wp\/v2\/types\/product"}],"wp:featuredmedia":[{"embeddable":true,"href":"https:\/\/customacrylicproduct.com\/it\/wp-json\/wp\/v2\/media\/1149"}],"wp:attachment":[{"href":"https:\/\/customacrylicproduct.com\/it\/wp-json\/wp\/v2\/media?parent=1148"}],"wp:term":[{"taxonomy":"product_brand","embeddable":true,"href":"https:\/\/customacrylicproduct.com\/it\/wp-json\/wp\/v2\/product_brand?post=1148"},{"taxonomy":"product_cat","embeddable":true,"href":"https:\/\/customacrylicproduct.com\/it\/wp-json\/wp\/v2\/product_cat?post=1148"},{"taxonomy":"product_tag","embeddable":true,"href":"https:\/\/customacrylicproduct.com\/it\/wp-json\/wp\/v2\/product_tag?post=1148"}],"curies":[{"name":"wp","href":"https:\/\/api.w.org\/{rel}","templated":true}]}}