{"id":1154,"date":"2025-07-17T10:35:45","date_gmt":"2025-07-17T10:35:45","guid":{"rendered":"https:\/\/customacrylicproduct.com\/?post_type=product&#038;p=1154"},"modified":"2025-07-18T04:03:57","modified_gmt":"2025-07-18T04:03:57","slug":"acrylic-tray-octagonal-storage-box-with-gold-handle","status":"publish","type":"product","link":"https:\/\/customacrylicproduct.com\/it\/acrylic-tray-octagonal-storage-box-with-gold-handle\/","title":{"rendered":"Vassoio acrilico Ottagonale con maniglia dorata"},"content":{"rendered":"<h3 id=\"raise-the-everyday-the-octagonal-polymer-tray-with-gold-deals-with\">Sollevare il quotidiano: Il vassoio ottagonale in polimero con oro<\/h3>\n<p>Nell'arte di creare una casa, la bellezza si scopre nei dettagli. \u00c8 nella scelta deliberata di oggetti che non sono solo belli da vedere, ma che portano anche un senso di ordine e compostezza nella nostra vita. Vi presentiamo il nostro Vassoio ottagonale in acrilico con maniglie dorate: una magnifica fusione di design contemporaneo e utilit\u00e0 senza tempo, realizzata per trasformare qualsiasi superficie in uno schermo curato di gusto impeccabile. Questo \u00e8 molto pi\u00f9 di un vassoio: \u00e8 un oggetto di rappresentanza, un versatile organizer e un dispositivo fondamentale per una vita sofisticata.<\/p>\n<p><img fetchpriority=\"high\" decoding=\"async\" class=\"aligncenter wp-image-1158 size-large\" src=\"https:\/\/customacrylicproduct.com\/wp-content\/uploads\/2025\/07\/\u4e3b\u56fe05-1024x1024.jpg\" alt=\"\" width=\"1024\" height=\"1024\" srcset=\"https:\/\/customacrylicproduct.com\/wp-content\/uploads\/2025\/07\/\u4e3b\u56fe05-1024x1024.jpg 1024w, https:\/\/customacrylicproduct.com\/wp-content\/uploads\/2025\/07\/\u4e3b\u56fe05-300x300.jpg 300w, https:\/\/customacrylicproduct.com\/wp-content\/uploads\/2025\/07\/\u4e3b\u56fe05-150x150.jpg 150w, https:\/\/customacrylicproduct.com\/wp-content\/uploads\/2025\/07\/\u4e3b\u56fe05-768x768.jpg 768w, https:\/\/customacrylicproduct.com\/wp-content\/uploads\/2025\/07\/\u4e3b\u56fe05-1536x1536.jpg 1536w, https:\/\/customacrylicproduct.com\/wp-content\/uploads\/2025\/07\/\u4e3b\u56fe05-600x600.jpg 600w, https:\/\/customacrylicproduct.com\/wp-content\/uploads\/2025\/07\/\u4e3b\u56fe05-100x100.jpg 100w, https:\/\/customacrylicproduct.com\/wp-content\/uploads\/2025\/07\/\u4e3b\u56fe05.jpg 1600w\" sizes=\"(max-width: 1024px) 100vw, 1024px\" \/><\/p>\n<p><strong>Un layout che affascina<\/strong><\/p>\n<p>Il cuore del fascino di questo vassoio \u00e8 la sua particolare forma ottagonale. Superando la tradizione, questa silhouette a otto lati \u00e8 una ricerca sull'armonia geometrica. Ogni sfaccettatura cattura e riflette la luce, sviluppando un luccichio raffinato e dinamico che attira lo sguardo. La forma \u00e8 pi\u00f9 morbida e accogliente di un quadrato, ma molto pi\u00f9 strutturata e intenzionale di un semplice cerchio, il che le consente di integrarsi perfettamente in un'ampia gamma di stili di arredamento, dal minimalista e contemporaneo all'Art D\u00e9co e al glam. Funziona come un ottimo supporto visivo, definendo una stanza senza frustrarla.<\/p>\n<p><strong>L'eleganza di una chiarezza impeccabile<\/strong><\/p>\n<p>Il corpo del vassoio \u00e8 costituito da un unico pezzo di acrilico di alta qualit\u00e0, brillantato fino a ottenere un rivestimento perfetto e cristallino. Questa opzione di materiale sfrutta l'eccellente trasparenza del vetro senza la sua fragilit\u00e0 e il suo peso. Il risultato \u00e8 un vassoio leggero e duraturo, bello e utile al tempo stesso. La sua qualit\u00e0 \u201cquasi non c'\u00e8\u201d permette di far trasparire la struttura e la tonalit\u00e0 della superficie sottostante, sia essa un ricco legno, uno splendido marmo o una biancheria da letto, evitando l'ingombro visivo. Gli oggetti posizionati all'interno fluttuano, i loro colori e le loro tipologie vengono esaltati, trasformando una semplice collezione di prodotti in un'elegante vignetta.<\/p>\n<p><img decoding=\"async\" class=\"aligncenter wp-image-1157 size-large\" src=\"https:\/\/customacrylicproduct.com\/wp-content\/uploads\/2025\/07\/\u4e3b\u56fe04-\u526f\u672c-1024x1024.jpg\" alt=\"\" width=\"1024\" height=\"1024\" srcset=\"https:\/\/customacrylicproduct.com\/wp-content\/uploads\/2025\/07\/\u4e3b\u56fe04-\u526f\u672c-1024x1024.jpg 1024w, https:\/\/customacrylicproduct.com\/wp-content\/uploads\/2025\/07\/\u4e3b\u56fe04-\u526f\u672c-300x300.jpg 300w, https:\/\/customacrylicproduct.com\/wp-content\/uploads\/2025\/07\/\u4e3b\u56fe04-\u526f\u672c-150x150.jpg 150w, https:\/\/customacrylicproduct.com\/wp-content\/uploads\/2025\/07\/\u4e3b\u56fe04-\u526f\u672c-768x768.jpg 768w, https:\/\/customacrylicproduct.com\/wp-content\/uploads\/2025\/07\/\u4e3b\u56fe04-\u526f\u672c-1536x1536.jpg 1536w, https:\/\/customacrylicproduct.com\/wp-content\/uploads\/2025\/07\/\u4e3b\u56fe04-\u526f\u672c-600x600.jpg 600w, https:\/\/customacrylicproduct.com\/wp-content\/uploads\/2025\/07\/\u4e3b\u56fe04-\u526f\u672c-100x100.jpg 100w, https:\/\/customacrylicproduct.com\/wp-content\/uploads\/2025\/07\/\u4e3b\u56fe04-\u526f\u672c.jpg 1920w\" sizes=\"(max-width: 1024px) 100vw, 1024px\" \/><\/p>\n<p><strong>Un tocco di calore avanzato<\/strong><\/p>\n<p>A creare un fantastico contrasto con l'incredibile chiarezza dell'acrilico sono i due affari snelli e minimali. Realizzati in metallo massiccio e completati in un accogliente oro pettinato, presentano una componente di lussuosa raffinatezza. La finitura satinata mostra una raffinatezza contemporanea, evitando l'ostentazione di una lucidatura ad alta brillantezza. Queste custodie non sono solo ornamentali: sono progettate ergonomicamente per una presa comoda e sicura, che consente di trasportare con facilit\u00e0 dal caff\u00e8 del mattino al cocktail della sera. Questo eccellente rapporto coniugale tra l'incredibile acrilico e il caldo metallo sviluppa uno straordinario equilibrio estetico e tattile.<\/p>\n<p><img decoding=\"async\" class=\"aligncenter wp-image-1156 size-large\" src=\"https:\/\/customacrylicproduct.com\/wp-content\/uploads\/2025\/07\/\u4e3b\u56fe03-\u526f\u672c-1024x1024.jpg\" alt=\"\" width=\"1024\" height=\"1024\" srcset=\"https:\/\/customacrylicproduct.com\/wp-content\/uploads\/2025\/07\/\u4e3b\u56fe03-\u526f\u672c-1024x1024.jpg 1024w, https:\/\/customacrylicproduct.com\/wp-content\/uploads\/2025\/07\/\u4e3b\u56fe03-\u526f\u672c-300x300.jpg 300w, https:\/\/customacrylicproduct.com\/wp-content\/uploads\/2025\/07\/\u4e3b\u56fe03-\u526f\u672c-150x150.jpg 150w, https:\/\/customacrylicproduct.com\/wp-content\/uploads\/2025\/07\/\u4e3b\u56fe03-\u526f\u672c-768x768.jpg 768w, https:\/\/customacrylicproduct.com\/wp-content\/uploads\/2025\/07\/\u4e3b\u56fe03-\u526f\u672c-1536x1536.jpg 1536w, https:\/\/customacrylicproduct.com\/wp-content\/uploads\/2025\/07\/\u4e3b\u56fe03-\u526f\u672c-600x600.jpg 600w, https:\/\/customacrylicproduct.com\/wp-content\/uploads\/2025\/07\/\u4e3b\u56fe03-\u526f\u672c-100x100.jpg 100w, https:\/\/customacrylicproduct.com\/wp-content\/uploads\/2025\/07\/\u4e3b\u56fe03-\u526f\u672c.jpg 1920w\" sizes=\"(max-width: 1024px) 100vw, 1024px\" \/><\/p>\n<p><strong>Versatilit\u00e0 ridefinita: Un vassoio per ogni spazio<\/strong><\/p>\n<p>Il lustro di questo vassoio ottagonale si basa sulle sue possibilit\u00e0 illimitate. Il suo design elegante e le sue caratteristiche funzionali lo rendono un dispositivo essenziale per ogni spazio della casa.<\/p>\n<ul>\n<li><strong>Per la zona giorno:\u00a0<\/strong>Disordinate e progettate immediatamente il tavolino o il poggiapiedi. Utilizzatelo per creare un punto focale sofisticato con luci di candela, un piccolo vaso di fiori e le vostre pubblicazioni d'arte preferite. \u00c8 il punto di approdo a tre punti per i telecomandi, per mantenere il vostro spazio abitativo pulito e raffinato.<\/li>\n<li><strong>Sul Vanity o sul Com\u00f2:\u00a0<\/strong>Trasformate il vostro regime quotidiano in una routine sontuosa. Sistemate i vostri profumi, i prodotti per la pelle, i trucchi e i gioielli in uno schermo sensazionale. I lati trasparenti consentono di vedere tutto a colpo d'occhio, mentre il vassoio protegge le superfici dei mobili in modo elegante.<\/li>\n<li><strong>Come elegante porzione:\u00a0<\/strong>Stupite i vostri visitatori servendo bevande e antipasti su questo splendido vassoio. I lati maggiorati mantengono tutto al sicuro e le robuste maniglie rendono il trasporto dalla cucina ai visitatori un gioco da ragazzi. \u00c8 un tocco di classe che valorizza qualsiasi tipo di riunione.<\/li>\n<li><strong>Nel Ministero dell'Interno:\u00a0<\/strong>Portate ordine e ispirazione nel vostro spazio di lavoro. Utilizzatela per raccogliere gli accessori essenziali della scrivania, come penne, blocchi per appunti e telefono, creando un'area delimitata che riduce il disordine e migliora la concentrazione.<\/li>\n<li><strong>All'ingresso:\u00a0<\/strong>Fate un'ottima impressione. Posizionato su un tavolino, funge da elegante portachiavi per chiavi, posta e occhiali da sole, assicurando che il vostro ingresso sia ben organizzato e invitante.<\/li>\n<\/ul>\n<p><strong>Il regalo perfetto del design<\/strong><\/p>\n<p>Siete alla ricerca di un regalo premuroso per l'inaugurazione di una casa, per un matrimonio, per un compleanno o per una persona che ha tutto? Questo vassoio ottagonale in acrilico \u00e8 una scelta eccellente. \u00c8 un regalo di fascino, funzionalit\u00e0 e organizzazione, un oggetto senza tempo che chiunque abbia un occhio di riguardo per lo stile apprezzer\u00e0 e apprezzer\u00e0.<\/p>\n<p>Realizzato con un'attenzione particolare alle informazioni e sviluppato per una bellezza duratura, questo vassoio \u00e8 molto facile da curare: basta pulirlo con un tessuto morbido e umido.<\/p>\n<p>Scoprite l'oggetto che fa tutto. Il vassoio ottagonale in polimero con finiture dorate \u00e8 un invito a curare la vostra vita con stile, a organizzare con obiettivo e a elevare il fascino dei vostri minuti quotidiani.<\/p>","protected":false},"excerpt":{"rendered":"<p class=\"ng-star-inserted\"><strong class=\"ng-star-inserted\"><span class=\"ng-star-inserted\">Opzione 1:<\/span><\/strong><br class=\"ng-star-inserted\" \/><span class=\"ng-star-inserted\">Elegante vassoio ottagonale in acrilico con eleganti maniglie dorate. Un pezzo moderno e versatile per servire, esporre o organizzare con stile la propria vanit\u00e0.<\/span><\/p>\n<p class=\"ng-star-inserted\"><strong class=\"ng-star-inserted\"><span class=\"ng-star-inserted\">Opzione 2:<\/span><\/strong><br class=\"ng-star-inserted\" \/><span class=\"ng-star-inserted\">Servite e organizzate con stile! Questo vassoio ottagonale trasparente con maniglie dorate aggiunge un tocco sofisticato e moderno a qualsiasi tavolino o scrivania.<\/span><\/p>\n<p class=\"ng-star-inserted\"><strong class=\"ng-star-inserted\"><span class=\"ng-star-inserted\">Opzione 3:<\/span><\/strong><br class=\"ng-star-inserted\" \/><span class=\"ng-star-inserted\">Uno splendido e moderno vassoio ottagonale in acrilico trasparente con maniglie dorate di grande effetto. Perfetto per esporre decorazioni, servire bevande o organizzare gli oggetti essenziali.<\/span><\/p>","protected":false},"featured_media":1158,"template":"","meta":{"_kad_post_transparent":"default","_kad_post_title":"","_kad_post_layout":"default","_kad_post_sidebar_id":"","_kad_post_content_style":"default","_kad_post_vertical_padding":"default","_kad_post_feature":"","_kad_post_feature_position":"","_kad_post_header":false,"_kad_post_footer":false,"_kad_post_classname":""},"product_brand":[],"product_cat":[22],"product_tag":[125],"class_list":{"0":"post-1154","1":"product","2":"type-product","3":"status-publish","4":"has-post-thumbnail","6":"product_cat-custom-acrylic-trays","7":"product_tag-acrylic-tray","9":"first","10":"instock","11":"shipping-taxable","12":"product-type-simple","13":"entry","14":"content-bg","15":"loop-entry"},"_links":{"self":[{"href":"https:\/\/customacrylicproduct.com\/it\/wp-json\/wp\/v2\/product\/1154","targetHints":{"allow":["GET"]}}],"collection":[{"href":"https:\/\/customacrylicproduct.com\/it\/wp-json\/wp\/v2\/product"}],"about":[{"href":"https:\/\/customacrylicproduct.com\/it\/wp-json\/wp\/v2\/types\/product"}],"wp:featuredmedia":[{"embeddable":true,"href":"https:\/\/customacrylicproduct.com\/it\/wp-json\/wp\/v2\/media\/1158"}],"wp:attachment":[{"href":"https:\/\/customacrylicproduct.com\/it\/wp-json\/wp\/v2\/media?parent=1154"}],"wp:term":[{"taxonomy":"product_brand","embeddable":true,"href":"https:\/\/customacrylicproduct.com\/it\/wp-json\/wp\/v2\/product_brand?post=1154"},{"taxonomy":"product_cat","embeddable":true,"href":"https:\/\/customacrylicproduct.com\/it\/wp-json\/wp\/v2\/product_cat?post=1154"},{"taxonomy":"product_tag","embeddable":true,"href":"https:\/\/customacrylicproduct.com\/it\/wp-json\/wp\/v2\/product_tag?post=1154"}],"curies":[{"name":"wp","href":"https:\/\/api.w.org\/{rel}","templated":true}]}}