{"id":1164,"date":"2025-07-17T11:23:43","date_gmt":"2025-07-17T11:23:43","guid":{"rendered":"https:\/\/customacrylicproduct.com\/?post_type=product&#038;p=1164"},"modified":"2025-07-22T07:32:18","modified_gmt":"2025-07-22T07:32:18","slug":"acrylic-side-table-nordic-style-coffee-table-customization","status":"publish","type":"product","link":"https:\/\/customacrylicproduct.com\/it\/acrylic-side-table-nordic-style-coffee-table-customization\/","title":{"rendered":"Tavolino in acrilico Tavolino da caff\u00e8 in stile nordico Personalizzazione"},"content":{"rendered":"<h3 id=\"-the-arc-table-a-building-research-in-light-and-room-\"><strong>Il tavolo ad arco: Un edificio di ricerca in luce e ambiente<\/strong><\/h3>\n<p><strong>Introduzione: L'arte dell'invisibilit\u00e0 di classe\u00a0<\/strong>.<\/p>\n<p>Nel panorama dello stile moderno, le dichiarazioni pi\u00f9 profonde sono in genere fatte con la voce pi\u00f9 silenziosa. Siamo entrati in un'epoca in cui il lusso non \u00e8 specificato da una complessit\u00e0 ornamentale, ma da una tipologia pura, dall'intenzionalit\u00e0 e dalla festa della stanza stessa. \u00c8 da questa filosofia di lucida semplicit\u00e0 che nasce il progetto\u00a0<strong>Tavolo ad arco\u00a0<\/strong>\u00e8 nato. Pi\u00f9 che un semplice mobile, \u00e8 un principio costruttivo che ha dato vita a un tributo all'eleganza pulita dello stile nordico e a uno studio sul potere elegante di ci\u00f2 che non si vede.<\/p>\n<p>Ricavato da un unico e costante velivolo di acrilico otticamente puro, il tavolo Arc si distingue per il suo leggendario profilo a cascata, un gesto fluido e liscio che rende obsolete le strutture e le attrezzature. Non pretende di essere al centro dell'attenzione, ma invita a valorizzare lo spazio in cui vive. Visto nel suo ambiente naturale, accoccolato vicino alle linee ordinate di un divano contemporaneo o come piedistallo trasparente per i lavori di un maestro dell'architettura come Tadao Ando, il tavolo Arc \u00e8 un oggetto \u201cfantasma\u201d. Raggiunge uno stato di splendida quasi-invisibilit\u00e0, che gli consente di diventare un compagno silenzioso nella storia dello stile della vostra casa, rafforzandone anzich\u00e9 vanificarne l'atmosfera.<\/p>\n<p>Questa introduzione vi invita a scoprire la profondit\u00e0 che si cela dietro questo tipo di prodotto cos\u00ec semplice. Esploreremo l'approccio costruttivo del suo layout, la notevole qualit\u00e0 del suo materiale cristallino, la sua sconfinata flessibilit\u00e0 e le modifiche su misura che lo rendono un'estensione della vostra visione individuale.<\/p>\n<p><img fetchpriority=\"high\" decoding=\"async\" class=\"aligncenter wp-image-1165 size-full\" src=\"https:\/\/customacrylicproduct.com\/wp-content\/uploads\/2025\/07\/\u8be6\u60c5\u56fe13-\u526f\u672c.jpg\" alt=\"Tavolino in acrilico\" width=\"790\" height=\"523\" srcset=\"https:\/\/customacrylicproduct.com\/wp-content\/uploads\/2025\/07\/\u8be6\u60c5\u56fe13-\u526f\u672c.jpg 790w, https:\/\/customacrylicproduct.com\/wp-content\/uploads\/2025\/07\/\u8be6\u60c5\u56fe13-\u526f\u672c-300x199.jpg 300w, https:\/\/customacrylicproduct.com\/wp-content\/uploads\/2025\/07\/\u8be6\u60c5\u56fe13-\u526f\u672c-768x508.jpg 768w, https:\/\/customacrylicproduct.com\/wp-content\/uploads\/2025\/07\/\u8be6\u60c5\u56fe13-\u526f\u672c-600x397.jpg 600w\" sizes=\"(max-width: 790px) 100vw, 790px\" \/><\/p>\n<p>-.<\/p>\n<h3 id=\"-the-style-viewpoint-a-contour-of-quiet-confidence-\"><strong>Il punto di vista dello stile: Un contorno di tranquilla sicurezza<\/strong><\/h3>\n<p>Il design del tavolo Arc \u00e8 un atto di deliberata riduzione. \u00c8 il risultato dell'eliminazione di ogni dettaglio superfluo finch\u00e9 non rimane solo il necessario: un tipo puro al perfetto servizio della funzione. Questa \u00e8 la semplicit\u00e0 come dichiarazione di fiducia.<\/p>\n<p><strong>La curva a cascata dei marchi:\u00a0<\/strong>. L'anima dell'Arc Table \u00e8 la sua tipologia ininterrotta e fluida. Mentre un tavolo standard \u00e8 un insieme di parti, il tavolo Arc \u00e8 una scultura monolitica. Questo stile \u201ca cascata\u201d, in cui la superficie orizzontale scivola facilmente nei suoi supporti verticali, \u00e8 una realizzazione del design moderno. La curva non \u00e8 un angolo acuto e aggressivo, ma una distanza caritatevole e morbida che stimola un senso di calma e fluidit\u00e0. Questa linea unica e costante sviluppa una potente armonia visiva, permettendo all'occhio di seguire il suo corso senza interruzioni.<\/p>\n<p>L'assenza di giunture \u00e8 un principio fondamentale dell'architettura minimalista. Eliminando giunture e ferramenta, il tavolo offre una forma pulita e alternativa che sembra allo stesso tempo avanzata e naturale senza tempo. Ammorbidisce i lati duri di uno spazio, pur mantenendo un aspetto decisamente moderno.<\/p>\n<p><strong>L'impatto \u201cfantasma\u201d: Produrre l'area visiva\u00a0<\/strong>. Una delle qualit\u00e0 pi\u00f9 trasformative del tavolo Arc \u00e8 la sua apertura. Realizzato in un bellissimo acrilico cristallino, si guadagna il suo appellativo di \u201cfantasma\u201d creando un'impressione di leggerezza e apertura. Si tratta di un efficace espediente progettuale, soprattutto negli spazi in cui \u00e8 fondamentale mantenere un senso di ariosit\u00e0.<\/p>\n<p>A differenza di un tavolo solido che taglia esteticamente una stanza e occupa spazio nella pavimentazione, il tavolo Arc permette alla luce e alla visuale di attraversarlo senza ostacoli. La ricca texture di un tappeto di lana, le venature accoglienti di un pavimento in legno o il colore della parete retrostante continuano a far parte del paesaggio estetico. In questo modo qualsiasi spazio sembra pi\u00f9 grande, pi\u00f9 luminoso e meno caotico. \u00c8 l'opzione ideale per aggiungere una superficie funzionale senza appesantire l'estetica, consentendo agli elementi di stile accuratamente curati di continuare a essere i protagonisti della stanza.<\/p>\n<p><img decoding=\"async\" class=\"aligncenter wp-image-1167 size-full\" src=\"https:\/\/customacrylicproduct.com\/wp-content\/uploads\/2025\/07\/\u8be6\u60c5\u56fe15.jpg\" alt=\"Tavolino in acrilico\" width=\"790\" height=\"436\" srcset=\"https:\/\/customacrylicproduct.com\/wp-content\/uploads\/2025\/07\/\u8be6\u60c5\u56fe15.jpg 790w, https:\/\/customacrylicproduct.com\/wp-content\/uploads\/2025\/07\/\u8be6\u60c5\u56fe15-300x166.jpg 300w, https:\/\/customacrylicproduct.com\/wp-content\/uploads\/2025\/07\/\u8be6\u60c5\u56fe15-768x424.jpg 768w, https:\/\/customacrylicproduct.com\/wp-content\/uploads\/2025\/07\/\u8be6\u60c5\u56fe15-600x331.jpg 600w\" sizes=\"(max-width: 790px) 100vw, 790px\" \/><\/p>\n<p>-.<\/p>\n<h3 id=\"-the-product-as-the-tool-the-purity-of-polymer-\"><strong>Il prodotto come strumento: La purezza del polimero<\/strong><\/h3>\n<p>Il fascino angelico e la robusta funzionalit\u00e0 del tavolo Arc derivano dalla sua costruzione e dall'utilizzo di un unico pezzo di acrilico fuso (PMMA) di alta qualit\u00e0, un materiale scelto per la sua spiccata combinazione di virt\u00f9 estetiche e funzionali.<\/p>\n<p><strong>Chiarezza ottica e massima qualit\u00e0 luminosa:\u00a0<\/strong>. L'acrilico fuso di qualit\u00e0 superiore ha una trasparenza ottica che supera quella del vetro, inviando luce supplementare ed evitando il colore verde spesso visibile nelle lastre di vetro pi\u00f9 spesse. In questo modo il tavolo Arc Table risulta brillantemente e semplicemente chiaro. I suoi bordi sono lucidati al diamante per ottenere una superficie straordinaria e lucente, che consente di catturare e rifrangere la luce ambientale. Questo crea una raffinata ed emozionante luminosit\u00e0 lungo le forme del tavolo, come se fosse debolmente illuminato dall'interno, dando una misura vibrante e innovativa alla stanza.<\/p>\n<p><strong>Resistenza, sicurezza e trasportabilit\u00e0 leggera:\u00a0<\/strong>. Nonostante il suo aspetto delicato, simile al vetro, il polimero \u00e8 un materiale incredibilmente solido e duraturo. \u00c8 molto pi\u00f9 resistente ai frantumi rispetto al vetro, offrendo un vantaggio essenziale per la sicurezza in qualsiasi tipo di casa. Inoltre, la sua leggerezza rende il tavolo Arc Table facilmente trasportabile. Si pu\u00f2 spostare da un divano a una poltrona o dal soggiorno all'ufficio, adattando la stanza alle proprie esigenze senza alcuno sforzo. Questa combinazione di resistenza e agilit\u00e0 \u00e8 una testimonianza della scienza dei materiali contemporanea.<\/p>\n<p><strong>Progettato per durare a lungo:\u00a0<\/strong>. Utilizziamo solo acrilico resistente ai raggi UV per garantire che il vostro tavolo non ingiallisca o si indebolisca con il tempo, conservando il suo fascino cristallino per molti anni a venire. La superficie non porosa \u00e8 inoltre resistente all'umidit\u00e0 e agli scolorimenti, e ci\u00f2 la rende incredibilmente semplice da pulire e mantenere: una semplice pulizia con un panno morbido ne ripristina la lucentezza incontaminata.<\/p>\n<p>-.<\/p>\n<h3 id=\"-the-versatile-minimalist-a-table-for-every-room-\"><strong>Il minimalista versatile: Un tavolo per ogni stanza<\/strong><\/h3>\n<p>La vera magia del tavolo Arc dipende dalla sua incredibile versatilit\u00e0. Il suo stile minimale \u00e8 una tela vuota, che gli permette di inserirsi perfettamente in una moltitudine di ruoli in vari spazi e stili di design.<\/p>\n<ul>\n<li><strong>Il curatore del salotto:\u00a0<\/strong>Come tavolino, \u00e8 l'amico perfetto di un divano o di una poltrona, fornendo una superficie d'appoggio per una luce, una bevanda o un libro. La sua trasparenza gli permette di valorizzare qualsiasi tipo di rivestimento, dal caratteristico boucle alla pelle naturale liscia. Accostatene due l'uno all'altro per ottenere un tavolino incassato a pi\u00f9 livelli, utile ed esteticamente leggero.<\/li>\n<li><strong>La guardia serena della camera da letto:\u00a0<\/strong>Come comodino, il tavolino Arc Table trasmette un'atmosfera di tranquillit\u00e0 e pulizia. Contiene semplicemente le cose fondamentali - un telefono, un bicchiere d'acqua, una piccola pianta - mantenendo una sensazione di apertura e ariosit\u00e0, incarnando i concetti di un rifugio minimale.<\/li>\n<li><strong>Il grazioso benvenuto dell'ingresso:\u00a0<\/strong>In un ingresso o in un corridoio, funge da consolle sofisticata e discreta. \u00c8 un'area di appoggio di tendenza per chiavi e posta che offre funzionalit\u00e0 senza limitare visivamente uno spazio ristretto.<\/li>\n<li><strong>Il moderno amplificatore dello spazio di lavoro:\u00a0<\/strong>In un ufficio, utilizzatelo come superficie complementare per una stampante o per i registri, in modo da massimizzare lo spazio prezioso della scrivania. Le sue linee ordinate contribuiscono a creare un ambiente di lavoro concentrato e organizzato.<\/li>\n<\/ul>\n<p><img decoding=\"async\" class=\"aligncenter wp-image-1168 size-full\" src=\"https:\/\/customacrylicproduct.com\/wp-content\/uploads\/2025\/07\/\u4e3b\u56fe05-2.jpg\" alt=\"Tavolino in acrilico\" width=\"800\" height=\"800\" srcset=\"https:\/\/customacrylicproduct.com\/wp-content\/uploads\/2025\/07\/\u4e3b\u56fe05-2.jpg 800w, https:\/\/customacrylicproduct.com\/wp-content\/uploads\/2025\/07\/\u4e3b\u56fe05-2-300x300.jpg 300w, https:\/\/customacrylicproduct.com\/wp-content\/uploads\/2025\/07\/\u4e3b\u56fe05-2-150x150.jpg 150w, https:\/\/customacrylicproduct.com\/wp-content\/uploads\/2025\/07\/\u4e3b\u56fe05-2-768x768.jpg 768w, https:\/\/customacrylicproduct.com\/wp-content\/uploads\/2025\/07\/\u4e3b\u56fe05-2-600x600.jpg 600w, https:\/\/customacrylicproduct.com\/wp-content\/uploads\/2025\/07\/\u4e3b\u56fe05-2-100x100.jpg 100w\" sizes=\"(max-width: 800px) 100vw, 800px\" \/><\/p>\n<p>&nbsp;<\/p>\n<h3 id=\"-the-last-touch-a-dedication-to-customization-\"><strong>L'ultimo tocco: Una dedica alla personalizzazione<\/strong><\/h3>\n<p>Siamo consapevoli che l'area eccellente \u00e8 individuale. Mentre il nostro Arc Table di base \u00e8 sviluppato per essere globalmente elegante, offriamo un servizio di personalizzazione su misura per creare un pezzo che sia distintamente vostro. Se avete bisogno di misure particolari per adattarsi completamente all'altezza del vostro divano, di un profilo pi\u00f9 ampio per fungere da tavolino da caff\u00e8 minimalista e persino di un colore delicato, come un avanzato grigio fum\u00e9 o un caldo bronzo, possiamo lavorare con voi per creare un tavolo che si adatti specificamente alla vostra visione.<\/p>\n<p><strong>Verdetto: Un investimento nel design classico\u00a0<\/strong>.<\/p>\n<p>Il tavolo Arc \u00e8 pi\u00f9 di un oggetto: \u00e8 un punto di vista sul design reso concreto. \u00c8 un investimento in luce, spazio e nella resistente eleganza del minimalismo. Con il suo tipo senza tempo, la sua costruzione robusta e la sua infinita praticit\u00e0, \u00e8 un oggetto che si adatter\u00e0 a voi nel corso degli anni. Scegliendo il tavolo Arc, si crea un'atmosfera di qualit\u00e0, tranquillit\u00e0 ed eleganza sottovalutata, una stanza in cui si pu\u00f2 davvero respirare.<\/p>","protected":false},"excerpt":{"rendered":"<p class=\"ng-star-inserted\"><span class=\"ng-star-inserted\">Scoprite l'eleganza nordica e minimalista con il nostro tavolino in acrilico trasparente. Realizzato in un unico pezzo con una curva a cascata senza soluzione di continuit\u00e0, il suo design \u201cfantasma\u201d fa sembrare pi\u00f9 grande qualsiasi stanza. Perfetto come tavolino, comodino o elegante espositore. Durevole, elegante e personalizzabile per adattarsi al vostro spazio unico.<\/span><\/p>","protected":false},"featured_media":1168,"template":"","meta":{"_kad_post_transparent":"default","_kad_post_title":"","_kad_post_layout":"default","_kad_post_sidebar_id":"","_kad_post_content_style":"default","_kad_post_vertical_padding":"default","_kad_post_feature":"","_kad_post_feature_position":"","_kad_post_header":false,"_kad_post_footer":false,"_kad_post_classname":""},"product_brand":[],"product_cat":[21],"product_tag":[123],"class_list":{"0":"post-1164","1":"product","2":"type-product","3":"status-publish","4":"has-post-thumbnail","6":"product_cat-custom-acrylic-furnitures","7":"product_tag-acrylic-side-table","9":"first","10":"instock","11":"shipping-taxable","12":"product-type-simple","13":"entry","14":"content-bg","15":"loop-entry"},"_links":{"self":[{"href":"https:\/\/customacrylicproduct.com\/it\/wp-json\/wp\/v2\/product\/1164","targetHints":{"allow":["GET"]}}],"collection":[{"href":"https:\/\/customacrylicproduct.com\/it\/wp-json\/wp\/v2\/product"}],"about":[{"href":"https:\/\/customacrylicproduct.com\/it\/wp-json\/wp\/v2\/types\/product"}],"wp:featuredmedia":[{"embeddable":true,"href":"https:\/\/customacrylicproduct.com\/it\/wp-json\/wp\/v2\/media\/1168"}],"wp:attachment":[{"href":"https:\/\/customacrylicproduct.com\/it\/wp-json\/wp\/v2\/media?parent=1164"}],"wp:term":[{"taxonomy":"product_brand","embeddable":true,"href":"https:\/\/customacrylicproduct.com\/it\/wp-json\/wp\/v2\/product_brand?post=1164"},{"taxonomy":"product_cat","embeddable":true,"href":"https:\/\/customacrylicproduct.com\/it\/wp-json\/wp\/v2\/product_cat?post=1164"},{"taxonomy":"product_tag","embeddable":true,"href":"https:\/\/customacrylicproduct.com\/it\/wp-json\/wp\/v2\/product_tag?post=1164"}],"curies":[{"name":"wp","href":"https:\/\/api.w.org\/{rel}","templated":true}]}}