{"id":1169,"date":"2025-07-17T11:30:47","date_gmt":"2025-07-17T11:30:47","guid":{"rendered":"https:\/\/customacrylicproduct.com\/?post_type=product&#038;p=1169"},"modified":"2025-07-22T07:33:23","modified_gmt":"2025-07-22T07:33:23","slug":"acrylic-transparent-chair-outdoor-event-bamboo-napoleon-chair","status":"publish","type":"product","link":"https:\/\/customacrylicproduct.com\/it\/acrylic-transparent-chair-outdoor-event-bamboo-napoleon-chair\/","title":{"rendered":"Sedia trasparente acrilica Evento all'aperto Sedia Napoleone in bamb\u00f9"},"content":{"rendered":"<h3 id=\"the-crystal-napoleon-chair-where-classic-style-meets-modern-radiance\">La sedia Napoleon in cristallo: Dove lo stile classico incontra lo splendore moderno<\/h3>\n<p>Pensate a un'occasione in cui ogni informazione mormora di eleganza. Immaginate una cerimonia in cortile inondata di sole, un gal\u00e0 illuminato dalle stelle o un lancio d'affari chic in cui l'arredamento risulti al tempo stesso grandioso e leggero. Al centro di questa visione c'\u00e8 una scelta di sedute che non si limita a offrire una caratteristica, ma eleva l'intera atmosfera. Vi presentiamo la Polimero Trasparente \u201cGhost\u201d Napoleon Chair, un'abile fusione di grandezza storica e moderna tecnologia di allestimento. Non si tratta di una semplice sedia, ma di un elemento di spicco, di un elemento di allestimento e del trucco per creare un'atmosfera memorabile.<\/p>\n<p><img fetchpriority=\"high\" decoding=\"async\" class=\"aligncenter wp-image-1172 size-full\" src=\"https:\/\/customacrylicproduct.com\/wp-content\/uploads\/2025\/07\/\u4e3b\u56fe05-3.jpg\" alt=\"Sedia trasparente in acrilico\" width=\"800\" height=\"800\" srcset=\"https:\/\/customacrylicproduct.com\/wp-content\/uploads\/2025\/07\/\u4e3b\u56fe05-3.jpg 800w, https:\/\/customacrylicproduct.com\/wp-content\/uploads\/2025\/07\/\u4e3b\u56fe05-3-300x300.jpg 300w, https:\/\/customacrylicproduct.com\/wp-content\/uploads\/2025\/07\/\u4e3b\u56fe05-3-150x150.jpg 150w, https:\/\/customacrylicproduct.com\/wp-content\/uploads\/2025\/07\/\u4e3b\u56fe05-3-768x768.jpg 768w, https:\/\/customacrylicproduct.com\/wp-content\/uploads\/2025\/07\/\u4e3b\u56fe05-3-600x600.jpg 600w, https:\/\/customacrylicproduct.com\/wp-content\/uploads\/2025\/07\/\u4e3b\u56fe05-3-100x100.jpg 100w\" sizes=\"(max-width: 800px) 100vw, 800px\" \/><\/p>\n<p><strong>Un'eredit\u00e0 ripensata: Lo spirito napoleonico<\/strong><\/p>\n<p>La sedia Napoleon vanta un'abbondante eredit\u00e0, che affonda le sue radici nel lussuoso periodo del Regno di Francia all'inizio del XIX secolo. Riconosciuta per la sua silhouette regale e raffinata, l'intramontabile sedia Napoleon si identifica per le sue caratteristiche distintive: una guida accuratamente smerlata o ondulata, eleganti perni verticali o doghe che sviluppano lo schienale e gambe splendidamente tornite. La nostra sedia Napoleon in polimero rende un fedele omaggio a questo design classico.<\/p>\n<p>Abbiamo conservato con cura la forma leggendaria che per secoli ha abbellito sale di ricevimento e case signorili. La sottile curvatura del corrimano crea un profilo morbido e invitante, mentre i perni sottili e uniformemente distanziati forniscono un fascino visivo e un aiuto ergonomico alla schiena. Le gambe e i pioli di assistenza sono caratterizzati da fragili torniture in stile bamb\u00f9 - un cenno alla moda della cineseria preferita dal design europeo - che includono struttura, dettagli e una sensazione di artigianalit\u00e0. Cogliendo questa essenza storica, la sedia dona un tocco di fascino classico e continentale a qualsiasi tipo di ambiente.<img decoding=\"async\" class=\"aligncenter wp-image-1170 size-full\" src=\"https:\/\/customacrylicproduct.com\/wp-content\/uploads\/2025\/07\/\u4e3b\u56fe03-1.jpg\" alt=\"Sedia trasparente in acrilico\" width=\"800\" height=\"800\" srcset=\"https:\/\/customacrylicproduct.com\/wp-content\/uploads\/2025\/07\/\u4e3b\u56fe03-1.jpg 800w, https:\/\/customacrylicproduct.com\/wp-content\/uploads\/2025\/07\/\u4e3b\u56fe03-1-300x300.jpg 300w, https:\/\/customacrylicproduct.com\/wp-content\/uploads\/2025\/07\/\u4e3b\u56fe03-1-150x150.jpg 150w, https:\/\/customacrylicproduct.com\/wp-content\/uploads\/2025\/07\/\u4e3b\u56fe03-1-768x768.jpg 768w, https:\/\/customacrylicproduct.com\/wp-content\/uploads\/2025\/07\/\u4e3b\u56fe03-1-600x600.jpg 600w, https:\/\/customacrylicproduct.com\/wp-content\/uploads\/2025\/07\/\u4e3b\u56fe03-1-100x100.jpg 100w\" sizes=\"(max-width: 800px) 100vw, 800px\" \/><\/p>\n<p><strong>La trasformazione dell'apertura: La magia del polimero<\/strong><\/p>\n<p>La sua forma \u00e8 senza tempo, ma il suo prodotto \u00e8 innovativo. La sedia \u00e8 realizzata da un unico pezzo di policarbonato (acrilico) all'avanguardia, stampato a iniezione. Questo sofisticato processo di produzione assicura una costruzione impeccabile, senza giunture, viti o impedimenti, che garantisce una notevole resistenza e robustezza.<\/p>\n<p>La magia della verit\u00e0, tuttavia, si basa sulla sua impressionante apertura. Spesso descritta come una sedia \u201cfantasma\u201d o \u201ccristallo\u201d, la sua trasparenza liquida produce un impatto estetico sensazionale. Ecco come questa propriet\u00e0 residenziale o commerciale unica cambia la vostra area:.<\/p>\n<ul>\n<li><strong>Sviluppa un'impressione dell'area:\u00a0<\/strong>In luoghi piccoli o ad alta densit\u00e0 di posti a sedere, le sedie standard possono far sembrare uno spazio affollato e pesante. La sedia Crystal Napoleon fa il contrario. La sua natura trasparente permette alla luce di attraversarla, sviluppando un aspetto aperto, ventilato e minimalista. Fa sembrare qualsiasi spazio pi\u00f9 grande, pi\u00f9 luminoso e pi\u00f9 accogliente.<\/li>\n<li><strong>Una tela perfetta per l'arredamento:\u00a0<\/strong>Questa sedia non si appropria del tema dell'allestimento, ma lo esalta. La struttura chiara consente alla biancheria da tavola, alle piante floreali e alla disposizione delle luci di essere al centro della scena. Si abbina perfettamente a qualsiasi tipo di combinazione di colori, dai tenui pastelli ai sofisticati colori crema, fino ai colori pi\u00f9 audaci e significativi. \u00c8 il massimo del camaleonte, adattandosi perfettamente a un'estetica rustica, moderna, classica o boh\u00e9mien.<\/li>\n<li><strong>Interagisce perfettamente con la luce:\u00a0<\/strong>Durante il giorno, la sedia cattura la luce naturale del sole, rifrangendola in modo tale da renderla scintillante e luminosa. Di notte, diventa una tela per le luci dell'occasione. Le luci di scena, le stringhe di luci o i LED colorati attraverseranno e metteranno in mostra le sedie, producendo una luminosit\u00e0 spettacolare e celestiale che aggiunger\u00e0 un tocco di incanto al vostro evento.<\/li>\n<\/ul>\n<p><img decoding=\"async\" class=\"aligncenter wp-image-1173 size-full\" src=\"https:\/\/customacrylicproduct.com\/wp-content\/uploads\/2025\/07\/\u4e3b\u56fe06-1.jpg\" alt=\"Sedia trasparente in acrilico\" width=\"800\" height=\"800\" srcset=\"https:\/\/customacrylicproduct.com\/wp-content\/uploads\/2025\/07\/\u4e3b\u56fe06-1.jpg 800w, https:\/\/customacrylicproduct.com\/wp-content\/uploads\/2025\/07\/\u4e3b\u56fe06-1-300x300.jpg 300w, https:\/\/customacrylicproduct.com\/wp-content\/uploads\/2025\/07\/\u4e3b\u56fe06-1-150x150.jpg 150w, https:\/\/customacrylicproduct.com\/wp-content\/uploads\/2025\/07\/\u4e3b\u56fe06-1-768x768.jpg 768w, https:\/\/customacrylicproduct.com\/wp-content\/uploads\/2025\/07\/\u4e3b\u56fe06-1-600x600.jpg 600w, https:\/\/customacrylicproduct.com\/wp-content\/uploads\/2025\/07\/\u4e3b\u56fe06-1-100x100.jpg 100w\" sizes=\"(max-width: 800px) 100vw, 800px\" \/><\/p>\n<p><strong>Progettato per le feste: La robustezza soddisfa la praticit\u00e0<\/strong><\/p>\n<p>Una sedia per occasioni non deve essere solo bella, deve essere un cavallo di battaglia. La sedia Acrylic Napoleon \u00e8 stata progettata per soddisfare le esigenze del settore delle occasioni e le richieste dei proprietari di casa pi\u00f9 esigenti.<\/p>\n<ul>\n<li><strong>Una resistenza impareggiabile:\u00a0<\/strong>Nonostante l'aspetto fragile e simile al vetro, questa sedia \u00e8 eccezionalmente durevole. Costruita in policarbonato resistente agli urti, \u00e8 stata creata per resistere alle asperit\u00e0 dell'uso frequente, sostenendo un peso significativo senza flettersi o incrinarsi.<\/li>\n<li><strong>Clima e immunit\u00e0 ai raggi UV:\u00a0<\/strong>Perfetto sia per gli interni che per gli esterni, il materiale \u00e8 impermeabile e resistente alle intemperie. Inoltre, \u00e8 trattato con uno stabilizzatore UV, che garantisce che non ingiallisca o si indebolisca se sottoposto alla luce del sole, mantenendo la sua trasparenza cristallina per molti anni a venire.<\/li>\n<li><strong>Manutenzione semplice e facile:\u00a0<\/strong>Schizzi, impronte digitali e sporcizia si puliscono comodamente con un panno morbido, rendendo la pulizia dopo un evento semplice e veloce. La superficie non porosa resiste alle macchie, mantenendo le sedie immacolate di volta in volta.<\/li>\n<li><strong>Leggero e impilabile:\u00a0<\/strong>Per gli organizzatori di eventi e le societ\u00e0 di noleggio, la logistica \u00e8 fondamentale. Queste sedie sono molto leggere e consentono di trasportarle, configurarle e riorganizzarle facilmente. Inoltre, sono state sviluppate per essere impilate in modo efficiente, riducendo le esigenze di spazio per lo stoccaggio.<\/li>\n<\/ul>\n<p><strong>La convenienza personificata: Dal \u201clo voglio\u201d all'azienda elegante<\/strong><\/p>\n<p>Il fascino universale della sedia Crystal Napoleon la rende ideale per un'ampia gamma di occasioni.<\/p>\n<ul>\n<li><strong>Matrimoni e ricevimenti:\u00a0<\/strong>Che sia lungo la navata per la cerimonia o organizzata intorno a tavoli perfettamente apparecchiati durante la cerimonia, questa sedia aggiunge un tocco di romanticismo fiabesco e di classe contemporanea.<\/li>\n<li><strong>Cene di gala e banchetti:\u00a0<\/strong>Date slancio a un evento formale con sedute che dimostrano lusso e classe. L'apertura delle sedie evita l'ingombro estetico, consentendo una visuale indisturbata in tutto lo spazio.<\/li>\n<li><strong>Eventi aziendali e conferenze:\u00a0<\/strong>Proiettate un'immagine lungimirante, trendy ed esperta. Queste sedie sono ideali per cerimonie di premiazione, lanci di prodotti e workshop di alto livello.<\/li>\n<li><strong>Feste e celebrazioni personali:\u00a0<\/strong>Dai compleanni di svolta alle sofisticate feste in giardino e alle docce nuziali, questa sedia migliora immediatamente l'aspetto e l'atmosfera di qualsiasi festa personale.<\/li>\n<li><strong>In casa:\u00a0<\/strong>In passato, \u00e8 stata utilizzata come una splendida sedia da pranzo, un'elegante poltrona d'accento in un soggiorno o una poltrona da toilette in una camera da letto o in una cabina armadio.<\/li>\n<\/ul>\n<p><strong>Personalizzate il vostro comfort<\/strong><\/p>\n<p>Pur essendo spettacolare di per s\u00e9, la sedia pu\u00f2 essere comodamente abbellita. Aggiungete uno dei nostri cuscini di seduta su misura, offerti in una gamma di colori come il tradizionale bianco, l'avorio o il nero, per offrire un maggiore comfort ai visitatori durante le occasioni pi\u00f9 lunghe e per collegarvi alla vostra combinazione di colori. Lo schienale di classe \u00e8 inoltre ideale per essere accessoriato con allestimenti floreali, fasce o insegne personalizzate.<\/p>\n<p>La sedia Napoleon in acrilico trasparente \u00e8 molto pi\u00f9 di un'area di riposo. \u00c8 un dispositivo di allestimento che consente di creare spazi spettacolari. Rappresenta il miglior paradosso: \u00e8 una presenza consistente che crea una sensazione di leggerezza; un layout storico che sembra assolutamente nuovo; un robusto cavallo di battaglia che sembra una fragile opera d'arte. Scegliete la Crystal Napoleon Chair e lasciate che la sua eleganza senza tempo e la sua brillantezza contemporanea siano alla base dei vostri momenti pi\u00f9 significativi.<\/p>","protected":false},"excerpt":{"rendered":"<p class=\"ng-star-inserted\"><strong class=\"ng-star-inserted\"><span class=\"ng-star-inserted\">Opzione 1 (elegante e suggestiva):<\/span><\/strong><br class=\"ng-star-inserted\" \/><span class=\"ng-star-inserted\">Elevate il vostro evento con la nostra splendida sedia Napoleon in acrilico. Il suo design \u201cfantasma\u201d cristallino e la classica struttura in stile bamb\u00f9 offrono un'eleganza senza tempo. Resistente e chic, \u00e8 perfetta per matrimoni sofisticati, banchetti e feste all'aperto.<\/span><\/p>\n<p class=\"ng-star-inserted\"><strong class=\"ng-star-inserted\"><span class=\"ng-star-inserted\">Opzione 2 (diretta e informativa):<\/span><\/strong><br class=\"ng-star-inserted\" \/><span class=\"ng-star-inserted\">Un classico moderno per qualsiasi evento. La nostra sedia Napoleon in acrilico trasparente presenta eleganti dettagli in stile bamb\u00f9. Questa sedia resistente \u00e8 perfetta per aggiungere un tocco di raffinatezza a matrimoni, serate di gala e funzioni sia all'interno che all'esterno.<\/span><\/p>\n<p class=\"ng-star-inserted\"><strong class=\"ng-star-inserted\"><span class=\"ng-star-inserted\">Opzione 3 (breve e incisiva):<\/span><\/strong><br class=\"ng-star-inserted\" \/><span class=\"ng-star-inserted\">L'eleganza moderna incontra il design senza tempo. La nostra sedia Napoleon in acrilico trasparente con dettagli in stile bamb\u00f9 crea un look straordinario per ogni occasione. Ideale per matrimoni ed eventi chic, all'interno o all'esterno. Forte, elegante e indimenticabile.<\/span><\/p>","protected":false},"featured_media":1172,"template":"","meta":{"_kad_post_transparent":"default","_kad_post_title":"","_kad_post_layout":"default","_kad_post_sidebar_id":"","_kad_post_content_style":"default","_kad_post_vertical_padding":"default","_kad_post_feature":"","_kad_post_feature_position":"","_kad_post_header":false,"_kad_post_footer":false,"_kad_post_classname":""},"product_brand":[],"product_cat":[21],"product_tag":[122],"class_list":{"0":"post-1169","1":"product","2":"type-product","3":"status-publish","4":"has-post-thumbnail","6":"product_cat-custom-acrylic-furnitures","7":"product_tag-acrylic-transparent-chair","9":"first","10":"instock","11":"shipping-taxable","12":"product-type-simple","13":"entry","14":"content-bg","15":"loop-entry"},"_links":{"self":[{"href":"https:\/\/customacrylicproduct.com\/it\/wp-json\/wp\/v2\/product\/1169","targetHints":{"allow":["GET"]}}],"collection":[{"href":"https:\/\/customacrylicproduct.com\/it\/wp-json\/wp\/v2\/product"}],"about":[{"href":"https:\/\/customacrylicproduct.com\/it\/wp-json\/wp\/v2\/types\/product"}],"wp:featuredmedia":[{"embeddable":true,"href":"https:\/\/customacrylicproduct.com\/it\/wp-json\/wp\/v2\/media\/1172"}],"wp:attachment":[{"href":"https:\/\/customacrylicproduct.com\/it\/wp-json\/wp\/v2\/media?parent=1169"}],"wp:term":[{"taxonomy":"product_brand","embeddable":true,"href":"https:\/\/customacrylicproduct.com\/it\/wp-json\/wp\/v2\/product_brand?post=1169"},{"taxonomy":"product_cat","embeddable":true,"href":"https:\/\/customacrylicproduct.com\/it\/wp-json\/wp\/v2\/product_cat?post=1169"},{"taxonomy":"product_tag","embeddable":true,"href":"https:\/\/customacrylicproduct.com\/it\/wp-json\/wp\/v2\/product_tag?post=1169"}],"curies":[{"name":"wp","href":"https:\/\/api.w.org\/{rel}","templated":true}]}}