{"id":1175,"date":"2025-07-17T12:17:59","date_gmt":"2025-07-17T12:17:59","guid":{"rendered":"https:\/\/customacrylicproduct.com\/?post_type=product&#038;p=1175"},"modified":"2025-07-22T07:34:19","modified_gmt":"2025-07-22T07:34:19","slug":"acrylic-medal-cup-trophy-commemorative-trophy-customization","status":"publish","type":"product","link":"https:\/\/customacrylicproduct.com\/it\/acrylic-medal-cup-trophy-commemorative-trophy-customization\/","title":{"rendered":"Medaglia acrilica Coppa Trofeo Commemorativo Personalizzazione del Trofeo"},"content":{"rendered":"<h3 id=\"-celebrate-quality-with-our-bespoke-custom-polymer-trophies-honors-\"><strong>Celebrate la qualit\u00e0 con i nostri trofei e le nostre onorificenze personalizzate in polimero\u00a0<\/strong>.<\/h3>\n<p>In un mondo di momenti di breve durata e di riconoscimenti elettronici, il potere di un segno concreto di riconoscimento continua a essere impareggiabile. Un premio \u00e8 molto pi\u00f9 di un semplice oggetto: \u00e8 un racconto, una testimonianza di impegno, il segno di una svolta significativa. Vi invitiamo a spostarvi oltre la media e ad abbracciare la bellezza moderna e il potenziale illimitato dei nostri Trofei personalizzati in polimero. Realizzati per registrare lo spirito unico di ogni risultato, i nostri trofei trasformano l'apprezzamento in un'opera d'arte senza tempo.<\/p>\n<p>Che si tratti del riconoscimento di un lavoratore eccellente, della celebrazione di una squadra campione o di un ringraziamento a un consulente importante, i nostri articoli in acrilico personalizzati offrono un mezzo innovativo, durevole e profondamente personale per dire: \u201cIl vostro contributo \u00e8 importante\u201d.<\/p>\n<p><img fetchpriority=\"high\" decoding=\"async\" class=\"aligncenter wp-image-1179 size-full\" src=\"https:\/\/customacrylicproduct.com\/wp-content\/uploads\/2025\/07\/\u4e3b\u56fe05-4.jpg\" alt=\"Coppa Medaglia in acrilico\" width=\"800\" height=\"800\" srcset=\"https:\/\/customacrylicproduct.com\/wp-content\/uploads\/2025\/07\/\u4e3b\u56fe05-4.jpg 800w, https:\/\/customacrylicproduct.com\/wp-content\/uploads\/2025\/07\/\u4e3b\u56fe05-4-300x300.jpg 300w, https:\/\/customacrylicproduct.com\/wp-content\/uploads\/2025\/07\/\u4e3b\u56fe05-4-150x150.jpg 150w, https:\/\/customacrylicproduct.com\/wp-content\/uploads\/2025\/07\/\u4e3b\u56fe05-4-768x768.jpg 768w, https:\/\/customacrylicproduct.com\/wp-content\/uploads\/2025\/07\/\u4e3b\u56fe05-4-600x600.jpg 600w, https:\/\/customacrylicproduct.com\/wp-content\/uploads\/2025\/07\/\u4e3b\u56fe05-4-100x100.jpg 100w\" sizes=\"(max-width: 800px) 100vw, 800px\" \/><\/p>\n<h4 id=\"-why-acrylic-the-clear-selection-for-modern-acknowledgment-\"><strong>Perch\u00e9 l'acrilico? La scelta chiara per un riconoscimento moderno\u00a0<\/strong>.<\/h4>\n<p>Per anni i premi standard si sono limitati all'acciaio e al vetro. Oggi, l'acrilico di qualit\u00e0 superiore \u00e8 emerso come materiale superiore per i premi moderni, integrando il meglio di tutti i mondi.<\/p>\n<ul>\n<li><strong>Qualit\u00e0 incontaminata e splendore visivo:\u00a0<\/strong>Il nostro acrilico vanta un'elevata qualit\u00e0 cristallina, pari a quella dei pi\u00f9 costosi vetri ottici. Cattura e rifrange magnificamente la luce, conferendo a ogni onorificenza un bagliore radioso e una sensazione di eminenza. A differenza del vetro, \u00e8 intrinsecamente privo di colore verdastro, assicurando che l'attenzione rimanga totalmente sul layout personalizzato e sull'incisione.<\/li>\n<li><strong>Eccezionale longevit\u00e0, sicurezza e protezione:\u00a0<\/strong>La vita accade e gli incidenti possono capitare. L'acrilico \u00e8 molto pi\u00f9 resistente ai frantumi e agli urti rispetto al vetro, il che lo rende una scelta pi\u00f9 sicura e duratura, soprattutto per i trofei sportivi o i premi esposti in aree ad alto traffico. La sua leggerezza lo rende inoltre pi\u00f9 facile e sicuro da trattare, presentare e spedire.<\/li>\n<li><strong>Adattabilit\u00e0 al design senza pari:\u00a0<\/strong>\u00c8 qui che l'acrilico brilla davvero. Il materiale pu\u00f2 essere tagliato con precisione in qualsiasi forma possibile. Come si vede nella nostra galleria, possiamo produrre qualsiasi cosa, da un classico blocco a forma di rettangolo per un regalo aziendale di ringraziamento a un dinamico premio calcistico in pi\u00f9 parti, una celebrit\u00e0 di classe, una guardia formale o un distinto tesoro sfaccettato. La vostra visione \u00e8 l'unico limite.<\/li>\n<li><strong>Sofisticatezza a costi contenuti:\u00a0<\/strong>Ottenete l'aspetto del cristallo di prima qualit\u00e0 senza il prezzo eccessivo. L'acrilico offre un'immagine di qualit\u00e0 superiore e una forte dichiarazione di valore, consentendovi di destinare il vostro piano di spesa a personalizzazioni pi\u00f9 complesse o alla premiazione di un numero maggiore di destinatari.<\/li>\n<\/ul>\n<p><img decoding=\"async\" class=\"aligncenter wp-image-1176 size-full\" src=\"https:\/\/customacrylicproduct.com\/wp-content\/uploads\/2025\/07\/\u8be6\u60c5\u56fe15-1.jpg\" alt=\"Coppa Medaglia in acrilico\" width=\"790\" height=\"738\" srcset=\"https:\/\/customacrylicproduct.com\/wp-content\/uploads\/2025\/07\/\u8be6\u60c5\u56fe15-1.jpg 790w, https:\/\/customacrylicproduct.com\/wp-content\/uploads\/2025\/07\/\u8be6\u60c5\u56fe15-1-300x280.jpg 300w, https:\/\/customacrylicproduct.com\/wp-content\/uploads\/2025\/07\/\u8be6\u60c5\u56fe15-1-768x717.jpg 768w, https:\/\/customacrylicproduct.com\/wp-content\/uploads\/2025\/07\/\u8be6\u60c5\u56fe15-1-600x561.jpg 600w\" sizes=\"(max-width: 790px) 100vw, 790px\" \/><\/p>\n<h4 id=\"-the-art-of-customization-your-vision-brought-to-life-\"><strong>L'arte della personalizzazione: La vostra visione, portata in vita\u00a0<\/strong>.<\/h4>\n<p>Un'onorificenza generica e fuori dagli schemi pu\u00f2 sembrare impersonale. La nostra procedura di personalizzazione \u00e8 studiata per garantire che ogni premio sia speciale come la persona o il traguardo che commemora. Offriamo un'ampia gamma di opzioni di personalizzazione per creare un pezzo davvero distintivo.<\/p>\n<p><strong>1. Forma e tipo: Oltre il rettangolo\u00a0<\/strong>. Le foto mostrano solo una parte delle possibilit\u00e0. Possiamo realizzare il vostro premio in diverse forme:.<\/p>\n<ul>\n<li><strong>Moduli specifici per lo sport:\u00a0<\/strong>Come nel caso dei nostri suggestivi trofei di calcio e di nuoto, possiamo creare una onorificenza sotto forma di pallone, di attrezzatura, di mascotte o di qualsiasi tipo di icona pertinente allo sport.<\/li>\n<li><strong>Forme simboliche:\u00a0<\/strong>Il premio a forma di stella \u00e8 perfetto per riconoscere una \u201cstar dell'intrattenimento\u201d, mentre il premio di guardia comunica protezione, onore e tenacia. Le forme ottagonali e sfaccettate del cristallo danno un tocco di stile geometrico e di differenza.<\/li>\n<li><strong>Stili incentrati sul logo:\u00a0<\/strong>Possiamo ridurre l'acrilico al logo della vostra azienda o del vostro gruppo per un premio che sia immediatamente noto e incredibilmente di marca.<\/li>\n<li><strong>Targhe e blocchi standard:\u00a0<\/strong>Il fascino senza tempo di un blocco rettangolare o quadrato, come la nostra targa di ringraziamento \u201cGrazie\u201d, offre un'enorme tela per messaggi dettagliati ed \u00e8 perfetta per lo schermo del desktop.<\/li>\n<\/ul>\n<p><strong>2. Iscrizione e stampa: Profondit\u00e0 e dettagli inclusi\u00a0<\/strong>. Utilizziamo una tecnologia moderna e avanzata per applicare il vostro messaggio e la vostra grafica con una precisione spettacolare.<\/p>\n<ul>\n<li><strong>Iscrizione laser:\u00a0<\/strong>Per una personalizzazione nitida, ordinata e irreversibile, l'incisione laser \u00e8 il criterio d'oro. Il messaggio e le linee grafiche sono di un bianco smerigliato che contrasta elegantemente con il polimero trasparente. Questo metodo \u00e8 perfetto per messaggi dettagliati, come quelli sinceri riportati sui nostri premi di apprezzamento:\u00a0<em>\u201d Che possiate essere orgogliosi del lavoro che fate, dell'individuo che siete e della distinzione che fate\u201d.\u201d\u00a0<\/em>.<\/li>\n<li><strong>Stampa UV a colori:\u00a0<\/strong>Per includere vivaci disegni di logo, foto o grafiche colorate, utilizziamo la stampa UV avanzata. Questa tecnica stampa l'inchiostro direttamente sulla superficie acrilica, che viene poi rapidamente polimerizzata per sviluppare un'immagine a colori robusta, resistente ai graffi ed esteticamente magnifica. La ricca texture marrone del pallone da calcio e il giallo intenso del nuotatore sono esempi lampanti di questa moderna tecnologia in ufficio.<\/li>\n<\/ul>\n<p><strong>3. Contenuto web personalizzato: Il cuore del premio\u00a0<\/strong>. Ogni premio racconta. Collaboreremo sicuramente con voi per integrare tutti i componenti importanti:.<\/p>\n<ul>\n<li><strong>Nome e titolo del destinatario\u00a0<\/strong>.<\/li>\n<li><strong>Denominazione dell'onorificenza (ad esempio, \u201cMembro del personale dell'anno\u201d, \u201cMVP\u201d, \u201cClub dei capi di stato\u201d)\u00a0<\/strong>.<\/li>\n<li><strong>Il giorno del successo\u00a0<\/strong>.<\/li>\n<li><strong>Citazioni motivazionali o messaggi individuali\u00a0<\/strong>.<\/li>\n<li><strong>Loghi dell'azienda, del gruppo o dell'evento\u00a0<\/strong>.<\/li>\n<\/ul>\n<p><img decoding=\"async\" class=\"aligncenter wp-image-1177 size-full\" src=\"https:\/\/customacrylicproduct.com\/wp-content\/uploads\/2025\/07\/\u8be6\u60c5\u56fe16.jpg\" alt=\"Coppa Medaglia in acrilico\" width=\"790\" height=\"767\" srcset=\"https:\/\/customacrylicproduct.com\/wp-content\/uploads\/2025\/07\/\u8be6\u60c5\u56fe16.jpg 790w, https:\/\/customacrylicproduct.com\/wp-content\/uploads\/2025\/07\/\u8be6\u60c5\u56fe16-300x291.jpg 300w, https:\/\/customacrylicproduct.com\/wp-content\/uploads\/2025\/07\/\u8be6\u60c5\u56fe16-768x746.jpg 768w, https:\/\/customacrylicproduct.com\/wp-content\/uploads\/2025\/07\/\u8be6\u60c5\u56fe16-600x583.jpg 600w\" sizes=\"(max-width: 790px) 100vw, 790px\" \/><\/p>\n<h4 id=\"-a-prize-for-each-celebration-\"><strong>Un premio per ogni celebrazione\u00a0<\/strong>.<\/h4>\n<p>I nostri premi in acrilico personalizzati sono sufficientemente flessibili da adattarsi a qualsiasi tipo di evento o pietra miliare che meriti di essere onorata.<\/p>\n<ul>\n<li><strong>Riconoscimento aziendale e commerciale:\u00a0<\/strong>Aumenta lo spirito e coltiva una cultura dell'ammirazione. Perfetto per premi di vendita, membri del personale del mese, trofei di leadership, regali di pensionamento e targhe di riconoscimento di partnership. Il blocco inciso \u201cGrazie\u201d \u00e8 un regalo ideale per clienti, compagni e mentori.<\/li>\n<li><strong>Trofei e medaglie sportive:\u00a0<\/strong>Dalle organizzazioni giovanili alle competizioni per esperti, sviluppate un'onorificenza che i giocatori saranno sicuramente onorati di presentare. Possiamo personalizzare trofei per calcio, nuoto, basket, calcio, golf e qualsiasi altro sport.<\/li>\n<li><strong>Risultati accademici e formativi:\u00a0<\/strong>Riconoscere l'impegno di alunni, insegnanti e professori. Adatto per lauree, premi per i diplomati, fiere della ricerca scientifica, club di dibattito e riconoscimenti come \u201cEducatore dell'anno\u201d.<\/li>\n<li><strong>Presenti personali e ricordi commemorativi:\u00a0<\/strong>Per celebrare un anniversario speciale, un compleanno o una svolta individuale. Un bel ricordo per ringraziare un amico, un parente o un volontario locale per l'importanza che ha avuto nella vostra vita. Il messaggio,\u00a0<em>\u201d Non ignorate mai la differenza che avete fatto e le vite che avete toccato\u201d.\u201d\u00a0<\/em>\u00e8 una visione potente per una tale celebrazione.<\/li>\n<\/ul>\n<h4 id=\"-our-commitment-to-remarkable-quality-\"><strong>Il nostro impegno per una qualit\u00e0 straordinaria\u00a0<\/strong>.<\/h4>\n<p>Crediamo che un premio sia il riflesso della qualit\u00e0 di chi lo riceve e della stima di chi lo conferisce. Per questo motivo non scendiamo a compromessi nel dedicarci alla massima qualit\u00e0. Ogni trofeo \u00e8 realizzato in acrilico fuso ad alta densit\u00e0, garantito per resistere all'ingiallimento nel tempo. I nostri tagli laser di precisione garantiscono lati notevoli e raffinati e il nostro accurato processo di garanzia della qualit\u00e0 assicura che il prodotto finale sia un'opera d'arte ideale, pronta per essere discussa con orgoglio.<\/p>\n<p>Non limitatevi a offrire un premio. Offrite un'icona d'onore, un'opera d'arte e un ricordo duraturo. Esplorate le opportunit\u00e0 offerte dai nostri premi in acrilico personalizzati e permetteteci di aiutarvi a celebrare i risultati ottenuti con stile.<\/p>\n<p><strong>Ordinate il vostro oggi stesso e sviluppate un patrimonio di riconoscimenti.\u00a0<\/strong>.<\/p>","protected":false},"excerpt":{"rendered":"<p class=\"ng-star-inserted\"><span class=\"ng-star-inserted\">Celebrate qualsiasi risultato con i nostri trofei acrilici personalizzati. Offriamo un'ampia gamma di design, dalle medaglie sportive ai premi aziendali e alle targhe commemorative. Personalizzate con il vostro logo o testo per un regalo unico, di alta qualit\u00e0 e memorabile. Perfetti per ogni occasione.<\/span><\/p>","protected":false},"featured_media":1179,"template":"","meta":{"_kad_post_transparent":"default","_kad_post_title":"","_kad_post_layout":"default","_kad_post_sidebar_id":"","_kad_post_content_style":"default","_kad_post_vertical_padding":"default","_kad_post_feature":"","_kad_post_feature_position":"","_kad_post_header":false,"_kad_post_footer":false,"_kad_post_classname":""},"product_brand":[],"product_cat":[19],"product_tag":[121],"class_list":{"0":"post-1175","1":"product","2":"type-product","3":"status-publish","4":"has-post-thumbnail","6":"product_cat-custom-acrylic-trophies-awards","7":"product_tag-acrylic-medal-cup","9":"first","10":"instock","11":"shipping-taxable","12":"product-type-simple","13":"entry","14":"content-bg","15":"loop-entry"},"_links":{"self":[{"href":"https:\/\/customacrylicproduct.com\/it\/wp-json\/wp\/v2\/product\/1175","targetHints":{"allow":["GET"]}}],"collection":[{"href":"https:\/\/customacrylicproduct.com\/it\/wp-json\/wp\/v2\/product"}],"about":[{"href":"https:\/\/customacrylicproduct.com\/it\/wp-json\/wp\/v2\/types\/product"}],"wp:featuredmedia":[{"embeddable":true,"href":"https:\/\/customacrylicproduct.com\/it\/wp-json\/wp\/v2\/media\/1179"}],"wp:attachment":[{"href":"https:\/\/customacrylicproduct.com\/it\/wp-json\/wp\/v2\/media?parent=1175"}],"wp:term":[{"taxonomy":"product_brand","embeddable":true,"href":"https:\/\/customacrylicproduct.com\/it\/wp-json\/wp\/v2\/product_brand?post=1175"},{"taxonomy":"product_cat","embeddable":true,"href":"https:\/\/customacrylicproduct.com\/it\/wp-json\/wp\/v2\/product_cat?post=1175"},{"taxonomy":"product_tag","embeddable":true,"href":"https:\/\/customacrylicproduct.com\/it\/wp-json\/wp\/v2\/product_tag?post=1175"}],"curies":[{"name":"wp","href":"https:\/\/api.w.org\/{rel}","templated":true}]}}