{"id":1188,"date":"2025-07-17T12:52:29","date_gmt":"2025-07-17T12:52:29","guid":{"rendered":"https:\/\/customacrylicproduct.com\/?post_type=product&#038;p=1188"},"modified":"2025-07-22T07:43:01","modified_gmt":"2025-07-22T07:43:01","slug":"acrylic-products-round-rod-special-rod-sample-customization","status":"publish","type":"product","link":"https:\/\/customacrylicproduct.com\/it\/acrylic-products-round-rod-special-rod-sample-customization\/","title":{"rendered":"Prodotti acrilici Asta rotonda Asta speciale Campione di personalizzazione"},"content":{"rendered":"<h3 id=\"-discover-the-brilliance-of-custom-made-polymer-rods-where-quality-satisfies-creative-thinking-\"><strong>Scoprite la brillantezza delle aste in polimero su misura: Dove la qualit\u00e0 soddisfa il pensiero creativo<\/strong><\/h3>\n<p>Nel mondo del layout, dello stile e della produzione, il prodotto ideale pu\u00f2 trasformare un compito da comune a straordinario. Pu\u00f2 catturare la luce, definire lo spazio e trasformare un'idea di base in una verit\u00e0 spettacolare. Vi invitiamo a scoprire l'infinito potenziale dei nostri pali in acrilico personalizzati: una fusione perfetta di splendida chiarezza, robusta efficienza e creativit\u00e0 su misura, come dimostra la spettacolare asta \u201cstarlight bubble\u201d presentata nella nostra galleria.<\/p>\n<p><img fetchpriority=\"high\" decoding=\"async\" class=\"aligncenter wp-image-1191 size-full\" src=\"https:\/\/customacrylicproduct.com\/wp-content\/uploads\/2025\/07\/O1CN01hYxjII1Bs2hJGf7OW_0-0-cib.jpg\" alt=\"Prodotti acrilici Asta tonda\" width=\"800\" height=\"800\" srcset=\"https:\/\/customacrylicproduct.com\/wp-content\/uploads\/2025\/07\/O1CN01hYxjII1Bs2hJGf7OW_0-0-cib.jpg 800w, https:\/\/customacrylicproduct.com\/wp-content\/uploads\/2025\/07\/O1CN01hYxjII1Bs2hJGf7OW_0-0-cib-300x300.jpg 300w, https:\/\/customacrylicproduct.com\/wp-content\/uploads\/2025\/07\/O1CN01hYxjII1Bs2hJGf7OW_0-0-cib-150x150.jpg 150w, https:\/\/customacrylicproduct.com\/wp-content\/uploads\/2025\/07\/O1CN01hYxjII1Bs2hJGf7OW_0-0-cib-768x768.jpg 768w, https:\/\/customacrylicproduct.com\/wp-content\/uploads\/2025\/07\/O1CN01hYxjII1Bs2hJGf7OW_0-0-cib-600x600.jpg 600w, https:\/\/customacrylicproduct.com\/wp-content\/uploads\/2025\/07\/O1CN01hYxjII1Bs2hJGf7OW_0-0-cib-100x100.jpg 100w\" sizes=\"(max-width: 800px) 100vw, 800px\" \/><\/p>\n<p><strong>Un primo sguardo: La magia del materiale<\/strong><\/p>\n<p>L'immagine che avete davanti \u00e8 molto pi\u00f9 di un semplice pezzo di plastica: rivela un mondo di possibilit\u00e0 racchiuse in un tipo perfettamente rotondo. Questa \u00e8 la nostra asta in acrilico dal risultato unico, diligentemente realizzata per suscitare ammirazione. Notifica il corpo cristallino, cos\u00ec puro da sembrare filato dalla luce liquida. All'interno di questo straordinario mezzo sono sospese numerose piccole bolle iridescenti, congelate nel tempo come una galassia di stelle. Quando la luce la attraversa, ogni bolla la cattura e la rifrange, producendo un effetto dinamico e scintillante che \u00e8 allo stesso tempo sottile ed emozionante. Il completamento viene ridotto con assoluta precisione, esponendo una superficie lucida, simile a quella del vetro, che parla della massima qualit\u00e0 del prodotto e della nostra maestria. Questo \u00e8 il criterio di qualit\u00e0 che potete aspettarvi da ogni articolo che creiamo.<\/p>\n<p><strong>L'impareggiabile qualit\u00e0 del polimero premium (PMMA)<\/strong><\/p>\n<p>Le nostre aste sono realizzate con il pi\u00f9 alto grado possibile di polimetilmetacrilato (PMMA), rinomato per le sue straordinarie propriet\u00e0. Scegliendo il nostro acrilico, scegliete un materiale che garantisce:.<\/p>\n<ul>\n<li><strong>Preminenza ottica:\u00a0<\/strong>Con una trasmittanza luminosa superiore a 92%, le nostre aste in acrilico sono pi\u00f9 chiare del vetro e offrono una qualit\u00e0 ineguagliabile senza il colore verde tipico dei materiali di qualit\u00e0 inferiore. Questo le rende ideali per le applicazioni in cui il gioco di luce e la purezza estetica sono fondamentali.<\/li>\n<li><strong>Durata sorprendente:\u00a0<\/strong>Nonostante l'aspetto fragile, il polimero \u00e8 incredibilmente resistente. La sua resistenza agli urti \u00e8 nettamente superiore a quella del vetro, il che lo rende un'opzione pi\u00f9 sicura e robusta per le installazioni pubbliche, gli schermi dei negozi e le parti utili dell'arredamento. Resiste al deterioramento, riducendo i pericoli e le spese di sostituzione.<\/li>\n<li><strong>Resistenza leggera:\u00a0<\/strong>Il polimero pesa meno del cinquanta per cento del vetro, il che semplifica il trasporto, la gestione e l'installazione. Questa leggerezza permette una maggiore libert\u00e0 di progettazione, consentendo lo sviluppo di installazioni su larga scala e di strutture pi\u00f9 complesse senza la necessit\u00e0 di un gruppo di supporto robusto.<\/li>\n<li><strong>Condizioni atmosferiche e resistenza ai raggi UV:\u00a0<\/strong>Le nostre aste in acrilico sono intrinsecamente resistenti agli agenti atmosferici e ai risultati distruttivi dei raggi ultravioletti. Non ingialliscono e non si rompono se esposti alle intemperie, garantendo che i vostri progetti mantengano il loro fascino e la loro integrit\u00e0 strutturale per molti anni, sia che vengano utilizzati all'interno che all'esterno.<\/li>\n<li><strong>Lavorabilit\u00e0:\u00a0<\/strong>L'acrilico \u00e8 il materiale dei sogni degli sviluppatori. Pu\u00f2 essere esattamente tagliato, forato, lavorato, piegato a caldo e lucidato fino a raggiungere una brillantezza fantastica. Questa semplicit\u00e0 di costruzione consente di realizzare layout complessi e di assimilare senza problemi altri materiali come il legno, il metallo e la roccia.<\/li>\n<\/ul>\n<p><img decoding=\"async\" class=\"aligncenter wp-image-1192 size-full\" src=\"https:\/\/customacrylicproduct.com\/wp-content\/uploads\/2025\/07\/O1CN01KxWG7J2558tIF5BY9_2817387474-0-cib.jpg\" alt=\"Prodotti acrilici Asta tonda\" width=\"800\" height=\"800\" srcset=\"https:\/\/customacrylicproduct.com\/wp-content\/uploads\/2025\/07\/O1CN01KxWG7J2558tIF5BY9_2817387474-0-cib.jpg 800w, https:\/\/customacrylicproduct.com\/wp-content\/uploads\/2025\/07\/O1CN01KxWG7J2558tIF5BY9_2817387474-0-cib-300x300.jpg 300w, https:\/\/customacrylicproduct.com\/wp-content\/uploads\/2025\/07\/O1CN01KxWG7J2558tIF5BY9_2817387474-0-cib-150x150.jpg 150w, https:\/\/customacrylicproduct.com\/wp-content\/uploads\/2025\/07\/O1CN01KxWG7J2558tIF5BY9_2817387474-0-cib-768x768.jpg 768w, https:\/\/customacrylicproduct.com\/wp-content\/uploads\/2025\/07\/O1CN01KxWG7J2558tIF5BY9_2817387474-0-cib-600x600.jpg 600w, https:\/\/customacrylicproduct.com\/wp-content\/uploads\/2025\/07\/O1CN01KxWG7J2558tIF5BY9_2817387474-0-cib-100x100.jpg 100w\" sizes=\"(max-width: 800px) 100vw, 800px\" \/><\/p>\n<p><strong>Il potere della personalizzazione: La vostra visione, realizzata<\/strong><\/p>\n<p>Crediamo che ogni progetto sia speciale e che gli elementi di serie non debbano limitare la vostra immaginazione. Il nostro servizio principale \u00e8 la personalizzazione completa, che vi permette di specificare l'asta specifica di cui avete bisogno per dare vita alla vostra visione.<\/p>\n<p>Le nostre scelte di personalizzazione includono:.<\/p>\n<ul>\n<li><strong>Dimensioni e lunghezza:\u00a0<\/strong>Dai pali sottili e fragili per i supporti di gioielli preziosi alle barre spesse e significative per i componenti architettonici, possiamo creare pali in una vasta gamma di diametri. Offriamo un taglio di precisione per qualsiasi tipo di lunghezza necessaria al vostro progetto, garantendo ogni volta un adattamento ideale.<\/li>\n<li><strong>Impatti speciali e stili:\u00a0<\/strong>L'asta \u201cstarlight bubble\u201d \u00e8 solo un esempio delle nostre capacit\u00e0. Siamo in grado di produrre una vasta gamma di aste speciali ad impatto, tra cui:.<\/li>\n<li><strong>Pali a spirale:\u00a0<\/strong>Eleganti vortici colorati avvolti da un'asta trasparente per un impatto artistico vibrante.<\/li>\n<li><strong>Aste smerigliate e opache:\u00a0<\/strong>Una superficie sabbiata o opaca che diffonde meravigliosamente la luce, perfetta per apparecchi di illuminazione contemporanei e schermi per la privacy.<\/li>\n<li><strong>Pali fluorescenti:\u00a0<\/strong>Aste con lati colorati e radianti che sembrano illuminarsi da soli, perfette per insegne e display attraenti.<\/li>\n<li><strong>Aste colorate:\u00a0<\/strong>Uno spettro completo di colori trasparenti, traslucidi e opachi per adattarsi all'identit\u00e0 del vostro marchio o alla vostra combinazione di stili.<\/li>\n<li><strong>Forme:\u00a0<\/strong>Sebbene l'asta rotonda sia un classico senza tempo, forniamo anche forme di palo uniche, come quelle quadrate, triangolari o magari personalizzate, per soddisfare ostacoli specifici alla disposizione.<\/li>\n<li><strong>Tocchi di completamento:\u00a0<\/strong>Possiamo offrire ulteriori soluzioni costruttive, come la smussatura dei lati per un aspetto lucido, l'esecuzione di fori precisi per l'installazione o la filettatura delle estremit\u00e0 per la messa a punto meccanica.<\/li>\n<\/ul>\n<p><img decoding=\"async\" class=\"aligncenter wp-image-1189 size-full\" src=\"https:\/\/customacrylicproduct.com\/wp-content\/uploads\/2025\/07\/O1CN01Ac8edu2558tN3XBpg_2817387474-0-cib.jpg\" alt=\"Prodotti acrilici Asta tonda\" width=\"800\" height=\"800\" srcset=\"https:\/\/customacrylicproduct.com\/wp-content\/uploads\/2025\/07\/O1CN01Ac8edu2558tN3XBpg_2817387474-0-cib.jpg 800w, https:\/\/customacrylicproduct.com\/wp-content\/uploads\/2025\/07\/O1CN01Ac8edu2558tN3XBpg_2817387474-0-cib-300x300.jpg 300w, https:\/\/customacrylicproduct.com\/wp-content\/uploads\/2025\/07\/O1CN01Ac8edu2558tN3XBpg_2817387474-0-cib-150x150.jpg 150w, https:\/\/customacrylicproduct.com\/wp-content\/uploads\/2025\/07\/O1CN01Ac8edu2558tN3XBpg_2817387474-0-cib-768x768.jpg 768w, https:\/\/customacrylicproduct.com\/wp-content\/uploads\/2025\/07\/O1CN01Ac8edu2558tN3XBpg_2817387474-0-cib-600x600.jpg 600w, https:\/\/customacrylicproduct.com\/wp-content\/uploads\/2025\/07\/O1CN01Ac8edu2558tN3XBpg_2817387474-0-cib-100x100.jpg 100w\" sizes=\"(max-width: 800px) 100vw, 800px\" \/><\/p>\n<p><strong>Applicazioni: Dove possono portarvi le nostre barre acriliche?<\/strong><\/p>\n<p>L'adattabilit\u00e0 delle nostre aste acriliche personalizzate le rende adatte a un'incredibile selezione di mercati e applicazioni:.<\/p>\n<ul>\n<li><strong>Architettura e design d'interni:\u00a0<\/strong>Create splendide balaustre per le scale, attraenti pareti divisorie, gambe per arredi unici, pali per tende e apparecchi di illuminazione su misura che fungono da fulcro di un'area.<\/li>\n<li><strong>Vendita al dettaglio e visual retail:\u00a0<\/strong>Lo stile degli espositori per punti vendita di fascia alta, dei titolari di gioielli di moda, degli stand estetici e della segnaletica cattura l'interesse dei clienti ed eleva il valore del vostro marchio.<\/li>\n<li><strong>Arte e scultura:\u00a0<\/strong>Per gli artisti e gli intagliatori, le nostre aste offrono uno strumento unico per giocare con la luce, i caratteri e l'apertura, rendendo possibile la creazione di allestimenti mozzafiato e oggetti d'arte.<\/li>\n<li><strong>Passatempo e artigianato:\u00a0<\/strong>Dalla realizzazione di lame e spazi penna personalizzati alla costruzione di versioni distinte o di bacchette dall'aspetto magico, i nostri bastoni offrono un prodotto di alta qualit\u00e0 per gli hobbisti pi\u00f9 esigenti.<\/li>\n<li><strong>Industriale e tecnico:\u00a0<\/strong>Utilizzateli come condutture luminose per incanalare l'illuminazione in spazi limitati, come spie durevoli per il monitoraggio dei liquidi o come elementi non conduttivi nelle impostazioni digitali.<\/li>\n<\/ul>\n<p><strong>Richiedete oggi stesso il vostro campione personalizzato<\/strong><\/p>\n<p>Siamo consapevoli che vedere e sentire \u00e8 credere. Per garantire che i nostri articoli siano adatti alle vostre esigenze, offriamo un programma completo di modifica dei campioni. Non dovete scegliere un esempio generico, ma potete richiedere un campione realizzato in base alle vostre specifiche esigenze. Valutate la nitidezza, verificate l'impatto della \u201cbolla di luce stellare\u201d nelle vostre condizioni di illuminazione e convalidate le misure e la superficie. Questa esperienza diretta vi garantir\u00e0 la fiducia in voi stessi prima di dedicarvi a una produzione completa.<\/p>\n<p>Collaborate con noi per sbloccare un nuovo livello di potenziale stilistico. Uniamoci per produrre pezzi non solo utili, ma anche realmente motivanti.<\/p>\n<p><strong>Chiamateci oggi stesso per esaminare il vostro lavoro, scoprire le nostre opzioni di modifica e richiedere il vostro campione di palo acrilico su misura. Costruiamo insieme qualcosa di fantastico.\u00a0<\/strong>.<\/p>","protected":false},"excerpt":{"rendered":"<p class=\"ng-star-inserted\"><span class=\"ng-star-inserted\">Aste acriliche personalizzate di alta qualit\u00e0. Offriamo una vivace selezione di aste rotonde e speciali, compresi i modelli a bolle e a vortice. Disponibili in vari colori e diametri. Resistenti e cristalline. Richiedete oggi stesso un campione per il vostro progetto unico<\/span><\/p>","protected":false},"featured_media":1191,"template":"","meta":{"_kad_post_transparent":"default","_kad_post_title":"","_kad_post_layout":"default","_kad_post_sidebar_id":"","_kad_post_content_style":"default","_kad_post_vertical_padding":"default","_kad_post_feature":"","_kad_post_feature_position":"","_kad_post_header":false,"_kad_post_footer":false,"_kad_post_classname":""},"product_brand":[],"product_cat":[23],"product_tag":[119],"class_list":{"0":"post-1188","1":"product","2":"type-product","3":"status-publish","4":"has-post-thumbnail","6":"product_cat-custom-acrylic-rods-tubes","7":"product_tag-acrylic-products-round-rod","9":"first","10":"instock","11":"shipping-taxable","12":"product-type-simple","13":"entry","14":"content-bg","15":"loop-entry"},"_links":{"self":[{"href":"https:\/\/customacrylicproduct.com\/it\/wp-json\/wp\/v2\/product\/1188","targetHints":{"allow":["GET"]}}],"collection":[{"href":"https:\/\/customacrylicproduct.com\/it\/wp-json\/wp\/v2\/product"}],"about":[{"href":"https:\/\/customacrylicproduct.com\/it\/wp-json\/wp\/v2\/types\/product"}],"wp:featuredmedia":[{"embeddable":true,"href":"https:\/\/customacrylicproduct.com\/it\/wp-json\/wp\/v2\/media\/1191"}],"wp:attachment":[{"href":"https:\/\/customacrylicproduct.com\/it\/wp-json\/wp\/v2\/media?parent=1188"}],"wp:term":[{"taxonomy":"product_brand","embeddable":true,"href":"https:\/\/customacrylicproduct.com\/it\/wp-json\/wp\/v2\/product_brand?post=1188"},{"taxonomy":"product_cat","embeddable":true,"href":"https:\/\/customacrylicproduct.com\/it\/wp-json\/wp\/v2\/product_cat?post=1188"},{"taxonomy":"product_tag","embeddable":true,"href":"https:\/\/customacrylicproduct.com\/it\/wp-json\/wp\/v2\/product_tag?post=1188"}],"curies":[{"name":"wp","href":"https:\/\/api.w.org\/{rel}","templated":true}]}}