{"id":1197,"date":"2025-07-18T01:30:25","date_gmt":"2025-07-18T01:30:25","guid":{"rendered":"https:\/\/customacrylicproduct.com\/?post_type=product&#038;p=1197"},"modified":"2025-07-22T07:45:08","modified_gmt":"2025-07-22T07:45:08","slug":"crystal-acrylic-trophy-digital-anniversary-trophy-custom-made","status":"publish","type":"product","link":"https:\/\/customacrylicproduct.com\/it\/crystal-acrylic-trophy-digital-anniversary-trophy-custom-made\/","title":{"rendered":"Trofeo di cristallo acrilico Trofeo anniversario digitale su misura"},"content":{"rendered":"<h3 id=\"redefining-acknowledgment-the-custom-made-crystal-polymer-anniversary-trophy\">Ridefinire il riconoscimento: Il Trofeo Anniversario in Cristallo Polimerico su Misura<\/h3>\n<p>In tutto il mondo, sia per i risultati aziendali che per i punti di svolta individuali, il riconoscimento \u00e8 la moneta corrente della motivazione. \u00c8 l'espressione sostanziale dell'apprezzamento, la raccomandazione pubblica della qualit\u00e0 e l'artefatto a lungo termine di un lavoro ben fatto. Per troppo tempo, tuttavia, le icone di questo riconoscimento hanno continuato a essere stagnanti: targhe generiche e forme di vetro prevedibili che, per quanto simpatiche, non riescono a cogliere la vivacit\u00e0 e il dinamismo del successo contemporaneo.<\/p>\n<p>Il nostro team ritiene che un contributo impressionante sia degno di un premio eccezionale. \u00c8 giunto il momento di superare il tradizionale e di dare il benvenuto a un tipo di riconoscimento che sia unico, abbagliante e sfaccettato come i risultati che celebra. Siamo lieti di presentare la nostra linea di Trofei in cristallo acrilico su misura, una nuova generazione di premi sviluppati per essere pi\u00f9 di un semplice pegno: sono un'opera d'arte.<\/p>\n<p>Come si vede nelle magnifiche istanze realizzate per il 30\u00b0 anniversario di MINGYANG, questi trofei non sono semplici oggetti, ma affermazioni. Sono una fusione di layout all'avanguardia, colori vivaci e narrazione personalizzata, creati per riconoscere i risultati pi\u00f9 significativi del vostro gruppo in un modo che non dimenticheranno mai.<\/p>\n<p><img fetchpriority=\"high\" decoding=\"async\" class=\"aligncenter wp-image-1201 size-large\" src=\"https:\/\/customacrylicproduct.com\/wp-content\/uploads\/2025\/07\/\u4e3b\u56fe05-6-1024x1024.jpg\" alt=\" Trofeo in acrilico \" width=\"1024\" height=\"1024\" srcset=\"https:\/\/customacrylicproduct.com\/wp-content\/uploads\/2025\/07\/\u4e3b\u56fe05-6-1024x1024.jpg 1024w, https:\/\/customacrylicproduct.com\/wp-content\/uploads\/2025\/07\/\u4e3b\u56fe05-6-300x300.jpg 300w, https:\/\/customacrylicproduct.com\/wp-content\/uploads\/2025\/07\/\u4e3b\u56fe05-6-150x150.jpg 150w, https:\/\/customacrylicproduct.com\/wp-content\/uploads\/2025\/07\/\u4e3b\u56fe05-6-768x768.jpg 768w, https:\/\/customacrylicproduct.com\/wp-content\/uploads\/2025\/07\/\u4e3b\u56fe05-6-600x600.jpg 600w, https:\/\/customacrylicproduct.com\/wp-content\/uploads\/2025\/07\/\u4e3b\u56fe05-6-100x100.jpg 100w, https:\/\/customacrylicproduct.com\/wp-content\/uploads\/2025\/07\/\u4e3b\u56fe05-6.jpg 1440w\" sizes=\"(max-width: 1024px) 100vw, 1024px\" \/><\/p>\n<h4 id=\"a-symphony-of-light-color-and-measurement\">Una sinfonia di luce, colore e misurazioni<\/h4>\n<p>Ci\u00f2 che distingue rapidamente i nostri trofei in cristallo polimerico \u00e8 la loro ampia profondit\u00e0 estetica e la loro esistenza vibrante. Ogni premio \u00e8 una struttura meticolosamente orchestrata di strati, sviluppata per attirare lo sguardo e raccontare una storia da ogni angolazione.<\/p>\n<p><strong>La Fondazione: Il blocco acrilico di cristallo\u00a0<\/strong>. Il cuore di ogni trofeo \u00e8 costituito da un blocco significativo e resistente di polimeri attoriali di grado ottico. Lo chiamiamo \u201ccristallo acrilico\u201d per un motivo. Ha la notevole qualit\u00e0 e l'appagante pesantezza del cristallo tradizionale, ma con una longevit\u00e0 e un'adattabilit\u00e0 al layout di prim'ordine. Ogni blocco \u00e8 tagliato con precisione e i suoi lati sono lucidati al diamante per ottenere una finitura ideale, simile a quella del vetro, che cattura e rifrange la luce ambientale, producendo un sofisticato bagliore luminescente. Questa tela solida e trasparente offre il miglior palcoscenico per l'arte al suo interno.<\/p>\n<p><strong>Il cuore: La storia vibrante e divisa\u00a0<\/strong>. Il cuore dell'onorificenza risiede nella sua spettacolare storia a colori. Utilizzando una tecnica all'avanguardia di stampa inversa, infondiamo il retro del blocco acrilico con immagini abbondanti e vibranti. Come si vede nelle immagini, si pu\u00f2 passare da un rosso intenso a un arancione caldo e celebrativo, o da un azzurro sereno a una tonalit\u00e0 nautica profonda. Questa tecnica di stampa sul retro del blocco suggerisce che l'immagine \u00e8 stata controllata.\u00a0<em>attraverso\u00a0<\/em>L'acrilico \u00e8 stato applicato in tutta la sua profondit\u00e0, dando un'incredibile sensazione di dimensione e salvaguardando l'opera d'arte da eventuali graffi superficiali. Le sfumature sembrano fluttuare all'interno del trofeo, dando vita a un risultato incantevole, sofisticato e moderno al tempo stesso.<\/p>\n<p><strong>Il sito: Il sorprendente componente 3D\u00a0<\/strong>. La verit\u00e0 di questo design \u00e8 il famoso numero tridimensionale che sembra saltare fuori dalla superficie. Per i premi MINGYANG, questi numeri - \u201d5\u201d, \u201c20\u201d, \u201c30\u201d - significano francamente gli anni di soluzione o l'anniversario di matrimonio da commemorare. Questi elementi sono tagliati con precisione al laser da un elemento separato di acrilico bianco solido e non trasparente, e posizionati meticolosamente sulla faccia del trofeo. Questo crea un efficace senso di profondit\u00e0, gettando una raffinata oscurit\u00e0 sulla storia colorata e fornendo un primo piano tattile e di grande impatto. L'aggiunta del suffisso \u201cTH\u201d, anch'esso in 3D, aggiunge un tocco di linguaggio celebrativo tradizionale a questo design estremamente moderno.<\/p>\n<p><strong>Il messaggio: L'iscrizione nitida e personalizzata\u00a0<\/strong>. L'ultimo strato \u00e8 il messaggio stesso. Il design del logo aziendale, il titolo del premio (\u201dSuperior Payment Individual\u201d), il dipartimento (\u201d\u4e0a\u6d77\u4e8b\u4e1a\u90e8\u201d) e le informazioni sull'anniversario sono tutti stampati con precisione lancinante direttamente sulla superficie dell'acrilico grazie all'innovazione della stampa UV. Questa strategia garantisce che ogni riga di testo e ogni curva del vostro logo sia dotata di eccellente nitidezza e resistenza, completando la narrazione del riconoscimento.<\/p>\n<h4 id=\"the-power-of-true-customization-\">Il potere della vera personalizzazione<\/h4>\n<p>Questi premi non sono articoli di serie. Ognuno di essi \u00e8 una produzione su misura, personalizzata per riflettere il nome del vostro marchio, il vostro messaggio e il vostro evento unico. La nostra procedura di impaginazione \u00e8 una collaborazione, che vi permette di produrre un premio che \u00e8 una vera e propria estensione della vostra societ\u00e0 commerciale.<\/p>\n<p><strong>Il vostro marchio, i vostri colori:\u00a0<\/strong>Siamo in grado di adattare perfettamente i gradienti della storia e il testo pubblicato allo schema di tonalit\u00e0 della vostra azienda, assicurando un'agevole assimilazione del marchio. Il vostro logo sar\u00e0 replicato con integrit\u00e0 impeccabile.<\/p>\n<p><strong>Il vostro messaggio, il vostro punto di svolta:\u00a0<\/strong>Che si tratti di commemorare un 5\u00b0, 10\u00b0, 25\u00b0 o 50\u00b0 anniversario, un successo di vendita o una vita da pensionato, il numero del sito 3D e tutti i messaggi incisi sono totalmente personalizzabili. Possiamo riconoscere un \u201cLavoratore dell'anno\u201d, un \u201cInducente del Club dei Capi di Stato\u201d o un \u201cGruppo di introduzione ai compiti\u201d con lo stesso livello di informazioni personalizzate.<\/p>\n<p><strong>La vostra visione, la nostra maestria:\u00a0<\/strong>Il nostro team di sviluppatori e artigiani si occuper\u00e0 di convertire la vostra visione in una spettacolare onorificenza fisica. Dall'idea preliminare all'ultimo prodotto elegante, ci dedichiamo allo sviluppo di un premio che superi le vostre aspettative e che funga da efficace segno di gratitudine.<\/p>\n<p><img decoding=\"async\" class=\"aligncenter wp-image-1200 size-large\" src=\"https:\/\/customacrylicproduct.com\/wp-content\/uploads\/2025\/07\/\u4e3b\u56fe04-2-1024x1024.jpg\" alt=\" Trofeo in acrilico \" width=\"1024\" height=\"1024\" srcset=\"https:\/\/customacrylicproduct.com\/wp-content\/uploads\/2025\/07\/\u4e3b\u56fe04-2-1024x1024.jpg 1024w, https:\/\/customacrylicproduct.com\/wp-content\/uploads\/2025\/07\/\u4e3b\u56fe04-2-300x300.jpg 300w, https:\/\/customacrylicproduct.com\/wp-content\/uploads\/2025\/07\/\u4e3b\u56fe04-2-150x150.jpg 150w, https:\/\/customacrylicproduct.com\/wp-content\/uploads\/2025\/07\/\u4e3b\u56fe04-2-768x768.jpg 768w, https:\/\/customacrylicproduct.com\/wp-content\/uploads\/2025\/07\/\u4e3b\u56fe04-2-600x600.jpg 600w, https:\/\/customacrylicproduct.com\/wp-content\/uploads\/2025\/07\/\u4e3b\u56fe04-2-100x100.jpg 100w, https:\/\/customacrylicproduct.com\/wp-content\/uploads\/2025\/07\/\u4e3b\u56fe04-2.jpg 1440w\" sizes=\"(max-width: 1024px) 100vw, 1024px\" \/><\/p>\n<h4 id=\"greater-than-an-honor-a-device-for-motivation-\">Pi\u00f9 di un onore: Un dispositivo per la motivazione<\/h4>\n<p>In qualsiasi tipo di organizzazione, una forte societ\u00e0 di riconoscimento \u00e8 importante. Rafforza gli animi, motiva una competizione sana ed equilibrata ed esalta i valori che si vogliono promuovere. Consegnare a un collaboratore uno di questi Trofei in polimero di cristallo \u00e8 un momento efficace. Dice molto di pi\u00f9 di un \u201cgrazie\u201d.<\/p>\n<p>Dice: \u201cTi vediamo\u201d. Dice: \u201cIl tuo pagamento \u00e8 vivido e profondo\u201d. Dice: \u201cIl tuo lavoro \u00e8 contemporaneo, ingegnoso e merita di essere celebrato\u201d.<\/p>\n<p>A differenza di un normale trofeo che potrebbe essere nascosto, questo \u00e8 un oggetto d'arte da scrivania, che stimola la discussione e ricorda in modo costante e splendido i risultati raggiunti. D\u00e0 soddisfazione a chi lo riceve e motiva i colleghi, dimostrando in modo tangibile che l'eccellenza \u00e8 vista, apprezzata e celebrata in modo davvero notevole.<\/p>\n<p><img decoding=\"async\" class=\"aligncenter wp-image-1199 size-large\" src=\"https:\/\/customacrylicproduct.com\/wp-content\/uploads\/2025\/07\/\u4e3b\u56fe03-3-1024x1024.jpg\" alt=\" Trofeo in acrilico \" width=\"1024\" height=\"1024\" srcset=\"https:\/\/customacrylicproduct.com\/wp-content\/uploads\/2025\/07\/\u4e3b\u56fe03-3-1024x1024.jpg 1024w, https:\/\/customacrylicproduct.com\/wp-content\/uploads\/2025\/07\/\u4e3b\u56fe03-3-300x300.jpg 300w, https:\/\/customacrylicproduct.com\/wp-content\/uploads\/2025\/07\/\u4e3b\u56fe03-3-150x150.jpg 150w, https:\/\/customacrylicproduct.com\/wp-content\/uploads\/2025\/07\/\u4e3b\u56fe03-3-768x768.jpg 768w, https:\/\/customacrylicproduct.com\/wp-content\/uploads\/2025\/07\/\u4e3b\u56fe03-3-600x600.jpg 600w, https:\/\/customacrylicproduct.com\/wp-content\/uploads\/2025\/07\/\u4e3b\u56fe03-3-100x100.jpg 100w, https:\/\/customacrylicproduct.com\/wp-content\/uploads\/2025\/07\/\u4e3b\u56fe03-3.jpg 1440w\" sizes=\"(max-width: 1024px) 100vw, 1024px\" \/><\/p>\n<p><strong>Ideale per una variet\u00e0 di occasioni:<\/strong><\/p>\n<ul>\n<li><strong>Anniversari aziendali:\u00a0<\/strong>Onorare il percorso dell'azienda e le persone che lo hanno reso possibile.<\/li>\n<li><strong>Anniversari di lavoro e onorificenze di servizio:\u00a0<\/strong>Celebrate la fedelt\u00e0 dei lavoratori con un'onorificenza unica per 5, 10, 20 o pi\u00f9 anni di collaborazione.<\/li>\n<li><strong>Onorificenze per le vendite e l'efficienza:\u00a0<\/strong>Identificate i migliori intrattenitori con un trofeo che rispecchi il loro vibrante successo.<\/li>\n<li><strong>Gestione e sviluppo Onorificenze:\u00a0<\/strong>Onorare i leader visionari e le idee rivoluzionarie.<\/li>\n<li><strong>Apprezzamento dei clienti e dei partner:\u00a0<\/strong>Ringraziate i partner pi\u00f9 importanti con un regalo memorabile e di alta qualit\u00e0 che rappresenti il vostro solido legame.<\/li>\n<li><strong>Regali di pensionamento:\u00a0<\/strong>Onorate un lavoro lungo ed efficace con un bel ricordo.<\/li>\n<\/ul>\n<p>Scegliete di rendere memorabile il vostro prossimo momento di riconoscimento. Scegliete un trofeo in cristallo acrilico su misura e regalate un premio fantastico e degno di nota come il successo che rappresenta.<\/p>","protected":false},"excerpt":{"rendered":"<p class=\"ng-star-inserted\"><span class=\"ng-star-inserted\">Onorate i vostri successi con i nostri moderni trofei in cristallo acrilico. Perfetti per gli anniversari digitali, questi premi personalizzati presentano sfondi vibranti e stratificati e numeri 3D di grande effetto. Un modo unico e di alta qualit\u00e0 per celebrare contributi eccezionali e pietre miliari aziendali. Completamente personalizzabili.<\/span><\/p>","protected":false},"featured_media":1201,"template":"","meta":{"_kad_post_transparent":"default","_kad_post_title":"","_kad_post_layout":"default","_kad_post_sidebar_id":"","_kad_post_content_style":"default","_kad_post_vertical_padding":"default","_kad_post_feature":"","_kad_post_feature_position":"","_kad_post_header":false,"_kad_post_footer":false,"_kad_post_classname":""},"product_brand":[],"product_cat":[19],"product_tag":[96,107],"class_list":{"0":"post-1197","1":"product","2":"type-product","3":"status-publish","4":"has-post-thumbnail","6":"product_cat-custom-acrylic-trophies-awards","7":"product_tag-acrylic-awards","8":"product_tag-digital-anniversary","10":"first","11":"instock","12":"shipping-taxable","13":"product-type-simple","14":"entry","15":"content-bg","16":"loop-entry"},"_links":{"self":[{"href":"https:\/\/customacrylicproduct.com\/it\/wp-json\/wp\/v2\/product\/1197","targetHints":{"allow":["GET"]}}],"collection":[{"href":"https:\/\/customacrylicproduct.com\/it\/wp-json\/wp\/v2\/product"}],"about":[{"href":"https:\/\/customacrylicproduct.com\/it\/wp-json\/wp\/v2\/types\/product"}],"wp:featuredmedia":[{"embeddable":true,"href":"https:\/\/customacrylicproduct.com\/it\/wp-json\/wp\/v2\/media\/1201"}],"wp:attachment":[{"href":"https:\/\/customacrylicproduct.com\/it\/wp-json\/wp\/v2\/media?parent=1197"}],"wp:term":[{"taxonomy":"product_brand","embeddable":true,"href":"https:\/\/customacrylicproduct.com\/it\/wp-json\/wp\/v2\/product_brand?post=1197"},{"taxonomy":"product_cat","embeddable":true,"href":"https:\/\/customacrylicproduct.com\/it\/wp-json\/wp\/v2\/product_cat?post=1197"},{"taxonomy":"product_tag","embeddable":true,"href":"https:\/\/customacrylicproduct.com\/it\/wp-json\/wp\/v2\/product_tag?post=1197"}],"curies":[{"name":"wp","href":"https:\/\/api.w.org\/{rel}","templated":true}]}}