{"id":1202,"date":"2025-07-18T01:42:21","date_gmt":"2025-07-18T01:42:21","guid":{"rendered":"https:\/\/customacrylicproduct.com\/?post_type=product&#038;p=1202"},"modified":"2025-07-22T07:46:08","modified_gmt":"2025-07-22T07:46:08","slug":"custom-acrylic-display-stand-small-shelf-in-front-of-cash-register","status":"publish","type":"product","link":"https:\/\/customacrylicproduct.com\/it\/custom-acrylic-display-stand-small-shelf-in-front-of-cash-register\/","title":{"rendered":"Banco di mostra acrilico personalizzato Piccolo scaffale di fronte al registratore di cassa"},"content":{"rendered":"<h3 id=\"-maximize-your-point-of-sale-prospective-the-ultimate-custom-made-acrylic-present-mean-your-countertop-\"><strong>Massimizzate le prospettive del vostro punto vendita: L'ultimo regalo acrilico su misura significa il vostro piano di lavoro\u00a0<\/strong>.<\/h3>\n<p>Nel frenetico mondo della vendita al dettaglio, la cassa \u00e8 molto pi\u00f9 di un semplice luogo di acquisto: \u00e8 il punto di contatto finale e cruciale nel percorso del cliente. \u00c8 l'ultima occasione per fare colpo, valorizzare il vostro marchio e catturare un'ultima vendita. Banconi caotici con schermi generici possono far perdere opportunit\u00e0 e annacquare il messaggio del marchio. \u00c8 giunto il momento di trasformare questo utile spazio in un'efficace struttura di vendita con il nostro espositore acrilico personalizzato, progettato per stare davanti al registro delle vendite e trasformare il tasso di interesse passeggero in acquisti d'impulso.<\/p>\n<p>Come mostrato nelle immagini, non si tratta di un semplice scaffale, ma di un articolo pubblicitario su misura. Realizzati in acrilico di alta qualit\u00e0, questi schermi espositivi sono stati creati per essere esteticamente magnifici ed estremamente utili, offrendo una fase perfetta per i vostri piccoli articoli ad alto margine di guadagno.<\/p>\n<p><img fetchpriority=\"high\" decoding=\"async\" class=\"aligncenter wp-image-1207 size-full\" src=\"https:\/\/customacrylicproduct.com\/wp-content\/uploads\/2025\/07\/\u4e3b\u56fe05-7.jpg\" alt=\"Display acrilico personalizzato\" width=\"800\" height=\"800\" srcset=\"https:\/\/customacrylicproduct.com\/wp-content\/uploads\/2025\/07\/\u4e3b\u56fe05-7.jpg 800w, https:\/\/customacrylicproduct.com\/wp-content\/uploads\/2025\/07\/\u4e3b\u56fe05-7-300x300.jpg 300w, https:\/\/customacrylicproduct.com\/wp-content\/uploads\/2025\/07\/\u4e3b\u56fe05-7-150x150.jpg 150w, https:\/\/customacrylicproduct.com\/wp-content\/uploads\/2025\/07\/\u4e3b\u56fe05-7-768x768.jpg 768w, https:\/\/customacrylicproduct.com\/wp-content\/uploads\/2025\/07\/\u4e3b\u56fe05-7-600x600.jpg 600w, https:\/\/customacrylicproduct.com\/wp-content\/uploads\/2025\/07\/\u4e3b\u56fe05-7-100x100.jpg 100w\" sizes=\"(max-width: 800px) 100vw, 800px\" \/><\/p>\n<p><strong>La psicologia del posizionamento perfetto\u00a0<\/strong>.<\/p>\n<p>Il posizionamento calcolato dei prodotti sul fattore di vendita (POS) \u00e8 una strategia di vendita al dettaglio collaudata da tempo. I clienti in fila sono un mercato ristretto. La loro mente \u00e8 attualmente in \u201cmodalit\u00e0 acquisto\u201d, il che li rende estremamente suscettibili a miglioramenti ben presentati e dell'ultimo minuto. I nostri espositori in acrilico sono stati sviluppati per sfruttare questo momento psicologico. Sollevando gli articoli dal bancone e presentandoli in modo organizzato, attraente e rapidamente accessibile, si elimina l'attrito e si decide di semplificare le cose. Lo stile fluido e moderno regola l'attenzione, attirando l'occhio del cliente direttamente sui prodotti che volete spostare di pi\u00f9, che si tratti di leccornie, caramelle, cosmetici, piccoli dispositivi elettronici o articoli promozionali.<\/p>\n<p><strong>Prodotto superiore, impressione indimenticabile\u00a0<\/strong>.<\/p>\n<p>La base dei nostri supporti per schermi \u00e8 l'acrilico di prima qualit\u00e0. Abbiamo scelto questo materiale per la sua combinazione unica di fascino visivo e robustezza.<\/p>\n<ul>\n<li><strong>Lucentezza visiva:\u00a0<\/strong>A differenza della plastica a basso costo, l'acrilico possiede una qualit\u00e0 cristallina, simile al vetro, che dimostra raffinatezza. L'acrilico rosso traslucido che si vede nelle foto mostra come la tonalit\u00e0 possa essere utilizzata per produrre un'efficace dichiarazione del marchio. Cattura la luce, aggiunge un tocco di energia vibrante al bancone e si allinea all'identificazione del marchio. La finitura lucida conferisce una sensazione di alto livello che eleva il valore percepito dei prodotti che contiene.<\/li>\n<li><strong>Straordinaria tenacia:\u00a0<\/strong>Pur avendo un aspetto elegante come il vetro, l'acrilico \u00e8 molto pi\u00f9 durevole e resistente ai frantumi. Questo lo rende un'opzione molto pi\u00f9 sicura e sensata per un ambiente di vendita al dettaglio attivo. Resiste agli urti quotidiani di un'area di copertura per contanti ad alto traffico senza scheggiarsi o spaccarsi, garantendo un aspetto duraturo ed esperto.<\/li>\n<li><strong>Leggero e versatile:\u00a0<\/strong>Nonostante la sua resistenza, l'acrilico \u00e8 leggero e consente di riposizionare comodamente l'espositore in base alle esigenze per ottimizzare il formato del banco o per far funzionare diversi articoli.<\/li>\n<\/ul>\n<p><img decoding=\"async\" class=\"aligncenter wp-image-1206 size-full\" src=\"https:\/\/customacrylicproduct.com\/wp-content\/uploads\/2025\/07\/\u4e3b\u56fe04-3.jpg\" alt=\"Display acrilico personalizzato\" width=\"800\" height=\"800\" srcset=\"https:\/\/customacrylicproduct.com\/wp-content\/uploads\/2025\/07\/\u4e3b\u56fe04-3.jpg 800w, https:\/\/customacrylicproduct.com\/wp-content\/uploads\/2025\/07\/\u4e3b\u56fe04-3-300x300.jpg 300w, https:\/\/customacrylicproduct.com\/wp-content\/uploads\/2025\/07\/\u4e3b\u56fe04-3-150x150.jpg 150w, https:\/\/customacrylicproduct.com\/wp-content\/uploads\/2025\/07\/\u4e3b\u56fe04-3-768x768.jpg 768w, https:\/\/customacrylicproduct.com\/wp-content\/uploads\/2025\/07\/\u4e3b\u56fe04-3-600x600.jpg 600w, https:\/\/customacrylicproduct.com\/wp-content\/uploads\/2025\/07\/\u4e3b\u56fe04-3-100x100.jpg 100w\" sizes=\"(max-width: 800px) 100vw, 800px\" \/><\/p>\n<p><strong>Stile intelligente, su misura per le vostre esigenze\u00a0<\/strong>.<\/p>\n<p>La nostra collezione di foto mostra la straordinaria convenienza delle nostre capacit\u00e0 stilistiche. Siamo consapevoli che una taglia non va bene per tutti.<\/p>\n<ul>\n<li><strong>Design a livelli e ad angolo (figure 1 e 2):\u00a0<\/strong>Questo stile vivace \u00e8 caratterizzato da diverse aliquote inclinate che scendono verso il basso. Questa disposizione intelligente fa s\u00ec che ogni articolo, dalla prima fila al fondo, sia completamente visibile al cliente. L'angolazione rende naturale per i clienti entrare e prendere in mano un articolo, incoraggiando la comunicazione. I profili laterali possono essere tagliati su misura in forme diverse, come i supporti arrotondati mostrati, aggiungendo un tocco stilistico distintivo.<\/li>\n<li><strong>Design della scatola ribaltata (immagini 3 e 4):\u00a0<\/strong>Questo design classico ma molto affidabile utilizza una struttura a gradini all'interno di una struttura pulita simile a una scatola. \u00c8 eccellente per disporre in modo ordinato articoli di dimensioni uniformi, come le buste di caramelle illustrate. Questo stile massimizza la densit\u00e0 dei prodotti in un impatto compatto, mantenendo pulito il bancone e contenendo una quantit\u00e0 significativa di scorte. La piastra posteriore alta funge da eccellente tela per un marchio famoso.<\/li>\n<\/ul>\n<p><img decoding=\"async\" class=\"aligncenter wp-image-1204 size-full\" src=\"https:\/\/customacrylicproduct.com\/wp-content\/uploads\/2025\/07\/\u4e3b\u56fe02-3.jpg\" alt=\"Display acrilico personalizzato\" width=\"800\" height=\"800\" srcset=\"https:\/\/customacrylicproduct.com\/wp-content\/uploads\/2025\/07\/\u4e3b\u56fe02-3.jpg 800w, https:\/\/customacrylicproduct.com\/wp-content\/uploads\/2025\/07\/\u4e3b\u56fe02-3-300x300.jpg 300w, https:\/\/customacrylicproduct.com\/wp-content\/uploads\/2025\/07\/\u4e3b\u56fe02-3-150x150.jpg 150w, https:\/\/customacrylicproduct.com\/wp-content\/uploads\/2025\/07\/\u4e3b\u56fe02-3-768x768.jpg 768w, https:\/\/customacrylicproduct.com\/wp-content\/uploads\/2025\/07\/\u4e3b\u56fe02-3-600x600.jpg 600w, https:\/\/customacrylicproduct.com\/wp-content\/uploads\/2025\/07\/\u4e3b\u56fe02-3-100x100.jpg 100w\" sizes=\"(max-width: 800px) 100vw, 800px\" \/><\/p>\n<p><strong>Personalizzazione: Il vostro marchio, in primo piano\u00a0<\/strong>.<\/p>\n<p>La vera forza dei nostri espositori per schermi si basa sulla loro completa personalizzazione. Ci confrontiamo con voi per produrre un espositore che sia una vera e propria espansione dell'identificazione del vostro marchio.<\/p>\n<ul>\n<li><strong>Design del logo e integrazione del motto:\u00a0<\/strong>Come si \u00e8 visto con il logo \u201c\u5bbe\u4e4b\u90ce\u201d (Container Zhi Lang) e con lo slogan \u201c\u7528\u5fc3\u505a\u597d\u6bcf1\u53e3\u69df\u6994\u201d (Preparare con cura ogni oggetto in noce di betel), siamo in grado di integrare perfettamente il vostro marchio direttamente sullo schermo. Grazie alla stampa ad alta risoluzione, il vostro logo, il vostro marchio e i vostri messaggi di marketing vengono presentati in modo nitido e corretto, rafforzando il riconoscimento del marchio nel punto di svolta dell'insediamento.<\/li>\n<li><strong>Abbinamento dei colori:\u00a0<\/strong>Anche se il rosso dinamico \u00e8 attraente, possiamo generare il vostro schermo in qualsiasi tonalit\u00e0 dello spettro Pantone. Sia che abbiate bisogno di un nero elegante, di un bianco pulito o di una tonalit\u00e0 specifica dello schema di colori della vostra azienda, vi garantiamo una perfetta coerenza.<\/li>\n<li><strong>Capacit\u00e0 e formazione personalizzate:\u00a0<\/strong>Personalizziamo la dimensione, la forma e la variet\u00e0 degli scomparti per adattarli perfettamente al vostro prodotto specifico e all'area del banco. Che si tratti di piccoli balsami per labbra rotondi, di biglietti da visita di livello o di snack imbustati, svilupperemo gli scomparti in modo che si adattino perfettamente al vostro prodotto.<\/li>\n<\/ul>\n<p><strong>Applicazioni illimitate in tutti i settori\u00a0<\/strong>.<\/p>\n<p>Questi funzionali schermi da banco per cucina sono il servizio adatto per una vasta gamma di organizzazioni:.<\/p>\n<ul>\n<li><strong>Negozi e supermercati:\u00a0<\/strong>Per mostrare gomme da masticare, mentine, deliziose tavolette di cioccolato, meno pesanti, e dolcetti monodose.<\/li>\n<li><strong>Caff\u00e8 e panetterie:\u00a0<\/strong>Perfetto per esporre biscotti confezionati, biglietti d'impegno, bustine di zucchero o piccoli sacchetti di caff\u00e8.<\/li>\n<li><strong>Boutique e saloni:\u00a0<\/strong>Smalti per unghie, balsami per labbra, lozioni da viaggio e altri piccoli accessori di richiamo.<\/li>\n<li><strong>Farmacie:\u00a0<\/strong>Sistemate gli articoli da toilette in formato prova, i disinfettanti per le mani e gli acquisti d'impulso senza prescrizione medica.<\/li>\n<li><strong>Dispositivi elettronici Negozi:\u00a0<\/strong>Sistemate con cura piccoli oggetti come cavi per la fatturazione, situazioni telefoniche e unit\u00e0 flash.<\/li>\n<\/ul>\n<p><strong>Acquistare un rappresentante di vendita silenzioso\u00a0<\/strong>.<\/p>\n<p>Smettete di lasciare che la vostra area di vendita al dettaglio pi\u00f9 vantaggiosa venga sottoutilizzata. Una comune rastrelliera in filo di ferro o una pila disordinata di prodotti trasmettono un messaggio di mancanza di organizzazione. Il nostro espositore acrilico personalizzato \u00e8 un investimento finanziario fondamentale che vi avvantaggia continuamente. \u00c8 un venditore silenzioso che organizza, presenta, marca e vende, il tutto da un ingombro portatile. \u00c8 facile da riordinare, costruito per durare nel tempo e sviluppato per fornire un ritorno misurabile aumentando le vendite d'impulso e migliorando l'esperienza d'acquisto totale dei vostri clienti.<\/p>\n<p>Elevate il vostro marchio e potenziate le vostre vendite. Chiamateci oggi stesso per iniziare a progettare un registratore di cassa in acrilico personalizzato che catturi perfettamente l'essenza del vostro marchio e produca risultati sostanziali.<\/p>","protected":false},"excerpt":{"rendered":"<p class=\"ng-star-inserted\"><span class=\"ng-star-inserted\">Aumentate gli acquisti d'impulso con un espositore in acrilico personalizzato per il vostro registratore di cassa. Questo scaffale resistente e accattivante organizza ordinatamente i piccoli prodotti nel punto vendita. Completamente personalizzabile con il logo e i colori del vostro marchio per migliorare la visibilit\u00e0 e promuovere le vendite.<\/span><\/p>","protected":false},"featured_media":1207,"template":"","meta":{"_kad_post_transparent":"default","_kad_post_title":"","_kad_post_layout":"default","_kad_post_sidebar_id":"","_kad_post_content_style":"default","_kad_post_vertical_padding":"default","_kad_post_feature":"","_kad_post_feature_position":"","_kad_post_header":false,"_kad_post_footer":false,"_kad_post_classname":""},"product_brand":[],"product_cat":[15],"product_tag":[110,109],"class_list":{"0":"post-1202","1":"product","2":"type-product","3":"status-publish","4":"has-post-thumbnail","6":"product_cat-custom-acrylic-displays","7":"product_tag-custom-acrylic","8":"product_tag-display","10":"first","11":"instock","12":"shipping-taxable","13":"product-type-simple","14":"entry","15":"content-bg","16":"loop-entry"},"_links":{"self":[{"href":"https:\/\/customacrylicproduct.com\/it\/wp-json\/wp\/v2\/product\/1202","targetHints":{"allow":["GET"]}}],"collection":[{"href":"https:\/\/customacrylicproduct.com\/it\/wp-json\/wp\/v2\/product"}],"about":[{"href":"https:\/\/customacrylicproduct.com\/it\/wp-json\/wp\/v2\/types\/product"}],"wp:featuredmedia":[{"embeddable":true,"href":"https:\/\/customacrylicproduct.com\/it\/wp-json\/wp\/v2\/media\/1207"}],"wp:attachment":[{"href":"https:\/\/customacrylicproduct.com\/it\/wp-json\/wp\/v2\/media?parent=1202"}],"wp:term":[{"taxonomy":"product_brand","embeddable":true,"href":"https:\/\/customacrylicproduct.com\/it\/wp-json\/wp\/v2\/product_brand?post=1202"},{"taxonomy":"product_cat","embeddable":true,"href":"https:\/\/customacrylicproduct.com\/it\/wp-json\/wp\/v2\/product_cat?post=1202"},{"taxonomy":"product_tag","embeddable":true,"href":"https:\/\/customacrylicproduct.com\/it\/wp-json\/wp\/v2\/product_tag?post=1202"}],"curies":[{"name":"wp","href":"https:\/\/api.w.org\/{rel}","templated":true}]}}