{"id":1213,"date":"2025-07-18T02:07:09","date_gmt":"2025-07-18T02:07:09","guid":{"rendered":"https:\/\/customacrylicproduct.com\/?post_type=product&#038;p=1213"},"modified":"2025-07-22T08:29:05","modified_gmt":"2025-07-22T08:29:05","slug":"highly-transparent-acrylic-sheet-processing-plastic-sheet-custom","status":"publish","type":"product","link":"https:\/\/customacrylicproduct.com\/it\/highly-transparent-acrylic-sheet-processing-plastic-sheet-custom\/","title":{"rendered":"Strato acrilico altamente trasparente che elabora lo strato di plastica su ordinazione"},"content":{"rendered":"<h3 id=\"-the-ultimate-option-for-clearness-longevity-and-layout-highly-transparent-customized-acrylic-sheets-\"><strong>L'opzione definitiva per chiarezza, durata e layout: Lastre acriliche personalizzate altamente trasparenti<\/strong><\/h3>\n<p>In un mondo guidato dallo sviluppo, dall'aspetto e dall'efficienza, la scelta del materiale pu\u00f2 determinare il successo di un'attivit\u00e0. Da elementi architettonici di grande impatto e bellissimi schermi per la vendita al dettaglio a robusti elementi commerciali e dettagliate opere d'arte, la richiesta di un prodotto che fornisca fascino ed energia non \u00e8 mai stata cos\u00ec grande. Siamo onorati di offrire l'opzione definitiva: le nostre lastre acriliche trasparenti di prima qualit\u00e0, supportate da una serie dettagliata di servizi di movimentazione e produzione personalizzati.<\/p>\n<p>Il nostro articolo \u00e8 pi\u00f9 di una semplice lastra di plastica: \u00e8 una tela bianca per la vostra creativit\u00e0, realizzata per fare e progettata per motivare. Come dimostrano la nostra fornitura completa e gli esempi di precisione, forniamo un ponte senza soluzione di continuit\u00e0 tra il vostro concetto e una spettacolare realt\u00e0 fisica.<\/p>\n<p><img fetchpriority=\"high\" decoding=\"async\" class=\"aligncenter wp-image-1217 size-full\" src=\"https:\/\/customacrylicproduct.com\/wp-content\/uploads\/2025\/07\/O1CN01LUmO5Y2D4hSeFRhoU_2208409208556-0-cib.jpg\" alt=\"Lastra acrilica\" width=\"800\" height=\"800\" srcset=\"https:\/\/customacrylicproduct.com\/wp-content\/uploads\/2025\/07\/O1CN01LUmO5Y2D4hSeFRhoU_2208409208556-0-cib.jpg 800w, https:\/\/customacrylicproduct.com\/wp-content\/uploads\/2025\/07\/O1CN01LUmO5Y2D4hSeFRhoU_2208409208556-0-cib-300x300.jpg 300w, https:\/\/customacrylicproduct.com\/wp-content\/uploads\/2025\/07\/O1CN01LUmO5Y2D4hSeFRhoU_2208409208556-0-cib-150x150.jpg 150w, https:\/\/customacrylicproduct.com\/wp-content\/uploads\/2025\/07\/O1CN01LUmO5Y2D4hSeFRhoU_2208409208556-0-cib-768x768.jpg 768w, https:\/\/customacrylicproduct.com\/wp-content\/uploads\/2025\/07\/O1CN01LUmO5Y2D4hSeFRhoU_2208409208556-0-cib-600x600.jpg 600w, https:\/\/customacrylicproduct.com\/wp-content\/uploads\/2025\/07\/O1CN01LUmO5Y2D4hSeFRhoU_2208409208556-0-cib-100x100.jpg 100w\" sizes=\"(max-width: 800px) 100vw, 800px\" \/><\/p>\n<h4 id=\"-unparalleled-optical-clarity-a-window-to-excellence-\"><strong>Chiarezza ottica senza pari: Una finestra sull'eccellenza<\/strong><\/h4>\n<p>Il segno distintivo delle nostre lastre acriliche \u00e8 la loro eccezionale trasparenza, simile a quella del vetro. Realizzate in polimetilmetacrilato (PMMA) vergine da 100%, le nostre lastre vantano un passaggio di luce di oltre 92%, che determina una visione cristallina e priva di distorsioni che le rende esteticamente paragonabili al miglior vetro ottico. Questa qualit\u00e0 luminosa garantisce che i vostri progetti, prodotti o espositori siano presentati nella loro luce pi\u00f9 vera, senza il colore verde spesso associato al vetro di base. Sia che stiate realizzando una vetrina di livello museale che offra una visione senza ostacoli di un manufatto prezioso, sia che stiate realizzando una balaustra liscia e contemporanea, il nostro acrilico offre l'eccellente trasparenza di cui il vostro compito \u00e8 degno.<\/p>\n<p>La prima immagine, che mostra un blocco di acrilico spesso e perfettamente lucido, \u00e8 una testimonianza di questa alta qualit\u00e0. I bordi sono lucidati al diamante con una finitura a specchio, a dimostrazione non solo della brillantezza integrale del materiale, ma anche della nostra capacit\u00e0 di fornire un prodotto notevole dal nucleo alla superficie.<\/p>\n<p><img decoding=\"async\" class=\"aligncenter wp-image-1215 size-full\" src=\"https:\/\/customacrylicproduct.com\/wp-content\/uploads\/2025\/07\/20247715544_1456577355.jpg\" alt=\"Lastra acrilica\" width=\"800\" height=\"800\" srcset=\"https:\/\/customacrylicproduct.com\/wp-content\/uploads\/2025\/07\/20247715544_1456577355.jpg 800w, https:\/\/customacrylicproduct.com\/wp-content\/uploads\/2025\/07\/20247715544_1456577355-300x300.jpg 300w, https:\/\/customacrylicproduct.com\/wp-content\/uploads\/2025\/07\/20247715544_1456577355-150x150.jpg 150w, https:\/\/customacrylicproduct.com\/wp-content\/uploads\/2025\/07\/20247715544_1456577355-768x768.jpg 768w, https:\/\/customacrylicproduct.com\/wp-content\/uploads\/2025\/07\/20247715544_1456577355-600x600.jpg 600w, https:\/\/customacrylicproduct.com\/wp-content\/uploads\/2025\/07\/20247715544_1456577355-100x100.jpg 100w\" sizes=\"(max-width: 800px) 100vw, 800px\" \/><\/p>\n<h4 id=\"-the-power-of-customization-precision-engineered-for-your-requirements-\"><strong>Il potere della personalizzazione: Progettato con precisione per le vostre esigenze<\/strong><\/h4>\n<p>Siamo consapevoli che una dimensione non si adatta quasi mai a tutti. La vera forza della nostra offerta risiede nelle nostre avanzate capacit\u00e0 di manipolazione e personalizzazione. Le lastre standard sono solo l'inizio. Il nostro centro all'avanguardia, rappresentato da un magazzino ben fornito e ordinato, \u00e8 attrezzato per trasformare le lastre acriliche grezze in elementi su misura per le vostre esigenze.<\/p>\n<p><img decoding=\"async\" class=\"aligncenter wp-image-1216 size-full\" src=\"https:\/\/customacrylicproduct.com\/wp-content\/uploads\/2025\/07\/20329025579_1456577355.jpg\" alt=\"Lastra acrilica\" width=\"800\" height=\"800\" srcset=\"https:\/\/customacrylicproduct.com\/wp-content\/uploads\/2025\/07\/20329025579_1456577355.jpg 800w, https:\/\/customacrylicproduct.com\/wp-content\/uploads\/2025\/07\/20329025579_1456577355-300x300.jpg 300w, https:\/\/customacrylicproduct.com\/wp-content\/uploads\/2025\/07\/20329025579_1456577355-150x150.jpg 150w, https:\/\/customacrylicproduct.com\/wp-content\/uploads\/2025\/07\/20329025579_1456577355-768x768.jpg 768w, https:\/\/customacrylicproduct.com\/wp-content\/uploads\/2025\/07\/20329025579_1456577355-600x600.jpg 600w, https:\/\/customacrylicproduct.com\/wp-content\/uploads\/2025\/07\/20329025579_1456577355-100x100.jpg 100w\" sizes=\"(max-width: 800px) 100vw, 800px\" \/><\/p>\n<p>Le nostre soluzioni di lavorazione personalizzate consistono in:.<\/p>\n<ul>\n<li><strong>Precisione del taglio a misura:\u00a0<\/strong>Utilizzando avanzati router CNC e taglierine laser, siamo in grado di tagliare lastre di qualsiasi forma o dimensione con una precisione impressionante e tolleranze limitate. Questo garantisce un prodotto ideale per ogni applicazione, dai semplici pannelli a forma di rettangolo alle parti pi\u00f9 complesse e intrecciate.<\/li>\n<li><strong>Finitura laterale specializzata:\u00a0<\/strong>Un lato rifinito eleva l'intero articolo. Offriamo una variet\u00e0 di opzioni di finitura, che consistono in bordi tagliati a sega, rivestimenti opachi e lisci, e la popolarissima lucidatura a fuoco e al diamante per un bordo lucido e trasparente che registra e rifrange magnificamente la luce.<\/li>\n<li><strong>Foratura, fresatura e lavorazione:\u00a0<\/strong>\u00c8 necessario installare fori, svasature o ritagli complessi? Le nostre soluzioni di lavorazione di precisione sono in grado di adattarsi a progetti complessi, garantendo ai vostri componenti acrilici un'installazione e una combinazione rapide.<\/li>\n<li><strong>Piegatura e termoformatura:\u00a0<\/strong>La natura termoplastica dell'acrilico consente di riscaldarlo e di modellarlo in qualsiasi forma. Possiamo creare curve di classe per l'arredamento, supporti per schermi inclinati su misura o cupole e schermi protettivi, aprendo un mondo di possibilit\u00e0 di design tridimensionale.<\/li>\n<li><strong>Incisione e stampa:\u00a0<\/strong>Date un nome ai vostri elementi con loghi incisi al laser, numeri di parte o motivi accattivanti. Possiamo inoltre offrire la stampa diretta su superficie ad alta risoluzione per grafiche e insegne a colori.<\/li>\n<li><strong>Incollaggio e laminazione:\u00a0<\/strong>Per le applicazioni che richiedono una notevole densit\u00e0, come le superfici delle pareti degli acquari o le vetrate di sicurezza, possiamo incollare abilmente pi\u00f9 lastre tra loro per ottenere un blocco unico, liscio e incredibilmente resistente.<\/li>\n<\/ul>\n<h4 id=\"-stamina-resilience-and-versatility-in-one-plan-\"><strong>Resistenza, capacit\u00e0 di recupero e versatilit\u00e0 in un unico piano<\/strong><\/h4>\n<p>Le nostre lastre acriliche rivaleggiano con il vetro in termini di trasparenza, ma lo superano di gran lunga in termini di resistenza e sicurezza. Con una resistenza agli urti fino a 17 volte superiore a quella del vetro convenzionale, le nostre lastre sono praticamente infrangibili e rappresentano l'opzione ideale per spazi pubblici ad alto traffico, ostacoli protettivi e ambienti sicuri per i bambini.<\/p>\n<p>Inoltre, il nostro polimero \u00e8 progettato per durare a lungo. Possiede un'eccezionale resistenza agli agenti atmosferici e stabilit\u00e0 ai raggi UV, che gli consentono di non ingiallire e di non indebolirsi se esposto agli agenti atmosferici, rendendolo eccellente sia per gli interni che per gli esterni. La sua leggerezza - circa la met\u00e0 del peso del vetro - semplifica il trasporto, la movimentazione e l'installazione, riducendo la richiesta di tonnellate architettoniche e i prezzi della manodopera.<\/p>\n<p>Le foto del nostro magazzino, che mostrano pile consistenti di lastre trasparenti e opaline\/bianche, evidenziano la flessibilit\u00e0 del nostro stock. Forniamo un'ampia gamma di spessori, dalle lastre sottili da 2 mm per le sovrapposizioni ai blocchi spessi oltre 100 mm per uso strutturale e creativo. Oltre al trasparente, forniamo uno spettro di finiture composto da:.<\/p>\n<ul>\n<li><strong>Opale\/Bianco:\u00a0<\/strong>Adatto per la diffusione della luce in lightbox e insegne luminose.<\/li>\n<li><strong>Smerigliato\/opaco:\u00a0<\/strong>Perfetto per schermi per la privacy, pannelli decorativi e per abbassare il bagliore.<\/li>\n<li><strong>Tinte e colori:\u00a0<\/strong>Disponibile in un arcobaleno di colori trasparenti, traslucidi e opachi per adattarsi a qualsiasi tipo di design.<\/li>\n<\/ul>\n<h4 id=\"-endless-applications-across-every-sector-\"><strong>Infinite applicazioni in ogni settore<\/strong><\/h4>\n<p>Il mix unico di qualit\u00e0, longevit\u00e0 e personalizzazione rende le nostre lastre acriliche il materiale preferito per una grande variet\u00e0 di applicazioni.<\/p>\n<ul>\n<li><strong>Architettura e decorazione d'interni:\u00a0<\/strong>Balaustre, scale, divisori, lucernari, ostacoli acustici e arredi personalizzati.<\/li>\n<li><strong>Vendita al dettaglio e fattore di vendita:\u00a0<\/strong>Schermi, scaffali, coordinatori cosmetici, alzatine e \u201cparastinchi\u201d di sicurezza per prodotti di alta gamma.<\/li>\n<li><strong>Segnaletica e branding:\u00a0<\/strong>Lettere di rete illuminate, design di loghi aziendali, sistemi di wayfinding e superfici murali retroilluminate.<\/li>\n<li><strong>Arte e musei:\u00a0<\/strong>Vitrines e casi attuali, cornici, supporti e come mezzo per la scultura.<\/li>\n<li><strong>Industriale e manifatturiero:\u00a0<\/strong>Protezioni per apparecchiature, vetri panoramici, coperture per apparecchiature, pannelli di controllo e prototipazione.<\/li>\n<li><strong>Progetti di bricolage e hobbistica:\u00a0<\/strong>Realizzazione di vasche e terrari su misura, modifiche di istanze informatiche, scaffalature e decorazioni creative per la casa.<\/li>\n<\/ul>\n<h4 id=\"-your-relied-on-companion-from-concept-to-conclusion-\"><strong>Il vostro compagno di fiducia dal concetto alla conclusione<\/strong><\/h4>\n<p>Quando scegliete noi, non state semplicemente acquistando un articolo, ma un compagno dedicato alla qualit\u00e0 e al servizio. Le nostre operazioni, dall'approvvigionamento delle migliori risorse all'imballaggio accurato dei componenti finiti su pallet per un trasporto senza rischi, sono regolate da rigorosi requisiti di controllo della qualit\u00e0. Ogni foglio \u00e8 protetto da una pellicola PE peel-off o da una mascheratura in carta per garantire che arrivi alla vostra struttura in condizioni perfette, privo di graffi e pronto all'uso.<\/p>\n<p>Lasciate che vi aiutiamo a dare vita alla vostra visione. Contattate oggi stesso il nostro gruppo di specialisti con i vostri disegni, le dimensioni e le richieste di lavoro. Lavoreremo con voi per selezionare il prodotto migliore e vi forniremo un preventivo completo per i nostri servizi di lavorazione personalizzata.<\/p>\n<p><strong>Provate la chiara distinzione. La vostra visione, il nostro materiale, una partnership perfetta.\u00a0<\/strong>.<\/p>","protected":false},"excerpt":{"rendered":"<p class=\"ng-star-inserted\"><strong class=\"ng-star-inserted\"><span class=\"ng-star-inserted\">Opzione 1 (concentrarsi sulla chiarezza e sul servizio):<\/span><\/strong><br class=\"ng-star-inserted\" \/><span class=\"ng-star-inserted\">Sperimentate una chiarezza superiore, simile al vetro, con le nostre lastre acriliche. Offriamo taglio, lavorazione e fabbricazione personalizzati per soddisfare le vostre esatte specifiche. Durevoli e versatili per qualsiasi progetto.<\/span><\/p>\n<p class=\"ng-star-inserted\"><strong class=\"ng-star-inserted\"><span class=\"ng-star-inserted\">Opzione 2 (diretta e concisa):<\/span><\/strong><br class=\"ng-star-inserted\" \/><span class=\"ng-star-inserted\">Lastre di plastica acrilica premium, altamente trasparenti. Disponibili in vari spessori e tagliati su misura. Perfette per esposizioni, barriere protettive e lavorazioni creative.<\/span><\/p>\n<p class=\"ng-star-inserted\"><strong class=\"ng-star-inserted\"><span class=\"ng-star-inserted\">Opzione 3 (orientata ai benefici):<\/span><\/strong><br class=\"ng-star-inserted\" \/><span class=\"ng-star-inserted\">Liberate il vostro potenziale progettuale con le nostre lastre acriliche cristalline. Offrendo una trasparenza e una durata eccezionali, forniamo lavorazioni personalizzate per una finitura sempre perfetta.<\/span><\/p>","protected":false},"featured_media":1217,"template":"","meta":{"_kad_post_transparent":"default","_kad_post_title":"","_kad_post_layout":"default","_kad_post_sidebar_id":"","_kad_post_content_style":"default","_kad_post_vertical_padding":"default","_kad_post_feature":"","_kad_post_feature_position":"","_kad_post_header":false,"_kad_post_footer":false,"_kad_post_classname":""},"product_brand":[],"product_cat":[24],"product_tag":[113,112],"class_list":{"0":"post-1213","1":"product","2":"type-product","3":"status-publish","4":"has-post-thumbnail","6":"product_cat-custom-acrylic-sheets","7":"product_tag-acrylic-sheet","8":"product_tag-highly-transparent","10":"first","11":"instock","12":"shipping-taxable","13":"product-type-simple","14":"entry","15":"content-bg","16":"loop-entry"},"_links":{"self":[{"href":"https:\/\/customacrylicproduct.com\/it\/wp-json\/wp\/v2\/product\/1213","targetHints":{"allow":["GET"]}}],"collection":[{"href":"https:\/\/customacrylicproduct.com\/it\/wp-json\/wp\/v2\/product"}],"about":[{"href":"https:\/\/customacrylicproduct.com\/it\/wp-json\/wp\/v2\/types\/product"}],"wp:featuredmedia":[{"embeddable":true,"href":"https:\/\/customacrylicproduct.com\/it\/wp-json\/wp\/v2\/media\/1217"}],"wp:attachment":[{"href":"https:\/\/customacrylicproduct.com\/it\/wp-json\/wp\/v2\/media?parent=1213"}],"wp:term":[{"taxonomy":"product_brand","embeddable":true,"href":"https:\/\/customacrylicproduct.com\/it\/wp-json\/wp\/v2\/product_brand?post=1213"},{"taxonomy":"product_cat","embeddable":true,"href":"https:\/\/customacrylicproduct.com\/it\/wp-json\/wp\/v2\/product_cat?post=1213"},{"taxonomy":"product_tag","embeddable":true,"href":"https:\/\/customacrylicproduct.com\/it\/wp-json\/wp\/v2\/product_tag?post=1213"}],"curies":[{"name":"wp","href":"https:\/\/api.w.org\/{rel}","templated":true}]}}